{"id":282463,"date":"2023-03-30T12:15:09","date_gmt":"2023-03-30T10:15:09","guid":{"rendered":"https:\/\/www.focolare.org\/quienes-somos\/archivo-general\/"},"modified":"2026-01-30T10:15:40","modified_gmt":"2026-01-30T09:15:40","slug":"archivo-general","status":"publish","type":"page","link":"https:\/\/www.focolare.org\/es\/quienes-somos\/archivo-general\/","title":{"rendered":"Archivo General"},"content":{"rendered":"<p>[et_pb_section fb_built=\u00bb1&#8243; custom_padding_last_edited=\u00bbon|phone\u00bb _builder_version=\u00bb4.22.2&#8243; _module_preset=\u00bbdefault\u00bb background_enable_color=\u00bboff\u00bb background_image=\u00bbhttps:\/\/www.focolare.org\/wp-content\/uploads\/2023\/09\/Archivio_Generale.jpg\u00bb width=\u00bb100%\u00bb max_width=\u00bb100%\u00bb min_height=\u00bb600px\u00bb min_height_tablet=\u00bb600px\u00bb min_height_phone=\u00bb600px\u00bb min_height_last_edited=\u00bbon|phone\u00bb height=\u00bb600px\u00bb height_tablet=\u00bb600px\u00bb height_phone=\u00bb600px\u00bb height_last_edited=\u00bbon|phone\u00bb max_height=\u00bb600px\u00bb custom_margin=\u00bb0px||0px||false|false\u00bb custom_margin_tablet=\u00bb0px||0px||false|false\u00bb custom_margin_phone=\u00bb||0px||false|false\u00bb custom_margin_last_edited=\u00bbon|phone\u00bb custom_padding=\u00bb0px||0px||true|false\u00bb custom_padding_tablet=\u00bb10%||10%||true|false\u00bb custom_padding_phone=\u00bb20%||20%||true|false\u00bb bottom_divider_color=\u00bb#3FA3D6&#8243; bottom_divider_repeat=\u00bb1x\u00bb bottom_divider_flip=\u00bbhorizontal\u00bb locked=\u00bboff\u00bb global_colors_info=\u00bb{}\u00bb][et_pb_row _builder_version=\u00bb4.21.0&#8243; _module_preset=\u00bbdefault\u00bb global_colors_info=\u00bb{}\u00bb][et_pb_column type=\u00bb4_4&#8243; _builder_version=\u00bb4.21.0&#8243; _module_preset=\u00bbdefault\u00bb global_colors_info=\u00bb{}\u00bb][\/et_pb_column][\/et_pb_row][\/et_pb_section][et_pb_section fb_built=\u00bb1&#8243; custom_padding_last_edited=\u00bbon|phone\u00bb _builder_version=\u00bb4.21.0&#8243; _module_preset=\u00bbdefault\u00bb custom_margin=\u00bb||||false|false\u00bb custom_padding=\u00bb||3%||false|false\u00bb custom_padding_tablet=\u00bb||4%||false|false\u00bb custom_padding_phone=\u00bb||20%||false|false\u00bb top_divider_style=\u00bbramp\u00bb top_divider_color=\u00bb#3FA3D6&#8243; top_divider_height=\u00bb150px\u00bb top_divider_repeat=\u00bb1x\u00bb top_divider_flip=\u00bbhorizontal\u00bb bottom_divider_style=\u00bbramp\u00bb bottom_divider_color=\u00bb#FFB300&#8243; bottom_divider_height=\u00bb150px\u00bb bottom_divider_repeat=\u00bb1x\u00bb bottom_divider_flip=\u00bbhorizontal\u00bb locked=\u00bboff\u00bb global_colors_info=\u00bb{}\u00bb][et_pb_row _builder_version=\u00bb4.21.0&#8243; _module_preset=\u00bbdefault\u00bb custom_margin=\u00bb0px||0px||false|false\u00bb custom_margin_tablet=\u00bb0px||0px||false|false\u00bb custom_margin_phone=\u00bb-5%||||false|false\u00bb custom_margin_last_edited=\u00bbon|phone\u00bb custom_padding=\u00bb0px||0px||false|false\u00bb global_colors_info=\u00bb{}\u00bb][et_pb_column type=\u00bb4_4&#8243; _builder_version=\u00bb4.21.0&#8243; _module_preset=\u00bbdefault\u00bb global_colors_info=\u00bb{}\u00bb][et_pb_text _builder_version=\u00bb4.22.2&#8243; _module_preset=\u00bbdefault\u00bb header_font=\u00bb|600|||||||\u00bb header_text_align=\u00bbcenter\u00bb header_text_color=\u00bb#FFFFFF\u00bb header_font_size=\u00bb40px\u00bb custom_margin=\u00bb||3%||false|false\u00bb custom_margin_tablet=\u00bb||0px||false|false\u00bb custom_margin_phone=\u00bb||||false|false\u00bb custom_margin_last_edited=\u00bbon|phone\u00bb custom_padding=\u00bb||||false|false\u00bb global_colors_info=\u00bb{}\u00bb]<\/p>\n<h1>Archivo General<\/h1>\n<p>[\/et_pb_text][\/et_pb_column][\/et_pb_row][\/et_pb_section][et_pb_section fb_built=\u00bb1&#8243; _builder_version=\u00bb4.20.2&#8243; _module_preset=\u00bbdefault\u00bb global_colors_info=\u00bb{}\u00bb][et_pb_row column_structure=\u00bb1_2,1_2&#8243; use_custom_gutter=\u00bbon\u00bb _builder_version=\u00bb4.20.2&#8243; _module_preset=\u00bbdefault\u00bb max_width=\u00bb80%\u00bb global_colors_info=\u00bb{}\u00bb][et_pb_column type=\u00bb1_2&#8243; _builder_version=\u00bb4.20.2&#8243; _module_preset=\u00bbdefault\u00bb global_colors_info=\u00bb{}\u00bb][et_pb_text _builder_version=\u00bb4.25.2&#8243; _module_preset=\u00bbdefault\u00bb global_colors_info=\u00bb{}\u00bb]<\/p>\n<h2 class=\"vc_custom_heading vc_custom_1592561110274\"><span>Un recurso cultural y estrat\u00e9gico<\/span><\/h2>\n<p id=\"E185\" class=\"qowt-stl-Titolo1\"><span><strong><span id=\"E186\">El Archivo General del Movimiento de los<\/span> <span id=\"E187\"> <\/span> <span id=\"E188\">Focolares (<\/span> <span id=\"E190\">AGMF<\/span> <span id=\"E192\">) <\/span><\/strong><\/span><span id=\"E193\">conserva, entre los numerosos dep\u00f3sitos en los que est\u00e1 articulado, los<\/span><span id=\"E194\"><span> <\/span>documentos en papel y multimedia<\/span><span id=\"E195\">que se refieren<strong><span> a la<\/span><\/strong><\/span><strong><span><span id=\"E196\">fundadora Chiara<\/span> <span id=\"E197\"> <\/span> <span id=\"E198\">Lubich (1920-2008)<\/span><\/span><\/strong><span id=\"E199\">, la historia del<span> <\/span><span><strong>Movimiento de los<\/strong><\/span><\/span><span id=\"E200\"><span> <\/span><\/span><span id=\"E201\"><span><strong>Focolares<\/strong><\/span>desde su nacimiento hasta hoy y su desarrollo<span> <\/span><\/span><span id=\"E202\">y difusi\u00f3n<span> <\/span><\/span><span id=\"E203\">mundial.<\/span><\/p>\n<p id=\"E204\" class=\"qowt-stl-Titolo1\"><span id=\"E205\">El 25 de junio de 2019<span> <\/span><\/span><span id=\"E206\">la Sobreintendencia archiv\u00edstica<\/span><span id=\"E207\"><span> <\/span>y bibliogr\u00e1fica de la regi\u00f3n de Lazio declar\u00f3 el Archivo<\/span><span id=\"E208\"><span> <\/span><\/span><strong><span><span id=\"E209\">\u00ab<\/span><span id=\"E210\">\u2026<\/span><span id=\"E211\">de inter\u00e9s hist\u00f3rico<\/span><span id=\"E212\"> <\/span><span id=\"E213\">particularmente importante<\/span><span id=\"E214\">\u00ab<\/span><\/span><\/strong><span id=\"E215\"><span> <\/span><\/span><span id=\"E216\">reconoci\u00e9ndole el valor de<\/span><span id=\"E217\"><span> <\/span><\/span><strong><span><span id=\"E218\">\u00ab<\/span><span id=\"E219\">extraordinario testimonio, fuente de nueva inspiraci\u00f3n y vida\u00bb<\/span> <\/span><\/strong><em><span><span id=\"E219\">(<\/span><\/span><span><span id=\"E219\">(De la Declaraci\u00f3n Oficial \u2013 Ministerio para los bienes y las actividades culturales, Direcci\u00f3n general de Archivos, Sobreintendencia archiv\u00edstica y bibliogr\u00e1fica de la regi\u00f3n de Lazio \u2013 Italia. Roma, 25 de junio de 2019) <\/span><\/span><\/em><span id=\"E220\" class=\"qowt-stl-Rimandonotaapidipagina\"><\/span><span id=\"E222\">: el mismo<span> <\/span><\/span><span id=\"E223\">documenta el camino de fraternidad<\/span><span id=\"E224\"><span> <\/span><\/span><span><span id=\"E225\">universal<\/span><\/span><span id=\"E226\">generado por la figura carism\u00e1tica<\/span><span id=\"E227\"><span> <\/span><\/span><span id=\"E228\">Chiara Lubich, de los Cofundadores Igino Giordani y Pasquale Foresi,<span> <\/span><\/span><span id=\"E229\">de los<\/span><span id=\"E230\"><span> <\/span><\/span><span id=\"E231\">primeros colaboradores.<\/span><\/p>\n<p class=\"qowt-stl-Titolo1\"><span id=\"E231\">Testimonia<\/span><span id=\"E232\">,<span> <\/span><\/span><span id=\"E233\">como<\/span><span id=\"E234\"><span> <\/span>centro y eje de una<span> <\/span><\/span><span id=\"E235\">red<span> <\/span><\/span><span id=\"E236\">archivistica global,<span> <\/span><\/span><span id=\"E237\">la original corriente de espiritualidad, vida<\/span><span id=\"E238\"><span> <\/span><\/span><span id=\"E239\">y pensamiento que ha involucard a hombres y<\/span><span id=\"E240\"><span> <\/span><\/span><span id=\"E241\">mujeres de todas las latitudes<\/span><span id=\"E242\">.<\/span><span id=\"E243\"><span> <\/span>Testifica que el<\/span><span id=\"E245\">AGMF<\/span><span id=\"E247\"><span> <\/span>conserva y valora tanto desde la \u00f3ptica de la investigaci\u00f3n hist\u00f3rica que de la perspectiva de la actualizaci\u00f3n y difusi\u00f3n.<\/span><\/p>\n<p id=\"E248\" class=\"qowt-stl-Titolo1\"><strong><span><span id=\"E249\">\u201cEstos documentos \u2013hab\u00eda afirmado Chiara Lubich \u2013 ser\u00e1n tambi\u00e9n en un ma\u00f1ana\u201c<\/span> <span id=\"E251\">la presencia viva de un pasado que ha condicionado el presente<\/span> <span id=\"E252\" class=\"qowt-font4-Calibri\">\u00ab<\/span> <span id=\"E255\">.<\/span><\/span><\/strong><span><span id=\"E255\"><em> (Chiara Lubich, 6 de diciembre 1962)<\/em><\/span><\/span><strong><span><span id=\"E255\"><br \/><\/span><\/span><\/strong><\/p>\n<p>Una p\u00e1gina dedicada al AGMF figura en el<span> <\/span><strong><a href=\"http:\/\/www.sa-lazio.beniculturali.it\/index.php?it\/269\/archivio-generale-del-movimento-dei-focolari-rocca-di-papa-rm\" target=\"_blank\" rel=\"noopener\">sitio MIBAC de los Bienes Culturales<\/a> <span> <\/span><\/strong>(Patrimonio Cultural) de la Superintendencia de Archivos y Bibliograf\u00eda de la Regi\u00f3n de Lazio con la que existe una fruct\u00edfera colaboraci\u00f3n y<span> <\/span><span>en la <strong><a href=\"https:\/\/www.beweb.chiesacattolica.it\/istituticulturali\/istituto\/3729\/Archivio+Generale+del+Movimento+dei+Focolari\" target=\"_blank\" rel=\"noopener\">p\u00e1gina web de los Bienes Culturales<\/a><\/strong> de la Conferencia Episcopal Italiana BeWeb<\/span>.<\/p>\n<p><span><strong>Trabajos de archivo<\/strong><\/span><br \/>Entre los \u00faltimos trabajos realizados en el \u00e1mbito archiv\u00edstico se encuentra el censo del Fondo Pasquale Foresi, con la<span> <\/span><strong><a href=\"https:\/\/www.focolare.org\/download\/116\/italiano\/356406\/ordine-discorsi-archivio.pdf?lang=it\" target=\"_blank\" rel=\"noopener\">reorganizaci\u00f3n de la seire \u201cDiscorsos\u201d<\/a><\/strong>. El proyecto, finalizado en diciembre de 2022, fue \u201crealizado con el apoyo de la Regi\u00f3n del Lacio para Bibliotecas, Museos y Archivos &#8211; Plan Anual 2022, L.R. 24\/2019\u201d.<\/p>\n<p>[\/et_pb_text][\/et_pb_column][et_pb_column type=\u00bb1_2&#8243; _builder_version=\u00bb4.20.2&#8243; _module_preset=\u00bbdefault\u00bb global_colors_info=\u00bb{}\u00bb][et_pb_video src=\u00bbhttps:\/\/youtu.be\/MBWFl-xuPRM\u00bb _builder_version=\u00bb4.25.2&#8243; _module_preset=\u00bbdefault\u00bb global_colors_info=\u00bb{}\u00bb][\/et_pb_video][et_pb_text _builder_version=\u00bb4.20.2&#8243; _module_preset=\u00bbdefault\u00bb header_3_font_size=\u00bb16px\u00bb custom_padding=\u00bb0px||0px||true|false\u00bb global_colors_info=\u00bb{}\u00bb]<\/p>\n<div id=\"aboutus\" class=\"vc_row wpb_row vc_row-fluid vc_custom_1540799645580\">\n<div class=\"wpb_column vc_column_container vc_col-sm-6 vc_col-has-fill\">\n<div class=\"vc_column-inner vc_custom_1594322920150\">\n<div class=\"wpb_wrapper\">\n<div class=\"wpb_text_column wpb_content_element vc_custom_1592562781548 p { margin-bottom: 3px; }\">\n<div class=\"wpb_wrapper\">\n<h3><span><b>\u00bfEst\u00e1s haciendo una investigaci\u00f3n, preparando un congreso, escribiendo un libro o una tesis? \u00bfNecesitas material audiovisual para un documental? Haznos saber qu\u00e9 necesitas.  <\/b><\/span><\/h3>\n<\/div>\n<\/div>\n<\/div>\n<\/div>\n<\/div>\n<\/div>\n<p>[\/et_pb_text][difl_dual_button btn_left_background_bgcolor=\u00bb#FFB300&#8243; btn_left_font_icon=\u00bb&#xe092;||divi||400&#8243; btn_left_icon_color=\u00bb#FFFFFF\u00bb btn_right_background_bgcolor=\u00bb#3FA3D6&#8243; btn_right_font_icon=\u00bb&#xe092;||divi||400&#8243; btn_right_icon_color=\u00bb#FFFFFF\u00bb left_button=\u00bbReglamento del Archivo General\u00bb left_button_url=\u00bbhttps:\/\/www.focolare.org\/wp-content\/uploads\/2026\/01\/CPS-AG-20251015-REGLAMENTOAGMF-def-ES.pdf\u00bb left_button_target=\u00bbon\u00bb right_button=\u00bbFormulario Solicitud de Acceso\u00bb right_button_url=\u00bbhttps:\/\/www.focolare.org\/wp-content\/uploads\/2026\/01\/Form.-CPS-AG-20251015-MODULO-A-Solicitud-de-acceso-ES-comp.pdf\u00bb right_button_target=\u00bbon\u00bb button_separator=\u00bbon\u00bb separator_text=\u00bbo\u00bb left_button_wrapper_margin=\u00bb|||30px|false|false\u00bb alignment=\u00bbcenter\u00bb _builder_version=\u00bb4.27.5&#8243; _module_preset=\u00bbdefault\u00bb left_button_text_color=\u00bb#FFFFFF\u00bb left_button_font_size=\u00bb16px\u00bb right_button_text_color=\u00bb#FFFFFF\u00bb right_button_font_size=\u00bb16px\u00bb separator_font=\u00bb|600|||||||\u00bb separator_text_color=\u00bb#FFFFFF\u00bb hover_enabled=\u00bb0&#8243; border_radii_left_button=\u00bbon|7px|7px|7px|7px\u00bb border_radii_right_button=\u00bbon|7px|7px|7px|7px\u00bb border_width_all_separator=\u00bb10px\u00bb border_color_all_separator=\u00bb#FFFFFF\u00bb locked=\u00bboff\u00bb global_colors_info=\u00bb{}\u00bb btn_left_background_bgcolor__hover_enabled=\u00bbon|hover\u00bb btn_right_background_bgcolor__hover_enabled=\u00bbon|hover\u00bb btn_right_background_bgcolor__hover=\u00bb#FFB300&#8243; btn_left_background_bgcolor__hover=\u00bb#3FA3D6&#8243; border_color_all_separator__hover_enabled=\u00bbon|desktop\u00bb border_color_all_separator__hover=\u00bb#FFFFFF\u00bb left_button_padding=\u00bb|35px||35px|false|false\u00bb button_separator_padding=\u00bb||||false|false\u00bb right_button_padding=\u00bb|30px||30px|false|false\u00bb sticky_enabled=\u00bb0&#8243;][\/difl_dual_button][difl_dual_button btn_left_background_bgcolor=\u00bb#3FA3D6&#8243; btn_left_font_icon=\u00bb&#xe092;||divi||400&#8243; btn_left_icon_color=\u00bb#FFFFFF\u00bb btn_right_background_bgcolor=\u00bb#3FA3D6&#8243; btn_right_font_icon=\u00bb&#xe092;||divi||400&#8243; btn_right_icon_color=\u00bb#FFFFFF\u00bb left_button=\u00bbFormulario Solicitud de Reproducci\u00f3n\u00bb left_button_url=\u00bbhttps:\/\/www.focolare.org\/wp-content\/uploads\/2026\/01\/Form.-CPS-AG-20251015-MODULO-B-ES-Solicitud-de-reproducciones-comp.pdf\u00bb left_button_target=\u00bbon\u00bb right_button=\u00bbFormulario Solicitud de Publicaci\u00f3n\u00bb right_button_url=\u00bbhttps:\/\/www.focolare.org\/wp-content\/uploads\/2026\/01\/Form.-CPS-AG-20251015-MODULO-C-ES-Solicitud-de-publicacion-comp.pdf\u00bb right_button_target=\u00bbon\u00bb button_separator=\u00bbon\u00bb separator_text=\u00bbo\u00bb left_button_wrapper_margin=\u00bb-25px|||33px|false|false\u00bb right_button_wrapper_margin=\u00bb-25px||||false|false\u00bb alignment=\u00bbcenter\u00bb _builder_version=\u00bb4.27.5&#8243; _module_preset=\u00bbdefault\u00bb left_button_text_color=\u00bb#FFFFFF\u00bb left_button_font_size=\u00bb16px\u00bb right_button_text_color=\u00bb#FFFFFF\u00bb right_button_font_size=\u00bb16px\u00bb separator_font=\u00bb|600|||||||\u00bb separator_text_color=\u00bb#FFFFFF\u00bb border_radii_left_button=\u00bbon|7px|7px|7px|7px\u00bb border_radii_right_button=\u00bbon|7px|7px|7px|7px\u00bb border_width_all_separator=\u00bb10px\u00bb border_color_all_separator=\u00bb#FFFFFF\u00bb locked=\u00bboff\u00bb global_colors_info=\u00bb{}\u00bb btn_left_background_bgcolor__hover_enabled=\u00bbon|hover\u00bb btn_right_background_bgcolor__hover_enabled=\u00bbon|hover\u00bb btn_right_background_bgcolor__hover=\u00bb#FFB300&#8243; btn_left_background_bgcolor__hover=\u00bb#3FA3D6&#8243; border_color_all_separator__hover_enabled=\u00bbon|desktop\u00bb border_color_all_separator__hover=\u00bb#FFFFFF\u00bb][\/difl_dual_button][\/et_pb_column][\/et_pb_row][\/et_pb_section][et_pb_section fb_built=\u00bb1&#8243; _builder_version=\u00bb4.20.2&#8243; _module_preset=\u00bbdefault\u00bb background_color=\u00bb#FFB300&#8243; custom_margin=\u00bb0px||0px||true|false\u00bb custom_padding=\u00bb0px||0px||false|false\u00bb collapsed=\u00bbon\u00bb global_colors_info=\u00bb{}\u00bb][et_pb_row use_custom_gutter=\u00bbon\u00bb _builder_version=\u00bb4.20.2&#8243; _module_preset=\u00bbdefault\u00bb max_width=\u00bb80%\u00bb global_colors_info=\u00bb{}\u00bb][et_pb_column type=\u00bb4_4&#8243; _builder_version=\u00bb4.20.2&#8243; _module_preset=\u00bbdefault\u00bb global_colors_info=\u00bb{}\u00bb][difl_contentcarousel item_desktop=\u00bb4&#8243; loop=\u00bbon\u00bb autoplay=\u00bbon\u00bb pause_hover=\u00bbon\u00bb dots=\u00bbon\u00bb dots_color=\u00bb#FFFFFF\u00bb active_dots_color=\u00bb#3FA3D6&#8243; large_active_dot=\u00bbon\u00bb _builder_version=\u00bb4.21.0&#8243; _module_preset=\u00bbdefault\u00bb width=\u00bb95%\u00bb max_width=\u00bb95%\u00bb module_alignment=\u00bbcenter\u00bb global_colors_info=\u00bb{}\u00bb][difl_contentcarouselitem title=\u00bb40+\u00bb sub_title=\u00bbfondos de archivo\u00bb df_title_bg_bgcolor=\u00bbRGBA(255,255,255,0)\u00bb cc_button_button_url_new_window=\u00bb1&#8243; _builder_version=\u00bb4.21.0&#8243; _module_preset=\u00bbdefault\u00bb cc_title_text_color=\u00bb#FFFFFF\u00bb cc_title_font_size=\u00bb40px\u00bb cc_subtitle_font=\u00bb||||||||\u00bb cc_subtitle_text_color=\u00bb#FFFFFF\u00bb cc_subtitle_font_size=\u00bb16px\u00bb global_colors_info=\u00bb{}\u00bb][\/difl_contentcarouselitem][difl_contentcarouselitem title=\u00bb6,090+\u00bb sub_title=\u00bbentre discrusos y escritos\u00bb df_title_bg_bgcolor=\u00bbRGBA(255,255,255,0)\u00bb cc_button_button_url_new_window=\u00bb1&#8243; _builder_version=\u00bb4.21.0&#8243; _module_preset=\u00bbdefault\u00bb cc_title_text_color=\u00bb#FFFFFF\u00bb cc_title_font_size=\u00bb40px\u00bb cc_subtitle_font=\u00bb||||||||\u00bb cc_subtitle_text_color=\u00bb#FFFFFF\u00bb cc_subtitle_font_size=\u00bb16px\u00bb global_colors_info=\u00bb{}\u00bb][\/difl_contentcarouselitem][difl_contentcarouselitem title=\u00bb70+\u00bb sub_title=\u00bba\u00f1os de memoria\u00bb df_title_bg_bgcolor=\u00bbRGBA(255,255,255,0)\u00bb cc_button_button_url_new_window=\u00bb1&#8243; _builder_version=\u00bb4.21.0&#8243; _module_preset=\u00bbdefault\u00bb cc_title_text_color=\u00bb#FFFFFF\u00bb cc_title_font_size=\u00bb40px\u00bb cc_subtitle_font=\u00bb||||||||\u00bb cc_subtitle_text_color=\u00bb#FFFFFF\u00bb cc_subtitle_font_size=\u00bb16px\u00bb global_colors_info=\u00bb{}\u00bb][\/difl_contentcarouselitem][difl_contentcarouselitem title=\u00bb354+\u00bb sub_title=\u00bbconexiones telef\u00f3nicas\u00bb df_title_bg_bgcolor=\u00bbRGBA(255,255,255,0)\u00bb cc_button_button_url_new_window=\u00bb1&#8243; _builder_version=\u00bb4.21.0&#8243; _module_preset=\u00bbdefault\u00bb cc_title_text_color=\u00bb#FFFFFF\u00bb cc_title_font_size=\u00bb40px\u00bb cc_subtitle_font=\u00bb||||||||\u00bb cc_subtitle_text_color=\u00bb#FFFFFF\u00bb cc_subtitle_font_size=\u00bb16px\u00bb global_colors_info=\u00bb{}\u00bb][\/difl_contentcarouselitem][difl_contentcarouselitem title=\u00bb165,830+\u00bb sub_title=\u00bbentre pel\u00edculas, video cassettes, betacam y U-matic, DVCcam y MiniDV, fotos, negativos, diapositivas, etc&#8230;\u00bb df_title_bg_bgcolor=\u00bbRGBA(255,255,255,0)\u00bb cc_button_button_url_new_window=\u00bb1&#8243; _builder_version=\u00bb4.21.0&#8243; _module_preset=\u00bbdefault\u00bb cc_title_text_color=\u00bb#FFFFFF\u00bb cc_title_font_size=\u00bb40px\u00bb cc_subtitle_font=\u00bb||||||||\u00bb cc_subtitle_text_color=\u00bb#FFFFFF\u00bb cc_subtitle_font_size=\u00bb16px\u00bb global_colors_info=\u00bb{}\u00bb][\/difl_contentcarouselitem][difl_contentcarouselitem title=\u00bb22,000+\u00bb sub_title=\u00bbcartas enviadas; centenares de miles recibidas\u00bb df_title_bg_bgcolor=\u00bbRGBA(255,255,255,0)\u00bb cc_button_button_url_new_window=\u00bb1&#8243; _builder_version=\u00bb4.21.0&#8243; _module_preset=\u00bbdefault\u00bb cc_title_text_color=\u00bb#FFFFFF\u00bb cc_title_font_size=\u00bb40px\u00bb cc_subtitle_font=\u00bb||||||||\u00bb cc_subtitle_text_color=\u00bb#FFFFFF\u00bb cc_subtitle_font_size=\u00bb16px\u00bb global_colors_info=\u00bb{}\u00bb][\/difl_contentcarouselitem][difl_contentcarouselitem title=\u00bb630+\u00bb sub_title=\u00bbmetros lineales de soporte audio anal\u00f3gico, film y video\u00bb df_title_bg_bgcolor=\u00bbRGBA(255,255,255,0)\u00bb cc_button_button_url_new_window=\u00bb1&#8243; _builder_version=\u00bb4.21.0&#8243; _module_preset=\u00bbdefault\u00bb cc_title_text_color=\u00bb#FFFFFF\u00bb cc_title_font_size=\u00bb40px\u00bb cc_subtitle_font=\u00bb||||||||\u00bb cc_subtitle_text_color=\u00bb#FFFFFF\u00bb cc_subtitle_font_size=\u00bb16px\u00bb global_colors_info=\u00bb{}\u00bb][\/difl_contentcarouselitem][difl_contentcarouselitem title=\u00bb970+\u00bb sub_title=\u00bbmetros lineares de documentaci\u00f3n en papel;\u00bb df_title_bg_bgcolor=\u00bbRGBA(255,255,255,0)\u00bb cc_button_button_url_new_window=\u00bb1&#8243; _builder_version=\u00bb4.21.0&#8243; _module_preset=\u00bbdefault\u00bb cc_title_text_color=\u00bb#FFFFFF\u00bb cc_title_font_size=\u00bb40px\u00bb cc_subtitle_font=\u00bb||||||||\u00bb cc_subtitle_text_color=\u00bb#FFFFFF\u00bb cc_subtitle_font_size=\u00bb16px\u00bb global_colors_info=\u00bb{}\u00bb][\/difl_contentcarouselitem][\/difl_contentcarousel][\/et_pb_column][\/et_pb_row][\/et_pb_section]<\/p>\n","protected":false},"excerpt":{"rendered":"<p>Archivo GeneralUn recurso cultural y estrat\u00e9gico El Archivo General del Movimiento de los Focolares ( AGMF ) conserva, entre los numerosos dep\u00f3sitos en los que est\u00e1 articulado, los documentos en papel y multimediaque se refieren a lafundadora Chiara Lubich (1920-2008), la historia del Movimiento de los Focolaresdesde su nacimiento hasta hoy y su desarrollo y [&hellip;]<\/p>\n","protected":false},"author":1,"featured_media":0,"parent":282344,"menu_order":0,"comment_status":"closed","ping_status":"closed","template":"","meta":{"give_campaign_id":0,"_seopress_robots_primary_cat":"","_seopress_titles_title":"","_seopress_titles_desc":"","_seopress_robots_index":"","_et_pb_use_builder":"on","_et_pb_old_content":"","_et_gb_content_width":"","footnotes":""},"difl_page_category":[],"class_list":["post-282463","page","type-page","status-publish","hentry"],"campaignId":"","_links":{"self":[{"href":"https:\/\/www.focolare.org\/es\/wp-json\/wp\/v2\/pages\/282463","targetHints":{"allow":["GET"]}}],"collection":[{"href":"https:\/\/www.focolare.org\/es\/wp-json\/wp\/v2\/pages"}],"about":[{"href":"https:\/\/www.focolare.org\/es\/wp-json\/wp\/v2\/types\/page"}],"author":[{"embeddable":true,"href":"https:\/\/www.focolare.org\/es\/wp-json\/wp\/v2\/users\/1"}],"replies":[{"embeddable":true,"href":"https:\/\/www.focolare.org\/es\/wp-json\/wp\/v2\/comments?post=282463"}],"version-history":[{"count":3,"href":"https:\/\/www.focolare.org\/es\/wp-json\/wp\/v2\/pages\/282463\/revisions"}],"predecessor-version":[{"id":394988,"href":"https:\/\/www.focolare.org\/es\/wp-json\/wp\/v2\/pages\/282463\/revisions\/394988"}],"up":[{"embeddable":true,"href":"https:\/\/www.focolare.org\/es\/wp-json\/wp\/v2\/pages\/282344"}],"wp:attachment":[{"href":"https:\/\/www.focolare.org\/es\/wp-json\/wp\/v2\/media?parent=282463"}],"wp:term":[{"taxonomy":"difl_page_category","embeddable":true,"href":"https:\/\/www.focolare.org\/es\/wp-json\/wp\/v2\/difl_page_category?post=282463"}],"curies":[{"name":"wp","href":"https:\/\/api.w.org\/{rel}","templated":true}]}}