{"id":282700,"date":"2023-04-13T09:02:04","date_gmt":"2023-04-13T07:02:04","guid":{"rendered":"https:\/\/www.focolare.org\/preguntas-frecuentes\/"},"modified":"2024-06-19T17:06:57","modified_gmt":"2024-06-19T15:06:57","slug":"preguntas-frecuentes","status":"publish","type":"page","link":"https:\/\/www.focolare.org\/es\/preguntas-frecuentes\/","title":{"rendered":"Preguntas frecuentes"},"content":{"rendered":"<p>[et_pb_section fb_built=\u00bb1&#8243; custom_padding_last_edited=\u00bbon|phone\u00bb _builder_version=\u00bb4.21.0&#8243; _module_preset=\u00bbdefault\u00bb custom_margin=\u00bb||||false|false\u00bb custom_padding=\u00bb||3%||false|false\u00bb custom_padding_tablet=\u00bb||4%||false|false\u00bb custom_padding_phone=\u00bb||20%||false|false\u00bb top_divider_style=\u00bbramp\u00bb top_divider_color=\u00bb#3FA3D6&#8243; top_divider_height=\u00bb150px\u00bb top_divider_repeat=\u00bb1x\u00bb top_divider_flip=\u00bbhorizontal\u00bb bottom_divider_style=\u00bbramp\u00bb bottom_divider_color=\u00bb#FFB300&#8243; bottom_divider_height=\u00bb150px\u00bb bottom_divider_repeat=\u00bb1x\u00bb bottom_divider_flip=\u00bbhorizontal\u00bb locked=\u00bboff\u00bb global_colors_info=\u00bb{}\u00bb][et_pb_row _builder_version=\u00bb4.21.0&#8243; _module_preset=\u00bbdefault\u00bb custom_margin=\u00bb0px||0px||false|false\u00bb custom_margin_tablet=\u00bb0px||0px||false|false\u00bb custom_margin_phone=\u00bb-5%||||false|false\u00bb custom_margin_last_edited=\u00bbon|phone\u00bb custom_padding=\u00bb0px||0px||false|false\u00bb global_colors_info=\u00bb{}\u00bb][et_pb_column type=\u00bb4_4&#8243; _builder_version=\u00bb4.21.0&#8243; _module_preset=\u00bbdefault\u00bb global_colors_info=\u00bb{}\u00bb][et_pb_text _builder_version=\u00bb4.25.2&#8243; _module_preset=\u00bbdefault\u00bb header_font=\u00bb|600|||||||\u00bb header_text_align=\u00bbcenter\u00bb header_text_color=\u00bb#FFFFFF\u00bb header_font_size=\u00bb40px\u00bb custom_margin=\u00bb||3%||false|false\u00bb custom_margin_tablet=\u00bb||0px||false|false\u00bb custom_margin_phone=\u00bb||||false|false\u00bb custom_margin_last_edited=\u00bbon|phone\u00bb custom_padding=\u00bb||||false|false\u00bb global_colors_info=\u00bb{}\u00bb]<\/p>\n<div class=\"page_cover xtra-cover-type-title\">\n<div class=\"page_title\" data-title-parallax=\"\">\n<div class=\"row clr\">\n<h1 class=\"section_title \">Preguntas frecuentes<\/h1>\n<\/div>\n<\/div>\n<\/div>\n<div id=\"page_content\" class=\"page_content\" role=\"main\">\n<div class=\"row clr\">\n<div class=\"s12 clr\">\n<div class=\"cz_is_blank clr\">\n<div class=\"cz_post_content clr\">\n<div class=\"wpb-content-wrapper\">\n<div id=\"aboutus\" class=\"vc_row wpb_row vc_row-fluid vc_custom_1540799645580\">\n<div class=\"wpb_column vc_column_container vc_col-sm-10\">\n<div class=\"vc_column-inner\">\n<div class=\"wpb_wrapper\">\n<div class=\"wpb_text_column wpb_content_element p { margin-bottom: 3px; }\">\n<div class=\"wpb_wrapper\"><\/div>\n<\/div>\n<\/div>\n<\/div>\n<\/div>\n<\/div>\n<\/div>\n<\/div>\n<\/div>\n<\/div>\n<\/div>\n<\/div>\n<p>[\/et_pb_text][\/et_pb_column][\/et_pb_row][\/et_pb_section][et_pb_section fb_built=\u00bb1&#8243; _builder_version=\u00bb4.16&#8243; background_size=\u00bbcontain\u00bb background_repeat=\u00bbrepeat-y\u00bb background_blend=\u00bbmultiply\u00bb custom_padding=\u00bb4px||1px|||\u00bb locked=\u00bboff\u00bb collapsed=\u00bbon\u00bb global_colors_info=\u00bb{}\u00bb][\/et_pb_section][et_pb_section fb_built=\u00bb1&#8243; admin_label=\u00bbFAQ\u00bb _builder_version=\u00bb4.20.4&#8243; custom_margin=\u00bb0px||0px||true|false\u00bb custom_padding=\u00bb0px||0px||true|false\u00bb collapsed=\u00bbon\u00bb global_colors_info=\u00bb{}\u00bb][et_pb_row _builder_version=\u00bb4.21.0&#8243; hover_enabled=\u00bb0&#8243; global_colors_info=\u00bb{}\u00bb sticky_enabled=\u00bb0&#8243;][et_pb_column type=\u00bb4_4&#8243; _builder_version=\u00bb4.16&#8243; custom_padding=\u00bb|||\u00bb global_colors_info=\u00bb{}\u00bb custom_padding__hover=\u00bb|||\u00bb][et_pb_accordion open_toggle_text_color=\u00bb#3FA3D6&#8243; closed_toggle_text_color=\u00bb#FFB300&#8243; _builder_version=\u00bb4.25.2&#8243; toggle_text_color=\u00bb#3FA3D6&#8243; toggle_font=\u00bbLato|700|||||||\u00bb toggle_font_size=\u00bb18px\u00bb toggle_line_height=\u00bb1.6em\u00bb body_line_height=\u00bb2em\u00bb hover_enabled=\u00bb0&#8243; toggle_font_size_tablet=\u00bb\u00bb toggle_font_size_phone=\u00bb16px\u00bb toggle_font_size_last_edited=\u00bbon|desktop\u00bb border_radii=\u00bbon|7px|7px|7px|7px\u00bb border_width_all=\u00bb0px\u00bb global_colors_info=\u00bb{}\u00bb sticky_enabled=\u00bb0&#8243;][et_pb_accordion_item title=\u00bbPreguntas frecuentes\u00bb _builder_version=\u00bb4.25.2&#8243; hover_enabled=\u00bb0&#8243; box_shadow_style=\u00bbpreset3&#8243; box_shadow_vertical=\u00bb0px\u00bb box_shadow_blur=\u00bb0px\u00bb box_shadow_spread=\u00bb0px\u00bb box_shadow_color=\u00bbrgba(0,0,0,0)\u00bb global_colors_info=\u00bb{}\u00bb box_shadow_vertical__hover=\u00bb25px\u00bb box_shadow_vertical__hover_enabled=\u00bbon\u00bb box_shadow_blur__hover=\u00bb45px\u00bb box_shadow_blur__hover_enabled=\u00bbon\u00bb box_shadow_spread__hover=\u00bb-30px\u00bb box_shadow_spread__hover_enabled=\u00bbon\u00bb box_shadow_color__hover=\u00bbrgba(0,0,0,0.15)\u00bb box_shadow_color__hover_enabled=\u00bbon\u00bb open=\u00bbon\u00bb sticky_enabled=\u00bb0&#8243;][\/et_pb_accordion_item][et_pb_accordion_item title=\u00bb\u00bfPor qu\u00e9 se llaman Movimiento &quot;de los Focolares&quot;?\u00bb _builder_version=\u00bb4.21.0&#8243; box_shadow_style=\u00bbpreset3&#8243; box_shadow_vertical=\u00bb0px\u00bb box_shadow_blur=\u00bb0px\u00bb box_shadow_spread=\u00bb0px\u00bb box_shadow_color=\u00bbrgba(0,0,0,0)\u00bb global_colors_info=\u00bb{}\u00bb box_shadow_vertical__hover=\u00bb25px\u00bb box_shadow_vertical__hover_enabled=\u00bbon\u00bb box_shadow_blur__hover=\u00bb45px\u00bb box_shadow_blur__hover_enabled=\u00bbon\u00bb box_shadow_spread__hover=\u00bb-30px\u00bb box_shadow_spread__hover_enabled=\u00bbon\u00bb box_shadow_color__hover=\u00bbrgba(0,0,0,0.15)\u00bb box_shadow_color__hover_enabled=\u00bbon\u00bb open=\u00bbon\u00bb]<\/p>\n<p> \u201cFocolare\u201d es el nombre que la gente de Trento le dio a la primera comunidad que Chiara inici\u00f3 con sus primeras compa\u00f1eras. Esa convivencia recordaba, ya desde sus comienzos, el calor de una familia y la potencia del mensaje nuevo y revolucionario inspirado en el Evangelio fue comparado con el fuego que quema e ilumina (focolare, en italiano, podr\u00eda traducirse como \u201chogar\u201d, o bien ese sitio de la casa en donde la familia se re\u00fane alrededor del fuego, n. del t.).<\/p>\n<p>Las comunidades son llamadas Focolares, en donde viven los que en el Movimiento han hecho votos de castidad, pobreza y obediencia. Forman parte del focolar algunas personas casadas tambi\u00e9n que, fieles a su estado de vida y viviendo su vida familiar, comparten con los v\u00edrgenes la elecci\u00f3n radical de poner en pr\u00e1ctica el amor evang\u00e9lico y de vivir para realizar la unidad.<\/p>\n<p>[\/et_pb_accordion_item][et_pb_accordion_item title=\u00bb\u00bfQui\u00e9n es Chiara Lubich para el Movimiento de los Focolares?\u00bb _builder_version=\u00bb4.21.0&#8243; box_shadow_style=\u00bbpreset3&#8243; box_shadow_vertical=\u00bb0px\u00bb box_shadow_blur=\u00bb0px\u00bb box_shadow_spread=\u00bb0px\u00bb box_shadow_color=\u00bbrgba(0,0,0,0)\u00bb global_colors_info=\u00bb{}\u00bb box_shadow_vertical__hover=\u00bb25px\u00bb box_shadow_vertical__hover_enabled=\u00bbon\u00bb box_shadow_blur__hover=\u00bb45px\u00bb box_shadow_blur__hover_enabled=\u00bbon\u00bb box_shadow_spread__hover=\u00bb-30px\u00bb box_shadow_spread__hover_enabled=\u00bbon\u00bb box_shadow_color__hover=\u00bbrgba(0,0,0,0.15)\u00bb box_shadow_color__hover_enabled=\u00bbon\u00bb open=\u00bboff\u00bb]<\/p>\n<p>Chiara es la fundadora de los Focolares y fue la Presidente del Movimiento, elegida en Asamblea, hasta su fallecimiento en 2008. \u00c8 considerata una delle grandi personalit\u00e0 carismatiche del nostro tempo, riconosciuta e stimata da leader del mondo cristiano, da capi di altre religioni e da politici di rilievo di tanti Paesi. Se le otorgaron numerosos reconocimientos: el Premio UNESCO para la Educaci\u00f3n a la Paz, varios doctorados <em>honoris causa<\/em> (por ejemplo, en Teolog\u00eda, Ecumenismo, Psicolog\u00eda, Arte, Filosof\u00eda y Econom\u00eda) y ciudadan\u00edas honorarias en todo el mundo.<\/p>\n<p>[\/et_pb_accordion_item][et_pb_accordion_item title=\u00bb\u00bfCu\u00e1l es el \u00f3rgano de gobierno del Movimiento de los Focolares?\u00bb _builder_version=\u00bb4.21.0&#8243; box_shadow_style=\u00bbpreset3&#8243; box_shadow_vertical=\u00bb0px\u00bb box_shadow_blur=\u00bb0px\u00bb box_shadow_spread=\u00bb0px\u00bb box_shadow_color=\u00bbrgba(0,0,0,0)\u00bb global_colors_info=\u00bb{}\u00bb box_shadow_vertical__hover=\u00bb25px\u00bb box_shadow_vertical__hover_enabled=\u00bbon\u00bb box_shadow_blur__hover=\u00bb45px\u00bb box_shadow_blur__hover_enabled=\u00bbon\u00bb box_shadow_spread__hover=\u00bb-30px\u00bb box_shadow_spread__hover_enabled=\u00bbon\u00bb box_shadow_color__hover=\u00bbrgba(0,0,0,0.15)\u00bb box_shadow_color__hover_enabled=\u00bbon\u00bb open=\u00bboff\u00bb]<\/p>\n<p>El principal \u00f3rgano de gobierno es el Consejo General presidido por la Presidente (que por Estatuto ser\u00e1 siempre una mujer) y por un Co-Presidente; ambos permanecen en sus cargos durante cinco a\u00f1os.<\/p>\n<p>[\/et_pb_accordion_item][et_pb_accordion_item title=\u00bb\u00bfCu\u00e1l es la relaci\u00f3n del Movimiento de los Focolares con la Iglesia Cat\u00f3lica?\u00bb _builder_version=\u00bb4.21.0&#8243; box_shadow_style=\u00bbpreset3&#8243; box_shadow_vertical=\u00bb0px\u00bb box_shadow_blur=\u00bb0px\u00bb box_shadow_spread=\u00bb0px\u00bb box_shadow_color=\u00bbrgba(0,0,0,0)\u00bb global_colors_info=\u00bb{}\u00bb box_shadow_vertical__hover=\u00bb25px\u00bb box_shadow_vertical__hover_enabled=\u00bbon\u00bb box_shadow_blur__hover=\u00bb45px\u00bb box_shadow_blur__hover_enabled=\u00bbon\u00bb box_shadow_spread__hover=\u00bb-30px\u00bb box_shadow_spread__hover_enabled=\u00bbon\u00bb box_shadow_color__hover=\u00bbrgba(0,0,0,0.15)\u00bb box_shadow_color__hover_enabled=\u00bbon\u00bb open=\u00bboff\u00bb]<\/p>\n<p>En 1964 el Movimiento de los Focolares fue aprobado por la Iglesia Cat\u00f3lica. Seg\u00fan los actuales Estatutos Generales (1990) tiene la forma jur\u00eddica de una Asociaci\u00f3n de Fieles de Derecho Pontificio. En todas partes en donde est\u00e1 presente, el Movimiento busca el contacto y la colaboraci\u00f3n con los responsables y representantes de las Iglesias y Comunidades eclesiales locales y est\u00e1 en primera l\u00ednea en la promoci\u00f3n del di\u00e1logo ecumenico.<\/p>\n<p>[\/et_pb_accordion_item][et_pb_accordion_item title=\u00bb\u00bfC\u00f3mo se entra a formar parte del Movimiento de los Focolares?\u00bb _builder_version=\u00bb4.21.0&#8243; box_shadow_style=\u00bbpreset3&#8243; box_shadow_vertical=\u00bb0px\u00bb box_shadow_blur=\u00bb0px\u00bb box_shadow_spread=\u00bb0px\u00bb box_shadow_color=\u00bbrgba(0,0,0,0)\u00bb global_colors_info=\u00bb{}\u00bb box_shadow_vertical__hover=\u00bb25px\u00bb box_shadow_vertical__hover_enabled=\u00bbon\u00bb box_shadow_blur__hover=\u00bb45px\u00bb box_shadow_blur__hover_enabled=\u00bbon\u00bb box_shadow_spread__hover=\u00bb-30px\u00bb box_shadow_spread__hover_enabled=\u00bbon\u00bb box_shadow_color__hover=\u00bbrgba(0,0,0,0.15)\u00bb box_shadow_color__hover_enabled=\u00bbon\u00bb open=\u00bboff\u00bb]<\/p>\n<p>Hay tres elementos que son necesarios para ello:<\/p>\n<ul>\n<li style=\"list-style-type: none;\">\n<ul>\n<li>compartir el sue\u00f1o y el compromiso de hacer de la humanidad una gran familia unida por el amor;<\/li>\n<li>tratar de poner el pr\u00e1ctica ese sue\u00f1o en las relaciones cotidianas. Para realizarlo los cristianos se inspiran en las ense\u00f1anzas del Evangelio de Jesucristo y en las Sagradas Escrituras; los fieles de otras religiones se inspiran en los Libros Sagrados de los distintos credos; el que no tiene una fe religiosa lo hace en principios \u00e9ticos basados en el amor, en el respeto entre las personas y pueblos;<\/li>\n<li>tratar de compartir este estilo de vida con otros, para contribuir juntos a la realizaci\u00f3n de un mundo unido y en paz.<\/li>\n<\/ul>\n<\/li>\n<\/ul>\n<p>[\/et_pb_accordion_item][et_pb_accordion_item title=\u00bb\u00bfCu\u00e1les son las actividades que realiza el Movimiento de los Focolares?\u00bb _builder_version=\u00bb4.21.0&#8243; _module_preset=\u00bbdefault\u00bb global_colors_info=\u00bb{}\u00bb open=\u00bboff\u00bb]<\/p>\n<p>El Movimiento de los Focolares se siente llamado a dar su aporte a la unidad de la familia humana en todas sus expresiones. Como consecuencia, sus actividades son las m\u00e1s variadas, seg\u00fan las necesidades que se encuentran localmente y se refieren a todos los \u00e1mbitos de la vida y del pensamiento humano.<\/p>\n<p>[\/et_pb_accordion_item][et_pb_accordion_item title=\u00bb\u00bfDe qu\u00e9 manera el Movimiento de los Focolares aplica las normas sobre la tutela de la persona? \u00bb _builder_version=\u00bb4.21.0&#8243; _module_preset=\u00bbdefault\u00bb global_colors_info=\u00bb{}\u00bb open=\u00bboff\u00bb]<\/p>\n<p>El Movimiento de los Focolares hace suyo el esfuerzo y el compromiso para crear ambientes seguros para prevenir en el desarrollo de cualquier actividad toda forma de abuso de la persona. Para tal fin se han redactado lineamentos gu\u00eda para la promoci\u00f3n del bienestar de la infancia y la adolescencia, \u00fatiles para la orientaci\u00f3n de las comunidades del Movimiento presentes en los varios pa\u00edses del mundo. Los Centros nacionales se ocupar\u00e1n de adaptarlas a las respectivas realidades culturales y jur\u00eddicas, recepcionando los principios proclamados por el Derecho Internacional. En mayo de 2022 la Presidenta del Movimiento de los Focolares ha declarado el compromiso de obligatoriedad para cada miembro en todo el mundo, incluidos los menores, de realizar un curso sobre el cuidado y la tutela de menores y personas vulnerables.<\/p>\n<p>[\/et_pb_accordion_item][et_pb_accordion_item title=\u00bb\u00bfC\u00f3mo recibir noticias sobre la vida y las actividades del Movimiento de los Focolares?\u00bb _builder_version=\u00bb4.21.0&#8243; _module_preset=\u00bbdefault\u00bb global_colors_info=\u00bb{}\u00bb open=\u00bboff\u00bb]<\/p>\n<p>A trav\u00e9s de un sistema de notificaciones el usuario puede escoger de qu\u00e9 manera, en qu\u00e9 medio y acerca de qu\u00e9 contenidos querr\u00e1 ser informado regularmente.<\/p>\n<p>La revista <span><a href=\"http:\/\/www.cittanuova.it\/\">Citt\u00e0 Nuova<\/a><\/span> (mensual en papel y cotidiano online) analiza hechos, actualidad, tendencias, espiritualidad e historias de vida desde la perspectiva de los Focolares y por lo tanto del di\u00e1logo y de la fraternidad. Hay varias ediciones <span><a href=\"https:\/\/www.cittanuova.it\/mondo\/\">en distintos idiomas<\/a><\/span><span>.<\/span><\/p>\n<p>[\/et_pb_accordion_item][et_pb_accordion_item title=\u00bb\u00bfQu\u00e9 significa el logo del Movimiento de los Focolares?\u00bb _builder_version=\u00bb4.21.0&#8243; _module_preset=\u00bbdefault\u00bb global_colors_info=\u00bb{}\u00bb open=\u00bboff\u00bb]<\/p>\n<p>El logo del Movimiento se inspira en la \u201cVirgen del pueblo\u201d que recoge bajo su manto a todas las vocaciones. El azul evoca a Mar\u00eda, el anaranjado a los miembros, que quieren actuar seg\u00fan el estilo de Mar\u00eda.<\/p>\n<p>[\/et_pb_accordion_item][\/et_pb_accordion][\/et_pb_column][\/et_pb_row][\/et_pb_section]<\/p>\n","protected":false},"excerpt":{"rendered":"<p>Preguntas frecuentes \u201cFocolare\u201d es el nombre que la gente de Trento le dio a la primera comunidad que Chiara inici\u00f3 con sus primeras compa\u00f1eras. Esa convivencia recordaba, ya desde sus comienzos, el calor de una familia y la potencia del mensaje nuevo y revolucionario inspirado en el Evangelio fue comparado con el fuego que quema [&hellip;]<\/p>\n","protected":false},"author":1,"featured_media":0,"parent":0,"menu_order":0,"comment_status":"closed","ping_status":"closed","template":"","meta":{"give_campaign_id":0,"_seopress_robots_primary_cat":"","_seopress_titles_title":"","_seopress_titles_desc":"","_seopress_robots_index":"","_et_pb_use_builder":"on","_et_pb_old_content":"","_et_gb_content_width":"","footnotes":""},"difl_page_category":[],"class_list":["post-282700","page","type-page","status-publish","hentry"],"campaignId":"","_links":{"self":[{"href":"https:\/\/www.focolare.org\/es\/wp-json\/wp\/v2\/pages\/282700","targetHints":{"allow":["GET"]}}],"collection":[{"href":"https:\/\/www.focolare.org\/es\/wp-json\/wp\/v2\/pages"}],"about":[{"href":"https:\/\/www.focolare.org\/es\/wp-json\/wp\/v2\/types\/page"}],"author":[{"embeddable":true,"href":"https:\/\/www.focolare.org\/es\/wp-json\/wp\/v2\/users\/1"}],"replies":[{"embeddable":true,"href":"https:\/\/www.focolare.org\/es\/wp-json\/wp\/v2\/comments?post=282700"}],"version-history":[{"count":0,"href":"https:\/\/www.focolare.org\/es\/wp-json\/wp\/v2\/pages\/282700\/revisions"}],"wp:attachment":[{"href":"https:\/\/www.focolare.org\/es\/wp-json\/wp\/v2\/media?parent=282700"}],"wp:term":[{"taxonomy":"difl_page_category","embeddable":true,"href":"https:\/\/www.focolare.org\/es\/wp-json\/wp\/v2\/difl_page_category?post=282700"}],"curies":[{"name":"wp","href":"https:\/\/api.w.org\/{rel}","templated":true}]}}