{"id":283249,"date":"2023-03-31T12:53:16","date_gmt":"2023-03-31T10:53:16","guid":{"rendered":"https:\/\/www.focolare.org\/conexion\/"},"modified":"2026-03-23T12:55:34","modified_gmt":"2026-03-23T11:55:34","slug":"conexion","status":"publish","type":"page","link":"https:\/\/www.focolare.org\/es\/conexion\/","title":{"rendered":"Conexi\u00f3n"},"content":{"rendered":"<p>[et_pb_section fb_built=\u00bb1&#8243; custom_padding_last_edited=\u00bbon|phone\u00bb _builder_version=\u00bb4.27.6&#8243; _module_preset=\u00bbdefault\u00bb background_enable_color=\u00bboff\u00bb background_image=\u00bbhttps:\/\/www.focolare.org\/wp-content\/uploads\/2026\/03\/Collegamento2.png\u00bb width=\u00bb100%\u00bb max_width=\u00bb100%\u00bb min_height=\u00bb600px\u00bb min_height_tablet=\u00bb600px\u00bb min_height_phone=\u00bb600px\u00bb min_height_last_edited=\u00bbon|phone\u00bb height=\u00bb600px\u00bb height_tablet=\u00bb600px\u00bb height_phone=\u00bb600px\u00bb height_last_edited=\u00bbon|phone\u00bb max_height=\u00bb600px\u00bb custom_margin=\u00bb0px||0px||false|false\u00bb custom_margin_tablet=\u00bb0px||0px||false|false\u00bb custom_margin_phone=\u00bb||0px||false|false\u00bb custom_margin_last_edited=\u00bbon|phone\u00bb custom_padding=\u00bb0px||0px||true|false\u00bb custom_padding_tablet=\u00bb10%||10%||true|false\u00bb custom_padding_phone=\u00bb20%||20%||true|false\u00bb bottom_divider_color=\u00bb#3FA3D6&#8243; bottom_divider_repeat=\u00bb1x\u00bb bottom_divider_flip=\u00bbhorizontal\u00bb hover_enabled=\u00bb0&#8243; locked=\u00bboff\u00bb global_colors_info=\u00bb{}\u00bb title_text=\u00bbCollegamento2&#8243; sticky_enabled=\u00bb0&#8243;][et_pb_row _builder_version=\u00bb4.21.0&#8243; _module_preset=\u00bbdefault\u00bb hover_enabled=\u00bb0&#8243; global_colors_info=\u00bb{}\u00bb sticky_enabled=\u00bb0&#8243;][et_pb_column type=\u00bb4_4&#8243; _builder_version=\u00bb4.21.0&#8243; _module_preset=\u00bbdefault\u00bb global_colors_info=\u00bb{}\u00bb][\/et_pb_column][\/et_pb_row][\/et_pb_section][et_pb_section fb_built=\u00bb1&#8243; custom_padding_last_edited=\u00bbon|phone\u00bb _builder_version=\u00bb4.21.0&#8243; _module_preset=\u00bbdefault\u00bb custom_margin=\u00bb||||false|false\u00bb custom_padding=\u00bb||3%||false|false\u00bb custom_padding_tablet=\u00bb||4%||false|false\u00bb custom_padding_phone=\u00bb||20%||false|false\u00bb top_divider_style=\u00bbramp\u00bb top_divider_color=\u00bb#3FA3D6&#8243; top_divider_height=\u00bb150px\u00bb top_divider_repeat=\u00bb1x\u00bb top_divider_flip=\u00bbhorizontal\u00bb bottom_divider_style=\u00bbramp\u00bb bottom_divider_color=\u00bb#FFB300&#8243; bottom_divider_height=\u00bb150px\u00bb bottom_divider_repeat=\u00bb1x\u00bb bottom_divider_flip=\u00bbhorizontal\u00bb locked=\u00bboff\u00bb global_colors_info=\u00bb{}\u00bb][et_pb_row _builder_version=\u00bb4.21.0&#8243; _module_preset=\u00bbdefault\u00bb custom_margin=\u00bb0px||0px||false|false\u00bb custom_margin_tablet=\u00bb0px||0px||false|false\u00bb custom_margin_phone=\u00bb-5%||||false|false\u00bb custom_margin_last_edited=\u00bbon|phone\u00bb custom_padding=\u00bb0px||0px||false|false\u00bb global_colors_info=\u00bb{}\u00bb][et_pb_column type=\u00bb4_4&#8243; _builder_version=\u00bb4.21.0&#8243; _module_preset=\u00bbdefault\u00bb global_colors_info=\u00bb{}\u00bb][et_pb_text _builder_version=\u00bb4.22.2&#8243; _module_preset=\u00bbdefault\u00bb header_font=\u00bb|600|||||||\u00bb header_text_align=\u00bbcenter\u00bb header_text_color=\u00bb#FFFFFF\u00bb header_font_size=\u00bb40px\u00bb custom_margin=\u00bb||3%||false|false\u00bb custom_margin_tablet=\u00bb||0px||false|false\u00bb custom_margin_phone=\u00bb||||false|false\u00bb custom_margin_last_edited=\u00bbon|phone\u00bb custom_padding=\u00bb||||false|false\u00bb global_colors_info=\u00bb{}\u00bb]<\/p>\n<h1>Conexi\u00f3n<\/h1>\n<p>[\/et_pb_text][\/et_pb_column][\/et_pb_row][\/et_pb_section][et_pb_section fb_built=\u00bb1&#8243; _builder_version=\u00bb4.20.4&#8243; _module_preset=\u00bbdefault\u00bb custom_margin=\u00bb||0px||false|false\u00bb custom_padding=\u00bb0px||0px||false|false\u00bb global_colors_info=\u00bb{}\u00bb][et_pb_row column_structure=\u00bb3_5,2_5&#8243; _builder_version=\u00bb4.20.4&#8243; _module_preset=\u00bbdefault\u00bb custom_margin=\u00bb2%||0px||false|false\u00bb custom_padding=\u00bb||0px||false|false\u00bb global_colors_info=\u00bb{}\u00bb][et_pb_column type=\u00bb3_5&#8243; _builder_version=\u00bb4.20.4&#8243; _module_preset=\u00bbdefault\u00bb global_colors_info=\u00bb{}\u00bb][difl_cptgrid post_type=\u00bbproject\u00bb posts_number=\u00bb1&#8243; post_display=\u00bbby_tax\u00bb tax_for_project=\u00bbproject_category\u00bb project_terms_project_category=\u00bb3883,3882&#8243; column=\u00bb1&#8243; next_prev_icon=\u00bbset_2&#8243; pagination_background_bgcolor=\u00bbRGBA(255,255,255,0)\u00bb wrapper_margin=\u00bb||5%||false|false\u00bb _builder_version=\u00bb4.27.4&#8243; _module_preset=\u00bbdefault\u00bb pagination_font=\u00bb|600|||||||\u00bb pagination_text_color=\u00bb#FFB300&#8243; active_pagination_text_color=\u00bb#3FA3D6&#8243; width=\u00bb100%\u00bb max_width=\u00bb100%\u00bb locked=\u00bboff\u00bb global_colors_info=\u00bb{}\u00bb pagination_text_color__hover_enabled=\u00bbon|desktop\u00bb pagination_text_color__hover=\u00bb#3FA3D6&#8243;][difl_cptitem type=\u00bbimage\u00bb _builder_version=\u00bb4.20.4&#8243; _module_preset=\u00bbdefault\u00bb global_colors_info=\u00bb{}\u00bb][\/difl_cptitem][difl_cptitem type=\u00bbtitle\u00bb _builder_version=\u00bb4.20.4&#8243; _module_preset=\u00bbdefault\u00bb body_font=\u00bb|700|||||||\u00bb body_text_color=\u00bb#3FA3D6&#8243; body_font_size=\u00bb18px\u00bb global_colors_info=\u00bb{}\u00bb][\/difl_cptitem][\/difl_cptgrid][\/et_pb_column][et_pb_column type=\u00bb2_5&#8243; _builder_version=\u00bb4.20.4&#8243; _module_preset=\u00bbdefault\u00bb global_colors_info=\u00bb{}\u00bb][et_pb_text _builder_version=\u00bb4.27.5&#8243; _module_preset=\u00bbdefault\u00bb header_2_font=\u00bb|600|||||||\u00bb header_2_text_color=\u00bb#3FA3D6&#8243; header_2_font_size=\u00bb20px\u00bb custom_padding=\u00bb3%|3%|3%|3%|true|true\u00bb border_radii=\u00bbon|7px|7px|7px|7px\u00bb border_width_all=\u00bb1px\u00bb border_color_all=\u00bb#FFB300&#8243; global_colors_info=\u00bb{}\u00bb]<\/p>\n<h2 is=\"qowt-word-para\" qowt-lvl=\"undefined\" qowt-entry=\"undefined\" qowt-eid=\"E94\" id=\"E94\" class=\"x-scope qowt-word-para-1\"><span is=\"qowt-word-run\" qowt-eid=\"E95\" id=\"E95\">PR\u00d3XIMAS CITAS:<\/span><\/h2>\n<p><strong>Domingo, 22 de marzo de 2026<\/strong>, a las 18:00 (UTC + 1)<\/p>\n<p><span><strong>S\u00e1bado, 20 de junio de 2026<\/strong>, a las 18:00 (UTC + 2)<\/span><\/p>\n<p><span><strong>S\u00e1bado 3 de octubre de 2026<\/strong>, a las 18:00 (UTC + 2)<\/span><\/p>\n<p><span><strong>S\u00e1bado 12 de diciembre de 2026<\/strong>, a las 18:00 (UTC + 1)<\/span><\/p>\n<p>[\/et_pb_text][et_pb_image src=\u00bbhttps:\/\/www.focolare.org\/wp-content\/uploads\/2023\/04\/629343aedf8ce1568c75ff7f.png\u00bb title_text=\u00bb629343aedf8ce1568c75ff7f\u00bb url=\u00bbhttps:\/\/www.youtube.com\/@CollegamentoFocolare_official\u00bb url_new_window=\u00bbon\u00bb _builder_version=\u00bb4.26.1&#8243; _module_preset=\u00bbdefault\u00bb width=\u00bb99%\u00bb module_alignment=\u00bbcenter\u00bb border_radii=\u00bbon|7px|7px|7px|7px\u00bb global_colors_info=\u00bb{}\u00bb][\/et_pb_image][\/et_pb_column][\/et_pb_row][\/et_pb_section][et_pb_section fb_built=\u00bb1&#8243; _builder_version=\u00bb4.20.4&#8243; _module_preset=\u00bbdefault\u00bb background_color=\u00bb#EEEEEE\u00bb custom_margin=\u00bb0px||0px||false|false\u00bb custom_padding=\u00bb2%||2%||true|false\u00bb global_colors_info=\u00bb{}\u00bb][et_pb_row _builder_version=\u00bb4.20.4&#8243; _module_preset=\u00bbdefault\u00bb custom_margin=\u00bb0px||0px||true|false\u00bb custom_padding=\u00bb0px||0px||true|false\u00bb global_colors_info=\u00bb{}\u00bb][et_pb_column type=\u00bb4_4&#8243; _builder_version=\u00bb4.20.4&#8243; _module_preset=\u00bbdefault\u00bb global_colors_info=\u00bb{}\u00bb][et_pb_text _builder_version=\u00bb4.20.4&#8243; _module_preset=\u00bbdefault\u00bb header_2_font=\u00bb|600|||||||\u00bb header_2_text_color=\u00bb#FFB300&#8243; header_2_font_size=\u00bb20px\u00bb global_colors_info=\u00bb{}\u00bb]<\/p>\n<h2 is=\"qowt-word-para\" qowt-lvl=\"undefined\" qowt-entry=\"undefined\" qowt-eid=\"E63\" id=\"E63\" class=\"qowt-stl-NormaleWeb x-scope qowt-word-para-0\"><span is=\"qowt-word-run\" qowt-eid=\"E64\" id=\"E64\" class=\"qowt-font3-Lato qowt-stl-Enfasigrassetto\">\u00bfQU\u00c9 ES LA CONEXI\u00d3N?<\/span><\/h2>\n<p>[\/et_pb_text][\/et_pb_column][\/et_pb_row][et_pb_row column_structure=\u00bb1_3,1_3,1_3&#8243; _builder_version=\u00bb4.20.4&#8243; _module_preset=\u00bbdefault\u00bb custom_margin=\u00bb0px||0px||false|false\u00bb custom_padding=\u00bb0px||0px||false|false\u00bb global_colors_info=\u00bb{}\u00bb][et_pb_column type=\u00bb1_3&#8243; _builder_version=\u00bb4.20.4&#8243; _module_preset=\u00bbdefault\u00bb global_colors_info=\u00bb{}\u00bb][et_pb_text _builder_version=\u00bb4.22.2&#8243; _module_preset=\u00bbdefault\u00bb header_2_font=\u00bb|600|||||||\u00bb header_2_text_color=\u00bb#FFB300&#8243; header_2_font_size=\u00bb20px\u00bb global_colors_info=\u00bb{}\u00bb]<\/p>\n<p is=\"qowt-word-para\" qowt-lvl=\"undefined\" qowt-entry=\"undefined\" qowt-eid=\"E65\" id=\"E65\" class=\"qowt-stl-NormaleWeb x-scope qowt-word-para-0\"><strong><span is=\"qowt-word-run\" qowt-eid=\"E66\" id=\"E66\" class=\"qowt-font3-Lato\">Cu\u00e1ndo<\/span><\/strong> <span is=\"qowt-word-run\" qowt-eid=\"E67\" id=\"E67\" class=\"qowt-font3-Lato\"><strong>|<\/strong><\/span> <span is=\"qowt-word-run\" qowt-eid=\"E67\" id=\"E67\" class=\"qowt-font3-Lato\">Naci\u00f3 en 1980. El 11 de agosto, fiesta de Santa Clara de As\u00eds. Ese d\u00eda Chiara Lubich se encuentra en Suiza con un grupo de personas que la saludan por su onom\u00e1stico: es una fiesta familiar. Se crea una profunda comuni\u00f3n.<\/span><\/p>\n<p is=\"qowt-word-para\" qowt-lvl=\"undefined\" qowt-entry=\"undefined\" qowt-eid=\"E68\" id=\"E68\" class=\"qowt-stl-NormaleWeb x-scope qowt-word-para-0\"><span is=\"qowt-word-run\" qowt-eid=\"E70\" id=\"E70\" class=\"qowt-font3-Lato\"><strong>Qui\u00e9n |<\/strong> <\/span><span is=\"qowt-word-run\" qowt-eid=\"E71\" id=\"E71\" class=\"qowt-font3-Lato\">En los d\u00edas siguientes, desde la propia casa de Chiara, se pone en marcha una cadena de llamadas telef\u00f3nicas para alimentar la realidad percibida de ser \u00abun \u00fanico focolar\u00bb. Se mantiene al corriente de los nuevos pasos en el vivir con intensidad la espiritualidad de la unidad y de las noticias que llegan del mundo.<\/span><span is=\"qowt-word-run\" qowt-eid=\"E83\" id=\"E83\" class=\"qowt-font3-Lato\"><\/span><\/p>\n<p is=\"qowt-word-para\" qowt-lvl=\"undefined\" qowt-entry=\"undefined\" qowt-eid=\"E68\" class=\"qowt-stl-NormaleWeb x-scope qowt-word-para-0\"><span is=\"qowt-word-run\" qowt-eid=\"E71\" class=\"qowt-font3-Lato\"><span is=\"qowt-word-run\" qowt-eid=\"E74\" id=\"E74\" class=\"qowt-font3-Lato\"><strong>C\u00f3mo |<\/strong> <\/span><span is=\"qowt-word-run\" qowt-eid=\"E75\" id=\"E75\" class=\"qowt-font3-Lato\">En aquellos d\u00edas, se descubri\u00f3 la existencia del servicio de \u00abconferencia telef\u00f3nica colectiva\u00bb en Suiza y se utiliz\u00f3 inmediatamente. Esta conexi\u00f3n, en las semanas siguientes, se extendi\u00f3 a otras naciones, hasta llegar a todos los pa\u00edses donde hay comunidades de los Focolares.<\/span><\/span><\/p>\n<p>[\/et_pb_text][\/et_pb_column][et_pb_column type=\u00bb1_3&#8243; _builder_version=\u00bb4.20.4&#8243; _module_preset=\u00bbdefault\u00bb global_colors_info=\u00bb{}\u00bb][et_pb_text _builder_version=\u00bb4.27.4&#8243; _module_preset=\u00bbdefault\u00bb quote_font=\u00bb||on||||||\u00bb header_2_font=\u00bb|600|||||||\u00bb header_2_text_color=\u00bb#FFB300&#8243; header_2_font_size=\u00bb20px\u00bb global_colors_info=\u00bb{}\u00bb]<\/p>\n<p is=\"qowt-word-para\" qowt-lvl=\"undefined\" qowt-entry=\"undefined\" qowt-eid=\"E68\" id=\"E68\" class=\"qowt-stl-NormaleWeb x-scope qowt-word-para-0\"><span is=\"qowt-word-run\" qowt-eid=\"E78\" id=\"E78\" class=\"qowt-font3-Lato\" style=\"font-size: 16px;\"><strong>Por qu\u00e9 |<\/strong><\/span><span is=\"qowt-word-run\" qowt-eid=\"E79\" id=\"E79\" class=\"qowt-font3-Lato\" style=\"font-size: 16px;\"> Con el tiempo y la r\u00e1pida evoluci\u00f3n de las telecomunicaciones, pasamos de la conferencia telef\u00f3nica al sat\u00e9lite y al streaming porque, dec\u00eda Chiara:<\/span><span is=\"qowt-word-run\" qowt-eid=\"E71\" id=\"E71\" class=\"qowt-font3-Lato\"><\/span><\/p>\n<blockquote>\n<p is=\"qowt-word-para\" qowt-lvl=\"undefined\" qowt-entry=\"undefined\" qowt-eid=\"E76\" class=\"qowt-stl-NormaleWeb x-scope qowt-word-para-0\"><span is=\"qowt-word-run\" qowt-eid=\"E79\" id=\"E79\" class=\"qowt-font3-Lato\"> \u00abuna Obra, que tiene como ideal la unidad, una familia cuyos miembros est\u00e1n en todo el planeta debe compartir entre todos, con los medios m\u00e1s r\u00e1pidos y adecuados, alegr\u00edas, dolores, esperanzas, proyectos, experimentar el amor que va y vuelve, hacer juntos el camino, el santo viaje de la vida\u00bb.<\/span><\/p>\n<\/blockquote>\n<p is=\"qowt-word-para\" qowt-lvl=\"undefined\" qowt-entry=\"undefined\" qowt-eid=\"E76\" class=\"qowt-stl-NormaleWeb x-scope qowt-word-para-0\"><span is=\"qowt-word-run\" qowt-eid=\"E79\" class=\"qowt-font3-Lato\"><span is=\"qowt-word-run\" qowt-eid=\"E82\" id=\"E82\" class=\"qowt-font3-Lato\"><strong>Por un mundo unido <span is=\"qowt-word-run\" qowt-eid=\"E78\" id=\"E78\" class=\"qowt-font3-Lato\" style=\"font-size: 16px;\"> |<\/span><\/strong><\/span> <span is=\"qowt-word-run\" qowt-eid=\"E83\" id=\"E83\" class=\"qowt-font3-Lato\">Es una experiencia fuerte y gozosa de la \u00abunidad y universalidad\u00bb que une a millares de personas, repartidas por los cinco continentes, orientadas hacia la fraternidad universal.<\/span><\/span><\/p>\n<p is=\"qowt-word-para\" qowt-lvl=\"undefined\" qowt-entry=\"undefined\" qowt-eid=\"E80\" id=\"E80\" class=\"qowt-stl-NormaleWeb x-scope qowt-word-para-0\">[\/et_pb_text][\/et_pb_column][et_pb_column type=\u00bb1_3&#8243; _builder_version=\u00bb4.20.4&#8243; _module_preset=\u00bbdefault\u00bb global_colors_info=\u00bb{}\u00bb][et_pb_video src=\u00bbhttps:\/\/youtu.be\/znE_zV3afjI\u00bb _builder_version=\u00bb4.26.1&#8243; _module_preset=\u00bbdefault\u00bb border_radii=\u00bbon|7px|7px|7px|7px\u00bb global_colors_info=\u00bb{}\u00bb][\/et_pb_video][et_pb_text _builder_version=\u00bb4.26.1&#8243; _module_preset=\u00bbdefault\u00bb global_colors_info=\u00bb{}\u00bb]<\/p>\n<p><em>Video con audio en italiano &#8211; Para otros idiomas activar los subt\u00edtulos<\/em><\/p>\n<p>[\/et_pb_text][et_pb_video src=\u00bbhttps:\/\/youtu.be\/BJ36wfLEZnI\u00bb _builder_version=\u00bb4.27.2&#8243; _module_preset=\u00bbdefault\u00bb border_radii=\u00bbon|7px|7px|7px|7px\u00bb global_colors_info=\u00bb{}\u00bb][\/et_pb_video][et_pb_video _builder_version=\u00bb4.26.1&#8243; _module_preset=\u00bbdefault\u00bb border_radii=\u00bbon|7px|7px|7px|7px\u00bb global_colors_info=\u00bb{}\u00bb][\/et_pb_video][\/et_pb_column][\/et_pb_row][\/et_pb_section][et_pb_section fb_built=\u00bb1&#8243; admin_label=\u00bbBlog\u00bb _builder_version=\u00bb4.16&#8243; background_color=\u00bb#FFFFFF\u00bb custom_padding=\u00bb29px||23px|||\u00bb border_color_bottom=\u00bbRGBA(255,255,255,0)\u00bb global_colors_info=\u00bb{}\u00bb][et_pb_row column_structure=\u00bb2_3,1_3&#8243; use_custom_gutter=\u00bbon\u00bb admin_label=\u00bbBlog\u00bb _builder_version=\u00bb4.20.4&#8243; custom_padding=\u00bb||2.7%||false|false\u00bb border_color_bottom=\u00bb#F4961B\u00bb global_colors_info=\u00bb{}\u00bb][et_pb_column type=\u00bb2_3&#8243; _builder_version=\u00bb4.20.4&#8243; custom_padding=\u00bb|||\u00bb global_colors_info=\u00bb{}\u00bb custom_padding__hover=\u00bb|||\u00bb][et_pb_text _builder_version=\u00bb4.21.0&#8243; _module_preset=\u00bbdefault\u00bb header_font=\u00bb|||on|||||\u00bb header_2_font=\u00bb|600||on|||||\u00bb header_2_text_color=\u00bb#FFB300&#8243; header_2_font_size=\u00bb20px\u00bb global_colors_info=\u00bb{}\u00bb]<\/p>\n<h2 is=\"qowt-word-para\" qowt-lvl=\"undefined\" qowt-entry=\"undefined\" qowt-eid=\"E63\" id=\"E63\" class=\"qowt-stl-NormaleWeb x-scope qowt-word-para-0\"> EDICIONES ANTERIORES<\/h2>\n<p>[\/et_pb_text][difl_cptgrid post_type=\u00bbproject\u00bb posts_number=\u00bb4&#8243; post_display=\u00bbby_tax\u00bb tax_for_project=\u00bbproject_category\u00bb project_terms_project_category=\u00bb3883,3882&#8243; offset_number=\u00bb1&#8243; column=\u00bb2&#8243; next_prev_icon=\u00bbset_2&#8243; pagination_background_bgcolor=\u00bbRGBA(255,255,255,0)\u00bb _builder_version=\u00bb4.27.4&#8243; _module_preset=\u00bbdefault\u00bb pagination_font=\u00bb|600|||||||\u00bb pagination_text_color=\u00bb#FFB300&#8243; active_pagination_text_color=\u00bb#3FA3D6&#8243; global_colors_info=\u00bb{}\u00bb pagination_text_color__hover_enabled=\u00bbon|desktop\u00bb pagination_text_color__hover=\u00bb#3FA3D6&#8243;][difl_cptitem type=\u00bbimage\u00bb _builder_version=\u00bb4.20.4&#8243; _module_preset=\u00bbdefault\u00bb global_colors_info=\u00bb{}\u00bb][\/difl_cptitem][difl_cptitem type=\u00bbtitle\u00bb _builder_version=\u00bb4.20.4&#8243; _module_preset=\u00bbdefault\u00bb body_font=\u00bb|700|||||||\u00bb body_text_color=\u00bb#3FA3D6&#8243; body_font_size=\u00bb18px\u00bb global_colors_info=\u00bb{}\u00bb][\/difl_cptitem][\/difl_cptgrid][\/et_pb_column][et_pb_column type=\u00bb1_3&#8243; _builder_version=\u00bb4.20.4&#8243; custom_padding=\u00bb|||\u00bb border_width_left=\u00bb1px\u00bb border_color_left=\u00bb#FFB300&#8243; global_colors_info=\u00bb{}\u00bb custom_padding__hover=\u00bb|||\u00bb][et_pb_sidebar _builder_version=\u00bb4.20.4&#8243; _module_preset=\u00bbdefault\u00bb custom_margin=\u00bb|||7%|false|false\u00bb global_colors_info=\u00bb{}\u00bb][\/et_pb_sidebar][\/et_pb_column][\/et_pb_row][\/et_pb_section]<\/p>\n","protected":false},"excerpt":{"rendered":"<p>Conexi\u00f3n<div class=\"et_pb_module difl_cptgrid difl_cptgrid_0\">\n\t\t\t\t\n\t\t\t\t\n\t\t\t\t\n\t\t\t\t\n\t\t\t\t\n\t\t\t\t\n\t\t\t\t<div class=\"et_pb_module_inner\">\n\t\t\t\t\t<div class=\"df_cptgrid_container et_pb_ajax_pagination_container\" data-settings='{\"layout\":\"grid\",\"on_scroll_load\":\"off\",\"use_current_loop\":\"off\",\"post_type\":\"project\",\"posts_number\":\"1\",\"post_display\":\"by_tax\",\"orderby\":\"1\",\"offset_number\":\"0\",\"use_image_as_background\":\"off\",\"use_background_scale\":\"off\",\"equal_height\":\"off\",\"entire_item_clickable\":\"off\",\"taxonomy_values\":null,\"selected_terms\":\"3883,3882\",\"selected_taxonomy\":\"project_category\",\"df_cpt_items\":[{\"type\":\"image\",\"class\":\"difl_cptitem_0\",\"title_tag\":\"h2\",\"post_content\":\"excerpt\",\"use_post_excrpt\":\"off\",\"excerpt_length\":\"270\",\"date_format\":\"M j, Y\",\"show_author_image\":\"off\",\"author_image_size\":\"16\",\"hide_author_text\":\"off\",\"read_more_text\":\"Read More\",\"image_icon\":\"\",\"use_icon\":\"off\",\"font_icon\":\"5\",\"image_size\":\"mid\",\"placement\":\"off\",\"image_scale\":\"no-image-scale\",\"overlay\":\"off\",\"overlay_icon\":\"off\",\"overlay_icon_reveal\":\"df-fade-up\",\"overlay_font_icon\":\"%%16%%\",\"custom_text\":\"\",\"custom_field\":\"\",\"use_custom_field\":\"off\",\"before_tax\":\"\",\"separator_tax\":\", \",\"after_tax\":\"\",\"taxonomy\":\"select_tax\",\"background_enable_mask_style\":\"off\",\"background_enable_pattern_style\":\"off\",\"reading_time_before_label\":\"\",\"reading_time_after_label\":\"\"},{\"type\":\"title\",\"class\":\"difl_cptitem_1\",\"title_tag\":\"h2\",\"post_content\":\"excerpt\",\"use_post_excrpt\":\"off\",\"excerpt_length\":\"270\",\"date_format\":\"M j, Y\",\"show_author_image\":\"off\",\"author_image_size\":\"16\",\"hide_author_text\":\"off\",\"read_more_text\":\"Read More\",\"image_icon\":\"\",\"use_icon\":\"off\",\"font_icon\":\"5\",\"image_size\":\"mid\",\"placement\":\"off\",\"image_scale\":\"no-image-scale\",\"overlay\":\"off\",\"overlay_icon\":\"off\",\"overlay_icon_reveal\":\"df-fade-up\",\"overlay_font_icon\":\"%%16%%\",\"custom_text\":\"\",\"custom_field\":\"\",\"use_custom_field\":\"off\",\"before_tax\":\"\",\"separator_tax\":\", \",\"after_tax\":\"\",\"taxonomy\":\"select_tax\",\"background_enable_mask_style\":\"off\",\"background_enable_pattern_style\":\"off\",\"reading_time_before_label\":\"\",\"reading_time_after_label\":\"\"}],\"df_cpt_items_outside\":null,\"loader\":{\"status\":\"off\",\"color\":\"#284cc1\",\"size\":\"10px\",\"type\":\"classic\",\"background\":\"#ADD8E6\",\"alignment\":\"center\",\"margin\":[\"\"]}}'><div class=\"df-cpts-wrap layout-grid\">                <article id=\"post-400320\" class=\"df-cpt-item v2 post-400320 project type-project status-publish has-post-thumbnail hentry project_category-collegamentoes-es project_category-collegamentoit-es project_tag-notifiche\"\t\t                            >\n                    <div class=\"df-cpt-outer-wrap df-hover-trigger\" >\n                                                <div class=\"df-cpt-inner-wrap\">\n                            <div class=\"df-item-wrap df-cpt-image-wrap difl_cptitem_0 \">\n                    \n                    <a class=\"df-hover-effect no-image-scale\" href=\"https:\/\/www.focolare.org\/es\/video\/es-conexion-22-de-marzo-de-2026\/\"><img loading=\"lazy\" decoding=\"async\" src=\"https:\/\/www.focolare.org\/wp-content\/uploads\/2026\/03\/DSC03668-1-400x250.jpg\" alt=\"ES \u2013 Conexi\u00f3n \u2013 22 de marzo de 2026\" class=\"\" width=\"400\" height=\"250\" \/><\/a>\n                <\/div><div class=\"df-item-wrap df-cpt-title-wrap difl_cptitem_1 \">\n                \n                <h2 class=\"df-cpt-title\">\n                    <a href=\"https:\/\/www.focolare.org\/es\/video\/es-conexion-22-de-marzo-de-2026\/\">\n                        ES \u2013 Conexi\u00f3n \u2013 22 de marzo de 2026\n                    <\/a>\n                <\/h2>\n            <\/div>                        <\/div>\n                    <\/div>\n                <\/article>\n                <\/div><\/div>\n\t\t\t\t<\/div>\n\t\t\t<\/div>PR\u00d3XIMAS CITAS: Domingo, 22 de marzo de 2026, a las 18:00 (UTC + 1) S\u00e1bado, 20 de junio de 2026, a las 18:00 (UTC [&hellip;]<\/p>\n","protected":false},"author":1,"featured_media":0,"parent":0,"menu_order":0,"comment_status":"closed","ping_status":"closed","template":"","meta":{"give_campaign_id":0,"_seopress_robots_primary_cat":"","_seopress_titles_title":"","_seopress_titles_desc":"","_seopress_robots_index":"","_et_pb_use_builder":"on","_et_pb_old_content":"","_et_gb_content_width":"","footnotes":""},"difl_page_category":[],"class_list":["post-283249","page","type-page","status-publish","hentry"],"campaignId":"","_links":{"self":[{"href":"https:\/\/www.focolare.org\/es\/wp-json\/wp\/v2\/pages\/283249","targetHints":{"allow":["GET"]}}],"collection":[{"href":"https:\/\/www.focolare.org\/es\/wp-json\/wp\/v2\/pages"}],"about":[{"href":"https:\/\/www.focolare.org\/es\/wp-json\/wp\/v2\/types\/page"}],"author":[{"embeddable":true,"href":"https:\/\/www.focolare.org\/es\/wp-json\/wp\/v2\/users\/1"}],"replies":[{"embeddable":true,"href":"https:\/\/www.focolare.org\/es\/wp-json\/wp\/v2\/comments?post=283249"}],"version-history":[{"count":12,"href":"https:\/\/www.focolare.org\/es\/wp-json\/wp\/v2\/pages\/283249\/revisions"}],"predecessor-version":[{"id":400343,"href":"https:\/\/www.focolare.org\/es\/wp-json\/wp\/v2\/pages\/283249\/revisions\/400343"}],"wp:attachment":[{"href":"https:\/\/www.focolare.org\/es\/wp-json\/wp\/v2\/media?parent=283249"}],"wp:term":[{"taxonomy":"difl_page_category","embeddable":true,"href":"https:\/\/www.focolare.org\/es\/wp-json\/wp\/v2\/difl_page_category?post=283249"}],"curies":[{"name":"wp","href":"https:\/\/api.w.org\/{rel}","templated":true}]}}