{"id":283884,"date":"2023-09-22T16:17:25","date_gmt":"2023-09-22T14:17:25","guid":{"rendered":"https:\/\/www.focolare.org\/caminos-de-formacion\/"},"modified":"2024-05-13T12:23:58","modified_gmt":"2024-05-13T10:23:58","slug":"caminos-de-formacion","status":"publish","type":"page","link":"https:\/\/www.focolare.org\/es\/caminos-de-formacion\/","title":{"rendered":"Caminos de formaci\u00f3n"},"content":{"rendered":"<p>[et_pb_section fb_built=\u00bb1&#8243; custom_padding_last_edited=\u00bbon|phone\u00bb _builder_version=\u00bb4.22.2&#8243; _module_preset=\u00bbdefault\u00bb background_enable_color=\u00bboff\u00bb background_image=\u00bbhttps:\/\/www.focolare.org\/wp-content\/uploads\/2023\/10\/Percorsi_Formativi02.jpg\u00bb width=\u00bb100%\u00bb max_width=\u00bb100%\u00bb min_height=\u00bb600px\u00bb min_height_tablet=\u00bb600px\u00bb min_height_phone=\u00bb600px\u00bb min_height_last_edited=\u00bbon|phone\u00bb height=\u00bb600px\u00bb height_tablet=\u00bb600px\u00bb height_phone=\u00bb600px\u00bb height_last_edited=\u00bbon|phone\u00bb max_height=\u00bb600px\u00bb custom_margin=\u00bb0px||0px||false|false\u00bb custom_margin_tablet=\u00bb0px||0px||false|false\u00bb custom_margin_phone=\u00bb||0px||false|false\u00bb custom_margin_last_edited=\u00bbon|phone\u00bb custom_padding=\u00bb0px||0px||true|false\u00bb custom_padding_tablet=\u00bb10%||10%||true|false\u00bb custom_padding_phone=\u00bb20%||20%||true|false\u00bb bottom_divider_color=\u00bb#3FA3D6&#8243; bottom_divider_repeat=\u00bb1x\u00bb bottom_divider_flip=\u00bbhorizontal\u00bb locked=\u00bboff\u00bb global_colors_info=\u00bb{}\u00bb][et_pb_row _builder_version=\u00bb4.21.0&#8243; _module_preset=\u00bbdefault\u00bb global_colors_info=\u00bb{}\u00bb][et_pb_column type=\u00bb4_4&#8243; _builder_version=\u00bb4.21.0&#8243; _module_preset=\u00bbdefault\u00bb global_colors_info=\u00bb{}\u00bb][\/et_pb_column][\/et_pb_row][\/et_pb_section][et_pb_section fb_built=\u00bb1&#8243; custom_padding_last_edited=\u00bbon|phone\u00bb _builder_version=\u00bb4.21.0&#8243; _module_preset=\u00bbdefault\u00bb custom_margin=\u00bb||||false|false\u00bb custom_padding=\u00bb||3%||false|false\u00bb custom_padding_tablet=\u00bb||4%||false|false\u00bb custom_padding_phone=\u00bb||20%||false|false\u00bb top_divider_style=\u00bbramp\u00bb top_divider_color=\u00bb#3FA3D6&#8243; top_divider_height=\u00bb150px\u00bb top_divider_repeat=\u00bb1x\u00bb top_divider_flip=\u00bbhorizontal\u00bb bottom_divider_style=\u00bbramp\u00bb bottom_divider_color=\u00bb#FFB300&#8243; bottom_divider_height=\u00bb150px\u00bb bottom_divider_repeat=\u00bb1x\u00bb bottom_divider_flip=\u00bbhorizontal\u00bb locked=\u00bboff\u00bb global_colors_info=\u00bb{}\u00bb][et_pb_row _builder_version=\u00bb4.21.0&#8243; _module_preset=\u00bbdefault\u00bb custom_margin=\u00bb0px||0px||false|false\u00bb custom_margin_tablet=\u00bb0px||0px||false|false\u00bb custom_margin_phone=\u00bb-5%||||false|false\u00bb custom_margin_last_edited=\u00bbon|phone\u00bb custom_padding=\u00bb0px||0px||false|false\u00bb global_colors_info=\u00bb{}\u00bb][et_pb_column type=\u00bb4_4&#8243; _builder_version=\u00bb4.21.0&#8243; _module_preset=\u00bbdefault\u00bb global_colors_info=\u00bb{}\u00bb][et_pb_text _builder_version=\u00bb4.22.2&#8243; _module_preset=\u00bbdefault\u00bb header_font=\u00bb|600|||||||\u00bb header_text_align=\u00bbcenter\u00bb header_text_color=\u00bb#FFFFFF\u00bb header_font_size=\u00bb40px\u00bb custom_margin=\u00bb||3%||false|false\u00bb custom_margin_tablet=\u00bb||0px||false|false\u00bb custom_margin_phone=\u00bb||||false|false\u00bb custom_margin_last_edited=\u00bbon|phone\u00bb custom_padding=\u00bb||||false|false\u00bb global_colors_info=\u00bb{}\u00bb]<\/p>\n<h1>Caminos de formaci\u00f3n<\/h1>\n<p>[\/et_pb_text][\/et_pb_column][\/et_pb_row][\/et_pb_section][et_pb_section fb_built=\u00bb1&#8243; module_id=\u00bbEn comuni\u00f3n\u00bb _builder_version=\u00bb4.20.2&#8243; _module_preset=\u00bbdefault\u00bb custom_padding=\u00bb||0px|||\u00bb global_colors_info=\u00bb{}\u00bb][et_pb_row use_custom_gutter=\u00bbon\u00bb _builder_version=\u00bb4.22.2&#8243; _module_preset=\u00bbdefault\u00bb max_width=\u00bb80%\u00bb custom_margin=\u00bb0px||0px||false|false\u00bb custom_padding=\u00bb0px||0px||false|false\u00bb global_colors_info=\u00bb{}\u00bb][et_pb_column type=\u00bb4_4&#8243; _builder_version=\u00bb4.20.2&#8243; _module_preset=\u00bbdefault\u00bb global_colors_info=\u00bb{}\u00bb][et_pb_text _builder_version=\u00bb4.22.2&#8243; _module_preset=\u00bbdefault\u00bb global_colors_info=\u00bb{}\u00bb]<\/p>\n<div class=\"wpb_column vc_column_container vc_col-sm-6\">\n<div class=\"vc_column-inner vc_custom_1540124150842\">\n<div class=\"wpb_wrapper\">\n<div class=\"wpb_text_column wpb_content_element p { margin-bottom: 3px; }\">\n<div class=\"wpb_wrapper\">\n<blockquote>\n<div style=\"text-align: left;\"><strong>\u201c<i>Nuestro Movimiento y nuestra historia, de hecho,<br \/>pueden considerarse un gran y extraordinario evento educativo.<br \/>Todos los factores de la educaci\u00f3n est\u00e1n presentes<br \/>y tambi\u00e9n es evidente la presencia de una teor\u00eda de la educaci\u00f3n,<br \/>de una pedagog\u00eda bien definida<br \/>que sustenta nuestras acciones educativas<\/i>\u201d<i>.<\/i><\/strong><\/div>\n<\/blockquote>\n<\/div>\n<\/div>\n<\/div>\n<\/div>\n<\/div>\n<p>[\/et_pb_text][et_pb_text _builder_version=\u00bb4.22.2&#8243; _module_preset=\u00bbdefault\u00bb text_font=\u00bb||on||||||\u00bb text_font_size=\u00bb12px\u00bb text_line_height=\u00bb1.2em\u00bb header_font_size=\u00bb10px\u00bb width=\u00bb60%\u00bb max_width=\u00bb60%\u00bb custom_margin=\u00bb0px||0px||false|false\u00bb custom_padding=\u00bb0px||0px||false|false\u00bb global_colors_info=\u00bb{}\u00bb]<\/p>\n<div class=\"wpb_column vc_column_container vc_col-sm-6\">\n<div class=\"vc_column-inner vc_custom_1540124150842\">\n<div class=\"wpb_wrapper\">\n<div class=\"wpb_text_column wpb_content_element p { margin-bottom: 3px; }\">\n<div class=\"wpb_wrapper\">\n<p><span style=\"color: #000000;\">C. LUBICH, <i>Ponencia para la obtenci\u00f3n del t\u00edtulo honoris causa en Pedagog\u00eda<\/i>, American Catholic University, Washington D.C., 10 de noviembre de 2000),<\/span><span style=\"color: #000000;\">en <i>Doctorados honoris causa otorgado a Chiara Lubich, <\/i><i><\/i>(ed.) Centro Chiara Lubich \u2013 Istituto UniversitarioSophia<i>, <\/i>Citt\u00e0 Nuova, Roma 2016<\/span><span><\/span><\/p>\n<p><span><\/span><\/p>\n<p>&nbsp;<\/p>\n<\/div>\n<\/div>\n<\/div>\n<\/div>\n<\/div>\n<p>[\/et_pb_text][et_pb_text _builder_version=\u00bb4.22.2&#8243; _module_preset=\u00bbdefault\u00bb global_colors_info=\u00bb{}\u00bb]<\/p>\n<div class=\"wpb_column vc_column_container vc_col-sm-6\">\n<div class=\"vc_column-inner vc_custom_1540124150842\">\n<div class=\"wpb_wrapper\">\n<div class=\"wpb_text_column wpb_content_element p { margin-bottom: 3px; }\">\n<div class=\"wpb_wrapper\">\n<div style=\"text-align: right;\"><\/div>\n<h3 style=\"text-align: center;\"><span style=\"color: #ff9900;\"><strong>Trabajar en red entre educadores, en la diversidad de roles, y colaborar en los mismos objetivos educativos<br \/><\/strong><\/span><span style=\"color: #ff9900;\"><strong>es un requisito esencial para acompa\u00f1ar mejor a los ni\u00f1os y j\u00f3venes en el proceso de crecimiento humano y espiritual<br \/>y el principal motor de la propuesta educativa.<\/strong><\/span><\/h3>\n<\/div>\n<\/div>\n<\/div>\n<\/div>\n<\/div>\n<p>[\/et_pb_text][\/et_pb_column][\/et_pb_row][\/et_pb_section][et_pb_section fb_built=\u00bb1&#8243; module_id=\u00bbEn di\u00e1logo\u00bb _builder_version=\u00bb4.20.2&#8243; _module_preset=\u00bbdefault\u00bb background_enable_color=\u00bboff\u00bb custom_margin=\u00bb0px||0px||true|false\u00bb custom_padding=\u00bb0px||0px||false|false\u00bb collapsed=\u00bbon\u00bb global_colors_info=\u00bb{}\u00bb][et_pb_row column_structure=\u00bb3_5,2_5&#8243; use_custom_gutter=\u00bbon\u00bb _builder_version=\u00bb4.22.2&#8243; _module_preset=\u00bbdefault\u00bb max_width=\u00bb80%\u00bb global_colors_info=\u00bb{}\u00bb][et_pb_column type=\u00bb3_5&#8243; _builder_version=\u00bb4.20.2&#8243; _module_preset=\u00bbdefault\u00bb global_colors_info=\u00bb{}\u00bb][et_pb_text _builder_version=\u00bb4.23.1&#8243; _module_preset=\u00bbdefault\u00bb text_text_color=\u00bb#777777&#8243; header_text_color=\u00bb#FFFFFF\u00bb header_2_text_color=\u00bb#FFFFFF\u00bb global_colors_info=\u00bb{}\u00bb]<\/p>\n<div class=\"cz_gap clr \">\n<h3 class=\"vc_custom_heading\"><b>EDUxEDU<\/b><\/h3>\n<div class=\"wpb_text_column wpb_content_element \">\n<div class=\"wpb_wrapper\">\n<p class=\"paragraph\" style=\"margin: 0cm; text-align: justify; vertical-align: baseline;\"><span class=\"normaltextrun\"><b><span style=\"font-size: 13.0pt; font-family: 'Calibri',sans-serif;\">EDUxEDU<\/span> <span style=\"user-select: text; -webkit-user-drag: none; -webkit-tap-highlight-color: transparent;\"> \u2013 educarse para educar \u2013 <\/span><\/b><span style=\"user-select: text; -webkit-user-drag: none; -webkit-tap-highlight-color: transparent;\">es un programa internacional de formaci\u00f3n para educadores de ni\u00f1os y j\u00f3venes, promovido por el Movimiento de los Focolares, en colaboraci\u00f3n con el Instituto Universitario Sophia (Incisa Val d&#8217;Arno, Florencia) y la Universidad LUMSA (Roma), y que tiene como forma jur\u00eddica la Asociaci\u00f3n Internacional \u00abHumanidad<\/span> <span style=\"user-select: text; -webkit-user-drag: none; -webkit-tap-highlight-color: transparent; background-image: var(--urlSpellingErrorV2, ); border-bottom: transparent; background-position-x: 0%; background-position-y: 100%;\">Nueva<\/span><span style=\"user-select: text; -webkit-user-drag: none; -webkit-tap-highlight-color: transparent;\">\u201d (ONG).<\/span><\/span><span data-contrast=\"auto\" xml:lang=\"IT-IT\" style=\"user-select: text; -webkit-user-drag: none; -webkit-tap-highlight-color: transparent; font-variant-ligatures: none !important;\"><span style=\"user-select: text; -webkit-user-drag: none; -webkit-tap-highlight-color: transparent;\"><span class=\"normaltextrun\"><span style=\"font-size: 11.0pt; font-family: 'Calibri',sans-serif;\"> <\/span><\/span>En el programa colaboran diversos organismos educativos, comprometidos diariamente en la promoci\u00f3n, valorizaci\u00f3n y apoyo de una cultura para la infancia y la adolescencia en diferentes contextos como la familia, la escuela, la parroquia, el deporte, las asociaciones, la edici\u00f3n, <span style=\"user-select: text; -webkit-user-drag: none; -webkit-tap-highlight-color: transparent; background-image: var(--urlSpellingErrorV2, ); border-bottom: transparent; background-position-x: 0%; background-position-y: 100%;\">etc<\/span>\u2026<\/span><\/span><span data-ccp-props=\"{\"201341983\":0,\"335551550\":6,\"335551620\":6,\"335559739\":120,\"335559740\":240}\" style=\"user-select: text; -webkit-user-drag: none; -webkit-tap-highlight-color: transparent;\"><span class=\"eop\"><span style=\"font-size: 11.0pt; font-family: 'Calibri',sans-serif;\"> <\/span><\/span><\/span><\/p>\n<p><a href=\"https:\/\/eduxedu.focolare.org\/\" target=\"_blank\" rel=\"noopener\"><span data-ccp-props=\"{\"201341983\":0,\"335551550\":6,\"335551620\":6,\"335559739\":120,\"335559740\":240}\" style=\"user-select: text; -webkit-user-drag: none; -webkit-tap-highlight-color: transparent;\"><span class=\"eop\"><span style=\"font-size: 13.0pt; font-family: 'Calibri',sans-serif;\"><strong>\u2192 <\/strong> Ir a la plataforma<\/span><\/span><\/span><\/a><\/p>\n<\/div>\n<\/div>\n<\/div>\n<p>[\/et_pb_text][\/et_pb_column][et_pb_column type=\u00bb2_5&#8243; _builder_version=\u00bb4.22.2&#8243; _module_preset=\u00bbdefault\u00bb global_colors_info=\u00bb{}\u00bb][et_pb_image src=\u00bbhttps:\/\/www.focolare.org\/wp-content\/uploads\/2023\/10\/EduxEdu.png\u00bb title_text=\u00bbEduxEdu\u00bb url=\u00bbhttps:\/\/eduxedu.focolare.org\/\u00bb url_new_window=\u00bbon\u00bb _builder_version=\u00bb4.22.2&#8243; _module_preset=\u00bbdefault\u00bb width=\u00bb45%\u00bb max_width=\u00bb45%\u00bb global_colors_info=\u00bb{}\u00bb][\/et_pb_image][\/et_pb_column][\/et_pb_row][et_pb_row column_structure=\u00bb3_5,2_5&#8243; use_custom_gutter=\u00bbon\u00bb _builder_version=\u00bb4.22.2&#8243; _module_preset=\u00bbdefault\u00bb max_width=\u00bb80%\u00bb global_colors_info=\u00bb{}\u00bb][et_pb_column type=\u00bb3_5&#8243; _builder_version=\u00bb4.20.2&#8243; _module_preset=\u00bbdefault\u00bb global_colors_info=\u00bb{}\u00bb][et_pb_text _builder_version=\u00bb4.23.1&#8243; _module_preset=\u00bbdefault\u00bb text_text_color=\u00bb#777777&#8243; header_text_color=\u00bb#FFFFFF\u00bb header_2_text_color=\u00bb#FFFFFF\u00bb global_colors_info=\u00bb{}\u00bb]<\/p>\n<div class=\"cz_gap clr \">\n<h3 class=\"vc_custom_heading\"><b>Up2Me<\/b><\/h3>\n<div class=\"wpb_text_column wpb_content_element \">\n<div class=\"wpb_wrapper\">\n<p class=\"paragraph\" style=\"margin: 0cm; text-align: justify; vertical-align: baseline;\"><span><span class=\"ui-provider ec axh axi axj axk axl axm axn axo axp axq axr axs axt axu axv axw axx axy axz aya ayb ayc ayd aye ayf ayg ayh ayi ayj ayk ayl aym ayn ayo\" dir=\"ltr\"><strong>El Proyecto Up2Me<\/strong><strong> <\/strong>\u2013 literalmente: <strong>\u201cdepende de mi\u201d \u2013 <\/strong> nace para ofrecer a los ni\u00f1os, preadolescentes, adolescentes y a sus familias un espacio personalizado, compartido y cualificado para conocer y afrontar las emociones, dar vida a relaciones positivas en familia, en la escuela, en los grupos; en definitiva, para ofrecer herramientas para construir un proyecto de vida. <\/span><\/span><\/p>\n<p><span data-ccp-props=\"{\"201341983\":0,\"335551550\":6,\"335551620\":6,\"335559739\":120,\"335559740\":240}\" style=\"user-select: text; -webkit-user-drag: none; -webkit-tap-highlight-color: transparent;\"><span class=\"eop\"><span style=\"font-size: 13.0pt; font-family: 'Calibri',sans-serif;\"><a href=\"https:\/\/up2me.afnonlus.org\/up2me-giovani-un-cantiere-aperto\/\" target=\"_blank\" rel=\"noopener\"><strong>\u2192<\/strong> Ir a la plataforma<\/a> <\/span><\/span><\/span><\/div>\n<\/div>\n<\/div>\n<p>[\/et_pb_text][\/et_pb_column][et_pb_column type=\u00bb2_5&#8243; _builder_version=\u00bb4.22.2&#8243; _module_preset=\u00bbdefault\u00bb global_colors_info=\u00bb{}\u00bb][et_pb_image src=\u00bbhttps:\/\/www.focolare.org\/wp-content\/uploads\/2023\/10\/UP2Me-ok.png\u00bb title_text=\u00bbUP2Me-ok\u00bb url=\u00bbhttps:\/\/up2me.afnonlus.org\/up2me-giovani-un-cantiere-aperto\/\u00bb url_new_window=\u00bbon\u00bb _builder_version=\u00bb4.22.2&#8243; _module_preset=\u00bbdefault\u00bb width=\u00bb45%\u00bb max_width=\u00bb45%\u00bb global_colors_info=\u00bb{}\u00bb][\/et_pb_image][\/et_pb_column][\/et_pb_row][et_pb_row column_structure=\u00bb3_5,2_5&#8243; use_custom_gutter=\u00bbon\u00bb _builder_version=\u00bb4.22.2&#8243; _module_preset=\u00bbdefault\u00bb max_width=\u00bb80%\u00bb global_colors_info=\u00bb{}\u00bb][et_pb_column type=\u00bb3_5&#8243; _builder_version=\u00bb4.20.2&#8243; _module_preset=\u00bbdefault\u00bb global_colors_info=\u00bb{}\u00bb][et_pb_text _builder_version=\u00bb4.23.1&#8243; _module_preset=\u00bbdefault\u00bb text_text_color=\u00bb#777777&#8243; header_text_color=\u00bb#FFFFFF\u00bb header_2_text_color=\u00bb#FFFFFF\u00bb hover_enabled=\u00bb0&#8243; global_colors_info=\u00bb{}\u00bb sticky_enabled=\u00bb0&#8243;]<\/p>\n<h3 style=\"text-align: left;\"><b>FormaT<\/b><\/h3>\n<div class=\"wpb_text_column wpb_content_element \">\n<div class=\"wpb_wrapper\">\n<p style=\"text-align: justify;\"><span>FormaT es un <\/span><span data-contrast=\"none\">itinerario global realizado por formadores para formadores. Est\u00e1 dirigido <\/span><span data-contrast=\"none\">a formadores que acompa\u00f1an a j\u00f3venes de 18 a 30 a\u00f1os en diversos \u00e1mbitos educativos. En el Movimiento de los Focolares sirve <\/span>para la formaci\u00f3n continua de los responsables de la formaci\u00f3n y el acompa\u00f1amiento de j\u00f3venes de 18 a 30 a\u00f1os; para crear una red \u2018glocal\u2019 (global y local) de formadores para crecer juntos; para compartir experiencias, competencias y herramientas para la formaci\u00f3n y el acompa\u00f1amiento de los j\u00f3venes.<br \/>\u00bfQu\u00e9 competencias proporciona? Capacidad de generatividad e innovaci\u00f3n; educaci\u00f3n a la responsabilidad, la donaci\u00f3n y la participaci\u00f3n; activa una nueva forma de trabajar basada en la profesionalidad y la pasi\u00f3n educativa. Apoya una formaci\u00f3n activa (aprender haciendo) y relacional sobre el modelo trinitario e integral.<\/p>\n<p><a href=\"https:\/\/format.focolare.org\/login\/index.php\" target=\"_blank\" rel=\"noopener\"><strong><\/strong><\/a><a href=\"https:\/\/format.focolare.org\/login\/index.php\" target=\"_blank\" rel=\"noopener\"><strong><span data-ccp-props=\"{\"201341983\":0,\"335551550\":6,\"335551620\":6,\"335559739\":120,\"335559740\":240}\" style=\"user-select: text; -webkit-user-drag: none; -webkit-tap-highlight-color: transparent;\"><span class=\"eop\"><span style=\"font-size: 13.0pt; font-family: 'Calibri',sans-serif;\">\u2192 <\/span><\/span><\/span><\/strong>Ir a la plataforma<\/a><\/p>\n<\/div>\n<\/div>\n<p>[\/et_pb_text][\/et_pb_column][et_pb_column type=\u00bb2_5&#8243; _builder_version=\u00bb4.22.2&#8243; _module_preset=\u00bbdefault\u00bb global_colors_info=\u00bb{}\u00bb][et_pb_image src=\u00bbhttps:\/\/www.focolare.org\/wp-content\/uploads\/2023\/10\/FormaT-ok.png\u00bb title_text=\u00bbFormaT-ok\u00bb url=\u00bbhttps:\/\/format.focolare.org\/login\/index.php\u00bb url_new_window=\u00bbon\u00bb _builder_version=\u00bb4.22.2&#8243; _module_preset=\u00bbdefault\u00bb width=\u00bb45%\u00bb max_width=\u00bb45%\u00bb global_colors_info=\u00bb{}\u00bb][\/et_pb_image][\/et_pb_column][\/et_pb_row][et_pb_row column_structure=\u00bb3_5,2_5&#8243; use_custom_gutter=\u00bbon\u00bb _builder_version=\u00bb4.22.2&#8243; _module_preset=\u00bbdefault\u00bb max_width=\u00bb80%\u00bb global_colors_info=\u00bb{}\u00bb][et_pb_column type=\u00bb3_5&#8243; _builder_version=\u00bb4.20.2&#8243; _module_preset=\u00bbdefault\u00bb global_colors_info=\u00bb{}\u00bb][et_pb_text _builder_version=\u00bb4.23.1&#8243; _module_preset=\u00bbdefault\u00bb text_text_color=\u00bb#777777&#8243; header_text_color=\u00bb#FFFFFF\u00bb header_2_text_color=\u00bb#FFFFFF\u00bb hover_enabled=\u00bb0&#8243; global_colors_info=\u00bb{}\u00bb sticky_enabled=\u00bb0&#8243;]<\/p>\n<div class=\"cz_gap clr \">\n<h3 class=\"vc_custom_heading\"><b>UPM<\/b><\/h3>\n<div class=\"wpb_text_column wpb_content_element \">\n<p class=\"wpb_wrapper\"><span>La Universidad Popular Mariana (UPM) tiene como objetivo ense\u00f1ar la <strong> sabidur\u00eda cristiana<\/strong>. Se estructura en cursos anuales o plurianuales. De car\u00e1cter popular, pretende acercar el conocimiento de la fe y la doctrina a personas de todas las regiones y culturas, gracias a las secretar\u00edas locales. <\/span><span>Su v\u00eda e-learning ofrece cursos sobre lo esencial de la fe y la vida cristiana.<\/span><\/p>\n<p><a href=\"https:\/\/www.universitapopolaremariana.org\/\" target=\"_blank\" rel=\"noopener\"><strong><\/strong><strong><span data-ccp-props=\"{\"201341983\":0,\"335551550\":6,\"335551620\":6,\"335559739\":120,\"335559740\":240}\" style=\"user-select: text; -webkit-user-drag: none; -webkit-tap-highlight-color: transparent;\"><span class=\"eop\"><span style=\"font-size: 13.0pt; font-family: 'Calibri',sans-serif;\">\u2192<\/span><\/span><\/span><\/strong> <span data-contrast=\"auto\" lang=\"IT-IT\" style=\"user-select: text; -webkit-user-drag: none; -webkit-tap-highlight-color: transparent; font-variant-ligatures: none !important;\"><span style=\"user-select: text; -webkit-user-drag: none; -webkit-tap-highlight-color: transparent;\"><span class=\"normaltextrun\"><span style=\"font-size: 13.0pt; font-family: 'Calibri',sans-serif;\">Ir a la plataforma<\/span><\/span><\/span><\/span><\/a><\/p>\n<p>&nbsp;<\/p>\n<\/div>\n<\/div>\n<p>[\/et_pb_text][\/et_pb_column][et_pb_column type=\u00bb2_5&#8243; _builder_version=\u00bb4.22.2&#8243; _module_preset=\u00bbdefault\u00bb global_colors_info=\u00bb{}\u00bb][et_pb_image src=\u00bbhttps:\/\/www.focolare.org\/wp-content\/uploads\/2023\/10\/UPM-ok.png\u00bb title_text=\u00bbUPM-ok\u00bb url=\u00bbhttps:\/\/www.universitapopolaremariana.org\/es\/\u00bb url_new_window=\u00bbon\u00bb _builder_version=\u00bb4.22.2&#8243; _module_preset=\u00bbdefault\u00bb width=\u00bb45%\u00bb max_width=\u00bb45%\u00bb global_colors_info=\u00bb{}\u00bb][\/et_pb_image][\/et_pb_column][\/et_pb_row][et_pb_row column_structure=\u00bb3_5,2_5&#8243; use_custom_gutter=\u00bbon\u00bb _builder_version=\u00bb4.22.2&#8243; _module_preset=\u00bbdefault\u00bb max_width=\u00bb80%\u00bb global_colors_info=\u00bb{}\u00bb][et_pb_column type=\u00bb3_5&#8243; _builder_version=\u00bb4.20.2&#8243; _module_preset=\u00bbdefault\u00bb global_colors_info=\u00bb{}\u00bb][et_pb_text _builder_version=\u00bb4.23.1&#8243; _module_preset=\u00bbdefault\u00bb text_text_color=\u00bb#777777&#8243; header_text_color=\u00bb#FFFFFF\u00bb header_2_text_color=\u00bb#FFFFFF\u00bb header_6_text_color=\u00bb#3FA3D6&#8243; hover_enabled=\u00bb0&#8243; global_colors_info=\u00bb{}\u00bb sticky_enabled=\u00bb0&#8243;]<\/p>\n<div class=\"cz_gap clr \">\n<h3 class=\"vc_custom_heading\"><b>Formaci\u00f3n para los miembros consagrados<\/b><\/h3>\n<div class=\"wpb_text_column wpb_content_element \">\n<div class=\"wpb_wrapper\">\n<p style=\"text-align: justify;\"><span>En el camino de la vida hay que asegurar una formaci\u00f3n integral y un acompa\u00f1amiento.<\/span><span><\/span><br \/><span data-contrast=\"auto\">Esta plataforma pretende ser un apoyo para las focolarinas y los focolarinos de todas las partes del mundo y est\u00e1 reservada a ellos, desde que inician su camino de formaci\u00f3n\/vocacional y a lo largo de toda su vida.<\/span><span> <\/span><\/p>\n<p><span>Contacto: <\/span><a href=\"mailto:formazione.p6a@gmail.com\"><span>formazione.p6a@gmail.com<\/span><\/a><\/p>\n<p><a href=\"https:\/\/www.universitapopolaremariana.org\/\" target=\"_blank\" rel=\"noopener\"><strong><\/strong><\/a><a href=\"https:\/\/formazione.focolarine-i.org\/\" target=\"_blank\" rel=\"noopener\"><strong><span data-ccp-props=\"{\"201341983\":0,\"335551550\":6,\"335551620\":6,\"335559739\":120,\"335559740\":240}\" style=\"user-select: text; -webkit-user-drag: none; -webkit-tap-highlight-color: transparent;\"><span class=\"eop\"><span style=\"font-size: 13.0pt; font-family: 'Calibri',sans-serif;\">\u2192<\/span><\/span><\/span><\/strong> Ir a la plataforma<\/a><\/p>\n<p><span data-contrast=\"auto\"><\/span><\/p>\n<\/div>\n<\/div>\n<\/div>\n<p>[\/et_pb_text][\/et_pb_column][et_pb_column type=\u00bb2_5&#8243; _builder_version=\u00bb4.22.2&#8243; _module_preset=\u00bbdefault\u00bb global_colors_info=\u00bb{}\u00bb][et_pb_image src=\u00bbhttps:\/\/www.focolare.org\/wp-content\/uploads\/2023\/10\/Focolare-ok.png\u00bb title_text=\u00bbFocolare-ok\u00bb url=\u00bbhttps:\/\/formazione.focolarine-i.org\/\u00bb url_new_window=\u00bbon\u00bb _builder_version=\u00bb4.22.2&#8243; _module_preset=\u00bbdefault\u00bb width=\u00bb45%\u00bb max_width=\u00bb45%\u00bb global_colors_info=\u00bb{}\u00bb][\/et_pb_image][\/et_pb_column][\/et_pb_row][\/et_pb_section]<\/p>\n","protected":false},"excerpt":{"rendered":"<p>Caminos de formaci\u00f3n \u201cNuestro Movimiento y nuestra historia, de hecho,pueden considerarse un gran y extraordinario evento educativo.Todos los factores de la educaci\u00f3n est\u00e1n presentesy tambi\u00e9n es evidente la presencia de una teor\u00eda de la educaci\u00f3n,de una pedagog\u00eda bien definidaque sustenta nuestras acciones educativas\u201d. C. LUBICH, Ponencia para la obtenci\u00f3n del t\u00edtulo honoris causa en Pedagog\u00eda, [&hellip;]<\/p>\n","protected":false},"author":1,"featured_media":0,"parent":0,"menu_order":0,"comment_status":"closed","ping_status":"closed","template":"","meta":{"give_campaign_id":0,"_seopress_robots_primary_cat":"","_seopress_titles_title":"","_seopress_titles_desc":"","_seopress_robots_index":"","_et_pb_use_builder":"on","_et_pb_old_content":"","_et_gb_content_width":"","footnotes":""},"difl_page_category":[],"class_list":["post-283884","page","type-page","status-publish","hentry"],"campaignId":"","_links":{"self":[{"href":"https:\/\/www.focolare.org\/es\/wp-json\/wp\/v2\/pages\/283884","targetHints":{"allow":["GET"]}}],"collection":[{"href":"https:\/\/www.focolare.org\/es\/wp-json\/wp\/v2\/pages"}],"about":[{"href":"https:\/\/www.focolare.org\/es\/wp-json\/wp\/v2\/types\/page"}],"author":[{"embeddable":true,"href":"https:\/\/www.focolare.org\/es\/wp-json\/wp\/v2\/users\/1"}],"replies":[{"embeddable":true,"href":"https:\/\/www.focolare.org\/es\/wp-json\/wp\/v2\/comments?post=283884"}],"version-history":[{"count":0,"href":"https:\/\/www.focolare.org\/es\/wp-json\/wp\/v2\/pages\/283884\/revisions"}],"wp:attachment":[{"href":"https:\/\/www.focolare.org\/es\/wp-json\/wp\/v2\/media?parent=283884"}],"wp:term":[{"taxonomy":"difl_page_category","embeddable":true,"href":"https:\/\/www.focolare.org\/es\/wp-json\/wp\/v2\/difl_page_category?post=283884"}],"curies":[{"name":"wp","href":"https:\/\/api.w.org\/{rel}","templated":true}]}}