{"id":357248,"date":"2024-06-25T16:56:37","date_gmt":"2024-06-25T14:56:37","guid":{"rendered":"https:\/\/www.focolare.org\/movimiento-parroquial\/"},"modified":"2024-07-12T20:14:21","modified_gmt":"2024-07-12T18:14:21","slug":"movimiento-parroquial","status":"publish","type":"page","link":"https:\/\/www.focolare.org\/es\/movimiento-parroquial\/","title":{"rendered":"Movimiento Parroquial"},"content":{"rendered":"<p>[et_pb_section fb_built=\u00bb1&#8243; custom_padding_last_edited=\u00bbon|phone\u00bb _builder_version=\u00bb4.26.0&#8243; _module_preset=\u00bbdefault\u00bb background_enable_color=\u00bboff\u00bb background_image=\u00bbhttps:\/\/www.focolare.org\/wp-content\/uploads\/2024\/07\/Movimeto-Parrochiale.jpg\u00bb width=\u00bb100%\u00bb max_width=\u00bb100%\u00bb min_height=\u00bb600px\u00bb min_height_tablet=\u00bb600px\u00bb min_height_phone=\u00bb600px\u00bb min_height_last_edited=\u00bbon|phone\u00bb height=\u00bb600px\u00bb height_tablet=\u00bb600px\u00bb height_phone=\u00bb600px\u00bb height_last_edited=\u00bbon|phone\u00bb max_height=\u00bb600px\u00bb custom_margin=\u00bb0px||0px||false|false\u00bb custom_margin_tablet=\u00bb0px||0px||false|false\u00bb custom_margin_phone=\u00bb||0px||false|false\u00bb custom_margin_last_edited=\u00bbon|phone\u00bb custom_padding=\u00bb0px||0px||true|false\u00bb custom_padding_tablet=\u00bb10%||10%||true|false\u00bb custom_padding_phone=\u00bb20%||20%||true|false\u00bb bottom_divider_color=\u00bb#3FA3D6&#8243; bottom_divider_repeat=\u00bb1x\u00bb bottom_divider_flip=\u00bbhorizontal\u00bb hover_enabled=\u00bb0&#8243; locked=\u00bboff\u00bb global_colors_info=\u00bb{}\u00bb title_text=\u00bbMovimeto Parrochiale\u00bb sticky_enabled=\u00bb0&#8243;][et_pb_row _builder_version=\u00bb4.26.0&#8243; _module_preset=\u00bbdefault\u00bb global_colors_info=\u00bb{}\u00bb][et_pb_column type=\u00bb4_4&#8243; _builder_version=\u00bb4.21.0&#8243; _module_preset=\u00bbdefault\u00bb global_colors_info=\u00bb{}\u00bb][\/et_pb_column][\/et_pb_row][\/et_pb_section][et_pb_section fb_built=\u00bb1&#8243; custom_padding_last_edited=\u00bbon|phone\u00bb _builder_version=\u00bb4.21.0&#8243; _module_preset=\u00bbdefault\u00bb custom_margin=\u00bb||||false|false\u00bb custom_padding=\u00bb||3%||false|false\u00bb custom_padding_tablet=\u00bb||4%||false|false\u00bb custom_padding_phone=\u00bb||20%||false|false\u00bb top_divider_style=\u00bbramp\u00bb top_divider_color=\u00bb#3FA3D6&#8243; top_divider_height=\u00bb150px\u00bb top_divider_repeat=\u00bb1x\u00bb top_divider_flip=\u00bbhorizontal\u00bb bottom_divider_style=\u00bbramp\u00bb bottom_divider_color=\u00bb#FFB300&#8243; bottom_divider_height=\u00bb150px\u00bb bottom_divider_repeat=\u00bb1x\u00bb bottom_divider_flip=\u00bbhorizontal\u00bb locked=\u00bboff\u00bb global_colors_info=\u00bb{}\u00bb][et_pb_row _builder_version=\u00bb4.21.0&#8243; _module_preset=\u00bbdefault\u00bb custom_margin=\u00bb0px||0px||false|false\u00bb custom_margin_tablet=\u00bb0px||0px||false|false\u00bb custom_margin_phone=\u00bb-5%||||false|false\u00bb custom_margin_last_edited=\u00bbon|phone\u00bb custom_padding=\u00bb0px||0px||false|false\u00bb global_colors_info=\u00bb{}\u00bb][et_pb_column type=\u00bb4_4&#8243; _builder_version=\u00bb4.21.0&#8243; _module_preset=\u00bbdefault\u00bb global_colors_info=\u00bb{}\u00bb][et_pb_text _builder_version=\u00bb4.25.2&#8243; _module_preset=\u00bbdefault\u00bb header_font=\u00bb|600|||||||\u00bb header_text_align=\u00bbcenter\u00bb header_text_color=\u00bb#FFFFFF\u00bb header_font_size=\u00bb40px\u00bb custom_margin=\u00bb||3%||false|false\u00bb custom_margin_tablet=\u00bb||0px||false|false\u00bb custom_margin_phone=\u00bb||||false|false\u00bb custom_margin_last_edited=\u00bbon|phone\u00bb custom_padding=\u00bb||||false|false\u00bb global_colors_info=\u00bb{}\u00bb]<\/p>\n<h1>Movimiento Parroquial<\/h1>\n<p>[\/et_pb_text][\/et_pb_column][\/et_pb_row][\/et_pb_section][et_pb_section fb_built=\u00bb1&#8243; _builder_version=\u00bb4.20.2&#8243; _module_preset=\u00bbdefault\u00bb global_colors_info=\u00bb{}\u00bb][et_pb_row column_structure=\u00bb1_2,1_2&#8243; use_custom_gutter=\u00bbon\u00bb _builder_version=\u00bb4.20.2&#8243; _module_preset=\u00bbdefault\u00bb max_width=\u00bb80%\u00bb global_colors_info=\u00bb{}\u00bb][et_pb_column type=\u00bb1_2&#8243; _builder_version=\u00bb4.20.2&#8243; _module_preset=\u00bbdefault\u00bb global_colors_info=\u00bb{}\u00bb][et_pb_text quote_border_color=\u00bb#FFB300&#8243; _builder_version=\u00bb4.25.2&#8243; _module_preset=\u00bbdefault\u00bb quote_text_color=\u00bb#3FA3D6&#8243; global_colors_info=\u00bb{}\u00bb]<\/p>\n<div class=\"et_pb_module et_pb_text et_pb_text_4 et_pb_text_align_left et_pb_bg_layout_light\">\n<div class=\"et_pb_text_inner\">\n<p class=\"et_pb_toggle_title\">En la sociedad de la movilidad y de lo digital, no se puede negar que, en tantas partes del mundo est\u00e1 desapareciendo la centralidad de la parroquia. Sin embargo, en los \u00faltimos a\u00f1os ha crecido una nueva conciencia del valor de la misma, \u00abtambi\u00e9n la Iglesia vive en medio de las casas de sus hijos e hijas\u00bb. S\u00ed, porque \u201cfundamentalmente no es una estructura, un territorio, un edificio, es m\u00e1s bien la &#8216;familia de Dios&#8217;\u201d (Juan Pablo II, Christifideles Laici, 26).<\/p>\n<div class=\"et_pb_toggle_content clearfix\">\n<div class=\"cz_sml_inner\">\n<div class=\"cz_wpe_content\">\n<div class=\"wpb_text_column wpb_content_element vc_custom_1594311909068\">\n<div class=\"wpb_wrapper\">\n<p><span>Tambi\u00e9n el<\/span><b>Movimiento parroquial<\/b><span>, que es la expresi\u00f3n del Movimiento de los Focolares en la Iglesia local, apuesta por esto.<\/span><\/p>\n<p><b>Eran los a\u00f1os sesenta.<\/b><span>. Numerosos sacerdotes p\u00e1rrocos, que hab\u00edan tomado contacto con el Movimiento de los Focolares, constataron que la espiritualidad comunitaria que lo caracteriza ten\u00eda una incidencia en sus vidas, en las actividades pastorales y en sus comunidades parroquiales. Muchos de ellos participaron en la audiencia del 13 de julio de 1966 en la que Pablo VI los anim\u00f3 a llevar el esp\u00edritu de las unidad a la iglesia local. Como respuesta a este deseo del Papa, Chiara Lubich dio inicio al Movimiento Parroquial.<\/span><\/p>\n<p><span>A las personas que pertenecen a los Focolares que trabajan al servicio de la parroquia se las invita a animarla, junto con las otras realidades presentes, integr\u00e1ndose \u201ccon gusto a la pastoral org\u00e1nica de la Iglesia particular\u201d (Papa Francisco, <\/span><a href=\"https:\/\/www.vatican.va\/content\/francesco\/es\/apost_exhortations\/documents\/papa-francesco_esortazione-ap_20131124_evangelii-gaudium.html\"><i><span>Evangelii Gaudium<\/span><\/i><\/a><span>, 29).<\/span><\/p>\n<p><span>En el trabajo conjunto, se valora el aporte de las asociaciones y Movimientos, seg\u00fan el carisma de cada uno, al servicio para el bien de todos. Crece la apertura al di\u00e1logo que tiende a suscitar relaciones de comuni\u00f3n fraterna entre todos y apoyar iniciativas orientadas al di\u00e1logo con los miembros de las distintas Iglesias o comunidades eclesiales, con fieles de otras religiones y con personas de convicciones no religiosas presentes en el territorio.<\/span><\/p>\n<p><span>El Movimiento parroquial se ha desarrollado principalmente en numerosos pa\u00edses de Europa y de Am\u00e9rica Latina, pero tambi\u00e9n est\u00e1 presente en Norteam\u00e9rica, en varias naciones de Asia y de \u00c1frica.<\/span><\/p>\n<\/div>\n<\/div>\n<\/div>\n<\/div>\n<\/div>\n<\/div>\n<\/div>\n<p>[\/et_pb_text][et_pb_text quote_border_color=\u00bb#FFB300&#8243; _builder_version=\u00bb4.25.2&#8243; _module_preset=\u00bbdefault\u00bb quote_text_color=\u00bb#3FA3D6&#8243; custom_padding=\u00bb3%||||false|false\u00bb border_color_all=\u00bb#3FA3D6&#8243; border_width_top=\u00bb1px\u00bb global_colors_info=\u00bb{}\u00bb]<\/p>\n<p><strong>Contacto:<br \/><\/strong><span style=\"font-size: 16px;\">movparrdioc@focolare.org<\/span><\/p>\n<p>[\/et_pb_text][\/et_pb_column][et_pb_column type=\u00bb1_2&#8243; _builder_version=\u00bb4.20.2&#8243; _module_preset=\u00bbdefault\u00bb global_colors_info=\u00bb{}\u00bb][et_pb_gallery gallery_ids=\u00bb358909,358904&#8243; show_title_and_caption=\u00bboff\u00bb show_pagination=\u00bboff\u00bb _builder_version=\u00bb4.26.0&#8243; _module_preset=\u00bbdefault\u00bb global_colors_info=\u00bb{}\u00bb][\/et_pb_gallery][\/et_pb_column][\/et_pb_row][\/et_pb_section]<\/p>\n","protected":false},"excerpt":{"rendered":"<p>Movimiento Parroquial En la sociedad de la movilidad y de lo digital, no se puede negar que, en tantas partes del mundo est\u00e1 desapareciendo la centralidad de la parroquia. Sin embargo, en los \u00faltimos a\u00f1os ha crecido una nueva conciencia del valor de la misma, \u00abtambi\u00e9n la Iglesia vive en medio de las casas de [&hellip;]<\/p>\n","protected":false},"author":34,"featured_media":0,"parent":0,"menu_order":0,"comment_status":"closed","ping_status":"closed","template":"","meta":{"give_campaign_id":0,"_seopress_robots_primary_cat":"","_seopress_titles_title":"","_seopress_titles_desc":"","_seopress_robots_index":"","_et_pb_use_builder":"on","_et_pb_old_content":"","_et_gb_content_width":"","footnotes":""},"difl_page_category":[],"class_list":["post-357248","page","type-page","status-publish","hentry"],"campaignId":"","_links":{"self":[{"href":"https:\/\/www.focolare.org\/es\/wp-json\/wp\/v2\/pages\/357248","targetHints":{"allow":["GET"]}}],"collection":[{"href":"https:\/\/www.focolare.org\/es\/wp-json\/wp\/v2\/pages"}],"about":[{"href":"https:\/\/www.focolare.org\/es\/wp-json\/wp\/v2\/types\/page"}],"author":[{"embeddable":true,"href":"https:\/\/www.focolare.org\/es\/wp-json\/wp\/v2\/users\/34"}],"replies":[{"embeddable":true,"href":"https:\/\/www.focolare.org\/es\/wp-json\/wp\/v2\/comments?post=357248"}],"version-history":[{"count":0,"href":"https:\/\/www.focolare.org\/es\/wp-json\/wp\/v2\/pages\/357248\/revisions"}],"wp:attachment":[{"href":"https:\/\/www.focolare.org\/es\/wp-json\/wp\/v2\/media?parent=357248"}],"wp:term":[{"taxonomy":"difl_page_category","embeddable":true,"href":"https:\/\/www.focolare.org\/es\/wp-json\/wp\/v2\/difl_page_category?post=357248"}],"curies":[{"name":"wp","href":"https:\/\/api.w.org\/{rel}","templated":true}]}}