{"id":357251,"date":"2024-06-25T16:43:18","date_gmt":"2024-06-25T14:43:18","guid":{"rendered":"https:\/\/www.focolare.org\/movimiento-diocesano\/"},"modified":"2026-04-01T16:57:58","modified_gmt":"2026-04-01T14:57:58","slug":"movimiento-diocesano","status":"publish","type":"page","link":"https:\/\/www.focolare.org\/es\/movimiento-diocesano\/","title":{"rendered":"Movimiento Diocesano"},"content":{"rendered":"<p>[et_pb_section fb_built=\u00bb1&#8243; custom_padding_last_edited=\u00bbon|phone\u00bb _builder_version=\u00bb4.26.0&#8243; _module_preset=\u00bbdefault\u00bb background_enable_color=\u00bboff\u00bb background_image=\u00bbhttps:\/\/www.focolare.org\/wp-content\/uploads\/2024\/07\/Movimento-Diocesano.jpg\u00bb width=\u00bb100%\u00bb max_width=\u00bb100%\u00bb min_height=\u00bb600px\u00bb min_height_tablet=\u00bb600px\u00bb min_height_phone=\u00bb600px\u00bb min_height_last_edited=\u00bbon|phone\u00bb height=\u00bb600px\u00bb height_tablet=\u00bb600px\u00bb height_phone=\u00bb600px\u00bb height_last_edited=\u00bbon|phone\u00bb max_height=\u00bb600px\u00bb custom_margin=\u00bb0px||0px||false|false\u00bb custom_margin_tablet=\u00bb0px||0px||false|false\u00bb custom_margin_phone=\u00bb||0px||false|false\u00bb custom_margin_last_edited=\u00bbon|phone\u00bb custom_padding=\u00bb0px||0px||true|false\u00bb custom_padding_tablet=\u00bb10%||10%||true|false\u00bb custom_padding_phone=\u00bb20%||20%||true|false\u00bb bottom_divider_color=\u00bb#3FA3D6&#8243; bottom_divider_repeat=\u00bb1x\u00bb bottom_divider_flip=\u00bbhorizontal\u00bb locked=\u00bboff\u00bb global_colors_info=\u00bb{}\u00bb][et_pb_row _builder_version=\u00bb4.26.0&#8243; _module_preset=\u00bbdefault\u00bb background_enable_image=\u00bboff\u00bb global_colors_info=\u00bb{}\u00bb][et_pb_column type=\u00bb4_4&#8243; _builder_version=\u00bb4.21.0&#8243; _module_preset=\u00bbdefault\u00bb global_colors_info=\u00bb{}\u00bb][\/et_pb_column][\/et_pb_row][\/et_pb_section][et_pb_section fb_built=\u00bb1&#8243; custom_padding_last_edited=\u00bbon|phone\u00bb _builder_version=\u00bb4.21.0&#8243; _module_preset=\u00bbdefault\u00bb custom_margin=\u00bb||||false|false\u00bb custom_padding=\u00bb||3%||false|false\u00bb custom_padding_tablet=\u00bb||4%||false|false\u00bb custom_padding_phone=\u00bb||20%||false|false\u00bb top_divider_style=\u00bbramp\u00bb top_divider_color=\u00bb#3FA3D6&#8243; top_divider_height=\u00bb150px\u00bb top_divider_repeat=\u00bb1x\u00bb top_divider_flip=\u00bbhorizontal\u00bb bottom_divider_style=\u00bbramp\u00bb bottom_divider_color=\u00bb#FFB300&#8243; bottom_divider_height=\u00bb150px\u00bb bottom_divider_repeat=\u00bb1x\u00bb bottom_divider_flip=\u00bbhorizontal\u00bb locked=\u00bboff\u00bb global_colors_info=\u00bb{}\u00bb][et_pb_row _builder_version=\u00bb4.21.0&#8243; _module_preset=\u00bbdefault\u00bb custom_margin=\u00bb0px||0px||false|false\u00bb custom_margin_tablet=\u00bb0px||0px||false|false\u00bb custom_margin_phone=\u00bb-5%||||false|false\u00bb custom_margin_last_edited=\u00bbon|phone\u00bb custom_padding=\u00bb0px||0px||false|false\u00bb global_colors_info=\u00bb{}\u00bb][et_pb_column type=\u00bb4_4&#8243; _builder_version=\u00bb4.21.0&#8243; _module_preset=\u00bbdefault\u00bb global_colors_info=\u00bb{}\u00bb][et_pb_text _builder_version=\u00bb4.25.2&#8243; _module_preset=\u00bbdefault\u00bb header_font=\u00bb|600|||||||\u00bb header_text_align=\u00bbcenter\u00bb header_text_color=\u00bb#FFFFFF\u00bb header_font_size=\u00bb40px\u00bb custom_margin=\u00bb||3%||false|false\u00bb custom_margin_tablet=\u00bb||0px||false|false\u00bb custom_margin_phone=\u00bb||||false|false\u00bb custom_margin_last_edited=\u00bbon|phone\u00bb custom_padding=\u00bb||||false|false\u00bb global_colors_info=\u00bb{}\u00bb]<\/p>\n<h1>Movimiento Diocesano<\/h1>\n<p>[\/et_pb_text][\/et_pb_column][\/et_pb_row][\/et_pb_section][et_pb_section fb_built=\u00bb1&#8243; _builder_version=\u00bb4.20.2&#8243; _module_preset=\u00bbdefault\u00bb global_colors_info=\u00bb{}\u00bb][et_pb_row column_structure=\u00bb1_2,1_2&#8243; use_custom_gutter=\u00bbon\u00bb _builder_version=\u00bb4.20.2&#8243; _module_preset=\u00bbdefault\u00bb max_width=\u00bb80%\u00bb global_colors_info=\u00bb{}\u00bb][et_pb_column type=\u00bb1_2&#8243; _builder_version=\u00bb4.20.2&#8243; _module_preset=\u00bbdefault\u00bb global_colors_info=\u00bb{}\u00bb][et_pb_text quote_border_color=\u00bb#FFB300&#8243; _builder_version=\u00bb4.25.2&#8243; _module_preset=\u00bbdefault\u00bb quote_text_color=\u00bb#3FA3D6&#8243; global_colors_info=\u00bb{}\u00bb]<\/p>\n<div class=\"et_pb_module et_pb_text et_pb_text_4 et_pb_text_align_left et_pb_bg_layout_light\">\n<div class=\"et_pb_text_inner\">\n<p class=\"et_pb_toggle_title\">El Movimiento diocesano es una rama del Movimiento de los Focolares que opera al servicio de la Iglesia local. A trav\u00e9s de una intensa vida de comuni\u00f3n, se propone irradiar en las parroquias y di\u00f3cesis, en las que presta su servicio, el carisma de la unidad que lleva y, junto con las otras realidades eclesiales, contribuye a la realizaci\u00f3n de una \u201cIglesia comuni\u00f3n\u201d , como lo auguraba Juan Pablo II en la Novo Millennio Ineunte. <\/p>\n<div class=\"et_pb_toggle_content clearfix\">\n<p><span>Para ello, promueve y alimenta una unidad cada vez m\u00e1s profunda de los fieles alrededor del Obispo, colabora en los diferentes \u00e1mbitos pastorales de la di\u00f3cesis y propone una nueva evangelizaci\u00f3n en las parroquias a trav\u00e9s de la formaci\u00f3n de hombres nuevos, seg\u00fan las diferentes edades, en un estilo comunitario.<\/span><\/p>\n<p><span>El Movimiento diocesano tuvo<\/span><b>sus comienzos en Ascoli Piceno (Italia)<\/b><span>en 1973, cuando en torno a la vida del naciente focolar sacerdotal se form\u00f3 un grupo de j\u00f3venes, atra\u00eddos por el testimonio de unidad de esos sacerdotes.<\/span><\/p>\n<p><span>Chiara Lubich sigui\u00f3 sus desarrollos desde el principio y mantuvo relaci\u00f3n constante con el entonces primer responsable e iniciador, p. Giuseppe Petrocchi, actualmente cardenal arzobispo de L\u2019Aquila. Con el est\u00edmulo de monse\u00f1or Morgante, entonces Obispo de Ascoli, la realidad creci\u00f3 y lleg\u00f3 a una primera aprobaci\u00f3n oficial.  <\/span><\/p>\n<p><span>La experiencia luego se extendi\u00f3 a la di\u00f3cesis de Teramo, desde abril de 1976, recibiendo tambi\u00e9n la aprobaci\u00f3n del obispo local, Mons. Conigli.<\/span><\/p>\n<p><span>En los a\u00f1os siguientes se difundi\u00f3 en otras cuatro di\u00f3cesis italianas. Actualmente el Movimiento diocesano est\u00e1 presente en cinco di\u00f3cesis italianas: \u00c1scoli, Teramo, Fermo, Macerata y Pesaro. <\/span><\/p>\n<\/div>\n<\/div>\n<\/div>\n<p>[\/et_pb_text][et_pb_text quote_border_color=\u00bb#FFB300&#8243; _builder_version=\u00bb4.25.2&#8243; _module_preset=\u00bbdefault\u00bb quote_text_color=\u00bb#3FA3D6&#8243; custom_padding=\u00bb3%||||false|false\u00bb border_color_all=\u00bb#3FA3D6&#8243; border_width_top=\u00bb1px\u00bb global_colors_info=\u00bb{}\u00bb]<\/p>\n<p>&nbsp;<\/p>\n<p><strong>Contacto:<br \/><\/strong><span style=\"font-size: 16px;\">movparrdioc@focolare.org<\/span><\/p>\n<p>[\/et_pb_text][\/et_pb_column][et_pb_column type=\u00bb1_2&#8243; _builder_version=\u00bb4.20.2&#8243; _module_preset=\u00bbdefault\u00bb global_colors_info=\u00bb{}\u00bb][et_pb_gallery gallery_ids=\u00bb358879,358874,358869,358864&#8243; show_title_and_caption=\u00bboff\u00bb show_pagination=\u00bboff\u00bb _builder_version=\u00bb4.26.0&#8243; _module_preset=\u00bbdefault\u00bb global_colors_info=\u00bb{}\u00bb][\/et_pb_gallery][\/et_pb_column][\/et_pb_row][et_pb_row _builder_version=\u00bb4.27.6&#8243; _module_preset=\u00bbdefault\u00bb global_colors_info=\u00bb{}\u00bb][et_pb_column type=\u00bb4_4&#8243; _builder_version=\u00bb4.27.6&#8243; _module_preset=\u00bbdefault\u00bb global_colors_info=\u00bb{}\u00bb][difl_postgrid posts_number=\u00bb6&#8243; post_display=\u00bbby_tag\u00bb include_tags=\u00bb256&#8243; _builder_version=\u00bb4.27.6&#8243; _module_preset=\u00bbdefault\u00bb hover_enabled=\u00bb0&#8243; global_colors_info=\u00bb{}\u00bb sticky_enabled=\u00bb0&#8243; show_pagination=\u00bbon\u00bb][difl_postitem _builder_version=\u00bb4.27.6&#8243; _module_preset=\u00bbdefault\u00bb type=\u00bbimage\u00bb hover_enabled=\u00bb0&#8243; sticky_enabled=\u00bb0&#8243;][\/difl_postitem][difl_postitem _builder_version=\u00bb4.27.6&#8243; _module_preset=\u00bbdefault\u00bb type=\u00bbtitle\u00bb hover_enabled=\u00bb0&#8243; sticky_enabled=\u00bb0&#8243; title_tag=\u00bbh4&#8243;][\/difl_postitem][difl_postitem _builder_version=\u00bb4.27.6&#8243; _module_preset=\u00bbdefault\u00bb type=\u00bbdate\u00bb hover_enabled=\u00bb0&#8243; sticky_enabled=\u00bb0&#8243; post_font_style_text_color=\u00bb#FFB300&#8243; post_font_style_font=\u00bb|600|||||||\u00bb post_font_style_font_size=\u00bb16px\u00bb][\/difl_postitem][\/difl_postgrid][\/et_pb_column][\/et_pb_row][\/et_pb_section]<\/p>\n","protected":false},"excerpt":{"rendered":"<p>Movimiento Diocesano El Movimiento diocesano es una rama del Movimiento de los Focolares que opera al servicio de la Iglesia local. A trav\u00e9s de una intensa vida de comuni\u00f3n, se propone irradiar en las parroquias y di\u00f3cesis, en las que presta su servicio, el carisma de la unidad que lleva y, junto con las otras [&hellip;]<\/p>\n","protected":false},"author":34,"featured_media":0,"parent":0,"menu_order":0,"comment_status":"closed","ping_status":"closed","template":"","meta":{"give_campaign_id":0,"_seopress_robots_primary_cat":"","_seopress_titles_title":"","_seopress_titles_desc":"","_seopress_robots_index":"","_et_pb_use_builder":"on","_et_pb_old_content":"","_et_gb_content_width":"","footnotes":""},"difl_page_category":[],"class_list":["post-357251","page","type-page","status-publish","hentry"],"campaignId":"","_links":{"self":[{"href":"https:\/\/www.focolare.org\/es\/wp-json\/wp\/v2\/pages\/357251","targetHints":{"allow":["GET"]}}],"collection":[{"href":"https:\/\/www.focolare.org\/es\/wp-json\/wp\/v2\/pages"}],"about":[{"href":"https:\/\/www.focolare.org\/es\/wp-json\/wp\/v2\/types\/page"}],"author":[{"embeddable":true,"href":"https:\/\/www.focolare.org\/es\/wp-json\/wp\/v2\/users\/34"}],"replies":[{"embeddable":true,"href":"https:\/\/www.focolare.org\/es\/wp-json\/wp\/v2\/comments?post=357251"}],"version-history":[{"count":4,"href":"https:\/\/www.focolare.org\/es\/wp-json\/wp\/v2\/pages\/357251\/revisions"}],"predecessor-version":[{"id":400717,"href":"https:\/\/www.focolare.org\/es\/wp-json\/wp\/v2\/pages\/357251\/revisions\/400717"}],"wp:attachment":[{"href":"https:\/\/www.focolare.org\/es\/wp-json\/wp\/v2\/media?parent=357251"}],"wp:term":[{"taxonomy":"difl_page_category","embeddable":true,"href":"https:\/\/www.focolare.org\/es\/wp-json\/wp\/v2\/difl_page_category?post=357251"}],"curies":[{"name":"wp","href":"https:\/\/api.w.org\/{rel}","templated":true}]}}