{"id":357257,"date":"2024-06-26T15:36:12","date_gmt":"2024-06-26T13:36:12","guid":{"rendered":"https:\/\/www.focolare.org\/centro-evangelii-gaudium\/"},"modified":"2025-10-10T16:10:19","modified_gmt":"2025-10-10T14:10:19","slug":"centro-evangelii-gaudium","status":"publish","type":"page","link":"https:\/\/www.focolare.org\/es\/centro-evangelii-gaudium\/","title":{"rendered":"Centro Evangelii Gaudium"},"content":{"rendered":"<p>[et_pb_section fb_built=\u00bb1&#8243; custom_padding_last_edited=\u00bbon|phone\u00bb _builder_version=\u00bb4.25.2&#8243; _module_preset=\u00bbdefault\u00bb background_enable_color=\u00bboff\u00bb background_image=\u00bbhttps:\/\/www.focolare.org\/wp-content\/uploads\/2024\/06\/evangelii-gaudium-1.jpg\u00bb width=\u00bb100%\u00bb max_width=\u00bb100%\u00bb min_height=\u00bb600px\u00bb min_height_tablet=\u00bb600px\u00bb min_height_phone=\u00bb600px\u00bb min_height_last_edited=\u00bbon|phone\u00bb height=\u00bb600px\u00bb height_tablet=\u00bb600px\u00bb height_phone=\u00bb600px\u00bb height_last_edited=\u00bbon|phone\u00bb max_height=\u00bb600px\u00bb custom_margin=\u00bb0px||0px||false|false\u00bb custom_margin_tablet=\u00bb0px||0px||false|false\u00bb custom_margin_phone=\u00bb||0px||false|false\u00bb custom_margin_last_edited=\u00bbon|phone\u00bb custom_padding=\u00bb0px||0px||true|false\u00bb custom_padding_tablet=\u00bb10%||10%||true|false\u00bb custom_padding_phone=\u00bb20%||20%||true|false\u00bb bottom_divider_color=\u00bb#3FA3D6&#8243; bottom_divider_repeat=\u00bb1x\u00bb bottom_divider_flip=\u00bbhorizontal\u00bb locked=\u00bboff\u00bb global_colors_info=\u00bb{}\u00bb][et_pb_row _builder_version=\u00bb4.21.0&#8243; _module_preset=\u00bbdefault\u00bb global_colors_info=\u00bb{}\u00bb][et_pb_column type=\u00bb4_4&#8243; _builder_version=\u00bb4.21.0&#8243; _module_preset=\u00bbdefault\u00bb global_colors_info=\u00bb{}\u00bb][\/et_pb_column][\/et_pb_row][\/et_pb_section][et_pb_section fb_built=\u00bb1&#8243; custom_padding_last_edited=\u00bbon|phone\u00bb _builder_version=\u00bb4.21.0&#8243; _module_preset=\u00bbdefault\u00bb custom_margin=\u00bb||||false|false\u00bb custom_padding=\u00bb||3%||false|false\u00bb custom_padding_tablet=\u00bb||4%||false|false\u00bb custom_padding_phone=\u00bb||20%||false|false\u00bb top_divider_style=\u00bbramp\u00bb top_divider_color=\u00bb#3FA3D6&#8243; top_divider_height=\u00bb150px\u00bb top_divider_repeat=\u00bb1x\u00bb top_divider_flip=\u00bbhorizontal\u00bb bottom_divider_style=\u00bbramp\u00bb bottom_divider_color=\u00bb#FFB300&#8243; bottom_divider_height=\u00bb150px\u00bb bottom_divider_repeat=\u00bb1x\u00bb bottom_divider_flip=\u00bbhorizontal\u00bb locked=\u00bboff\u00bb global_colors_info=\u00bb{}\u00bb][et_pb_row _builder_version=\u00bb4.21.0&#8243; _module_preset=\u00bbdefault\u00bb custom_margin=\u00bb0px||0px||false|false\u00bb custom_margin_tablet=\u00bb0px||0px||false|false\u00bb custom_margin_phone=\u00bb-5%||||false|false\u00bb custom_margin_last_edited=\u00bbon|phone\u00bb custom_padding=\u00bb0px||0px||false|false\u00bb global_colors_info=\u00bb{}\u00bb][et_pb_column type=\u00bb4_4&#8243; _builder_version=\u00bb4.21.0&#8243; _module_preset=\u00bbdefault\u00bb global_colors_info=\u00bb{}\u00bb][et_pb_text _builder_version=\u00bb4.25.2&#8243; _module_preset=\u00bbdefault\u00bb header_font=\u00bb|600|||||||\u00bb header_text_align=\u00bbcenter\u00bb header_text_color=\u00bb#FFFFFF\u00bb header_font_size=\u00bb40px\u00bb custom_margin=\u00bb||3%||false|false\u00bb custom_margin_tablet=\u00bb||0px||false|false\u00bb custom_margin_phone=\u00bb||||false|false\u00bb custom_margin_last_edited=\u00bbon|phone\u00bb custom_padding=\u00bb||||false|false\u00bb global_colors_info=\u00bb{}\u00bb]<\/p>\n<h1>Centro <em>Evangelii Gaudium<\/em><\/h1>\n<p>[\/et_pb_text][\/et_pb_column][\/et_pb_row][\/et_pb_section][et_pb_section fb_built=\u00bb1&#8243; _builder_version=\u00bb4.20.2&#8243; _module_preset=\u00bbdefault\u00bb global_colors_info=\u00bb{}\u00bb][et_pb_row column_structure=\u00bb1_2,1_2&#8243; use_custom_gutter=\u00bbon\u00bb _builder_version=\u00bb4.20.2&#8243; _module_preset=\u00bbdefault\u00bb max_width=\u00bb80%\u00bb global_colors_info=\u00bb{}\u00bb][et_pb_column type=\u00bb1_2&#8243; _builder_version=\u00bb4.20.2&#8243; _module_preset=\u00bbdefault\u00bb global_colors_info=\u00bb{}\u00bb][et_pb_text quote_border_color=\u00bb#FFB300&#8243; _builder_version=\u00bb4.27.4&#8243; _module_preset=\u00bbdefault\u00bb quote_text_color=\u00bb#3FA3D6&#8243; hover_enabled=\u00bb0&#8243; global_colors_info=\u00bb{}\u00bb sticky_enabled=\u00bb0&#8243;]<\/p>\n<div class=\"et_pb_module et_pb_text et_pb_text_4 et_pb_text_align_left et_pb_bg_layout_light\">\n<div class=\"et_pb_text_inner\">\n<p>El <strong>Centro Evangelii Gaudium<\/strong> (CEG) es un laboratorio de formaci\u00f3n, de estudio y de investigaci\u00f3n constituido en el <em><br \/>\n  <a href=\"https:\/\/www.sophiauniversity.org\/it\/\" target=\"_blank\" rel=\"noopener\">Instituto Universitario Sophia<\/a><br \/>\n<\/em> (IUS)  de Loppiano (Italia). El nombre deriva de la Exhortaci\u00f3n Apost\u00f3lica <em>Evangelii gaudium<\/em> que el Papa Francisco indic\u00f3 como su programa pastoral y, como tal, tiene por finalidad ser un aporte a la misi\u00f3n eclesial de hacer de la humanidad una \u00fanica familia.<\/p>\n<p>Nacido en 2016, el <strong><br \/>\n  <a href=\"https:\/\/www.sophiauniversity.org\/it\/centro-evangelii-gaudium-2\/\" target=\"_blank\" rel=\"noopener\">CEG <\/a><br \/>\n<\/strong>ha promovido a\u00f1o tras a\u00f1o cursos de formaci\u00f3n para operadores pastorales y para formadores de seminarios, sobre liderazgo y sobre varias tem\u00e1ticas relacionadas con los abusos de autoridad, adem\u00e1s de muchos otros eventos. Desde 2022, en colaboraci\u00f3n con la Secretar\u00eda General del S\u00ednodo, est\u00e1 abocado a promover el proceso sinodal en el que toda la Iglesia est\u00e1 comprometida. Est\u00e1 activo un Curso de formaci\u00f3n a la sinodalidad, en varios idiomas e interactivo. Adem\u00e1s, el CEG organiza seminarios y talleres sobre la sinodalidad y trabaja para crear redes a nivel global a fin de promoverla en los varios \u00e1mbitos de la sociedad.<\/p>\n<\/div>\n<\/div>\n<p>[\/et_pb_text][et_pb_text quote_border_color=\u00bb#FFB300&#8243; _builder_version=\u00bb4.25.2&#8243; _module_preset=\u00bbdefault\u00bb quote_text_color=\u00bb#3FA3D6&#8243; custom_padding=\u00bb3%||||false|false\u00bb border_color_all=\u00bb#3FA3D6&#8243; border_width_top=\u00bb1px\u00bb global_colors_info=\u00bb{}\u00bb]<\/p>\n<p><strong>Contacto<\/strong>:<br \/>\n  <a href=\"mailto:ceg@sophiauniversity.org\">ceg@sophiauniversity.org<\/a>\n<\/p>\n<p>[\/et_pb_text][\/et_pb_column][et_pb_column type=\u00bb1_2&#8243; _builder_version=\u00bb4.20.2&#8243; _module_preset=\u00bbdefault\u00bb global_colors_info=\u00bb{}\u00bb][et_pb_gallery gallery_ids=\u00bb357068,357063,357053,357073,357058&#8243; posts_number=\u00bb5&#8243; show_title_and_caption=\u00bboff\u00bb _builder_version=\u00bb4.25.2&#8243; _module_preset=\u00bbdefault\u00bb global_colors_info=\u00bb{}\u00bb][\/et_pb_gallery][\/et_pb_column][\/et_pb_row][\/et_pb_section]<\/p>\n","protected":false},"excerpt":{"rendered":"<p>Centro Evangelii Gaudium El Centro Evangelii Gaudium (CEG) es un laboratorio de formaci\u00f3n, de estudio y de investigaci\u00f3n constituido en el Instituto Universitario Sophia (IUS) de Loppiano (Italia). El nombre deriva de la Exhortaci\u00f3n Apost\u00f3lica Evangelii gaudium que el Papa Francisco indic\u00f3 como su programa pastoral y, como tal, tiene por finalidad ser un aporte [&hellip;]<\/p>\n","protected":false},"author":34,"featured_media":0,"parent":0,"menu_order":0,"comment_status":"closed","ping_status":"closed","template":"","meta":{"give_campaign_id":0,"_seopress_robots_primary_cat":"","_seopress_titles_title":"","_seopress_titles_desc":"","_seopress_robots_index":"","_et_pb_use_builder":"on","_et_pb_old_content":"","_et_gb_content_width":"","footnotes":""},"difl_page_category":[],"class_list":["post-357257","page","type-page","status-publish","hentry"],"campaignId":"","_links":{"self":[{"href":"https:\/\/www.focolare.org\/es\/wp-json\/wp\/v2\/pages\/357257","targetHints":{"allow":["GET"]}}],"collection":[{"href":"https:\/\/www.focolare.org\/es\/wp-json\/wp\/v2\/pages"}],"about":[{"href":"https:\/\/www.focolare.org\/es\/wp-json\/wp\/v2\/types\/page"}],"author":[{"embeddable":true,"href":"https:\/\/www.focolare.org\/es\/wp-json\/wp\/v2\/users\/34"}],"replies":[{"embeddable":true,"href":"https:\/\/www.focolare.org\/es\/wp-json\/wp\/v2\/comments?post=357257"}],"version-history":[{"count":4,"href":"https:\/\/www.focolare.org\/es\/wp-json\/wp\/v2\/pages\/357257\/revisions"}],"predecessor-version":[{"id":388770,"href":"https:\/\/www.focolare.org\/es\/wp-json\/wp\/v2\/pages\/357257\/revisions\/388770"}],"wp:attachment":[{"href":"https:\/\/www.focolare.org\/es\/wp-json\/wp\/v2\/media?parent=357257"}],"wp:term":[{"taxonomy":"difl_page_category","embeddable":true,"href":"https:\/\/www.focolare.org\/es\/wp-json\/wp\/v2\/difl_page_category?post=357257"}],"curies":[{"name":"wp","href":"https:\/\/api.w.org\/{rel}","templated":true}]}}