{"id":359875,"date":"2024-06-25T10:57:21","date_gmt":"2024-06-25T08:57:21","guid":{"rendered":"https:\/\/www.focolare.org\/?page_id=359875"},"modified":"2024-07-13T10:21:05","modified_gmt":"2024-07-13T08:21:05","slug":"politica-de-cookies","status":"publish","type":"page","link":"https:\/\/www.focolare.org\/es\/politica-de-cookies\/","title":{"rendered":"Pol\u00edtica de cookies"},"content":{"rendered":"\n<p><strong>Informaci\u00f3n extendida sobre los cookies<\/strong><\/p>\n\n\n\n<p><em>Informaci\u00f3n en materia de confidencialidad y tratamiento de los datos personales seg\u00fan el Decreto Legislativo n\u00famero &nbsp;196\/2003 (\u201cC\u00f3digo de confidencialidad\u201d) art\u00edculos 12, 23 y 26 y subsiguientes modificaciones; del Reglamento (Uni\u00f3n Europea) (UE) 2016\/679 (\u201cGDPR\u201d).<\/em><\/p>\n\n\n\n<p>Este sitio web focolare.org&nbsp;utiliza los cookies para ayudar a nuestros usuarios a fin de que tengan una buena experiencia cuando navegan en la p\u00e1gina; ellos permiten, adem\u00e1s, mejorar nuestro sitio.<\/p>\n\n\n\n<p><strong>\u00bfQu\u00e9 es un cookie?<\/strong><\/p>\n\n\n\n<p>Un cookie es un archivo de peque\u00f1as dimensiones en el que est\u00e1n memorizadas algunas informaciones que se refieren a la navegaci\u00f3n de los usuarios; el mismo es enviado desde los sitios web a las terminales &nbsp;(ordenadores, tablets, etc.) de los usuarios que acceden al sitio. Algunos cookies quedan eliminados autom\u00e1ticamente al terminar la sesi\u00f3n de navegaci\u00f3n, mientras que otros quedan memorizados en las terminales, normalmente hospedados en el &nbsp;<em>browser<\/em> (navegador) utilizado (por ejemplo: Internet Explorer, Mozilla Firefox, Google Chrome, etc).<\/p>\n\n\n\n<p><strong>Tipos de cookies y duraci\u00f3n.<\/strong><\/p>\n\n\n\n<p>Ejecutamos regularmente un escaneo de los cookies en nuestro sitio web y mantenemos actualizada nuestra lista de cookies. Clasificamos los cookies en cuatro categor\u00edas:<\/p>\n\n\n\n<ul class=\"wp-block-list\">\n<li><strong>Necesarios:<\/strong>\u00a0Estos cookies son necesarios para el funcionamiento del sitio y no pueden ser desactivados en nuestros sistemas. A menudo se activan s\u00f3lo como respuesta a las acciones que t\u00fa efect\u00faas y que constituyen una solicitud de servicios, como la activaci\u00f3n de las preferencias de confidencialidad, el acceso o el rellenado de formularios; el pedido de utilizar un carrito de compra o de usufructuar los servicios de facturaci\u00f3n electr\u00f3nica. Es posible activar el navegador para bloquear o recibir avisos respecto de estos cookies, pero como consecuencia de ello algunas partes del sitio no funcionar\u00e1n. Estos cookies no archivan informaciones personales.<\/li>\n<\/ul>\n\n\n\n<p>\u2013<em>YSC<\/em>&nbsp;tiene como duraci\u00f3n: la sesi\u00f3n en curso. &nbsp;Registra un ID un\u00edvoco para mantener las estad\u00edsticas de los v\u00eddeos de YouTube que el usuario ha visto.<\/p>\n\n\n\n<p>\u2013<em>wp-wpml_current_language<\/em>&nbsp;tiene como duraci\u00f3n: la sesi\u00f3n en curso.&nbsp; Este cookie es utilizado para marcar la preferencia ling\u00fc\u00edstica del usuario.<\/p>\n\n\n\n<p>\u2013<em>m<\/em>&nbsp;la conservaci\u00f3n caduca despu\u00e9s de 365 d\u00edas desde el acceso: Configurar el stripe.com del proveedor de servicios de pago para la elaboraci\u00f3n de los pagos.<\/p>\n\n\n\n<p>-__<em>stripe_mid<\/em>&nbsp;la conservaci\u00f3n caduca despu\u00e9s de 365 d\u00edas del acceso<\/p>\n\n\n\n<p>-__<em>stripe_sid<\/em> tiene la caducidad de una hora desde el acceso<\/p>\n\n\n\n<p>\u2013<em>hmt_id<\/em>&nbsp;tiene una caducidad de 30 d\u00edas desde el acceso<\/p>\n\n\n\n<p>\u2013<em>illow-consenso<\/em>&nbsp;tiene la duraci\u00f3n de la sesi\u00f3n en curso. Este cookie es utilizado para seguir la pista de un consentimiento prestado en la plataforma.<\/p>\n\n\n\n<p><strong>Marketing:<\/strong>&nbsp;Estos cookies registran las visitas de los usuarios a nuestro sitio web, las p\u00e1ginas que han visitado y los enlaces que han seguido. Utilizaremos estas informaciones para hacer que nuestro sitio web y las notificaciones visualizadas en \u00e9l sean m\u00e1s pertinentes a los intereses de nuestros visitantes.&nbsp;<\/p>\n\n\n\n<p>\u2013<em>VISITOR_INFO1_LIVE<\/em>&nbsp;Caducidad: 180 d\u00edas. &nbsp;Descripci\u00f3n: Trata de estimar la longitud de banda de los usuarios en las p\u00e1ginas con v\u00eddeo de YouTube integrados.<\/p>\n\n\n\n<ul class=\"wp-block-list\">\n<li><strong>Estad\u00edsticas<\/strong>\u00a0Estos cookies nos permiten contar las visitas para poder medir y mejorar las prestaciones de nuestro sitio. Nos ayudan a saber cu\u00e1les son las p\u00e1ginas m\u00e1s o menos populares y ver c\u00f3mo se mueven los visitantes por el sitio. Todas las informaciones recogidas por los cookies se agrupan y por lo tanto son an\u00f3nimas. Si no consientes a estos cookies, no sabremos cu\u00e1ndo has visitado nuestra p\u00e1gina<\/li>\n<\/ul>\n\n\n\n<p><strong>\u2013<\/strong><em>sbjs_migrations<\/em>&nbsp;Caducidad: Sesi\u00f3n Descripci\u00f3n: Rastrea las migraciones de los datos entre las diferentes versiones de Sourcebuster JS. Ello garantiza un funcionamiento regular durante los <em>aggiornamentos<\/em> de la plataforma.<\/p>\n\n\n\n<p>\u2013<em>sbjs_current_add<\/em>&nbsp; Expiraci\u00f3n: Sesi\u00f3n Descripci\u00f3n: Registra la \u00faltima vez que el c\u00f3digo JS de Sourcebuster ha sido agregado a una p\u00e1gina Web.<\/p>\n\n\n\n<p>\u2013<em>sbjs_first_add<\/em>&nbsp;Expiraci\u00f3n: Sesi\u00f3n Descripci\u00f3n: Registra la primera vez que el c\u00f3digo JS de Sourcebuster ha sido agregado a una p\u00e1gina Web<\/p>\n\n\n\n<p>\u2013<em>sbjs_current<\/em>&nbsp;Expiraci\u00f3n: Sesi\u00f3n Descripci\u00f3n: Memoriza la versi\u00f3n corriente de Sourcebuster JS en ejecuci\u00f3n en el navegador. De esta forma es posible mantener la funcionalidad.<\/p>\n\n\n\n<p>\u2013<em>sbjs_first<\/em>&nbsp;Expiraci\u00f3n: Sesi\u00f3n Descripci\u00f3n: Registra la primera vez que se visita una p\u00e1gina Web con c\u00f3digo JS de Sourcebuster.<\/p>\n\n\n\n<p>\u2013<em>sbjs_udata<\/em>&nbsp;Expiraci\u00f3n: Sesi\u00f3n Descripci\u00f3n: Memoriza los datos agrupados relacionados con la actividad de navegaci\u00f3n del usuario en los sitios Web con c\u00f3digo JS de Sourcebuster. Ello incluye informaciones como las p\u00e1ginas visitadas, los eventos ejecutados y el tiempo transcurrido en cada p\u00e1gina. Estos datos son utilizados para mejorar la segmentaci\u00f3n del p\u00fablico y personalizar la experiencia del usuario.<\/p>\n\n\n\n<p>\u2013<em>sbjs_session<\/em>&nbsp;Expiraci\u00f3n: una hora Descripci\u00f3n: Rastrea tus sesiones de navegaci\u00f3n en los sitios Web con c\u00f3digo JS de Sourcebuster para ofrecer una experiencia usuaria m\u00e1s fluida y personalizada.<\/p>\n\n\n\n<p>\u2013<em>tk_or<\/em>&nbsp;Expiraci\u00f3n: 400 d\u00edas Descripci\u00f3n: Memoriza un ID an\u00f3nimo generado de forma casual. Se utiliza s\u00f3lo en el \u00e1rea de administraci\u00f3n y se utiliza para el monitoreo general del an\u00e1lisis.<\/p>\n\n\n\n<p>\u2013<em>tk_r3d<\/em>&nbsp;Expiraci\u00f3n: 3 d\u00edas Descripci\u00f3n: Memoriza un ID an\u00f3nimo generado de forma casual. Se utiliza s\u00f3lo en el \u00e1rea de administraci\u00f3n y se utiliza para el monitoreo general del an\u00e1lisis.<\/p>\n\n\n\n<p>\u2013<em>tk_lr<\/em>&nbsp;Expiraci\u00f3n: 365 d\u00edas Descripci\u00f3n: Memoriza un ID an\u00f3nimo generado de forma casual. Se utiliza s\u00f3lo en el \u00e1rea de administraci\u00f3n y se utiliza para el monitoreo general del an\u00e1lisis.<\/p>\n\n\n\n<ul class=\"wp-block-list\">\n<li><strong>Preferencias:<\/strong>\u00a0\u00c9stos son utilizados para reconocer a los usuarios cuando vuelven a nuestro sitio web. Ello nos permite personalizar nuestros contenidos y recordar sus preferencias (por ejemplo, la opci\u00f3n del idioma o de la regi\u00f3n).\u00a0 No memorizan directamente informaciones personales, sino que se basan \u00fanicamente en la individualizaci\u00f3n de tu navegador y de tu dispositivo internet.\u00a0<\/li>\n<\/ul>\n\n\n\n<p>\u2013<em>bp_ut_session<\/em>&nbsp;Expiraci\u00f3n: 365 d\u00edas.<\/p>\n\n\n\n<p>\u2013<em>VISITOR_PRIVACY_METADATA<\/em>&nbsp;Expiraci\u00f3n: 180 d\u00edas. Descripci\u00f3n: Memoriza las preferencias del usuario relacionadas con YouTube<\/p>\n\n\n\n<p>Seg\u00fan la localidad en la que se encuentra el usuario, \u00e9ste \u00faltimo podr\u00e1 renunciar a cada &nbsp;una de las categor\u00edas de cookies (a excepci\u00f3n de los necesarios) haciendo click en \u201cconfigura autorizaciones personalizadas\u201d en el banner de los cookies de nuestro sitio web.<\/p>\n\n\n\n<p><strong>Sujetos autorizados al tratamiento de los datos personales<\/strong><\/p>\n\n\n\n<p>Tus datos personales se har\u00e1n accesibles s\u00f3lo a personas autorizadas al tratamiento dentro del Movimiento de los Focolares (P.A.F.O.M.). Estos sujetos ser\u00e1n instruidos oportunamente con el fin de evitar la p\u00e9rdida, el acceso a los datos por parte de sujetos no autorizados o de efectuar tratamientos no permitidos por los datos mismos.<\/p>\n\n\n\n<p>Adem\u00e1s, tus datos podr\u00e1n ser tratados por empresas que realizan actividades de naturaleza t\u00e9cnica y organizativa relacionadas con la gesti\u00f3n del sitio web, a cargo de la P.A.F.O.M. en su calidad de Responsables del tratamiento. Estas empresas han suscrito un contrato que disciplina puntualmente los tratamientos que se les han encomendado en materia de protecci\u00f3n de los datos.<\/p>\n\n\n\n<p>La lista actualizada de los sujetos autorizados al tratamiento de los datos est\u00e1 disponible contactando al Responsable de la protecci\u00f3n de los datos en la direcci\u00f3n electr\u00f3nica: &nbsp;<a href=\"mailto:privacy@focolare.org\">privacy@focolare.org<\/a>.<\/p>\n\n\n\n<p><strong>Derechos reconocidos al usuario<\/strong><\/p>\n\n\n\n<p>El Reglamento&nbsp; Uni\u00f3n Europea 2016\/679 (art\u00edculos de 15 a 23) confiere a los interesados, en determinadas circunstancias, el ejercicio de espec\u00edficos derechos. &nbsp;En particular, con relaci\u00f3n&nbsp; al tratamiento de tus datos personales, tienes derecho a pedirle al Movimiento de los Focolares &nbsp;(P.A.F.O.M.) el acceso, la rectificaci\u00f3n, la cancelaci\u00f3n, la portabilidad, la limitaci\u00f3n y presentar la oposici\u00f3n al tratamiento.<\/p>\n\n\n\n<p>Adem\u00e1s, puedes presentar un reclamo respecto de la Autoridad de Control, que en Italia es el Garante para la Protecci\u00f3n de los Datos Personales.<\/p>\n\n\n\n<p>En cualquier momento, para el ejercicio de tus derechos puedes dirigirte al Responsable de la Protecci\u00f3n de los datos enviando una especial solicitud a la direcci\u00f3n&nbsp; electr\u00f3nica: &nbsp;<a href=\"mailto:privacy@focolare.org\">privacy@focolare.org<\/a>.<\/p>\n\n\n\n<p><strong>Desactivaci\u00f3n de los Cookies mediante configuraciones personalizadas<\/strong><\/p>\n\n\n\n<p>Puedes conceder, modificar o revocar tu consentimiento haciendo click en \u201cconfigura permisos personalizados\u201d o en el \u00edcono con la forma de un c\u00edrculo flotante. Tus opciones ser\u00e1n aplicadas a todos los subdominios, garantizando una experiencia de navegaci\u00f3n transparente y atenta a tu privacidad.&nbsp;<\/p>\n\n\n\n<p>Desde el momento en que la instalaci\u00f3n de cookies y de otros sistemas de trazado \u2013operada por terceras partes a trav\u00e9s de los servicios utilizados dentro de este espacio online\u2013 no pueda ser controlada t\u00e9cnicamente por el Titular, toda referencia espec\u00edfica a cookies y sistemas de trazado instalados por terceras partes hay que considerarla indicativa. Para obtener informaciones completas, consulta la <em>privacy policy<\/em>&nbsp;de los eventuales servicios de terceros mencionados en este documento.<\/p>\n\n\n\n<p>El sitito utiliza tambi\u00e9n cookies c.d. anal\u00edticos de terceras partes (por ejemplo, jetpack)&nbsp;que seg\u00fan la normativa aplicable, no necesitan del consentimiento del usuario ya que &nbsp;P.A.F.O.M. &nbsp;ha adoptado (i) id\u00f3neos instrumentos capaces de reducir el &nbsp;c.d. \u201cpoder identificador\u201d de estos &nbsp;cookies y &nbsp;ha suscrito (ii) espec\u00edficos acuerdos con las terceras partes que se han comprometido a utilizar las informaciones recogidas s\u00f3lo con la finalidad de abastecer a P.A.F.O.M. de informaciones estad\u00edsticas sobre la utilizaci\u00f3n del sitio.<\/p>\n\n\n\n<p>6 de julio de 2024<\/p>\n","protected":false},"excerpt":{"rendered":"<p>Informaci\u00f3n extendida sobre los cookies Informaci\u00f3n en materia de confidencialidad y tratamiento de los datos personales seg\u00fan el Decreto Legislativo n\u00famero &nbsp;196\/2003 (\u201cC\u00f3digo de confidencialidad\u201d) art\u00edculos 12, 23 y 26 y subsiguientes modificaciones; del Reglamento (Uni\u00f3n Europea) (UE) 2016\/679 (\u201cGDPR\u201d). Este sitio web focolare.org&nbsp;utiliza los cookies para ayudar a nuestros usuarios a fin de que [&hellip;]<\/p>\n","protected":false},"author":34,"featured_media":0,"parent":0,"menu_order":0,"comment_status":"closed","ping_status":"closed","template":"","meta":{"give_campaign_id":0,"_seopress_robots_primary_cat":"","_seopress_titles_title":"","_seopress_titles_desc":"","_seopress_robots_index":"","_et_pb_use_builder":"off","_et_pb_old_content":"","_et_gb_content_width":"","footnotes":""},"difl_page_category":[],"class_list":["post-359875","page","type-page","status-publish","hentry"],"campaignId":"","_links":{"self":[{"href":"https:\/\/www.focolare.org\/es\/wp-json\/wp\/v2\/pages\/359875","targetHints":{"allow":["GET"]}}],"collection":[{"href":"https:\/\/www.focolare.org\/es\/wp-json\/wp\/v2\/pages"}],"about":[{"href":"https:\/\/www.focolare.org\/es\/wp-json\/wp\/v2\/types\/page"}],"author":[{"embeddable":true,"href":"https:\/\/www.focolare.org\/es\/wp-json\/wp\/v2\/users\/34"}],"replies":[{"embeddable":true,"href":"https:\/\/www.focolare.org\/es\/wp-json\/wp\/v2\/comments?post=359875"}],"version-history":[{"count":0,"href":"https:\/\/www.focolare.org\/es\/wp-json\/wp\/v2\/pages\/359875\/revisions"}],"wp:attachment":[{"href":"https:\/\/www.focolare.org\/es\/wp-json\/wp\/v2\/media?parent=359875"}],"wp:term":[{"taxonomy":"difl_page_category","embeddable":true,"href":"https:\/\/www.focolare.org\/es\/wp-json\/wp\/v2\/difl_page_category?post=359875"}],"curies":[{"name":"wp","href":"https:\/\/api.w.org\/{rel}","templated":true}]}}