{"id":360038,"date":"2024-06-26T11:08:07","date_gmt":"2024-06-26T09:08:07","guid":{"rendered":"https:\/\/www.focolare.org\/movimiento-carismas-por-la-unidad\/"},"modified":"2025-10-08T17:02:30","modified_gmt":"2025-10-08T15:02:30","slug":"movimiento-carismas-por-la-unidad","status":"publish","type":"page","link":"https:\/\/www.focolare.org\/es\/movimiento-carismas-por-la-unidad\/","title":{"rendered":"Movimiento Carismas por la unidad"},"content":{"rendered":"<p>[et_pb_section fb_built=\u00bb1&#8243; custom_padding_last_edited=\u00bbon|phone\u00bb _builder_version=\u00bb4.25.2&#8243; _module_preset=\u00bbdefault\u00bb background_enable_color=\u00bboff\u00bb background_image=\u00bbhttps:\/\/www.focolare.org\/wp-content\/uploads\/2024\/06\/Carismixunita.jpg\u00bb width=\u00bb100%\u00bb max_width=\u00bb100%\u00bb min_height=\u00bb600px\u00bb min_height_tablet=\u00bb600px\u00bb min_height_phone=\u00bb600px\u00bb min_height_last_edited=\u00bbon|phone\u00bb height=\u00bb600px\u00bb height_tablet=\u00bb600px\u00bb height_phone=\u00bb600px\u00bb height_last_edited=\u00bbon|phone\u00bb max_height=\u00bb600px\u00bb custom_margin=\u00bb0px||0px||false|false\u00bb custom_margin_tablet=\u00bb0px||0px||false|false\u00bb custom_margin_phone=\u00bb||0px||false|false\u00bb custom_margin_last_edited=\u00bbon|phone\u00bb custom_padding=\u00bb0px||0px||true|false\u00bb custom_padding_tablet=\u00bb10%||10%||true|false\u00bb custom_padding_phone=\u00bb20%||20%||true|false\u00bb bottom_divider_color=\u00bb#3FA3D6&#8243; bottom_divider_repeat=\u00bb1x\u00bb bottom_divider_flip=\u00bbhorizontal\u00bb locked=\u00bboff\u00bb global_colors_info=\u00bb{}\u00bb][et_pb_row _builder_version=\u00bb4.21.0&#8243; _module_preset=\u00bbdefault\u00bb global_colors_info=\u00bb{}\u00bb][et_pb_column type=\u00bb4_4&#8243; _builder_version=\u00bb4.21.0&#8243; _module_preset=\u00bbdefault\u00bb global_colors_info=\u00bb{}\u00bb][\/et_pb_column][\/et_pb_row][\/et_pb_section][et_pb_section fb_built=\u00bb1&#8243; custom_padding_last_edited=\u00bbon|phone\u00bb _builder_version=\u00bb4.21.0&#8243; _module_preset=\u00bbdefault\u00bb custom_margin=\u00bb||||false|false\u00bb custom_padding=\u00bb||3%||false|false\u00bb custom_padding_tablet=\u00bb||4%||false|false\u00bb custom_padding_phone=\u00bb||20%||false|false\u00bb top_divider_style=\u00bbramp\u00bb top_divider_color=\u00bb#3FA3D6&#8243; top_divider_height=\u00bb150px\u00bb top_divider_repeat=\u00bb1x\u00bb top_divider_flip=\u00bbhorizontal\u00bb bottom_divider_style=\u00bbramp\u00bb bottom_divider_color=\u00bb#FFB300&#8243; bottom_divider_height=\u00bb150px\u00bb bottom_divider_repeat=\u00bb1x\u00bb bottom_divider_flip=\u00bbhorizontal\u00bb locked=\u00bboff\u00bb global_colors_info=\u00bb{}\u00bb][et_pb_row _builder_version=\u00bb4.21.0&#8243; _module_preset=\u00bbdefault\u00bb custom_margin=\u00bb0px||0px||false|false\u00bb custom_margin_tablet=\u00bb0px||0px||false|false\u00bb custom_margin_phone=\u00bb-5%||||false|false\u00bb custom_margin_last_edited=\u00bbon|phone\u00bb custom_padding=\u00bb0px||0px||false|false\u00bb global_colors_info=\u00bb{}\u00bb][et_pb_column type=\u00bb4_4&#8243; _builder_version=\u00bb4.21.0&#8243; _module_preset=\u00bbdefault\u00bb global_colors_info=\u00bb{}\u00bb][et_pb_text _builder_version=\u00bb4.25.2&#8243; _module_preset=\u00bbdefault\u00bb header_font=\u00bb|600|||||||\u00bb header_text_align=\u00bbcenter\u00bb header_text_color=\u00bb#FFFFFF\u00bb header_font_size=\u00bb40px\u00bb custom_margin=\u00bb||3%||false|false\u00bb custom_margin_tablet=\u00bb||0px||false|false\u00bb custom_margin_phone=\u00bb||||false|false\u00bb custom_margin_last_edited=\u00bbon|phone\u00bb custom_padding=\u00bb||||false|false\u00bb global_colors_info=\u00bb{}\u00bb]<\/p>\n<h1>Movimiento Carismas por la unidad<\/h1>\n<p>[\/et_pb_text][\/et_pb_column][\/et_pb_row][\/et_pb_section][et_pb_section fb_built=\u00bb1&#8243; _builder_version=\u00bb4.20.2&#8243; _module_preset=\u00bbdefault\u00bb global_colors_info=\u00bb{}\u00bb][et_pb_row column_structure=\u00bb1_2,1_2&#8243; use_custom_gutter=\u00bbon\u00bb _builder_version=\u00bb4.20.2&#8243; _module_preset=\u00bbdefault\u00bb max_width=\u00bb80%\u00bb global_colors_info=\u00bb{}\u00bb][et_pb_column type=\u00bb1_2&#8243; _builder_version=\u00bb4.20.2&#8243; _module_preset=\u00bbdefault\u00bb global_colors_info=\u00bb{}\u00bb][et_pb_text quote_border_color=\u00bb#FFB300&#8243; _builder_version=\u00bb4.27.4&#8243; _module_preset=\u00bbdefault\u00bb quote_text_color=\u00bb#3FA3D6&#8243; hover_enabled=\u00bb0&#8243; global_colors_info=\u00bb{}\u00bb sticky_enabled=\u00bb0&#8243;]<\/p>\n<div class=\"et_pb_module et_pb_text et_pb_text_4 et_pb_text_align_left et_pb_bg_layout_light\">\n<div class=\"et_pb_text_inner\">\n<p>En un mundo fragmentado y dividido como el nuestro, el testimonio de amor rec\u00edproco vivido por consagradas y consagrados, junto con los laicos que comparten sus respectivos carismas, quiere ser un aporte para la realizaci\u00f3n de la fraternidad universal, con esa espec\u00edfica intuici\u00f3n que en su momento tuvieron los fundadores y las fundadoras de las familias carism\u00e1ticas (\u00f3rdenes e institutos religiosos).<\/p>\n<p>os consagrados y las consagradas, felizmente definidos como \u201cexpertos de comuni\u00f3n\u201d(1), se sintieron llamados a compartir y a dar testimonio de sus respectivos carismas, junto a muchas personas laicas; con ellas apuntan al di\u00e1logo de la vida con todos, cultivando una particular sensibilidad por el ecumenismo, por las relaciones interreligiosas, y tambi\u00e9n por el di\u00e1logo con personas de convicciones distintas y con las varias manifestaciones de la cultura contempor\u00e1nea.<\/p>\n<p>l signo distintivo de la vida consagrada en el camino hist\u00f3rico del pueblo de Dios, la ubica, de una manera privilegiada, en la l\u00ednea de la profec\u00eda evang\u00e9lica. El Papa Francisco les dec\u00eda a los j\u00f3venes: \u00abLa vida consagrada puede ser est\u00e9ril, cuando no es prof\u00e9tica; cuando no se permite so\u00f1ar\u00bb(2). De hecho, la profec\u00eda act\u00faa en los fieles y transforma sus corazones haciendo nacer una humanidad integrada, en donde lo humano y lo divino se fusionan y se expresan como \u201cnueva humanidad\u201d.<\/p>\n<p><strong><span style=\"color: #993300;\">La finalidad espec\u00edfica del MC4U<\/span> <\/strong><\/p>\n<p>El<strong> Movimento <\/strong><strong>\u201c<\/strong><strong>Charism for Unity<\/strong><strong>\u201d <\/strong><strong>(= MC4U)<\/strong> se propone promover iniciativas como jornadas de estudio, de di\u00e1logo y de testimonio, organizando congresos, semanas de espiritualidad, cursos de aggiornamento y simposios que se inspiran en la espiritualidad de la unidad, definida por San Juan Pablo II como Espiritualidad de Comuni\u00f3n(3) y ofrecen su aporte a la eclesiolog\u00eda sinodal.<\/p>\n<p><strong><span style=\"color: #993300;\">C\u00f3me act\u00faa el MC4U<\/span> <\/strong><\/p>\n<p>Por lo tanto, el MC4U es como una realidad que propone a las consagradas, a los consagrados, a los laicos relacionados con un carisma y a las mismas familias carism\u00e1ticas un itinerario de comuni\u00f3n, un camino de relaciones trinitarias y la propuesta concreta de poder hacerse santos juntos; es un camino nuevo que act\u00faa en dos direcciones: hacia la Iglesia y hacia la humanidad.<\/p>\n<p style=\"padding-left: 40px;\"><span style=\"font-size: medium;\"><strong><em>&#8211; Hacia la Iglesia: <\/em><\/strong>el MC4U apunta \u2013a trav\u00e9s de la comuni\u00f3n entre los carismas (es decir la relaci\u00f3n entre las familias religiosas) y con otros componentes eclesiales\u2013 a mostrar el Cuerpo M\u00edstico de Cristo, que es el \u201cCristo desplegado en los siglos\u201d, \u201cun Evangelio vivo\u201d \u2013 para expresarse con las mismas palabras de Chiara Lubich\u2013, y poner de relieve m\u00e1s claramente el \u201cperfil mariano\u201d de la Iglesia \u2013as\u00ed como afirma H. U. von Balthasar\u2013.<\/span><\/p>\n<p style=\"padding-left: 40px;\"><span style=\"font-size: medium;\"><strong><em>&#8211; Hacia <\/em><em>la <\/em><em>humanida<\/em><em>d: <\/em><\/strong>el MC4U ayuda a las familias carism\u00e1ticas a ponerse al servicio de la gente con la fuerza transformadora que surge cuando los distintos carismas se mueven en la reciprocidad.<\/span><\/p>\n<p><strong><span style=\"color: #993300;\">Los j\u00f3venes y los religiosos j\u00f3venes<\/span> <\/strong><\/p>\n<p>Il MC4U offre ai giovani, sia i giovani avvicinati nelle attivit\u00e0 apostoliche proprie di ogni carisma, sia le giovani religiose e religiosi in formazione possibilit\u00e0 di sperimentare la bellezza dei carismi in comunione.<\/p>\n<p><span style=\"color: #993300;\"><strong>Ecumenismo entre los religiosos y Di\u00e1logo interreligioso<\/strong><\/span><\/p>\n<p>El di\u00e1logo ecum\u00e9nico entre personas consagradas de diferentes iglesias es otro camino que la MC4U pretende seguir. El \u00abColoquio Ecum\u00e9nico\u00bb, promovido por la CIVCSVA en el marco del A\u00f1o de la Vida Consagrada (enero de 2015), subray\u00f3 la necesidad de comprometerse en este frente.<\/p>\n<p>El MC4U se compromete a promover y a dar continuidad a los contactos con monjes de otras tradiciones religiosas a trav\u00e9s de un di\u00e1logo constante y duradero.<\/p>\n<p>&nbsp;<\/p>\n<p>1. Plenario SCRIS 1978, <em>Religiosos y Promoci\u00f3n humana<\/em>, n\u00famero 24<br \/>2. Papa Francisco a las y los j\u00f3venes Consagrados, Estado del Vaticano, jueves 17 de septiembre de 2015<br \/>3. Novo Millennium Ineunte, 43<\/p>\n<\/div>\n<\/div>\n<p>[\/et_pb_text][et_pb_text quote_border_color=\u00bb#FFB300&#8243; _builder_version=\u00bb4.26.1&#8243; _module_preset=\u00bbdefault\u00bb quote_text_color=\u00bb#3FA3D6&#8243; custom_padding=\u00bb3%||||false|false\u00bb border_color_all=\u00bb#3FA3D6&#8243; border_width_top=\u00bb1px\u00bb global_colors_info=\u00bb{}\u00bb]<\/p>\n<p><strong>Contacto:<\/strong><\/p>\n<p><span style=\"font-size: 16px;\"><\/span>&#8211; <a href=\"mailto:religiosi@focolare.org\" style=\"font-size: 16px;\">religiosi@focolare.org<\/a><\/p>\n<p><span style=\"font-size: 16px;\"><\/span>&#8211; <a href=\"mailto:villa.achillia@focolare.org\" style=\"font-size: 16px;\">villa.achillia@focolare.org<\/a><\/p>\n<p>[\/et_pb_text][\/et_pb_column][et_pb_column type=\u00bb1_2&#8243; _builder_version=\u00bb4.20.2&#8243; _module_preset=\u00bbdefault\u00bb global_colors_info=\u00bb{}\u00bb][et_pb_video src=\u00bbhttps:\/\/youtu.be\/0GjRlPMh3qs\u00bb _builder_version=\u00bb4.25.2&#8243; _module_preset=\u00bbdefault\u00bb global_colors_info=\u00bb{}\u00bb][\/et_pb_video][et_pb_text _builder_version=\u00bb4.25.2&#8243; _module_preset=\u00bbdefault\u00bb custom_margin=\u00bb-20px||||false|false\u00bb custom_padding=\u00bb0px||||false|false\u00bb global_colors_info=\u00bb{}\u00bb]<\/p>\n<p style=\"text-align: center;\">Video en italiano. Seleccionar los subt\u00edtulos en espa\u00f1ol <\/p>\n<p>[\/et_pb_text][et_pb_gallery gallery_ids=\u00bb357037,357026,356991,356996,357031,357005&#8243; show_title_and_caption=\u00bboff\u00bb _builder_version=\u00bb4.25.2&#8243; _module_preset=\u00bbdefault\u00bb global_colors_info=\u00bb{}\u00bb][\/et_pb_gallery][\/et_pb_column][\/et_pb_row][\/et_pb_section]<\/p>\n","protected":false},"excerpt":{"rendered":"<p>Movimiento Carismas por la unidad En un mundo fragmentado y dividido como el nuestro, el testimonio de amor rec\u00edproco vivido por consagradas y consagrados, junto con los laicos que comparten sus respectivos carismas, quiere ser un aporte para la realizaci\u00f3n de la fraternidad universal, con esa espec\u00edfica intuici\u00f3n que en su momento tuvieron los fundadores [&hellip;]<\/p>\n","protected":false},"author":34,"featured_media":0,"parent":0,"menu_order":0,"comment_status":"closed","ping_status":"closed","template":"","meta":{"give_campaign_id":0,"_seopress_robots_primary_cat":"","_seopress_titles_title":"","_seopress_titles_desc":"","_seopress_robots_index":"","_et_pb_use_builder":"on","_et_pb_old_content":"","_et_gb_content_width":"","footnotes":""},"difl_page_category":[],"class_list":["post-360038","page","type-page","status-publish","hentry"],"campaignId":"","_links":{"self":[{"href":"https:\/\/www.focolare.org\/es\/wp-json\/wp\/v2\/pages\/360038","targetHints":{"allow":["GET"]}}],"collection":[{"href":"https:\/\/www.focolare.org\/es\/wp-json\/wp\/v2\/pages"}],"about":[{"href":"https:\/\/www.focolare.org\/es\/wp-json\/wp\/v2\/types\/page"}],"author":[{"embeddable":true,"href":"https:\/\/www.focolare.org\/es\/wp-json\/wp\/v2\/users\/34"}],"replies":[{"embeddable":true,"href":"https:\/\/www.focolare.org\/es\/wp-json\/wp\/v2\/comments?post=360038"}],"version-history":[{"count":5,"href":"https:\/\/www.focolare.org\/es\/wp-json\/wp\/v2\/pages\/360038\/revisions"}],"predecessor-version":[{"id":388617,"href":"https:\/\/www.focolare.org\/es\/wp-json\/wp\/v2\/pages\/360038\/revisions\/388617"}],"wp:attachment":[{"href":"https:\/\/www.focolare.org\/es\/wp-json\/wp\/v2\/media?parent=360038"}],"wp:term":[{"taxonomy":"difl_page_category","embeddable":true,"href":"https:\/\/www.focolare.org\/es\/wp-json\/wp\/v2\/difl_page_category?post=360038"}],"curies":[{"name":"wp","href":"https:\/\/api.w.org\/{rel}","templated":true}]}}