{"id":368487,"date":"2024-12-02T18:12:44","date_gmt":"2024-12-02T17:12:44","guid":{"rendered":"https:\/\/www.focolare.org\/ano-santo-2025\/"},"modified":"2026-02-25T08:56:34","modified_gmt":"2026-02-25T07:56:34","slug":"centro-internacional","status":"publish","type":"page","link":"https:\/\/www.focolare.org\/es\/centro-internacional\/","title":{"rendered":"Centro Internacional"},"content":{"rendered":"<p>[et_pb_section fb_built=\u00bb1&#8243; custom_padding_last_edited=\u00bbon|phone\u00bb _builder_version=\u00bb4.27.5&#8243; _module_preset=\u00bbdefault\u00bb background_enable_color=\u00bboff\u00bb background_image=\u00bbhttps:\/\/www.focolare.org\/wp-content\/uploads\/2026\/01\/CentroInternazionale.png\u00bb width=\u00bb100%\u00bb max_width=\u00bb100%\u00bb min_height_tablet=\u00bb600px\u00bb min_height_phone=\u00bb600px\u00bb min_height_last_edited=\u00bbon|phone\u00bb height_tablet=\u00bb600px\u00bb height_phone=\u00bb600px\u00bb height_last_edited=\u00bbon|phone\u00bb custom_margin=\u00bb0px||0px||false|false\u00bb custom_margin_tablet=\u00bb0px||0px||false|false\u00bb custom_margin_phone=\u00bb||0px||false|false\u00bb custom_margin_last_edited=\u00bbon|phone\u00bb custom_padding=\u00bb15%||15%||true|false\u00bb custom_padding_tablet=\u00bb10%||10%||true|false\u00bb custom_padding_phone=\u00bb20%||20%||true|false\u00bb bottom_divider_color=\u00bb#3FA3D6&#8243; bottom_divider_repeat=\u00bb1x\u00bb bottom_divider_flip=\u00bbhorizontal\u00bb locked=\u00bboff\u00bb global_colors_info=\u00bb{}\u00bb][\/et_pb_section][et_pb_section fb_built=\u00bb1&#8243; custom_padding_last_edited=\u00bbon|phone\u00bb _builder_version=\u00bb4.21.0&#8243; _module_preset=\u00bbdefault\u00bb custom_margin=\u00bb||||false|false\u00bb custom_padding=\u00bb||3%||false|false\u00bb custom_padding_tablet=\u00bb||4%||false|false\u00bb custom_padding_phone=\u00bb||20%||false|false\u00bb top_divider_style=\u00bbramp\u00bb top_divider_color=\u00bb#3FA3D6&#8243; top_divider_height=\u00bb150px\u00bb top_divider_repeat=\u00bb1x\u00bb top_divider_flip=\u00bbhorizontal\u00bb bottom_divider_style=\u00bbramp\u00bb bottom_divider_color=\u00bb#FFB300&#8243; bottom_divider_height=\u00bb150px\u00bb bottom_divider_repeat=\u00bb1x\u00bb bottom_divider_flip=\u00bbhorizontal\u00bb locked=\u00bboff\u00bb global_colors_info=\u00bb{}\u00bb][et_pb_row _builder_version=\u00bb4.27.3&#8243; _module_preset=\u00bbdefault\u00bb custom_margin=\u00bb0px||0px||false|false\u00bb custom_margin_tablet=\u00bb0px||0px||false|false\u00bb custom_margin_phone=\u00bb-5%||||false|false\u00bb custom_margin_last_edited=\u00bbon|phone\u00bb custom_padding=\u00bb0px||0px||false|false\u00bb global_colors_info=\u00bb{}\u00bb][et_pb_column type=\u00bb4_4&#8243; _builder_version=\u00bb4.21.0&#8243; _module_preset=\u00bbdefault\u00bb global_colors_info=\u00bb{}\u00bb][et_pb_text _builder_version=\u00bb4.27.5&#8243; _module_preset=\u00bbdefault\u00bb header_font=\u00bb|600|||||||\u00bb header_text_align=\u00bbcenter\u00bb header_text_color=\u00bb#FFFFFF\u00bb header_font_size=\u00bb40px\u00bb custom_margin=\u00bb||3%||false|false\u00bb custom_margin_tablet=\u00bb||0px||false|false\u00bb custom_margin_phone=\u00bb||||false|false\u00bb custom_margin_last_edited=\u00bbon|phone\u00bb custom_padding=\u00bb||||false|false\u00bb global_colors_info=\u00bb{}\u00bb]<\/p>\n<h1>Centro Internacional<\/h1>\n<p>[\/et_pb_text][\/et_pb_column][\/et_pb_row][\/et_pb_section][et_pb_section fb_built=\u00bb1&#8243; _builder_version=\u00bb4.27.4&#8243; _module_preset=\u00bbdefault\u00bb global_colors_info=\u00bb{}\u00bb][\/et_pb_section][et_pb_section fb_built=\u00bb1&#8243; _builder_version=\u00bb4.27.4&#8243; _module_preset=\u00bbdefault\u00bb background_color=\u00bb#EEEEEE\u00bb custom_margin=\u00bb-50px||0px||false|false\u00bb custom_padding=\u00bb2%||2%||true|false\u00bb border_width_top=\u00bb3px\u00bb border_color_top=\u00bb#FFB300&#8243; border_width_bottom=\u00bb3px\u00bb border_color_bottom=\u00bb#FFB300&#8243; locked=\u00bboff\u00bb global_colors_info=\u00bb{}\u00bb][et_pb_row column_structure=\u00bb3_5,2_5&#8243; _builder_version=\u00bb4.27.4&#8243; _module_preset=\u00bbdefault\u00bb global_colors_info=\u00bb{}\u00bb][et_pb_column type=\u00bb3_5&#8243; _builder_version=\u00bb4.27.4&#8243; _module_preset=\u00bbdefault\u00bb global_colors_info=\u00bb{}\u00bb][et_pb_text _builder_version=\u00bb4.27.5&#8243; _module_preset=\u00bbdefault\u00bb hover_enabled=\u00bb0&#8243; global_colors_info=\u00bb{}\u00bb sticky_enabled=\u00bb0&#8243;]<\/p>\n<h3><span style=\"color: #ff6600;\"><strong>Centro Internacional del Movimiento de los Focolares<\/strong><\/span><\/h3>\n<p><span>Il centro Internazionale \u00e8 al servizio di tutto il Movimento dei Focolari sparso nel mondo, in tutte le sue diramazioni e azioni. Qui si trovano tutti i vari \u201ccentri\u201d (uffici) del Movimento, che rappresentano e sostengono a livello internazionale tutte le espressioni dei Focolari. <\/span><\/p>\n<p>Es posible, individualmente o en grupos organizados, visitar <strong>el<\/strong> <strong>Centro Internacional de los Focolares <\/strong>en Rocca di Papa (a 10 km de Roma), donde se encuentra la capilla que custodia la tumba de Chiara Lubich, fundadora del Movimiento de los Focolares, junto con la de los dos cofundadores, Igino Giordani y don Pasquale Foresi. Aqu\u00ed tambi\u00e9n se puede <strong>visitar la casa donde vivi\u00f3 Chiara Lubich<\/strong> o conocer a personas de diversas vocaciones, seg\u00fan los intereses de cada grupo. <\/p>\n<p><span data-teams=\"true\">El Centro Internacional se puede visitar todos los d\u00edas de 10:00 a 17:00.<\/span><br \/>De lunes a viernes se celebra la Santa Misa a las 12:00 en el auditorio. <br \/>Hay aparcamiento gratuito tanto para coches como para autobuses.<\/p>\n<p>[\/et_pb_text][\/et_pb_column][et_pb_column type=\u00bb2_5&#8243; _builder_version=\u00bb4.27.4&#8243; _module_preset=\u00bbdefault\u00bb global_colors_info=\u00bb{}\u00bb][et_pb_image src=\u00bbhttps:\/\/www.focolare.org\/wp-content\/uploads\/2024\/12\/CI-e1733301845438.jpg\u00bb title_text=\u00bbCI\u00bb _builder_version=\u00bb4.27.4&#8243; _module_preset=\u00bbdefault\u00bb global_colors_info=\u00bb{}\u00bb][\/et_pb_image][et_pb_text _builder_version=\u00bb4.27.4&#8243; _module_preset=\u00bbdefault\u00bb global_colors_info=\u00bb{}\u00bb]<\/p>\n<h4><span style=\"color: #ff6600;\"><strong><\/strong><\/span><\/h4>\n<p><span style=\"color: #ff6600;\"><strong>Para reservar una visita grupal o individual, <a href=\"https:\/\/www.focolare.org\/es\/formulario-de-reserva\/\">complete el formulario en esta p\u00e1gina.<\/a><\/strong><\/span><\/p>\n<p>Para solicitar informaci\u00f3n escribir a: <a href=\"mailto:accoglienza@focolare.org\">accoglienza@focolare.org<\/a><\/p>\n<p>[\/et_pb_text][\/et_pb_column][\/et_pb_row][et_pb_row _builder_version=\u00bb4.27.4&#8243; _module_preset=\u00bbdefault\u00bb custom_margin=\u00bb13px||||false|false\u00bb global_colors_info=\u00bb{}\u00bb][et_pb_column type=\u00bb4_4&#8243; _builder_version=\u00bb4.27.4&#8243; _module_preset=\u00bbdefault\u00bb global_colors_info=\u00bb{}\u00bb][et_pb_text _builder_version=\u00bb4.27.4&#8243; _module_preset=\u00bbdefault\u00bb min_height=\u00bb29px\u00bb custom_margin=\u00bb-39px||||false|false\u00bb global_colors_info=\u00bb{}\u00bb]<\/p>\n<h3><span style=\"color: #ff6600;\"><strong>C\u00f3mo llegar al Centro Internacional: <\/strong><\/span><\/h3>\n<p>[\/et_pb_text][\/et_pb_column][\/et_pb_row][et_pb_row column_structure=\u00bb1_4,3_4&#8243; _builder_version=\u00bb4.27.4&#8243; _module_preset=\u00bbdefault\u00bb custom_margin=\u00bb-81px||||false|false\u00bb global_colors_info=\u00bb{}\u00bb][et_pb_column type=\u00bb1_4&#8243; _builder_version=\u00bb4.27.4&#8243; _module_preset=\u00bbdefault\u00bb global_colors_info=\u00bb{}\u00bb][et_pb_image src=\u00bbhttps:\/\/www.focolare.org\/wp-content\/uploads\/2024\/12\/Aereo.png\u00bb title_text=\u00bbAereo\u00bb align=\u00bbright\u00bb _builder_version=\u00bb4.27.4&#8243; _module_preset=\u00bbdefault\u00bb width=\u00bb30%\u00bb max_width=\u00bb100%\u00bb module_alignment=\u00bbcenter\u00bb custom_margin=\u00bb|||0px|false|false\u00bb custom_padding=\u00bb|||0px|false|false\u00bb global_colors_info=\u00bb{}\u00bb][\/et_pb_image][\/et_pb_column][et_pb_column type=\u00bb3_4&#8243; _builder_version=\u00bb4.27.4&#8243; _module_preset=\u00bbdefault\u00bb global_colors_info=\u00bb{}\u00bb][et_pb_text _builder_version=\u00bb4.27.4&#8243; _module_preset=\u00bbdefault\u00bb global_colors_info=\u00bb{}\u00bb]<\/p>\n<p><strong>DESDE EL AEROPUERTO DE FIUMICINO<\/strong><\/p>\n<p>Tomar el tren Regional F1 o Leonardo Express hasta Roma Termini (<a href=\"http:\/\/www.adr.it\/pax-fco-treno-collegamenti\" target=\"_blank\" rel=\"noopener\">para m\u00e1s informaci\u00f3n clicar aqu\u00ed<\/a>) o tomar un autob\u00fas hasta la estaci\u00f3n de tren de Roma Termini. Desde all\u00ed continuar en tren en direcci\u00f3n Frascati y luego en autob\u00fas hasta Rocca di Papa, bajando en la Sede Internacional del Movimiento de los Focolares (segunda parada despu\u00e9s de la rotonda de Squarciarelli). <\/p>\n<p><strong>DESDE EL AEROPUERTO DE CIAMPINO<\/strong><\/p>\n<p>Tomar el autob\u00fas <em>Terravision <\/em>o <em>Sitshuttle <\/em>hasta la estaci\u00f3n de tren de Ciampino y desde all\u00ed continuar con el tren hasta Frascati y luego con el autob\u00fas hasta Rocca di Papa, bajando en via Frascati 306, frente a la Sede Internacional del Movimiento de los Focolares (segunda parada despu\u00e9s de la rotonda de Squarciarelli).<\/p>\n<p>[\/et_pb_text][\/et_pb_column][\/et_pb_row][et_pb_row column_structure=\u00bb1_4,3_4&#8243; _builder_version=\u00bb4.27.4&#8243; _module_preset=\u00bbdefault\u00bb custom_margin=\u00bb0px||||false|false\u00bb custom_padding=\u00bb0px||||false|false\u00bb global_colors_info=\u00bb{}\u00bb][et_pb_column type=\u00bb1_4&#8243; _builder_version=\u00bb4.27.4&#8243; _module_preset=\u00bbdefault\u00bb global_colors_info=\u00bb{}\u00bb][et_pb_image src=\u00bbhttps:\/\/www.focolare.org\/wp-content\/uploads\/2024\/12\/Treno.png\u00bb title_text=\u00bbTreno\u00bb align=\u00bbright\u00bb _builder_version=\u00bb4.27.4&#8243; _module_preset=\u00bbdefault\u00bb width=\u00bb30%\u00bb max_width=\u00bb100%\u00bb module_alignment=\u00bbcenter\u00bb custom_margin=\u00bb|||0px|false|false\u00bb custom_padding=\u00bb|||0px|false|false\u00bb global_colors_info=\u00bb{}\u00bb][\/et_pb_image][\/et_pb_column][et_pb_column type=\u00bb3_4&#8243; _builder_version=\u00bb4.27.4&#8243; _module_preset=\u00bbdefault\u00bb global_colors_info=\u00bb{}\u00bb][et_pb_text _builder_version=\u00bb4.27.4&#8243; _module_preset=\u00bbdefault\u00bb global_colors_info=\u00bb{}\u00bb]<\/p>\n<p><strong>DESDE LA ESTACI\u00d3N DE TRENES ROMA TERMINI<\/strong><\/p>\n<p>Tomar la l\u00ednea A del metro en direcci\u00f3n Anagnina. Luego tomar el autob\u00fas hasta Rocca di Papa y bajar en via Frascati 306, frente a la Sede Internacional del Movimiento de los Focolares (segunda parada despu\u00e9s de la rotonda de Squarciarelli). <\/p>\n<p>[\/et_pb_text][\/et_pb_column][\/et_pb_row][et_pb_row column_structure=\u00bb1_4,3_4&#8243; _builder_version=\u00bb4.27.4&#8243; _module_preset=\u00bbdefault\u00bb custom_margin=\u00bb0px||||false|false\u00bb custom_padding=\u00bb0px||||false|false\u00bb global_colors_info=\u00bb{}\u00bb][et_pb_column type=\u00bb1_4&#8243; _builder_version=\u00bb4.27.4&#8243; _module_preset=\u00bbdefault\u00bb global_colors_info=\u00bb{}\u00bb][et_pb_image src=\u00bbhttps:\/\/www.focolare.org\/wp-content\/uploads\/2024\/12\/Machina.png\u00bb title_text=\u00bbMachina\u00bb align=\u00bbright\u00bb _builder_version=\u00bb4.27.4&#8243; _module_preset=\u00bbdefault\u00bb width=\u00bb30%\u00bb max_width=\u00bb100%\u00bb module_alignment=\u00bbcenter\u00bb custom_margin=\u00bb|||0px|false|false\u00bb custom_padding=\u00bb|||0px|false|false\u00bb global_colors_info=\u00bb{}\u00bb][\/et_pb_image][et_pb_text _builder_version=\u00bb4.27.4&#8243; _module_preset=\u00bbdefault\u00bb global_colors_info=\u00bb{}\u00bb]<\/p>\n<p><em><\/em><\/p>\n<h6 style=\"text-align: center;\"><em><\/em><\/h6>\n<h6 style=\"text-align: center;\"><em><\/em><\/h6>\n<h6 style=\"text-align: center;\"><em><\/em><\/h6>\n<h6 style=\"text-align: center;\"><em><\/em><\/h6>\n<h6 style=\"text-align: center;\"><em><\/em><\/h6>\n<h6 style=\"text-align: center;\"><em><\/em><\/h6>\n<p style=\"text-align: center;\"><span style=\"color: #999999;\"><em>Icona: \u00a9 vecteezy.com<\/em><\/span><\/p>\n<p>[\/et_pb_text][\/et_pb_column][et_pb_column type=\u00bb3_4&#8243; _builder_version=\u00bb4.27.4&#8243; _module_preset=\u00bbdefault\u00bb global_colors_info=\u00bb{}\u00bb][et_pb_text _builder_version=\u00bb4.27.4&#8243; _module_preset=\u00bbdefault\u00bb global_colors_info=\u00bb{}\u00bb]<\/p>\n<p style=\"text-align: left;\"><strong>EN VEH\u00cdCULO PROPIO<\/strong><\/p>\n<p>Recomendamos utilizar Google Maps\/navegador indicando: Sede Internacional del Movimiento de los Focolares, via Frascati 306, Rocca di Papa, O encuadrar este qrcode con el telefono celular.<\/p>\n<p><em>                                                                                                                                                            <img alt=\"\" alt=\"\" loading=\"lazy\" decoding=\"async\" src=\"https:\/\/www.focolare.org\/wp-content\/uploads\/2025\/01\/Focolari-GoogleMaps-300x300.png\" width=\"138\" height=\"138\" alt=\"\" class=\"wp-image-369563 alignnone size-medium\" style=\"float: left;\"><\/em><\/p>\n<p>[\/et_pb_text][\/et_pb_column][\/et_pb_row][\/et_pb_section][et_pb_section fb_built=\u00bb1&#8243; _builder_version=\u00bb4.27.4&#8243; _module_preset=\u00bbdefault\u00bb global_colors_info=\u00bb{}\u00bb][et_pb_row _builder_version=\u00bb4.27.4&#8243; _module_preset=\u00bbdefault\u00bb global_colors_info=\u00bb{}\u00bb][et_pb_column type=\u00bb4_4&#8243; _builder_version=\u00bb4.27.4&#8243; _module_preset=\u00bbdefault\u00bb global_colors_info=\u00bb{}\u00bb][et_pb_text _builder_version=\u00bb4.27.5&#8243; _module_preset=\u00bbdefault\u00bb global_colors_info=\u00bb{}\u00bb]<\/p>\n<h3><span style=\"color: #ff6600;\"><strong>Otros lugares de inter\u00e9s<\/strong><\/span><\/h3>\n<p>[\/et_pb_text][\/et_pb_column][\/et_pb_row][et_pb_row column_structure=\u00bb1_3,1_3,1_3&#8243; _builder_version=\u00bb4.27.4&#8243; _module_preset=\u00bbdefault\u00bb custom_margin=\u00bb-45px||||false|false\u00bb global_colors_info=\u00bb{}\u00bb][et_pb_column type=\u00bb1_3&#8243; _builder_version=\u00bb4.27.4&#8243; _module_preset=\u00bbdefault\u00bb global_colors_info=\u00bb{}\u00bb][et_pb_image src=\u00bbhttps:\/\/www.focolare.org\/wp-content\/uploads\/2024\/11\/Facciata-.jpg\u00bb title_text=\u00bbFacciata\u00bb _builder_version=\u00bb4.27.4&#8243; _module_preset=\u00bbdefault\u00bb global_colors_info=\u00bb{}\u00bb][\/et_pb_image][et_pb_text _builder_version=\u00bb4.27.5&#8243; _module_preset=\u00bbdefault\u00bb global_colors_info=\u00bb{}\u00bb]<\/p>\n<p><strong>El<\/strong> <a href=\"https:\/\/www.focolare.org\/es\/focolare-meeting-point\/\" target=\"_blank\" rel=\"noopener\">Focolar Meeting Point en la iglesia de Santa Mar\u00eda del Carmine, en el coraz\u00f3n de Roma, a 2 km. del Vaticano. Es un espacio de encuentro<\/a>, di\u00e1logo y acogida abierto a quienes quieran conocer el Movimiento de los Focolares y su compromiso con la fraternidad universal. De lunes a viernes se celebra la Santa Misa a las 12.45 horas.  <\/p>\n<p><strong><em><\/em><\/strong><\/p>\n<p>En Roma, el <strong><a href=\"mailto:incontri.romani@fastwebnet.it\" target=\"_blank\" rel=\"noopener\">Centro de Encuentros Romanos<\/a><\/strong>, con los cl\u00e1sicos itinerarios tur\u00edsticos, le propone los lugares relacionados con la persona de Chiara Lubich y la naciente comunidad de los Focolares en la ciudad eterna.<\/p>\n<p>[\/et_pb_text][\/et_pb_column][et_pb_column type=\u00bb1_3&#8243; _builder_version=\u00bb4.27.4&#8243; _module_preset=\u00bbdefault\u00bb global_colors_info=\u00bb{}\u00bb][et_pb_image src=\u00bbhttps:\/\/www.focolare.org\/wp-content\/uploads\/2024\/12\/Loppiano.jpg\u00bb title_text=\u00bbLoppiano\u00bb _builder_version=\u00bb4.27.4&#8243; _module_preset=\u00bbdefault\u00bb global_colors_info=\u00bb{}\u00bb][\/et_pb_image][et_pb_text _builder_version=\u00bb4.27.5&#8243; _module_preset=\u00bbdefault\u00bb global_colors_info=\u00bb{}\u00bb]<\/p>\n<p><strong>La Ciudadela de<\/strong> <a href=\"https:\/\/www.loppiano.it\" target=\"_blank\" rel=\"noopener\"><strong>Loppiano<\/strong><\/a>(252 km. de Roma), la primera ciudadela internacional del Movimiento de los Focolares, construida en 1964 en el municipio de Figline e Incisa en Val d\u2019Arno, a unos 30 km. de Florencia. <strong>Hay 23 ciudadelas<\/strong> del Movimiento <strong>en varios pa\u00edses del mundo<\/strong>. Tienen diferentes fisonom\u00edas para insertarse en los diferentes contextos culturales. Son peque\u00f1os modelos de ciudades, laboratorios en los que la espiritualidad de la unidad y la fraternidad vivida pueden transformar todos los \u00e1mbitos de la vida social.  <\/p>\n<p>[\/et_pb_text][\/et_pb_column][et_pb_column type=\u00bb1_3&#8243; _builder_version=\u00bb4.27.4&#8243; _module_preset=\u00bbdefault\u00bb global_colors_info=\u00bb{}\u00bb][et_pb_image src=\u00bbhttps:\/\/www.focolare.org\/wp-content\/uploads\/2024\/12\/Trento.jpg\u00bb title_text=\u00bbTrento\u00bb _builder_version=\u00bb4.27.4&#8243; _module_preset=\u00bbdefault\u00bb global_colors_info=\u00bb{}\u00bb][\/et_pb_image][et_pb_text _builder_version=\u00bb4.27.4&#8243; _module_preset=\u00bbdefault\u00bb global_colors_info=\u00bb{}\u00bb]<\/p>\n<p>&#8211; <strong><a href=\"http:\/\/www.centromariapolitrento.it\" target=\"_blank\" rel=\"noopener\">Trento<\/a><\/strong> (a 578 km de Roma), lugar de nacimiento de Chiara Lubich y donde tuvo inicio el Movimiento de los Focolares<\/p>\n<p>[\/et_pb_text][\/et_pb_column][\/et_pb_row][et_pb_row _builder_version=\u00bb4.27.4&#8243; _module_preset=\u00bbdefault\u00bb global_colors_info=\u00bb{}\u00bb][et_pb_column type=\u00bb4_4&#8243; _builder_version=\u00bb4.27.4&#8243; _module_preset=\u00bbdefault\u00bb global_colors_info=\u00bb{}\u00bb][difl_postgrid post_display=\u00bbby_tag\u00bb item_margin=\u00bb||||false|false\u00bb _builder_version=\u00bb4.27.4&#8243; _module_preset=\u00bbdefault\u00bb background_color=\u00bb#FFFFFF\u00bb border_radii_item_outer=\u00bbon|13px|13px|13px|13px\u00bb box_shadow_style_item_outer=\u00bbpreset3&#8243; locked=\u00bboff\u00bb global_colors_info=\u00bb{}\u00bb][difl_postitem type=\u00bbimage\u00bb _builder_version=\u00bb4.27.4&#8243; _module_preset=\u00bbdefault\u00bb global_colors_info=\u00bb{}\u00bb][\/difl_postitem][difl_postitem type=\u00bbtitle\u00bb element_padding=\u00bb|3%||3%|false|true\u00bb _builder_version=\u00bb4.27.4&#8243; _module_preset=\u00bbdefault\u00bb post_font_style_font=\u00bb|600|||||||\u00bb post_font_style_text_color=\u00bb#3FA3D6&#8243; post_font_style_font_size=\u00bb18px\u00bb global_colors_info=\u00bb{}\u00bb][\/difl_postitem][difl_postitem type=\u00bbdate\u00bb element_padding=\u00bb|3%||3%|false|true\u00bb _builder_version=\u00bb4.27.4&#8243; _module_preset=\u00bbdefault\u00bb post_font_style_font=\u00bb|600|||||||\u00bb post_font_style_text_color=\u00bb#FFB300&#8243; global_colors_info=\u00bb{}\u00bb][\/difl_postitem][\/difl_postgrid][\/et_pb_column][\/et_pb_row][\/et_pb_section]<\/p>\n","protected":false},"excerpt":{"rendered":"<p>Centro InternacionalCentro Internacional del Movimiento de los Focolares Il centro Internazionale \u00e8 al servizio di tutto il Movimento dei Focolari sparso nel mondo, in tutte le sue diramazioni e azioni. Qui si trovano tutti i vari \u201ccentri\u201d (uffici) del Movimento, che rappresentano e sostengono a livello internazionale tutte le espressioni dei Focolari. Es posible, individualmente [&hellip;]<\/p>\n","protected":false},"author":34,"featured_media":0,"parent":0,"menu_order":0,"comment_status":"closed","ping_status":"closed","template":"","meta":{"give_campaign_id":0,"_seopress_robots_primary_cat":"","_seopress_titles_title":"","_seopress_titles_desc":"Movimento dei Focolari, Loppiano, Focolare Meeting Point, Trento, Chiara Lubich","_seopress_robots_index":"","_et_pb_use_builder":"on","_et_pb_old_content":"","_et_gb_content_width":"","footnotes":""},"difl_page_category":[],"class_list":["post-368487","page","type-page","status-publish","hentry"],"campaignId":"","_links":{"self":[{"href":"https:\/\/www.focolare.org\/es\/wp-json\/wp\/v2\/pages\/368487","targetHints":{"allow":["GET"]}}],"collection":[{"href":"https:\/\/www.focolare.org\/es\/wp-json\/wp\/v2\/pages"}],"about":[{"href":"https:\/\/www.focolare.org\/es\/wp-json\/wp\/v2\/types\/page"}],"author":[{"embeddable":true,"href":"https:\/\/www.focolare.org\/es\/wp-json\/wp\/v2\/users\/34"}],"replies":[{"embeddable":true,"href":"https:\/\/www.focolare.org\/es\/wp-json\/wp\/v2\/comments?post=368487"}],"version-history":[{"count":9,"href":"https:\/\/www.focolare.org\/es\/wp-json\/wp\/v2\/pages\/368487\/revisions"}],"predecessor-version":[{"id":396322,"href":"https:\/\/www.focolare.org\/es\/wp-json\/wp\/v2\/pages\/368487\/revisions\/396322"}],"wp:attachment":[{"href":"https:\/\/www.focolare.org\/es\/wp-json\/wp\/v2\/media?parent=368487"}],"wp:term":[{"taxonomy":"difl_page_category","embeddable":true,"href":"https:\/\/www.focolare.org\/es\/wp-json\/wp\/v2\/difl_page_category?post=368487"}],"curies":[{"name":"wp","href":"https:\/\/api.w.org\/{rel}","templated":true}]}}