{"id":393757,"date":"2025-10-09T16:38:29","date_gmt":"2025-10-09T14:38:29","guid":{"rendered":"https:\/\/www.focolare.org\/iglesia-comunion\/"},"modified":"2025-12-31T15:28:14","modified_gmt":"2025-12-31T14:28:14","slug":"iglesia-comunion","status":"publish","type":"page","link":"https:\/\/www.focolare.org\/es\/iglesia-comunion\/","title":{"rendered":"Iglesia-comuni\u00f3n"},"content":{"rendered":"<p>[et_pb_section fb_built=\u00bb1&#8243; custom_padding_last_edited=\u00bbon|phone\u00bb _builder_version=\u00bb4.27.4&#8243; _module_preset=\u00bbdefault\u00bb background_enable_color=\u00bboff\u00bb background_image=\u00bbhttps:\/\/www.focolare.org\/wp-content\/uploads\/2025\/10\/Chiesa-comunione2.jpg\u00bb width=\u00bb100%\u00bb max_width=\u00bb100%\u00bb min_height=\u00bb600px\u00bb min_height_tablet=\u00bb600px\u00bb min_height_phone=\u00bb600px\u00bb min_height_last_edited=\u00bbon|phone\u00bb height=\u00bb600px\u00bb height_tablet=\u00bb600px\u00bb height_phone=\u00bb600px\u00bb height_last_edited=\u00bbon|phone\u00bb max_height=\u00bb600px\u00bb custom_margin=\u00bb0px||0px||false|false\u00bb custom_margin_tablet=\u00bb0px||0px||false|false\u00bb custom_margin_phone=\u00bb||0px||false|false\u00bb custom_margin_last_edited=\u00bbon|phone\u00bb custom_padding=\u00bb0px||0px||true|false\u00bb custom_padding_tablet=\u00bb10%||10%||true|false\u00bb custom_padding_phone=\u00bb20%||20%||true|false\u00bb bottom_divider_color=\u00bb#3FA3D6&#8243; bottom_divider_repeat=\u00bb1x\u00bb bottom_divider_flip=\u00bbhorizontal\u00bb locked=\u00bboff\u00bb global_colors_info=\u00bb{}\u00bb][et_pb_row _builder_version=\u00bb4.21.0&#8243; _module_preset=\u00bbdefault\u00bb global_colors_info=\u00bb{}\u00bb][et_pb_column type=\u00bb4_4&#8243; _builder_version=\u00bb4.21.0&#8243; _module_preset=\u00bbdefault\u00bb global_colors_info=\u00bb{}\u00bb][\/et_pb_column][\/et_pb_row][\/et_pb_section][et_pb_section fb_built=\u00bb1&#8243; custom_padding_last_edited=\u00bbon|phone\u00bb _builder_version=\u00bb4.21.0&#8243; _module_preset=\u00bbdefault\u00bb custom_margin=\u00bb||||false|false\u00bb custom_padding=\u00bb||3%||false|false\u00bb custom_padding_tablet=\u00bb||4%||false|false\u00bb custom_padding_phone=\u00bb||20%||false|false\u00bb top_divider_style=\u00bbramp\u00bb top_divider_color=\u00bb#3FA3D6&#8243; top_divider_height=\u00bb150px\u00bb top_divider_repeat=\u00bb1x\u00bb top_divider_flip=\u00bbhorizontal\u00bb bottom_divider_style=\u00bbramp\u00bb bottom_divider_color=\u00bb#FFB300&#8243; bottom_divider_height=\u00bb150px\u00bb bottom_divider_repeat=\u00bb1x\u00bb bottom_divider_flip=\u00bbhorizontal\u00bb locked=\u00bboff\u00bb global_colors_info=\u00bb{}\u00bb][et_pb_row _builder_version=\u00bb4.21.0&#8243; _module_preset=\u00bbdefault\u00bb custom_margin=\u00bb0px||0px||false|false\u00bb custom_margin_tablet=\u00bb0px||0px||false|false\u00bb custom_margin_phone=\u00bb-5%||||false|false\u00bb custom_margin_last_edited=\u00bbon|phone\u00bb custom_padding=\u00bb0px||0px||false|false\u00bb global_colors_info=\u00bb{}\u00bb][et_pb_column type=\u00bb4_4&#8243; _builder_version=\u00bb4.21.0&#8243; _module_preset=\u00bbdefault\u00bb global_colors_info=\u00bb{}\u00bb][et_pb_text _builder_version=\u00bb4.27.4&#8243; _module_preset=\u00bbdefault\u00bb header_font=\u00bb|600|||||||\u00bb header_text_align=\u00bbcenter\u00bb header_text_color=\u00bb#FFFFFF\u00bb header_font_size=\u00bb40px\u00bb custom_margin=\u00bb||3%||false|false\u00bb custom_margin_tablet=\u00bb||0px||false|false\u00bb custom_margin_phone=\u00bb||||false|false\u00bb custom_margin_last_edited=\u00bbon|phone\u00bb custom_padding=\u00bb||||false|false\u00bb global_colors_info=\u00bb{}\u00bb]<\/p>\n<h1>Iglesia-comuni\u00f3n<\/h1>\n<p>[\/et_pb_text][\/et_pb_column][\/et_pb_row][\/et_pb_section][et_pb_section fb_built=\u00bb1&#8243; _builder_version=\u00bb4.20.2&#8243; _module_preset=\u00bbdefault\u00bb global_colors_info=\u00bb{}\u00bb][et_pb_row column_structure=\u00bb1_4,1_2,1_4&#8243; use_custom_gutter=\u00bbon\u00bb _builder_version=\u00bb4.20.2&#8243; _module_preset=\u00bbdefault\u00bb max_width=\u00bb80%\u00bb global_colors_info=\u00bb{}\u00bb][et_pb_column type=\u00bb1_4&#8243; _builder_version=\u00bb4.20.2&#8243; _module_preset=\u00bbdefault\u00bb global_colors_info=\u00bb{}\u00bb][et_pb_text _builder_version=\u00bb4.27.4&#8243; _module_preset=\u00bbdefault\u00bb text_font_size=\u00bb20px\u00bb text_line_height=\u00bb1.4em\u00bb global_colors_info=\u00bb{}\u00bb]<\/p>\n<p><span style=\"color: #ff9900;\"><strong>El Movimiento de los Focolares promueve la comuni\u00f3n entre los Movimientos eclesiales y las Nuevas Comunidades, alimentando entre ellos el amor rec\u00edproco, el conocimiento y la compartici\u00f3n de proyectos.<\/strong><\/span><\/p>\n<p>[\/et_pb_text][et_pb_divider _builder_version=\u00bb4.27.4&#8243; _module_preset=\u00bbdefault\u00bb custom_margin=\u00bb-20px||||false|false\u00bb global_colors_info=\u00bb{}\u00bb][\/et_pb_divider][et_pb_image src=\u00bbhttps:\/\/www.focolare.org\/wp-content\/uploads\/2025\/10\/1271605_HD.jpg\u00bb title_text=\u00bb1271605_HD\u00bb _builder_version=\u00bb4.27.4&#8243; _module_preset=\u00bbdefault\u00bb custom_margin=\u00bb150px||||false|false\u00bb global_colors_info=\u00bb{}\u00bb][\/et_pb_image][et_pb_text _builder_version=\u00bb4.27.4&#8243; _module_preset=\u00bbdefault\u00bb text_font_size=\u00bb14px\u00bb custom_margin=\u00bb-25px||10px||false|false\u00bb global_colors_info=\u00bb{}\u00bb]<\/p>\n<p><strong><em>Chiara Lubich con una comunidad de franciscanos. Abajo: \u00abJuntos por Europa\u00bb, 8 de mayo de 2004. <\/em><\/strong><\/p>\n<p>[\/et_pb_text][et_pb_image src=\u00bbhttps:\/\/www.focolare.org\/wp-content\/uploads\/2025\/10\/Foto4-2004-OK.jpg\u00bb title_text=\u00bbFoto4-2004-OK\u00bb _builder_version=\u00bb4.27.4&#8243; _module_preset=\u00bbdefault\u00bb global_colors_info=\u00bb{}\u00bb][\/et_pb_image][\/et_pb_column][et_pb_column type=\u00bb1_2&#8243; _builder_version=\u00bb4.20.2&#8243; _module_preset=\u00bbdefault\u00bb global_colors_info=\u00bb{}\u00bb][et_pb_text _builder_version=\u00bb4.27.4&#8243; _module_preset=\u00bbdefault\u00bb custom_padding=\u00bb3px||50px||false|false\u00bb hover_enabled=\u00bb0&#8243; global_colors_info=\u00bb{}\u00bb sticky_enabled=\u00bb0&#8243;]<\/p>\n<p><span><strong>Historia<\/strong><\/span><\/p>\n<p style=\"text-align: justify;\"><span>Los or\u00edgenes de este cometido se remontan a la d\u00e9cada de 1950, cuando Chiara Lubich se reuni\u00f3 con importantes personalidades carism\u00e1ticas de su \u00e9poca. Un punto de inflexi\u00f3n decisivo se produjo el <\/span>30 de mayo de 1998 en la Plaza de San Pedro, cuando el Papa Juan Pablo II reuni\u00f3 por primera vez a los Movimientos y las nuevas Comunidades, subrayando que cada uno de ellos son fruto de un carisma donado por el Esp\u00edritu Santo a la Iglesia. Fue entonces cuando Chiara Lubich prometi\u00f3 al Papa comprometerse con todas sus fuerzas a realizar la plena comuni\u00f3n entre los Movimientos, iniciando un camino que contin\u00faa actualmente. <\/p>\n<p style=\"text-align: justify;\">El papa Benedicto XVI y el papa Francisco siguieron animando a las nuevas realidades eclesiales. El papa Le\u00f3n XIV, durante el Jubileo de los Movimientos el 7 de junio de 2025, expres\u00f3 este deseo: \u00abQue sus agrupaciones y comunidades sean gimnasios de fraternidad y participaci\u00f3n, no solo como lugares de encuentro, sino como lugares de espiritualidad. El Esp\u00edritu de Jes\u00fas cambia el mundo, porque cambia los corazones\u00bb. <\/p>\n<p style=\"text-align: justify;\"><strong>Otros desarrollos<\/strong><\/p>\n<p style=\"text-align: justify;\">La comuni\u00f3n entre el Movimiento de los Focolares y las Familias religiosas nacidas de antiguos carismas ha vivido etapas importantes, como el encuentro de Chiara Lubich con la Familia Franciscana en As\u00eds (Italia) en 2000 y con los benedictinos en Montserrat (Espa\u00f1a) en 2002.<\/p>\n<p style=\"text-align: justify;\">El di\u00e1logo entre los Movimientos cat\u00f3licos abri\u00f3 despu\u00e9s el camino a una relaci\u00f3n de conocimiento y amor fraterno con Movimientos surgidos en diversas Iglesias cristianas, llevando a la creaci\u00f3n de iniciativas como \u201c<strong><a href=\"https:\/\/www.together4europe.org\/\">Juntos por Europa<\/a><\/strong>\u201d, un camino de comuni\u00f3n entre m\u00e1s de 300 Movimientos y Comunidades de varias Iglesias cristianas que trabajan por una Europa unida y reconciliada; una colaboraci\u00f3n, basada en el amor rec\u00edproco, en favor del bien com\u00fan, en el compromiso por la defensa de la vida, por la familia, la paz, los pobres, por una econom\u00eda justa y por la protecci\u00f3n del medioambiente.<\/p>\n<p>&nbsp;<\/p>\n<p>[\/et_pb_text][et_pb_text _builder_version=\u00bb4.27.4&#8243; _module_preset=\u00bbdefault\u00bb border_width_top=\u00bb3px\u00bb border_color_top=\u00bb#3FA3D6&#8243; global_colors_info=\u00bb{}\u00bb]<\/p>\n<p><strong><\/strong><\/p>\n<p><strong>Contacto:<\/strong><\/p>\n<p>Centro del Di\u00e1logo con las diversas Realidades Eclesiales. <br \/>Movimiento de los Focolares<span><span>Via Frascati, 306<br \/><\/span><span>00040 Rocca di Papa (Roma \u2013 IT)<br \/><\/span><span>e-mail: <\/span><a href=\"mailto:primodialogo@focolare.org\"><span>primodialogo@focolare.org<\/span><\/a><\/span><\/p>\n<p>[\/et_pb_text][\/et_pb_column][et_pb_column type=\u00bb1_4&#8243; _builder_version=\u00bb4.20.2&#8243; _module_preset=\u00bbdefault\u00bb global_colors_info=\u00bb{}\u00bb][et_pb_image src=\u00bbhttps:\/\/www.focolare.org\/wp-content\/uploads\/2025\/10\/1271526_HD.jpg\u00bb title_text=\u00bb1271526_HD\u00bb _builder_version=\u00bb4.27.4&#8243; _module_preset=\u00bbdefault\u00bb global_colors_info=\u00bb{}\u00bb][\/et_pb_image][et_pb_text _builder_version=\u00bb4.27.4&#8243; _module_preset=\u00bbdefault\u00bb text_font_size=\u00bb14px\u00bb custom_margin=\u00bb-25px||10px||false|false\u00bb global_colors_info=\u00bb{}\u00bb]<\/p>\n<p><strong><em>30 de mayo de 1998: el papa Juan Pablo II se re\u00fane con los movimientos y nuevas comunidades.<\/em><\/strong><\/p>\n<p>[\/et_pb_text][et_pb_image src=\u00bbhttps:\/\/www.focolare.org\/wp-content\/uploads\/2025\/10\/Foto2-2025.jpg\u00bb title_text=\u00bbFoto2-2025&#8243; _builder_version=\u00bb4.27.4&#8243; _module_preset=\u00bbdefault\u00bb global_colors_info=\u00bb{}\u00bb][\/et_pb_image][\/et_pb_column][\/et_pb_row][\/et_pb_section][et_pb_section fb_built=\u00bb1&#8243; _builder_version=\u00bb4.27.4&#8243; _module_preset=\u00bbdefault\u00bb global_colors_info=\u00bb{}\u00bb][et_pb_row _builder_version=\u00bb4.27.4&#8243; _module_preset=\u00bbdefault\u00bb global_colors_info=\u00bb{}\u00bb][et_pb_column type=\u00bb4_4&#8243; _builder_version=\u00bb4.27.4&#8243; _module_preset=\u00bbdefault\u00bb global_colors_info=\u00bb{}\u00bb][difl_postgrid posts_number=\u00bb6&#8243; post_display=\u00bbby_tag\u00bb include_tags=\u00bb4094&#8243; show_pagination=\u00bbon\u00bb item_background_bgcolor=\u00bb#EEEEEE\u00bb next_prev_icon=\u00bbset_4&#8243; item_margin=\u00bb||||false|false\u00bb _builder_version=\u00bb4.27.4&#8243; _module_preset=\u00bbdefault\u00bb pagination_text_color=\u00bb#FFB300&#8243; pagination_font_size=\u00bb14px\u00bb background_color=\u00bb#FFFFFF\u00bb module_alignment=\u00bbleft\u00bb border_radii_item_outer=\u00bbon|13px|13px|13px|13px\u00bb box_shadow_style_item_outer=\u00bbpreset3&#8243; saved_tabs=\u00bball\u00bb global_colors_info=\u00bb{}\u00bb][difl_postitem type=\u00bbimage\u00bb _builder_version=\u00bb4.27.4&#8243; _module_preset=\u00bbdefault\u00bb global_colors_info=\u00bb{}\u00bb][\/difl_postitem][difl_postitem type=\u00bbtitle\u00bb element_padding=\u00bb|3%||3%|false|true\u00bb _builder_version=\u00bb4.27.4&#8243; _module_preset=\u00bbdefault\u00bb post_font_style_font=\u00bb|600|||||||\u00bb post_font_style_text_color=\u00bb#3FA3D6&#8243; post_font_style_font_size=\u00bb18px\u00bb global_colors_info=\u00bb{}\u00bb][\/difl_postitem][difl_postitem type=\u00bbdate\u00bb element_padding=\u00bb|3%||3%|false|true\u00bb _builder_version=\u00bb4.27.4&#8243; _module_preset=\u00bbdefault\u00bb post_font_style_font=\u00bb|600|||||||\u00bb post_font_style_text_color=\u00bb#FFB300&#8243; global_colors_info=\u00bb{}\u00bb][\/difl_postitem][\/difl_postgrid][\/et_pb_column][\/et_pb_row][\/et_pb_section]<\/p>\n","protected":false},"excerpt":{"rendered":"<p>Iglesia-comuni\u00f3nEl Movimiento de los Focolares promueve la comuni\u00f3n entre los Movimientos eclesiales y las Nuevas Comunidades, alimentando entre ellos el amor rec\u00edproco, el conocimiento y la compartici\u00f3n de proyectos.Chiara Lubich con una comunidad de franciscanos. Abajo: \u00abJuntos por Europa\u00bb, 8 de mayo de 2004. Historia Los or\u00edgenes de este cometido se remontan a la d\u00e9cada [&hellip;]<\/p>\n","protected":false},"author":34,"featured_media":0,"parent":0,"menu_order":0,"comment_status":"closed","ping_status":"closed","template":"","meta":{"give_campaign_id":0,"_seopress_robots_primary_cat":"","_seopress_titles_title":"","_seopress_titles_desc":"","_seopress_robots_index":"","_et_pb_use_builder":"on","_et_pb_old_content":"","_et_gb_content_width":"","footnotes":""},"difl_page_category":[],"class_list":["post-393757","page","type-page","status-publish","hentry"],"campaignId":"","_links":{"self":[{"href":"https:\/\/www.focolare.org\/es\/wp-json\/wp\/v2\/pages\/393757","targetHints":{"allow":["GET"]}}],"collection":[{"href":"https:\/\/www.focolare.org\/es\/wp-json\/wp\/v2\/pages"}],"about":[{"href":"https:\/\/www.focolare.org\/es\/wp-json\/wp\/v2\/types\/page"}],"author":[{"embeddable":true,"href":"https:\/\/www.focolare.org\/es\/wp-json\/wp\/v2\/users\/34"}],"replies":[{"embeddable":true,"href":"https:\/\/www.focolare.org\/es\/wp-json\/wp\/v2\/comments?post=393757"}],"version-history":[{"count":2,"href":"https:\/\/www.focolare.org\/es\/wp-json\/wp\/v2\/pages\/393757\/revisions"}],"predecessor-version":[{"id":393759,"href":"https:\/\/www.focolare.org\/es\/wp-json\/wp\/v2\/pages\/393757\/revisions\/393759"}],"wp:attachment":[{"href":"https:\/\/www.focolare.org\/es\/wp-json\/wp\/v2\/media?parent=393757"}],"wp:term":[{"taxonomy":"difl_page_category","embeddable":true,"href":"https:\/\/www.focolare.org\/es\/wp-json\/wp\/v2\/difl_page_category?post=393757"}],"curies":[{"name":"wp","href":"https:\/\/api.w.org\/{rel}","templated":true}]}}