{"id":393760,"date":"2025-10-17T10:18:29","date_gmt":"2025-10-17T08:18:29","guid":{"rendered":"https:\/\/www.focolare.org\/cristianos-en-comunion\/"},"modified":"2025-12-31T15:40:07","modified_gmt":"2025-12-31T14:40:07","slug":"cristianos-en-comunion","status":"publish","type":"page","link":"https:\/\/www.focolare.org\/es\/cristianos-en-comunion\/","title":{"rendered":"Cristianos en comuni\u00f3n"},"content":{"rendered":"<p>[et_pb_section fb_built=\u00bb1&#8243; custom_padding_last_edited=\u00bbon|phone\u00bb _builder_version=\u00bb4.27.4&#8243; _module_preset=\u00bbdefault\u00bb background_enable_color=\u00bboff\u00bb background_image=\u00bbhttps:\/\/www.focolare.org\/wp-content\/uploads\/2025\/10\/Cristiani-in-comunione.png\u00bb width=\u00bb100%\u00bb max_width=\u00bb100%\u00bb min_height=\u00bb600px\u00bb min_height_tablet=\u00bb600px\u00bb min_height_phone=\u00bb600px\u00bb min_height_last_edited=\u00bbon|phone\u00bb height=\u00bb600px\u00bb height_tablet=\u00bb600px\u00bb height_phone=\u00bb600px\u00bb height_last_edited=\u00bbon|phone\u00bb max_height=\u00bb600px\u00bb custom_margin=\u00bb0px||0px||false|false\u00bb custom_margin_tablet=\u00bb0px||0px||false|false\u00bb custom_margin_phone=\u00bb||0px||false|false\u00bb custom_margin_last_edited=\u00bbon|phone\u00bb custom_padding=\u00bb0px||0px||true|false\u00bb custom_padding_tablet=\u00bb10%||10%||true|false\u00bb custom_padding_phone=\u00bb20%||20%||true|false\u00bb bottom_divider_color=\u00bb#3FA3D6&#8243; bottom_divider_repeat=\u00bb1x\u00bb bottom_divider_flip=\u00bbhorizontal\u00bb locked=\u00bboff\u00bb global_colors_info=\u00bb{}\u00bb][et_pb_row _builder_version=\u00bb4.21.0&#8243; _module_preset=\u00bbdefault\u00bb global_colors_info=\u00bb{}\u00bb][et_pb_column type=\u00bb4_4&#8243; _builder_version=\u00bb4.21.0&#8243; _module_preset=\u00bbdefault\u00bb global_colors_info=\u00bb{}\u00bb][\/et_pb_column][\/et_pb_row][\/et_pb_section][et_pb_section fb_built=\u00bb1&#8243; custom_padding_last_edited=\u00bbon|phone\u00bb _builder_version=\u00bb4.21.0&#8243; _module_preset=\u00bbdefault\u00bb custom_margin=\u00bb||||false|false\u00bb custom_padding=\u00bb||3%||false|false\u00bb custom_padding_tablet=\u00bb||4%||false|false\u00bb custom_padding_phone=\u00bb||20%||false|false\u00bb top_divider_style=\u00bbramp\u00bb top_divider_color=\u00bb#3FA3D6&#8243; top_divider_height=\u00bb150px\u00bb top_divider_repeat=\u00bb1x\u00bb top_divider_flip=\u00bbhorizontal\u00bb bottom_divider_style=\u00bbramp\u00bb bottom_divider_color=\u00bb#FFB300&#8243; bottom_divider_height=\u00bb150px\u00bb bottom_divider_repeat=\u00bb1x\u00bb bottom_divider_flip=\u00bbhorizontal\u00bb locked=\u00bboff\u00bb global_colors_info=\u00bb{}\u00bb][et_pb_row _builder_version=\u00bb4.21.0&#8243; _module_preset=\u00bbdefault\u00bb custom_margin=\u00bb0px||0px||false|false\u00bb custom_margin_tablet=\u00bb0px||0px||false|false\u00bb custom_margin_phone=\u00bb-5%||||false|false\u00bb custom_margin_last_edited=\u00bbon|phone\u00bb custom_padding=\u00bb0px||0px||false|false\u00bb global_colors_info=\u00bb{}\u00bb][et_pb_column type=\u00bb4_4&#8243; _builder_version=\u00bb4.21.0&#8243; _module_preset=\u00bbdefault\u00bb global_colors_info=\u00bb{}\u00bb][et_pb_text _builder_version=\u00bb4.27.4&#8243; _module_preset=\u00bbdefault\u00bb header_font=\u00bb|600|||||||\u00bb header_text_align=\u00bbcenter\u00bb header_text_color=\u00bb#FFFFFF\u00bb header_font_size=\u00bb40px\u00bb custom_margin=\u00bb||3%||false|false\u00bb custom_margin_tablet=\u00bb||0px||false|false\u00bb custom_margin_phone=\u00bb||||false|false\u00bb custom_margin_last_edited=\u00bbon|phone\u00bb custom_padding=\u00bb||||false|false\u00bb global_colors_info=\u00bb{}\u00bb]<\/p>\n<h1>Cristianos en comuni\u00f3n<\/h1>\n<p>[\/et_pb_text][\/et_pb_column][\/et_pb_row][\/et_pb_section][et_pb_section fb_built=\u00bb1&#8243; _builder_version=\u00bb4.20.2&#8243; _module_preset=\u00bbdefault\u00bb global_colors_info=\u00bb{}\u00bb][et_pb_row column_structure=\u00bb1_4,1_2,1_4&#8243; use_custom_gutter=\u00bbon\u00bb _builder_version=\u00bb4.27.4&#8243; _module_preset=\u00bbdefault\u00bb max_width=\u00bb80%\u00bb custom_padding=\u00bb27px|||||\u00bb global_colors_info=\u00bb{}\u00bb][et_pb_column type=\u00bb1_4&#8243; _builder_version=\u00bb4.20.2&#8243; _module_preset=\u00bbdefault\u00bb global_colors_info=\u00bb{}\u00bb][et_pb_text _builder_version=\u00bb4.27.4&#8243; _module_preset=\u00bbdefault\u00bb text_text_color=\u00bb#FFB300&#8243; text_font_size=\u00bb20px\u00bb text_line_height=\u00bb1.4em\u00bb global_colors_info=\u00bb{}\u00bb]<\/p>\n<p><strong>La espiritualidad nacida del Carisma de la Unidad contribuye de manera espec\u00edfica a la realizaci\u00f3n de la oraci\u00f3n de Jes\u00fas \u201cQue todos sean uno\u201d (<em>Jn <\/em>17, 21). La vida del mandamiento nuevo (Cf. <em>Jn <\/em>13,34) pone las bases para la realizaci\u00f3n de su promesa \u201cdonde dos o tres est\u00e1n reunidos en mi nombre all\u00ed estoy yo en medio de ellos\u201d (<em>Mt <\/em>18,20). Esta presencia Suya es la que derriba los prejuicios y construye nuevos espacios de di\u00e1logo. Chiara Lubich lo defini\u00f3: \u201cdi\u00e1logo de la vida\u201d, que quiere sostener las otras formas de di\u00e1logo y \u201ccrear un pueblo ecum\u00e9nicamente preparado\u201d.   <\/strong><\/p>\n<p>[\/et_pb_text][et_pb_divider _builder_version=\u00bb4.27.4&#8243; _module_preset=\u00bbdefault\u00bb custom_margin=\u00bb||||false|false\u00bb custom_padding=\u00bb||100px||false|false\u00bb global_colors_info=\u00bb{}\u00bb][\/et_pb_divider][et_pb_image src=\u00bbhttps:\/\/www.focolare.org\/wp-content\/uploads\/2025\/10\/2014-incontro-dei-vescovi-1.jpg\u00bb title_text=\u00bb2014-incontro dei vescovi (1)\u00bb _builder_version=\u00bb4.27.4&#8243; _module_preset=\u00bbdefault\u00bb custom_margin=\u00bb150px||||false|false\u00bb global_colors_info=\u00bb{}\u00bb][\/et_pb_image][et_pb_text _builder_version=\u00bb4.27.4&#8243; _module_preset=\u00bbdefault\u00bb text_font_size=\u00bb14px\u00bb custom_margin=\u00bb-25px||10px||false|false\u00bb global_colors_info=\u00bb{}\u00bb]<\/p>\n<p><strong><em>Encuentros ecum\u00e9nicos de obispos <\/em><\/strong><\/p>\n<p>[\/et_pb_text][et_pb_image src=\u00bbhttps:\/\/www.focolare.org\/wp-content\/uploads\/2025\/10\/2014-incontro-dei-vescovi-2.jpg\u00bb title_text=\u00bb2014-incontro dei vescovi (2)\u00bb _builder_version=\u00bb4.27.4&#8243; _module_preset=\u00bbdefault\u00bb global_colors_info=\u00bb{}\u00bb][\/et_pb_image][\/et_pb_column][et_pb_column type=\u00bb1_2&#8243; _builder_version=\u00bb4.20.2&#8243; _module_preset=\u00bbdefault\u00bb global_colors_info=\u00bb{}\u00bb][et_pb_text _builder_version=\u00bb4.27.4&#8243; _module_preset=\u00bbdefault\u00bb custom_padding=\u00bb3px||50px||false|false\u00bb hover_enabled=\u00bb0&#8243; global_colors_info=\u00bb{}\u00bb sticky_enabled=\u00bb0&#8243;]<\/p>\n<p><strong>Ciudadelas ecum\u00e9nicas<\/strong><\/p>\n<p style=\"text-align: justify;\">En Ottmaring (Alemania) en 1968 naci\u00f3 una <strong><a href=\"https:\/\/oelz-ottmaring.de\/\">ciudadela ecum\u00e9nica<\/a><\/strong> de testimonio, <strong> <\/strong> promovida por los Focolares y por la \u201cFraternidad de vida en com\u00fan\u201d, fraternidad evang\u00e9lica que asumi\u00f3 la oraci\u00f3n de Jes\u00fas por la unidad (cf. <em>Jn <\/em>17). Siguiendo el modelo de esta primera ciudadela nacieron otras, por ejemplo, en <a href=\"https:\/\/www.focolare.org\/gb\/activities\/centre-for-unity-2\/\">Welwyn Garden City <\/a>al norte de Londres y otra cerca de <a href=\"https:\/\/marienkroon.nl\/\">Den Bosch (Mari\u00ebnkroon)<\/a> en Holanda. <\/p>\n<p style=\"text-align: justify;\"><strong><\/strong><\/p>\n<p style=\"text-align: justify;\"><strong>Actividades de formaci\u00f3n y comuni\u00f3n<\/strong><\/p>\n<p style=\"text-align: justify;\">Desde 1962 se promueven <strong>Semanas ecum\u00e9nicas<\/strong>, encuentros internacionales abiertos a todos los cristianos de varias Iglesias, para crecer en el amor rec\u00edproco y dar testimonio de la unidad del \u00fanico pueblo de Cristo. A partir de 1981 se realizan <strong>\u201cEscuelas ecum\u00e9nicas\u201d<\/strong> y cursos breves de formaci\u00f3n ecum\u00e9nica en Europa, en Oriente Pr\u00f3ximo y en las Am\u00e9ricas. Recientemente tambi\u00e9n en otros continentes. <\/p>\n<p style=\"text-align: justify;\">Regularmente <strong>obispos de varias Iglesias<\/strong> se re\u00fanen para profundizar en el conocimiento del carisma de la unidad y acrecentar la comuni\u00f3n en Cristo.<\/p>\n<p style=\"text-align: justify;\"><strong><\/strong><\/p>\n<p style=\"text-align: justify;\"><strong>Redes ecum\u00e9nicas <\/strong><\/p>\n<p style=\"text-align: justify;\">En 1999 se dio inicio a \u201c<a href=\"https:\/\/www.together4europe.org\/\">Juntos por Europa<\/a>\u201d, un camino de comuni\u00f3n entre m\u00e1s de 300 Movimientos y Comunidades de varias Iglesias cristianas que trabajan por una Europa unida y reconciliada; una colaboraci\u00f3n, basada en el amor mutuo, a favor del bien com\u00fan, en el compromiso por la defensa de la vida, la familia, la paz, los pobres, una econom\u00eda justa y la protecci\u00f3n del medioambiente.<\/p>\n<p style=\"text-align: justify;\">En el a\u00f1o 2025 comenz\u00f3 una colaboraci\u00f3n con otros grupos cristianos aprovechando la ocasi\u00f3n de los 1700 a\u00f1os del Concilio de Nicea.<\/p>\n<p style=\"text-align: justify;\">Se est\u00e1 colaborando tambi\u00e9n con organizaciones a nivel internacional, nacional y regional como el Consejo Mundial de las Iglesias, el Global Christian Forum, consejos y grupos ecum\u00e9nicos nacionales y regionales.<\/p>\n<p style=\"text-align: justify;\"><strong><\/strong><\/p>\n<p style=\"text-align: justify;\"><strong>Nuevos desarrollos<\/strong><\/p>\n<p style=\"text-align: justify;\">En Loppiano, ciudadela del Movimiento de los Focolares, cerca de Florencia (Italia), en 2017 se inaugur\u00f3 la <strong><em>C\u00e1tedra ecum\u00e9nica Patriarca Aten\u00e1goras I \u2013 Chiara Lubich<\/em><\/strong> en el Instituto Universitario Sophia.<\/p>\n<p style=\"text-align: justify;\"><strong><\/strong><\/p>\n<p style=\"text-align: justify;\"><strong><\/strong><\/p>\n<p style=\"text-align: justify;\"><strong>Historia<\/strong><\/p>\n<p style=\"text-align: justify;\">Ya en 1955 un arquitecto suizo, de la Iglesia reformada, se puso en contacto con el Movimiento, era todav\u00eda una experiencia personal. En 1961 en Darmstadt (Alemania) un grupo de <strong>evang\u00e9licos-luteranos<\/strong> al escuchar a Chiara Lubich se qued\u00f3 impactado por la propuesta de una vida centrada en la Palabra de Dios. Ese mismo a\u00f1o se fund\u00f3 en Roma el <strong>Centro \u201cUno\u201d para la unidad de los cristianos<\/strong>: un lugar, un espacio fraterno, en el que los cristianos de las distintas Iglesias pueden sentirse acogidos, en \u201ccasa\u201d. <a href=\"https:\/\/iginogiordani.info\/\">Igino Giordani<\/a> fue su director hasta su muerte en 1980.  <\/p>\n<p style=\"text-align: justify;\">Desde 1961 empezaron a venir a Roma, primero <strong>luteranos alemanes<\/strong>, y al poco tiempo se a\u00f1adieron cristianos de la <strong>Iglesia reformada suiza<\/strong> y <strong>anglicanos <\/strong>y m\u00e1s tarde, tambi\u00e9n fieles de muchas otras Iglesias, para profundizar la espiritualidad de la unidad del Movimiento. En 1966 Chiara Lubich se reuni\u00f3 con el primado de la <strong>Iglesia anglicana<\/strong> \u2012el arzobispo de Canterbury Michael Ramsey\u2012 y posteriormente tambi\u00e9n con sus sucesores. En 1967 se tuvo el primero de los 25 encuentros con el patriarca ortodoxo de Constantinopla, Aten\u00e1goras I; despu\u00e9s con sus sucesores hasta el actual patriarca Bartolom\u00e9 I. En ese mismo a\u00f1o se dieron los primeros contactos con el <strong>Consejo Mundial de las Iglesias<\/strong> y, m\u00e1s recientemente naci\u00f3 la relaci\u00f3n con el Global Christian Forum, plataforma de di\u00e1logo entre los pentecostales y varias Iglesias. La espiritualidad del Movimiento ha sido acogida tambi\u00e9n por cristianos de las Iglesias ortodoxas orientales: siro-ortodoxa, copta, et\u00edope, armenia y asiria.   <\/p>\n<p>[\/et_pb_text][et_pb_video src=\u00bbhttps:\/\/youtu.be\/EPxgSiq4ATg\u00bb _builder_version=\u00bb4.27.4&#8243; _module_preset=\u00bbdefault\u00bb width=\u00bb66%\u00bb max_width=\u00bb100%\u00bb custom_margin=\u00bb-50px|||100px|false|false\u00bb custom_padding=\u00bb||80px||false|false\u00bb global_colors_info=\u00bb{}\u00bb][\/et_pb_video][et_pb_text _builder_version=\u00bb4.27.4&#8243; _module_preset=\u00bbdefault\u00bb border_width_top=\u00bb3px\u00bb border_color_top=\u00bb#3FA3D6&#8243; global_colors_info=\u00bb{}\u00bb]<\/p>\n<p><strong><\/strong><\/p>\n<p><strong>Contacto:<\/strong><\/p>\n<p>Centro \u201cUno\u201d para la unidad de los cristianos<br \/>Via Frascati, 306 \u2013 00040-Rocca di Papa (Roma)<br \/>Tel. + 39 06794798-318<br \/>E-mail: <a href=\"mailto:centrouno@focolare.org\">centrouno@focolare.org<\/a><\/p>\n<p>&nbsp;<\/p>\n<p>[\/et_pb_text][\/et_pb_column][et_pb_column type=\u00bb1_4&#8243; _builder_version=\u00bb4.20.2&#8243; _module_preset=\u00bbdefault\u00bb global_colors_info=\u00bb{}\u00bb][et_pb_video src=\u00bbhttps:\/\/youtu.be\/IFgmseIGxL0&#8243; _builder_version=\u00bb4.27.4&#8243; _module_preset=\u00bbdefault\u00bb global_colors_info=\u00bb{}\u00bb][\/et_pb_video][et_pb_text _builder_version=\u00bb4.27.4&#8243; _module_preset=\u00bbdefault\u00bb text_font_size=\u00bb13px\u00bb custom_margin=\u00bb-30px||||false|false\u00bb custom_padding=\u00bb||100px||false|false\u00bb global_colors_info=\u00bb{}\u00bb]<\/p>\n<p style=\"text-align: center;\"><em>Activar subt\u00edtulos en espa\u00f1ol &#8211; Edici\u00f3n en idiomas originales<\/em><\/p>\n<p>[\/et_pb_text][et_pb_image src=\u00bbhttps:\/\/www.focolare.org\/wp-content\/uploads\/2025\/10\/Ottmaring-1.png\u00bb title_text=\u00bbOttmaring\u00bb _builder_version=\u00bb4.27.4&#8243; _module_preset=\u00bbdefault\u00bb global_colors_info=\u00bb{}\u00bb][\/et_pb_image][et_pb_text _builder_version=\u00bb4.27.4&#8243; _module_preset=\u00bbdefault\u00bb text_font_size=\u00bb14px\u00bb custom_margin=\u00bb-25px||10px||false|false\u00bb global_colors_info=\u00bb{}\u00bb]<\/p>\n<p><strong><em>Ciudad ecum\u00e9nica de Ottmaring, Alemania. Abajo: Chiara Lubich se encuentra con el primado de la Iglesia anglicana, el arzobispo de Canterbury Donald Coggan (1977) <\/em><\/strong><\/p>\n<p>[\/et_pb_text][et_pb_image src=\u00bbhttps:\/\/www.focolare.org\/wp-content\/uploads\/2025\/10\/1977-Chiara-e-CogganP.png\u00bb title_text=\u00bb1977 Chiara e CogganP\u00bb _builder_version=\u00bb4.27.4&#8243; _module_preset=\u00bbdefault\u00bb global_colors_info=\u00bb{}\u00bb][\/et_pb_image][\/et_pb_column][\/et_pb_row][\/et_pb_section][et_pb_section fb_built=\u00bb1&#8243; _builder_version=\u00bb4.27.4&#8243; _module_preset=\u00bbdefault\u00bb global_colors_info=\u00bb{}\u00bb][et_pb_row _builder_version=\u00bb4.27.4&#8243; _module_preset=\u00bbdefault\u00bb global_colors_info=\u00bb{}\u00bb][et_pb_column type=\u00bb4_4&#8243; _builder_version=\u00bb4.27.4&#8243; _module_preset=\u00bbdefault\u00bb global_colors_info=\u00bb{}\u00bb][difl_postgrid posts_number=\u00bb6&#8243; post_display=\u00bbby_tag\u00bb include_tags=\u00bb4095&#8243; show_pagination=\u00bbon\u00bb item_background_bgcolor=\u00bb#EEEEEE\u00bb next_prev_icon=\u00bbset_4&#8243; item_margin=\u00bb||||false|false\u00bb _builder_version=\u00bb4.27.4&#8243; _module_preset=\u00bbdefault\u00bb pagination_text_color=\u00bb#FFB300&#8243; pagination_font_size=\u00bb14px\u00bb background_color=\u00bb#FFFFFF\u00bb module_alignment=\u00bbleft\u00bb border_radii_item_outer=\u00bbon|13px|13px|13px|13px\u00bb box_shadow_style_item_outer=\u00bbpreset3&#8243; saved_tabs=\u00bball\u00bb global_colors_info=\u00bb{}\u00bb][difl_postitem type=\u00bbimage\u00bb _builder_version=\u00bb4.27.4&#8243; _module_preset=\u00bbdefault\u00bb global_colors_info=\u00bb{}\u00bb][\/difl_postitem][difl_postitem type=\u00bbtitle\u00bb element_padding=\u00bb|3%||3%|false|true\u00bb _builder_version=\u00bb4.27.4&#8243; _module_preset=\u00bbdefault\u00bb post_font_style_font=\u00bb|600|||||||\u00bb post_font_style_text_color=\u00bb#3FA3D6&#8243; post_font_style_font_size=\u00bb18px\u00bb global_colors_info=\u00bb{}\u00bb][\/difl_postitem][difl_postitem type=\u00bbdate\u00bb element_padding=\u00bb|3%||3%|false|true\u00bb _builder_version=\u00bb4.27.4&#8243; _module_preset=\u00bbdefault\u00bb post_font_style_font=\u00bb|600|||||||\u00bb post_font_style_text_color=\u00bb#FFB300&#8243; global_colors_info=\u00bb{}\u00bb][\/difl_postitem][\/difl_postgrid][\/et_pb_column][\/et_pb_row][\/et_pb_section]<\/p>\n","protected":false},"excerpt":{"rendered":"<p>Cristianos en comuni\u00f3nLa espiritualidad nacida del Carisma de la Unidad contribuye de manera espec\u00edfica a la realizaci\u00f3n de la oraci\u00f3n de Jes\u00fas \u201cQue todos sean uno\u201d (Jn 17, 21). La vida del mandamiento nuevo (Cf. Jn 13,34) pone las bases para la realizaci\u00f3n de su promesa \u201cdonde dos o tres est\u00e1n reunidos en mi nombre [&hellip;]<\/p>\n","protected":false},"author":34,"featured_media":0,"parent":0,"menu_order":0,"comment_status":"closed","ping_status":"closed","template":"","meta":{"give_campaign_id":0,"_seopress_robots_primary_cat":"","_seopress_titles_title":"","_seopress_titles_desc":"","_seopress_robots_index":"","_et_pb_use_builder":"on","_et_pb_old_content":"","_et_gb_content_width":"","footnotes":""},"difl_page_category":[],"class_list":["post-393760","page","type-page","status-publish","hentry"],"campaignId":"","_links":{"self":[{"href":"https:\/\/www.focolare.org\/es\/wp-json\/wp\/v2\/pages\/393760","targetHints":{"allow":["GET"]}}],"collection":[{"href":"https:\/\/www.focolare.org\/es\/wp-json\/wp\/v2\/pages"}],"about":[{"href":"https:\/\/www.focolare.org\/es\/wp-json\/wp\/v2\/types\/page"}],"author":[{"embeddable":true,"href":"https:\/\/www.focolare.org\/es\/wp-json\/wp\/v2\/users\/34"}],"replies":[{"embeddable":true,"href":"https:\/\/www.focolare.org\/es\/wp-json\/wp\/v2\/comments?post=393760"}],"version-history":[{"count":2,"href":"https:\/\/www.focolare.org\/es\/wp-json\/wp\/v2\/pages\/393760\/revisions"}],"predecessor-version":[{"id":393762,"href":"https:\/\/www.focolare.org\/es\/wp-json\/wp\/v2\/pages\/393760\/revisions\/393762"}],"wp:attachment":[{"href":"https:\/\/www.focolare.org\/es\/wp-json\/wp\/v2\/media?parent=393760"}],"wp:term":[{"taxonomy":"difl_page_category","embeddable":true,"href":"https:\/\/www.focolare.org\/es\/wp-json\/wp\/v2\/difl_page_category?post=393760"}],"curies":[{"name":"wp","href":"https:\/\/api.w.org\/{rel}","templated":true}]}}