{"id":394144,"date":"2025-10-23T16:58:51","date_gmt":"2025-10-23T14:58:51","guid":{"rendered":"https:\/\/www.focolare.org\/en-dialogo-con-personas-de-convicciones-no-religiosas\/"},"modified":"2026-01-16T16:17:39","modified_gmt":"2026-01-16T15:17:39","slug":"en-dialogo-con-personas-de-convicciones-no-religiosas","status":"publish","type":"page","link":"https:\/\/www.focolare.org\/es\/en-dialogo-con-personas-de-convicciones-no-religiosas\/","title":{"rendered":"En di\u00e1logo con personas de convicciones no religiosas"},"content":{"rendered":"<p>[et_pb_section fb_built=\u00bb1&#8243; custom_padding_last_edited=\u00bbon|phone\u00bb _builder_version=\u00bb4.27.4&#8243; _module_preset=\u00bbdefault\u00bb background_enable_color=\u00bboff\u00bb background_image=\u00bbhttps:\/\/www.focolare.org\/wp-content\/uploads\/2025\/10\/Cuarto-Dialogo.png\u00bb width=\u00bb100%\u00bb max_width=\u00bb100%\u00bb min_height=\u00bb600px\u00bb min_height_tablet=\u00bb600px\u00bb min_height_phone=\u00bb600px\u00bb min_height_last_edited=\u00bbon|phone\u00bb height=\u00bb600px\u00bb height_tablet=\u00bb600px\u00bb height_phone=\u00bb600px\u00bb height_last_edited=\u00bbon|phone\u00bb max_height=\u00bb600px\u00bb custom_margin=\u00bb0px||0px||false|false\u00bb custom_margin_tablet=\u00bb0px||0px||false|false\u00bb custom_margin_phone=\u00bb||0px||false|false\u00bb custom_margin_last_edited=\u00bbon|phone\u00bb custom_padding=\u00bb0px||0px||true|false\u00bb custom_padding_tablet=\u00bb10%||10%||true|false\u00bb custom_padding_phone=\u00bb20%||20%||true|false\u00bb bottom_divider_color=\u00bb#3FA3D6&#8243; bottom_divider_repeat=\u00bb1x\u00bb bottom_divider_flip=\u00bbhorizontal\u00bb locked=\u00bboff\u00bb global_colors_info=\u00bb{}\u00bb][et_pb_row _builder_version=\u00bb4.21.0&#8243; _module_preset=\u00bbdefault\u00bb global_colors_info=\u00bb{}\u00bb][et_pb_column type=\u00bb4_4&#8243; _builder_version=\u00bb4.21.0&#8243; _module_preset=\u00bbdefault\u00bb global_colors_info=\u00bb{}\u00bb][\/et_pb_column][\/et_pb_row][\/et_pb_section][et_pb_section fb_built=\u00bb1&#8243; custom_padding_last_edited=\u00bbon|phone\u00bb _builder_version=\u00bb4.21.0&#8243; _module_preset=\u00bbdefault\u00bb custom_margin=\u00bb||||false|false\u00bb custom_padding=\u00bb||3%||false|false\u00bb custom_padding_tablet=\u00bb||4%||false|false\u00bb custom_padding_phone=\u00bb||20%||false|false\u00bb top_divider_style=\u00bbramp\u00bb top_divider_color=\u00bb#3FA3D6&#8243; top_divider_height=\u00bb150px\u00bb top_divider_repeat=\u00bb1x\u00bb top_divider_flip=\u00bbhorizontal\u00bb bottom_divider_style=\u00bbramp\u00bb bottom_divider_color=\u00bb#FFB300&#8243; bottom_divider_height=\u00bb150px\u00bb bottom_divider_repeat=\u00bb1x\u00bb bottom_divider_flip=\u00bbhorizontal\u00bb locked=\u00bboff\u00bb global_colors_info=\u00bb{}\u00bb][et_pb_row _builder_version=\u00bb4.21.0&#8243; _module_preset=\u00bbdefault\u00bb custom_margin=\u00bb0px||0px||false|false\u00bb custom_margin_tablet=\u00bb0px||0px||false|false\u00bb custom_margin_phone=\u00bb-5%||||false|false\u00bb custom_margin_last_edited=\u00bbon|phone\u00bb custom_padding=\u00bb0px||0px||false|false\u00bb global_colors_info=\u00bb{}\u00bb][et_pb_column type=\u00bb4_4&#8243; _builder_version=\u00bb4.21.0&#8243; _module_preset=\u00bbdefault\u00bb global_colors_info=\u00bb{}\u00bb][et_pb_text _builder_version=\u00bb4.27.4&#8243; _module_preset=\u00bbdefault\u00bb header_font=\u00bb|600|||||||\u00bb header_text_align=\u00bbcenter\u00bb header_text_color=\u00bb#FFFFFF\u00bb header_font_size=\u00bb40px\u00bb custom_margin=\u00bb||3%||false|false\u00bb custom_margin_tablet=\u00bb||0px||false|false\u00bb custom_margin_phone=\u00bb||||false|false\u00bb custom_margin_last_edited=\u00bbon|phone\u00bb custom_padding=\u00bb||||false|false\u00bb global_colors_info=\u00bb{}\u00bb]<\/p>\n<h1>En di\u00e1logo con personas de convicciones no religiosas<\/h1>\n<p>[\/et_pb_text][\/et_pb_column][\/et_pb_row][\/et_pb_section][et_pb_section fb_built=\u00bb1&#8243; _builder_version=\u00bb4.20.2&#8243; _module_preset=\u00bbdefault\u00bb global_colors_info=\u00bb{}\u00bb][et_pb_row column_structure=\u00bb1_4,1_2,1_4&#8243; use_custom_gutter=\u00bbon\u00bb _builder_version=\u00bb4.20.2&#8243; _module_preset=\u00bbdefault\u00bb max_width=\u00bb80%\u00bb global_colors_info=\u00bb{}\u00bb][et_pb_column type=\u00bb1_4&#8243; _builder_version=\u00bb4.20.2&#8243; _module_preset=\u00bbdefault\u00bb global_colors_info=\u00bb{}\u00bb][et_pb_text _builder_version=\u00bb4.27.4&#8243; _module_preset=\u00bbdefault\u00bb text_font_size=\u00bb20px\u00bb text_line_height=\u00bb1.4em\u00bb global_colors_info=\u00bb{}\u00bb]<\/p>\n<p><span style=\"color: #ff9900;\"><strong>\u201cUnir nuestras fuerzas, las de quienes no est\u00e1n particularmente interesados en la fe y las de aquellos que creen, porque es demasiado hermoso y necesario el ideal de una humanidad libre e igualitaria, hermanada por el respeto y el amor mutuos\u201d.<\/strong><\/span><\/p>\n<p style=\"text-align: right;\"><em><span style=\"color: #ff9900;\"><strong>Chiara Lubich<\/strong><\/span><\/em><\/p>\n<p>&nbsp;<\/p>\n<p>[\/et_pb_text][et_pb_divider _builder_version=\u00bb4.27.4&#8243; _module_preset=\u00bbdefault\u00bb custom_margin=\u00bb-20px||||false|false\u00bb global_colors_info=\u00bb{}\u00bb][\/et_pb_divider][et_pb_image src=\u00bbhttps:\/\/www.focolare.org\/wp-content\/uploads\/2025\/11\/quarto-dialogo_02.jpg\u00bb title_text=\u00bbquarto dialogo_02&#8243; _builder_version=\u00bb4.27.4&#8243; _module_preset=\u00bbdefault\u00bb custom_margin=\u00bb150px||||false|false\u00bb global_colors_info=\u00bb{}\u00bb][\/et_pb_image][et_pb_text _builder_version=\u00bb4.27.5&#8243; _module_preset=\u00bbdefault\u00bb text_font_size=\u00bb14px\u00bb custom_margin=\u00bb-25px||10px||false|false\u00bb global_colors_info=\u00bb{}\u00bb]<\/p>\n<p><strong><em>Chiara Lubich dialogando con personas sin convicciones religiosas. Abajo: en Loppiano, Italia, en 2015. <\/em><\/strong><\/p>\n<p>[\/et_pb_text][et_pb_image src=\u00bbhttps:\/\/www.focolare.org\/wp-content\/uploads\/2025\/11\/Quarto-dialogo4-scaled.jpg\u00bb title_text=\u00bbQuarto-dialogo4&#8243; _builder_version=\u00bb4.27.4&#8243; _module_preset=\u00bbdefault\u00bb global_colors_info=\u00bb{}\u00bb][\/et_pb_image][\/et_pb_column][et_pb_column type=\u00bb1_2&#8243; _builder_version=\u00bb4.20.2&#8243; _module_preset=\u00bbdefault\u00bb global_colors_info=\u00bb{}\u00bb][et_pb_text _builder_version=\u00bb4.27.4&#8243; _module_preset=\u00bbdefault\u00bb custom_padding=\u00bb3px||50px||false|false\u00bb global_colors_info=\u00bb{}\u00bb]<\/p>\n<p><strong>Objetivo<\/strong><\/p>\n<p style=\"text-align: justify;\">La irreligiosidad y la indiferencia religiosa est\u00e1n difundidas en muchas partes del mundo. Personas que no tienen una convicci\u00f3n religiosa, pero son fieles a la propia conciencia y a los valores humanos universales, est\u00e1n en contacto con el Movimiento de los Focolares. Con muchos de ellos se ha abierto un camino de conocimiento y de profunda estima que nos lleva a trabajar juntos por la fraternidad de la familia humana. Este di\u00e1logo se concreta a trav\u00e9s de debates sobre temas espec\u00edficos, iniciativas culturales y sociales, gestos de solidaridad. Se convierte as\u00ed en una ocasi\u00f3n de crecimiento, tanto individual como colectiva, y en una oportunidad para experimentar concretamente los frutos de la fraternidad.    <\/p>\n<p style=\"text-align: justify;\">Dialogar desde posiciones diferentes es posible si ambas partes son conscientes de su propia identidad, se respetan mutuamente, se esfuerzan siempre por escucharse para comprender y confrontarse con las razones del otro y son conscientes de que las convicciones de los dem\u00e1s tienen plena dignidad cuanto las nuestras.<\/p>\n<p style=\"text-align: justify;\">Este di\u00e1logo hace experimentar que la espiritualidad de la unidad inspira m\u00e1s all\u00e1 de la propia pertenencia religiosa. Y, precisamente, es en esta espiritualidad entendida en sentido amplio, donde los creyentes y los no creyentes se reconocen y se sienten parte de una misma realidad. <\/p>\n<p style=\"text-align: justify;\"><strong>La historia <\/strong><\/p>\n<p style=\"text-align: justify;\">En la d\u00e9cada de 1970, la apertura hacia personas sin una fe religiosa como los agn\u00f3sticos, indiferentes y ateos, madura al punto de expresarse en un di\u00e1logo con una fisonom\u00eda propia. En 1978 naci\u00f3 el <strong>Centro internacional para el di\u00e1logo con personas de convicciones no religiosas<\/strong>, que promueve numerosos congresos y encuentros internacionales orientados a contribuir juntos a edificar la fraternidad universal. <\/p>\n<p style=\"text-align: justify;\">En algunos de estos congresos particip\u00f3 Chiara Lubich respondiendo a las preguntas de los participantes.<\/p>\n<p>[\/et_pb_text][et_pb_video src=\u00bbhttps:\/\/youtu.be\/fXwElXc_AQ8&#8243; _builder_version=\u00bb4.27.4&#8243; _module_preset=\u00bbdefault\u00bb width=\u00bb65%\u00bb max_width=\u00bb100%\u00bb module_alignment=\u00bbcenter\u00bb custom_margin=\u00bb-50px||||false|false\u00bb global_colors_info=\u00bb{}\u00bb][\/et_pb_video][et_pb_text _builder_version=\u00bb4.27.4&#8243; _module_preset=\u00bbdefault\u00bb border_width_top=\u00bb3px\u00bb border_color_top=\u00bb#3FA3D6&#8243; global_colors_info=\u00bb{}\u00bb]<\/p>\n<p><strong><\/strong><\/p>\n<p><strong>Contacto:<\/strong><\/p>\n<p>Centro para el di\u00e1logo con personas de convicciones no religiosas<br \/>Via Frascati, 306 &#8211; Rocca di Papa (Roma \u2013 Italia)<br \/>e-mail: centrodialogo@focolare.org <br \/><a href=\"https:\/\/dialogue4unity.focolare.org\/es\/\">https:\/\/dialogue4unity.focolare.org\/<\/a><\/p>\n<p>[\/et_pb_text][\/et_pb_column][et_pb_column type=\u00bb1_4&#8243; _builder_version=\u00bb4.20.2&#8243; _module_preset=\u00bbdefault\u00bb global_colors_info=\u00bb{}\u00bb][et_pb_image src=\u00bbhttps:\/\/www.focolare.org\/wp-content\/uploads\/2025\/11\/Quarto-dialogo3-scaled.jpg\u00bb title_text=\u00bbQuarto-dialogo3&#8243; _builder_version=\u00bb4.27.4&#8243; _module_preset=\u00bbdefault\u00bb global_colors_info=\u00bb{}\u00bb][\/et_pb_image][et_pb_text _builder_version=\u00bb4.27.5&#8243; _module_preset=\u00bbdefault\u00bb text_font_size=\u00bb14px\u00bb custom_margin=\u00bb-25px||10px||false|false\u00bb hover_enabled=\u00bb0&#8243; global_colors_info=\u00bb{}\u00bb sticky_enabled=\u00bb0&#8243;]<\/p>\n<p><strong><em>Encuentro con personas sin convicciones religiosas en C\u00f3rdoba (Espa\u00f1a), octubre de 2014. Abajo: Loppiano, Italia, 1995, Claretta Dal R\u00ec y participantes en el encuentro durante un descanso. <\/em><\/strong><\/p>\n<p><strong><em><\/em><\/strong><\/p>\n<p>[\/et_pb_text][et_pb_image src=\u00bbhttps:\/\/www.focolare.org\/wp-content\/uploads\/2025\/11\/1-Quarto-Dialogo.jpg\u00bb title_text=\u00bb1-Quarto Dialogo\u00bb _builder_version=\u00bb4.27.4&#8243; _module_preset=\u00bbdefault\u00bb global_colors_info=\u00bb{}\u00bb][\/et_pb_image][\/et_pb_column][\/et_pb_row][\/et_pb_section][et_pb_section fb_built=\u00bb1&#8243; _builder_version=\u00bb4.27.4&#8243; _module_preset=\u00bbdefault\u00bb global_colors_info=\u00bb{}\u00bb][et_pb_row _builder_version=\u00bb4.27.4&#8243; _module_preset=\u00bbdefault\u00bb global_colors_info=\u00bb{}\u00bb][et_pb_column type=\u00bb4_4&#8243; _builder_version=\u00bb4.27.4&#8243; _module_preset=\u00bbdefault\u00bb global_colors_info=\u00bb{}\u00bb][difl_postgrid posts_number=\u00bb6&#8243; post_display=\u00bbby_tag\u00bb include_tags=\u00bb4097,827&#8243; show_pagination=\u00bbon\u00bb item_background_bgcolor=\u00bb#EEEEEE\u00bb next_prev_icon=\u00bbset_4&#8243; item_margin=\u00bb||||false|false\u00bb _builder_version=\u00bb4.27.4&#8243; _module_preset=\u00bbdefault\u00bb pagination_text_color=\u00bb#FFB300&#8243; pagination_font_size=\u00bb14px\u00bb background_color=\u00bb#FFFFFF\u00bb module_alignment=\u00bbleft\u00bb border_radii_item_outer=\u00bbon|13px|13px|13px|13px\u00bb box_shadow_style_item_outer=\u00bbpreset3&#8243; saved_tabs=\u00bball\u00bb global_colors_info=\u00bb{}\u00bb][difl_postitem type=\u00bbimage\u00bb _builder_version=\u00bb4.27.4&#8243; _module_preset=\u00bbdefault\u00bb global_colors_info=\u00bb{}\u00bb][\/difl_postitem][difl_postitem type=\u00bbtitle\u00bb element_padding=\u00bb|3%||3%|false|true\u00bb _builder_version=\u00bb4.27.4&#8243; _module_preset=\u00bbdefault\u00bb post_font_style_font=\u00bb|600|||||||\u00bb post_font_style_text_color=\u00bb#3FA3D6&#8243; post_font_style_font_size=\u00bb18px\u00bb global_colors_info=\u00bb{}\u00bb][\/difl_postitem][difl_postitem type=\u00bbdate\u00bb element_padding=\u00bb|3%||3%|false|true\u00bb _builder_version=\u00bb4.27.4&#8243; _module_preset=\u00bbdefault\u00bb post_font_style_font=\u00bb|600|||||||\u00bb post_font_style_text_color=\u00bb#FFB300&#8243; global_colors_info=\u00bb{}\u00bb][\/difl_postitem][\/difl_postgrid][\/et_pb_column][\/et_pb_row][\/et_pb_section]<\/p>\n","protected":false},"excerpt":{"rendered":"<p>En di\u00e1logo con personas de convicciones no religiosas\u201cUnir nuestras fuerzas, las de quienes no est\u00e1n particularmente interesados en la fe y las de aquellos que creen, porque es demasiado hermoso y necesario el ideal de una humanidad libre e igualitaria, hermanada por el respeto y el amor mutuos\u201d. Chiara Lubich &nbsp;Chiara Lubich dialogando con personas [&hellip;]<\/p>\n","protected":false},"author":34,"featured_media":0,"parent":0,"menu_order":0,"comment_status":"closed","ping_status":"closed","template":"","meta":{"give_campaign_id":0,"_seopress_robots_primary_cat":"","_seopress_titles_title":"","_seopress_titles_desc":"","_seopress_robots_index":"","_et_pb_use_builder":"on","_et_pb_old_content":"","_et_gb_content_width":"","footnotes":""},"difl_page_category":[],"class_list":["post-394144","page","type-page","status-publish","hentry"],"campaignId":"","_links":{"self":[{"href":"https:\/\/www.focolare.org\/es\/wp-json\/wp\/v2\/pages\/394144","targetHints":{"allow":["GET"]}}],"collection":[{"href":"https:\/\/www.focolare.org\/es\/wp-json\/wp\/v2\/pages"}],"about":[{"href":"https:\/\/www.focolare.org\/es\/wp-json\/wp\/v2\/types\/page"}],"author":[{"embeddable":true,"href":"https:\/\/www.focolare.org\/es\/wp-json\/wp\/v2\/users\/34"}],"replies":[{"embeddable":true,"href":"https:\/\/www.focolare.org\/es\/wp-json\/wp\/v2\/comments?post=394144"}],"version-history":[{"count":2,"href":"https:\/\/www.focolare.org\/es\/wp-json\/wp\/v2\/pages\/394144\/revisions"}],"predecessor-version":[{"id":394146,"href":"https:\/\/www.focolare.org\/es\/wp-json\/wp\/v2\/pages\/394144\/revisions\/394146"}],"wp:attachment":[{"href":"https:\/\/www.focolare.org\/es\/wp-json\/wp\/v2\/media?parent=394144"}],"wp:term":[{"taxonomy":"difl_page_category","embeddable":true,"href":"https:\/\/www.focolare.org\/es\/wp-json\/wp\/v2\/difl_page_category?post=394144"}],"curies":[{"name":"wp","href":"https:\/\/api.w.org\/{rel}","templated":true}]}}