{"id":394161,"date":"2026-01-17T16:25:14","date_gmt":"2026-01-17T15:25:14","guid":{"rendered":"https:\/\/www.focolare.org\/?page_id=394161"},"modified":"2026-01-23T13:00:36","modified_gmt":"2026-01-23T12:00:36","slug":"en-dialogo-1","status":"publish","type":"page","link":"https:\/\/www.focolare.org\/es\/en-dialogo-1\/","title":{"rendered":"En di\u00e1logo"},"content":{"rendered":"<p>[et_pb_section fb_built=\u00bb1&#8243; custom_padding_last_edited=\u00bbon|phone\u00bb _builder_version=\u00bb4.27.4&#8243; _module_preset=\u00bbdefault\u00bb background_enable_color=\u00bboff\u00bb background_image=\u00bbhttps:\/\/www.focolare.org\/wp-content\/uploads\/2023\/09\/In_Dialogo.jpg\u00bb width=\u00bb100%\u00bb max_width=\u00bb100%\u00bb min_height_tablet=\u00bb600px\u00bb min_height_phone=\u00bb600px\u00bb min_height_last_edited=\u00bbon|phone\u00bb height_tablet=\u00bb600px\u00bb height_phone=\u00bb600px\u00bb height_last_edited=\u00bbon|phone\u00bb custom_margin=\u00bb0px||0px||false|false\u00bb custom_margin_tablet=\u00bb0px||0px||false|false\u00bb custom_margin_phone=\u00bb||0px||false|false\u00bb custom_margin_last_edited=\u00bbon|phone\u00bb custom_padding=\u00bb15%||15%||true|false\u00bb custom_padding_tablet=\u00bb10%||10%||true|false\u00bb custom_padding_phone=\u00bb20%||20%||true|false\u00bb bottom_divider_color=\u00bb#3FA3D6&#8243; bottom_divider_repeat=\u00bb1x\u00bb bottom_divider_flip=\u00bbhorizontal\u00bb locked=\u00bboff\u00bb global_colors_info=\u00bb{}\u00bb][\/et_pb_section][et_pb_section fb_built=\u00bb1&#8243; custom_padding_last_edited=\u00bbon|phone\u00bb _builder_version=\u00bb4.21.0&#8243; _module_preset=\u00bbdefault\u00bb custom_margin=\u00bb||||false|false\u00bb custom_padding=\u00bb||3%||false|false\u00bb custom_padding_tablet=\u00bb||4%||false|false\u00bb custom_padding_phone=\u00bb||20%||false|false\u00bb top_divider_style=\u00bbramp\u00bb top_divider_color=\u00bb#3FA3D6&#8243; top_divider_height=\u00bb150px\u00bb top_divider_repeat=\u00bb1x\u00bb top_divider_flip=\u00bbhorizontal\u00bb bottom_divider_style=\u00bbramp\u00bb bottom_divider_color=\u00bb#FFB300&#8243; bottom_divider_height=\u00bb150px\u00bb bottom_divider_repeat=\u00bb1x\u00bb bottom_divider_flip=\u00bbhorizontal\u00bb locked=\u00bboff\u00bb global_colors_info=\u00bb{}\u00bb][et_pb_row _builder_version=\u00bb4.21.0&#8243; _module_preset=\u00bbdefault\u00bb custom_margin=\u00bb0px||0px||false|false\u00bb custom_margin_tablet=\u00bb0px||0px||false|false\u00bb custom_margin_phone=\u00bb-5%||||false|false\u00bb custom_margin_last_edited=\u00bbon|phone\u00bb custom_padding=\u00bb0px||0px||false|false\u00bb global_colors_info=\u00bb{}\u00bb][et_pb_column type=\u00bb4_4&#8243; _builder_version=\u00bb4.21.0&#8243; _module_preset=\u00bbdefault\u00bb global_colors_info=\u00bb{}\u00bb][et_pb_text _builder_version=\u00bb4.22.2&#8243; _module_preset=\u00bbdefault\u00bb header_font=\u00bb|600|||||||\u00bb header_text_align=\u00bbcenter\u00bb header_text_color=\u00bb#FFFFFF\u00bb header_font_size=\u00bb40px\u00bb custom_margin=\u00bb||3%||false|false\u00bb custom_margin_tablet=\u00bb||0px||false|false\u00bb custom_margin_phone=\u00bb||||false|false\u00bb custom_margin_last_edited=\u00bbon|phone\u00bb custom_padding=\u00bb||||false|false\u00bb global_colors_info=\u00bb{}\u00bb]<\/p>\n<h1>En di\u00e1logo<\/h1>\n<p>[\/et_pb_text][\/et_pb_column][\/et_pb_row][\/et_pb_section][et_pb_section fb_built=\u00bb1&#8243; _builder_version=\u00bb4.27.5&#8243; _module_preset=\u00bbdefault\u00bb global_colors_info=\u00bb{}\u00bb][et_pb_row column_structure=\u00bb1_5,3_5,1_5&#8243; _builder_version=\u00bb4.27.5&#8243; _module_preset=\u00bbdefault\u00bb global_colors_info=\u00bb{}\u00bb][et_pb_column type=\u00bb1_5&#8243; _builder_version=\u00bb4.27.5&#8243; _module_preset=\u00bbdefault\u00bb global_colors_info=\u00bb{}\u00bb][\/et_pb_column][et_pb_column type=\u00bb3_5&#8243; _builder_version=\u00bb4.27.5&#8243; _module_preset=\u00bbdefault\u00bb global_colors_info=\u00bb{}\u00bb][et_pb_text _builder_version=\u00bb4.27.5&#8243; _module_preset=\u00bbdefault\u00bb text_font_size=\u00bb14px\u00bb header_font_size=\u00bb31px\u00bb global_colors_info=\u00bb{}\u00bb]<\/p>\n<h3 style=\"text-align: center;\"><\/h3>\n<p><strong><\/strong><\/p>\n<h3 style=\"text-align: center;\"><strong><em>Nuestro di\u00e1logo<\/em><\/strong><\/h3>\n<h3 style=\"text-align: center;\"><strong><em>es el di\u00e1logo de la vida,<\/em><\/strong><\/h3>\n<h3 style=\"text-align: center;\"><strong><em>el di\u00e1logo del pueblo<\/em><\/strong><\/h3>\n<h3 style=\"text-align: center;\"><strong><em>en el que todos pueden participar.<\/em><\/strong><\/h3>\n<p><strong><em><\/em><\/strong><\/p>\n<p style=\"text-align: center;\"><em>Chiara Lubich, Encuentro ecum\u00e9nico de obispos amigos del Movimiento de los Focolares,<br \/>Rocca di Papa, 26 de noviembre de 2003.<\/em><\/p>\n<p>[\/et_pb_text][\/et_pb_column][et_pb_column type=\u00bb1_5&#8243; _builder_version=\u00bb4.27.5&#8243; _module_preset=\u00bbdefault\u00bb global_colors_info=\u00bb{}\u00bb][\/et_pb_column][\/et_pb_row][\/et_pb_section][et_pb_section fb_built=\u00bb1&#8243; _builder_version=\u00bb4.27.5&#8243; _module_preset=\u00bbdefault\u00bb background_color=\u00bb#FFB300&#8243; global_colors_info=\u00bb{}\u00bb][et_pb_row column_structure=\u00bb1_2,1_2&#8243; use_custom_gutter=\u00bbon\u00bb _builder_version=\u00bb4.20.2&#8243; _module_preset=\u00bbdefault\u00bb max_width=\u00bb80%\u00bb global_colors_info=\u00bb{}\u00bb][et_pb_column type=\u00bb1_2&#8243; _builder_version=\u00bb4.20.2&#8243; _module_preset=\u00bbdefault\u00bb global_colors_info=\u00bb{}\u00bb][et_pb_text _builder_version=\u00bb4.27.5&#8243; _module_preset=\u00bbdefault\u00bb custom_margin=\u00bb270px||||false|false\u00bb global_colors_info=\u00bb{}\u00bb]<\/p>\n<div class=\"wpb_column vc_column_container vc_col-sm-6\">\n<div class=\"vc_column-inner vc_custom_1540124150842\">\n<div class=\"wpb_wrapper\">\n<p><em>En este videomensaje grabado por Chiara Lubich el 21 de enero de 2004 para un encuentro del SERMIG (Servicio Misionero Juvenil), ella presenta los di\u00e1logos que se viven en el Movimiento seg\u00fan las indicaciones del Concilio Vaticano II. Es la \u00faltima vez que la fundadora de los Focolares habl\u00f3 de ello. En esta intervenci\u00f3n se refiere solo a cuatro di\u00e1logos; el quinto, el que ata\u00f1e a los diversos \u00e1mbitos de la cultura contempor\u00e1nea, en ese entonces estaba todav\u00eda comenzando en el Movimiento. Las actividades relacionadas con \u00e9l se defin\u00edan en ese momento solo \u00abinundaciones\u00bb, hoy se consideran como el quinto di\u00e1logo.   <\/em><\/p>\n<\/div>\n<\/div>\n<\/div>\n<p>[\/et_pb_text][\/et_pb_column][et_pb_column type=\u00bb1_2&#8243; _builder_version=\u00bb4.20.2&#8243; _module_preset=\u00bbdefault\u00bb global_colors_info=\u00bb{}\u00bb][et_pb_video src=\u00bbhttps:\/\/youtu.be\/visvOdzwTvk\u00bb _builder_version=\u00bb4.27.5&#8243; _module_preset=\u00bbdefault\u00bb hover_enabled=\u00bb0&#8243; border_radii=\u00bbon|7px|7px|7px|7px\u00bb global_colors_info=\u00bb{}\u00bb sticky_enabled=\u00bb0&#8243;][\/et_pb_video][\/et_pb_column][\/et_pb_row][\/et_pb_section][et_pb_section fb_built=\u00bb1&#8243; module_id=\u00bbEn comuni\u00f3n\u00bb _builder_version=\u00bb4.20.2&#8243; _module_preset=\u00bbdefault\u00bb global_colors_info=\u00bb{}\u00bb][et_pb_row column_structure=\u00bb1_4,1_2,1_4&#8243; _builder_version=\u00bb4.27.5&#8243; _module_preset=\u00bbdefault\u00bb global_colors_info=\u00bb{}\u00bb][et_pb_column type=\u00bb1_4&#8243; _builder_version=\u00bb4.27.5&#8243; _module_preset=\u00bbdefault\u00bb global_colors_info=\u00bb{}\u00bb][\/et_pb_column][et_pb_column type=\u00bb1_2&#8243; _builder_version=\u00bb4.27.5&#8243; _module_preset=\u00bbdefault\u00bb global_colors_info=\u00bb{}\u00bb][et_pb_text _builder_version=\u00bb4.27.5&#8243; _module_preset=\u00bbdefault\u00bb global_colors_info=\u00bb{}\u00bb]<\/p>\n<p>El di\u00e1logo ha sido siempre una de las caracter\u00edsticas del estilo de vida que nace del carisma de la unidad. Se considera una v\u00eda privilegiada para la realizaci\u00f3n de su objetivo, la unidad, y para la consecuci\u00f3n de la paz entre las personas y los pueblos. <\/p>\n<p>Se trata de un di\u00e1logo que nace de la vida y cuyo objetivo es contribuir a:<\/p>\n<ul>\n<li>una unidad cada vez m\u00e1s profunda entre los <strong>fieles cat\u00f3licos<\/strong>, como tambi\u00e9n entre las instituciones eclesi\u00e1sticas, asociaciones, grupos y movimientos, nacidos de carismas antiguos y nuevos en la Iglesia cat\u00f3lica;<\/li>\n<\/ul>\n<p>[\/et_pb_text][et_pb_image src=\u00bbhttps:\/\/www.focolare.org\/wp-content\/uploads\/2026\/01\/Chiesa-comunione-ES.jpg\u00bb title_text=\u00bbChiesa-comunione-ES\u00bb url=\u00bbhttps:\/\/www.focolare.org\/es\/iglesia-comunion\/\u00bb _builder_version=\u00bb4.27.5&#8243; _module_preset=\u00bbdefault\u00bb hover_enabled=\u00bb0&#8243; global_colors_info=\u00bb{}\u00bb sticky_enabled=\u00bb0&#8243;][\/et_pb_image][et_pb_text _builder_version=\u00bb4.27.5&#8243; _module_preset=\u00bbdefault\u00bb global_colors_info=\u00bb{}\u00bb]<\/p>\n<ul>\n<li>relaciones de comuni\u00f3n fraterna y de com\u00fan testimonio de unidad entre cristianos pertenecientes a las <strong>diversas Iglesias y Comunidades eclesiales<\/strong>;<\/li>\n<\/ul>\n<p>[\/et_pb_text][et_pb_image src=\u00bbhttps:\/\/www.focolare.org\/wp-content\/uploads\/2026\/01\/Cristiani-in-comunione-ES.jpg\u00bb title_text=\u00bbCristiani in comunione-ES\u00bb url=\u00bbhttps:\/\/www.focolare.org\/es\/cristianos-en-comunion\/\u00bb _builder_version=\u00bb4.27.5&#8243; _module_preset=\u00bbdefault\u00bb hover_enabled=\u00bb0&#8243; global_colors_info=\u00bb{}\u00bb sticky_enabled=\u00bb0&#8243;][\/et_pb_image][et_pb_text _builder_version=\u00bb4.27.5&#8243; _module_preset=\u00bbdefault\u00bb global_colors_info=\u00bb{}\u00bb]<\/p>\n<ul>\n<li>v\u00ednculos de fraternidad y actividades de com\u00fan inter\u00e9s con personas de <strong>varias religiones<\/strong> a trav\u00e9s de la pr\u00e1ctica com\u00fan de la \u00abRegla de oro\u00bb;<\/li>\n<\/ul>\n<p>[\/et_pb_text][et_pb_image src=\u00bbhttps:\/\/www.focolare.org\/wp-content\/uploads\/2026\/01\/In-dialogo-tra-le-religioni-ES.jpg\u00bb title_text=\u00bbIn dialogo tra le religioni-ES\u00bb url=\u00bbhttps:\/\/www.focolare.org\/es\/en-dialogo-entre-las-religiones\/\u00bb _builder_version=\u00bb4.27.5&#8243; _module_preset=\u00bbdefault\u00bb hover_enabled=\u00bb0&#8243; global_colors_info=\u00bb{}\u00bb sticky_enabled=\u00bb0&#8243;][\/et_pb_image][et_pb_text _builder_version=\u00bb4.27.5&#8243; _module_preset=\u00bbdefault\u00bb locked=\u00bboff\u00bb global_colors_info=\u00bb{}\u00bb]<\/p>\n<ul>\n<li>sobre la base de grandes valores universales compartidos, se establecen relaciones profundas con <strong>personas de convicciones no religiosas<\/strong> y juntos se realizan actividades y acciones concretas en el compromiso com\u00fan por la fraternidad de la familia humana;<\/li>\n<\/ul>\n<p>[\/et_pb_text][et_pb_image src=\u00bbhttps:\/\/www.focolare.org\/wp-content\/uploads\/2026\/01\/En-dialogo-con-personas-de-convicciones-no-religiosas-ES.jpg\u00bb title_text=\u00bbEn dialogo con personas de convicciones no religiosas-ES\u00bb url=\u00bbhttps:\/\/www.focolare.org\/es\/en-dialogo-con-personas-de-convicciones-no-religiosas\/\u00bb _builder_version=\u00bb4.27.5&#8243; _module_preset=\u00bbdefault\u00bb hover_enabled=\u00bb0&#8243; global_colors_info=\u00bb{}\u00bb sticky_enabled=\u00bb0&#8243;][\/et_pb_image][et_pb_text _builder_version=\u00bb4.27.5&#8243; _module_preset=\u00bbdefault\u00bb locked=\u00bboff\u00bb global_colors_info=\u00bb{}\u00bb]<\/p>\n<ul>\n<li>efectuar nuevas profundizaciones y estudios en colaboraci\u00f3n con expertos de distintos \u00e1mbitos de la <strong>cultura contempor\u00e1nea. <\/strong><\/li>\n<\/ul>\n<p>[\/et_pb_text][et_pb_image src=\u00bbhttps:\/\/www.focolare.org\/wp-content\/uploads\/2026\/01\/In-dialogo-con-la-cultura-ES.jpg\u00bb title_text=\u00bbIn dialogo con la cultura-ES\u00bb url=\u00bbhttps:\/\/www.focolare.org\/es\/en-dialogo-con-la-cultura-contemporanea\/\u00bb _builder_version=\u00bb4.27.5&#8243; _module_preset=\u00bbdefault\u00bb hover_enabled=\u00bb0&#8243; global_colors_info=\u00bb{}\u00bb sticky_enabled=\u00bb0&#8243;][\/et_pb_image][\/et_pb_column][et_pb_column type=\u00bb1_4&#8243; _builder_version=\u00bb4.27.5&#8243; _module_preset=\u00bbdefault\u00bb global_colors_info=\u00bb{}\u00bb][\/et_pb_column][\/et_pb_row][\/et_pb_section]<\/p>\n","protected":false},"excerpt":{"rendered":"<p>En di\u00e1logo Nuestro di\u00e1logo es el di\u00e1logo de la vida, el di\u00e1logo del pueblo en el que todos pueden participar. Chiara Lubich, Encuentro ecum\u00e9nico de obispos amigos del Movimiento de los Focolares,Rocca di Papa, 26 de noviembre de 2003. En este videomensaje grabado por Chiara Lubich el 21 de enero de 2004 para un encuentro [&hellip;]<\/p>\n","protected":false},"author":34,"featured_media":0,"parent":0,"menu_order":0,"comment_status":"closed","ping_status":"closed","template":"","meta":{"give_campaign_id":0,"_seopress_robots_primary_cat":"","_seopress_titles_title":"","_seopress_titles_desc":"","_seopress_robots_index":"","_et_pb_use_builder":"on","_et_pb_old_content":"","_et_gb_content_width":"","footnotes":""},"difl_page_category":[],"class_list":["post-394161","page","type-page","status-publish","hentry"],"campaignId":"","_links":{"self":[{"href":"https:\/\/www.focolare.org\/es\/wp-json\/wp\/v2\/pages\/394161","targetHints":{"allow":["GET"]}}],"collection":[{"href":"https:\/\/www.focolare.org\/es\/wp-json\/wp\/v2\/pages"}],"about":[{"href":"https:\/\/www.focolare.org\/es\/wp-json\/wp\/v2\/types\/page"}],"author":[{"embeddable":true,"href":"https:\/\/www.focolare.org\/es\/wp-json\/wp\/v2\/users\/34"}],"replies":[{"embeddable":true,"href":"https:\/\/www.focolare.org\/es\/wp-json\/wp\/v2\/comments?post=394161"}],"version-history":[{"count":5,"href":"https:\/\/www.focolare.org\/es\/wp-json\/wp\/v2\/pages\/394161\/revisions"}],"predecessor-version":[{"id":394599,"href":"https:\/\/www.focolare.org\/es\/wp-json\/wp\/v2\/pages\/394161\/revisions\/394599"}],"wp:attachment":[{"href":"https:\/\/www.focolare.org\/es\/wp-json\/wp\/v2\/media?parent=394161"}],"wp:term":[{"taxonomy":"difl_page_category","embeddable":true,"href":"https:\/\/www.focolare.org\/es\/wp-json\/wp\/v2\/difl_page_category?post=394161"}],"curies":[{"name":"wp","href":"https:\/\/api.w.org\/{rel}","templated":true}]}}