{"id":282745,"date":"2023-04-13T09:02:04","date_gmt":"2023-04-13T07:02:04","guid":{"rendered":"https:\/\/www.focolare.org\/questions-frequemment-posees\/"},"modified":"2024-06-19T17:05:39","modified_gmt":"2024-06-19T15:05:39","slug":"questions-frequemment-posees","status":"publish","type":"page","link":"https:\/\/www.focolare.org\/fr\/questions-frequemment-posees\/","title":{"rendered":"Questions fr\u00e9quemment pos\u00e9es"},"content":{"rendered":"<p>[et_pb_section fb_built=\u00a0\u00bb1&Prime; custom_padding_last_edited=\u00a0\u00bbon|phone\u00a0\u00bb _builder_version=\u00a0\u00bb4.21.0&Prime; _module_preset=\u00a0\u00bbdefault\u00a0\u00bb custom_margin=\u00a0\u00bb||||false|false\u00a0\u00bb custom_padding=\u00a0\u00bb||3%||false|false\u00a0\u00bb custom_padding_tablet=\u00a0\u00bb||4%||false|false\u00a0\u00bb custom_padding_phone=\u00a0\u00bb||20%||false|false\u00a0\u00bb top_divider_style=\u00a0\u00bbramp\u00a0\u00bb top_divider_color=\u00a0\u00bb#3FA3D6&Prime; top_divider_height=\u00a0\u00bb150px\u00a0\u00bb top_divider_repeat=\u00a0\u00bb1x\u00a0\u00bb top_divider_flip=\u00a0\u00bbhorizontal\u00a0\u00bb bottom_divider_style=\u00a0\u00bbramp\u00a0\u00bb bottom_divider_color=\u00a0\u00bb#FFB300&Prime; bottom_divider_height=\u00a0\u00bb150px\u00a0\u00bb bottom_divider_repeat=\u00a0\u00bb1x\u00a0\u00bb bottom_divider_flip=\u00a0\u00bbhorizontal\u00a0\u00bb locked=\u00a0\u00bboff\u00a0\u00bb global_colors_info=\u00a0\u00bb{}\u00a0\u00bb][et_pb_row _builder_version=\u00a0\u00bb4.21.0&Prime; _module_preset=\u00a0\u00bbdefault\u00a0\u00bb custom_margin=\u00a0\u00bb0px||0px||false|false\u00a0\u00bb custom_margin_tablet=\u00a0\u00bb0px||0px||false|false\u00a0\u00bb custom_margin_phone=\u00a0\u00bb-5%||||false|false\u00a0\u00bb custom_margin_last_edited=\u00a0\u00bbon|phone\u00a0\u00bb custom_padding=\u00a0\u00bb0px||0px||false|false\u00a0\u00bb global_colors_info=\u00a0\u00bb{}\u00a0\u00bb][et_pb_column type=\u00a0\u00bb4_4&Prime; _builder_version=\u00a0\u00bb4.21.0&Prime; _module_preset=\u00a0\u00bbdefault\u00a0\u00bb global_colors_info=\u00a0\u00bb{}\u00a0\u00bb][et_pb_text _builder_version=\u00a0\u00bb4.25.2&Prime; _module_preset=\u00a0\u00bbdefault\u00a0\u00bb header_font=\u00a0\u00bb|600|||||||\u00a0\u00bb header_text_align=\u00a0\u00bbcenter\u00a0\u00bb header_text_color=\u00a0\u00bb#FFFFFF\u00a0\u00bb header_font_size=\u00a0\u00bb40px\u00a0\u00bb custom_margin=\u00a0\u00bb||3%||false|false\u00a0\u00bb custom_margin_tablet=\u00a0\u00bb||0px||false|false\u00a0\u00bb custom_margin_phone=\u00a0\u00bb||||false|false\u00a0\u00bb custom_margin_last_edited=\u00a0\u00bbon|phone\u00a0\u00bb custom_padding=\u00a0\u00bb||||false|false\u00a0\u00bb global_colors_info=\u00a0\u00bb{}\u00a0\u00bb]<\/p>\n<div class=\"page_cover xtra-cover-type-title\">\n<div class=\"page_title\" data-title-parallax=\"\">\n<div class=\"row clr\">\n<h1 class=\"section_title \">Questions fr\u00e9quemment pos\u00e9es<\/h1>\n<\/div>\n<\/div>\n<\/div>\n<div id=\"page_content\" class=\"page_content\" role=\"main\">\n<div class=\"row clr\">\n<div class=\"s12 clr\">\n<div class=\"cz_is_blank clr\">\n<div class=\"cz_post_content clr\">\n<div class=\"wpb-content-wrapper\">\n<div id=\"aboutus\" class=\"vc_row wpb_row vc_row-fluid vc_custom_1540799645580\">\n<div class=\"wpb_column vc_column_container vc_col-sm-10\">\n<div class=\"vc_column-inner\">\n<div class=\"wpb_wrapper\">\n<div class=\"wpb_text_column wpb_content_element p { margin-bottom: 3px; }\">\n<div class=\"wpb_wrapper\"><\/div>\n<\/div>\n<\/div>\n<\/div>\n<\/div>\n<\/div>\n<\/div>\n<\/div>\n<\/div>\n<\/div>\n<\/div>\n<\/div>\n<p>[\/et_pb_text][\/et_pb_column][\/et_pb_row][\/et_pb_section][et_pb_section fb_built=\u00a0\u00bb1&Prime; _builder_version=\u00a0\u00bb4.16&Prime; background_size=\u00a0\u00bbcontain\u00a0\u00bb background_repeat=\u00a0\u00bbrepeat-y\u00a0\u00bb background_blend=\u00a0\u00bbmultiply\u00a0\u00bb custom_padding=\u00a0\u00bb4px||1px|||\u00a0\u00bb locked=\u00a0\u00bboff\u00a0\u00bb collapsed=\u00a0\u00bbon\u00a0\u00bb global_colors_info=\u00a0\u00bb{}\u00a0\u00bb][\/et_pb_section][et_pb_section fb_built=\u00a0\u00bb1&Prime; admin_label=\u00a0\u00bbFAQ\u00a0\u00bb _builder_version=\u00a0\u00bb4.20.4&Prime; custom_margin=\u00a0\u00bb0px||0px||true|false\u00a0\u00bb custom_padding=\u00a0\u00bb0px||0px||true|false\u00a0\u00bb collapsed=\u00a0\u00bbon\u00a0\u00bb global_colors_info=\u00a0\u00bb{}\u00a0\u00bb][et_pb_row _builder_version=\u00a0\u00bb4.21.0&Prime; hover_enabled=\u00a0\u00bb0&Prime; global_colors_info=\u00a0\u00bb{}\u00a0\u00bb sticky_enabled=\u00a0\u00bb0&Prime;][et_pb_column type=\u00a0\u00bb4_4&Prime; _builder_version=\u00a0\u00bb4.16&Prime; custom_padding=\u00a0\u00bb|||\u00a0\u00bb global_colors_info=\u00a0\u00bb{}\u00a0\u00bb custom_padding__hover=\u00a0\u00bb|||\u00a0\u00bb][et_pb_accordion open_toggle_text_color=\u00a0\u00bb#3FA3D6&Prime; closed_toggle_text_color=\u00a0\u00bb#FFB300&Prime; _builder_version=\u00a0\u00bb4.25.2&Prime; toggle_text_color=\u00a0\u00bb#3FA3D6&Prime; toggle_font=\u00a0\u00bbLato|700|||||||\u00a0\u00bb toggle_font_size=\u00a0\u00bb18px\u00a0\u00bb toggle_line_height=\u00a0\u00bb1.6em\u00a0\u00bb body_line_height=\u00a0\u00bb2em\u00a0\u00bb hover_enabled=\u00a0\u00bb0&Prime; toggle_font_size_tablet=\u00a0\u00bb\u00a0\u00bb toggle_font_size_phone=\u00a0\u00bb16px\u00a0\u00bb toggle_font_size_last_edited=\u00a0\u00bbon|desktop\u00a0\u00bb border_radii=\u00a0\u00bbon|7px|7px|7px|7px\u00a0\u00bb border_width_all=\u00a0\u00bb0px\u00a0\u00bb global_colors_info=\u00a0\u00bb{}\u00a0\u00bb sticky_enabled=\u00a0\u00bb0&Prime;][et_pb_accordion_item title=\u00a0\u00bbQuestions fr\u00e9quemment pos\u00e9es\u00a0\u00bb _builder_version=\u00a0\u00bb4.25.2&Prime; hover_enabled=\u00a0\u00bb0&Prime; box_shadow_style=\u00a0\u00bbpreset3&Prime; box_shadow_vertical=\u00a0\u00bb0px\u00a0\u00bb box_shadow_blur=\u00a0\u00bb0px\u00a0\u00bb box_shadow_spread=\u00a0\u00bb0px\u00a0\u00bb box_shadow_color=\u00a0\u00bbrgba(0,0,0,0)\u00a0\u00bb global_colors_info=\u00a0\u00bb{}\u00a0\u00bb box_shadow_vertical__hover=\u00a0\u00bb25px\u00a0\u00bb box_shadow_vertical__hover_enabled=\u00a0\u00bbon\u00a0\u00bb box_shadow_blur__hover=\u00a0\u00bb45px\u00a0\u00bb box_shadow_blur__hover_enabled=\u00a0\u00bbon\u00a0\u00bb box_shadow_spread__hover=\u00a0\u00bb-30px\u00a0\u00bb box_shadow_spread__hover_enabled=\u00a0\u00bbon\u00a0\u00bb box_shadow_color__hover=\u00a0\u00bbrgba(0,0,0,0.15)\u00a0\u00bb box_shadow_color__hover_enabled=\u00a0\u00bbon\u00a0\u00bb open=\u00a0\u00bbon\u00a0\u00bb sticky_enabled=\u00a0\u00bb0&Prime;][\/et_pb_accordion_item][et_pb_accordion_item title=\u00a0\u00bbPourquoi l\u2019appellation Mouvement \u201cdes Focolari?\u00a0\u00bb _builder_version=\u00a0\u00bb4.21.0&Prime; box_shadow_style=\u00a0\u00bbpreset3&Prime; box_shadow_vertical=\u00a0\u00bb0px\u00a0\u00bb box_shadow_blur=\u00a0\u00bb0px\u00a0\u00bb box_shadow_spread=\u00a0\u00bb0px\u00a0\u00bb box_shadow_color=\u00a0\u00bbrgba(0,0,0,0)\u00a0\u00bb global_colors_info=\u00a0\u00bb{}\u00a0\u00bb box_shadow_vertical__hover=\u00a0\u00bb25px\u00a0\u00bb box_shadow_vertical__hover_enabled=\u00a0\u00bbon\u00a0\u00bb box_shadow_blur__hover=\u00a0\u00bb45px\u00a0\u00bb box_shadow_blur__hover_enabled=\u00a0\u00bbon\u00a0\u00bb box_shadow_spread__hover=\u00a0\u00bb-30px\u00a0\u00bb box_shadow_spread__hover_enabled=\u00a0\u00bbon\u00a0\u00bb box_shadow_color__hover=\u00a0\u00bbrgba(0,0,0,0.15)\u00a0\u00bb box_shadow_color__hover_enabled=\u00a0\u00bbon\u00a0\u00bb open=\u00a0\u00bbon\u00a0\u00bb]<\/p>\n<p> \u00ab Focolare \u00bb est le nom que les habitants de la ville de Trente ont donn\u00e9 \u00e0 la premi\u00e8re communaut\u00e9 que Chiara Lubich et ses premi\u00e8res compagnes ont fait na\u00eetre. Cette vie communautaire a rappel\u00e9 d\u00e8s les d\u00e9buts la chaleur d\u2019une famille et la puissance du message nouveau et r\u00e9volutionnaire inspir\u00e9 de l\u2019Evangile; il a \u00e9t\u00e9 compar\u00e9 au feu qui br\u00fble et \u00e9claire.<\/p>\n<p>Focolare est le nom des communaut\u00e9s dans lesquelles vivent tous ceux qui dans le Mouvement ont prononc\u00e9 des voeux de chastet\u00e9, pauvret\u00e9 et ob\u00e9issance. Font aussi partie du focolare des personnes mari\u00e9es qui, fid\u00e8les \u00e0 leur \u00e9tat de vie et tout en continuant \u00e0 vivre dans leur famille, partagent avec ceux qui sont consacr\u00e9s dans le c\u00e9libat le choix radical de mettre en pratique l\u2019amour \u00e9vang\u00e9lique et de vivre pour que se r\u00e9alise l\u2019unit\u00e9.<\/p>\n<p>[\/et_pb_accordion_item][et_pb_accordion_item title=\u00a0\u00bbQui est Chiara Lubich pour le Mouvement des Focolari?\u00a0\u00bb _builder_version=\u00a0\u00bb4.21.0&Prime; box_shadow_style=\u00a0\u00bbpreset3&Prime; box_shadow_vertical=\u00a0\u00bb0px\u00a0\u00bb box_shadow_blur=\u00a0\u00bb0px\u00a0\u00bb box_shadow_spread=\u00a0\u00bb0px\u00a0\u00bb box_shadow_color=\u00a0\u00bbrgba(0,0,0,0)\u00a0\u00bb global_colors_info=\u00a0\u00bb{}\u00a0\u00bb box_shadow_vertical__hover=\u00a0\u00bb25px\u00a0\u00bb box_shadow_vertical__hover_enabled=\u00a0\u00bbon\u00a0\u00bb box_shadow_blur__hover=\u00a0\u00bb45px\u00a0\u00bb box_shadow_blur__hover_enabled=\u00a0\u00bbon\u00a0\u00bb box_shadow_spread__hover=\u00a0\u00bb-30px\u00a0\u00bb box_shadow_spread__hover_enabled=\u00a0\u00bbon\u00a0\u00bb box_shadow_color__hover=\u00a0\u00bbrgba(0,0,0,0.15)\u00a0\u00bb box_shadow_color__hover_enabled=\u00a0\u00bbon\u00a0\u00bb open=\u00a0\u00bboff\u00a0\u00bb]<\/p>\n<p>Chiara est la fondatrice des Focolari et elle a \u00e9t\u00e9 la Pr\u00e9sidente \u00e9lue du Mouvement jusqu\u2019\u00e0 son d\u00e9c\u00e8s en 2008. Elle est consid\u00e9r\u00e9e comme une des grandes personnalit\u00e9s charismatiques de notre temps, reconnue et estim\u00e9e par des leaders du monde chr\u00e9tien, par des responsables d\u2019autres religions et par des hommes politiques de premier plan dans de nombreux Pays. De nombreuses reconnaissances lui ont \u00e9t\u00e9 d\u00e9cern\u00e9es: le Prix UNESCO pour l\u2019Education \u00e0 la Paix, divers doctorats <em>honoris causa<\/em> (par exemple en Th\u00e9ologie, en Oecum\u00e9nisme, Psychologie, Art, Philosophie et Economie) et citoyennet\u00e9s honoraires dans le monde entier.<\/p>\n<p>[\/et_pb_accordion_item][et_pb_accordion_item title=\u00a0\u00bbQuel est l\u2019organe de gouvernement du Mouvement des Focolari?\u00a0\u00bb _builder_version=\u00a0\u00bb4.21.0&Prime; box_shadow_style=\u00a0\u00bbpreset3&Prime; box_shadow_vertical=\u00a0\u00bb0px\u00a0\u00bb box_shadow_blur=\u00a0\u00bb0px\u00a0\u00bb box_shadow_spread=\u00a0\u00bb0px\u00a0\u00bb box_shadow_color=\u00a0\u00bbrgba(0,0,0,0)\u00a0\u00bb global_colors_info=\u00a0\u00bb{}\u00a0\u00bb box_shadow_vertical__hover=\u00a0\u00bb25px\u00a0\u00bb box_shadow_vertical__hover_enabled=\u00a0\u00bbon\u00a0\u00bb box_shadow_blur__hover=\u00a0\u00bb45px\u00a0\u00bb box_shadow_blur__hover_enabled=\u00a0\u00bbon\u00a0\u00bb box_shadow_spread__hover=\u00a0\u00bb-30px\u00a0\u00bb box_shadow_spread__hover_enabled=\u00a0\u00bbon\u00a0\u00bb box_shadow_color__hover=\u00a0\u00bbrgba(0,0,0,0.15)\u00a0\u00bb box_shadow_color__hover_enabled=\u00a0\u00bbon\u00a0\u00bb open=\u00a0\u00bboff\u00a0\u00bb]<\/p>\n<p>Le principal organe de gouvernement est le Conseil G\u00e9n\u00e9ral pr\u00e9sid\u00e9 par la Pr\u00e9sidente (qui statutairement sera toujours une femme) et par un Copr\u00e9sident; tous deux assument cette charge pendant cinq ans.<\/p>\n<p>[\/et_pb_accordion_item][et_pb_accordion_item title=\u00a0\u00bbQuelle est la relation du Mouvement des Focolari avec l\u2019Eglise catholique ?\u00a0\u00bb _builder_version=\u00a0\u00bb4.21.0&Prime; box_shadow_style=\u00a0\u00bbpreset3&Prime; box_shadow_vertical=\u00a0\u00bb0px\u00a0\u00bb box_shadow_blur=\u00a0\u00bb0px\u00a0\u00bb box_shadow_spread=\u00a0\u00bb0px\u00a0\u00bb box_shadow_color=\u00a0\u00bbrgba(0,0,0,0)\u00a0\u00bb global_colors_info=\u00a0\u00bb{}\u00a0\u00bb box_shadow_vertical__hover=\u00a0\u00bb25px\u00a0\u00bb box_shadow_vertical__hover_enabled=\u00a0\u00bbon\u00a0\u00bb box_shadow_blur__hover=\u00a0\u00bb45px\u00a0\u00bb box_shadow_blur__hover_enabled=\u00a0\u00bbon\u00a0\u00bb box_shadow_spread__hover=\u00a0\u00bb-30px\u00a0\u00bb box_shadow_spread__hover_enabled=\u00a0\u00bbon\u00a0\u00bb box_shadow_color__hover=\u00a0\u00bbrgba(0,0,0,0.15)\u00a0\u00bb box_shadow_color__hover_enabled=\u00a0\u00bbon\u00a0\u00bb open=\u00a0\u00bboff\u00a0\u00bb]<\/p>\n<p>Depuis 1964 le Mouvement des Focolari est approuv\u00e9 par l\u2019Eglise catholique. S elon ses Statuts G\u00e9n\u00e9raux (1990) il a la forme juridique d\u2019une Association de Fid\u00e8les de Droit Pontifical. Partout o\u00f9 il est pr\u00e9sent, le Mouvement cherche le contact et la collaboration avec les responsables et les repr\u00e9sentants des Eglises et des Communaut\u00e9s eccl\u00e9siales locales et il est en premi\u00e8re ligne dans la promotion du dialogue \u0153cum\u00e9nique et interreligieux.<\/p>\n<p>[\/et_pb_accordion_item][et_pb_accordion_item title=\u00a0\u00bbComment adh\u00e9rer au Mouvement des Focolari ?\u00a0\u00bb _builder_version=\u00a0\u00bb4.21.0&Prime; box_shadow_style=\u00a0\u00bbpreset3&Prime; box_shadow_vertical=\u00a0\u00bb0px\u00a0\u00bb box_shadow_blur=\u00a0\u00bb0px\u00a0\u00bb box_shadow_spread=\u00a0\u00bb0px\u00a0\u00bb box_shadow_color=\u00a0\u00bbrgba(0,0,0,0)\u00a0\u00bb global_colors_info=\u00a0\u00bb{}\u00a0\u00bb box_shadow_vertical__hover=\u00a0\u00bb25px\u00a0\u00bb box_shadow_vertical__hover_enabled=\u00a0\u00bbon\u00a0\u00bb box_shadow_blur__hover=\u00a0\u00bb45px\u00a0\u00bb box_shadow_blur__hover_enabled=\u00a0\u00bbon\u00a0\u00bb box_shadow_spread__hover=\u00a0\u00bb-30px\u00a0\u00bb box_shadow_spread__hover_enabled=\u00a0\u00bbon\u00a0\u00bb box_shadow_color__hover=\u00a0\u00bbrgba(0,0,0,0.15)\u00a0\u00bb box_shadow_color__hover_enabled=\u00a0\u00bbon\u00a0\u00bb open=\u00a0\u00bboff\u00a0\u00bb]<\/p>\n<p>Trois conditions doivent \u00eatre remplies :<\/p>\n<ul>\n<li style=\"list-style-type: none;\">\n<ul>\n<li>Partager le r\u00eave et l\u2019engagement \u00e0 faire de l\u2019humanit\u00e9 une grande famille unie par l\u2019amour;<\/li>\n<li>Chercher \u00e0 mettre en pratique ce r\u00eave dans les relations quotidiennes. Pour le r\u00e9aliser les chr\u00e9tiens s\u2019inspirent de l\u2019enseignement de l\u2019Evangile de J\u00e9sus-Christ et des Ecritures; les fid\u00e8les des autres religions s\u2019inspirent de leurs Livres sacr\u00e9s; les personnes qui n\u2019ont pas de conviction religieuse s\u2019inspirent des principes \u00e9thiques fond\u00e9s sur l\u2019amour, sur le respect entre personnes et peuples;<\/li>\n<li>Chercher \u00e0 partager ce style de vie avec d\u2019autres personnes pour contribuer ensemble \u00e0 l\u2019av\u00e8nement d\u2019un monde uni et en paix.<\/li>\n<\/ul>\n<\/li>\n<\/ul>\n<p>[\/et_pb_accordion_item][et_pb_accordion_item title=\u00a0\u00bbQuelles sont les activit\u00e9s que propose le Mouvement des Focolari ?\u00a0\u00bb _builder_version=\u00a0\u00bb4.21.0&Prime; _module_preset=\u00a0\u00bbdefault\u00a0\u00bb global_colors_info=\u00a0\u00bb{}\u00a0\u00bb open=\u00a0\u00bboff\u00a0\u00bb]<\/p>\n<p>Le Mouvement des Focolari se sent appel\u00e9 \u00e0 donner une contribution \u00e0 l\u2019unit\u00e9 de la famille humaine dans toutes ses expressions. En cons\u00e9quence ses activit\u00e9s sont les plus vari\u00e9es selon les n\u00e9cessit\u00e9s qu\u2019on rencontre localement et concernent tous les secteurs de la vie et de la pens\u00e9e .<\/p>\n<p>[\/et_pb_accordion_item][et_pb_accordion_item title=\u00a0\u00bbDe quelle fa\u00e7on le Mouvement des Focolari applique-t-il les normes concernant la protection des mineurs ? \u00a0\u00bb _builder_version=\u00a0\u00bb4.21.0&Prime; _module_preset=\u00a0\u00bbdefault\u00a0\u00bb global_colors_info=\u00a0\u00bb{}\u00a0\u00bb open=\u00a0\u00bboff\u00a0\u00bb]<\/p>\n<p>Dans ses activit\u00e9s, le Mouvement des Focolari s\u2019engage \u00e0pr\u00e9venir et \u00e0 \u00e9viter tout abus de la personne. Dans ce but des r\u00e8gles pr\u00e9cises ont \u00e9t\u00e9 r\u00e9dig\u00e9es pour garantir le bien-\u00eatre de l\u2019enfant et de l\u2019adolescent, \u00e0 l\u2019usage des communaut\u00e9s du Mouvement pr\u00e9sentes dans le monde entier. Les Centres nationaux veilleront \u00e0 les adapter aux r\u00e9alit\u00e9s juridiques et culturelles propres \u00e0 chaque pays, en conformit\u00e9 avec les principes \u00e9dict\u00e9s par le Droit International en mati\u00e8re de protection des mineurs. En mai 2022, la pr\u00e9sidente du mouvement des Focolari s&rsquo;est engag\u00e9e \u00e0 rendre obligatoire la participation \u00e0 au moins un cours de base sur la protection des mineurs et des personnes vuln\u00e9rables pour tous les membres du mouvement dans le monde entier, y compris les mineurs eux-m\u00eames.<\/p>\n<p>[\/et_pb_accordion_item][et_pb_accordion_item title=\u00a0\u00bbComment \u00eatre inform\u00e9 sur la vie et les activit\u00e9s du Mouvement des Focolari ?\u00a0\u00bb _builder_version=\u00a0\u00bb4.21.0&Prime; _module_preset=\u00a0\u00bbdefault\u00a0\u00bb global_colors_info=\u00a0\u00bb{}\u00a0\u00bb open=\u00a0\u00bboff\u00a0\u00bb]<\/p>\n<p>A travers un syst\u00e8me de notifications l\u2019usager peut choisir la modalit\u00e9, les supports et les contenus d\u2019une information r\u00e9guli\u00e8re.<\/p>\n<p>La revue <span><a href=\"http:\/\/www.cittanuova.it\/\">Citt\u00e0 Nuova<\/a><\/span> (mensuel imprim\u00e9 et quotidien en ligne) analyse les \u00e9v\u00e9nements, l\u2019actualit\u00e9, les tendances, la spiritualit\u00e9 et les exp\u00e9riences de vie dans l\u2019optique des Focolari, c\u2019est-\u00e0-dire du dialogue et de la fraternit\u00e9. Il existe des <span><a href=\"https:\/\/www.cittanuova.it\/mondo\/\">\u00e9ditions en plusieurs langues<\/a><\/span><span>.<\/span><\/p>\n<p>[\/et_pb_accordion_item][et_pb_accordion_item title=\u00a0\u00bbQue signifie le logo du mouvement des Focolari ?\u00a0\u00bb _builder_version=\u00a0\u00bb4.21.0&Prime; _module_preset=\u00a0\u00bbdefault\u00a0\u00bb global_colors_info=\u00a0\u00bb{}\u00a0\u00bb open=\u00a0\u00bboff\u00a0\u00bb]<\/p>\n<p>Le logo du Mouvement s\u2019inspire de la \u201cMadone du peuple\u201c qui accueille sous son manteau toutes les vocations. La couleur bleue \u00e9voque Marie, l\u2019orange les membres qui veulent agir selon le style de Marie.<\/p>\n<p>[\/et_pb_accordion_item][\/et_pb_accordion][\/et_pb_column][\/et_pb_row][\/et_pb_section]<\/p>\n","protected":false},"excerpt":{"rendered":"<p>Questions fr\u00e9quemment pos\u00e9es \u00ab Focolare \u00bb est le nom que les habitants de la ville de Trente ont donn\u00e9 \u00e0 la premi\u00e8re communaut\u00e9 que Chiara Lubich et ses premi\u00e8res compagnes ont fait na\u00eetre. Cette vie communautaire a rappel\u00e9 d\u00e8s les d\u00e9buts la chaleur d\u2019une famille et la puissance du message nouveau et r\u00e9volutionnaire inspir\u00e9 de [&hellip;]<\/p>\n","protected":false},"author":1,"featured_media":0,"parent":0,"menu_order":0,"comment_status":"closed","ping_status":"closed","template":"","meta":{"give_campaign_id":0,"_seopress_robots_primary_cat":"","_seopress_titles_title":"","_seopress_titles_desc":"","_seopress_robots_index":"","_et_pb_use_builder":"on","_et_pb_old_content":"","_et_gb_content_width":"","footnotes":""},"difl_page_category":[],"class_list":["post-282745","page","type-page","status-publish","hentry"],"campaignId":"","_links":{"self":[{"href":"https:\/\/www.focolare.org\/fr\/wp-json\/wp\/v2\/pages\/282745","targetHints":{"allow":["GET"]}}],"collection":[{"href":"https:\/\/www.focolare.org\/fr\/wp-json\/wp\/v2\/pages"}],"about":[{"href":"https:\/\/www.focolare.org\/fr\/wp-json\/wp\/v2\/types\/page"}],"author":[{"embeddable":true,"href":"https:\/\/www.focolare.org\/fr\/wp-json\/wp\/v2\/users\/1"}],"replies":[{"embeddable":true,"href":"https:\/\/www.focolare.org\/fr\/wp-json\/wp\/v2\/comments?post=282745"}],"version-history":[{"count":0,"href":"https:\/\/www.focolare.org\/fr\/wp-json\/wp\/v2\/pages\/282745\/revisions"}],"wp:attachment":[{"href":"https:\/\/www.focolare.org\/fr\/wp-json\/wp\/v2\/media?parent=282745"}],"wp:term":[{"taxonomy":"difl_page_category","embeddable":true,"href":"https:\/\/www.focolare.org\/fr\/wp-json\/wp\/v2\/difl_page_category?post=282745"}],"curies":[{"name":"wp","href":"https:\/\/api.w.org\/{rel}","templated":true}]}}