{"id":283252,"date":"2023-03-31T12:53:16","date_gmt":"2023-03-31T10:53:16","guid":{"rendered":"https:\/\/www.focolare.org\/telereunion\/"},"modified":"2026-03-23T12:55:35","modified_gmt":"2026-03-23T11:55:35","slug":"telereunion","status":"publish","type":"page","link":"https:\/\/www.focolare.org\/fr\/telereunion\/","title":{"rendered":"T\u00e9l\u00e9conf\u00e9rence"},"content":{"rendered":"<p>[et_pb_section fb_built=\u00a0\u00bb1&Prime; custom_padding_last_edited=\u00a0\u00bbon|phone\u00a0\u00bb _builder_version=\u00a0\u00bb4.27.6&Prime; _module_preset=\u00a0\u00bbdefault\u00a0\u00bb background_enable_color=\u00a0\u00bboff\u00a0\u00bb background_image=\u00a0\u00bbhttps:\/\/www.focolare.org\/wp-content\/uploads\/2026\/03\/Collegamento2.png\u00a0\u00bb width=\u00a0\u00bb100%\u00a0\u00bb max_width=\u00a0\u00bb100%\u00a0\u00bb min_height=\u00a0\u00bb600px\u00a0\u00bb min_height_tablet=\u00a0\u00bb600px\u00a0\u00bb min_height_phone=\u00a0\u00bb600px\u00a0\u00bb min_height_last_edited=\u00a0\u00bbon|phone\u00a0\u00bb height=\u00a0\u00bb600px\u00a0\u00bb height_tablet=\u00a0\u00bb600px\u00a0\u00bb height_phone=\u00a0\u00bb600px\u00a0\u00bb height_last_edited=\u00a0\u00bbon|phone\u00a0\u00bb max_height=\u00a0\u00bb600px\u00a0\u00bb custom_margin=\u00a0\u00bb0px||0px||false|false\u00a0\u00bb custom_margin_tablet=\u00a0\u00bb0px||0px||false|false\u00a0\u00bb custom_margin_phone=\u00a0\u00bb||0px||false|false\u00a0\u00bb custom_margin_last_edited=\u00a0\u00bbon|phone\u00a0\u00bb custom_padding=\u00a0\u00bb0px||0px||true|false\u00a0\u00bb custom_padding_tablet=\u00a0\u00bb10%||10%||true|false\u00a0\u00bb custom_padding_phone=\u00a0\u00bb20%||20%||true|false\u00a0\u00bb bottom_divider_color=\u00a0\u00bb#3FA3D6&Prime; bottom_divider_repeat=\u00a0\u00bb1x\u00a0\u00bb bottom_divider_flip=\u00a0\u00bbhorizontal\u00a0\u00bb hover_enabled=\u00a0\u00bb0&Prime; locked=\u00a0\u00bboff\u00a0\u00bb global_colors_info=\u00a0\u00bb{}\u00a0\u00bb title_text=\u00a0\u00bbCollegamento2&Prime; sticky_enabled=\u00a0\u00bb0&Prime;][et_pb_row _builder_version=\u00a0\u00bb4.21.0&Prime; _module_preset=\u00a0\u00bbdefault\u00a0\u00bb hover_enabled=\u00a0\u00bb0&Prime; global_colors_info=\u00a0\u00bb{}\u00a0\u00bb sticky_enabled=\u00a0\u00bb0&Prime;][et_pb_column type=\u00a0\u00bb4_4&Prime; _builder_version=\u00a0\u00bb4.21.0&Prime; _module_preset=\u00a0\u00bbdefault\u00a0\u00bb global_colors_info=\u00a0\u00bb{}\u00a0\u00bb][\/et_pb_column][\/et_pb_row][\/et_pb_section][et_pb_section fb_built=\u00a0\u00bb1&Prime; custom_padding_last_edited=\u00a0\u00bbon|phone\u00a0\u00bb _builder_version=\u00a0\u00bb4.21.0&Prime; _module_preset=\u00a0\u00bbdefault\u00a0\u00bb custom_margin=\u00a0\u00bb||||false|false\u00a0\u00bb custom_padding=\u00a0\u00bb||3%||false|false\u00a0\u00bb custom_padding_tablet=\u00a0\u00bb||4%||false|false\u00a0\u00bb custom_padding_phone=\u00a0\u00bb||20%||false|false\u00a0\u00bb top_divider_style=\u00a0\u00bbramp\u00a0\u00bb top_divider_color=\u00a0\u00bb#3FA3D6&Prime; top_divider_height=\u00a0\u00bb150px\u00a0\u00bb top_divider_repeat=\u00a0\u00bb1x\u00a0\u00bb top_divider_flip=\u00a0\u00bbhorizontal\u00a0\u00bb bottom_divider_style=\u00a0\u00bbramp\u00a0\u00bb bottom_divider_color=\u00a0\u00bb#FFB300&Prime; bottom_divider_height=\u00a0\u00bb150px\u00a0\u00bb bottom_divider_repeat=\u00a0\u00bb1x\u00a0\u00bb bottom_divider_flip=\u00a0\u00bbhorizontal\u00a0\u00bb locked=\u00a0\u00bboff\u00a0\u00bb global_colors_info=\u00a0\u00bb{}\u00a0\u00bb][et_pb_row _builder_version=\u00a0\u00bb4.21.0&Prime; _module_preset=\u00a0\u00bbdefault\u00a0\u00bb custom_margin=\u00a0\u00bb0px||0px||false|false\u00a0\u00bb custom_margin_tablet=\u00a0\u00bb0px||0px||false|false\u00a0\u00bb custom_margin_phone=\u00a0\u00bb-5%||||false|false\u00a0\u00bb custom_margin_last_edited=\u00a0\u00bbon|phone\u00a0\u00bb custom_padding=\u00a0\u00bb0px||0px||false|false\u00a0\u00bb global_colors_info=\u00a0\u00bb{}\u00a0\u00bb][et_pb_column type=\u00a0\u00bb4_4&Prime; _builder_version=\u00a0\u00bb4.21.0&Prime; _module_preset=\u00a0\u00bbdefault\u00a0\u00bb global_colors_info=\u00a0\u00bb{}\u00a0\u00bb][et_pb_text _builder_version=\u00a0\u00bb4.22.2&Prime; _module_preset=\u00a0\u00bbdefault\u00a0\u00bb header_font=\u00a0\u00bb|600|||||||\u00a0\u00bb header_text_align=\u00a0\u00bbcenter\u00a0\u00bb header_text_color=\u00a0\u00bb#FFFFFF\u00a0\u00bb header_font_size=\u00a0\u00bb40px\u00a0\u00bb custom_margin=\u00a0\u00bb||3%||false|false\u00a0\u00bb custom_margin_tablet=\u00a0\u00bb||0px||false|false\u00a0\u00bb custom_margin_phone=\u00a0\u00bb||||false|false\u00a0\u00bb custom_margin_last_edited=\u00a0\u00bbon|phone\u00a0\u00bb custom_padding=\u00a0\u00bb||||false|false\u00a0\u00bb global_colors_info=\u00a0\u00bb{}\u00a0\u00bb]<\/p>\n<h1>T\u00e9l\u00e9conf\u00e9rence<\/h1>\n<p>[\/et_pb_text][\/et_pb_column][\/et_pb_row][\/et_pb_section][et_pb_section fb_built=\u00a0\u00bb1&Prime; _builder_version=\u00a0\u00bb4.20.4&Prime; _module_preset=\u00a0\u00bbdefault\u00a0\u00bb custom_margin=\u00a0\u00bb||0px||false|false\u00a0\u00bb custom_padding=\u00a0\u00bb0px||0px||false|false\u00a0\u00bb global_colors_info=\u00a0\u00bb{}\u00a0\u00bb][et_pb_row column_structure=\u00a0\u00bb3_5,2_5&Prime; _builder_version=\u00a0\u00bb4.20.4&Prime; _module_preset=\u00a0\u00bbdefault\u00a0\u00bb custom_margin=\u00a0\u00bb2%||0px||false|false\u00a0\u00bb custom_padding=\u00a0\u00bb||0px||false|false\u00a0\u00bb global_colors_info=\u00a0\u00bb{}\u00a0\u00bb][et_pb_column type=\u00a0\u00bb3_5&Prime; _builder_version=\u00a0\u00bb4.20.4&Prime; _module_preset=\u00a0\u00bbdefault\u00a0\u00bb global_colors_info=\u00a0\u00bb{}\u00a0\u00bb][difl_cptgrid post_type=\u00a0\u00bbproject\u00a0\u00bb posts_number=\u00a0\u00bb1&Prime; post_display=\u00a0\u00bbby_tax\u00a0\u00bb tax_for_project=\u00a0\u00bbproject_category\u00a0\u00bb project_terms_project_category=\u00a0\u00bb3883,3882&Prime; column=\u00a0\u00bb1&Prime; next_prev_icon=\u00a0\u00bbset_2&Prime; pagination_background_bgcolor=\u00a0\u00bbRGBA(255,255,255,0)\u00a0\u00bb wrapper_margin=\u00a0\u00bb||5%||false|false\u00a0\u00bb _builder_version=\u00a0\u00bb4.27.4&Prime; _module_preset=\u00a0\u00bbdefault\u00a0\u00bb pagination_font=\u00a0\u00bb|600|||||||\u00a0\u00bb pagination_text_color=\u00a0\u00bb#FFB300&Prime; active_pagination_text_color=\u00a0\u00bb#3FA3D6&Prime; width=\u00a0\u00bb100%\u00a0\u00bb max_width=\u00a0\u00bb100%\u00a0\u00bb locked=\u00a0\u00bboff\u00a0\u00bb global_colors_info=\u00a0\u00bb{}\u00a0\u00bb pagination_text_color__hover_enabled=\u00a0\u00bbon|desktop\u00a0\u00bb pagination_text_color__hover=\u00a0\u00bb#3FA3D6&Prime;][difl_cptitem type=\u00a0\u00bbimage\u00a0\u00bb _builder_version=\u00a0\u00bb4.20.4&Prime; _module_preset=\u00a0\u00bbdefault\u00a0\u00bb global_colors_info=\u00a0\u00bb{}\u00a0\u00bb][\/difl_cptitem][difl_cptitem type=\u00a0\u00bbtitle\u00a0\u00bb _builder_version=\u00a0\u00bb4.20.4&Prime; _module_preset=\u00a0\u00bbdefault\u00a0\u00bb body_font=\u00a0\u00bb|700|||||||\u00a0\u00bb body_text_color=\u00a0\u00bb#3FA3D6&Prime; body_font_size=\u00a0\u00bb18px\u00a0\u00bb global_colors_info=\u00a0\u00bb{}\u00a0\u00bb][\/difl_cptitem][\/difl_cptgrid][\/et_pb_column][et_pb_column type=\u00a0\u00bb2_5&Prime; _builder_version=\u00a0\u00bb4.20.4&Prime; _module_preset=\u00a0\u00bbdefault\u00a0\u00bb global_colors_info=\u00a0\u00bb{}\u00a0\u00bb][et_pb_text _builder_version=\u00a0\u00bb4.27.5&Prime; _module_preset=\u00a0\u00bbdefault\u00a0\u00bb header_2_font=\u00a0\u00bb|600|||||||\u00a0\u00bb header_2_text_color=\u00a0\u00bb#3FA3D6&Prime; header_2_font_size=\u00a0\u00bb20px\u00a0\u00bb custom_padding=\u00a0\u00bb3%|3%|3%|3%|true|true\u00a0\u00bb border_radii=\u00a0\u00bbon|7px|7px|7px|7px\u00a0\u00bb border_width_all=\u00a0\u00bb1px\u00a0\u00bb border_color_all=\u00a0\u00bb#FFB300&Prime; global_colors_info=\u00a0\u00bb{}\u00a0\u00bb]<\/p>\n<h2 is=\"qowt-word-para\" qowt-lvl=\"undefined\" qowt-entry=\"undefined\" qowt-eid=\"E94\" id=\"E94\" class=\"x-scope qowt-word-para-1\"><span is=\"qowt-word-run\" qowt-eid=\"E95\" id=\"E95\">LES PROCHAINS RENDEZ-VOUS :<\/span><\/h2>\n<p><strong>Dimanche 22 mars 2026<\/strong> \u2013 18h00 (UTC + 1)<\/p>\n<p><span><strong>Samedi 20 juin 2026<\/strong> \u2013 18h00 (UTC + 2)<\/span><\/p>\n<p><span><strong>Samedi 3 octobre 2026<\/strong> \u2013 18 h (UTC + 2)<\/span><\/p>\n<p><span><strong>Samedi 12 d\u00e9cembre 2026<\/strong> \u2013 18 h (UTC + 1)<\/span><\/p>\n<p>[\/et_pb_text][et_pb_image src=\u00a0\u00bbhttps:\/\/www.focolare.org\/wp-content\/uploads\/2023\/04\/629343aedf8ce1568c75ff7f.png\u00a0\u00bb title_text=\u00a0\u00bb629343aedf8ce1568c75ff7f\u00a0\u00bb url=\u00a0\u00bbhttps:\/\/www.youtube.com\/@CollegamentoFocolare_official\u00a0\u00bb url_new_window=\u00a0\u00bbon\u00a0\u00bb _builder_version=\u00a0\u00bb4.26.1&Prime; _module_preset=\u00a0\u00bbdefault\u00a0\u00bb width=\u00a0\u00bb99%\u00a0\u00bb module_alignment=\u00a0\u00bbcenter\u00a0\u00bb border_radii=\u00a0\u00bbon|7px|7px|7px|7px\u00a0\u00bb global_colors_info=\u00a0\u00bb{}\u00a0\u00bb][\/et_pb_image][\/et_pb_column][\/et_pb_row][\/et_pb_section][et_pb_section fb_built=\u00a0\u00bb1&Prime; _builder_version=\u00a0\u00bb4.20.4&Prime; _module_preset=\u00a0\u00bbdefault\u00a0\u00bb background_color=\u00a0\u00bb#EEEEEE\u00a0\u00bb custom_margin=\u00a0\u00bb0px||0px||false|false\u00a0\u00bb custom_padding=\u00a0\u00bb2%||2%||true|false\u00a0\u00bb global_colors_info=\u00a0\u00bb{}\u00a0\u00bb][et_pb_row _builder_version=\u00a0\u00bb4.20.4&Prime; _module_preset=\u00a0\u00bbdefault\u00a0\u00bb custom_margin=\u00a0\u00bb0px||0px||true|false\u00a0\u00bb custom_padding=\u00a0\u00bb0px||0px||true|false\u00a0\u00bb global_colors_info=\u00a0\u00bb{}\u00a0\u00bb][et_pb_column type=\u00a0\u00bb4_4&Prime; _builder_version=\u00a0\u00bb4.20.4&Prime; _module_preset=\u00a0\u00bbdefault\u00a0\u00bb global_colors_info=\u00a0\u00bb{}\u00a0\u00bb][et_pb_text _builder_version=\u00a0\u00bb4.20.4&Prime; _module_preset=\u00a0\u00bbdefault\u00a0\u00bb header_2_font=\u00a0\u00bb|600|||||||\u00a0\u00bb header_2_text_color=\u00a0\u00bb#FFB300&Prime; header_2_font_size=\u00a0\u00bb20px\u00a0\u00bb global_colors_info=\u00a0\u00bb{}\u00a0\u00bb]<\/p>\n<h2 is=\"qowt-word-para\" qowt-lvl=\"undefined\" qowt-entry=\"undefined\" qowt-eid=\"E63\" id=\"E63\" class=\"qowt-stl-NormaleWeb x-scope qowt-word-para-0\"><span is=\"qowt-word-run\" qowt-eid=\"E64\" id=\"E64\" class=\"qowt-font3-Lato qowt-stl-Enfasigrassetto\">QUEL EST La T\u00e9l\u00e9r\u00e9union?<\/span><\/h2>\n<p>[\/et_pb_text][\/et_pb_column][\/et_pb_row][et_pb_row column_structure=\u00a0\u00bb1_3,1_3,1_3&Prime; _builder_version=\u00a0\u00bb4.20.4&Prime; _module_preset=\u00a0\u00bbdefault\u00a0\u00bb custom_margin=\u00a0\u00bb0px||0px||false|false\u00a0\u00bb custom_padding=\u00a0\u00bb0px||0px||false|false\u00a0\u00bb global_colors_info=\u00a0\u00bb{}\u00a0\u00bb][et_pb_column type=\u00a0\u00bb1_3&Prime; _builder_version=\u00a0\u00bb4.20.4&Prime; _module_preset=\u00a0\u00bbdefault\u00a0\u00bb global_colors_info=\u00a0\u00bb{}\u00a0\u00bb][et_pb_text _builder_version=\u00a0\u00bb4.22.2&Prime; _module_preset=\u00a0\u00bbdefault\u00a0\u00bb header_2_font=\u00a0\u00bb|600|||||||\u00a0\u00bb header_2_text_color=\u00a0\u00bb#FFB300&Prime; header_2_font_size=\u00a0\u00bb20px\u00a0\u00bb global_colors_info=\u00a0\u00bb{}\u00a0\u00bb]<\/p>\n<p is=\"qowt-word-para\" qowt-lvl=\"undefined\" qowt-entry=\"undefined\" qowt-eid=\"E65\" id=\"E65\" class=\"qowt-stl-NormaleWeb x-scope qowt-word-para-0\"><strong><span is=\"qowt-word-run\" qowt-eid=\"E66\" id=\"E66\" class=\"qowt-font3-Lato\">Quand ?<\/span><\/strong> <span is=\"qowt-word-run\" qowt-eid=\"E67\" id=\"E67\" class=\"qowt-font3-Lato\"><strong>|<\/strong><\/span> <span is=\"qowt-word-run\" qowt-eid=\"E67\" id=\"E67\" class=\"qowt-font3-Lato\">La T\u00e9l\u00e9r\u00e9union est n\u00e9e en 1980. Nous sommes le 11 ao\u00fbt, en la f\u00eate de sainte Claire d&rsquo;Assise. Ce jour-l\u00e0, le jour de son nom, Chiara Lubich est en Suisse avec un nombre de personnes qui lui font des v\u0153ux: c&rsquo;est une f\u00eate de famille. Une profonde communion se cr\u00e9e.<\/span><\/p>\n<p is=\"qowt-word-para\" qowt-lvl=\"undefined\" qowt-entry=\"undefined\" qowt-eid=\"E68\" id=\"E68\" class=\"qowt-stl-NormaleWeb x-scope qowt-word-para-0\"><span is=\"qowt-word-run\" qowt-eid=\"E70\" id=\"E70\" class=\"qowt-font3-Lato\"><strong>Qui ? |<\/strong> <\/span><span is=\"qowt-word-run\" qowt-eid=\"E71\" id=\"E71\" class=\"qowt-font3-Lato\">Dans les jours qui suivent, \u00e0 partir de la maison de Chiara, une cha\u00eene d&rsquo;appels t\u00e9l\u00e9phoniques se met en place pour nourrir la r\u00e9alit\u00e9 per\u00e7ue comme \u00ab\u00a0un seul focolare\u00a0\u00bb. Elle se tient au courant des nouvelles d\u00e9couvertes pour vivre la spiritualit\u00e9 de l&rsquo;unit\u00e9 avec intensit\u00e9 et des nouvelles du monde.<\/span><span is=\"qowt-word-run\" qowt-eid=\"E83\" id=\"E83\" class=\"qowt-font3-Lato\"><\/span><\/p>\n<p is=\"qowt-word-para\" qowt-lvl=\"undefined\" qowt-entry=\"undefined\" qowt-eid=\"E68\" class=\"qowt-stl-NormaleWeb x-scope qowt-word-para-0\"><span is=\"qowt-word-run\" qowt-eid=\"E71\" class=\"qowt-font3-Lato\"><span is=\"qowt-word-run\" qowt-eid=\"E74\" id=\"E74\" class=\"qowt-font3-Lato\"><strong>Comment ? |<\/strong> <\/span><span is=\"qowt-word-run\" qowt-eid=\"E75\" id=\"E75\" class=\"qowt-font3-Lato\">A l&rsquo;\u00e9poque, on d\u00e9couvre l&rsquo;existence du service de \u00ab\u00a0conf\u00e9rence t\u00e9l\u00e9phonique collective\u00a0\u00bb en Suisse et on l&rsquo;utilise imm\u00e9diatement. Dans les semaines qui ont suivi, cette t\u00e9l\u00e9r\u00e9union s&rsquo;est \u00e9tendue \u00e0 d&rsquo;autres nations, jusqu&rsquo;\u00e0 atteindre tous les pays o\u00f9 il y a des communaut\u00e9s de Focolari.<\/span><\/span><\/p>\n<p>[\/et_pb_text][\/et_pb_column][et_pb_column type=\u00a0\u00bb1_3&Prime; _builder_version=\u00a0\u00bb4.20.4&Prime; _module_preset=\u00a0\u00bbdefault\u00a0\u00bb global_colors_info=\u00a0\u00bb{}\u00a0\u00bb][et_pb_text _builder_version=\u00a0\u00bb4.27.4&Prime; _module_preset=\u00a0\u00bbdefault\u00a0\u00bb quote_font=\u00a0\u00bb||on||||||\u00a0\u00bb header_2_font=\u00a0\u00bb|600|||||||\u00a0\u00bb header_2_text_color=\u00a0\u00bb#FFB300&Prime; header_2_font_size=\u00a0\u00bb20px\u00a0\u00bb global_colors_info=\u00a0\u00bb{}\u00a0\u00bb]<\/p>\n<p is=\"qowt-word-para\" qowt-lvl=\"undefined\" qowt-entry=\"undefined\" qowt-eid=\"E68\" id=\"E68\" class=\"qowt-stl-NormaleWeb x-scope qowt-word-para-0\"><span is=\"qowt-word-run\" qowt-eid=\"E78\" id=\"E78\" class=\"qowt-font3-Lato\" style=\"font-size: 16px;\"><strong>Pourquoi ? |<\/strong><\/span><span is=\"qowt-word-run\" qowt-eid=\"E79\" id=\"E79\" class=\"qowt-font3-Lato\" style=\"font-size: 16px;\"> Au fil du temps et de l&rsquo;\u00e9volution rapide des t\u00e9l\u00e9communications, nous passons de la conf\u00e9rence t\u00e9l\u00e9phonique au streaming et au satellite, parce que, comme le disait Chiara, <\/span><span is=\"qowt-word-run\" qowt-eid=\"E71\" id=\"E71\" class=\"qowt-font3-Lato\"><\/span><\/p>\n<blockquote>\n<p is=\"qowt-word-para\" qowt-lvl=\"undefined\" qowt-entry=\"undefined\" qowt-eid=\"E76\" class=\"qowt-stl-NormaleWeb x-scope qowt-word-para-0\"><span is=\"qowt-word-run\" qowt-eid=\"E79\" id=\"E79\" class=\"qowt-font3-Lato\"> \u00ab une \u0152uvre qui a pour id\u00e9al l\u2019unit\u00e9, une famille r\u00e9pandue aujourd\u2019hui sur toute la plan\u00e8te doit partager entre tous, par les moyens les plus rapides et les plus appropri\u00e9s, les joies, les peines, les espoirs, les projets, vivre l\u2019amour qui va et qui revient, faire le voyage ensemble, le voyage sacr\u00e9 de la vie. \u00bb<\/span><\/p>\n<\/blockquote>\n<p is=\"qowt-word-para\" qowt-lvl=\"undefined\" qowt-entry=\"undefined\" qowt-eid=\"E76\" class=\"qowt-stl-NormaleWeb x-scope qowt-word-para-0\"><span is=\"qowt-word-run\" qowt-eid=\"E79\" class=\"qowt-font3-Lato\"><span is=\"qowt-word-run\" qowt-eid=\"E82\" id=\"E82\" class=\"qowt-font3-Lato\"><strong>Pour un monde uni. <span is=\"qowt-word-run\" qowt-eid=\"E78\" id=\"E78\" class=\"qowt-font3-Lato\" style=\"font-size: 16px;\">|<\/span><\/strong><\/span> <span is=\"qowt-word-run\" qowt-eid=\"E83\" id=\"E83\" class=\"qowt-font3-Lato\">C&rsquo;est une exp\u00e9rience forte et joyeuse de \u00ab\u00a0l&rsquo;unit\u00e9 et de l&rsquo;universalit\u00e9\u00a0\u00bb qui lie des centaines de milliers de personnes, r\u00e9parties sur les cinq continents, orient\u00e9es vers la fraternit\u00e9 universelle.<\/span><\/span><\/p>\n<p is=\"qowt-word-para\" qowt-lvl=\"undefined\" qowt-entry=\"undefined\" qowt-eid=\"E80\" id=\"E80\" class=\"qowt-stl-NormaleWeb x-scope qowt-word-para-0\">[\/et_pb_text][\/et_pb_column][et_pb_column type=\u00a0\u00bb1_3&Prime; _builder_version=\u00a0\u00bb4.20.4&Prime; _module_preset=\u00a0\u00bbdefault\u00a0\u00bb global_colors_info=\u00a0\u00bb{}\u00a0\u00bb][et_pb_video src=\u00a0\u00bbhttps:\/\/youtu.be\/znE_zV3afjI\u00a0\u00bb _builder_version=\u00a0\u00bb4.26.1&Prime; _module_preset=\u00a0\u00bbdefault\u00a0\u00bb border_radii=\u00a0\u00bbon|7px|7px|7px|7px\u00a0\u00bb global_colors_info=\u00a0\u00bb{}\u00a0\u00bb][\/et_pb_video][et_pb_text _builder_version=\u00a0\u00bb4.26.1&Prime; _module_preset=\u00a0\u00bbdefault\u00a0\u00bb global_colors_info=\u00a0\u00bb{}\u00a0\u00bb]<\/p>\n<p><em>Vid\u00e9o avec audio en italien &#8211; Pour les autres langues, activer les sous-titres<\/em><\/p>\n<p>[\/et_pb_text][et_pb_video src=\u00a0\u00bbhttps:\/\/youtu.be\/BJ36wfLEZnI\u00a0\u00bb _builder_version=\u00a0\u00bb4.27.2&Prime; _module_preset=\u00a0\u00bbdefault\u00a0\u00bb border_radii=\u00a0\u00bbon|7px|7px|7px|7px\u00a0\u00bb global_colors_info=\u00a0\u00bb{}\u00a0\u00bb][\/et_pb_video][et_pb_video _builder_version=\u00a0\u00bb4.26.1&Prime; _module_preset=\u00a0\u00bbdefault\u00a0\u00bb border_radii=\u00a0\u00bbon|7px|7px|7px|7px\u00a0\u00bb global_colors_info=\u00a0\u00bb{}\u00a0\u00bb][\/et_pb_video][\/et_pb_column][\/et_pb_row][\/et_pb_section][et_pb_section fb_built=\u00a0\u00bb1&Prime; admin_label=\u00a0\u00bbBlog\u00a0\u00bb _builder_version=\u00a0\u00bb4.16&Prime; background_color=\u00a0\u00bb#FFFFFF\u00a0\u00bb custom_padding=\u00a0\u00bb29px||23px|||\u00a0\u00bb border_color_bottom=\u00a0\u00bbRGBA(255,255,255,0)\u00a0\u00bb global_colors_info=\u00a0\u00bb{}\u00a0\u00bb][et_pb_row column_structure=\u00a0\u00bb2_3,1_3&Prime; use_custom_gutter=\u00a0\u00bbon\u00a0\u00bb admin_label=\u00a0\u00bbBlog\u00a0\u00bb _builder_version=\u00a0\u00bb4.20.4&Prime; custom_padding=\u00a0\u00bb||2.7%||false|false\u00a0\u00bb border_color_bottom=\u00a0\u00bb#F4961B\u00a0\u00bb global_colors_info=\u00a0\u00bb{}\u00a0\u00bb][et_pb_column type=\u00a0\u00bb2_3&Prime; _builder_version=\u00a0\u00bb4.20.4&Prime; custom_padding=\u00a0\u00bb|||\u00a0\u00bb global_colors_info=\u00a0\u00bb{}\u00a0\u00bb custom_padding__hover=\u00a0\u00bb|||\u00a0\u00bb][et_pb_text _builder_version=\u00a0\u00bb4.21.0&Prime; _module_preset=\u00a0\u00bbdefault\u00a0\u00bb header_font=\u00a0\u00bb|||on|||||\u00a0\u00bb header_2_font=\u00a0\u00bb|600||on|||||\u00a0\u00bb header_2_text_color=\u00a0\u00bb#FFB300&Prime; header_2_font_size=\u00a0\u00bb20px\u00a0\u00bb global_colors_info=\u00a0\u00bb{}\u00a0\u00bb]<\/p>\n<h2 is=\"qowt-word-para\" qowt-lvl=\"undefined\" qowt-entry=\"undefined\" qowt-eid=\"E63\" id=\"E63\" class=\"qowt-stl-NormaleWeb x-scope qowt-word-para-0\"> \u00c9DITIONS PR\u00c9C\u00c9DENTES<\/h2>\n<p>[\/et_pb_text][difl_cptgrid post_type=\u00a0\u00bbproject\u00a0\u00bb posts_number=\u00a0\u00bb4&Prime; post_display=\u00a0\u00bbby_tax\u00a0\u00bb tax_for_project=\u00a0\u00bbproject_category\u00a0\u00bb project_terms_project_category=\u00a0\u00bb3883,3882&Prime; offset_number=\u00a0\u00bb1&Prime; column=\u00a0\u00bb2&Prime; next_prev_icon=\u00a0\u00bbset_2&Prime; pagination_background_bgcolor=\u00a0\u00bbRGBA(255,255,255,0)\u00a0\u00bb _builder_version=\u00a0\u00bb4.27.4&Prime; _module_preset=\u00a0\u00bbdefault\u00a0\u00bb pagination_font=\u00a0\u00bb|600|||||||\u00a0\u00bb pagination_text_color=\u00a0\u00bb#FFB300&Prime; active_pagination_text_color=\u00a0\u00bb#3FA3D6&Prime; global_colors_info=\u00a0\u00bb{}\u00a0\u00bb pagination_text_color__hover_enabled=\u00a0\u00bbon|desktop\u00a0\u00bb pagination_text_color__hover=\u00a0\u00bb#3FA3D6&Prime;][difl_cptitem type=\u00a0\u00bbimage\u00a0\u00bb _builder_version=\u00a0\u00bb4.20.4&Prime; _module_preset=\u00a0\u00bbdefault\u00a0\u00bb global_colors_info=\u00a0\u00bb{}\u00a0\u00bb][\/difl_cptitem][difl_cptitem type=\u00a0\u00bbtitle\u00a0\u00bb _builder_version=\u00a0\u00bb4.20.4&Prime; _module_preset=\u00a0\u00bbdefault\u00a0\u00bb body_font=\u00a0\u00bb|700|||||||\u00a0\u00bb body_text_color=\u00a0\u00bb#3FA3D6&Prime; body_font_size=\u00a0\u00bb18px\u00a0\u00bb global_colors_info=\u00a0\u00bb{}\u00a0\u00bb][\/difl_cptitem][\/difl_cptgrid][\/et_pb_column][et_pb_column type=\u00a0\u00bb1_3&Prime; _builder_version=\u00a0\u00bb4.20.4&Prime; custom_padding=\u00a0\u00bb|||\u00a0\u00bb border_width_left=\u00a0\u00bb1px\u00a0\u00bb border_color_left=\u00a0\u00bb#FFB300&Prime; global_colors_info=\u00a0\u00bb{}\u00a0\u00bb custom_padding__hover=\u00a0\u00bb|||\u00a0\u00bb][et_pb_sidebar _builder_version=\u00a0\u00bb4.20.4&Prime; _module_preset=\u00a0\u00bbdefault\u00a0\u00bb custom_margin=\u00a0\u00bb|||7%|false|false\u00a0\u00bb global_colors_info=\u00a0\u00bb{}\u00a0\u00bb][\/et_pb_sidebar][\/et_pb_column][\/et_pb_row][\/et_pb_section]<\/p>\n","protected":false},"excerpt":{"rendered":"<p>T\u00e9l\u00e9conf\u00e9rence<div class=\"et_pb_module difl_cptgrid difl_cptgrid_0\">\n\t\t\t\t\n\t\t\t\t\n\t\t\t\t\n\t\t\t\t\n\t\t\t\t\n\t\t\t\t\n\t\t\t\t<div class=\"et_pb_module_inner\">\n\t\t\t\t\t<div class=\"df_cptgrid_container et_pb_ajax_pagination_container\" data-settings='{\"layout\":\"grid\",\"on_scroll_load\":\"off\",\"use_current_loop\":\"off\",\"post_type\":\"project\",\"posts_number\":\"1\",\"post_display\":\"by_tax\",\"orderby\":\"1\",\"offset_number\":\"0\",\"use_image_as_background\":\"off\",\"use_background_scale\":\"off\",\"equal_height\":\"off\",\"entire_item_clickable\":\"off\",\"taxonomy_values\":null,\"selected_terms\":\"3883,3882\",\"selected_taxonomy\":\"project_category\",\"df_cpt_items\":[{\"type\":\"image\",\"class\":\"difl_cptitem_0\",\"title_tag\":\"h2\",\"post_content\":\"excerpt\",\"use_post_excrpt\":\"off\",\"excerpt_length\":\"270\",\"date_format\":\"M j, Y\",\"show_author_image\":\"off\",\"author_image_size\":\"16\",\"hide_author_text\":\"off\",\"read_more_text\":\"Read More\",\"image_icon\":\"\",\"use_icon\":\"off\",\"font_icon\":\"5\",\"image_size\":\"mid\",\"placement\":\"off\",\"image_scale\":\"no-image-scale\",\"overlay\":\"off\",\"overlay_icon\":\"off\",\"overlay_icon_reveal\":\"df-fade-up\",\"overlay_font_icon\":\"%%16%%\",\"custom_text\":\"\",\"custom_field\":\"\",\"use_custom_field\":\"off\",\"before_tax\":\"\",\"separator_tax\":\", \",\"after_tax\":\"\",\"taxonomy\":\"select_tax\",\"background_enable_mask_style\":\"off\",\"background_enable_pattern_style\":\"off\",\"reading_time_before_label\":\"\",\"reading_time_after_label\":\"\"},{\"type\":\"title\",\"class\":\"difl_cptitem_1\",\"title_tag\":\"h2\",\"post_content\":\"excerpt\",\"use_post_excrpt\":\"off\",\"excerpt_length\":\"270\",\"date_format\":\"M j, Y\",\"show_author_image\":\"off\",\"author_image_size\":\"16\",\"hide_author_text\":\"off\",\"read_more_text\":\"Read More\",\"image_icon\":\"\",\"use_icon\":\"off\",\"font_icon\":\"5\",\"image_size\":\"mid\",\"placement\":\"off\",\"image_scale\":\"no-image-scale\",\"overlay\":\"off\",\"overlay_icon\":\"off\",\"overlay_icon_reveal\":\"df-fade-up\",\"overlay_font_icon\":\"%%16%%\",\"custom_text\":\"\",\"custom_field\":\"\",\"use_custom_field\":\"off\",\"before_tax\":\"\",\"separator_tax\":\", \",\"after_tax\":\"\",\"taxonomy\":\"select_tax\",\"background_enable_mask_style\":\"off\",\"background_enable_pattern_style\":\"off\",\"reading_time_before_label\":\"\",\"reading_time_after_label\":\"\"}],\"df_cpt_items_outside\":null,\"loader\":{\"status\":\"off\",\"color\":\"#284cc1\",\"size\":\"10px\",\"type\":\"classic\",\"background\":\"#ADD8E6\",\"alignment\":\"center\",\"margin\":[\"\"]}}'><div class=\"df-cpts-wrap layout-grid\">                <article id=\"post-400323\" class=\"df-cpt-item v2 post-400323 project type-project status-publish has-post-thumbnail hentry project_category-collegamentofr-fr project_category-collegamentoit-fr project_tag-notifiche\"\t\t                            >\n                    <div class=\"df-cpt-outer-wrap df-hover-trigger\" >\n                                                <div class=\"df-cpt-inner-wrap\">\n                            <div class=\"df-item-wrap df-cpt-image-wrap difl_cptitem_0 \">\n                    \n                    <a class=\"df-hover-effect no-image-scale\" href=\"https:\/\/www.focolare.org\/fr\/video\/fr-telereunion-22-mars-2026\/\"><img loading=\"lazy\" decoding=\"async\" src=\"https:\/\/www.focolare.org\/wp-content\/uploads\/2026\/03\/DSC03668-1-400x250.jpg\" alt=\"FR \u2013 T\u00e9l\u00e9r\u00e9union \u2013 22 mars 2026\" class=\"\" width=\"400\" height=\"250\" \/><\/a>\n                <\/div><div class=\"df-item-wrap df-cpt-title-wrap difl_cptitem_1 \">\n                \n                <h2 class=\"df-cpt-title\">\n                    <a href=\"https:\/\/www.focolare.org\/fr\/video\/fr-telereunion-22-mars-2026\/\">\n                        FR \u2013 T\u00e9l\u00e9r\u00e9union \u2013 22 mars 2026\n                    <\/a>\n                <\/h2>\n            <\/div>                        <\/div>\n                    <\/div>\n                <\/article>\n                <\/div><\/div>\n\t\t\t\t<\/div>\n\t\t\t<\/div>LES PROCHAINS RENDEZ-VOUS : Dimanche 22 mars 2026 \u2013 18h00 (UTC + 1) Samedi 20 juin 2026 \u2013 18h00 (UTC + 2) Samedi 3 [&hellip;]<\/p>\n","protected":false},"author":1,"featured_media":0,"parent":0,"menu_order":0,"comment_status":"closed","ping_status":"closed","template":"","meta":{"give_campaign_id":0,"_seopress_robots_primary_cat":"","_seopress_titles_title":"","_seopress_titles_desc":"","_seopress_robots_index":"","_et_pb_use_builder":"on","_et_pb_old_content":"","_et_gb_content_width":"","footnotes":""},"difl_page_category":[],"class_list":["post-283252","page","type-page","status-publish","hentry"],"campaignId":"","_links":{"self":[{"href":"https:\/\/www.focolare.org\/fr\/wp-json\/wp\/v2\/pages\/283252","targetHints":{"allow":["GET"]}}],"collection":[{"href":"https:\/\/www.focolare.org\/fr\/wp-json\/wp\/v2\/pages"}],"about":[{"href":"https:\/\/www.focolare.org\/fr\/wp-json\/wp\/v2\/types\/page"}],"author":[{"embeddable":true,"href":"https:\/\/www.focolare.org\/fr\/wp-json\/wp\/v2\/users\/1"}],"replies":[{"embeddable":true,"href":"https:\/\/www.focolare.org\/fr\/wp-json\/wp\/v2\/comments?post=283252"}],"version-history":[{"count":11,"href":"https:\/\/www.focolare.org\/fr\/wp-json\/wp\/v2\/pages\/283252\/revisions"}],"predecessor-version":[{"id":400344,"href":"https:\/\/www.focolare.org\/fr\/wp-json\/wp\/v2\/pages\/283252\/revisions\/400344"}],"wp:attachment":[{"href":"https:\/\/www.focolare.org\/fr\/wp-json\/wp\/v2\/media?parent=283252"}],"wp:term":[{"taxonomy":"difl_page_category","embeddable":true,"href":"https:\/\/www.focolare.org\/fr\/wp-json\/wp\/v2\/difl_page_category?post=283252"}],"curies":[{"name":"wp","href":"https:\/\/api.w.org\/{rel}","templated":true}]}}