{"id":284077,"date":"2023-04-20T10:46:48","date_gmt":"2023-04-20T08:46:48","guid":{"rendered":"https:\/\/www.focolare.org\/focolare-meeting-point\/"},"modified":"2026-02-23T13:07:29","modified_gmt":"2026-02-23T12:07:29","slug":"focolare-meeting-point","status":"publish","type":"page","link":"https:\/\/www.focolare.org\/fr\/focolare-meeting-point\/","title":{"rendered":"Focolare Meeting Point"},"content":{"rendered":"<p>[et_pb_section fb_built=\u00a0\u00bb1&Prime; custom_padding_last_edited=\u00a0\u00bbon|phone\u00a0\u00bb _builder_version=\u00a0\u00bb4.27.4&Prime; _module_preset=\u00a0\u00bbdefault\u00a0\u00bb background_enable_color=\u00a0\u00bboff\u00a0\u00bb background_image=\u00a0\u00bbhttps:\/\/www.focolare.org\/wp-content\/uploads\/2024\/11\/Focolare_Meeting_PointOK.jpg\u00a0\u00bb width=\u00a0\u00bb100%\u00a0\u00bb max_width=\u00a0\u00bb100%\u00a0\u00bb min_height_tablet=\u00a0\u00bb600px\u00a0\u00bb min_height_phone=\u00a0\u00bb600px\u00a0\u00bb min_height_last_edited=\u00a0\u00bbon|phone\u00a0\u00bb height_tablet=\u00a0\u00bb600px\u00a0\u00bb height_phone=\u00a0\u00bb600px\u00a0\u00bb height_last_edited=\u00a0\u00bbon|phone\u00a0\u00bb custom_margin=\u00a0\u00bb0px||0px||false|false\u00a0\u00bb custom_margin_tablet=\u00a0\u00bb0px||0px||false|false\u00a0\u00bb custom_margin_phone=\u00a0\u00bb||0px||false|false\u00a0\u00bb custom_margin_last_edited=\u00a0\u00bbon|phone\u00a0\u00bb custom_padding=\u00a0\u00bb15%||15%||true|false\u00a0\u00bb custom_padding_tablet=\u00a0\u00bb10%||10%||true|false\u00a0\u00bb custom_padding_phone=\u00a0\u00bb20%||20%||true|false\u00a0\u00bb bottom_divider_color=\u00a0\u00bb#3FA3D6&Prime; bottom_divider_repeat=\u00a0\u00bb1x\u00a0\u00bb bottom_divider_flip=\u00a0\u00bbhorizontal\u00a0\u00bb link_option_url=\u00a0\u00bbhttps:\/\/maps.app.goo.gl\/WbQhudho46jnG8EE8&Prime; link_option_url_new_window=\u00a0\u00bbon\u00a0\u00bb locked=\u00a0\u00bboff\u00a0\u00bb global_colors_info=\u00a0\u00bb{}\u00a0\u00bb][\/et_pb_section][et_pb_section fb_built=\u00a0\u00bb1&Prime; _builder_version=\u00a0\u00bb4.20.4&Prime; _module_preset=\u00a0\u00bbdefault\u00a0\u00bb custom_padding=\u00a0\u00bb0px||0px||true|false\u00a0\u00bb global_colors_info=\u00a0\u00bb{}\u00a0\u00bb][et_pb_row _builder_version=\u00a0\u00bb4.16&Prime; custom_margin=\u00a0\u00bb||||false|false\u00a0\u00bb custom_padding=\u00a0\u00bb0px|0px|0%|0px|false|false\u00a0\u00bb locked=\u00a0\u00bboff\u00a0\u00bb global_colors_info=\u00a0\u00bb{}\u00a0\u00bb][et_pb_column type=\u00a0\u00bb4_4&Prime; _builder_version=\u00a0\u00bb4.16&Prime; custom_padding=\u00a0\u00bb|||\u00a0\u00bb global_colors_info=\u00a0\u00bb{}\u00a0\u00bb custom_padding__hover=\u00a0\u00bb|||\u00a0\u00bb][et_pb_text admin_label=\u00a0\u00bbH1 + Text\u00a0\u00bb _builder_version=\u00a0\u00bb4.23.1&Prime; text_font=\u00a0\u00bb|600|||||||\u00a0\u00bb text_text_color=\u00a0\u00bb#FFB300&Prime; text_font_size=\u00a0\u00bb20px\u00a0\u00bb header_font=\u00a0\u00bb|600|||||||\u00a0\u00bb header_2_text_color=\u00a0\u00bb#E02B20&Prime; header_2_font_size=\u00a0\u00bb35px\u00a0\u00bb text_orientation=\u00a0\u00bbcenter\u00a0\u00bb width=\u00a0\u00bb90%\u00a0\u00bb module_alignment=\u00a0\u00bbcenter\u00a0\u00bb custom_margin=\u00a0\u00bb0px||0px||true|false\u00a0\u00bb custom_padding=\u00a0\u00bb5%||0px||false|false\u00a0\u00bb saved_tabs=\u00a0\u00bball\u00a0\u00bb global_colors_info=\u00a0\u00bb{}\u00a0\u00bb]<\/p>\n<div class=\"wpb_column vc_column_container vc_col-sm-3 vc_col-has-fill\">\n<div class=\"vc_column-inner vc_custom_1540729605516\">\n<div class=\"wpb_wrapper\">\n<div class=\"wpb_text_column wpb_content_element \">\n<div class=\"wpb_wrapper\">\n<p>Le Focolare Meeting Point, situ\u00e9 au c\u0153ur de Rome, est une antenne du Centre international des Focolari. Il s&rsquo;agit d&rsquo;un espace de rencontre, de dialogue et d&rsquo;accueil ouvert \u00e0 tous ceux qui souhaitent conna\u00eetre le mouvement des Focolari et son engagement en faveur de la fraternit\u00e9 universelle.<\/p>\n<\/div>\n<\/div>\n<\/div>\n<\/div>\n<\/div>\n<div class=\"wpb_column vc_column_container vc_col-sm-9\">\n<div class=\"vc_column-inner\">\n<div class=\"wpb_wrapper\">\n<div class=\"vc_grid-container-wrapper vc_clearfix vc_grid-animation-zoomIn\">\n<div class=\"vc_grid-container vc_clearfix wpb_content_element vc_masonry_grid\" data-initial-loading-animation=\"zoomIn\" data-vc-grid-settings=\"{\"page_id\":170090,\"style\":\"all-masonry\",\"action\":\"vc_get_vc_grid_data\",\"shortcode_id\":\"1544193819274-cea1c3f5-0dba-1\",\"tag\":\"vc_masonry_grid\"}\" data-vc-request=\"https:\/\/www.focolare.org\/wp-admin\/admin-ajax.php\" data-vc-post-id=\"170090\" data-vc-public-nonce=\"870079ae39\">\n<div class=\"vc_grid vc_row vc_grid-gutter-10px vc_pageable-wrapper vc_hook_hover\" data-vc-pageable-content=\"true\">\n<div class=\"vc_pageable-slide-wrapper vc_clearfix\" data-vc-grid-content=\"true\">\n<div class=\"vc_grid-item vc_clearfix vc_col-sm-4 vc_visible-item\">\n<div class=\"vc_grid-item-mini vc_clearfix \">\n<div class=\"vc_gitem-animated-block\">\n<div class=\"vc_gitem-zone vc_gitem-zone-a vc_custom_1542457522836 vc-gitem-zone-height-mode-auto vc-gitem-zone-height-mode-auto-1-1 vc_gitem-is-link\"><\/div>\n<\/div>\n<\/div>\n<\/div>\n<\/div>\n<\/div>\n<\/div>\n<\/div>\n<\/div>\n<\/div>\n<\/div>\n<p>[\/et_pb_text][\/et_pb_column][\/et_pb_row][et_pb_row column_structure=\u00a0\u00bb2_5,3_5&Prime; use_custom_gutter=\u00a0\u00bbon\u00a0\u00bb _builder_version=\u00a0\u00bb4.20.4&Prime; _module_preset=\u00a0\u00bbdefault\u00a0\u00bb max_width=\u00a0\u00bb80%\u00a0\u00bb custom_padding=\u00a0\u00bb50px|||||\u00a0\u00bb border_width_bottom=\u00a0\u00bb1px\u00a0\u00bb border_color_bottom=\u00a0\u00bb#3FA3D6&Prime; global_colors_info=\u00a0\u00bb{}\u00a0\u00bb][et_pb_column type=\u00a0\u00bb2_5&Prime; _builder_version=\u00a0\u00bb4.20.2&Prime; _module_preset=\u00a0\u00bbdefault\u00a0\u00bb global_colors_info=\u00a0\u00bb{}\u00a0\u00bb][et_pb_text _builder_version=\u00a0\u00bb4.27.5&Prime; _module_preset=\u00a0\u00bbdefault\u00a0\u00bb header_4_font=\u00a0\u00bb|600|||||||\u00a0\u00bb header_4_text_color=\u00a0\u00bb#3FA3D6&Prime; header_4_font_size=\u00a0\u00bb16px\u00a0\u00bb header_4_line_height=\u00a0\u00bb0.8em\u00a0\u00bb custom_padding=\u00a0\u00bb3%|||7%|false|false\u00a0\u00bb hover_enabled=\u00a0\u00bb0&Prime; global_colors_info=\u00a0\u00bb{}\u00a0\u00bb sticky_enabled=\u00a0\u00bb0&Prime;]<\/p>\n<h4>Horaires d\u2019ouverture<\/h4>\n<p>Du lundi au vendredi : 10h00 \u2013 12h30 et 14h00 \u2013 17h00<br \/>Samedi : 10h00 \u2013 13h00<\/p>\n<h4>Messe catholique<\/h4>\n<p>12h45<\/p>\n<h4>Adresse de l&rsquo;\u00e9tablissement :<\/h4>\n<p>Via del Carmine, 3 \u2013 Roma, Italia<\/p>\n<h4>T\u00e9l\u00e9phone :<\/h4>\n<p>+39 338 883 4595 (pendant les heures d&rsquo;ouverture)<\/p>\n<h4>E-mail:<\/h4>\n<p><a href=\"mailto:meeting.point@focolare.org\">meeting.point@focolare.org<\/a><\/p>\n<p>&nbsp;<\/p>\n<blockquote>\n<p><em>Pour une meilleure visualisation, activez les sous-titres dans votre langue.<\/em><\/p>\n<\/blockquote>\n<p>[\/et_pb_text][\/et_pb_column][et_pb_column type=\u00a0\u00bb3_5&Prime; _builder_version=\u00a0\u00bb4.20.2&Prime; _module_preset=\u00a0\u00bbdefault\u00a0\u00bb global_colors_info=\u00a0\u00bb{}\u00a0\u00bb][et_pb_video src=\u00a0\u00bbhttps:\/\/youtu.be\/bjSxGj-p15E\u00a0\u00bb _builder_version=\u00a0\u00bb4.22.2&Prime; _module_preset=\u00a0\u00bbdefault\u00a0\u00bb border_radii=\u00a0\u00bbon|7px|7px|7px|7px\u00a0\u00bb global_colors_info=\u00a0\u00bb{}\u00a0\u00bb][\/et_pb_video][\/et_pb_column][\/et_pb_row][\/et_pb_section][et_pb_section fb_built=\u00a0\u00bb1&Prime; _builder_version=\u00a0\u00bb4.27.3&Prime; _module_preset=\u00a0\u00bbdefault\u00a0\u00bb global_colors_info=\u00a0\u00bb{}\u00a0\u00bb][et_pb_row column_structure=\u00a0\u00bb1_2,1_2&Prime; _builder_version=\u00a0\u00bb4.27.3&Prime; _module_preset=\u00a0\u00bbdefault\u00a0\u00bb global_colors_info=\u00a0\u00bb{}\u00a0\u00bb][et_pb_column type=\u00a0\u00bb1_2&Prime; _builder_version=\u00a0\u00bb4.27.3&Prime; _module_preset=\u00a0\u00bbdefault\u00a0\u00bb background_color=\u00a0\u00bbRGBA(255,255,255,0)\u00a0\u00bb custom_padding=\u00a0\u00bb25px|3px|16px|3px|false|false\u00a0\u00bb border_radii=\u00a0\u00bbon|6px|6px|6px|6px\u00a0\u00bb border_width_all=\u00a0\u00bb5px\u00a0\u00bb border_color_all=\u00a0\u00bb#3FA3D6&Prime; box_shadow_style=\u00a0\u00bbpreset6&Prime; box_shadow_horizontal=\u00a0\u00bb1px\u00a0\u00bb box_shadow_vertical=\u00a0\u00bb1px\u00a0\u00bb global_colors_info=\u00a0\u00bb{}\u00a0\u00bb][et_pb_blurb title=\u00a0\u00bbProchains \u00e9v\u00e9nements\u00a0\u00bb use_icon=\u00a0\u00bbon\u00a0\u00bb font_icon=\u00a0\u00bb&#xe023;||divi||400&Prime; icon_color=\u00a0\u00bb#3FA3D6&Prime; icon_placement=\u00a0\u00bbleft\u00a0\u00bb image_icon_width=\u00a0\u00bb30px\u00a0\u00bb content_max_width=\u00a0\u00bb100%\u00a0\u00bb _builder_version=\u00a0\u00bb4.24.2&Prime; _module_preset=\u00a0\u00bb58e41a12-d2dc-4bc3-82a3-e7e2a77a32bd\u00a0\u00bb header_level=\u00a0\u00bbh2&Prime; header_font=\u00a0\u00bb|600|||||||\u00a0\u00bb header_text_color=\u00a0\u00bb#777777&Prime; header_font_size=\u00a0\u00bb20px\u00a0\u00bb body_font=\u00a0\u00bbDM Sans||||||||\u00a0\u00bb body_text_color=\u00a0\u00bb#777777&Prime; image_icon_custom_margin=\u00a0\u00bb-5%||||false|false\u00a0\u00bb image_icon_custom_padding=\u00a0\u00bb||||false|false\u00a0\u00bb custom_margin=\u00a0\u00bb0px||3.1%|7%|false|false\u00a0\u00bb custom_padding=\u00a0\u00bb0px||0px||false|false\u00a0\u00bb animation=\u00a0\u00bboff\u00a0\u00bb header_font_size_tablet=\u00a0\u00bb18px\u00a0\u00bb header_font_size_phone=\u00a0\u00bb16px\u00a0\u00bb header_font_size_last_edited=\u00a0\u00bbon|desktop\u00a0\u00bb body_font_size_tablet=\u00a0\u00bb15px\u00a0\u00bb body_font_size_phone=\u00a0\u00bb13px\u00a0\u00bb body_font_size_last_edited=\u00a0\u00bbon|phone\u00a0\u00bb border_width_bottom=\u00a0\u00bb0px\u00a0\u00bb border_color_bottom=\u00a0\u00bbrgba(0,0,0,0.12)\u00a0\u00bb locked=\u00a0\u00bboff\u00a0\u00bb global_colors_info=\u00a0\u00bb{}\u00a0\u00bb header_text_color__hover_enabled=\u00a0\u00bbon|hover\u00a0\u00bb header_text_color__hover=\u00a0\u00bb#3FA3D6&Prime; icon_color__hover_enabled=\u00a0\u00bbon|hover\u00a0\u00bb icon_color__hover=\u00a0\u00bb#FFB300&Prime;][\/et_pb_blurb][dpevent_list dem_list_display_number_of_event=\u00a0\u00bb2&Prime; dem_orderby=\u00a0\u00bbevent_start_asc\u00a0\u00bb dem_time_format=\u00a0\u00bbtfhr\u00a0\u00bb dem_show_event=\u00a0\u00bbshow_upcomming_events\u00a0\u00bb dem_list_category=\u00a0\u00bbspecificcategory\u00a0\u00bb include_categories=\u00a0\u00bb3530&Prime; dem_list_view_pagination=\u00a0\u00bboff\u00a0\u00bb dem_list_show_read_more=\u00a0\u00bboff\u00a0\u00bb style1_dem_border_color=\u00a0\u00bb#3FA3D6&Prime; style1_dem_time_location_icon_color=\u00a0\u00bb#3FA3D6&Prime; _builder_version=\u00a0\u00bb4.27.4&Prime; _module_preset=\u00a0\u00bbdefault\u00a0\u00bb header_font=\u00a0\u00bb|600|||||||\u00a0\u00bb header_text_color=\u00a0\u00bb#3FA3D6&Prime; dem_date_fonts_font=\u00a0\u00bb||||||||\u00a0\u00bb dem_date_fonts_text_color=\u00a0\u00bb#FFB300&Prime; dem_time_fonts_font=\u00a0\u00bb|700|||||||\u00a0\u00bb dem_time_fonts_text_color=\u00a0\u00bb#FFB300&Prime; dem_description_name_fonts_text_color=\u00a0\u00bb#000000&Prime; custom_margin=\u00a0\u00bb||||true|false\u00a0\u00bb custom_padding=\u00a0\u00bb|3%||3%|true|true\u00a0\u00bb locked=\u00a0\u00bboff\u00a0\u00bb global_colors_info=\u00a0\u00bb{}\u00a0\u00bb][\/dpevent_list][difl_dual_button btn_left_icon_color=\u00a0\u00bb1&Prime; btn_right_icon_color=\u00a0\u00bb1&Prime; _builder_version=\u00a0\u00bb4.27.3&Prime; _module_preset=\u00a0\u00bbdefault\u00a0\u00bb global_colors_info=\u00a0\u00bb{}\u00a0\u00bb][\/difl_dual_button][\/et_pb_column][et_pb_column type=\u00a0\u00bb1_2&Prime; _builder_version=\u00a0\u00bb4.27.3&Prime; _module_preset=\u00a0\u00bbdefault\u00a0\u00bb custom_padding=\u00a0\u00bb0px||||false|false\u00a0\u00bb border_radii=\u00a0\u00bbon|5px|5px|5px|5px\u00a0\u00bb border_width_all=\u00a0\u00bb5px\u00a0\u00bb border_color_all=\u00a0\u00bb#FFB300&Prime; box_shadow_style=\u00a0\u00bbpreset6&Prime; box_shadow_horizontal=\u00a0\u00bb18px\u00a0\u00bb global_colors_info=\u00a0\u00bb{}\u00a0\u00bb][et_pb_image src=\u00a0\u00bbhttps:\/\/www.focolare.org\/wp-content\/uploads\/2025\/03\/Cartoline_01-1.jpg\u00a0\u00bb title_text=\u00a0\u00bbCartoline_01-1&Prime; url=\u00a0\u00bbhttps:\/\/www.focolare.org\/fr\/si-je-regarde-cette-rome\/\u00a0\u00bb url_new_window=\u00a0\u00bbon\u00a0\u00bb align=\u00a0\u00bbcenter\u00a0\u00bb _builder_version=\u00a0\u00bb4.27.5&Prime; _module_preset=\u00a0\u00bbdefault\u00a0\u00bb background_color=\u00a0\u00bb#FFFFFF\u00a0\u00bb width=\u00a0\u00bb100%\u00a0\u00bb max_width=\u00a0\u00bb100%\u00a0\u00bb global_colors_info=\u00a0\u00bb{}\u00a0\u00bb][\/et_pb_image][\/et_pb_column][\/et_pb_row][et_pb_row _builder_version=\u00a0\u00bb4.27.3&Prime; _module_preset=\u00a0\u00bbdefault\u00a0\u00bb global_colors_info=\u00a0\u00bb{}\u00a0\u00bb][et_pb_column type=\u00a0\u00bb4_4&Prime; _builder_version=\u00a0\u00bb4.27.3&Prime; _module_preset=\u00a0\u00bbdefault\u00a0\u00bb global_colors_info=\u00a0\u00bb{}\u00a0\u00bb][et_pb_button button_url=\u00a0\u00bbhttps:\/\/www.focolare.org\/fr\/ambienti-fmp\/\u00a0\u00bb url_new_window=\u00a0\u00bbon\u00a0\u00bb button_text=\u00a0\u00bbGalerie de photos : les salles et les espaces du Focolare Meeting Point\u00a0\u00bb button_alignment=\u00a0\u00bbcenter\u00a0\u00bb _builder_version=\u00a0\u00bb4.27.3&Prime; _module_preset=\u00a0\u00bbdefault\u00a0\u00bb transform_scale=\u00a0\u00bb164%|164%\u00a0\u00bb custom_margin=\u00a0\u00bb0px|||0px|false|false\u00a0\u00bb custom_padding=\u00a0\u00bb2px||||false|false\u00a0\u00bb box_shadow_style=\u00a0\u00bbpreset2&Prime; global_colors_info=\u00a0\u00bb{}\u00a0\u00bb][\/et_pb_button][\/et_pb_column][\/et_pb_row][et_pb_row _builder_version=\u00a0\u00bb4.27.3&Prime; _module_preset=\u00a0\u00bbdefault\u00a0\u00bb global_colors_info=\u00a0\u00bb{}\u00a0\u00bb][et_pb_column type=\u00a0\u00bb4_4&Prime; _builder_version=\u00a0\u00bb4.27.3&Prime; _module_preset=\u00a0\u00bbdefault\u00a0\u00bb custom_padding=\u00a0\u00bb0px||0px||false|false\u00a0\u00bb global_colors_info=\u00a0\u00bb{}\u00a0\u00bb][et_pb_text _builder_version=\u00a0\u00bb4.27.3&Prime; _module_preset=\u00a0\u00bbdefault\u00a0\u00bb text_font=\u00a0\u00bb|||on|||||\u00a0\u00bb text_text_color=\u00a0\u00bb#3FA3D6&Prime; header_text_color=\u00a0\u00bb#3FA3D6&Prime; custom_margin=\u00a0\u00bb0px||||false|false\u00a0\u00bb custom_padding=\u00a0\u00bb0px||||false|false\u00a0\u00bb global_colors_info=\u00a0\u00bb{}\u00a0\u00bb]<\/p>\n<h1><span style=\"color: #3fa3d6;\">Actualit\u00e9s<\/span><\/h1>\n<p>[\/et_pb_text][difl_postgrid post_display=\u00a0\u00bbby_tag\u00a0\u00bb include_tags=\u00a0\u00bb3543&Prime; item_margin=\u00a0\u00bb||||false|false\u00a0\u00bb _builder_version=\u00a0\u00bb4.27.4&Prime; _module_preset=\u00a0\u00bbdefault\u00a0\u00bb background_color=\u00a0\u00bb#FFFFFF\u00a0\u00bb border_radii_item_outer=\u00a0\u00bbon|13px|13px|13px|13px\u00a0\u00bb box_shadow_style_item_outer=\u00a0\u00bbpreset3&Prime; global_colors_info=\u00a0\u00bb{}\u00a0\u00bb][difl_postitem type=\u00a0\u00bbimage\u00a0\u00bb _builder_version=\u00a0\u00bb4.27.4&Prime; _module_preset=\u00a0\u00bbdefault\u00a0\u00bb global_colors_info=\u00a0\u00bb{}\u00a0\u00bb][\/difl_postitem][difl_postitem type=\u00a0\u00bbtitle\u00a0\u00bb element_padding=\u00a0\u00bb|3%||3%|false|true\u00a0\u00bb _builder_version=\u00a0\u00bb4.27.4&Prime; _module_preset=\u00a0\u00bbdefault\u00a0\u00bb post_font_style_font=\u00a0\u00bb|600|||||||\u00a0\u00bb post_font_style_text_color=\u00a0\u00bb#3FA3D6&Prime; post_font_style_font_size=\u00a0\u00bb18px\u00a0\u00bb global_colors_info=\u00a0\u00bb{}\u00a0\u00bb][\/difl_postitem][difl_postitem type=\u00a0\u00bbdate\u00a0\u00bb element_padding=\u00a0\u00bb|3%||3%|false|true\u00a0\u00bb _builder_version=\u00a0\u00bb4.27.4&Prime; _module_preset=\u00a0\u00bbdefault\u00a0\u00bb post_font_style_font=\u00a0\u00bb|600|||||||\u00a0\u00bb post_font_style_text_color=\u00a0\u00bb#FFB300&Prime; global_colors_info=\u00a0\u00bb{}\u00a0\u00bb][\/difl_postitem][\/difl_postgrid][\/et_pb_column][\/et_pb_row][\/et_pb_section]<\/p>\n","protected":false},"excerpt":{"rendered":"<p>Le Focolare Meeting Point, situ\u00e9 au c\u0153ur de Rome, est une antenne du Centre international des Focolari. Il s&rsquo;agit d&rsquo;un espace de rencontre, de dialogue et d&rsquo;accueil ouvert \u00e0 tous ceux qui souhaitent conna\u00eetre le mouvement des Focolari et son engagement en faveur de la fraternit\u00e9 universelle. Horaires d\u2019ouverture Du lundi au vendredi : 10h00 [&hellip;]<\/p>\n","protected":false},"author":1,"featured_media":0,"parent":0,"menu_order":0,"comment_status":"closed","ping_status":"closed","template":"","meta":{"give_campaign_id":0,"_seopress_robots_primary_cat":"","_seopress_titles_title":"","_seopress_titles_desc":"","_seopress_robots_index":"","_et_pb_use_builder":"on","_et_pb_old_content":"","_et_gb_content_width":"","footnotes":""},"difl_page_category":[],"class_list":["post-284077","page","type-page","status-publish","hentry"],"campaignId":"","_links":{"self":[{"href":"https:\/\/www.focolare.org\/fr\/wp-json\/wp\/v2\/pages\/284077","targetHints":{"allow":["GET"]}}],"collection":[{"href":"https:\/\/www.focolare.org\/fr\/wp-json\/wp\/v2\/pages"}],"about":[{"href":"https:\/\/www.focolare.org\/fr\/wp-json\/wp\/v2\/types\/page"}],"author":[{"embeddable":true,"href":"https:\/\/www.focolare.org\/fr\/wp-json\/wp\/v2\/users\/1"}],"replies":[{"embeddable":true,"href":"https:\/\/www.focolare.org\/fr\/wp-json\/wp\/v2\/comments?post=284077"}],"version-history":[{"count":7,"href":"https:\/\/www.focolare.org\/fr\/wp-json\/wp\/v2\/pages\/284077\/revisions"}],"predecessor-version":[{"id":396089,"href":"https:\/\/www.focolare.org\/fr\/wp-json\/wp\/v2\/pages\/284077\/revisions\/396089"}],"wp:attachment":[{"href":"https:\/\/www.focolare.org\/fr\/wp-json\/wp\/v2\/media?parent=284077"}],"wp:term":[{"taxonomy":"difl_page_category","embeddable":true,"href":"https:\/\/www.focolare.org\/fr\/wp-json\/wp\/v2\/difl_page_category?post=284077"}],"curies":[{"name":"wp","href":"https:\/\/api.w.org\/{rel}","templated":true}]}}