{"id":284606,"date":"2023-12-06T16:10:14","date_gmt":"2023-12-06T15:10:14","guid":{"rendered":"https:\/\/www.focolare.org\/cause-de-canonisation\/"},"modified":"2024-06-19T10:02:26","modified_gmt":"2024-06-19T08:02:26","slug":"cause-de-canonisation","status":"publish","type":"page","link":"https:\/\/www.focolare.org\/fr\/cause-de-canonisation\/","title":{"rendered":"Cause de canonisation"},"content":{"rendered":"<p>[et_pb_section fb_built=\u00a0\u00bb1&Prime; custom_padding_last_edited=\u00a0\u00bbon|phone\u00a0\u00bb _builder_version=\u00a0\u00bb4.23.1&Prime; _module_preset=\u00a0\u00bbdefault\u00a0\u00bb background_enable_color=\u00a0\u00bboff\u00a0\u00bb background_image=\u00a0\u00bbhttps:\/\/www.focolare.org\/wp-content\/uploads\/2023\/12\/Causa-beatificazione2-1.jpg\u00a0\u00bb width=\u00a0\u00bb100%\u00a0\u00bb max_width=\u00a0\u00bb100%\u00a0\u00bb min_height=\u00a0\u00bb600px\u00a0\u00bb min_height_tablet=\u00a0\u00bb600px\u00a0\u00bb min_height_phone=\u00a0\u00bb600px\u00a0\u00bb min_height_last_edited=\u00a0\u00bbon|phone\u00a0\u00bb height=\u00a0\u00bb600px\u00a0\u00bb height_tablet=\u00a0\u00bb600px\u00a0\u00bb height_phone=\u00a0\u00bb600px\u00a0\u00bb height_last_edited=\u00a0\u00bbon|phone\u00a0\u00bb max_height=\u00a0\u00bb600px\u00a0\u00bb custom_margin=\u00a0\u00bb0px||0px||false|false\u00a0\u00bb custom_margin_tablet=\u00a0\u00bb0px||0px||false|false\u00a0\u00bb custom_margin_phone=\u00a0\u00bb||0px||false|false\u00a0\u00bb custom_margin_last_edited=\u00a0\u00bbon|phone\u00a0\u00bb custom_padding=\u00a0\u00bb0px||0px||true|false\u00a0\u00bb custom_padding_tablet=\u00a0\u00bb10%||10%||true|false\u00a0\u00bb custom_padding_phone=\u00a0\u00bb20%||20%||true|false\u00a0\u00bb bottom_divider_color=\u00a0\u00bb#3FA3D6&Prime; bottom_divider_repeat=\u00a0\u00bb1x\u00a0\u00bb bottom_divider_flip=\u00a0\u00bbhorizontal\u00a0\u00bb locked=\u00a0\u00bboff\u00a0\u00bb global_colors_info=\u00a0\u00bb{}\u00a0\u00bb][et_pb_row _builder_version=\u00a0\u00bb4.21.0&Prime; _module_preset=\u00a0\u00bbdefault\u00a0\u00bb global_colors_info=\u00a0\u00bb{}\u00a0\u00bb][et_pb_column type=\u00a0\u00bb4_4&Prime; _builder_version=\u00a0\u00bb4.21.0&Prime; _module_preset=\u00a0\u00bbdefault\u00a0\u00bb global_colors_info=\u00a0\u00bb{}\u00a0\u00bb][\/et_pb_column][\/et_pb_row][\/et_pb_section][et_pb_section fb_built=\u00a0\u00bb1&Prime; custom_padding_last_edited=\u00a0\u00bbon|phone\u00a0\u00bb _builder_version=\u00a0\u00bb4.21.0&Prime; _module_preset=\u00a0\u00bbdefault\u00a0\u00bb custom_margin=\u00a0\u00bb||||false|false\u00a0\u00bb custom_padding=\u00a0\u00bb||3%||false|false\u00a0\u00bb custom_padding_tablet=\u00a0\u00bb||4%||false|false\u00a0\u00bb custom_padding_phone=\u00a0\u00bb||20%||false|false\u00a0\u00bb top_divider_style=\u00a0\u00bbramp\u00a0\u00bb top_divider_color=\u00a0\u00bb#3FA3D6&Prime; top_divider_height=\u00a0\u00bb150px\u00a0\u00bb top_divider_repeat=\u00a0\u00bb1x\u00a0\u00bb top_divider_flip=\u00a0\u00bbhorizontal\u00a0\u00bb bottom_divider_style=\u00a0\u00bbramp\u00a0\u00bb bottom_divider_color=\u00a0\u00bb#FFB300&Prime; bottom_divider_height=\u00a0\u00bb150px\u00a0\u00bb bottom_divider_repeat=\u00a0\u00bb1x\u00a0\u00bb bottom_divider_flip=\u00a0\u00bbhorizontal\u00a0\u00bb locked=\u00a0\u00bboff\u00a0\u00bb global_colors_info=\u00a0\u00bb{}\u00a0\u00bb][et_pb_row _builder_version=\u00a0\u00bb4.21.0&Prime; _module_preset=\u00a0\u00bbdefault\u00a0\u00bb custom_margin=\u00a0\u00bb0px||0px||false|false\u00a0\u00bb custom_margin_tablet=\u00a0\u00bb0px||0px||false|false\u00a0\u00bb custom_margin_phone=\u00a0\u00bb-5%||||false|false\u00a0\u00bb custom_margin_last_edited=\u00a0\u00bbon|phone\u00a0\u00bb custom_padding=\u00a0\u00bb0px||0px||false|false\u00a0\u00bb global_colors_info=\u00a0\u00bb{}\u00a0\u00bb][et_pb_column type=\u00a0\u00bb4_4&Prime; _builder_version=\u00a0\u00bb4.21.0&Prime; _module_preset=\u00a0\u00bbdefault\u00a0\u00bb global_colors_info=\u00a0\u00bb{}\u00a0\u00bb][et_pb_text _builder_version=\u00a0\u00bb4.23.1&Prime; _module_preset=\u00a0\u00bbdefault\u00a0\u00bb header_font=\u00a0\u00bb|600|||||||\u00a0\u00bb header_text_align=\u00a0\u00bbcenter\u00a0\u00bb header_text_color=\u00a0\u00bb#FFFFFF\u00a0\u00bb header_font_size=\u00a0\u00bb40px\u00a0\u00bb custom_margin=\u00a0\u00bb||3%||false|false\u00a0\u00bb custom_margin_tablet=\u00a0\u00bb||0px||false|false\u00a0\u00bb custom_margin_phone=\u00a0\u00bb||||false|false\u00a0\u00bb custom_margin_last_edited=\u00a0\u00bbon|phone\u00a0\u00bb custom_padding=\u00a0\u00bb||||false|false\u00a0\u00bb global_colors_info=\u00a0\u00bb{}\u00a0\u00bb]<\/p>\n<h1>Cause de canonisation<\/h1>\n<p>[\/et_pb_text][\/et_pb_column][\/et_pb_row][\/et_pb_section][et_pb_section fb_built=\u00a0\u00bb1&Prime; _builder_version=\u00a0\u00bb4.20.2&Prime; _module_preset=\u00a0\u00bbdefault\u00a0\u00bb global_colors_info=\u00a0\u00bb{}\u00a0\u00bb][et_pb_row column_structure=\u00a0\u00bb1_2,1_2&Prime; use_custom_gutter=\u00a0\u00bbon\u00a0\u00bb _builder_version=\u00a0\u00bb4.20.2&Prime; _module_preset=\u00a0\u00bbdefault\u00a0\u00bb max_width=\u00a0\u00bb80%\u00a0\u00bb global_colors_info=\u00a0\u00bb{}\u00a0\u00bb][et_pb_column type=\u00a0\u00bb1_2&Prime; _builder_version=\u00a0\u00bb4.20.2&Prime; _module_preset=\u00a0\u00bbdefault\u00a0\u00bb global_colors_info=\u00a0\u00bb{}\u00a0\u00bb][et_pb_text quote_border_color=\u00a0\u00bb#FFB300&Prime; _builder_version=\u00a0\u00bb4.23.1&Prime; _module_preset=\u00a0\u00bbdefault\u00a0\u00bb quote_text_color=\u00a0\u00bb#3FA3D6&Prime; global_colors_info=\u00a0\u00bb{}\u00a0\u00bb]<\/p>\n<h3><b>T\u00e9moin de foi et d&rsquo;amour<\/b><\/h3>\n<p><b> <\/b><span style=\"font-weight: 400;\">Dans l&rsquo;\u00c9glise catholique, il est d&rsquo;usage de pr\u00e9senter aux fid\u00e8les, pour encourager la vie chr\u00e9tienne, des personnes qui se sont distingu\u00e9es par un t\u00e9moignage particulier de foi et d&rsquo;amour envers Dieu et envers tous. Cette pr\u00e9sentation a lieu \u00e0 l&rsquo;issue d&rsquo;un processus canonique de v\u00e9rification, qui porte \u00e9galement sur le patrimoine de vie, de pens\u00e9e et d&rsquo;actions de la personne, mais qui ne peut \u00eatre engag\u00e9 que cinq ans apr\u00e8s son d\u00e9c\u00e8s.<\/span><\/p>\n<p class=\"qowt-stl-Titolo1\"><b>En pensant \u00e0 Chiara Lubich (1920-2008) et \u00e0 son h\u00e9ritage, des gens simples et des personnalit\u00e9s <\/b><span style=\"font-weight: 400;\">bien que dans la diversit\u00e9 de leurs visions respectives &#8211; ont exprim\u00e9 le souhait que la m\u00eame chose puisse advenir pour elle. Une reconnaissance destin\u00e9e \u00e0 encourager de nombreuses personnes \u00e0 poursuivre leur engagement moral et spirituel pour le bien de l&rsquo;humanit\u00e9. Une incitation \u00e0 concr\u00e9tiser le d\u00e9sir, maintes fois exprim\u00e9 par Chiara, de se sanctifier ensemble pour proposer \u00e0 l&rsquo;\u00c9glise, en plus de la saintet\u00e9 d&rsquo;un individu, celle du peuple. C&rsquo;est dans cet esprit que le <\/span><a href=\"https:\/\/www.focolare.org\/fr\/2013\/12\/07\/chiara-lubich-testimone-della-fede-2\/\"><span style=\"font-weight: 400;\">7 d\u00e9cembre 2013 <\/span><\/a><span style=\"font-weight: 400;\"> la pr\u00e9sidente des Focolari, Maria Voce, annon\u00e7ait la d\u00e9cision de demander l&rsquo;ouverture de la cause de b\u00e9atification de Chiara Lubich.<\/span><\/p>\n<p class=\"qowt-stl-Titolo1\"><span style=\"font-weight: 400;\">Apr\u00e8s une ann\u00e9e consacr\u00e9e aux actes canoniques n\u00e9cessaires au lancement de la cause<\/span><b>,<\/b><span style=\"font-weight: 400;\"> l\u2019\u00e9v\u00eaque de Frascati, Monseigneur Raffaello Martinelli, le 27 janvier 2015, a ouvert solennellement la \u201cCause de b\u00e9atification et de canonisation de la Servante de Dieu Chiara Lubich\u201d en la Cath\u00e9drale de Frascati. Dans une lettre \u00e9crite \u00e0 cette occasion, le pape Fran\u00e7ois exhorte \u00e0 \u00ab faire conna\u00eetre au peuple de Dieu la vie et l\u2019\u0153uvre de celle qui, r\u00e9pondant \u00e0 l\u2019invitation du Seigneur, a \u00e9clair\u00e9 l\u2019\u00c9glise d\u2019une lumi\u00e8re nouvelle sur le chemin de l\u2019unit\u00e9. \u00bb  <\/span><i><span style=\"font-weight: 400;\">(<\/span><\/i><a href=\"https:\/\/www.focolare.org\/press\/files\/2015\/01\/20150127ChiaraLubich_messaggioPapaFrancesco_firmatoParolin.pdf\"><i><span style=\"font-weight: 400;\">Lettre du pape Fran\u00e7ois<\/span><\/i><\/a><i><span style=\"font-weight: 400;\">).<\/span><\/i><span style=\"font-weight: 400;\"><\/span><\/p>\n<p>[\/et_pb_text][et_pb_image src=\u00a0\u00bbhttps:\/\/www.focolare.org\/wp-content\/uploads\/2023\/12\/fpreghiera_chiara_lubich.png\u00a0\u00bb title_text=\u00a0\u00bbfpreghiera_chiara_lubich\u00a0\u00bb _builder_version=\u00a0\u00bb4.23.1&Prime; _module_preset=\u00a0\u00bbdefault\u00a0\u00bb global_colors_info=\u00a0\u00bb{}\u00a0\u00bb][\/et_pb_image][et_pb_text quote_border_color=\u00a0\u00bb#FFB300&Prime; _builder_version=\u00a0\u00bb4.25.2&Prime; _module_preset=\u00a0\u00bbdefault\u00a0\u00bb quote_text_color=\u00a0\u00bb#3FA3D6&Prime; hover_enabled=\u00a0\u00bb0&Prime; global_colors_info=\u00a0\u00bb{}\u00a0\u00bb sticky_enabled=\u00a0\u00bb0&Prime;]<\/p>\n<p class=\"qowt-stl-Titolo1\"><span style=\"font-weight: 400;\">La phase dioc\u00e9saine de l&rsquo;Enqu\u00eate, qui a donn\u00e9 lieu \u00e0 un travail intense, s&rsquo;est achev\u00e9e le 10 novembre 2019 lors d&rsquo;une c\u00e9l\u00e9bration solennelle pr\u00e9sid\u00e9e par l&rsquo;\u00e9v\u00eaque dans la cath\u00e9drale de Frascati. <\/span><span style=\"font-weight: 400;\"><\/span><span style=\"font-weight: 400;\"><\/span><span style=\"font-weight: 400;\"><\/span><\/p>\n<p><span style=\"font-weight: 400;\">\u00c0 cette occasion, <\/span><span style=\"font-weight: 400;\">Maria Voce, alors pr\u00e9sidente du mouvement des Focolari, a conclu ses remerciements et ses salutations comme suit : <\/span> <\/p>\n<blockquote>\n<p><span style=\"font-weight: 400;\">\u00ab Notre seul d\u00e9sir \u00e0 pr\u00e9sent est d\u2019offrir \u00e0 l\u2019\u00c9glise, \u00e0 travers cette vaste documentation, le don que Chiara a \u00e9t\u00e9 pour nous et pour de nombreuses. En accueillant le charisme que Dieu lui donnait, de fa\u00e7on coh\u00e9rente, jour apr\u00e8s jour, cheminant et tendant \u00e0 la pl\u00e9nitude de la vie chr\u00e9tienne et \u00e0 la perfection de la charit\u00e9, Chiara s\u2019est prodigu\u00e9e pour que ce chemin de vie \u00e9vang\u00e9lique soit suivi par beaucoup, dans une d\u00e9termination toujours renouvel\u00e9e pour aider ceux qu\u2019elle rencontrait \u00e0 mettre Dieu \u00e0 la premi\u00e8re place dans leur vie et \u00e0 \u00ab devenir saints ensemble \u00bb. Son regard et son c\u0153ur, comme cela est d\u00e9montr\u00e9 \u00e0 pr\u00e9sent, \u00e9taient mus par un amour universel, capable d\u2019\u00e9treindre tous les hommes au-del\u00e0 des diff\u00e9rences, toujours tendus \u00e0 r\u00e9aliser le Testament de J\u00e9sus : <\/span><i><span style=\"font-weight: 400;\">\u00ab Ut omnes unum sint \u00bb (Que tous soient un).<\/span><\/i><span style=\"font-weight: 400;\"> <\/span><\/p>\n<\/blockquote>\n<p>[\/et_pb_text][\/et_pb_column][et_pb_column type=\u00a0\u00bb1_2&Prime; _builder_version=\u00a0\u00bb4.20.2&Prime; _module_preset=\u00a0\u00bbdefault\u00a0\u00bb global_colors_info=\u00a0\u00bb{}\u00a0\u00bb][et_pb_text quote_border_color=\u00a0\u00bb#FFB300&Prime; _builder_version=\u00a0\u00bb4.23.1&Prime; _module_preset=\u00a0\u00bbdefault\u00a0\u00bb quote_text_color=\u00a0\u00bb#3FA3D6&Prime; global_colors_info=\u00a0\u00bb{}\u00a0\u00bb]<\/p>\n<p><span style=\"font-weight: 400;\">Toutes les informations recueillies ont \u00e9t\u00e9 officiellement remises \u00e0 l&rsquo;\u00c9glise, par l&rsquo;interm\u00e9diaire <\/span><span style=\"font-weight: 400;\"> du Dicast\u00e8re pour les causes des saints, avec lequel la Postulation collabore avec engagement et d\u00e9vouement,<\/span><span style=\"font-weight: 400;\">et qui poursuit actuellement l&rsquo;\u00e9tude et l&rsquo;\u00e9valuation de cette documentation.<\/span><\/p>\n<p class=\"qowt-stl-Titolo1\"><span style=\"font-weight: 400;\">Le soutien de la pri\u00e8re de ceux qui demandent l&rsquo;aide de l&rsquo;Esprit Saint pour ce travail est particuli\u00e8rement important. Il est donc fondamental de demander avec confiance \u00e0 Dieu, par l&rsquo;intercession du Serviteur ou de la Servante de Dieu, les aides et les gr\u00e2ces que Lui seul peut accorder, pr\u00e9cis\u00e9ment parce qu&rsquo;il est impossible de les obtenir avec les seules comp\u00e9tences humaines. <\/span><\/p>\n<p><span style=\"font-weight: 400;\">Faire conna\u00eetre les manifestations de ces gr\u00e2ces est \u00e9galement d\u00e9cisif : cela donne \u00e0 l&rsquo;\u00c9glise la possibilit\u00e9 de reconna\u00eetre plus clairement la pr\u00e9sence des conditions qui lui permettent de d\u00e9clarer bienheureux et saints les Serviteurs de Dieu.<\/span><\/p>\n<p class=\"qowt-stl-Titolo1\"><span style=\"font-weight: 400;\">Vingt-neuf Causes de b\u00e9atification et de canonisation sont actuellement en cours au sein du mouvement des Focolari. Parmi elles figurent la bienheureuse Chiara Luce Badano et sept V\u00e9n\u00e9rables Serviteurs de Dieu.<\/span><\/p>\n<p class=\"qowt-stl-Titolo1\"><span style=\"font-weight: 400;\">Le Dicast\u00e8re pour les causes des saints, toujours particuli\u00e8rement attentif et soucieux d&rsquo;accompagner et de soutenir le travail des diff\u00e9rentes postulations, a institu\u00e9, depuis 2022, des congr\u00e8s annuels pour informer et former toutes celles et ceux qui sont impliqu\u00e9s dans les causes de b\u00e9atification et de canonisation. <\/span><\/p>\n<p class=\"qowt-stl-Titolo1\"><span style=\"font-weight: 400;\">Le cardinal Marcello Semeraro, Pr\u00e9fet du Dicast\u00e8re, en conclusion du  <\/span><span style=\"font-weight: 400;\">congr\u00e8s de 2022 <\/span><span style=\"font-weight: 400;\">\u00ab\u00a0La saintet\u00e9 aujourd&rsquo;hui\u00a0\u00bb, <\/span><span style=\"font-weight: 400;\"> a propos\u00e9 une image tr\u00e8s parlante pour exprimer la valeur de la saintet\u00e9 dans l&rsquo;\u00c9glise et aussi la signification du travail intense et passionn\u00e9 de ceux qui se consacrent \u00e0 sa recherche, pour la faire conna\u00eetre comme un pr\u00e9cieux tr\u00e9sor de l&rsquo;humanit\u00e9. <\/span> <\/p>\n<blockquote>\n<p class=\"qowt-stl-Titolo1\"><span style=\"font-weight: 400;\">\u00ab La saintet\u00e9 est comme une rivi\u00e8re souterraine qui, bien qu&rsquo;elle alimente toujours l&rsquo;\u00c9glise, en certains endroits &#8211; comme les vies des saints canonis\u00e9s &#8211; coule et jaillit comme une fontaine. La plupart du temps, bien s\u00fbr, il est n\u00e9cessaire qu&rsquo;il y ait quelqu&rsquo;un de disponible pour creuser le puits&#8230; et c&rsquo;est, d&rsquo;une certaine mani\u00e8re, le travail de notre Dicast\u00e8re : d\u2019abord au niveau des \u00c9glises particuli\u00e8res jusqu&rsquo;au travail des postulateurs et postulatrices, des diff\u00e9rents Consulteurs, des Cardinaux et des \u00c9v\u00eaques dans la r\u00e9union Ordinaire du Dicast\u00e8re, jusqu&rsquo;\u00e0 la d\u00e9cision du Successeur de Pierre. Creuser le puits d&rsquo;o\u00f9 jaillit l&rsquo;eau souterraine et cach\u00e9e ! \u00bb.<\/span><\/p>\n<\/blockquote>\n<p>[\/et_pb_text][difl_dual_button btn_left_background_bgcolor=\u00a0\u00bb#FFB300&Prime; btn_left_font_icon=\u00a0\u00bb&#xe092;||divi||400&Prime; btn_left_icon_color=\u00a0\u00bb#FFFFFF\u00a0\u00bb btn_right_background_bgcolor=\u00a0\u00bb#3FA3D6&Prime; btn_right_font_icon=\u00a0\u00bb&#xe092;||divi||400&Prime; btn_right_icon_color=\u00a0\u00bb#FFFFFF\u00a0\u00bb left_button=\u00a0\u00bbT\u00e9l\u00e9charger la pri\u00e8re d&#039;intercession\u00a0\u00bb left_button_url=\u00a0\u00bbhttps:\/\/www.focolare.org\/wp-content\/uploads\/2023\/12\/Chiara-Lubich_preghiera-di-intercessione-FR.pdf\u00a0\u00bb left_button_target=\u00a0\u00bbon\u00a0\u00bb button_separator=\u00a0\u00bbon\u00a0\u00bb separator_text=\u00a0\u00bbo\u00a0\u00bb alignment=\u00a0\u00bbleft\u00a0\u00bb _builder_version=\u00a0\u00bb4.23.1&Prime; _module_preset=\u00a0\u00bbdefault\u00a0\u00bb left_button_text_color=\u00a0\u00bb#FFFFFF\u00a0\u00bb left_button_font_size=\u00a0\u00bb16px\u00a0\u00bb right_button_text_color=\u00a0\u00bb#FFFFFF\u00a0\u00bb right_button_font_size=\u00a0\u00bb16px\u00a0\u00bb separator_font=\u00a0\u00bb|600|||||||\u00a0\u00bb separator_text_color=\u00a0\u00bb#FFFFFF\u00a0\u00bb border_radii_left_button=\u00a0\u00bbon|7px|7px|7px|7px\u00a0\u00bb border_radii_right_button=\u00a0\u00bbon|7px|7px|7px|7px\u00a0\u00bb border_width_all_separator=\u00a0\u00bb10px\u00a0\u00bb border_color_all_separator=\u00a0\u00bb#FFFFFF\u00a0\u00bb global_colors_info=\u00a0\u00bb{}\u00a0\u00bb btn_left_background_bgcolor__hover_enabled=\u00a0\u00bbon|hover\u00a0\u00bb btn_right_background_bgcolor__hover_enabled=\u00a0\u00bbon|hover\u00a0\u00bb btn_right_background_bgcolor__hover=\u00a0\u00bb#FFB300&Prime; btn_left_background_bgcolor__hover=\u00a0\u00bb#3FA3D6&Prime; border_color_all_separator__hover_enabled=\u00a0\u00bbon|desktop\u00a0\u00bb border_color_all_separator__hover=\u00a0\u00bb#FFFFFF\u00a0\u00bb][\/difl_dual_button][et_pb_text quote_border_color=\u00a0\u00bb#FFB300&Prime; _builder_version=\u00a0\u00bb4.23.1&Prime; _module_preset=\u00a0\u00bbdefault\u00a0\u00bb quote_text_color=\u00a0\u00bb#3FA3D6&Prime; custom_padding=\u00a0\u00bb3%||||false|false\u00a0\u00bb border_color_all=\u00a0\u00bb#3FA3D6&Prime; border_width_top=\u00a0\u00bb1px\u00a0\u00bb global_colors_info=\u00a0\u00bb{}\u00a0\u00bb]<\/p>\n<h3><strong>Pour toute information, demande ou communication, veuillez contacter :<\/strong><\/h3>\n<p>Mouvement des Focolari \u2013 Postulazione Chiara (Silvia) Lubich<br \/>Via Frascati, 306 \u2013 00040 Rocca di Papa (RM) \u2013 Italia<br \/><strong>Courriel <\/strong>: postulazionechiaralubich@focolare.org<br \/><strong>T\u00e9l<\/strong>. (+39) 06 \u2013 94798139<br \/><strong>Cellulaire :<\/strong>  (+39) 389 343 9529<\/p>\n<h3><strong>Modalit\u00e9s pour les dons<\/strong><\/h3>\n<p>Vous pouvez effectuer un versement sur le compte courant \u00e0 l&rsquo;ordre de : <strong> COMITATO POSTULAZIONE CHIARA (SILVIA) LUBICH<\/strong><strong><\/strong><\/p>\n<ul>\n<li><strong>c\/c bancario n.<\/strong>  000103229501<\/li>\n<li><strong>Code IBAN:<\/strong> IT 42 Q 02008 39103 000103229501<\/li>\n<li><strong>Code SWIFT\/BIC:<\/strong> UNCRTM1383<\/li>\n<\/ul>\n<p><strong>Banca Unicredit<\/strong> \u2013 Agenzia di Frascati \u2013 Piazza Mazzini 18, 00044 Frascati (RM)<\/p>\n<p>[\/et_pb_text][\/et_pb_column][\/et_pb_row][\/et_pb_section]<\/p>\n","protected":false},"excerpt":{"rendered":"<p>Cause de canonisationT\u00e9moin de foi et d&rsquo;amour Dans l&rsquo;\u00c9glise catholique, il est d&rsquo;usage de pr\u00e9senter aux fid\u00e8les, pour encourager la vie chr\u00e9tienne, des personnes qui se sont distingu\u00e9es par un t\u00e9moignage particulier de foi et d&rsquo;amour envers Dieu et envers tous. Cette pr\u00e9sentation a lieu \u00e0 l&rsquo;issue d&rsquo;un processus canonique de v\u00e9rification, qui porte \u00e9galement [&hellip;]<\/p>\n","protected":false},"author":1,"featured_media":0,"parent":0,"menu_order":0,"comment_status":"closed","ping_status":"closed","template":"","meta":{"give_campaign_id":0,"_seopress_robots_primary_cat":"","_seopress_titles_title":"","_seopress_titles_desc":"","_seopress_robots_index":"","_et_pb_use_builder":"on","_et_pb_old_content":"","_et_gb_content_width":"","footnotes":""},"difl_page_category":[],"class_list":["post-284606","page","type-page","status-publish","hentry"],"campaignId":"","_links":{"self":[{"href":"https:\/\/www.focolare.org\/fr\/wp-json\/wp\/v2\/pages\/284606","targetHints":{"allow":["GET"]}}],"collection":[{"href":"https:\/\/www.focolare.org\/fr\/wp-json\/wp\/v2\/pages"}],"about":[{"href":"https:\/\/www.focolare.org\/fr\/wp-json\/wp\/v2\/types\/page"}],"author":[{"embeddable":true,"href":"https:\/\/www.focolare.org\/fr\/wp-json\/wp\/v2\/users\/1"}],"replies":[{"embeddable":true,"href":"https:\/\/www.focolare.org\/fr\/wp-json\/wp\/v2\/comments?post=284606"}],"version-history":[{"count":0,"href":"https:\/\/www.focolare.org\/fr\/wp-json\/wp\/v2\/pages\/284606\/revisions"}],"wp:attachment":[{"href":"https:\/\/www.focolare.org\/fr\/wp-json\/wp\/v2\/media?parent=284606"}],"wp:term":[{"taxonomy":"difl_page_category","embeddable":true,"href":"https:\/\/www.focolare.org\/fr\/wp-json\/wp\/v2\/difl_page_category?post=284606"}],"curies":[{"name":"wp","href":"https:\/\/api.w.org\/{rel}","templated":true}]}}