{"id":284620,"date":"2023-03-30T12:15:09","date_gmt":"2023-03-30T10:15:09","guid":{"rendered":"https:\/\/www.focolare.org\/qui-sommes-nous\/les-archives\/"},"modified":"2026-03-18T13:08:38","modified_gmt":"2026-03-18T12:08:38","slug":"les-archives","status":"publish","type":"page","link":"https:\/\/www.focolare.org\/fr\/qui-sommes-nous\/les-archives\/","title":{"rendered":"Les Archives"},"content":{"rendered":"<p>[et_pb_section fb_built=\u00a0\u00bb1&Prime; custom_padding_last_edited=\u00a0\u00bbon|phone\u00a0\u00bb _builder_version=\u00a0\u00bb4.22.2&Prime; _module_preset=\u00a0\u00bbdefault\u00a0\u00bb background_enable_color=\u00a0\u00bboff\u00a0\u00bb background_image=\u00a0\u00bbhttps:\/\/www.focolare.org\/wp-content\/uploads\/2023\/09\/Archivio_Generale.jpg\u00a0\u00bb width=\u00a0\u00bb100%\u00a0\u00bb max_width=\u00a0\u00bb100%\u00a0\u00bb min_height=\u00a0\u00bb600px\u00a0\u00bb min_height_tablet=\u00a0\u00bb600px\u00a0\u00bb min_height_phone=\u00a0\u00bb600px\u00a0\u00bb min_height_last_edited=\u00a0\u00bbon|phone\u00a0\u00bb height=\u00a0\u00bb600px\u00a0\u00bb height_tablet=\u00a0\u00bb600px\u00a0\u00bb height_phone=\u00a0\u00bb600px\u00a0\u00bb height_last_edited=\u00a0\u00bbon|phone\u00a0\u00bb max_height=\u00a0\u00bb600px\u00a0\u00bb custom_margin=\u00a0\u00bb0px||0px||false|false\u00a0\u00bb custom_margin_tablet=\u00a0\u00bb0px||0px||false|false\u00a0\u00bb custom_margin_phone=\u00a0\u00bb||0px||false|false\u00a0\u00bb custom_margin_last_edited=\u00a0\u00bbon|phone\u00a0\u00bb custom_padding=\u00a0\u00bb0px||0px||true|false\u00a0\u00bb custom_padding_tablet=\u00a0\u00bb10%||10%||true|false\u00a0\u00bb custom_padding_phone=\u00a0\u00bb20%||20%||true|false\u00a0\u00bb bottom_divider_color=\u00a0\u00bb#3FA3D6&Prime; bottom_divider_repeat=\u00a0\u00bb1x\u00a0\u00bb bottom_divider_flip=\u00a0\u00bbhorizontal\u00a0\u00bb locked=\u00a0\u00bboff\u00a0\u00bb global_colors_info=\u00a0\u00bb{}\u00a0\u00bb][et_pb_row _builder_version=\u00a0\u00bb4.21.0&Prime; _module_preset=\u00a0\u00bbdefault\u00a0\u00bb global_colors_info=\u00a0\u00bb{}\u00a0\u00bb][et_pb_column type=\u00a0\u00bb4_4&Prime; _builder_version=\u00a0\u00bb4.21.0&Prime; _module_preset=\u00a0\u00bbdefault\u00a0\u00bb global_colors_info=\u00a0\u00bb{}\u00a0\u00bb][\/et_pb_column][\/et_pb_row][\/et_pb_section][et_pb_section fb_built=\u00a0\u00bb1&Prime; custom_padding_last_edited=\u00a0\u00bbon|phone\u00a0\u00bb _builder_version=\u00a0\u00bb4.21.0&Prime; _module_preset=\u00a0\u00bbdefault\u00a0\u00bb custom_margin=\u00a0\u00bb||||false|false\u00a0\u00bb custom_padding=\u00a0\u00bb||3%||false|false\u00a0\u00bb custom_padding_tablet=\u00a0\u00bb||4%||false|false\u00a0\u00bb custom_padding_phone=\u00a0\u00bb||20%||false|false\u00a0\u00bb top_divider_style=\u00a0\u00bbramp\u00a0\u00bb top_divider_color=\u00a0\u00bb#3FA3D6&Prime; top_divider_height=\u00a0\u00bb150px\u00a0\u00bb top_divider_repeat=\u00a0\u00bb1x\u00a0\u00bb top_divider_flip=\u00a0\u00bbhorizontal\u00a0\u00bb bottom_divider_style=\u00a0\u00bbramp\u00a0\u00bb bottom_divider_color=\u00a0\u00bb#FFB300&Prime; bottom_divider_height=\u00a0\u00bb150px\u00a0\u00bb bottom_divider_repeat=\u00a0\u00bb1x\u00a0\u00bb bottom_divider_flip=\u00a0\u00bbhorizontal\u00a0\u00bb locked=\u00a0\u00bboff\u00a0\u00bb global_colors_info=\u00a0\u00bb{}\u00a0\u00bb][et_pb_row _builder_version=\u00a0\u00bb4.21.0&Prime; _module_preset=\u00a0\u00bbdefault\u00a0\u00bb custom_margin=\u00a0\u00bb0px||0px||false|false\u00a0\u00bb custom_margin_tablet=\u00a0\u00bb0px||0px||false|false\u00a0\u00bb custom_margin_phone=\u00a0\u00bb-5%||||false|false\u00a0\u00bb custom_margin_last_edited=\u00a0\u00bbon|phone\u00a0\u00bb custom_padding=\u00a0\u00bb0px||0px||false|false\u00a0\u00bb global_colors_info=\u00a0\u00bb{}\u00a0\u00bb][et_pb_column type=\u00a0\u00bb4_4&Prime; _builder_version=\u00a0\u00bb4.21.0&Prime; _module_preset=\u00a0\u00bbdefault\u00a0\u00bb global_colors_info=\u00a0\u00bb{}\u00a0\u00bb][et_pb_text _builder_version=\u00a0\u00bb4.22.2&Prime; _module_preset=\u00a0\u00bbdefault\u00a0\u00bb header_font=\u00a0\u00bb|600|||||||\u00a0\u00bb header_text_align=\u00a0\u00bbcenter\u00a0\u00bb header_text_color=\u00a0\u00bb#FFFFFF\u00a0\u00bb header_font_size=\u00a0\u00bb40px\u00a0\u00bb custom_margin=\u00a0\u00bb||3%||false|false\u00a0\u00bb custom_margin_tablet=\u00a0\u00bb||0px||false|false\u00a0\u00bb custom_margin_phone=\u00a0\u00bb||||false|false\u00a0\u00bb custom_margin_last_edited=\u00a0\u00bbon|phone\u00a0\u00bb custom_padding=\u00a0\u00bb||||false|false\u00a0\u00bb global_colors_info=\u00a0\u00bb{}\u00a0\u00bb]<\/p>\n<h1>Les Archives<\/h1>\n<p>[\/et_pb_text][\/et_pb_column][\/et_pb_row][\/et_pb_section][et_pb_section fb_built=\u00a0\u00bb1&Prime; _builder_version=\u00a0\u00bb4.20.2&Prime; _module_preset=\u00a0\u00bbdefault\u00a0\u00bb global_colors_info=\u00a0\u00bb{}\u00a0\u00bb][et_pb_row column_structure=\u00a0\u00bb1_2,1_2&Prime; use_custom_gutter=\u00a0\u00bbon\u00a0\u00bb _builder_version=\u00a0\u00bb4.20.2&Prime; _module_preset=\u00a0\u00bbdefault\u00a0\u00bb max_width=\u00a0\u00bb80%\u00a0\u00bb global_colors_info=\u00a0\u00bb{}\u00a0\u00bb][et_pb_column type=\u00a0\u00bb1_2&Prime; _builder_version=\u00a0\u00bb4.20.2&Prime; _module_preset=\u00a0\u00bbdefault\u00a0\u00bb global_colors_info=\u00a0\u00bb{}\u00a0\u00bb][et_pb_text _builder_version=\u00a0\u00bb4.25.2&Prime; _module_preset=\u00a0\u00bbdefault\u00a0\u00bb global_colors_info=\u00a0\u00bb{}\u00a0\u00bb]<\/p>\n<h2 class=\"vc_custom_heading vc_custom_1592561110274\"><span>Une ressource culturelle et strat\u00e9gique<\/span><\/h2>\n<p id=\"E185\" class=\"qowt-stl-Titolo1\"><span><strong><span id=\"E186\">Les Archives G\u00e9n\u00e9rales du Mouvement des<\/span> <span id=\"E187\"> <\/span> <span id=\"E188\">Focolari (<\/span> <span id=\"E190\">AGMF<\/span> <span id=\"E192\">) <\/span><\/strong><\/span><span id=\"E193\">conservent, parmi les nombreux fonds dans lesquels elles sont r\u00e9parties, les<\/span><span id=\"E194\"><span> <\/span>documents papier et multim\u00e9dia<\/span><span id=\"E195\">concernant <strong><span>la <\/span><\/strong><\/span><strong><span><span id=\"E196\">fondatrice Chiara<\/span> <span id=\"E197\"> <\/span> <span id=\"E198\">Lubich (1920-2008)<\/span><\/span><\/strong><span id=\"E199\">, l\u2019histoire du <span> <\/span><span><strong>mouvement des<\/strong><\/span><\/span><span id=\"E200\"><span> <\/span><\/span><span id=\"E201\"><span><strong>Focolari<\/strong><\/span>de sa naissance \u00e0 aujourd\u2019hui, son d\u00e9veloppement <span> <\/span><\/span><span id=\"E202\">et sa diffusion<span> <\/span><\/span><span id=\"E203\">dans le monde entier.<\/span><\/p>\n<p id=\"E204\" class=\"qowt-stl-Titolo1\"><span id=\"E205\">Le 25 juin 2019, <span> <\/span><\/span><span id=\"E206\"> la Direction des Archives<\/span><span id=\"E207\"><span> <\/span>et des Publications du Latium a d\u00e9clar\u00e9 que ces Archives<\/span><span id=\"E208\"><span> <\/span><\/span><strong><span><span id=\"E209\">\u00ab<\/span><span id=\"E210\">\u2026<\/span><span id=\"E211\">pr\u00e9sentent un int\u00e9r\u00eat historique <\/span><span id=\"E212\"> <\/span><span id=\"E213\">particuli\u00e8rement important<\/span><span id=\"E214\">\u00bb<\/span><\/span><\/strong><span id=\"E215\"><span> <\/span><\/span><span id=\"E216\">reconnaissant leur valeur en tant que<\/span><span id=\"E217\"><span> <\/span><\/span><strong><span><span id=\"E218\">\u00ab<\/span><span id=\"E219\">t\u00e9moignage extraordinaire, source d\u2019inspiration et de vie nouvelle. \u00bb <\/span> <\/span><\/strong><em><span><span id=\"E219\">(<\/span><\/span><span><span id=\"E219\">Extrait du communiqu\u00e9 officiel &#8211; Ministero per i beni e le attivit\u00e0 culturali, Direzione generale Archivi, Soprintendenza archivistica e bibliografica del Lazio &#8211; Italie. Rome, 25 juin 2019) <\/span><\/span><\/em><span id=\"E220\" class=\"qowt-stl-Rimandonotaapidipagina\"><\/span><span id=\"E222\">: elles<span> <\/span><\/span><span id=\"E223\">nous renseignent sur le chemin de fraternit\u00e9<\/span><span id=\"E224\"><span> <\/span><\/span><span id=\"E225\">universelle <span> <\/span><\/span><span id=\"E226\">ouvert par la figure charismatique de <\/span><span id=\"E227\"><span> <\/span><\/span><span id=\"E228\">Chiara Lubich, sur les co-fondateurs Igino Giordani et Pasquale Foresi,<span> <\/span><\/span><span id=\"E229\">sur<\/span><span id=\"E230\"><span> <\/span><\/span><span id=\"E231\">les premiers acteurs.<\/span><\/p>\n<p class=\"qowt-stl-Titolo1\"><span id=\"E231\">Elles t\u00e9moignent<\/span><span id=\"E232\">,<span> <\/span><\/span><span id=\"E233\">en tant<\/span><span id=\"E234\"><span> <\/span>que centre et pivot d\u2019un <span> <\/span><\/span><span id=\"E235\">r\u00e9seau <span> <\/span><\/span><span id=\"E236\">mondial d\u2019archives,<span> <\/span><\/span><span id=\"E237\">de ce courant original de spiritualit\u00e9, de vie<\/span><span id=\"E238\"><span> <\/span><\/span><span id=\"E239\">et de pens\u00e9e qui a impliqu\u00e9 des hommes<\/span><span id=\"E240\"><span> <\/span><\/span><span id=\"E241\">et des femmes sous toutes les latitudes<\/span><span id=\"E242\">.<\/span><span id=\"E243\"><span> <\/span>L\u2019<\/span><span id=\"E245\">AGMF<\/span><span id=\"E247\"><span> <\/span> pr\u00e9serve et valorise ce t\u00e9moignage en vue de la recherche historique et pour permettre son actualisation et sa diffusion.<\/span><\/p>\n<p id=\"E248\" class=\"qowt-stl-Titolo1\"><strong><span><span id=\"E249\">\u00ab Ces documents \u2013 avait d\u00e9clar\u00e9 Chiara Lubich \u2013 seront aussi \u00e0 l\u2019avenir <\/span> <span id=\"E251\">la pr\u00e9sence vivante d\u2019un pass\u00e9 qui a orient\u00e9 le pr\u00e9sent.<\/span> <span id=\"E252\" class=\"qowt-font4-Calibri\">\u00bb<\/span> <span id=\"E255\">.<\/span><\/span><\/strong><span><span id=\"E255\"><em> (Chiara Lubich, 6 d\u00e9cembre 1962)<\/em><\/span><\/span><strong><span><span id=\"E255\"><br \/><\/span><\/span><\/strong><\/p>\n<p>Une page consacr\u00e9e \u00e0 l\u2019AGMF se trouve sur le site<span> <\/span><strong><a href=\"http:\/\/www.sa-lazio.beniculturali.it\/index.php?it\/269\/archivio-generale-del-movimento-dei-focolari-rocca-di-papa-rm\" target=\"_blank\" rel=\"noopener\">MIBAC du Patrimoine Culturel<\/a> <span> <\/span><\/strong>de la Direction des Archives et de la Bibliographie de la R\u00e9gion Lazio, avec lequel il existe une collaboration fructueuse, et<span> <\/span><span>sur le <strong><a href=\"https:\/\/www.beweb.chiesacattolica.it\/istituticulturali\/istituto\/3729\/Archivio+Generale+del+Movimento+dei+Focolari\" target=\"_blank\" rel=\"noopener\">site du Patrimoine Culturel<\/a><\/strong> de la Conf\u00e9rence Episcopale Italienne BeWeb<\/span>.<\/p>\n<p><span><strong>Travaux d&rsquo;archives<\/strong><\/span><br \/>Parmi les r\u00e9cents travaux r\u00e9alis\u00e9s dans le domaine des archives, on peut citer le recensement du Fonds Pasquale Foresi, avec<span> <\/span><strong><a href=\"https:\/\/www.focolare.org\/download\/116\/italiano\/356406\/ordine-discorsi-archivio.pdf?lang=it\" target=\"_blank\" rel=\"noopener\">la r\u00e9organisation de la s\u00e9rie \u00ab\u00a0Discorsi\u00a0\u00bb qui s&rsquo;y rapporte<\/a><\/strong>. Le projet, achev\u00e9 en d\u00e9cembre 2022, a \u00e9t\u00e9 \u00ab\u00a0r\u00e9alis\u00e9 avec le soutien de la R\u00e9gion Lazio pour les biblioth\u00e8ques, les mus\u00e9es et les archives &#8211; Plan annuel 2022, L.R. 24\/2019\u00a0\u00bb.<\/p>\n<p>[\/et_pb_text][\/et_pb_column][et_pb_column type=\u00a0\u00bb1_2&Prime; _builder_version=\u00a0\u00bb4.20.2&Prime; _module_preset=\u00a0\u00bbdefault\u00a0\u00bb global_colors_info=\u00a0\u00bb{}\u00a0\u00bb][et_pb_video src=\u00a0\u00bbhttps:\/\/youtu.be\/c4QMYhVG_O4&Prime; _builder_version=\u00a0\u00bb4.25.2&Prime; _module_preset=\u00a0\u00bbdefault\u00a0\u00bb global_colors_info=\u00a0\u00bb{}\u00a0\u00bb][\/et_pb_video][et_pb_text _builder_version=\u00a0\u00bb4.20.2&Prime; _module_preset=\u00a0\u00bbdefault\u00a0\u00bb header_3_font_size=\u00a0\u00bb16px\u00a0\u00bb custom_padding=\u00a0\u00bb0px||0px||true|false\u00a0\u00bb global_colors_info=\u00a0\u00bb{}\u00a0\u00bb]<\/p>\n<div id=\"aboutus\" class=\"vc_row wpb_row vc_row-fluid vc_custom_1540799645580\">\n<div class=\"wpb_column vc_column_container vc_col-sm-6 vc_col-has-fill\">\n<div class=\"vc_column-inner vc_custom_1594322920150\">\n<div class=\"wpb_wrapper\">\n<div class=\"wpb_text_column wpb_content_element vc_custom_1592562781548 p { margin-bottom: 3px; }\">\n<div class=\"wpb_wrapper\">\n<h3><span><b>Vous faites des recherches, vous pr\u00e9parez une conf\u00e9rence, vous \u00e9crivez un livre ou une th\u00e8se ? Vous avez besoin de mat\u00e9riel audiovisuel pour un documentaire ? Faites-nous savoir ce qui peut vous \u00eatre utile.  <\/b><\/span><\/h3>\n<\/div>\n<\/div>\n<\/div>\n<\/div>\n<\/div>\n<\/div>\n<p>[\/et_pb_text][difl_dual_button btn_left_background_bgcolor=\u00a0\u00bb#FFB300&Prime; btn_left_font_icon=\u00a0\u00bb&#xe092;||divi||400&Prime; btn_left_icon_color=\u00a0\u00bb#FFFFFF\u00a0\u00bb btn_right_background_bgcolor=\u00a0\u00bb#3FA3D6&Prime; btn_right_font_icon=\u00a0\u00bb&#xe092;||divi||400&Prime; btn_right_icon_color=\u00a0\u00bb#FFFFFF\u00a0\u00bb left_button=\u00a0\u00bbR\u00e8glement Archives G\u00e9n\u00e9rales\u00a0\u00bb left_button_url=\u00a0\u00bbhttps:\/\/www.focolare.org\/wp-content\/uploads\/2026\/03\/CPS-AG-20251015-RegolamentoAGMFpdfATFr-.pdf\u00a0\u00bb left_button_target=\u00a0\u00bbon\u00a0\u00bb button_separator=\u00a0\u00bbon\u00a0\u00bb separator_text=\u00a0\u00bbo\u00a0\u00bb alignment=\u00a0\u00bbcenter\u00a0\u00bb _builder_version=\u00a0\u00bb4.27.6&Prime; _module_preset=\u00a0\u00bbdefault\u00a0\u00bb left_button_text_color=\u00a0\u00bb#FFFFFF\u00a0\u00bb left_button_font_size=\u00a0\u00bb16px\u00a0\u00bb right_button_text_color=\u00a0\u00bb#FFFFFF\u00a0\u00bb right_button_font_size=\u00a0\u00bb16px\u00a0\u00bb separator_font=\u00a0\u00bb|600|||||||\u00a0\u00bb separator_text_color=\u00a0\u00bb#FFFFFF\u00a0\u00bb hover_enabled=\u00a0\u00bb0&Prime; border_radii_left_button=\u00a0\u00bbon|7px|7px|7px|7px\u00a0\u00bb border_radii_right_button=\u00a0\u00bbon|7px|7px|7px|7px\u00a0\u00bb border_width_all_separator=\u00a0\u00bb10px\u00a0\u00bb border_color_all_separator=\u00a0\u00bb#FFFFFF\u00a0\u00bb global_colors_info=\u00a0\u00bb{}\u00a0\u00bb btn_left_background_bgcolor__hover_enabled=\u00a0\u00bbon|hover\u00a0\u00bb btn_right_background_bgcolor__hover_enabled=\u00a0\u00bbon|hover\u00a0\u00bb btn_right_background_bgcolor__hover=\u00a0\u00bb#FFB300&Prime; btn_left_background_bgcolor__hover=\u00a0\u00bb#3FA3D6&Prime; border_color_all_separator__hover_enabled=\u00a0\u00bbon|desktop\u00a0\u00bb border_color_all_separator__hover=\u00a0\u00bb#FFFFFF\u00a0\u00bb sticky_enabled=\u00a0\u00bb0&Prime; right_button=\u00a0\u00bbFormulaire Demande d\u2019acc\u00e8s\u00a0\u00bb right_button_url=\u00a0\u00bbhttps:\/\/www.focolare.org\/wp-content\/uploads\/2026\/03\/CPS-AG-20251015-MODULO-A-RICHIESTA-DI-ACCESSO-compTFr-.pdf\u00a0\u00bb left_button_wrapper_padding=\u00a0\u00bb||||false|false\u00a0\u00bb left_button_wrapper_margin=\u00a0\u00bb||||false|false\u00a0\u00bb left_button_padding=\u00a0\u00bb||||false|false\u00a0\u00bb][\/difl_dual_button][difl_dual_button btn_left_background_bgcolor=\u00a0\u00bb#3FA3D6&Prime; btn_left_font_icon=\u00a0\u00bb&#xe092;||divi||400&Prime; btn_left_icon_color=\u00a0\u00bb#FFFFFF\u00a0\u00bb btn_right_background_bgcolor=\u00a0\u00bb#3FA3D6&Prime; btn_right_font_icon=\u00a0\u00bb&#xe092;||divi||400&Prime; btn_right_icon_color=\u00a0\u00bb#FFFFFF\u00a0\u00bb left_button=\u00a0\u00bbFormulaire Demande de reproduction\u00a0\u00bb left_button_url=\u00a0\u00bbhttps:\/\/www.focolare.org\/wp-content\/uploads\/2026\/03\/CPS-AG-20251015-MODULO-B-RICHIESTA-RIPRODUZIONI-Tfr.pdf\u00a0\u00bb left_button_target=\u00a0\u00bbon\u00a0\u00bb button_separator=\u00a0\u00bbon\u00a0\u00bb separator_text=\u00a0\u00bbo\u00a0\u00bb alignment=\u00a0\u00bbcenter\u00a0\u00bb _builder_version=\u00a0\u00bb4.27.6&Prime; _module_preset=\u00a0\u00bbdefault\u00a0\u00bb left_button_text_color=\u00a0\u00bb#FFFFFF\u00a0\u00bb left_button_font_size=\u00a0\u00bb16px\u00a0\u00bb right_button_text_color=\u00a0\u00bb#FFFFFF\u00a0\u00bb right_button_font_size=\u00a0\u00bb16px\u00a0\u00bb separator_font=\u00a0\u00bb|600|||||||\u00a0\u00bb separator_text_color=\u00a0\u00bb#FFFFFF\u00a0\u00bb hover_enabled=\u00a0\u00bb0&Prime; border_radii_left_button=\u00a0\u00bbon|7px|7px|7px|7px\u00a0\u00bb border_radii_right_button=\u00a0\u00bbon|7px|7px|7px|7px\u00a0\u00bb border_width_all_separator=\u00a0\u00bb10px\u00a0\u00bb border_color_all_separator=\u00a0\u00bb#FFFFFF\u00a0\u00bb global_colors_info=\u00a0\u00bb{}\u00a0\u00bb btn_left_background_bgcolor__hover_enabled=\u00a0\u00bbon|hover\u00a0\u00bb btn_right_background_bgcolor__hover_enabled=\u00a0\u00bbon|hover\u00a0\u00bb btn_right_background_bgcolor__hover=\u00a0\u00bb#FFB300&Prime; btn_left_background_bgcolor__hover=\u00a0\u00bb#3FA3D6&Prime; border_color_all_separator__hover_enabled=\u00a0\u00bbon|desktop\u00a0\u00bb border_color_all_separator__hover=\u00a0\u00bb#FFFFFF\u00a0\u00bb sticky_enabled=\u00a0\u00bb0&Prime; right_button=\u00a0\u00bbFormulaire Demande de publication\u00a0\u00bb right_button_url=\u00a0\u00bbhttps:\/\/www.focolare.org\/wp-content\/uploads\/2026\/03\/CPS-AG-20251015-MODULO-C-RICHIESTA-PUBBLICAZIONITFr-.pdf\u00a0\u00bb left_button_wrapper_padding=\u00a0\u00bb||||false|false\u00a0\u00bb right_button_padding=\u00a0\u00bb||||false|false\u00a0\u00bb][\/difl_dual_button][\/et_pb_column][\/et_pb_row][\/et_pb_section][et_pb_section fb_built=\u00a0\u00bb1&Prime; _builder_version=\u00a0\u00bb4.20.2&Prime; _module_preset=\u00a0\u00bbdefault\u00a0\u00bb background_color=\u00a0\u00bb#FFB300&Prime; custom_margin=\u00a0\u00bb0px||0px||true|false\u00a0\u00bb custom_padding=\u00a0\u00bb0px||0px||false|false\u00a0\u00bb collapsed=\u00a0\u00bbon\u00a0\u00bb global_colors_info=\u00a0\u00bb{}\u00a0\u00bb][et_pb_row use_custom_gutter=\u00a0\u00bbon\u00a0\u00bb _builder_version=\u00a0\u00bb4.20.2&Prime; _module_preset=\u00a0\u00bbdefault\u00a0\u00bb max_width=\u00a0\u00bb80%\u00a0\u00bb global_colors_info=\u00a0\u00bb{}\u00a0\u00bb][et_pb_column type=\u00a0\u00bb4_4&Prime; _builder_version=\u00a0\u00bb4.20.2&Prime; _module_preset=\u00a0\u00bbdefault\u00a0\u00bb global_colors_info=\u00a0\u00bb{}\u00a0\u00bb][difl_contentcarousel item_desktop=\u00a0\u00bb4&Prime; loop=\u00a0\u00bbon\u00a0\u00bb autoplay=\u00a0\u00bbon\u00a0\u00bb pause_hover=\u00a0\u00bbon\u00a0\u00bb dots=\u00a0\u00bbon\u00a0\u00bb dots_color=\u00a0\u00bb#FFFFFF\u00a0\u00bb active_dots_color=\u00a0\u00bb#3FA3D6&Prime; large_active_dot=\u00a0\u00bbon\u00a0\u00bb _builder_version=\u00a0\u00bb4.21.0&Prime; _module_preset=\u00a0\u00bbdefault\u00a0\u00bb width=\u00a0\u00bb95%\u00a0\u00bb max_width=\u00a0\u00bb95%\u00a0\u00bb module_alignment=\u00a0\u00bbcenter\u00a0\u00bb global_colors_info=\u00a0\u00bb{}\u00a0\u00bb][difl_contentcarouselitem title=\u00a0\u00bb40+\u00a0\u00bb sub_title=\u00a0\u00bbfonds d&rsquo;archives\u00a0\u00bb df_title_bg_bgcolor=\u00a0\u00bbRGBA(255,255,255,0)\u00a0\u00bb cc_button_button_url_new_window=\u00a0\u00bb1&Prime; _builder_version=\u00a0\u00bb4.21.0&Prime; _module_preset=\u00a0\u00bbdefault\u00a0\u00bb cc_title_text_color=\u00a0\u00bb#FFFFFF\u00a0\u00bb cc_title_font_size=\u00a0\u00bb40px\u00a0\u00bb cc_subtitle_font=\u00a0\u00bb||||||||\u00a0\u00bb cc_subtitle_text_color=\u00a0\u00bb#FFFFFF\u00a0\u00bb cc_subtitle_font_size=\u00a0\u00bb16px\u00a0\u00bb global_colors_info=\u00a0\u00bb{}\u00a0\u00bb][\/difl_contentcarouselitem][difl_contentcarouselitem title=\u00a0\u00bb6,090+\u00a0\u00bb sub_title=\u00a0\u00bbentre discours et \u00e9crits\u00a0\u00bb df_title_bg_bgcolor=\u00a0\u00bbRGBA(255,255,255,0)\u00a0\u00bb cc_button_button_url_new_window=\u00a0\u00bb1&Prime; _builder_version=\u00a0\u00bb4.21.0&Prime; _module_preset=\u00a0\u00bbdefault\u00a0\u00bb cc_title_text_color=\u00a0\u00bb#FFFFFF\u00a0\u00bb cc_title_font_size=\u00a0\u00bb40px\u00a0\u00bb cc_subtitle_font=\u00a0\u00bb||||||||\u00a0\u00bb cc_subtitle_text_color=\u00a0\u00bb#FFFFFF\u00a0\u00bb cc_subtitle_font_size=\u00a0\u00bb16px\u00a0\u00bb global_colors_info=\u00a0\u00bb{}\u00a0\u00bb][\/difl_contentcarouselitem][difl_contentcarouselitem title=\u00a0\u00bb70+\u00a0\u00bb sub_title=\u00a0\u00bbDes ann\u00e9es de m\u00e9moire\u00a0\u00bb df_title_bg_bgcolor=\u00a0\u00bbRGBA(255,255,255,0)\u00a0\u00bb cc_button_button_url_new_window=\u00a0\u00bb1&Prime; _builder_version=\u00a0\u00bb4.21.0&Prime; _module_preset=\u00a0\u00bbdefault\u00a0\u00bb cc_title_text_color=\u00a0\u00bb#FFFFFF\u00a0\u00bb cc_title_font_size=\u00a0\u00bb40px\u00a0\u00bb cc_subtitle_font=\u00a0\u00bb||||||||\u00a0\u00bb cc_subtitle_text_color=\u00a0\u00bb#FFFFFF\u00a0\u00bb cc_subtitle_font_size=\u00a0\u00bb16px\u00a0\u00bb global_colors_info=\u00a0\u00bb{}\u00a0\u00bb][\/difl_contentcarouselitem][difl_contentcarouselitem title=\u00a0\u00bb354+\u00a0\u00bb sub_title=\u00a0\u00bbconversations t\u00e9l\u00e9phoniques\u00a0\u00bb df_title_bg_bgcolor=\u00a0\u00bbRGBA(255,255,255,0)\u00a0\u00bb cc_button_button_url_new_window=\u00a0\u00bb1&Prime; _builder_version=\u00a0\u00bb4.21.0&Prime; _module_preset=\u00a0\u00bbdefault\u00a0\u00bb cc_title_text_color=\u00a0\u00bb#FFFFFF\u00a0\u00bb cc_title_font_size=\u00a0\u00bb40px\u00a0\u00bb cc_subtitle_font=\u00a0\u00bb||||||||\u00a0\u00bb cc_subtitle_text_color=\u00a0\u00bb#FFFFFF\u00a0\u00bb cc_subtitle_font_size=\u00a0\u00bb16px\u00a0\u00bb global_colors_info=\u00a0\u00bb{}\u00a0\u00bb][\/difl_contentcarouselitem][difl_contentcarouselitem title=\u00a0\u00bb165,830+\u00a0\u00bb sub_title=\u00a0\u00bbEntre films, cassettes vid\u00e9o, betacam et U-matic, DVCcam et MiniDV, photos, n\u00e9gatifs, diapositives, etc &#8230;\u00a0\u00bb df_title_bg_bgcolor=\u00a0\u00bbRGBA(255,255,255,0)\u00a0\u00bb cc_button_button_url_new_window=\u00a0\u00bb1&Prime; _builder_version=\u00a0\u00bb4.21.0&Prime; _module_preset=\u00a0\u00bbdefault\u00a0\u00bb cc_title_text_color=\u00a0\u00bb#FFFFFF\u00a0\u00bb cc_title_font_size=\u00a0\u00bb40px\u00a0\u00bb cc_subtitle_font=\u00a0\u00bb||||||||\u00a0\u00bb cc_subtitle_text_color=\u00a0\u00bb#FFFFFF\u00a0\u00bb cc_subtitle_font_size=\u00a0\u00bb16px\u00a0\u00bb global_colors_info=\u00a0\u00bb{}\u00a0\u00bb][\/difl_contentcarouselitem][difl_contentcarouselitem title=\u00a0\u00bb22,000+\u00a0\u00bb sub_title=\u00a0\u00bblettres envoy\u00e9es; des centaines de milliers re\u00e7us\u00a0\u00bb df_title_bg_bgcolor=\u00a0\u00bbRGBA(255,255,255,0)\u00a0\u00bb cc_button_button_url_new_window=\u00a0\u00bb1&Prime; _builder_version=\u00a0\u00bb4.21.0&Prime; _module_preset=\u00a0\u00bbdefault\u00a0\u00bb cc_title_text_color=\u00a0\u00bb#FFFFFF\u00a0\u00bb cc_title_font_size=\u00a0\u00bb40px\u00a0\u00bb cc_subtitle_font=\u00a0\u00bb||||||||\u00a0\u00bb cc_subtitle_text_color=\u00a0\u00bb#FFFFFF\u00a0\u00bb cc_subtitle_font_size=\u00a0\u00bb16px\u00a0\u00bb global_colors_info=\u00a0\u00bb{}\u00a0\u00bb][\/difl_contentcarouselitem][difl_contentcarouselitem title=\u00a0\u00bb630+\u00a0\u00bb sub_title=\u00a0\u00bbm\u00e8tres lin\u00e9aires de supports audio, film et vid\u00e9o analogiques.\u00a0\u00bb df_title_bg_bgcolor=\u00a0\u00bbRGBA(255,255,255,0)\u00a0\u00bb cc_button_button_url_new_window=\u00a0\u00bb1&Prime; _builder_version=\u00a0\u00bb4.21.0&Prime; _module_preset=\u00a0\u00bbdefault\u00a0\u00bb cc_title_text_color=\u00a0\u00bb#FFFFFF\u00a0\u00bb cc_title_font_size=\u00a0\u00bb40px\u00a0\u00bb cc_subtitle_font=\u00a0\u00bb||||||||\u00a0\u00bb cc_subtitle_text_color=\u00a0\u00bb#FFFFFF\u00a0\u00bb cc_subtitle_font_size=\u00a0\u00bb16px\u00a0\u00bb global_colors_info=\u00a0\u00bb{}\u00a0\u00bb][\/difl_contentcarouselitem][difl_contentcarouselitem title=\u00a0\u00bb970+\u00a0\u00bb sub_title=\u00a0\u00bbm\u00e8tres lin\u00e9aires de documentation papier;\u00a0\u00bb df_title_bg_bgcolor=\u00a0\u00bbRGBA(255,255,255,0)\u00a0\u00bb cc_button_button_url_new_window=\u00a0\u00bb1&Prime; _builder_version=\u00a0\u00bb4.21.0&Prime; _module_preset=\u00a0\u00bbdefault\u00a0\u00bb cc_title_text_color=\u00a0\u00bb#FFFFFF\u00a0\u00bb cc_title_font_size=\u00a0\u00bb40px\u00a0\u00bb cc_subtitle_font=\u00a0\u00bb||||||||\u00a0\u00bb cc_subtitle_text_color=\u00a0\u00bb#FFFFFF\u00a0\u00bb cc_subtitle_font_size=\u00a0\u00bb16px\u00a0\u00bb global_colors_info=\u00a0\u00bb{}\u00a0\u00bb][\/difl_contentcarouselitem][\/difl_contentcarousel][\/et_pb_column][\/et_pb_row][\/et_pb_section]<\/p>\n","protected":false},"excerpt":{"rendered":"<p>Les ArchivesUne ressource culturelle et strat\u00e9gique Les Archives G\u00e9n\u00e9rales du Mouvement des Focolari ( AGMF ) conservent, parmi les nombreux fonds dans lesquels elles sont r\u00e9parties, les documents papier et multim\u00e9diaconcernant la fondatrice Chiara Lubich (1920-2008), l\u2019histoire du mouvement des Focolaride sa naissance \u00e0 aujourd\u2019hui, son d\u00e9veloppement et sa diffusion dans le monde entier. Le [&hellip;]<\/p>\n","protected":false},"author":1,"featured_media":0,"parent":282552,"menu_order":0,"comment_status":"closed","ping_status":"closed","template":"","meta":{"give_campaign_id":0,"_seopress_robots_primary_cat":"","_seopress_titles_title":"","_seopress_titles_desc":"","_seopress_robots_index":"","_et_pb_use_builder":"on","_et_pb_old_content":"","_et_gb_content_width":"","footnotes":""},"difl_page_category":[],"class_list":["post-284620","page","type-page","status-publish","hentry"],"campaignId":"","_links":{"self":[{"href":"https:\/\/www.focolare.org\/fr\/wp-json\/wp\/v2\/pages\/284620","targetHints":{"allow":["GET"]}}],"collection":[{"href":"https:\/\/www.focolare.org\/fr\/wp-json\/wp\/v2\/pages"}],"about":[{"href":"https:\/\/www.focolare.org\/fr\/wp-json\/wp\/v2\/types\/page"}],"author":[{"embeddable":true,"href":"https:\/\/www.focolare.org\/fr\/wp-json\/wp\/v2\/users\/1"}],"replies":[{"embeddable":true,"href":"https:\/\/www.focolare.org\/fr\/wp-json\/wp\/v2\/comments?post=284620"}],"version-history":[{"count":2,"href":"https:\/\/www.focolare.org\/fr\/wp-json\/wp\/v2\/pages\/284620\/revisions"}],"predecessor-version":[{"id":399344,"href":"https:\/\/www.focolare.org\/fr\/wp-json\/wp\/v2\/pages\/284620\/revisions\/399344"}],"up":[{"embeddable":true,"href":"https:\/\/www.focolare.org\/fr\/wp-json\/wp\/v2\/pages\/282552"}],"wp:attachment":[{"href":"https:\/\/www.focolare.org\/fr\/wp-json\/wp\/v2\/media?parent=284620"}],"wp:term":[{"taxonomy":"difl_page_category","embeddable":true,"href":"https:\/\/www.focolare.org\/fr\/wp-json\/wp\/v2\/difl_page_category?post=284620"}],"curies":[{"name":"wp","href":"https:\/\/api.w.org\/{rel}","templated":true}]}}