{"id":357294,"date":"2024-06-28T11:05:45","date_gmt":"2024-06-28T09:05:45","guid":{"rendered":"https:\/\/www.focolare.org\/revue-ekklesia\/"},"modified":"2025-10-09T12:00:37","modified_gmt":"2025-10-09T10:00:37","slug":"revue-ekklesia","status":"publish","type":"page","link":"https:\/\/www.focolare.org\/fr\/revue-ekklesia\/","title":{"rendered":"Revue Ekkles\u00eda"},"content":{"rendered":"<p>[et_pb_section fb_built=\u00a0\u00bb1&Prime; custom_padding_last_edited=\u00a0\u00bbon|phone\u00a0\u00bb _builder_version=\u00a0\u00bb4.26.0&Prime; _module_preset=\u00a0\u00bbdefault\u00a0\u00bb background_enable_color=\u00a0\u00bboff\u00a0\u00bb background_image=\u00a0\u00bbhttps:\/\/www.focolare.org\/wp-content\/uploads\/2024\/07\/Rivista-Ekklesia-IT.jpg\u00a0\u00bb width=\u00a0\u00bb100%\u00a0\u00bb max_width=\u00a0\u00bb100%\u00a0\u00bb min_height=\u00a0\u00bb600px\u00a0\u00bb min_height_tablet=\u00a0\u00bb600px\u00a0\u00bb min_height_phone=\u00a0\u00bb600px\u00a0\u00bb min_height_last_edited=\u00a0\u00bbon|phone\u00a0\u00bb height=\u00a0\u00bb600px\u00a0\u00bb height_tablet=\u00a0\u00bb600px\u00a0\u00bb height_phone=\u00a0\u00bb600px\u00a0\u00bb height_last_edited=\u00a0\u00bbon|phone\u00a0\u00bb max_height=\u00a0\u00bb600px\u00a0\u00bb custom_margin=\u00a0\u00bb0px||0px||false|false\u00a0\u00bb custom_margin_tablet=\u00a0\u00bb0px||0px||false|false\u00a0\u00bb custom_margin_phone=\u00a0\u00bb||0px||false|false\u00a0\u00bb custom_margin_last_edited=\u00a0\u00bbon|phone\u00a0\u00bb custom_padding=\u00a0\u00bb0px||0px||true|false\u00a0\u00bb custom_padding_tablet=\u00a0\u00bb10%||10%||true|false\u00a0\u00bb custom_padding_phone=\u00a0\u00bb20%||20%||true|false\u00a0\u00bb bottom_divider_color=\u00a0\u00bb#3FA3D6&Prime; bottom_divider_repeat=\u00a0\u00bb1x\u00a0\u00bb bottom_divider_flip=\u00a0\u00bbhorizontal\u00a0\u00bb locked=\u00a0\u00bboff\u00a0\u00bb global_colors_info=\u00a0\u00bb{}\u00a0\u00bb][et_pb_row _builder_version=\u00a0\u00bb4.21.0&Prime; _module_preset=\u00a0\u00bbdefault\u00a0\u00bb global_colors_info=\u00a0\u00bb{}\u00a0\u00bb][et_pb_column type=\u00a0\u00bb4_4&Prime; _builder_version=\u00a0\u00bb4.21.0&Prime; _module_preset=\u00a0\u00bbdefault\u00a0\u00bb global_colors_info=\u00a0\u00bb{}\u00a0\u00bb][\/et_pb_column][\/et_pb_row][\/et_pb_section][et_pb_section fb_built=\u00a0\u00bb1&Prime; custom_padding_last_edited=\u00a0\u00bbon|phone\u00a0\u00bb _builder_version=\u00a0\u00bb4.21.0&Prime; _module_preset=\u00a0\u00bbdefault\u00a0\u00bb custom_margin=\u00a0\u00bb||||false|false\u00a0\u00bb custom_padding=\u00a0\u00bb||3%||false|false\u00a0\u00bb custom_padding_tablet=\u00a0\u00bb||4%||false|false\u00a0\u00bb custom_padding_phone=\u00a0\u00bb||20%||false|false\u00a0\u00bb top_divider_style=\u00a0\u00bbramp\u00a0\u00bb top_divider_color=\u00a0\u00bb#3FA3D6&Prime; top_divider_height=\u00a0\u00bb150px\u00a0\u00bb top_divider_repeat=\u00a0\u00bb1x\u00a0\u00bb top_divider_flip=\u00a0\u00bbhorizontal\u00a0\u00bb bottom_divider_style=\u00a0\u00bbramp\u00a0\u00bb bottom_divider_color=\u00a0\u00bb#FFB300&Prime; bottom_divider_height=\u00a0\u00bb150px\u00a0\u00bb bottom_divider_repeat=\u00a0\u00bb1x\u00a0\u00bb bottom_divider_flip=\u00a0\u00bbhorizontal\u00a0\u00bb locked=\u00a0\u00bboff\u00a0\u00bb global_colors_info=\u00a0\u00bb{}\u00a0\u00bb][et_pb_row _builder_version=\u00a0\u00bb4.21.0&Prime; _module_preset=\u00a0\u00bbdefault\u00a0\u00bb custom_margin=\u00a0\u00bb0px||0px||false|false\u00a0\u00bb custom_margin_tablet=\u00a0\u00bb0px||0px||false|false\u00a0\u00bb custom_margin_phone=\u00a0\u00bb-5%||||false|false\u00a0\u00bb custom_margin_last_edited=\u00a0\u00bbon|phone\u00a0\u00bb custom_padding=\u00a0\u00bb0px||0px||false|false\u00a0\u00bb global_colors_info=\u00a0\u00bb{}\u00a0\u00bb][et_pb_column type=\u00a0\u00bb4_4&Prime; _builder_version=\u00a0\u00bb4.21.0&Prime; _module_preset=\u00a0\u00bbdefault\u00a0\u00bb global_colors_info=\u00a0\u00bb{}\u00a0\u00bb][et_pb_text _builder_version=\u00a0\u00bb4.25.2&Prime; _module_preset=\u00a0\u00bbdefault\u00a0\u00bb header_font=\u00a0\u00bb|600|||||||\u00a0\u00bb header_text_align=\u00a0\u00bbcenter\u00a0\u00bb header_text_color=\u00a0\u00bb#FFFFFF\u00a0\u00bb header_font_size=\u00a0\u00bb40px\u00a0\u00bb custom_margin=\u00a0\u00bb||3%||false|false\u00a0\u00bb custom_margin_tablet=\u00a0\u00bb||0px||false|false\u00a0\u00bb custom_margin_phone=\u00a0\u00bb||||false|false\u00a0\u00bb custom_margin_last_edited=\u00a0\u00bbon|phone\u00a0\u00bb custom_padding=\u00a0\u00bb||||false|false\u00a0\u00bb global_colors_info=\u00a0\u00bb{}\u00a0\u00bb]<\/p>\n<h1>Revue <em>Ekkles\u00eda<\/em><\/h1>\n<p>[\/et_pb_text][\/et_pb_column][\/et_pb_row][\/et_pb_section][et_pb_section fb_built=\u00a0\u00bb1&Prime; _builder_version=\u00a0\u00bb4.20.2&Prime; _module_preset=\u00a0\u00bbdefault\u00a0\u00bb global_colors_info=\u00a0\u00bb{}\u00a0\u00bb][et_pb_row column_structure=\u00a0\u00bb1_2,1_2&Prime; use_custom_gutter=\u00a0\u00bbon\u00a0\u00bb _builder_version=\u00a0\u00bb4.20.2&Prime; _module_preset=\u00a0\u00bbdefault\u00a0\u00bb max_width=\u00a0\u00bb80%\u00a0\u00bb global_colors_info=\u00a0\u00bb{}\u00a0\u00bb][et_pb_column type=\u00a0\u00bb1_2&Prime; _builder_version=\u00a0\u00bb4.20.2&Prime; _module_preset=\u00a0\u00bbdefault\u00a0\u00bb global_colors_info=\u00a0\u00bb{}\u00a0\u00bb][et_pb_text quote_border_color=\u00a0\u00bb#FFB300&Prime; _builder_version=\u00a0\u00bb4.27.4&Prime; _module_preset=\u00a0\u00bbdefault\u00a0\u00bb quote_text_color=\u00a0\u00bb#3FA3D6&Prime; hover_enabled=\u00a0\u00bb0&Prime; global_colors_info=\u00a0\u00bb{}\u00a0\u00bb sticky_enabled=\u00a0\u00bb0&Prime;]<\/p>\n<div class=\"et_pb_module et_pb_text et_pb_text_4 et_pb_text_align_left et_pb_bg_layout_light\">\n<div class=\"et_pb_text_inner\">\n<p><em><br \/>\n  <strong>Ekkles\u00eda<\/strong><br \/>\n<\/em>, revue trimestrielle, est n\u00e9e comme une <em>source d&rsquo;inspiration, un outil de formation et une aide \u00e0 l&rsquo;actio<\/em>n pour ceux qui sont engag\u00e9s \u00e0 divers titres dans la vie de l&rsquo;\u00c9glise. Attentive \u00e0 l&rsquo;\u00e9volution des temps, elle explore les voies et les possibilit\u00e9s d&rsquo;un style d&rsquo;\u00c9glise dans lequel hommes et femmes, la\u00efcs, pr\u00eatres et personnes consacr\u00e9es, se tournent ensemble vers les autres. Chaque num\u00e9ro s&rsquo;ouvre sur un th\u00e8me qui offre des perspectives et des exp\u00e9riences. Suivent les rubriques <em>Bonnes pratiques<\/em>, <em>T\u00e9moins<\/em>, <em>Chemin synodal<\/em> et <em>\u00c9glise en dialogue<\/em>. Le tout au service d&rsquo;une \u00c9glise unie dans la diversit\u00e9, nourrie de charismes anciens et nouveaux, renouvel\u00e9e par l&rsquo;\u00c9vangile et immerg\u00e9e dans la soci\u00e9t\u00e9, ouverte \u00e0 un dialogue tous azimuts.   <\/p>\n<p><em>Ekkles\u00eda <\/em>est un r\u00e9seau de publications imprim\u00e9es et en ligne. Publi\u00e9e en <a href=\"https:\/\/www.cittanuova.it\/ekklesia-rivista-copertine\/\" target=\"_blank\" rel=\"noopener\">italien par Citt\u00e0 Nuova<\/a>. Il existe des \u00e9ditions en <a href=\"http:\/\/www.ekklesiaonline.org\" target=\"_blank\" rel=\"noopener\">anglais<\/a>, <a href=\"https:\/\/ekklesiaonline.la\/\" target=\"_blank\" rel=\"noopener\">latino-am\u00e9ricaine (espagnol \/ portugais)<\/a>, espagnol, fran\u00e7ais, slov\u00e8ne et <a href=\"https:\/\/nm.sk\/ekklesia\/\" target=\"_blank\" rel=\"noopener\">slovaque<\/a>.<\/p>\n<\/div>\n<\/div>\n<p>[\/et_pb_text][et_pb_text quote_border_color=\u00a0\u00bb#FFB300&Prime; _builder_version=\u00a0\u00bb4.25.2&Prime; _module_preset=\u00a0\u00bbdefault\u00a0\u00bb quote_text_color=\u00a0\u00bb#3FA3D6&Prime; custom_padding=\u00a0\u00bb3%||||false|false\u00a0\u00bb border_color_all=\u00a0\u00bb#3FA3D6&Prime; border_width_top=\u00a0\u00bb1px\u00a0\u00bb global_colors_info=\u00a0\u00bb{}\u00a0\u00bb]<\/p>\n<p><strong>Contatto:<br \/><\/strong><a href=\"mailto:%20ekklesia@cittanuova.it\">ekklesia@cittanuova.it<\/a><\/p>\n<p>[\/et_pb_text][\/et_pb_column][et_pb_column type=\u00a0\u00bb1_2&Prime; _builder_version=\u00a0\u00bb4.20.2&Prime; _module_preset=\u00a0\u00bbdefault\u00a0\u00bb global_colors_info=\u00a0\u00bb{}\u00a0\u00bb][et_pb_image src=\u00a0\u00bbhttps:\/\/www.focolare.org\/wp-content\/uploads\/2024\/06\/Ekk-combinata.jpg\u00a0\u00bb title_text=\u00a0\u00bbEkk-combinata\u00a0\u00bb _builder_version=\u00a0\u00bb4.25.2&Prime; _module_preset=\u00a0\u00bbdefault\u00a0\u00bb global_colors_info=\u00a0\u00bb{}\u00a0\u00bb][\/et_pb_image][\/et_pb_column][\/et_pb_row][\/et_pb_section]<\/p>\n","protected":false},"excerpt":{"rendered":"<p>Revue Ekkles\u00eda Ekkles\u00eda , revue trimestrielle, est n\u00e9e comme une source d&rsquo;inspiration, un outil de formation et une aide \u00e0 l&rsquo;action pour ceux qui sont engag\u00e9s \u00e0 divers titres dans la vie de l&rsquo;\u00c9glise. Attentive \u00e0 l&rsquo;\u00e9volution des temps, elle explore les voies et les possibilit\u00e9s d&rsquo;un style d&rsquo;\u00c9glise dans lequel hommes et femmes, la\u00efcs, [&hellip;]<\/p>\n","protected":false},"author":34,"featured_media":0,"parent":0,"menu_order":0,"comment_status":"closed","ping_status":"closed","template":"","meta":{"give_campaign_id":0,"_seopress_robots_primary_cat":"","_seopress_titles_title":"","_seopress_titles_desc":"","_seopress_robots_index":"","_et_pb_use_builder":"on","_et_pb_old_content":"","_et_gb_content_width":"","footnotes":""},"difl_page_category":[],"class_list":["post-357294","page","type-page","status-publish","hentry"],"campaignId":"","_links":{"self":[{"href":"https:\/\/www.focolare.org\/fr\/wp-json\/wp\/v2\/pages\/357294","targetHints":{"allow":["GET"]}}],"collection":[{"href":"https:\/\/www.focolare.org\/fr\/wp-json\/wp\/v2\/pages"}],"about":[{"href":"https:\/\/www.focolare.org\/fr\/wp-json\/wp\/v2\/types\/page"}],"author":[{"embeddable":true,"href":"https:\/\/www.focolare.org\/fr\/wp-json\/wp\/v2\/users\/34"}],"replies":[{"embeddable":true,"href":"https:\/\/www.focolare.org\/fr\/wp-json\/wp\/v2\/comments?post=357294"}],"version-history":[{"count":3,"href":"https:\/\/www.focolare.org\/fr\/wp-json\/wp\/v2\/pages\/357294\/revisions"}],"predecessor-version":[{"id":388670,"href":"https:\/\/www.focolare.org\/fr\/wp-json\/wp\/v2\/pages\/357294\/revisions\/388670"}],"wp:attachment":[{"href":"https:\/\/www.focolare.org\/fr\/wp-json\/wp\/v2\/media?parent=357294"}],"wp:term":[{"taxonomy":"difl_page_category","embeddable":true,"href":"https:\/\/www.focolare.org\/fr\/wp-json\/wp\/v2\/difl_page_category?post=357294"}],"curies":[{"name":"wp","href":"https:\/\/api.w.org\/{rel}","templated":true}]}}