{"id":359871,"date":"2024-06-25T10:57:21","date_gmt":"2024-06-25T08:57:21","guid":{"rendered":"https:\/\/www.focolare.org\/?page_id=359871"},"modified":"2024-07-13T11:07:06","modified_gmt":"2024-07-13T09:07:06","slug":"politique-en-matiere-de-cookies","status":"publish","type":"page","link":"https:\/\/www.focolare.org\/fr\/politique-en-matiere-de-cookies\/","title":{"rendered":"Politique en mati\u00e8re de cookies"},"content":{"rendered":"\n<p><br><strong>Politique \u00e9largie en mati\u00e8re de cookies<\/strong><\/p>\n\n\n\n<p><em>Informations sur la confidentialit\u00e9 et le traitement des donn\u00e9es personnelles conform\u00e9ment au d\u00e9cret l\u00e9gislatif n\u00b0 196\/2003 (\u00ab\u00a0Code de la vie priv\u00e9e\u00a0\u00bb) articles 13, 23 et 26 tels que modifi\u00e9s ; R\u00e8glement (UE) 2016\/679 (\u00ab\u00a0GDPR\u00a0\u00bb).<\/em><\/p>\n\n\n\n<p><br>Ce site focolare.org utilise des cookies pour aider nos utilisateurs \u00e0 avoir une bonne exp\u00e9rience lorsqu&rsquo;ils naviguent sur le site, ils nous permettent \u00e9galement d&rsquo;am\u00e9liorer notre site.<\/p>\n\n\n\n<p><strong><br>Qu&rsquo;est-ce qu&rsquo;un cookie ?<\/strong><br>Un cookie est un petit fichier dans lequel sont stock\u00e9es certaines informations relatives \u00e0 la navigation des utilisateurs ; il est envoy\u00e9 par les sites web aux terminaux (ordinateurs, tablettes, etc.) des utilisateurs qui acc\u00e8dent au site. Certains cookies sont automatiquement supprim\u00e9s \u00e0 la fin de la session de navigation, tandis que d&rsquo;autres restent stock\u00e9s dans les terminaux, normalement h\u00e9berg\u00e9s dans le navigateur utilis\u00e9 (par exemple Internet Explorer, Mozilla Firefox, Google Chrome, etc.)<\/p>\n\n\n\n<p><br><strong>Types de cookies et dur\u00e9e.<\/strong><br>Nous recherchons r\u00e9guli\u00e8rement des cookies sur notre site web et tenons notre liste de cookies \u00e0 jour. Nous classons les cookies en quatre cat\u00e9gories :<br>&nbsp;&nbsp;&nbsp; &#8211; N\u00e9cessaires : ces cookies sont n\u00e9cessaires au fonctionnement du site et ne peuvent pas \u00eatre d\u00e9sactiv\u00e9s dans nos syst\u00e8mes. Ils ne sont g\u00e9n\u00e9ralement install\u00e9s qu&rsquo;en r\u00e9ponse \u00e0 des actions que vous entreprenez et qui constituent une demande de services, telles que la d\u00e9finition de pr\u00e9f\u00e9rences en mati\u00e8re de confidentialit\u00e9, l&rsquo;acc\u00e8s \u00e0 des formulaires ou leur remplissage, l&rsquo;utilisation d&rsquo;un panier d&rsquo;achat ou l&rsquo;utilisation de services de facturation \u00e9lectronique. Vous pouvez configurer votre navigateur pour qu&rsquo;il bloque ces cookies ou qu&rsquo;il vous en avertisse, mais certaines parties du site ne fonctionneront alors pas. Ces cookies ne stockent aucune information personnelle.<br>-L<em>&lsquo;YSC <\/em>a une dur\u00e9e de vie : la session en cours. Il enregistre un identifiant unique pour conserver des statistiques sur les vid\u00e9os YouTube que l&rsquo;utilisateur a regard\u00e9es.<br>&#8211;<em>wp-wpml_current_language <\/em>a une dur\u00e9e de vie : la session en cours.&nbsp; Ce cookie est utilis\u00e9 pour suivre les pr\u00e9f\u00e9rences linguistiques de l&rsquo;utilisateur.<br><em>-m<\/em>&nbsp; expire 365 jours apr\u00e8s la connexion : D\u00e9finir le fournisseur de services de paiement stripe.com pour traiter les paiements.<br><em>-__stripe_mid <\/em>expire 365 jours apr\u00e8s la connexion<br><em>-__stripe_sid<\/em> a une date d&rsquo;expiration de 1 heure apr\u00e8s la connexion<br><em>-hmt_id <\/em>a une date d&rsquo;expiration de 30 jours apr\u00e8s l&rsquo;acc\u00e8s<br><em>-illow-consent <\/em>a une dur\u00e9e de vie \u00e9gale \u00e0 celle de la session en cours. Ce cookie est utilis\u00e9 pour garder la trace d&rsquo;un consentement donn\u00e9 dans la plateforme.<\/p>\n\n\n\n<p><br><strong>Marketing <\/strong>: ces cookies enregistrent les visites des utilisateurs sur notre site web, les pages qu&rsquo;ils ont visit\u00e9es et les liens qu&rsquo;ils ont suivis. Nous utiliserons ces informations pour rendre notre site web et les notifications qui y sont affich\u00e9es plus pertinents par rapport aux int\u00e9r\u00eats de nos visiteurs.<br><em>-VISITOR_INFO1_LIVE <\/em>Date d&rsquo;expiration : 180 jours Description : Tente d&rsquo;estimer la bande passante de l&rsquo;utilisateur sur les pages contenant des vid\u00e9os YouTube int\u00e9gr\u00e9es.<br>&nbsp;&nbsp;&nbsp; <strong>&#8211; Statistiques <\/strong>Ces cookies nous permettent de compter les visites afin de mesurer et d&rsquo;am\u00e9liorer les performances de notre site. Ils nous aident \u00e0 savoir quelles sont les pages les plus et les moins populaires et \u00e0 voir comment les visiteurs se d\u00e9placent sur le site. Toutes les informations collect\u00e9es par les cookies sont agr\u00e9g\u00e9es et donc anonymes. Si vous n&rsquo;autorisez pas ces cookies, nous ne saurons pas quand vous avez visit\u00e9 notre site.<\/p>\n\n\n\n<p><br>&#8211;<em>sbjs_migrations <\/em>Expiration : Session Description : Garde la trace des migrations de donn\u00e9es entre les diff\u00e9rentes versions de Sourcebuster JS. Cela permet d&rsquo;assurer un fonctionnement harmonieux lors des mises \u00e0 jour de la plateforme.<br>&#8211;<em>sbjs_current_add <\/em>Expiration : Description de la session : enregistre la derni\u00e8re fois que le code Sourcebuster JS a \u00e9t\u00e9 ajout\u00e9 \u00e0 une page Web.<br><em>-sbjs_first_add<\/em> Expiration : Description de la session : Enregistre la premi\u00e8re fois que le code JS de Sourcebuster a \u00e9t\u00e9 ajout\u00e9 \u00e0 une page Web.<br><em>-sbjs_current <\/em>Expiration : Description de la session : enregistre la version actuelle de Sourcebuster JS ex\u00e9cut\u00e9e sur le navigateur. Cela permet de maintenir la fonctionnalit\u00e9.<br><em>-sbjs_first <\/em>Expiration : Description de la session : enregistre la premi\u00e8re fois qu&rsquo;une page Web contenant du code Sourcebuster JS est visit\u00e9e.<br><em>-sbjs_udata <\/em>Expiration : Description de la session : stocke des donn\u00e9es agr\u00e9g\u00e9es sur l&rsquo;activit\u00e9 de navigation de l&rsquo;utilisateur sur les sites Web contenant du code JS Sourcebuster. Il s&rsquo;agit d&rsquo;informations telles que les pages visit\u00e9es, les \u00e9v\u00e9nements r\u00e9alis\u00e9s et le temps pass\u00e9 sur chaque page. Ces donn\u00e9es sont utilis\u00e9es pour am\u00e9liorer la segmentation de l&rsquo;audience et personnaliser l&rsquo;exp\u00e9rience de l&rsquo;utilisateur.<br><em>-sbjs_ session <\/em>Expiration : 1 heure Description : suit vos sessions de navigation sur les sites Web cod\u00e9s en JS de Sourcebuster afin d&rsquo;offrir une exp\u00e9rience utilisateur plus fluide et plus personnalis\u00e9e.<br><em>-tk_or <\/em>Expiration : 400 jours Description : stocke un identifiant anonyme g\u00e9n\u00e9r\u00e9 de mani\u00e8re al\u00e9atoire. Il n&rsquo;est utilis\u00e9 que dans la zone d&rsquo;administration et pour le suivi de l&rsquo;analyse g\u00e9n\u00e9rale.<br><em>-tk_r3d<\/em> Expiration : 3 jours Description : stocke un identifiant anonyme g\u00e9n\u00e9r\u00e9 de mani\u00e8re al\u00e9atoire. Il n&rsquo;est utilis\u00e9 que dans la zone d&rsquo;administration et sert \u00e0 la surveillance de l&rsquo;analyse g\u00e9n\u00e9rale.<br><em>-tk_lr <\/em>Expiration : 365 jours Description : stocke un identifiant anonyme g\u00e9n\u00e9r\u00e9 de mani\u00e8re al\u00e9atoire. Il n&rsquo;est utilis\u00e9 que dans la zone d&rsquo;administration et sert \u00e0 la surveillance de l&rsquo;analyse g\u00e9n\u00e9rale.<\/p>\n\n\n\n<p><strong>&#8211; Pr\u00e9f\u00e9rences<\/strong> : elles sont utilis\u00e9es pour reconna\u00eetre les utilisateurs lorsqu&rsquo;ils reviennent sur notre site web. Cela nous permet de personnaliser notre contenu et de nous souvenir de leurs pr\u00e9f\u00e9rences (par exemple, choix de la langue ou de la r\u00e9gion). Elles ne stockent pas directement d&rsquo;informations personnelles, mais se basent uniquement sur l&rsquo;identification de votre navigateur et de votre appareil Internet.<br><em>-bp_ut_session<\/em> Expiration : 365 jours<br><em>-VISITOR_PRIVACY_METADATA<\/em> Expiration : 180 jours Description : Stocke les pr\u00e9f\u00e9rences de l&rsquo;utilisateur li\u00e9es \u00e0 YouTube.<br>En fonction de votre localisation, vous pourrez vous opposer \u00e0 chaque cat\u00e9gorie de cookies (\u00e0 l&rsquo;exception des cookies n\u00e9cessaires) en cliquant sur \u201c d\u00e9finir les autorisations personnalis\u00e9es\u201d dans la banni\u00e8re cookies de notre site internet.<\/p>\n\n\n\n<p><br><strong>Personnes autoris\u00e9es \u00e0 traiter les donn\u00e9es personnelles<\/strong><br>Vos donn\u00e9es personnelles ne seront accessibles qu&rsquo;aux personnes autoris\u00e9es \u00e0 les traiter au sein du Mouvement des Focolari (P.A.F.O.M.). Ces personnes recevront des instructions appropri\u00e9es afin d&rsquo;\u00e9viter la perte, l&rsquo;acc\u00e8s aux donn\u00e9es par des personnes non autoris\u00e9es ou le traitement non autoris\u00e9 des donn\u00e9es.<br>En outre, vos donn\u00e9es peuvent \u00eatre trait\u00e9es par des soci\u00e9t\u00e9s qui effectuent des activit\u00e9s de nature technique et organisationnelle li\u00e9es \u00e0 la gestion du site web, au nom de P.A.F.O.M. en tant que responsables du traitement des donn\u00e9es. Ces soci\u00e9t\u00e9s ont sign\u00e9 un contrat sp\u00e9cial qui r\u00e9glemente en d\u00e9tail le traitement qui leur est confi\u00e9 et leurs obligations en mati\u00e8re de protection des donn\u00e9es.<br>La liste actualis\u00e9e des personnes autoris\u00e9es \u00e0 traiter les donn\u00e9es est disponible en contactant le Responsable de la protection des donn\u00e9es \u00e0 l&rsquo;adresse <a href=\"mailto:privacy@focolare.org\">privacy@focolare.org<\/a>.<\/p>\n\n\n\n<p><br><strong>Droits accord\u00e9s \u00e0 l&rsquo;utilisateur<\/strong><br>Le R\u00e8glement UE 2016\/679 (articles 15 \u00e0 23) accorde aux personnes concern\u00e9es, dans certaines circonstances, l&rsquo;exercice de droits sp\u00e9cifiques. En particulier, en ce qui concerne le traitement de vos donn\u00e9es personnelles, vous avez le droit de demander au Mouvement des Focolari (P.A.F.O.M.) l&rsquo;acc\u00e8s, la rectification, l&rsquo;effacement, la portabilit\u00e9, la limitation et l&rsquo;opposition au traitement.<br>&nbsp;<br>En outre, vous pouvez introduire une r\u00e9clamation aupr\u00e8s de l&rsquo;Autorit\u00e9 de Contr\u00f4le qui, en Italie, est le Garant de la Protection des Donn\u00e9es Personnelles.<br>\u00c0 tout moment, pour exercer vos droits, vous pouvez contacter le Responsable de la Protection des donn\u00e9es en envoyant une demande \u00e0 <a href=\"mailto:privacy@focolare.org\">privacy@focolare.org<\/a>.<\/p>\n\n\n\n<p><br><strong>D\u00e9sactivation des cookies par le biais des param\u00e8tres personnalis\u00e9s<\/strong><br>Vous pouvez accorder, modifier ou r\u00e9voquer votre consentement en cliquant sur \u201cD\u00e9finir les autorisations personnalis\u00e9es\u201dou sur l&rsquo;ic\u00f4ne du cercle flottant. Vos choix seront appliqu\u00e9s \u00e0 tous nos sous-domaines, garantissant ainsi une exp\u00e9rience de navigation transparente et respectueuse de la vie priv\u00e9e.<br>\u00c9tant donn\u00e9 que l&rsquo;installation de cookies et d&rsquo;autres syst\u00e8mes de suivi par des tiers par le biais des services utilis\u00e9s dans cet espace en ligne ne peut \u00eatre techniquement contr\u00f4l\u00e9e par le Titulaire du Traitement, toute r\u00e9f\u00e9rence sp\u00e9cifique \u00e0 des cookies et \u00e0 des syst\u00e8mes de suivi install\u00e9s par des tiers doit \u00eatre consid\u00e9r\u00e9e comme indicative. Pour une information compl\u00e8te, consultez la politique de confidentialit\u00e9 des services tiers mentionn\u00e9s dans ce document.<br>Le site utilise \u00e9galement des cookies analytiques de tiers (par exemple jetpack) qui, conform\u00e9ment \u00e0 la r\u00e9glementation applicable, ne requi\u00e8rent pas le consentement de l&rsquo;utilisateur car P.A.F.O.M. a (i) adopt\u00e9 des instruments appropri\u00e9s capables de r\u00e9duire le soi-disant \u201cpouvoir d&rsquo;identification\u201d de ces cookies et (ii) sign\u00e9 des accords sp\u00e9cifiques avec les tiers qui se sont engag\u00e9s \u00e0 utiliser les informations collect\u00e9es uniquement dans le but de fournir \u00e0 P.A.F.O.M. des informations statistiques sur l&rsquo;utilisation du site.<br>&nbsp;<br>6 juillet 2024<br><br><br><\/p>\n","protected":false},"excerpt":{"rendered":"<p>Politique \u00e9largie en mati\u00e8re de cookies Informations sur la confidentialit\u00e9 et le traitement des donn\u00e9es personnelles conform\u00e9ment au d\u00e9cret l\u00e9gislatif n\u00b0 196\/2003 (\u00ab\u00a0Code de la vie priv\u00e9e\u00a0\u00bb) articles 13, 23 et 26 tels que modifi\u00e9s ; R\u00e8glement (UE) 2016\/679 (\u00ab\u00a0GDPR\u00a0\u00bb). Ce site focolare.org utilise des cookies pour aider nos utilisateurs \u00e0 avoir une bonne exp\u00e9rience [&hellip;]<\/p>\n","protected":false},"author":34,"featured_media":0,"parent":0,"menu_order":0,"comment_status":"closed","ping_status":"closed","template":"","meta":{"give_campaign_id":0,"_seopress_robots_primary_cat":"","_seopress_titles_title":"","_seopress_titles_desc":"","_seopress_robots_index":"","_et_pb_use_builder":"off","_et_pb_old_content":"","_et_gb_content_width":"","footnotes":""},"difl_page_category":[],"class_list":["post-359871","page","type-page","status-publish","hentry"],"campaignId":"","_links":{"self":[{"href":"https:\/\/www.focolare.org\/fr\/wp-json\/wp\/v2\/pages\/359871","targetHints":{"allow":["GET"]}}],"collection":[{"href":"https:\/\/www.focolare.org\/fr\/wp-json\/wp\/v2\/pages"}],"about":[{"href":"https:\/\/www.focolare.org\/fr\/wp-json\/wp\/v2\/types\/page"}],"author":[{"embeddable":true,"href":"https:\/\/www.focolare.org\/fr\/wp-json\/wp\/v2\/users\/34"}],"replies":[{"embeddable":true,"href":"https:\/\/www.focolare.org\/fr\/wp-json\/wp\/v2\/comments?post=359871"}],"version-history":[{"count":0,"href":"https:\/\/www.focolare.org\/fr\/wp-json\/wp\/v2\/pages\/359871\/revisions"}],"wp:attachment":[{"href":"https:\/\/www.focolare.org\/fr\/wp-json\/wp\/v2\/media?parent=359871"}],"wp:term":[{"taxonomy":"difl_page_category","embeddable":true,"href":"https:\/\/www.focolare.org\/fr\/wp-json\/wp\/v2\/difl_page_category?post=359871"}],"curies":[{"name":"wp","href":"https:\/\/api.w.org\/{rel}","templated":true}]}}