{"id":360057,"date":"2024-06-26T11:08:07","date_gmt":"2024-06-26T09:08:07","guid":{"rendered":"https:\/\/www.focolare.org\/charismes-pour-lunite\/"},"modified":"2025-10-08T16:56:49","modified_gmt":"2025-10-08T14:56:49","slug":"charismes-pour-lunite","status":"publish","type":"page","link":"https:\/\/www.focolare.org\/fr\/charismes-pour-lunite\/","title":{"rendered":"Charismes pour l&rsquo;Unit\u00e9"},"content":{"rendered":"<p>[et_pb_section fb_built=\u00a0\u00bb1&Prime; custom_padding_last_edited=\u00a0\u00bbon|phone\u00a0\u00bb _builder_version=\u00a0\u00bb4.25.2&Prime; _module_preset=\u00a0\u00bbdefault\u00a0\u00bb background_enable_color=\u00a0\u00bboff\u00a0\u00bb background_image=\u00a0\u00bbhttps:\/\/www.focolare.org\/wp-content\/uploads\/2024\/06\/Carismixunita.jpg\u00a0\u00bb width=\u00a0\u00bb100%\u00a0\u00bb max_width=\u00a0\u00bb100%\u00a0\u00bb min_height=\u00a0\u00bb600px\u00a0\u00bb min_height_tablet=\u00a0\u00bb600px\u00a0\u00bb min_height_phone=\u00a0\u00bb600px\u00a0\u00bb min_height_last_edited=\u00a0\u00bbon|phone\u00a0\u00bb height=\u00a0\u00bb600px\u00a0\u00bb height_tablet=\u00a0\u00bb600px\u00a0\u00bb height_phone=\u00a0\u00bb600px\u00a0\u00bb height_last_edited=\u00a0\u00bbon|phone\u00a0\u00bb max_height=\u00a0\u00bb600px\u00a0\u00bb custom_margin=\u00a0\u00bb0px||0px||false|false\u00a0\u00bb custom_margin_tablet=\u00a0\u00bb0px||0px||false|false\u00a0\u00bb custom_margin_phone=\u00a0\u00bb||0px||false|false\u00a0\u00bb custom_margin_last_edited=\u00a0\u00bbon|phone\u00a0\u00bb custom_padding=\u00a0\u00bb0px||0px||true|false\u00a0\u00bb custom_padding_tablet=\u00a0\u00bb10%||10%||true|false\u00a0\u00bb custom_padding_phone=\u00a0\u00bb20%||20%||true|false\u00a0\u00bb bottom_divider_color=\u00a0\u00bb#3FA3D6&Prime; bottom_divider_repeat=\u00a0\u00bb1x\u00a0\u00bb bottom_divider_flip=\u00a0\u00bbhorizontal\u00a0\u00bb locked=\u00a0\u00bboff\u00a0\u00bb global_colors_info=\u00a0\u00bb{}\u00a0\u00bb][et_pb_row _builder_version=\u00a0\u00bb4.21.0&Prime; _module_preset=\u00a0\u00bbdefault\u00a0\u00bb global_colors_info=\u00a0\u00bb{}\u00a0\u00bb][et_pb_column type=\u00a0\u00bb4_4&Prime; _builder_version=\u00a0\u00bb4.21.0&Prime; _module_preset=\u00a0\u00bbdefault\u00a0\u00bb global_colors_info=\u00a0\u00bb{}\u00a0\u00bb][\/et_pb_column][\/et_pb_row][\/et_pb_section][et_pb_section fb_built=\u00a0\u00bb1&Prime; custom_padding_last_edited=\u00a0\u00bbon|phone\u00a0\u00bb _builder_version=\u00a0\u00bb4.21.0&Prime; _module_preset=\u00a0\u00bbdefault\u00a0\u00bb custom_margin=\u00a0\u00bb||||false|false\u00a0\u00bb custom_padding=\u00a0\u00bb||3%||false|false\u00a0\u00bb custom_padding_tablet=\u00a0\u00bb||4%||false|false\u00a0\u00bb custom_padding_phone=\u00a0\u00bb||20%||false|false\u00a0\u00bb top_divider_style=\u00a0\u00bbramp\u00a0\u00bb top_divider_color=\u00a0\u00bb#3FA3D6&Prime; top_divider_height=\u00a0\u00bb150px\u00a0\u00bb top_divider_repeat=\u00a0\u00bb1x\u00a0\u00bb top_divider_flip=\u00a0\u00bbhorizontal\u00a0\u00bb bottom_divider_style=\u00a0\u00bbramp\u00a0\u00bb bottom_divider_color=\u00a0\u00bb#FFB300&Prime; bottom_divider_height=\u00a0\u00bb150px\u00a0\u00bb bottom_divider_repeat=\u00a0\u00bb1x\u00a0\u00bb bottom_divider_flip=\u00a0\u00bbhorizontal\u00a0\u00bb locked=\u00a0\u00bboff\u00a0\u00bb global_colors_info=\u00a0\u00bb{}\u00a0\u00bb][et_pb_row _builder_version=\u00a0\u00bb4.21.0&Prime; _module_preset=\u00a0\u00bbdefault\u00a0\u00bb custom_margin=\u00a0\u00bb0px||0px||false|false\u00a0\u00bb custom_margin_tablet=\u00a0\u00bb0px||0px||false|false\u00a0\u00bb custom_margin_phone=\u00a0\u00bb-5%||||false|false\u00a0\u00bb custom_margin_last_edited=\u00a0\u00bbon|phone\u00a0\u00bb custom_padding=\u00a0\u00bb0px||0px||false|false\u00a0\u00bb global_colors_info=\u00a0\u00bb{}\u00a0\u00bb][et_pb_column type=\u00a0\u00bb4_4&Prime; _builder_version=\u00a0\u00bb4.21.0&Prime; _module_preset=\u00a0\u00bbdefault\u00a0\u00bb global_colors_info=\u00a0\u00bb{}\u00a0\u00bb][et_pb_text _builder_version=\u00a0\u00bb4.25.2&Prime; _module_preset=\u00a0\u00bbdefault\u00a0\u00bb header_font=\u00a0\u00bb|600|||||||\u00a0\u00bb header_text_align=\u00a0\u00bbcenter\u00a0\u00bb header_text_color=\u00a0\u00bb#FFFFFF\u00a0\u00bb header_font_size=\u00a0\u00bb40px\u00a0\u00bb custom_margin=\u00a0\u00bb||3%||false|false\u00a0\u00bb custom_margin_tablet=\u00a0\u00bb||0px||false|false\u00a0\u00bb custom_margin_phone=\u00a0\u00bb||||false|false\u00a0\u00bb custom_margin_last_edited=\u00a0\u00bbon|phone\u00a0\u00bb custom_padding=\u00a0\u00bb||||false|false\u00a0\u00bb global_colors_info=\u00a0\u00bb{}\u00a0\u00bb]<\/p>\n<h1>Charismes pour l&rsquo;Unit\u00e9<\/h1>\n<p>[\/et_pb_text][\/et_pb_column][\/et_pb_row][\/et_pb_section][et_pb_section fb_built=\u00a0\u00bb1&Prime; _builder_version=\u00a0\u00bb4.20.2&Prime; _module_preset=\u00a0\u00bbdefault\u00a0\u00bb global_colors_info=\u00a0\u00bb{}\u00a0\u00bb][et_pb_row column_structure=\u00a0\u00bb1_2,1_2&Prime; use_custom_gutter=\u00a0\u00bbon\u00a0\u00bb _builder_version=\u00a0\u00bb4.20.2&Prime; _module_preset=\u00a0\u00bbdefault\u00a0\u00bb max_width=\u00a0\u00bb80%\u00a0\u00bb global_colors_info=\u00a0\u00bb{}\u00a0\u00bb][et_pb_column type=\u00a0\u00bb1_2&Prime; _builder_version=\u00a0\u00bb4.20.2&Prime; _module_preset=\u00a0\u00bbdefault\u00a0\u00bb global_colors_info=\u00a0\u00bb{}\u00a0\u00bb][et_pb_text quote_border_color=\u00a0\u00bb#FFB300&Prime; _builder_version=\u00a0\u00bb4.27.4&Prime; _module_preset=\u00a0\u00bbdefault\u00a0\u00bb quote_text_color=\u00a0\u00bb#3FA3D6&Prime; hover_enabled=\u00a0\u00bb0&Prime; global_colors_info=\u00a0\u00bb{}\u00a0\u00bb sticky_enabled=\u00a0\u00bb0&Prime;]<\/p>\n<div class=\"et_pb_module et_pb_text et_pb_text_4 et_pb_text_align_left et_pb_bg_layout_light\">\n<div class=\"et_pb_text_inner\">\n<p>Dans un monde fragment\u00e9 et divis\u00e9 comme le n\u00f4tre, le t\u00e9moignage d&rsquo;amour r\u00e9ciproque v\u00e9cu par les consacr\u00e9s et consacr\u00e9es, avec les la\u00efcs qui partagent leurs charismes respectifs, se veut une contribution \u00e0 la r\u00e9alisation de la fraternit\u00e9 universelle, avec cette intuition sp\u00e9cifique qu&rsquo;ont eue en leur temps les fondateurs et fondatrices des familles charismatiques (Ordres et Instituts religieux).<\/p>\n<p>Les consacr\u00e9es et consacr\u00e9s, heureusement d\u00e9finis comme \u00ab\u00a0experts en communion\u00a0\u00bb,(1) se sont sentis appel\u00e9s \u00e0 partager et \u00e0 t\u00e9moigner de leurs charismes respectifs, avec de nombreux la\u00efcs, et \u00e0 poursuivre avec eux le dialogue de la vie avec tous, en cultivant une sensibilit\u00e9 particuli\u00e8re \u00e0 l&rsquo;\u0153cum\u00e9nisme, aux relations interreligieuses, mais aussi aux personnes de convictions diff\u00e9rentes et aux diverses manifestations de la culture contemporaine.<\/p>\n<p>La nature du signe qui caract\u00e9rise la vie consacr\u00e9e dans le parcours historique du peuple de Dieu, la place de mani\u00e8re privil\u00e9gi\u00e9e dans la ligne de la proph\u00e9tie \u00e9vang\u00e9lique. Le Pape Fran\u00e7ois a dit aux jeunes : \u00ab La vie consacr\u00e9e peut \u00eatre st\u00e9rile si elle n&rsquo;est pas proph\u00e9tique, si elle ne se permet pas de r\u00eaver \u00bb.(2) La proph\u00e9tie, en effet, agit dans les fid\u00e8les et transforme leurs c\u0153urs, donnant vie \u00e0 une humanit\u00e9 int\u00e9gr\u00e9e, o\u00f9 l&rsquo;humain et le divin se rejoignent et s&rsquo;expriment comme une &lsquo;nouvelle humanit\u00e9&rsquo;.<\/p>\n<p><strong><span style=\"color: #993300;\">L&rsquo;objectif sp\u00e9cifique du MC4U<\/span> <\/strong><\/p>\n<p>Le <strong>Mouvement <\/strong><strong>&lsquo;<\/strong><strong>Charismes pour l&rsquo;Unit\u00e9<\/strong><strong>&lsquo; <\/strong><strong>(MC4U)<\/strong> a pour but de promouvoir des initiatives comme journ\u00e9es d&rsquo;\u00e9tude, de discussion et de t\u00e9moignage, en organisant des conf\u00e9rences, des semaines de spiritualit\u00e9, des cours de recyclage, des symposiums, etc. qui s&rsquo;inspirent de la spiritualit\u00e9 de l&rsquo;unit\u00e9, d\u00e9finie par Saint Jean Paul II comme une spiritualit\u00e9 de communion(3), et d&rsquo;offrir leur contribution \u00e0 l&rsquo;eccl\u00e9siologie synodale.<\/p>\n<p><strong><span style=\"color: #993300;\">Fonctionnement du MC4U<\/span> <\/strong><\/p>\n<p>Le MC4U est donc compris comme une r\u00e9alit\u00e9 qui propose aux consacr\u00e9es et consacr\u00e9s, aux la\u00efcs li\u00e9s \u00e0 un charisme et aux familles charismatiques elles-m\u00eames, un chemin de communion, un chemin de relations trinitaires, la proposition concr\u00e8te de pouvoir devenir saints ensemble ; c&rsquo;est une nouvelle orientation qui agit dans deux directions : vers l&rsquo;\u00c9glise et vers l&rsquo;humanit\u00e9.<\/p>\n<p style=\"padding-left: 40px;\"><span style=\"font-size: medium;\"><strong><em>&#8211; Vers l&rsquo;Eglise<\/em><\/strong>, le MC4U vise, \u00e0 travers la communion entre les charismes &#8211; c&rsquo;est-\u00e0-dire la relation entre les familles religieuses &#8211; et avec les autres composantes eccl\u00e9siales, \u00e0 rendre visible le Corps mystique du Christ, compris comme le \u00ab\u00a0Christ d\u00e9ploy\u00e9 au cours des si\u00e8cles\u00a0\u00bb, \u00ab\u00a0un Evangile vivant\u00a0\u00bb &#8211; pour reprendre les expressions de Chiara Lubich &#8211; et \u00e0 mieux mettre en valeur le \u00ab\u00a0profil marial\u00a0\u00bb de l&rsquo;Eglise &#8211; comme l&rsquo;affirme H. U. von Balthasar. U. von Balthasar.<\/span><\/p>\n<p style=\"padding-left: 40px;\"><span style=\"font-size: medium;\"><strong><em>&#8211; Vers l<\/em><em>\u2019<\/em><em>humanit<\/em><em>\u00e9<\/em><\/strong>. Le MC4U aide les familles charismatiques \u00e0 se mettre au service des personnes avec cette force transformatrice qui jaillit lorsque les charismes individuels fonctionnent en r\u00e9ciprocit\u00e9.<\/span><\/p>\n<p><strong><span style=\"color: #993300;\">Jeunes religieuses et religieux<\/span> <\/strong><\/p>\n<p>Le MC4U offre aux jeunes approch\u00e9s dans les activit\u00e9s apostoliques propres \u00e0 chaque charisme, ainsi qu&rsquo;aux jeunes religieux et religieuses en formation, l&rsquo;opportunit\u00e9 d&rsquo;exp\u00e9rimenter la beaut\u00e9 des charismes en communion.<\/p>\n<p><span style=\"color: #993300;\"><strong>\u0152cum\u00e9nisme entre les religions et dialogue interreligieux<\/strong><\/span><\/p>\n<p>Le dialogue \u0153cum\u00e9nique entre les personnes consacr\u00e9es de diff\u00e9rentes \u00c9glises est une autre voie que le MC4U entend poursuivre. Le \u00ab Colloque \u0153cum\u00e9nique \u00bb, promu par la CIVCSVA dans le cadre de l&rsquo;Ann\u00e9e de la Vie Consacr\u00e9e (janvier 2015), a soulign\u00e9 la n\u00e9cessit\u00e9 de s&rsquo;engager sur ce front.<\/p>\n<p>La MC4U s&rsquo;engage \u00e0 promouvoir et \u00e0 donner une continuit\u00e9 aux contacts avec les moines d&rsquo;autres traditions religieuses \u00e0 travers un dialogue constant et durable.<\/p>\n<p>&nbsp;<\/p>\n<p>1. Plenaria SCRIS 1978, <em>Religiosi e Promozione umana<\/em>, n. 24<br \/>2. Pape Fran\u00e7ois aux jeunes Consacr\u00e9es et Consacr\u00e9s, \u00c9tat du Vatican, jeudi 17 septembre 2015<br \/>3. Novo Millennium Ineunte, 43<\/p>\n<\/div>\n<\/div>\n<p>[\/et_pb_text][et_pb_text quote_border_color=\u00a0\u00bb#FFB300&Prime; _builder_version=\u00a0\u00bb4.26.1&Prime; _module_preset=\u00a0\u00bbdefault\u00a0\u00bb quote_text_color=\u00a0\u00bb#3FA3D6&Prime; custom_padding=\u00a0\u00bb3%||||false|false\u00a0\u00bb border_color_all=\u00a0\u00bb#3FA3D6&Prime; border_width_top=\u00a0\u00bb1px\u00a0\u00bb global_colors_info=\u00a0\u00bb{}\u00a0\u00bb]<\/p>\n<p><strong>Contact:<\/strong><\/p>\n<p><span style=\"font-size: 16px;\"><\/span>&#8211; <a href=\"mailto:religiosi@focolare.org\" style=\"font-size: 16px;\">religiosi@focolare.org<\/a><\/p>\n<p><span style=\"font-size: 16px;\"><\/span>&#8211; <a href=\"mailto:villa.achillia@focolare.org\" style=\"font-size: 16px;\">villa.achillia@focolare.org<\/a><\/p>\n<p>[\/et_pb_text][\/et_pb_column][et_pb_column type=\u00a0\u00bb1_2&Prime; _builder_version=\u00a0\u00bb4.20.2&Prime; _module_preset=\u00a0\u00bbdefault\u00a0\u00bb global_colors_info=\u00a0\u00bb{}\u00a0\u00bb][et_pb_video src=\u00a0\u00bbhttps:\/\/youtu.be\/0GjRlPMh3qs\u00a0\u00bb _builder_version=\u00a0\u00bb4.25.2&Prime; _module_preset=\u00a0\u00bbdefault\u00a0\u00bb global_colors_info=\u00a0\u00bb{}\u00a0\u00bb][\/et_pb_video][et_pb_text _builder_version=\u00a0\u00bb4.25.2&Prime; _module_preset=\u00a0\u00bbdefault\u00a0\u00bb custom_margin=\u00a0\u00bb-20px||||false|false\u00a0\u00bb custom_padding=\u00a0\u00bb0px||||false|false\u00a0\u00bb global_colors_info=\u00a0\u00bb{}\u00a0\u00bb]<\/p>\n<p style=\"text-align: center;\">Vid\u00e9o en italien. <\/p>\n<p>[\/et_pb_text][et_pb_gallery gallery_ids=\u00a0\u00bb357035,357024,356991,356996,357029,357003&Prime; show_title_and_caption=\u00a0\u00bboff\u00a0\u00bb _builder_version=\u00a0\u00bb4.25.2&Prime; _module_preset=\u00a0\u00bbdefault\u00a0\u00bb global_colors_info=\u00a0\u00bb{}\u00a0\u00bb][\/et_pb_gallery][\/et_pb_column][\/et_pb_row][\/et_pb_section]<\/p>\n","protected":false},"excerpt":{"rendered":"<p>Charismes pour l&rsquo;Unit\u00e9 Dans un monde fragment\u00e9 et divis\u00e9 comme le n\u00f4tre, le t\u00e9moignage d&rsquo;amour r\u00e9ciproque v\u00e9cu par les consacr\u00e9s et consacr\u00e9es, avec les la\u00efcs qui partagent leurs charismes respectifs, se veut une contribution \u00e0 la r\u00e9alisation de la fraternit\u00e9 universelle, avec cette intuition sp\u00e9cifique qu&rsquo;ont eue en leur temps les fondateurs et fondatrices des [&hellip;]<\/p>\n","protected":false},"author":34,"featured_media":0,"parent":0,"menu_order":0,"comment_status":"closed","ping_status":"closed","template":"","meta":{"give_campaign_id":0,"_seopress_robots_primary_cat":"","_seopress_titles_title":"","_seopress_titles_desc":"","_seopress_robots_index":"","_et_pb_use_builder":"on","_et_pb_old_content":"","_et_gb_content_width":"","footnotes":""},"difl_page_category":[],"class_list":["post-360057","page","type-page","status-publish","hentry"],"campaignId":"","_links":{"self":[{"href":"https:\/\/www.focolare.org\/fr\/wp-json\/wp\/v2\/pages\/360057","targetHints":{"allow":["GET"]}}],"collection":[{"href":"https:\/\/www.focolare.org\/fr\/wp-json\/wp\/v2\/pages"}],"about":[{"href":"https:\/\/www.focolare.org\/fr\/wp-json\/wp\/v2\/types\/page"}],"author":[{"embeddable":true,"href":"https:\/\/www.focolare.org\/fr\/wp-json\/wp\/v2\/users\/34"}],"replies":[{"embeddable":true,"href":"https:\/\/www.focolare.org\/fr\/wp-json\/wp\/v2\/comments?post=360057"}],"version-history":[{"count":5,"href":"https:\/\/www.focolare.org\/fr\/wp-json\/wp\/v2\/pages\/360057\/revisions"}],"predecessor-version":[{"id":388614,"href":"https:\/\/www.focolare.org\/fr\/wp-json\/wp\/v2\/pages\/360057\/revisions\/388614"}],"wp:attachment":[{"href":"https:\/\/www.focolare.org\/fr\/wp-json\/wp\/v2\/media?parent=360057"}],"wp:term":[{"taxonomy":"difl_page_category","embeddable":true,"href":"https:\/\/www.focolare.org\/fr\/wp-json\/wp\/v2\/difl_page_category?post=360057"}],"curies":[{"name":"wp","href":"https:\/\/api.w.org\/{rel}","templated":true}]}}