{"id":393704,"date":"2025-10-23T17:01:20","date_gmt":"2025-10-23T15:01:20","guid":{"rendered":"https:\/\/www.focolare.org\/en-dialogue-avec-la-culture-contemporaine\/"},"modified":"2025-12-30T20:41:57","modified_gmt":"2025-12-30T19:41:57","slug":"en-dialogue-avec-la-culture-contemporaine","status":"publish","type":"page","link":"https:\/\/www.focolare.org\/fr\/en-dialogue-avec-la-culture-contemporaine\/","title":{"rendered":"En dialogue avec la culture contemporaine"},"content":{"rendered":"<p>[et_pb_section fb_built=\u00a0\u00bb1&Prime; custom_padding_last_edited=\u00a0\u00bbon|phone\u00a0\u00bb _builder_version=\u00a0\u00bb4.27.4&Prime; _module_preset=\u00a0\u00bbdefault\u00a0\u00bb background_enable_color=\u00a0\u00bboff\u00a0\u00bb background_image=\u00a0\u00bbhttps:\/\/www.focolare.org\/wp-content\/uploads\/2025\/10\/Quinto-dialogo.png\u00a0\u00bb width=\u00a0\u00bb100%\u00a0\u00bb max_width=\u00a0\u00bb100%\u00a0\u00bb min_height=\u00a0\u00bb600px\u00a0\u00bb min_height_tablet=\u00a0\u00bb600px\u00a0\u00bb min_height_phone=\u00a0\u00bb600px\u00a0\u00bb min_height_last_edited=\u00a0\u00bbon|phone\u00a0\u00bb height=\u00a0\u00bb600px\u00a0\u00bb height_tablet=\u00a0\u00bb600px\u00a0\u00bb height_phone=\u00a0\u00bb600px\u00a0\u00bb height_last_edited=\u00a0\u00bbon|phone\u00a0\u00bb max_height=\u00a0\u00bb600px\u00a0\u00bb custom_margin=\u00a0\u00bb0px||0px||false|false\u00a0\u00bb custom_margin_tablet=\u00a0\u00bb0px||0px||false|false\u00a0\u00bb custom_margin_phone=\u00a0\u00bb||0px||false|false\u00a0\u00bb custom_margin_last_edited=\u00a0\u00bbon|phone\u00a0\u00bb custom_padding=\u00a0\u00bb0px||0px||true|false\u00a0\u00bb custom_padding_tablet=\u00a0\u00bb10%||10%||true|false\u00a0\u00bb custom_padding_phone=\u00a0\u00bb20%||20%||true|false\u00a0\u00bb bottom_divider_color=\u00a0\u00bb#3FA3D6&Prime; bottom_divider_repeat=\u00a0\u00bb1x\u00a0\u00bb bottom_divider_flip=\u00a0\u00bbhorizontal\u00a0\u00bb locked=\u00a0\u00bboff\u00a0\u00bb global_colors_info=\u00a0\u00bb{}\u00a0\u00bb][et_pb_row _builder_version=\u00a0\u00bb4.21.0&Prime; _module_preset=\u00a0\u00bbdefault\u00a0\u00bb global_colors_info=\u00a0\u00bb{}\u00a0\u00bb][et_pb_column type=\u00a0\u00bb4_4&Prime; _builder_version=\u00a0\u00bb4.21.0&Prime; _module_preset=\u00a0\u00bbdefault\u00a0\u00bb global_colors_info=\u00a0\u00bb{}\u00a0\u00bb][\/et_pb_column][\/et_pb_row][\/et_pb_section][et_pb_section fb_built=\u00a0\u00bb1&Prime; custom_padding_last_edited=\u00a0\u00bbon|phone\u00a0\u00bb _builder_version=\u00a0\u00bb4.21.0&Prime; _module_preset=\u00a0\u00bbdefault\u00a0\u00bb custom_margin=\u00a0\u00bb||||false|false\u00a0\u00bb custom_padding=\u00a0\u00bb||3%||false|false\u00a0\u00bb custom_padding_tablet=\u00a0\u00bb||4%||false|false\u00a0\u00bb custom_padding_phone=\u00a0\u00bb||20%||false|false\u00a0\u00bb top_divider_style=\u00a0\u00bbramp\u00a0\u00bb top_divider_color=\u00a0\u00bb#3FA3D6&Prime; top_divider_height=\u00a0\u00bb150px\u00a0\u00bb top_divider_repeat=\u00a0\u00bb1x\u00a0\u00bb top_divider_flip=\u00a0\u00bbhorizontal\u00a0\u00bb bottom_divider_style=\u00a0\u00bbramp\u00a0\u00bb bottom_divider_color=\u00a0\u00bb#FFB300&Prime; bottom_divider_height=\u00a0\u00bb150px\u00a0\u00bb bottom_divider_repeat=\u00a0\u00bb1x\u00a0\u00bb bottom_divider_flip=\u00a0\u00bbhorizontal\u00a0\u00bb locked=\u00a0\u00bboff\u00a0\u00bb global_colors_info=\u00a0\u00bb{}\u00a0\u00bb][et_pb_row _builder_version=\u00a0\u00bb4.21.0&Prime; _module_preset=\u00a0\u00bbdefault\u00a0\u00bb custom_margin=\u00a0\u00bb0px||0px||false|false\u00a0\u00bb custom_margin_tablet=\u00a0\u00bb0px||0px||false|false\u00a0\u00bb custom_margin_phone=\u00a0\u00bb-5%||||false|false\u00a0\u00bb custom_margin_last_edited=\u00a0\u00bbon|phone\u00a0\u00bb custom_padding=\u00a0\u00bb0px||0px||false|false\u00a0\u00bb global_colors_info=\u00a0\u00bb{}\u00a0\u00bb][et_pb_column type=\u00a0\u00bb4_4&Prime; _builder_version=\u00a0\u00bb4.21.0&Prime; _module_preset=\u00a0\u00bbdefault\u00a0\u00bb global_colors_info=\u00a0\u00bb{}\u00a0\u00bb][et_pb_text _builder_version=\u00a0\u00bb4.27.4&Prime; _module_preset=\u00a0\u00bbdefault\u00a0\u00bb header_font=\u00a0\u00bb|600|||||||\u00a0\u00bb header_text_align=\u00a0\u00bbcenter\u00a0\u00bb header_text_color=\u00a0\u00bb#FFFFFF\u00a0\u00bb header_font_size=\u00a0\u00bb40px\u00a0\u00bb custom_margin=\u00a0\u00bb||3%||false|false\u00a0\u00bb custom_margin_tablet=\u00a0\u00bb||0px||false|false\u00a0\u00bb custom_margin_phone=\u00a0\u00bb||||false|false\u00a0\u00bb custom_margin_last_edited=\u00a0\u00bbon|phone\u00a0\u00bb custom_padding=\u00a0\u00bb||||false|false\u00a0\u00bb global_colors_info=\u00a0\u00bb{}\u00a0\u00bb]<\/p>\n<h1>En dialogue avec la culture contemporaine<\/h1>\n<p>[\/et_pb_text][\/et_pb_column][\/et_pb_row][\/et_pb_section][et_pb_section fb_built=\u00a0\u00bb1&Prime; _builder_version=\u00a0\u00bb4.20.2&Prime; _module_preset=\u00a0\u00bbdefault\u00a0\u00bb global_colors_info=\u00a0\u00bb{}\u00a0\u00bb][et_pb_row column_structure=\u00a0\u00bb1_4,1_2,1_4&Prime; use_custom_gutter=\u00a0\u00bbon\u00a0\u00bb _builder_version=\u00a0\u00bb4.27.4&Prime; _module_preset=\u00a0\u00bbdefault\u00a0\u00bb max_width=\u00a0\u00bb80%\u00a0\u00bb global_colors_info=\u00a0\u00bb{}\u00a0\u00bb][et_pb_column type=\u00a0\u00bb1_4&Prime; _builder_version=\u00a0\u00bb4.20.2&Prime; _module_preset=\u00a0\u00bbdefault\u00a0\u00bb global_colors_info=\u00a0\u00bb{}\u00a0\u00bb][et_pb_text _builder_version=\u00a0\u00bb4.27.4&Prime; _module_preset=\u00a0\u00bbdefault\u00a0\u00bb text_font_size=\u00a0\u00bb20px\u00a0\u00bb text_line_height=\u00a0\u00bb1.4em\u00a0\u00bb global_colors_info=\u00a0\u00bb{}\u00a0\u00bb]<\/p>\n<p><span style=\"color: #ff9900;\"><strong>Il est n\u00e9cessaire et urgent de promouvoir une \u00ab culture de l&rsquo;unit\u00e9 \u00bb, une culture de valeurs positives, en mesure de placer au centre des int\u00e9r\u00eats culturels, la personne humaine dans toute sa dignit\u00e9.<\/strong><\/span> <\/p>\n<p>[\/et_pb_text][et_pb_divider _builder_version=\u00a0\u00bb4.27.4&Prime; _module_preset=\u00a0\u00bbdefault\u00a0\u00bb custom_margin=\u00a0\u00bb-20px||||false|false\u00a0\u00bb global_colors_info=\u00a0\u00bb{}\u00a0\u00bb][\/et_pb_divider][et_pb_image src=\u00a0\u00bbhttps:\/\/www.focolare.org\/wp-content\/uploads\/2025\/11\/ArteBallo.jpg\u00a0\u00bb title_text=\u00a0\u00bbArteBallo\u00a0\u00bb _builder_version=\u00a0\u00bb4.27.4&Prime; _module_preset=\u00a0\u00bbdefault\u00a0\u00bb custom_margin=\u00a0\u00bb150px||||false|false\u00a0\u00bb global_colors_info=\u00a0\u00bb{}\u00a0\u00bb][\/et_pb_image][et_pb_text _builder_version=\u00a0\u00bb4.27.4&Prime; _module_preset=\u00a0\u00bbdefault\u00a0\u00bb text_font_size=\u00a0\u00bb14px\u00a0\u00bb custom_margin=\u00a0\u00bb-25px||10px||false|false\u00a0\u00bb global_colors_info=\u00a0\u00bb{}\u00a0\u00bb]<\/p>\n<p><em><strong>Un dialogue avec des personnes du monde de la culture, caract\u00e9ris\u00e9 par la r\u00e9ciprocit\u00e9, qui se d\u00e9ploie dans diff\u00e9rentes disciplines telles que la politique, l&rsquo;art&#8230;<\/strong><\/em><\/p>\n<p>[\/et_pb_text][et_pb_image src=\u00a0\u00bbhttps:\/\/www.focolare.org\/wp-content\/uploads\/2025\/11\/Martigny-2007.jpg\u00a0\u00bb title_text=\u00a0\u00bbMartigny 2007&Prime; _builder_version=\u00a0\u00bb4.27.4&Prime; _module_preset=\u00a0\u00bbdefault\u00a0\u00bb global_colors_info=\u00a0\u00bb{}\u00a0\u00bb][\/et_pb_image][\/et_pb_column][et_pb_column type=\u00a0\u00bb1_2&Prime; _builder_version=\u00a0\u00bb4.20.2&Prime; _module_preset=\u00a0\u00bbdefault\u00a0\u00bb global_colors_info=\u00a0\u00bb{}\u00a0\u00bb][et_pb_text _builder_version=\u00a0\u00bb4.27.4&Prime; _module_preset=\u00a0\u00bbdefault\u00a0\u00bb custom_padding=\u00a0\u00bb3px||50px||false|false\u00a0\u00bb global_colors_info=\u00a0\u00bb{}\u00a0\u00bb]<\/p>\n<p><strong>En dialogue avec la culture contemporaine<\/strong><\/p>\n<p style=\"text-align: justify;\">La crise culturelle que traverse le monde s&rsquo;inscrit dans le contexte d&rsquo;une transition historique vers de nouveaux paradigmes. Elle se caract\u00e9rise par une fragmentation qui touche en particulier la connaissance, les id\u00e9es et la pens\u00e9e : les diff\u00e9rents mondes culturels non seulement n&rsquo;interagissent pas, mais ils s&rsquo;\u00e9vitent, se fr\u00f4lent et m\u00eame s&rsquo;affrontent, d\u00e9clenchant des relations conflictuelles dans le tissu social et au niveau international. Dans ce contexte, il est n\u00e9cessaire et urgent de promouvoir une \u00ab culture de l&rsquo;unit\u00e9 \u00bb, une culture de valeurs positives, en mesure de placer au centre des int\u00e9r\u00eats culturels, la personne humaine dans toute sa dignit\u00e9, avec sa capacit\u00e9 de relation, comme sujet capable de donner au monde un visage et une dynamique plus en accord avec les aspirations des personnes et des peuples.  <\/p>\n<p style=\"text-align: justify;\">Dans ce sc\u00e9nario, s&rsquo;inspirant de la spiritualit\u00e9 de l&rsquo;unit\u00e9 et de la vie qui en d\u00e9coule, des courants de pens\u00e9e s&rsquo;approfondissent et offrent des propositions culturelles bas\u00e9es sur la communion, la fraternit\u00e9, l&rsquo;amour social, l&rsquo;inclusion de tous, etc. Ces lignes de pens\u00e9e sont \u00e0 la base d&rsquo;un dialogue avec des personnes du monde de la culture, caract\u00e9ris\u00e9 par la r\u00e9ciprocit\u00e9, qui se d\u00e9ploie dans diff\u00e9rentes disciplines telles que la politique, l&rsquo;\u00e9conomie, l&rsquo;\u00e9cologie, la p\u00e9dagogie, l&rsquo;art, la communication sociale, la psychologie, la sociologie, la m\u00e9decine, le droit, l&rsquo;architecture, le sport. Ce dialogue est promu par des groupes d&rsquo;\u00e9tude et d&rsquo;\u00e9change universitaires et professionnels, cr\u00e9\u00e9s dans diff\u00e9rents pays, et les lieux de rendez-vous sont des congr\u00e8s, des s\u00e9minaires, des forums, des ateliers, ainsi que l&rsquo;utilisation des moyens de communication disponibles aujourd&rsquo;hui. Le dialogue se poursuit \u00e9galement \u00e0 travers des publications et des contacts personnels avec des acteurs du monde de la culture contemporaine. L&rsquo;objectif est d&rsquo;offrir une richesse d&rsquo;id\u00e9es, de contributions culturelles et d&rsquo;exp\u00e9riences existentielles constructives. Ce dialogue avec la culture contemporaine est ouvert \u00e0 tous ceux qui ressentent l&rsquo;urgence d&rsquo;apporter une r\u00e9ponse fraternelle aux d\u00e9fis d&rsquo;aujourd&rsquo;hui.     <\/p>\n<p style=\"text-align: justify;\"><strong>L&rsquo;art <\/strong>(Clart\u00e9), la <strong>p\u00e9dagogie <\/strong>(<a href=\"http:\/\/www.eduforunity.org\/\" target=\"_blank\" rel=\"noopener\">Edu<\/a>), le <strong>droit <\/strong>(<a href=\"http:\/\/comunionediritto.org\/it\/\" target=\"_blank\" rel=\"noopener\">Commuion et Droit<\/a>), <strong>l&rsquo;\u00e9cologie <\/strong>(<a href=\"https:\/\/www.ecoone.org\/it\/\" target=\"_blank\" rel=\"noopener\">EcoOne<\/a>), <strong>le sport<\/strong> (<a href=\"https:\/\/www.sportmeet.org\/it\/\" target=\"_blank\" rel=\"noopener\">Sportmeet<\/a>), <strong>l&rsquo;\u00e9conomie <\/strong>(<a href=\"https:\/\/www.edc-online.org\/it\/\" target=\"_blank\" rel=\"noopener\">\u00c9conomie de communion-\u00c9dc<\/a>), <strong>la sociologie<\/strong> (Social-One), <strong>la m\u00e9decine<\/strong> (<a href=\"http:\/\/www.healthdialogueculture.org\/it\/\" target=\"_blank\" rel=\"noopener\">Sant\u00e9, Dialogues, Cultures<\/a>), <strong>l\u2019architecture <\/strong>(Dialogues en Architecture), <strong>la politique<\/strong> (<a href=\"http:\/\/www.mppu.org\/it\/\" target=\"_blank\" rel=\"noopener\">Mouvement Politique Pour l\u2019Unit\u00e9 &#8211; MPPU<\/a>), <strong>la psychologie<\/strong> (<a href=\"http:\/\/www.psy-com.org\/it\/\" target=\"_blank\" rel=\"noopener\">Psy-Com<\/a>), <strong>la communication<\/strong> (<a href=\"https:\/\/www.net-one.org\/\" target=\"_blank\" rel=\"noopener\">NetOne<\/a>) sont les secteurs les plus actifs dans le dialogue avec la culture contemporaine au sein du Mouvement des Focolari et sont souvent r\u00e9sum\u00e9s par l&rsquo;expression : <em>Inondations<\/em>.          <\/p>\n<p>[\/et_pb_text][et_pb_text _builder_version=\u00a0\u00bb4.27.4&Prime; _module_preset=\u00a0\u00bbdefault\u00a0\u00bb border_width_top=\u00a0\u00bb3px\u00a0\u00bb border_color_top=\u00a0\u00bb#3FA3D6&Prime; global_colors_info=\u00a0\u00bb{}\u00a0\u00bb]<\/p>\n<p><strong><\/strong><\/p>\n<p><strong>Contacts:<\/strong><\/p>\n<p>Centre pour le dialogue avec la culture<br \/>Via Piave, 15 &#8211; Grottaferrata \u2013 Italie.<br \/>e-mail: <a href=\"mailto:%20segreterieunite.un5d@focolare.org\" target=\"_blank\" rel=\"noopener\">segreterieunite.un5d@focolare.org<\/a><\/p>\n<p>&nbsp;<\/p>\n<p>[\/et_pb_text][\/et_pb_column][et_pb_column type=\u00a0\u00bb1_4&Prime; _builder_version=\u00a0\u00bb4.20.2&Prime; _module_preset=\u00a0\u00bbdefault\u00a0\u00bb global_colors_info=\u00a0\u00bb{}\u00a0\u00bb][et_pb_image src=\u00a0\u00bbhttps:\/\/www.focolare.org\/wp-content\/uploads\/2025\/11\/Copia-di-DSC_0032-scaled.jpg\u00a0\u00bb title_text=\u00a0\u00bbCopia di DSC_0032&Prime; _builder_version=\u00a0\u00bb4.27.4&Prime; _module_preset=\u00a0\u00bbdefault\u00a0\u00bb global_colors_info=\u00a0\u00bb{}\u00a0\u00bb][\/et_pb_image][et_pb_text _builder_version=\u00a0\u00bb4.27.4&Prime; _module_preset=\u00a0\u00bbdefault\u00a0\u00bb text_font_size=\u00a0\u00bb14px\u00a0\u00bb custom_margin=\u00a0\u00bb-25px||10px||false|false\u00a0\u00bb global_colors_info=\u00a0\u00bb{}\u00a0\u00bb]<\/p>\n<p><strong><em>&#8230; le sport, l&rsquo;\u00e9conomie et d&rsquo;autres expressions, avec des \u00e9changes universitaires et professionnels, n\u00e9s dans diff\u00e9rents pays. <\/em><\/strong><\/p>\n<p>[\/et_pb_text][et_pb_image src=\u00a0\u00bbhttps:\/\/www.focolare.org\/wp-content\/uploads\/2025\/11\/EdC57-scaled-e1764255659386.jpg\u00a0\u00bb title_text=\u00a0\u00bb?????????????????\u00a0\u00bb _builder_version=\u00a0\u00bb4.27.4&Prime; _module_preset=\u00a0\u00bbdefault\u00a0\u00bb global_colors_info=\u00a0\u00bb{}\u00a0\u00bb][\/et_pb_image][et_pb_image src=\u00a0\u00bbhttps:\/\/www.focolare.org\/wp-content\/uploads\/2025\/12\/IMG_9933-scaled-e1764663024727.jpg\u00a0\u00bb title_text=\u00a0\u00bbIMG_9933&Prime; _builder_version=\u00a0\u00bb4.27.4&Prime; _module_preset=\u00a0\u00bbdefault\u00a0\u00bb custom_margin=\u00a0\u00bb-20px||||false|false\u00a0\u00bb hover_enabled=\u00a0\u00bb0&Prime; global_colors_info=\u00a0\u00bb{}\u00a0\u00bb sticky_enabled=\u00a0\u00bb0&Prime;][\/et_pb_image][et_pb_text _builder_version=\u00a0\u00bb4.27.4&Prime; _module_preset=\u00a0\u00bbdefault\u00a0\u00bb text_font_size=\u00a0\u00bb10px\u00a0\u00bb hover_enabled=\u00a0\u00bb0&Prime; sticky_enabled=\u00a0\u00bb0&Prime; custom_margin=\u00a0\u00bb-43px||||false|false\u00a0\u00bb]<\/p>\n<p><em>Photo: Courtesy of Younib TV \u00a9 Benjamin Simiyu<\/em><\/p>\n<p>[\/et_pb_text][\/et_pb_column][\/et_pb_row][\/et_pb_section][et_pb_section fb_built=\u00a0\u00bb1&Prime; _builder_version=\u00a0\u00bb4.27.4&Prime; _module_preset=\u00a0\u00bbdefault\u00a0\u00bb global_colors_info=\u00a0\u00bb{}\u00a0\u00bb][et_pb_row _builder_version=\u00a0\u00bb4.27.4&Prime; _module_preset=\u00a0\u00bbdefault\u00a0\u00bb global_colors_info=\u00a0\u00bb{}\u00a0\u00bb][et_pb_column type=\u00a0\u00bb4_4&Prime; _builder_version=\u00a0\u00bb4.27.4&Prime; _module_preset=\u00a0\u00bbdefault\u00a0\u00bb global_colors_info=\u00a0\u00bb{}\u00a0\u00bb][difl_postgrid posts_number=\u00a0\u00bb6&Prime; post_display=\u00a0\u00bbby_tag\u00a0\u00bb include_tags=\u00a0\u00bb4098&Prime; show_pagination=\u00a0\u00bbon\u00a0\u00bb item_background_bgcolor=\u00a0\u00bb#EEEEEE\u00a0\u00bb next_prev_icon=\u00a0\u00bbset_4&Prime; item_margin=\u00a0\u00bb||||false|false\u00a0\u00bb _builder_version=\u00a0\u00bb4.27.4&Prime; _module_preset=\u00a0\u00bbdefault\u00a0\u00bb pagination_text_color=\u00a0\u00bb#FFB300&Prime; pagination_font_size=\u00a0\u00bb14px\u00a0\u00bb background_color=\u00a0\u00bb#FFFFFF\u00a0\u00bb module_alignment=\u00a0\u00bbleft\u00a0\u00bb border_radii_item_outer=\u00a0\u00bbon|13px|13px|13px|13px\u00a0\u00bb box_shadow_style_item_outer=\u00a0\u00bbpreset3&Prime; saved_tabs=\u00a0\u00bball\u00a0\u00bb global_colors_info=\u00a0\u00bb{}\u00a0\u00bb][difl_postitem type=\u00a0\u00bbimage\u00a0\u00bb _builder_version=\u00a0\u00bb4.27.4&Prime; _module_preset=\u00a0\u00bbdefault\u00a0\u00bb global_colors_info=\u00a0\u00bb{}\u00a0\u00bb][\/difl_postitem][difl_postitem type=\u00a0\u00bbtitle\u00a0\u00bb element_padding=\u00a0\u00bb|3%||3%|false|true\u00a0\u00bb _builder_version=\u00a0\u00bb4.27.4&Prime; _module_preset=\u00a0\u00bbdefault\u00a0\u00bb post_font_style_font=\u00a0\u00bb|600|||||||\u00a0\u00bb post_font_style_text_color=\u00a0\u00bb#3FA3D6&Prime; post_font_style_font_size=\u00a0\u00bb18px\u00a0\u00bb global_colors_info=\u00a0\u00bb{}\u00a0\u00bb][\/difl_postitem][difl_postitem type=\u00a0\u00bbdate\u00a0\u00bb element_padding=\u00a0\u00bb|3%||3%|false|true\u00a0\u00bb _builder_version=\u00a0\u00bb4.27.4&Prime; _module_preset=\u00a0\u00bbdefault\u00a0\u00bb post_font_style_font=\u00a0\u00bb|600|||||||\u00a0\u00bb post_font_style_text_color=\u00a0\u00bb#FFB300&Prime; global_colors_info=\u00a0\u00bb{}\u00a0\u00bb][\/difl_postitem][\/difl_postgrid][\/et_pb_column][\/et_pb_row][\/et_pb_section]<\/p>\n","protected":false},"excerpt":{"rendered":"<p>En dialogue avec la culture contemporaineIl est n\u00e9cessaire et urgent de promouvoir une \u00ab culture de l&rsquo;unit\u00e9 \u00bb, une culture de valeurs positives, en mesure de placer au centre des int\u00e9r\u00eats culturels, la personne humaine dans toute sa dignit\u00e9. Un dialogue avec des personnes du monde de la culture, caract\u00e9ris\u00e9 par la r\u00e9ciprocit\u00e9, qui se [&hellip;]<\/p>\n","protected":false},"author":34,"featured_media":0,"parent":0,"menu_order":0,"comment_status":"closed","ping_status":"closed","template":"","meta":{"give_campaign_id":0,"_seopress_robots_primary_cat":"","_seopress_titles_title":"","_seopress_titles_desc":"","_seopress_robots_index":"","_et_pb_use_builder":"on","_et_pb_old_content":"","_et_gb_content_width":"","footnotes":""},"difl_page_category":[],"class_list":["post-393704","page","type-page","status-publish","hentry"],"campaignId":"","_links":{"self":[{"href":"https:\/\/www.focolare.org\/fr\/wp-json\/wp\/v2\/pages\/393704","targetHints":{"allow":["GET"]}}],"collection":[{"href":"https:\/\/www.focolare.org\/fr\/wp-json\/wp\/v2\/pages"}],"about":[{"href":"https:\/\/www.focolare.org\/fr\/wp-json\/wp\/v2\/types\/page"}],"author":[{"embeddable":true,"href":"https:\/\/www.focolare.org\/fr\/wp-json\/wp\/v2\/users\/34"}],"replies":[{"embeddable":true,"href":"https:\/\/www.focolare.org\/fr\/wp-json\/wp\/v2\/comments?post=393704"}],"version-history":[{"count":2,"href":"https:\/\/www.focolare.org\/fr\/wp-json\/wp\/v2\/pages\/393704\/revisions"}],"predecessor-version":[{"id":393706,"href":"https:\/\/www.focolare.org\/fr\/wp-json\/wp\/v2\/pages\/393704\/revisions\/393706"}],"wp:attachment":[{"href":"https:\/\/www.focolare.org\/fr\/wp-json\/wp\/v2\/media?parent=393704"}],"wp:term":[{"taxonomy":"difl_page_category","embeddable":true,"href":"https:\/\/www.focolare.org\/fr\/wp-json\/wp\/v2\/difl_page_category?post=393704"}],"curies":[{"name":"wp","href":"https:\/\/api.w.org\/{rel}","templated":true}]}}