{"id":393801,"date":"2025-10-17T10:18:29","date_gmt":"2025-10-17T08:18:29","guid":{"rendered":"https:\/\/www.focolare.org\/chretiens-en-communion\/"},"modified":"2025-12-31T21:02:33","modified_gmt":"2025-12-31T20:02:33","slug":"chretiens-en-communion","status":"publish","type":"page","link":"https:\/\/www.focolare.org\/fr\/chretiens-en-communion\/","title":{"rendered":"Chr\u00e9tiens en communion"},"content":{"rendered":"<p>[et_pb_section fb_built=\u00a0\u00bb1&Prime; custom_padding_last_edited=\u00a0\u00bbon|phone\u00a0\u00bb _builder_version=\u00a0\u00bb4.27.4&Prime; _module_preset=\u00a0\u00bbdefault\u00a0\u00bb background_enable_color=\u00a0\u00bboff\u00a0\u00bb background_image=\u00a0\u00bbhttps:\/\/www.focolare.org\/wp-content\/uploads\/2025\/10\/Cristiani-in-comunione.png\u00a0\u00bb width=\u00a0\u00bb100%\u00a0\u00bb max_width=\u00a0\u00bb100%\u00a0\u00bb min_height=\u00a0\u00bb600px\u00a0\u00bb min_height_tablet=\u00a0\u00bb600px\u00a0\u00bb min_height_phone=\u00a0\u00bb600px\u00a0\u00bb min_height_last_edited=\u00a0\u00bbon|phone\u00a0\u00bb height=\u00a0\u00bb600px\u00a0\u00bb height_tablet=\u00a0\u00bb600px\u00a0\u00bb height_phone=\u00a0\u00bb600px\u00a0\u00bb height_last_edited=\u00a0\u00bbon|phone\u00a0\u00bb max_height=\u00a0\u00bb600px\u00a0\u00bb custom_margin=\u00a0\u00bb0px||0px||false|false\u00a0\u00bb custom_margin_tablet=\u00a0\u00bb0px||0px||false|false\u00a0\u00bb custom_margin_phone=\u00a0\u00bb||0px||false|false\u00a0\u00bb custom_margin_last_edited=\u00a0\u00bbon|phone\u00a0\u00bb custom_padding=\u00a0\u00bb0px||0px||true|false\u00a0\u00bb custom_padding_tablet=\u00a0\u00bb10%||10%||true|false\u00a0\u00bb custom_padding_phone=\u00a0\u00bb20%||20%||true|false\u00a0\u00bb bottom_divider_color=\u00a0\u00bb#3FA3D6&Prime; bottom_divider_repeat=\u00a0\u00bb1x\u00a0\u00bb bottom_divider_flip=\u00a0\u00bbhorizontal\u00a0\u00bb locked=\u00a0\u00bboff\u00a0\u00bb global_colors_info=\u00a0\u00bb{}\u00a0\u00bb][et_pb_row _builder_version=\u00a0\u00bb4.21.0&Prime; _module_preset=\u00a0\u00bbdefault\u00a0\u00bb global_colors_info=\u00a0\u00bb{}\u00a0\u00bb][et_pb_column type=\u00a0\u00bb4_4&Prime; _builder_version=\u00a0\u00bb4.21.0&Prime; _module_preset=\u00a0\u00bbdefault\u00a0\u00bb global_colors_info=\u00a0\u00bb{}\u00a0\u00bb][\/et_pb_column][\/et_pb_row][\/et_pb_section][et_pb_section fb_built=\u00a0\u00bb1&Prime; custom_padding_last_edited=\u00a0\u00bbon|phone\u00a0\u00bb _builder_version=\u00a0\u00bb4.21.0&Prime; _module_preset=\u00a0\u00bbdefault\u00a0\u00bb custom_margin=\u00a0\u00bb||||false|false\u00a0\u00bb custom_padding=\u00a0\u00bb||3%||false|false\u00a0\u00bb custom_padding_tablet=\u00a0\u00bb||4%||false|false\u00a0\u00bb custom_padding_phone=\u00a0\u00bb||20%||false|false\u00a0\u00bb top_divider_style=\u00a0\u00bbramp\u00a0\u00bb top_divider_color=\u00a0\u00bb#3FA3D6&Prime; top_divider_height=\u00a0\u00bb150px\u00a0\u00bb top_divider_repeat=\u00a0\u00bb1x\u00a0\u00bb top_divider_flip=\u00a0\u00bbhorizontal\u00a0\u00bb bottom_divider_style=\u00a0\u00bbramp\u00a0\u00bb bottom_divider_color=\u00a0\u00bb#FFB300&Prime; bottom_divider_height=\u00a0\u00bb150px\u00a0\u00bb bottom_divider_repeat=\u00a0\u00bb1x\u00a0\u00bb bottom_divider_flip=\u00a0\u00bbhorizontal\u00a0\u00bb locked=\u00a0\u00bboff\u00a0\u00bb global_colors_info=\u00a0\u00bb{}\u00a0\u00bb][et_pb_row _builder_version=\u00a0\u00bb4.21.0&Prime; _module_preset=\u00a0\u00bbdefault\u00a0\u00bb custom_margin=\u00a0\u00bb0px||0px||false|false\u00a0\u00bb custom_margin_tablet=\u00a0\u00bb0px||0px||false|false\u00a0\u00bb custom_margin_phone=\u00a0\u00bb-5%||||false|false\u00a0\u00bb custom_margin_last_edited=\u00a0\u00bbon|phone\u00a0\u00bb custom_padding=\u00a0\u00bb0px||0px||false|false\u00a0\u00bb global_colors_info=\u00a0\u00bb{}\u00a0\u00bb][et_pb_column type=\u00a0\u00bb4_4&Prime; _builder_version=\u00a0\u00bb4.21.0&Prime; _module_preset=\u00a0\u00bbdefault\u00a0\u00bb global_colors_info=\u00a0\u00bb{}\u00a0\u00bb][et_pb_text _builder_version=\u00a0\u00bb4.27.4&Prime; _module_preset=\u00a0\u00bbdefault\u00a0\u00bb header_font=\u00a0\u00bb|600|||||||\u00a0\u00bb header_text_align=\u00a0\u00bbcenter\u00a0\u00bb header_text_color=\u00a0\u00bb#FFFFFF\u00a0\u00bb header_font_size=\u00a0\u00bb40px\u00a0\u00bb custom_margin=\u00a0\u00bb||3%||false|false\u00a0\u00bb custom_margin_tablet=\u00a0\u00bb||0px||false|false\u00a0\u00bb custom_margin_phone=\u00a0\u00bb||||false|false\u00a0\u00bb custom_margin_last_edited=\u00a0\u00bbon|phone\u00a0\u00bb custom_padding=\u00a0\u00bb||||false|false\u00a0\u00bb global_colors_info=\u00a0\u00bb{}\u00a0\u00bb]<\/p>\n<h1>Chr\u00e9tiens en communion<\/h1>\n<p>[\/et_pb_text][\/et_pb_column][\/et_pb_row][\/et_pb_section][et_pb_section fb_built=\u00a0\u00bb1&Prime; _builder_version=\u00a0\u00bb4.20.2&Prime; _module_preset=\u00a0\u00bbdefault\u00a0\u00bb global_colors_info=\u00a0\u00bb{}\u00a0\u00bb][et_pb_row column_structure=\u00a0\u00bb1_4,1_2,1_4&Prime; use_custom_gutter=\u00a0\u00bbon\u00a0\u00bb _builder_version=\u00a0\u00bb4.27.4&Prime; _module_preset=\u00a0\u00bbdefault\u00a0\u00bb max_width=\u00a0\u00bb80%\u00a0\u00bb custom_padding=\u00a0\u00bb27px|||||\u00a0\u00bb global_colors_info=\u00a0\u00bb{}\u00a0\u00bb][et_pb_column type=\u00a0\u00bb1_4&Prime; _builder_version=\u00a0\u00bb4.20.2&Prime; _module_preset=\u00a0\u00bbdefault\u00a0\u00bb global_colors_info=\u00a0\u00bb{}\u00a0\u00bb][et_pb_text _builder_version=\u00a0\u00bb4.27.4&Prime; _module_preset=\u00a0\u00bbdefault\u00a0\u00bb text_text_color=\u00a0\u00bb#FFB300&Prime; text_font_size=\u00a0\u00bb20px\u00a0\u00bb text_line_height=\u00a0\u00bb1.4em\u00a0\u00bb global_colors_info=\u00a0\u00bb{}\u00a0\u00bb]<\/p>\n<p><strong>La spiritualit\u00e9 n\u00e9e du charisme de l&rsquo;Unit\u00e9 offre une contribution sp\u00e9cifique \u00e0 la r\u00e9alisation de la pri\u00e8re de J\u00e9sus \u00ab afin que tous soient un \u00bb (<em>Jn <\/em>17, 21). La vie du Commandement nouveau (cf. <em>Jn <\/em>13, 34) pose les bases pour la r\u00e9alisation de Sa promesse : \u00ab L\u00e0 o\u00f9 deux ou trois sont r\u00e9unis en mon nom, je suis au milieu d&rsquo;eux \u00bb (Mt 18, 20). C&rsquo;est Sa pr\u00e9sence qui abat les pr\u00e9jug\u00e9s et construit de nouveaux espaces de dialogue. Chiara Lubich a d\u00e9fini cela comme un \u00ab dialogue de la vie \u00bb qui vise \u00e0 soutenir les autres types de dialogue et \u00ab cr\u00e9er un peuple \u0153cum\u00e9niquement pr\u00e9par\u00e9 \u00bb.   <\/strong><\/p>\n<p>[\/et_pb_text][et_pb_divider _builder_version=\u00a0\u00bb4.27.4&Prime; _module_preset=\u00a0\u00bbdefault\u00a0\u00bb custom_margin=\u00a0\u00bb||||false|false\u00a0\u00bb custom_padding=\u00a0\u00bb||100px||false|false\u00a0\u00bb global_colors_info=\u00a0\u00bb{}\u00a0\u00bb][\/et_pb_divider][et_pb_image src=\u00a0\u00bbhttps:\/\/www.focolare.org\/wp-content\/uploads\/2025\/10\/2014-incontro-dei-vescovi-1.jpg\u00a0\u00bb title_text=\u00a0\u00bb2014-incontro dei vescovi (1)\u00a0\u00bb _builder_version=\u00a0\u00bb4.27.4&Prime; _module_preset=\u00a0\u00bbdefault\u00a0\u00bb custom_margin=\u00a0\u00bb150px||||false|false\u00a0\u00bb global_colors_info=\u00a0\u00bb{}\u00a0\u00bb][\/et_pb_image][et_pb_text _builder_version=\u00a0\u00bb4.27.4&Prime; _module_preset=\u00a0\u00bbdefault\u00a0\u00bb text_font_size=\u00a0\u00bb14px\u00a0\u00bb custom_margin=\u00a0\u00bb-25px||10px||false|false\u00a0\u00bb global_colors_info=\u00a0\u00bb{}\u00a0\u00bb]<\/p>\n<p><strong><em>Rencontres \u0153cum\u00e9niques des \u00e9v\u00eaques <\/em><\/strong><\/p>\n<p>[\/et_pb_text][et_pb_image src=\u00a0\u00bbhttps:\/\/www.focolare.org\/wp-content\/uploads\/2025\/10\/2014-incontro-dei-vescovi-2.jpg\u00a0\u00bb title_text=\u00a0\u00bb2014-incontro dei vescovi (2)\u00a0\u00bb _builder_version=\u00a0\u00bb4.27.4&Prime; _module_preset=\u00a0\u00bbdefault\u00a0\u00bb global_colors_info=\u00a0\u00bb{}\u00a0\u00bb][\/et_pb_image][\/et_pb_column][et_pb_column type=\u00a0\u00bb1_2&Prime; _builder_version=\u00a0\u00bb4.20.2&Prime; _module_preset=\u00a0\u00bbdefault\u00a0\u00bb global_colors_info=\u00a0\u00bb{}\u00a0\u00bb][et_pb_text _builder_version=\u00a0\u00bb4.27.4&Prime; _module_preset=\u00a0\u00bbdefault\u00a0\u00bb custom_padding=\u00a0\u00bb3px||50px||false|false\u00a0\u00bb hover_enabled=\u00a0\u00bb0&Prime; global_colors_info=\u00a0\u00bb{}\u00a0\u00bb sticky_enabled=\u00a0\u00bb0&Prime;]<\/p>\n<p><strong>Cit\u00e9s-pilotes \u0153cum\u00e9niques<\/strong><\/p>\n<p style=\"text-align: justify;\">\u00c0 Ottmaring (Allemagne), en 1968, une <strong><a href=\"https:\/\/oelz-ottmaring.de\/\">cit\u00e9-pilote \u0153cum\u00e9nique<\/a><\/strong> de t\u00e9moignage <strong> <\/strong> a vu le jour, \u00e0 l&rsquo;initiative des Focolari et de la \u00ab Fraternit\u00e9 de vie commune \u00bb, une fraternit\u00e9 \u00e9vang\u00e9lique qui a fait sienne la pri\u00e8re de J\u00e9sus pour l&rsquo;unit\u00e9 (cf. <em>Jn <\/em>17). Sur le mod\u00e8le de cette premi\u00e8re cit\u00e9-pilote, d&rsquo;autres ont vu le jour, par exemple \u00e0 <a href=\"https:\/\/www.focolare.org\/gb\/activities\/centre-for-unity-2\/\">Welwyn Garden City<\/a>, au nord de Londres, et pr\u00e8s de <a href=\"https:\/\/marienkroon.nl\/\">Den Bosch (Mari\u00ebnkroon)<\/a> aux Pays-Bas. <\/p>\n<p style=\"text-align: justify;\"><strong><\/strong><\/p>\n<p style=\"text-align: justify;\"><strong>Activit\u00e9s de formation et de communion<\/strong><\/p>\n<p style=\"text-align: justify;\">Depuis 1962, des <strong>Semaines \u0153cum\u00e9niques<\/strong> sont organis\u00e9es, des rencontres internationales ouvertes \u00e0 tous les chr\u00e9tiens de diff\u00e9rentes \u00c9glises, afin de grandir dans l&rsquo;amour r\u00e9ciproque et de t\u00e9moigner de l&rsquo;unit\u00e9 de l\u2019unique peuple du Christ. Depuis 1981, des \u00ab <strong>\u00c9coles \u0153cum\u00e9niques <\/strong>\u00bb et des sessions de formation \u0153cum\u00e9nique de courtes dur\u00e9es sont organis\u00e9s en Europe, au Moyen-Orient, en Am\u00e9rique, et plus r\u00e9cemment aussi sur d&rsquo;autres continents. <\/p>\n<p style=\"text-align: justify;\">Des <strong>\u00e9v\u00eaques de diff\u00e9rentes \u00c9glises<\/strong> se r\u00e9unissent r\u00e9guli\u00e8rement pour approfondir leur connaissance du charisme de l&rsquo;unit\u00e9 et pour renforcer leur communion dans le Christ.<\/p>\n<p style=\"text-align: justify;\"><strong><\/strong><\/p>\n<p style=\"text-align: justify;\"><strong>R\u00e9seaux \u0153cum\u00e9niques <\/strong><\/p>\n<p style=\"text-align: justify;\">En 1999 a \u00e9t\u00e9 lanc\u00e9 \u00ab <strong><a href=\"https:\/\/www.together4europe.org\/\">Ensemble pour l&rsquo;Europe<\/a><\/strong> \u00bb, un chemin de communion entre plus de 300 Mouvements et Communaut\u00e9s de diff\u00e9rentes \u00c9glises chr\u00e9tiennes qui s\u2019engagent pour une Europe unie et r\u00e9concili\u00e9e ; une collaboration en faveur du bien commun, fond\u00e9e sur l&rsquo;amour r\u00e9ciproque, dans l&rsquo;engagement pour la d\u00e9fense de la vie, pour la famille, pour la paix, pour les plus pauvres, pour une \u00e9conomie \u00e9quitable et la protection de l&rsquo;environnement.<\/p>\n<p style=\"text-align: justify;\">En 2025, \u00e0 l&rsquo;occasion du 1700e anniversaire du Concile de Nic\u00e9e, a d\u00e9but\u00e9 une collaboration avec diff\u00e9rents groupes chr\u00e9tiens.<\/p>\n<p style=\"text-align: justify;\">Des collaborations sont \u00e9galement en cours avec des organisations au niveau international, national et r\u00e9gional, telles que le Conseil \u0152cum\u00e9nique des \u00c9glises, le Forum Chr\u00e9tien Mondial, des conseils et des groupes \u0153cum\u00e9niques nationaux et r\u00e9gionaux.<\/p>\n<p style=\"text-align: justify;\"><strong><\/strong><\/p>\n<p style=\"text-align: justify;\"><strong>Nouveaux d\u00e9veloppements<\/strong><\/p>\n<p style=\"text-align: justify;\">\u00c0 Loppiano, cit\u00e9-pilote du Mouvement des Focolari, pr\u00e8s de Florence, la <strong><em>chaire \u0153cum\u00e9nique Patriarche Ath\u00e9nagoras Ier &#8211; Chiara Lubich<\/em><\/strong> a \u00e9t\u00e9 inaugur\u00e9e en 2017 \u00e0 l&rsquo;Institut Universitaire Sophia.<\/p>\n<p style=\"text-align: justify;\"><strong><\/strong><\/p>\n<p style=\"text-align: justify;\"><strong><\/strong><\/p>\n<p style=\"text-align: justify;\"><strong>Histoire<\/strong><\/p>\n<p style=\"text-align: justify;\">D\u00e8s 1955, un architecte suisse r\u00e9form\u00e9 entre en contact avec le Mouvement, mais il s&rsquo;agit encore d&rsquo;une exp\u00e9rience personnelle. En 1961, \u00e0 Darmstadt (Allemagne), un groupe <strong>d&rsquo;\u00e9vang\u00e9liques luth\u00e9riens<\/strong>, en \u00e9coutant Chiara Lubich, est frapp\u00e9 par la proposition d&rsquo;une vie centr\u00e9e sur la Parole de Dieu. La m\u00eame ann\u00e9e, le \u00ab\u00a0<strong>Centre Un\u00a0\u00bb pour l&rsquo;unit\u00e9 des chr\u00e9tiens<\/strong> est fond\u00e9 \u00e0 Rome. C\u2019est un lieu, un espace fraternel o\u00f9 les chr\u00e9tiens de diff\u00e9rentes \u00c9glises peuvent se sentir accueillis, \u00ab chez eux \u00bb. <a href=\"https:\/\/iginogiordani.info\/\">Igino Giordani <\/a>en a \u00e9t\u00e9 le directeur jusqu&rsquo;\u00e0 sa mort en 1980.  <\/p>\n<p style=\"text-align: justify;\">En 1961, commencent des visites \u00e0 Rome, d&rsquo;abord par des <strong>luth\u00e9riens allemands<\/strong>, puis rapidement rejoints par des chr\u00e9tiens de <strong>l&rsquo;\u00c9glise r\u00e9form\u00e9e<\/strong> suisse et des <strong>anglicans<\/strong>, et plus tard par des fid\u00e8les de nombreuses autres \u00c9glises, afin d&rsquo;approfondir la spiritualit\u00e9 de l&rsquo;unit\u00e9 du Mouvement. En 1966, Chiara Lubich rencontre le Primat de <strong>l&rsquo;\u00c9glise anglicane<\/strong>, l&rsquo;archev\u00eaque de Canterbury Michael Ramsey, puis ses successeurs. En 1967, la premi\u00e8re des 25 rencontres avec le patriarche orthodoxe de Constantinople, Ath\u00e9nagoras Ier, puis avec ses successeurs jusqu&rsquo;\u00e0 l&rsquo;actuel patriarche Bartholom\u00e9e Ier. La m\u00eame ann\u00e9e sont \u00e9tablis les premiers contacts avec le <strong>Conseil \u0152cum\u00e9nique des \u00c9glises<\/strong>, suivis plus r\u00e9cemment par une relation avec le Forum Chr\u00e9tien Mondial, plateforme de dialogue entre les pentec\u00f4tistes et diff\u00e9rentes \u00c9glises. La spiritualit\u00e9 du Mouvement a \u00e9galement \u00e9t\u00e9 accueillie par les chr\u00e9tiens des \u00c9glises orthodoxes orientales : syro-orthodoxes, coptes, \u00e9thiopiens, arm\u00e9niens et assyriens.   <\/p>\n<p>[\/et_pb_text][et_pb_video src=\u00a0\u00bbhttps:\/\/youtu.be\/EPxgSiq4ATg\u00a0\u00bb _builder_version=\u00a0\u00bb4.27.4&Prime; _module_preset=\u00a0\u00bbdefault\u00a0\u00bb width=\u00a0\u00bb66%\u00a0\u00bb max_width=\u00a0\u00bb100%\u00a0\u00bb custom_margin=\u00a0\u00bb-50px|||100px|false|false\u00a0\u00bb custom_padding=\u00a0\u00bb||80px||false|false\u00a0\u00bb global_colors_info=\u00a0\u00bb{}\u00a0\u00bb][\/et_pb_video][et_pb_text _builder_version=\u00a0\u00bb4.27.4&Prime; _module_preset=\u00a0\u00bbdefault\u00a0\u00bb border_width_top=\u00a0\u00bb3px\u00a0\u00bb border_color_top=\u00a0\u00bb#3FA3D6&Prime; global_colors_info=\u00a0\u00bb{}\u00a0\u00bb]<\/p>\n<p><strong><\/strong><\/p>\n<p><strong>Contacts:<\/strong><\/p>\n<p>\u00ab\u00a0Centre Un\u00a0\u00bb pour l&rsquo;unit\u00e9 des chr\u00e9tiens<br \/>Via Frascati, 306 \u2013 00040-Rocca di Papa (Roma)<br \/>Tel. + 39 06794798-318<br \/>E-mail: <a href=\"mailto:centrouno@focolare.org\">centrouno@focolare.org<\/a><\/p>\n<p>&nbsp;<\/p>\n<p>[\/et_pb_text][\/et_pb_column][et_pb_column type=\u00a0\u00bb1_4&Prime; _builder_version=\u00a0\u00bb4.20.2&Prime; _module_preset=\u00a0\u00bbdefault\u00a0\u00bb global_colors_info=\u00a0\u00bb{}\u00a0\u00bb][et_pb_video src=\u00a0\u00bbhttps:\/\/youtu.be\/IFgmseIGxL0&Prime; _builder_version=\u00a0\u00bb4.27.4&Prime; _module_preset=\u00a0\u00bbdefault\u00a0\u00bb global_colors_info=\u00a0\u00bb{}\u00a0\u00bb][\/et_pb_video][et_pb_text _builder_version=\u00a0\u00bb4.27.4&Prime; _module_preset=\u00a0\u00bbdefault\u00a0\u00bb text_font_size=\u00a0\u00bb13px\u00a0\u00bb custom_margin=\u00a0\u00bb-30px||||false|false\u00a0\u00bb custom_padding=\u00a0\u00bb||100px||false|false\u00a0\u00bb global_colors_info=\u00a0\u00bb{}\u00a0\u00bb]<\/p>\n<p style=\"text-align: center;\"><em>Activer les sous-titres en italien &#8211; \u00c9dition dans les langues originales<\/em><\/p>\n<p>[\/et_pb_text][et_pb_image src=\u00a0\u00bbhttps:\/\/www.focolare.org\/wp-content\/uploads\/2025\/10\/Ottmaring-1.png\u00a0\u00bb title_text=\u00a0\u00bbOttmaring\u00a0\u00bb _builder_version=\u00a0\u00bb4.27.4&Prime; _module_preset=\u00a0\u00bbdefault\u00a0\u00bb global_colors_info=\u00a0\u00bb{}\u00a0\u00bb][\/et_pb_image][et_pb_text _builder_version=\u00a0\u00bb4.27.4&Prime; _module_preset=\u00a0\u00bbdefault\u00a0\u00bb text_font_size=\u00a0\u00bb14px\u00a0\u00bb custom_margin=\u00a0\u00bb-25px||10px||false|false\u00a0\u00bb global_colors_info=\u00a0\u00bb{}\u00a0\u00bb]<\/p>\n<p><strong><em>Citadelle \u0153cum\u00e9nique d&rsquo;Ottmaring, Allemagne. Ci-dessous : Chiara Lubich rencontre le primat de l&rsquo;\u00c9glise anglicane, l&rsquo;archev\u00eaque de Canterbury Donald Coggan (1977) <\/em><\/strong><\/p>\n<p>[\/et_pb_text][et_pb_image src=\u00a0\u00bbhttps:\/\/www.focolare.org\/wp-content\/uploads\/2025\/10\/1977-Chiara-e-CogganP.png\u00a0\u00bb title_text=\u00a0\u00bb1977 Chiara e CogganP\u00a0\u00bb _builder_version=\u00a0\u00bb4.27.4&Prime; _module_preset=\u00a0\u00bbdefault\u00a0\u00bb global_colors_info=\u00a0\u00bb{}\u00a0\u00bb][\/et_pb_image][\/et_pb_column][\/et_pb_row][\/et_pb_section][et_pb_section fb_built=\u00a0\u00bb1&Prime; _builder_version=\u00a0\u00bb4.27.4&Prime; _module_preset=\u00a0\u00bbdefault\u00a0\u00bb global_colors_info=\u00a0\u00bb{}\u00a0\u00bb][et_pb_row _builder_version=\u00a0\u00bb4.27.4&Prime; _module_preset=\u00a0\u00bbdefault\u00a0\u00bb global_colors_info=\u00a0\u00bb{}\u00a0\u00bb][et_pb_column type=\u00a0\u00bb4_4&Prime; _builder_version=\u00a0\u00bb4.27.4&Prime; _module_preset=\u00a0\u00bbdefault\u00a0\u00bb global_colors_info=\u00a0\u00bb{}\u00a0\u00bb][difl_postgrid posts_number=\u00a0\u00bb6&Prime; post_display=\u00a0\u00bbby_tag\u00a0\u00bb include_tags=\u00a0\u00bb4095&Prime; show_pagination=\u00a0\u00bbon\u00a0\u00bb item_background_bgcolor=\u00a0\u00bb#EEEEEE\u00a0\u00bb next_prev_icon=\u00a0\u00bbset_4&Prime; item_margin=\u00a0\u00bb||||false|false\u00a0\u00bb _builder_version=\u00a0\u00bb4.27.4&Prime; _module_preset=\u00a0\u00bbdefault\u00a0\u00bb pagination_text_color=\u00a0\u00bb#FFB300&Prime; pagination_font_size=\u00a0\u00bb14px\u00a0\u00bb background_color=\u00a0\u00bb#FFFFFF\u00a0\u00bb module_alignment=\u00a0\u00bbleft\u00a0\u00bb border_radii_item_outer=\u00a0\u00bbon|13px|13px|13px|13px\u00a0\u00bb box_shadow_style_item_outer=\u00a0\u00bbpreset3&Prime; saved_tabs=\u00a0\u00bball\u00a0\u00bb global_colors_info=\u00a0\u00bb{}\u00a0\u00bb][difl_postitem type=\u00a0\u00bbimage\u00a0\u00bb _builder_version=\u00a0\u00bb4.27.4&Prime; _module_preset=\u00a0\u00bbdefault\u00a0\u00bb global_colors_info=\u00a0\u00bb{}\u00a0\u00bb][\/difl_postitem][difl_postitem type=\u00a0\u00bbtitle\u00a0\u00bb element_padding=\u00a0\u00bb|3%||3%|false|true\u00a0\u00bb _builder_version=\u00a0\u00bb4.27.4&Prime; _module_preset=\u00a0\u00bbdefault\u00a0\u00bb post_font_style_font=\u00a0\u00bb|600|||||||\u00a0\u00bb post_font_style_text_color=\u00a0\u00bb#3FA3D6&Prime; post_font_style_font_size=\u00a0\u00bb18px\u00a0\u00bb global_colors_info=\u00a0\u00bb{}\u00a0\u00bb][\/difl_postitem][difl_postitem type=\u00a0\u00bbdate\u00a0\u00bb element_padding=\u00a0\u00bb|3%||3%|false|true\u00a0\u00bb _builder_version=\u00a0\u00bb4.27.4&Prime; _module_preset=\u00a0\u00bbdefault\u00a0\u00bb post_font_style_font=\u00a0\u00bb|600|||||||\u00a0\u00bb post_font_style_text_color=\u00a0\u00bb#FFB300&Prime; global_colors_info=\u00a0\u00bb{}\u00a0\u00bb][\/difl_postitem][\/difl_postgrid][\/et_pb_column][\/et_pb_row][\/et_pb_section]<\/p>\n","protected":false},"excerpt":{"rendered":"<p>Chr\u00e9tiens en communionLa spiritualit\u00e9 n\u00e9e du charisme de l&rsquo;Unit\u00e9 offre une contribution sp\u00e9cifique \u00e0 la r\u00e9alisation de la pri\u00e8re de J\u00e9sus \u00ab afin que tous soient un \u00bb (Jn 17, 21). La vie du Commandement nouveau (cf. Jn 13, 34) pose les bases pour la r\u00e9alisation de Sa promesse : \u00ab L\u00e0 o\u00f9 deux ou [&hellip;]<\/p>\n","protected":false},"author":34,"featured_media":0,"parent":0,"menu_order":0,"comment_status":"closed","ping_status":"closed","template":"","meta":{"give_campaign_id":0,"_seopress_robots_primary_cat":"","_seopress_titles_title":"","_seopress_titles_desc":"","_seopress_robots_index":"","_et_pb_use_builder":"on","_et_pb_old_content":"","_et_gb_content_width":"","footnotes":""},"difl_page_category":[],"class_list":["post-393801","page","type-page","status-publish","hentry"],"campaignId":"","_links":{"self":[{"href":"https:\/\/www.focolare.org\/fr\/wp-json\/wp\/v2\/pages\/393801","targetHints":{"allow":["GET"]}}],"collection":[{"href":"https:\/\/www.focolare.org\/fr\/wp-json\/wp\/v2\/pages"}],"about":[{"href":"https:\/\/www.focolare.org\/fr\/wp-json\/wp\/v2\/types\/page"}],"author":[{"embeddable":true,"href":"https:\/\/www.focolare.org\/fr\/wp-json\/wp\/v2\/users\/34"}],"replies":[{"embeddable":true,"href":"https:\/\/www.focolare.org\/fr\/wp-json\/wp\/v2\/comments?post=393801"}],"version-history":[{"count":2,"href":"https:\/\/www.focolare.org\/fr\/wp-json\/wp\/v2\/pages\/393801\/revisions"}],"predecessor-version":[{"id":393803,"href":"https:\/\/www.focolare.org\/fr\/wp-json\/wp\/v2\/pages\/393801\/revisions\/393803"}],"wp:attachment":[{"href":"https:\/\/www.focolare.org\/fr\/wp-json\/wp\/v2\/media?parent=393801"}],"wp:term":[{"taxonomy":"difl_page_category","embeddable":true,"href":"https:\/\/www.focolare.org\/fr\/wp-json\/wp\/v2\/difl_page_category?post=393801"}],"curies":[{"name":"wp","href":"https:\/\/api.w.org\/{rel}","templated":true}]}}