{"id":394119,"date":"2025-10-23T16:56:03","date_gmt":"2025-10-23T14:56:03","guid":{"rendered":"https:\/\/www.focolare.org\/en-dialogue-entre-les-religions\/"},"modified":"2026-01-19T16:15:33","modified_gmt":"2026-01-19T15:15:33","slug":"en-dialogue-entre-les-religions","status":"publish","type":"page","link":"https:\/\/www.focolare.org\/fr\/en-dialogue-entre-les-religions\/","title":{"rendered":"En dialogue entre les religions"},"content":{"rendered":"<p>[et_pb_section fb_built=\u00a0\u00bb1&Prime; custom_padding_last_edited=\u00a0\u00bbon|phone\u00a0\u00bb _builder_version=\u00a0\u00bb4.27.4&Prime; _module_preset=\u00a0\u00bbdefault\u00a0\u00bb background_enable_color=\u00a0\u00bboff\u00a0\u00bb background_image=\u00a0\u00bbhttps:\/\/www.focolare.org\/wp-content\/uploads\/2025\/10\/Terzo-dialogo.png\u00a0\u00bb width=\u00a0\u00bb100%\u00a0\u00bb max_width=\u00a0\u00bb100%\u00a0\u00bb min_height=\u00a0\u00bb600px\u00a0\u00bb min_height_tablet=\u00a0\u00bb600px\u00a0\u00bb min_height_phone=\u00a0\u00bb600px\u00a0\u00bb min_height_last_edited=\u00a0\u00bbon|phone\u00a0\u00bb height=\u00a0\u00bb600px\u00a0\u00bb height_tablet=\u00a0\u00bb600px\u00a0\u00bb height_phone=\u00a0\u00bb600px\u00a0\u00bb height_last_edited=\u00a0\u00bbon|phone\u00a0\u00bb max_height=\u00a0\u00bb600px\u00a0\u00bb custom_margin=\u00a0\u00bb0px||0px||false|false\u00a0\u00bb custom_margin_tablet=\u00a0\u00bb0px||0px||false|false\u00a0\u00bb custom_margin_phone=\u00a0\u00bb||0px||false|false\u00a0\u00bb custom_margin_last_edited=\u00a0\u00bbon|phone\u00a0\u00bb custom_padding=\u00a0\u00bb0px||0px||true|false\u00a0\u00bb custom_padding_tablet=\u00a0\u00bb10%||10%||true|false\u00a0\u00bb custom_padding_phone=\u00a0\u00bb20%||20%||true|false\u00a0\u00bb bottom_divider_color=\u00a0\u00bb#3FA3D6&Prime; bottom_divider_repeat=\u00a0\u00bb1x\u00a0\u00bb bottom_divider_flip=\u00a0\u00bbhorizontal\u00a0\u00bb locked=\u00a0\u00bboff\u00a0\u00bb global_colors_info=\u00a0\u00bb{}\u00a0\u00bb][et_pb_row _builder_version=\u00a0\u00bb4.21.0&Prime; _module_preset=\u00a0\u00bbdefault\u00a0\u00bb global_colors_info=\u00a0\u00bb{}\u00a0\u00bb][et_pb_column type=\u00a0\u00bb4_4&Prime; _builder_version=\u00a0\u00bb4.21.0&Prime; _module_preset=\u00a0\u00bbdefault\u00a0\u00bb global_colors_info=\u00a0\u00bb{}\u00a0\u00bb][\/et_pb_column][\/et_pb_row][\/et_pb_section][et_pb_section fb_built=\u00a0\u00bb1&Prime; custom_padding_last_edited=\u00a0\u00bbon|phone\u00a0\u00bb _builder_version=\u00a0\u00bb4.21.0&Prime; _module_preset=\u00a0\u00bbdefault\u00a0\u00bb custom_margin=\u00a0\u00bb||||false|false\u00a0\u00bb custom_padding=\u00a0\u00bb||3%||false|false\u00a0\u00bb custom_padding_tablet=\u00a0\u00bb||4%||false|false\u00a0\u00bb custom_padding_phone=\u00a0\u00bb||20%||false|false\u00a0\u00bb top_divider_style=\u00a0\u00bbramp\u00a0\u00bb top_divider_color=\u00a0\u00bb#3FA3D6&Prime; top_divider_height=\u00a0\u00bb150px\u00a0\u00bb top_divider_repeat=\u00a0\u00bb1x\u00a0\u00bb top_divider_flip=\u00a0\u00bbhorizontal\u00a0\u00bb bottom_divider_style=\u00a0\u00bbramp\u00a0\u00bb bottom_divider_color=\u00a0\u00bb#FFB300&Prime; bottom_divider_height=\u00a0\u00bb150px\u00a0\u00bb bottom_divider_repeat=\u00a0\u00bb1x\u00a0\u00bb bottom_divider_flip=\u00a0\u00bbhorizontal\u00a0\u00bb locked=\u00a0\u00bboff\u00a0\u00bb global_colors_info=\u00a0\u00bb{}\u00a0\u00bb][et_pb_row _builder_version=\u00a0\u00bb4.21.0&Prime; _module_preset=\u00a0\u00bbdefault\u00a0\u00bb custom_margin=\u00a0\u00bb0px||0px||false|false\u00a0\u00bb custom_margin_tablet=\u00a0\u00bb0px||0px||false|false\u00a0\u00bb custom_margin_phone=\u00a0\u00bb-5%||||false|false\u00a0\u00bb custom_margin_last_edited=\u00a0\u00bbon|phone\u00a0\u00bb custom_padding=\u00a0\u00bb0px||0px||false|false\u00a0\u00bb global_colors_info=\u00a0\u00bb{}\u00a0\u00bb][et_pb_column type=\u00a0\u00bb4_4&Prime; _builder_version=\u00a0\u00bb4.21.0&Prime; _module_preset=\u00a0\u00bbdefault\u00a0\u00bb global_colors_info=\u00a0\u00bb{}\u00a0\u00bb][et_pb_text _builder_version=\u00a0\u00bb4.27.4&Prime; _module_preset=\u00a0\u00bbdefault\u00a0\u00bb header_font=\u00a0\u00bb|600|||||||\u00a0\u00bb header_text_align=\u00a0\u00bbcenter\u00a0\u00bb header_text_color=\u00a0\u00bb#FFFFFF\u00a0\u00bb header_font_size=\u00a0\u00bb40px\u00a0\u00bb custom_margin=\u00a0\u00bb||3%||false|false\u00a0\u00bb custom_margin_tablet=\u00a0\u00bb||0px||false|false\u00a0\u00bb custom_margin_phone=\u00a0\u00bb||||false|false\u00a0\u00bb custom_margin_last_edited=\u00a0\u00bbon|phone\u00a0\u00bb custom_padding=\u00a0\u00bb||||false|false\u00a0\u00bb global_colors_info=\u00a0\u00bb{}\u00a0\u00bb]<\/p>\n<h1>En dialogue entre les religions<\/h1>\n<p>[\/et_pb_text][\/et_pb_column][\/et_pb_row][\/et_pb_section][et_pb_section fb_built=\u00a0\u00bb1&Prime; _builder_version=\u00a0\u00bb4.20.2&Prime; _module_preset=\u00a0\u00bbdefault\u00a0\u00bb global_colors_info=\u00a0\u00bb{}\u00a0\u00bb][et_pb_row column_structure=\u00a0\u00bb1_4,1_2,1_4&Prime; use_custom_gutter=\u00a0\u00bbon\u00a0\u00bb _builder_version=\u00a0\u00bb4.20.2&Prime; _module_preset=\u00a0\u00bbdefault\u00a0\u00bb max_width=\u00a0\u00bb80%\u00a0\u00bb global_colors_info=\u00a0\u00bb{}\u00a0\u00bb][et_pb_column type=\u00a0\u00bb1_4&Prime; _builder_version=\u00a0\u00bb4.20.2&Prime; _module_preset=\u00a0\u00bbdefault\u00a0\u00bb global_colors_info=\u00a0\u00bb{}\u00a0\u00bb][et_pb_text _builder_version=\u00a0\u00bb4.27.4&Prime; _module_preset=\u00a0\u00bbdefault\u00a0\u00bb text_font_size=\u00a0\u00bb20px\u00a0\u00bb text_line_height=\u00a0\u00bb1.4em\u00a0\u00bb global_colors_info=\u00a0\u00bb{}\u00a0\u00bb]<\/p>\n<p><span style=\"color: #ff9900;\"><strong>Le dialogue interreligieux dans le Mouvement des Focolari trouve son fondement dans la spiritualit\u00e9 de l&rsquo;unit\u00e9 qui l&rsquo;anime, et en particulier dans la centralit\u00e9 de l&rsquo;amour, qui trouve un \u00e9cho dans les diff\u00e9rentes religions. <\/strong><\/span><\/p>\n<p>[\/et_pb_text][et_pb_divider _builder_version=\u00a0\u00bb4.27.4&Prime; _module_preset=\u00a0\u00bbdefault\u00a0\u00bb custom_margin=\u00a0\u00bb-20px||||false|false\u00a0\u00bb global_colors_info=\u00a0\u00bb{}\u00a0\u00bb][\/et_pb_divider][et_pb_image src=\u00a0\u00bbhttps:\/\/www.focolare.org\/wp-content\/uploads\/2026\/01\/5-Ulissealbum_1-e1768835024679.jpg\u00a0\u00bb _builder_version=\u00a0\u00bb4.27.5&Prime; _module_preset=\u00a0\u00bbdefault\u00a0\u00bb title_text=\u00a0\u00bb5 Ulissealbum_1&Prime; hover_enabled=\u00a0\u00bb0&Prime; sticky_enabled=\u00a0\u00bb0&Prime; custom_margin=\u00a0\u00bb140px||||false|false\u00a0\u00bb][\/et_pb_image][et_pb_text _builder_version=\u00a0\u00bb4.27.5&Prime; _module_preset=\u00a0\u00bbdefault\u00a0\u00bb text_font_size=\u00a0\u00bb14px\u00a0\u00bb custom_margin=\u00a0\u00bb-25px||10px||false|false\u00a0\u00bb hover_enabled=\u00a0\u00bb0&Prime; global_colors_info=\u00a0\u00bb{}\u00a0\u00bb sticky_enabled=\u00a0\u00bb0&Prime;]<\/p>\n<p><strong><em>Congr\u00e8s avec des amis musulmans en Alg\u00e9rie (1993)<\/em><\/strong><\/p>\n<p>[\/et_pb_text][et_pb_image src=\u00a0\u00bbhttps:\/\/www.focolare.org\/wp-content\/uploads\/2025\/10\/Judios.png\u00a0\u00bb title_text=\u00a0\u00bbJudios\u00a0\u00bb _builder_version=\u00a0\u00bb4.27.5&Prime; _module_preset=\u00a0\u00bbdefault\u00a0\u00bb custom_margin=\u00a0\u00bb||||false|false\u00a0\u00bb hover_enabled=\u00a0\u00bb0&Prime; global_colors_info=\u00a0\u00bb{}\u00a0\u00bb sticky_enabled=\u00a0\u00bb0&Prime;][\/et_pb_image][et_pb_text _builder_version=\u00a0\u00bb4.27.4&Prime; _module_preset=\u00a0\u00bbdefault\u00a0\u00bb text_font_size=\u00a0\u00bb14px\u00a0\u00bb custom_margin=\u00a0\u00bb-25px||10px||false|false\u00a0\u00bb global_colors_info=\u00a0\u00bb{}\u00a0\u00bb]<\/p>\n<p><strong><em>Chiara Lubich avec la communaut\u00e9 juive \u00e0 Buenos Aires (1998). En bas : avec W.D.Mohammad de la communaut\u00e9 musulmane \u00e0 Washington (2000) <\/em><\/strong><\/p>\n<p>[\/et_pb_text][et_pb_image src=\u00a0\u00bbhttps:\/\/www.focolare.org\/wp-content\/uploads\/2025\/10\/Washington-2000-Chiara-Lubich-con-W.D.Mohammad2.png\u00a0\u00bb title_text=\u00a0\u00bbWashington 2000-Chiara Lubich con W.D.Mohammad2&Prime; _builder_version=\u00a0\u00bb4.27.4&Prime; _module_preset=\u00a0\u00bbdefault\u00a0\u00bb global_colors_info=\u00a0\u00bb{}\u00a0\u00bb][\/et_pb_image][\/et_pb_column][et_pb_column type=\u00a0\u00bb1_2&Prime; _builder_version=\u00a0\u00bb4.20.2&Prime; _module_preset=\u00a0\u00bbdefault\u00a0\u00bb global_colors_info=\u00a0\u00bb{}\u00a0\u00bb][et_pb_text _builder_version=\u00a0\u00bb4.27.4&Prime; _module_preset=\u00a0\u00bbdefault\u00a0\u00bb custom_padding=\u00a0\u00bb3px||50px||false|false\u00a0\u00bb global_colors_info=\u00a0\u00bb{}\u00a0\u00bb]<\/p>\n<p style=\"text-align: justify;\">Une premi\u00e8re intuition de ce dialogue na\u00eet dans les ann\u00e9es 60, lors d&rsquo;une rencontre avec la tribu Bangwa au Cameroun, lorsque Chiara Lubich per\u00e7oit que l&rsquo;amour de Dieu accueille indistinctement toutes les personnes et que le Mouvement inclurait \u00e9galement des personnes de traditions non chr\u00e9tiennes. C&rsquo;est \u00e0 cette \u00e9poque qu&rsquo;une communaut\u00e9 des Focolari voit le jour en Alg\u00e9rie, o\u00f9 plusieurs musulmans accueillent l&rsquo;esprit du Mouvement et s\u2019engagent \u00e0 le vivre dans leurs milieux respectifs, donnant ainsi naissance \u00e0 un t\u00e9moignage singulier de dialogue qui engendre des relations de fraternit\u00e9 authentique. <o:p><\/o:p><\/p>\n<p style=\"text-align: justify;\">En 1977, l&rsquo;attribution \u00e0 Chiara Lubich du prix Templeton pour le progr\u00e8s de la religion marque le d\u00e9but officiel du dialogue interreligieux. Les ann\u00e9es suivantes, les rencontres de Chiara avec des leaders de diff\u00e9rentes religions ouvrent de nouvelles voies d&rsquo;amiti\u00e9 et de collaboration avec leurs fid\u00e8les. <o:p><\/o:p><\/p>\n<p style=\"text-align: justify;\">Au fil des ann\u00e9es, gr\u00e2ce au <strong>Centre international pour le dialogue interreligieux<\/strong> et \u00e0 l&rsquo;engagement des membres du Mouvement pr\u00e9sents dans de nombreux pays, des relations profondes se nouent avec des croyants de diff\u00e9rentes religions et de nombreuses institutions religieuses. Ensemble, ils d\u00e9couvrent <span>la diversit\u00e9 comme un don et promeuvent les valeurs humaines les plus profondes<\/span>, dans un cheminement de fraternit\u00e9, ensemble, au service du bien commun et de la paix. <\/p>\n<p><o:p><\/o:p><\/p>\n<p style=\"text-align: justify;\">Aujourd&rsquo;hui, des milliers de croyants &#8211; musulmans, juifs, bouddhistes, hindous, fid\u00e8les des religions traditionnelles, shinto\u00efstes, tao\u00efstes, sikhs et baha&rsquo;is &#8211; partagent, dans la mesure du possible, l&rsquo;esprit du Mouvement, t\u00e9moignant de leur appartenance \u00e0 une seule famille humaine, dans le plein respect de l&rsquo;identit\u00e9 de chaque foi.<o:p><\/o:p><\/p>\n<p style=\"text-align: justify;\">De nombreuses initiatives et activit\u00e9s sont r\u00e9alis\u00e9es : collaboration dans diff\u00e9rents contextes humains et sociaux, conf\u00e9rences, symposiums, parcours de formation, espaces d&rsquo;approfondissement et de partage d&rsquo;exp\u00e9riences spirituelles, recherche universitaire. Tout cela pour soutenir l&rsquo;appel commun \u00e0 la fraternit\u00e9 universelle. <o:p><\/o:p><\/p>\n<p>&nbsp;<\/p>\n<p>[\/et_pb_text][et_pb_text _builder_version=\u00a0\u00bb4.27.4&Prime; _module_preset=\u00a0\u00bbdefault\u00a0\u00bb border_width_top=\u00a0\u00bb3px\u00a0\u00bb border_color_top=\u00a0\u00bb#3FA3D6&Prime; global_colors_info=\u00a0\u00bb{}\u00a0\u00bb]<\/p>\n<p><strong><\/strong><\/p>\n<p><strong>Contacts:<\/strong><\/p>\n<p>Centre pour le Dialogue Interreligieux<br \/>Via Frascati, 306 \u2013 00040-Rocca di Papa (Roma)<br \/>Tel. + 39 06794798-348<br \/>E-mail: <a href=\"mailto:inter.rel@focolare.org\">inter.rel@focolare.org<\/a><\/p>\n<p>&nbsp;<\/p>\n<p>[\/et_pb_text][et_pb_image src=\u00a0\u00bbhttps:\/\/www.focolare.org\/wp-content\/uploads\/2025\/10\/Castel-Gandolfo-2024-Incontro-Collaboratori-di-varie-Religioni2.png\u00a0\u00bb title_text=\u00a0\u00bbCastel Gandolfo 2024-Incontro Collaboratori di varie Religioni2&Prime; _builder_version=\u00a0\u00bb4.27.4&Prime; _module_preset=\u00a0\u00bbdefault\u00a0\u00bb global_colors_info=\u00a0\u00bb{}\u00a0\u00bb][\/et_pb_image][et_pb_text _builder_version=\u00a0\u00bb4.27.4&Prime; _module_preset=\u00a0\u00bbdefault\u00a0\u00bb custom_margin=\u00a0\u00bb-30px||||false|false\u00a0\u00bb global_colors_info=\u00a0\u00bb{}\u00a0\u00bb]<\/p>\n<p><strong><em>Castel Gandolfo, 2024 : rencontre avec des collaborateurs du Mouvement des Focolari de diff\u00e9rentes religions.<\/em><\/strong><\/p>\n<p>[\/et_pb_text][\/et_pb_column][et_pb_column type=\u00a0\u00bb1_4&Prime; _builder_version=\u00a0\u00bb4.20.2&Prime; _module_preset=\u00a0\u00bbdefault\u00a0\u00bb global_colors_info=\u00a0\u00bb{}\u00a0\u00bb][et_pb_image src=\u00a0\u00bbhttps:\/\/www.focolare.org\/wp-content\/uploads\/2025\/10\/Castel-Gandolfo-2004-Simposio-Buddhista-Cristiano2.png\u00a0\u00bb title_text=\u00a0\u00bbCastel Gandolfo 2004 &#8211; Simposio Buddhista Cristiano2&Prime; _builder_version=\u00a0\u00bb4.27.4&Prime; _module_preset=\u00a0\u00bbdefault\u00a0\u00bb global_colors_info=\u00a0\u00bb{}\u00a0\u00bb][\/et_pb_image][et_pb_text _builder_version=\u00a0\u00bb4.27.4&Prime; _module_preset=\u00a0\u00bbdefault\u00a0\u00bb text_font_size=\u00a0\u00bb14px\u00a0\u00bb custom_margin=\u00a0\u00bb-25px||10px||false|false\u00a0\u00bb global_colors_info=\u00a0\u00bb{}\u00a0\u00bb]<\/p>\n<p><strong><em>Symposium bouddhiste-chr\u00e9tien organis\u00e9 \u00e0 Castelgandolfo en 2004. En bas : Chiara Lubich sur une photo de groupe avec les participants \u00e0 un symposium hindou-chr\u00e9tien. <\/em><\/strong><\/p>\n<p>[\/et_pb_text][et_pb_image src=\u00a0\u00bbhttps:\/\/www.focolare.org\/wp-content\/uploads\/2025\/11\/Simposi-indu.png\u00a0\u00bb title_text=\u00a0\u00bbSimposi indu\u00a0\u00bb _builder_version=\u00a0\u00bb4.27.4&Prime; _module_preset=\u00a0\u00bbdefault\u00a0\u00bb global_colors_info=\u00a0\u00bb{}\u00a0\u00bb][\/et_pb_image][et_pb_video src=\u00a0\u00bbhttps:\/\/youtu.be\/S6gIhLr6G5k\u00a0\u00bb _builder_version=\u00a0\u00bb4.27.4&Prime; _module_preset=\u00a0\u00bbdefault\u00a0\u00bb global_colors_info=\u00a0\u00bb{}\u00a0\u00bb][\/et_pb_video][\/et_pb_column][\/et_pb_row][\/et_pb_section][et_pb_section fb_built=\u00a0\u00bb1&Prime; _builder_version=\u00a0\u00bb4.27.4&Prime; _module_preset=\u00a0\u00bbdefault\u00a0\u00bb global_colors_info=\u00a0\u00bb{}\u00a0\u00bb][et_pb_row _builder_version=\u00a0\u00bb4.27.4&Prime; _module_preset=\u00a0\u00bbdefault\u00a0\u00bb global_colors_info=\u00a0\u00bb{}\u00a0\u00bb][et_pb_column type=\u00a0\u00bb4_4&Prime; _builder_version=\u00a0\u00bb4.27.4&Prime; _module_preset=\u00a0\u00bbdefault\u00a0\u00bb global_colors_info=\u00a0\u00bb{}\u00a0\u00bb][difl_postgrid posts_number=\u00a0\u00bb6&Prime; post_display=\u00a0\u00bbby_tag\u00a0\u00bb include_tags=\u00a0\u00bb4096&Prime; show_pagination=\u00a0\u00bbon\u00a0\u00bb item_background_bgcolor=\u00a0\u00bb#EEEEEE\u00a0\u00bb next_prev_icon=\u00a0\u00bbset_4&Prime; item_margin=\u00a0\u00bb||||false|false\u00a0\u00bb _builder_version=\u00a0\u00bb4.27.4&Prime; _module_preset=\u00a0\u00bbdefault\u00a0\u00bb pagination_text_color=\u00a0\u00bb#FFB300&Prime; pagination_font_size=\u00a0\u00bb14px\u00a0\u00bb background_color=\u00a0\u00bb#FFFFFF\u00a0\u00bb module_alignment=\u00a0\u00bbleft\u00a0\u00bb border_radii_item_outer=\u00a0\u00bbon|13px|13px|13px|13px\u00a0\u00bb box_shadow_style_item_outer=\u00a0\u00bbpreset3&Prime; saved_tabs=\u00a0\u00bball\u00a0\u00bb global_colors_info=\u00a0\u00bb{}\u00a0\u00bb][difl_postitem type=\u00a0\u00bbimage\u00a0\u00bb _builder_version=\u00a0\u00bb4.27.4&Prime; _module_preset=\u00a0\u00bbdefault\u00a0\u00bb global_colors_info=\u00a0\u00bb{}\u00a0\u00bb][\/difl_postitem][difl_postitem type=\u00a0\u00bbtitle\u00a0\u00bb element_padding=\u00a0\u00bb|3%||3%|false|true\u00a0\u00bb _builder_version=\u00a0\u00bb4.27.4&Prime; _module_preset=\u00a0\u00bbdefault\u00a0\u00bb post_font_style_font=\u00a0\u00bb|600|||||||\u00a0\u00bb post_font_style_text_color=\u00a0\u00bb#3FA3D6&Prime; post_font_style_font_size=\u00a0\u00bb18px\u00a0\u00bb global_colors_info=\u00a0\u00bb{}\u00a0\u00bb][\/difl_postitem][difl_postitem type=\u00a0\u00bbdate\u00a0\u00bb element_padding=\u00a0\u00bb|3%||3%|false|true\u00a0\u00bb _builder_version=\u00a0\u00bb4.27.4&Prime; _module_preset=\u00a0\u00bbdefault\u00a0\u00bb post_font_style_font=\u00a0\u00bb|600|||||||\u00a0\u00bb post_font_style_text_color=\u00a0\u00bb#FFB300&Prime; global_colors_info=\u00a0\u00bb{}\u00a0\u00bb][\/difl_postitem][\/difl_postgrid][\/et_pb_column][\/et_pb_row][\/et_pb_section]<\/p>\n","protected":false},"excerpt":{"rendered":"<p>En dialogue entre les religionsLe dialogue interreligieux dans le Mouvement des Focolari trouve son fondement dans la spiritualit\u00e9 de l&rsquo;unit\u00e9 qui l&rsquo;anime, et en particulier dans la centralit\u00e9 de l&rsquo;amour, qui trouve un \u00e9cho dans les diff\u00e9rentes religions. Congr\u00e8s avec des amis musulmans en Alg\u00e9rie (1993)Chiara Lubich avec la communaut\u00e9 juive \u00e0 Buenos Aires (1998). [&hellip;]<\/p>\n","protected":false},"author":34,"featured_media":0,"parent":0,"menu_order":0,"comment_status":"closed","ping_status":"closed","template":"","meta":{"give_campaign_id":0,"_seopress_robots_primary_cat":"","_seopress_titles_title":"","_seopress_titles_desc":"","_seopress_robots_index":"","_et_pb_use_builder":"on","_et_pb_old_content":"","_et_gb_content_width":"","footnotes":""},"difl_page_category":[],"class_list":["post-394119","page","type-page","status-publish","hentry"],"campaignId":"","_links":{"self":[{"href":"https:\/\/www.focolare.org\/fr\/wp-json\/wp\/v2\/pages\/394119","targetHints":{"allow":["GET"]}}],"collection":[{"href":"https:\/\/www.focolare.org\/fr\/wp-json\/wp\/v2\/pages"}],"about":[{"href":"https:\/\/www.focolare.org\/fr\/wp-json\/wp\/v2\/types\/page"}],"author":[{"embeddable":true,"href":"https:\/\/www.focolare.org\/fr\/wp-json\/wp\/v2\/users\/34"}],"replies":[{"embeddable":true,"href":"https:\/\/www.focolare.org\/fr\/wp-json\/wp\/v2\/comments?post=394119"}],"version-history":[{"count":4,"href":"https:\/\/www.focolare.org\/fr\/wp-json\/wp\/v2\/pages\/394119\/revisions"}],"predecessor-version":[{"id":394282,"href":"https:\/\/www.focolare.org\/fr\/wp-json\/wp\/v2\/pages\/394119\/revisions\/394282"}],"wp:attachment":[{"href":"https:\/\/www.focolare.org\/fr\/wp-json\/wp\/v2\/media?parent=394119"}],"wp:term":[{"taxonomy":"difl_page_category","embeddable":true,"href":"https:\/\/www.focolare.org\/fr\/wp-json\/wp\/v2\/difl_page_category?post=394119"}],"curies":[{"name":"wp","href":"https:\/\/api.w.org\/{rel}","templated":true}]}}