{"id":284966,"date":"2023-12-13T14:17:55","date_gmt":"2023-12-13T13:17:55","guid":{"rendered":"https:\/\/www.focolare.org\/podcast\/"},"modified":"2024-10-17T16:20:55","modified_gmt":"2024-10-17T14:20:55","slug":"podcast","status":"publish","type":"page","link":"https:\/\/www.focolare.org\/pt-pt\/podcast\/","title":{"rendered":"Podcast"},"content":{"rendered":"<p>[et_pb_section fb_built=&#8221;1&#8243; custom_padding_last_edited=&#8221;on|phone&#8221; _builder_version=&#8221;4.21.0&#8243; _module_preset=&#8221;default&#8221; custom_margin=&#8221;||||false|false&#8221; custom_padding=&#8221;||3%||false|false&#8221; custom_padding_tablet=&#8221;||4%||false|false&#8221; custom_padding_phone=&#8221;||20%||false|false&#8221; top_divider_style=&#8221;ramp&#8221; top_divider_color=&#8221;#3FA3D6&#8243; top_divider_height=&#8221;150px&#8221; top_divider_repeat=&#8221;1x&#8221; top_divider_flip=&#8221;horizontal&#8221; bottom_divider_style=&#8221;ramp&#8221; bottom_divider_color=&#8221;#FFB300&#8243; bottom_divider_height=&#8221;150px&#8221; bottom_divider_repeat=&#8221;1x&#8221; bottom_divider_flip=&#8221;horizontal&#8221; hover_enabled=&#8221;0&#8243; locked=&#8221;off&#8221; global_colors_info=&#8221;{}&#8221; sticky_enabled=&#8221;0&#8243;][et_pb_row _builder_version=&#8221;4.21.0&#8243; _module_preset=&#8221;default&#8221; custom_margin=&#8221;0px||0px||false|false&#8221; custom_margin_tablet=&#8221;0px||0px||false|false&#8221; custom_margin_phone=&#8221;-5%||||false|false&#8221; custom_margin_last_edited=&#8221;on|phone&#8221; custom_padding=&#8221;0px||0px||false|false&#8221; global_colors_info=&#8221;{}&#8221;][et_pb_column type=&#8221;4_4&#8243; _builder_version=&#8221;4.21.0&#8243; _module_preset=&#8221;default&#8221; global_colors_info=&#8221;{}&#8221;][et_pb_text _builder_version=&#8221;4.23.1&#8243; _module_preset=&#8221;default&#8221; header_font=&#8221;|600|||||||&#8221; header_text_align=&#8221;center&#8221; header_text_color=&#8221;#FFFFFF&#8221; header_font_size=&#8221;40px&#8221; custom_margin=&#8221;||3%||false|false&#8221; custom_margin_tablet=&#8221;||0px||false|false&#8221; custom_margin_phone=&#8221;||||false|false&#8221; custom_margin_last_edited=&#8221;on|phone&#8221; custom_padding=&#8221;||||false|false&#8221; global_colors_info=&#8221;{}&#8221;]<\/p>\n<h1>Podcast<\/h1>\n<p>[\/et_pb_text][\/et_pb_column][\/et_pb_row][\/et_pb_section][et_pb_section fb_built=&#8221;1&#8243; _builder_version=&#8221;4.19.5&#8243; _module_preset=&#8221;default&#8221; custom_padding=&#8221;0px|||||&#8221; global_colors_info=&#8221;{}&#8221;][et_pb_row column_structure=&#8221;1_3,1_3,1_3&#8243; _builder_version=&#8221;4.20.4&#8243; _module_preset=&#8221;default&#8221; global_colors_info=&#8221;{}&#8221;][et_pb_column type=&#8221;1_3&#8243; _builder_version=&#8221;4.20.4&#8243; _module_preset=&#8221;default&#8221; global_colors_info=&#8221;{}&#8221;][et_pb_blurb title=&#8221;Benedetti Dubbi (em italiano)&#8221; url=&#8221;https:\/\/open.spotify.com\/show\/2QvAUYT0Ub5UJIdue4xWjy?si=93a999b23d2f4b40&amp;nd=1&#8243; url_new_window=&#8221;on&#8221; image=&#8221;https:\/\/www.focolare.org\/wp-content\/uploads\/2023\/12\/PODCAST_BENEDETTI_DUBBI.jpg&#8221; _builder_version=&#8221;4.23.1&#8243; _module_preset=&#8221;default&#8221; header_level=&#8221;h3&#8243; header_font=&#8221;|700|||||||&#8221; header_text_color=&#8221;#FFB300&#8243; body_font_size=&#8221;15px&#8221; link_option_url=&#8221;https:\/\/open.spotify.com\/show\/2QvAUYT0Ub5UJIdue4xWjy?si=93a999b23d2f4b40&amp;nd=1&#8243; link_option_url_new_window=&#8221;on&#8221; global_colors_info=&#8221;{}&#8221;]<\/p>\n<p>A que \u00e9 que somos chamados? Qual \u00e9 o melhor caminho a seguir quando somos confrontados com uma das muitas encruzilhadas que a vida nos coloca?  Conhecemo-nos a n\u00f3s pr\u00f3prios e, mais importante, sabemos onde esconderam o ant\u00eddoto para os medos? S\u00e3o as perguntas, aquelas que nos assolam o quotidiano, as protagonistas de \u201cBlessed Doubts\u201d, a nova s\u00e9rie de podcasts concebida para os jovens e pelos jovens. Editado por Tommaso Bertolasi e Laura Salerno. <\/p>\n<p>[\/et_pb_blurb][\/et_pb_column][et_pb_column type=&#8221;1_3&#8243; _builder_version=&#8221;4.19.5&#8243; _module_preset=&#8221;default&#8221; global_colors_info=&#8221;{}&#8221;][et_pb_blurb title=&#8221;Edu for unity (em italiano, espanhol e portugu\u00eas)&#8221; url=&#8221;https:\/\/open.spotify.com\/show\/1bdWTnRKN87JTLGWwa5nE3?si=z7Lj9vAqSYirv_9Hn7j9oQ&#8221; url_new_window=&#8221;on&#8221; image=&#8221;https:\/\/www.focolare.org\/wp-content\/uploads\/2023\/12\/EDUXUnity-01.png&#8221; _builder_version=&#8221;4.27.2&#8243; _module_preset=&#8221;default&#8221; header_level=&#8221;h3&#8243; header_font=&#8221;|700|||||||&#8221; header_text_color=&#8221;#FFB300&#8243; body_font_size=&#8221;15px&#8221; link_option_url=&#8221;https:\/\/open.spotify.com\/show\/1bdWTnRKN87JTLGWwa5nE3?si=z7Lj9vAqSYirv_9Hn7j9oQ&#8221; link_option_url_new_window=&#8221;on&#8221; locked=&#8221;off&#8221; global_colors_info=&#8221;{}&#8221;]<\/p>\n<p>Um caminho passo a passo para uma nova cultura educativa da inf\u00e2ncia e da adolesc\u00eancia. Conhecer e acompanhar os jovens no seu crescimento, velando pela realiza\u00e7\u00e3o plena e livre a que s\u00e3o chamados. \u201cEDU FOR UNITY\u201d \u00e9 o podcast produzido pela equipa de \u201cEduxEdu, Educarsi per educare\u201d, um programa internacional de forma\u00e7\u00e3o para educadores promovido pelo Movimento dos Focolares.<\/p>\n<p><a href=\"https:\/\/open.spotify.com\/show\/2CoKSBAVStMw41J8N8ZFYZ\" target=\"_blank\" rel=\"noopener\">Espanhol<\/a> \/ <a href=\"https:\/\/open.spotify.com\/show\/7ajoeSzx6I59cNh4BAloLb\" target=\"_blank\" rel=\"noopener\">Italiano<\/a><\/p>\n<p>&nbsp;<\/p>\n<p>[\/et_pb_blurb][\/et_pb_column][et_pb_column type=&#8221;1_3&#8243; _builder_version=&#8221;4.24.2&#8243; _module_preset=&#8221;default&#8221; global_colors_info=&#8221;{}&#8221;][et_pb_blurb title=&#8221;Sparks (em ingl\u00eas)&#8221; url=&#8221;https:\/\/open.spotify.com\/show\/0HBjdYWANuuj628TY9kTBr&#8221; url_new_window=&#8221;on&#8221; image=&#8221;https:\/\/www.focolare.org\/wp-content\/uploads\/2024\/02\/Sparks-Podcast-Cover-v2.jpg&#8221; _builder_version=&#8221;4.24.2&#8243; _module_preset=&#8221;default&#8221; header_level=&#8221;h3&#8243; header_font=&#8221;|700|||||||&#8221; header_text_color=&#8221;#FFB300&#8243; body_font_size=&#8221;15px&#8221; link_option_url=&#8221;https:\/\/open.spotify.com\/show\/0HBjdYWANuuj628TY9kTBr&#8221; link_option_url_new_window=&#8221;on&#8221; locked=&#8221;off&#8221; global_colors_info=&#8221;{}&#8221;]<\/p>\n<p><span>Em cada epis\u00f3dio, contamos-lhe hist\u00f3rias de <\/span><em>changemakers<span> <\/span><\/em> <span>de v\u00e1rias partes do mundo que iniciaram um projeto, uma empresa ou um neg\u00f3cio depois de terem sido inspirados por uma \u201cfa\u00edsca\u201d: uma pequena luz que contagiou muitas outras pessoas. Cada um deles levar-nos-\u00e1 ao seu pa\u00eds para nos fazer mergulhar na sua cultura e contar-nos como come\u00e7ou o seu projeto.<\/span><\/p>\n<p>&nbsp;<\/p>\n<p>[\/et_pb_blurb][\/et_pb_column][\/et_pb_row][\/et_pb_section]<\/p>\n","protected":false},"excerpt":{"rendered":"<p>PodcastA que \u00e9 que somos chamados? Qual \u00e9 o melhor caminho a seguir quando somos confrontados com uma das muitas encruzilhadas que a vida nos coloca? Conhecemo-nos a n\u00f3s pr\u00f3prios e, mais importante, sabemos onde esconderam o ant\u00eddoto para os medos? S\u00e3o as perguntas, aquelas que nos assolam o quotidiano, as protagonistas de \u201cBlessed Doubts\u201d, [&hellip;]<\/p>\n","protected":false},"author":1,"featured_media":0,"parent":0,"menu_order":0,"comment_status":"closed","ping_status":"closed","template":"","meta":{"give_campaign_id":0,"_seopress_robots_primary_cat":"","_seopress_titles_title":"","_seopress_titles_desc":"","_seopress_robots_index":"","_et_pb_use_builder":"on","_et_pb_old_content":"","_et_gb_content_width":"","footnotes":""},"difl_page_category":[],"class_list":["post-284966","page","type-page","status-publish","hentry"],"campaignId":"","_links":{"self":[{"href":"https:\/\/www.focolare.org\/pt-pt\/wp-json\/wp\/v2\/pages\/284966","targetHints":{"allow":["GET"]}}],"collection":[{"href":"https:\/\/www.focolare.org\/pt-pt\/wp-json\/wp\/v2\/pages"}],"about":[{"href":"https:\/\/www.focolare.org\/pt-pt\/wp-json\/wp\/v2\/types\/page"}],"author":[{"embeddable":true,"href":"https:\/\/www.focolare.org\/pt-pt\/wp-json\/wp\/v2\/users\/1"}],"replies":[{"embeddable":true,"href":"https:\/\/www.focolare.org\/pt-pt\/wp-json\/wp\/v2\/comments?post=284966"}],"version-history":[{"count":0,"href":"https:\/\/www.focolare.org\/pt-pt\/wp-json\/wp\/v2\/pages\/284966\/revisions"}],"wp:attachment":[{"href":"https:\/\/www.focolare.org\/pt-pt\/wp-json\/wp\/v2\/media?parent=284966"}],"wp:term":[{"taxonomy":"difl_page_category","embeddable":true,"href":"https:\/\/www.focolare.org\/pt-pt\/wp-json\/wp\/v2\/difl_page_category?post=284966"}],"curies":[{"name":"wp","href":"https:\/\/api.w.org\/{rel}","templated":true}]}}