{"id":284967,"date":"2023-12-06T16:10:14","date_gmt":"2023-12-06T15:10:14","guid":{"rendered":"https:\/\/www.focolare.org\/causa-de-canonizacao\/"},"modified":"2024-06-19T10:03:06","modified_gmt":"2024-06-19T08:03:06","slug":"causa-de-canonizacao","status":"publish","type":"page","link":"https:\/\/www.focolare.org\/pt-pt\/causa-de-canonizacao\/","title":{"rendered":"Causa de canoniza\u00e7\u00e3o"},"content":{"rendered":"<p>[et_pb_section fb_built=&#8221;1&#8243; custom_padding_last_edited=&#8221;on|phone&#8221; _builder_version=&#8221;4.23.1&#8243; _module_preset=&#8221;default&#8221; background_enable_color=&#8221;off&#8221; background_image=&#8221;https:\/\/www.focolare.org\/wp-content\/uploads\/2023\/12\/Causa-beatificazione2-1.jpg&#8221; width=&#8221;100%&#8221; max_width=&#8221;100%&#8221; min_height=&#8221;600px&#8221; min_height_tablet=&#8221;600px&#8221; min_height_phone=&#8221;600px&#8221; min_height_last_edited=&#8221;on|phone&#8221; height=&#8221;600px&#8221; height_tablet=&#8221;600px&#8221; height_phone=&#8221;600px&#8221; height_last_edited=&#8221;on|phone&#8221; max_height=&#8221;600px&#8221; custom_margin=&#8221;0px||0px||false|false&#8221; custom_margin_tablet=&#8221;0px||0px||false|false&#8221; custom_margin_phone=&#8221;||0px||false|false&#8221; custom_margin_last_edited=&#8221;on|phone&#8221; custom_padding=&#8221;0px||0px||true|false&#8221; custom_padding_tablet=&#8221;10%||10%||true|false&#8221; custom_padding_phone=&#8221;20%||20%||true|false&#8221; bottom_divider_color=&#8221;#3FA3D6&#8243; bottom_divider_repeat=&#8221;1x&#8221; bottom_divider_flip=&#8221;horizontal&#8221; locked=&#8221;off&#8221; global_colors_info=&#8221;{}&#8221;][et_pb_row _builder_version=&#8221;4.21.0&#8243; _module_preset=&#8221;default&#8221; global_colors_info=&#8221;{}&#8221;][et_pb_column type=&#8221;4_4&#8243; _builder_version=&#8221;4.21.0&#8243; _module_preset=&#8221;default&#8221; global_colors_info=&#8221;{}&#8221;][\/et_pb_column][\/et_pb_row][\/et_pb_section][et_pb_section fb_built=&#8221;1&#8243; custom_padding_last_edited=&#8221;on|phone&#8221; _builder_version=&#8221;4.21.0&#8243; _module_preset=&#8221;default&#8221; custom_margin=&#8221;||||false|false&#8221; custom_padding=&#8221;||3%||false|false&#8221; custom_padding_tablet=&#8221;||4%||false|false&#8221; custom_padding_phone=&#8221;||20%||false|false&#8221; top_divider_style=&#8221;ramp&#8221; top_divider_color=&#8221;#3FA3D6&#8243; top_divider_height=&#8221;150px&#8221; top_divider_repeat=&#8221;1x&#8221; top_divider_flip=&#8221;horizontal&#8221; bottom_divider_style=&#8221;ramp&#8221; bottom_divider_color=&#8221;#FFB300&#8243; bottom_divider_height=&#8221;150px&#8221; bottom_divider_repeat=&#8221;1x&#8221; bottom_divider_flip=&#8221;horizontal&#8221; locked=&#8221;off&#8221; global_colors_info=&#8221;{}&#8221;][et_pb_row _builder_version=&#8221;4.21.0&#8243; _module_preset=&#8221;default&#8221; custom_margin=&#8221;0px||0px||false|false&#8221; custom_margin_tablet=&#8221;0px||0px||false|false&#8221; custom_margin_phone=&#8221;-5%||||false|false&#8221; custom_margin_last_edited=&#8221;on|phone&#8221; custom_padding=&#8221;0px||0px||false|false&#8221; global_colors_info=&#8221;{}&#8221;][et_pb_column type=&#8221;4_4&#8243; _builder_version=&#8221;4.21.0&#8243; _module_preset=&#8221;default&#8221; global_colors_info=&#8221;{}&#8221;][et_pb_text _builder_version=&#8221;4.23.1&#8243; _module_preset=&#8221;default&#8221; header_font=&#8221;|600|||||||&#8221; header_text_align=&#8221;center&#8221; header_text_color=&#8221;#FFFFFF&#8221; header_font_size=&#8221;40px&#8221; custom_margin=&#8221;||3%||false|false&#8221; custom_margin_tablet=&#8221;||0px||false|false&#8221; custom_margin_phone=&#8221;||||false|false&#8221; custom_margin_last_edited=&#8221;on|phone&#8221; custom_padding=&#8221;||||false|false&#8221; global_colors_info=&#8221;{}&#8221;]<\/p>\n<h1>Causa de canoniza\u00e7\u00e3o<\/h1>\n<p>[\/et_pb_text][\/et_pb_column][\/et_pb_row][\/et_pb_section][et_pb_section fb_built=&#8221;1&#8243; _builder_version=&#8221;4.20.2&#8243; _module_preset=&#8221;default&#8221; global_colors_info=&#8221;{}&#8221;][et_pb_row column_structure=&#8221;1_2,1_2&#8243; use_custom_gutter=&#8221;on&#8221; _builder_version=&#8221;4.20.2&#8243; _module_preset=&#8221;default&#8221; max_width=&#8221;80%&#8221; global_colors_info=&#8221;{}&#8221;][et_pb_column type=&#8221;1_2&#8243; _builder_version=&#8221;4.20.2&#8243; _module_preset=&#8221;default&#8221; global_colors_info=&#8221;{}&#8221;][et_pb_text quote_border_color=&#8221;#FFB300&#8243; _builder_version=&#8221;4.23.1&#8243; _module_preset=&#8221;default&#8221; quote_text_color=&#8221;#3FA3D6&#8243; global_colors_info=&#8221;{}&#8221;]<\/p>\n<h3><b>Testemunha de f\u00e9 e de amor<\/b><\/h3>\n<p><b> <\/b><span style=\"font-weight: 400;\">Na Igreja cat\u00f3lica costuma-se apresentar aos pr\u00f3prios fieis, como est\u00edmulo de vida crist\u00e3, pessoas que se distinguiram por um especial testemunho de f\u00e9 e de amor para com Deus e com todos. Isto acontece ap\u00f3s um processo can\u00f4nico de verifica\u00e7\u00e3o, que considera inclusive o patrim\u00f4nio de vida, de pensamento e de a\u00e7\u00e3o da pessoa, e que pode ser iniciado n\u00e3o antes de cinco anos da sua morte.<\/span><\/p>\n<p class=\"qowt-stl-Titolo1\"><b>Pensando em Chiara Lubich (1920-2008) e \u00e0 sua heran\u00e7a, pessoas comuns e qualificadas <\/b><span style=\"font-weight: 400;\">embora na diversidade de suas respectivas vis\u00f5es \u2013 expressaram a esperan\u00e7a de que isso poderia acontecer para ela tamb\u00e9m. Um reconhecimento destinado a encorajar muitos a um maior compromisso moral e espiritual para o bem da humanidade. Um est\u00edmulo para assumir o desejo, repetidamente expresso por Chiara, de nos santificarmos juntos, de propor \u00e0 Igreja, al\u00e9m da santidade de um indiv\u00edduo, a santidade do povo. Com este esp\u00edrito, a presidente do Movimento dos Focolares, Maria Voce, no dia <\/span><a href=\"https:\/\/www.focolare.org\/pt\/2013\/12\/07\/chiara-lubich-testimone-della-fede-2\/\"><span style=\"font-weight: 400;\">7 de dizembro de 2013 <\/span><\/a><span style=\"font-weight: 400;\">anunciou a decis\u00e3o de pedir a abertura da causa de beatifica\u00e7\u00e3o de Chiara Lubich.<\/span><\/p>\n<p class=\"qowt-stl-Titolo1\"><span style=\"font-weight: 400;\">Ap\u00f3s um ano para o cumprimento dos atos can\u00f4nicos previstos para a inicia\u00e7\u00e3o da causa, <b><\/b><\/span><span style=\"font-weight: 400;\"> o bispo de Frascati, D. Raffaello Martinelli, no dia 27 de janeiro de 2015, na Catedral de Frascati, abriu solenemente a \u201cCausa de beatifica\u00e7\u00e3o e canoniza\u00e7\u00e3o da Serva de Deus Chiara Lubich\u201d. Em uma carta escrita para a ocasi\u00e3o, o Papa Francisco exorta a \u201ctornar conhecida ao povo de Deus a vida e as obras daquela que, acolhendo o convite do Senhor, acendeu para a Igreja uma nova luz no caminho rumo \u00e0 unidade\u201d  <\/span><i><span style=\"font-weight: 400;\">(<\/span><\/i><a href=\"https:\/\/www.focolare.org\/press\/files\/2015\/01\/20150127ChiaraLubich_messaggioPapaFrancesco_firmatoParolin.pdf\"><i><span style=\"font-weight: 400;\">Carta do Papa Francisco<\/span><\/i><\/a><i><span style=\"font-weight: 400;\">).<\/span><\/i><span style=\"font-weight: 400;\"><\/span><\/p>\n<p>[\/et_pb_text][et_pb_image src=&#8221;https:\/\/www.focolare.org\/wp-content\/uploads\/2023\/12\/fpreghiera_chiara_lubich.png&#8221; title_text=&#8221;fpreghiera_chiara_lubich&#8221; _builder_version=&#8221;4.23.1&#8243; _module_preset=&#8221;default&#8221; global_colors_info=&#8221;{}&#8221;][\/et_pb_image][et_pb_text quote_border_color=&#8221;#FFB300&#8243; _builder_version=&#8221;4.25.2&#8243; _module_preset=&#8221;default&#8221; quote_text_color=&#8221;#3FA3D6&#8243; hover_enabled=&#8221;0&#8243; global_colors_info=&#8221;{}&#8221; sticky_enabled=&#8221;0&#8243;]<\/p>\n<p class=\"qowt-stl-Titolo1\"><span style=\"font-weight: 400;\">A fase diocesana do inqu\u00e9rito, que requer um intenso trabalho, concluiu-se no dia 10 de novembro de 2019, durante uma solene celebra\u00e7\u00e3o presidida pelo bispo, na Catedral de Frascati. <\/span><span style=\"font-weight: 400;\"><\/span><span style=\"font-weight: 400;\"><\/span><span style=\"font-weight: 400;\"><\/span><\/p>\n<p><span style=\"font-weight: 400;\">Naquela ocasi\u00e3o, <\/span><span style=\"font-weight: 400;\">Maria Voce, ent\u00e3o presidente do Movimento dos Focolares, concluiu com estas palavras a sua sauda\u00e7\u00e3o e agradecimento: <\/span> <\/p>\n<blockquote>\n<p><span style=\"font-weight: 400;\">\u201cO nosso \u00fanico desejo, agora, \u00e9 o de oferecer \u00e0 Igreja, por meio desta ampla documenta\u00e7\u00e3o, a d\u00e1diva que Chiara foi para n\u00f3s e para muitas e muitas pessoas. Acolhendo o carisma que Deus lhe concedia, coerentemente, dia ap\u00f3s dia, caminhando e buscando a plenitude da vida crist\u00e3 e a perfei\u00e7\u00e3o da caridade, Chiara se dedicou de cora\u00e7\u00e3o para que este caminho de vida evang\u00e9lica fosse seguido por muitas pessoas, com uma determina\u00e7\u00e3o sempre renovada em ajudar todos os que encontrava a colocarem Deus em primeiro lugar e a \u201ctornar-nos santos juntos\u201d. O seu olhar e o seu cora\u00e7\u00e3o, como agora \u00e9 demonstrado, eram movidos por um amor universal, capaz de abra\u00e7ar todos os homens para al\u00e9m de qualquer diferen\u00e7a, sempre voltado a realizar o testamento de Jesus: <\/span><i><span style=\"font-weight: 400;\">Ut omnes unum sint\u201d.<\/span><\/i><span style=\"font-weight: 400;\"> <\/span><\/p>\n<\/blockquote>\n<p>[\/et_pb_text][\/et_pb_column][et_pb_column type=&#8221;1_2&#8243; _builder_version=&#8221;4.20.2&#8243; _module_preset=&#8221;default&#8221; global_colors_info=&#8221;{}&#8221;][et_pb_text quote_border_color=&#8221;#FFB300&#8243; _builder_version=&#8221;4.23.1&#8243; _module_preset=&#8221;default&#8221; quote_text_color=&#8221;#3FA3D6&#8243; global_colors_info=&#8221;{}&#8221;]<\/p>\n<p><span style=\"font-weight: 400;\">odas as informa\u00e7\u00f5es reunidas foram entregues oficialmente \u00e0 Igreja, atrav\u00e9s <\/span><span style=\"font-weight: 400;\"> do Dicast\u00e9rio das Causas dos Santos, com o qual a Postula\u00e7\u00e3o colabora com empenho e dedica\u00e7\u00e3o, e que<\/span><span style=\"font-weight: 400;\">prossegue agora o estudo e a avalia\u00e7\u00e3o de todo o material.<\/span><\/p>\n<p class=\"qowt-stl-Titolo1\"><span style=\"font-weight: 400;\">De particular import\u00e2ncia \u00e9 o apoio das ora\u00e7\u00f5es de todos os que pedem a ajuda do Esp\u00edrito Santo para este trabalho. \u00c9 fundamental, ainda, pedir com confian\u00e7a a Deus, por intercess\u00e3o do Servo ou da Serva de Deus, as ajudas e as gra\u00e7as que somente Ele pode conceder, justamente porque imposs\u00edveis de serem alcan\u00e7adas apenas com as compet\u00eancias humanas. <\/span><\/p>\n<p><span style=\"font-weight: 400;\">\u00c9 determinante tamb\u00e9m que tais interven\u00e7\u00f5es da gra\u00e7a sejam comunicadas, sendo que as mesmas oferecem \u00e0 Igreja a possibilidade de reconhecer com maior evid\u00eancia a presen\u00e7a das condi\u00e7\u00f5es que permitem declarar beatos e santos os servos de Deus.<\/span><\/p>\n<p class=\"qowt-stl-Titolo1\"><span style=\"font-weight: 400;\">As causas de beatifica\u00e7\u00e3o e canoniza\u00e7\u00e3o atualmente em curso, no \u00e2mbito do Movimento dos Focolares, s\u00e3o 29. Entre elas a da Beata Chiara Luce Badano, e sete Vener\u00e1veis Servos de Deus.<\/span><\/p>\n<p class=\"qowt-stl-Titolo1\"><span style=\"font-weight: 400;\">O Dicast\u00e9rio das Causas dos Santos, sempre atento e sol\u00edcito em acompanhar e sustentar o trabalho das v\u00e1rias postula\u00e7\u00f5es, a partir de 2022 instituiu encontros anuais destinados \u00e0 atualiza\u00e7\u00e3o e \u00e0 forma\u00e7\u00e3o daqueles que est\u00e3o atuando nas causas de beatifica\u00e7\u00e3o e canoniza\u00e7\u00e3o. <\/span><\/p>\n<p class=\"qowt-stl-Titolo1\"><span style=\"font-weight: 400;\">O cardeal Marcello Semeraro, Prefeito do Dicast\u00e9rio, na conclus\u00e3o do  <\/span><span style=\"font-weight: 400;\">Encontro 2022 <\/span><span style=\"font-weight: 400;\">\u201cA santidade hoje\u201d,<\/span><span style=\"font-weight: 400;\"> prop\u00f4s uma imagem muito eficaz para expressar o valor da santidade na Igreja e tamb\u00e9m o significado do trabalho intenso e ardoroso daqueles que se dedicam a tal pesquisa, a fim de torna-la conhecida como tesouro precioso da humanidade. <\/span> <\/p>\n<blockquote>\n<p class=\"qowt-stl-Titolo1\"><span style=\"font-weight: 400;\">\u201cA santidade \u00e9 como um rio subterr\u00e2neo que, ainda que sempre alimente a Igreja, em alguns lugares \u2013 e estes s\u00e3o a vida dos santos canonizados \u2013 extravasa e jorra como uma fonte. A maioria das vezes, com certeza, \u00e9 preciso que exista algu\u00e9m dispon\u00edvel para cavar o po\u00e7o\u2026 e este \u00e9 o trabalho do nosso Dicast\u00e9rio: desde o come\u00e7o, nas Igrejas particulares, at\u00e9 o trabalho dos postuladores e das postuladoras, dos consultores, dos cardeais e bispos na Ordin\u00e1ria do Dicast\u00e9rio, at\u00e9 a decis\u00e3o do Sucessor de Pedro. Cavar o po\u00e7o do qual jorra a \u00e1gua subterr\u00e2nea, escondida!\u201d.<\/span><\/p>\n<\/blockquote>\n<p>[\/et_pb_text][difl_dual_button btn_left_background_bgcolor=&#8221;#FFB300&#8243; btn_left_font_icon=&#8221;&#xe092;||divi||400&#8243; btn_left_icon_color=&#8221;#FFFFFF&#8221; btn_right_background_bgcolor=&#8221;#3FA3D6&#8243; btn_right_font_icon=&#8221;&#xe092;||divi||400&#8243; btn_right_icon_color=&#8221;#FFFFFF&#8221; left_button=&#8221;Baixar a Ora\u00e7\u00e3o de intercess\u00e3o&#8221; left_button_url=&#8221;https:\/\/www.focolare.org\/wp-content\/uploads\/2023\/12\/Chiara-Lubich_preghiera-di-intercessione-PT.pdf&#8221; left_button_target=&#8221;on&#8221; button_separator=&#8221;on&#8221; separator_text=&#8221;o&#8221; alignment=&#8221;left&#8221; _builder_version=&#8221;4.23.1&#8243; _module_preset=&#8221;default&#8221; left_button_text_color=&#8221;#FFFFFF&#8221; left_button_font_size=&#8221;16px&#8221; right_button_text_color=&#8221;#FFFFFF&#8221; right_button_font_size=&#8221;16px&#8221; separator_font=&#8221;|600|||||||&#8221; separator_text_color=&#8221;#FFFFFF&#8221; border_radii_left_button=&#8221;on|7px|7px|7px|7px&#8221; border_radii_right_button=&#8221;on|7px|7px|7px|7px&#8221; border_width_all_separator=&#8221;10px&#8221; border_color_all_separator=&#8221;#FFFFFF&#8221; global_colors_info=&#8221;{}&#8221; btn_left_background_bgcolor__hover_enabled=&#8221;on|hover&#8221; btn_right_background_bgcolor__hover_enabled=&#8221;on|hover&#8221; btn_right_background_bgcolor__hover=&#8221;#FFB300&#8243; btn_left_background_bgcolor__hover=&#8221;#3FA3D6&#8243; border_color_all_separator__hover_enabled=&#8221;on|desktop&#8221; border_color_all_separator__hover=&#8221;#FFFFFF&#8221;][\/difl_dual_button][et_pb_text quote_border_color=&#8221;#FFB300&#8243; _builder_version=&#8221;4.23.1&#8243; _module_preset=&#8221;default&#8221; quote_text_color=&#8221;#3FA3D6&#8243; custom_padding=&#8221;3%||||false|false&#8221; border_color_all=&#8221;#3FA3D6&#8243; border_width_top=&#8221;1px&#8221; global_colors_info=&#8221;{}&#8221;]<\/p>\n<h3><strong>Para informa\u00e7\u00f5es, pedidos e comunica\u00e7\u00f5es dirigir-se a:<\/strong><\/h3>\n<p>Movimento dei Focolari \u2013 Postulazione Chiara (Silvia) Lubich<br \/>Via Frascati, 306 \u2013 00040 Rocca di Papa (RM) \u2013 Italia<br \/><strong>Email<\/strong>: postulazionechiaralubich@focolare.org<br \/><strong>Tel<\/strong>. (+39) 06 \u2013 94798139<br \/><strong>Cell.<\/strong>  (+39) 389 343 9529<\/p>\n<h3><strong>Formas de DOA\u00c7\u00c3O<\/strong><\/h3>\n<p>Pode-se realizar um dep\u00f3sito na conta corrente em nome de: <strong> COMITATO POSTULAZIONE CHIARA (SILVIA) LUBICH<\/strong><strong><\/strong><\/p>\n<ul>\n<li><strong>c\/c bancario n.<\/strong>  000103229501<\/li>\n<li><strong>IBAN C\u00f3digo:<\/strong> IT 42 Q 02008 39103 000103229501<\/li>\n<li><strong>C\u00f3digo SWIFT\/BIC:<\/strong> UNCRTM1383<\/li>\n<\/ul>\n<p><strong>Banca Unicredit<\/strong> \u2013 Agenzia di Frascati \u2013 Piazza Mazzini 18, 00044 Frascati (RM)<\/p>\n<p>[\/et_pb_text][\/et_pb_column][\/et_pb_row][\/et_pb_section]<\/p>\n","protected":false},"excerpt":{"rendered":"<p>Causa de canoniza\u00e7\u00e3oTestemunha de f\u00e9 e de amor Na Igreja cat\u00f3lica costuma-se apresentar aos pr\u00f3prios fieis, como est\u00edmulo de vida crist\u00e3, pessoas que se distinguiram por um especial testemunho de f\u00e9 e de amor para com Deus e com todos. Isto acontece ap\u00f3s um processo can\u00f4nico de verifica\u00e7\u00e3o, que considera inclusive o patrim\u00f4nio de vida, [&hellip;]<\/p>\n","protected":false},"author":1,"featured_media":0,"parent":0,"menu_order":0,"comment_status":"closed","ping_status":"closed","template":"","meta":{"give_campaign_id":0,"_seopress_robots_primary_cat":"","_seopress_titles_title":"","_seopress_titles_desc":"","_seopress_robots_index":"","_et_pb_use_builder":"on","_et_pb_old_content":"","_et_gb_content_width":"","footnotes":""},"difl_page_category":[],"class_list":["post-284967","page","type-page","status-publish","hentry"],"campaignId":"","_links":{"self":[{"href":"https:\/\/www.focolare.org\/pt-pt\/wp-json\/wp\/v2\/pages\/284967","targetHints":{"allow":["GET"]}}],"collection":[{"href":"https:\/\/www.focolare.org\/pt-pt\/wp-json\/wp\/v2\/pages"}],"about":[{"href":"https:\/\/www.focolare.org\/pt-pt\/wp-json\/wp\/v2\/types\/page"}],"author":[{"embeddable":true,"href":"https:\/\/www.focolare.org\/pt-pt\/wp-json\/wp\/v2\/users\/1"}],"replies":[{"embeddable":true,"href":"https:\/\/www.focolare.org\/pt-pt\/wp-json\/wp\/v2\/comments?post=284967"}],"version-history":[{"count":0,"href":"https:\/\/www.focolare.org\/pt-pt\/wp-json\/wp\/v2\/pages\/284967\/revisions"}],"wp:attachment":[{"href":"https:\/\/www.focolare.org\/pt-pt\/wp-json\/wp\/v2\/media?parent=284967"}],"wp:term":[{"taxonomy":"difl_page_category","embeddable":true,"href":"https:\/\/www.focolare.org\/pt-pt\/wp-json\/wp\/v2\/difl_page_category?post=284967"}],"curies":[{"name":"wp","href":"https:\/\/api.w.org\/{rel}","templated":true}]}}