{"id":284968,"date":"2023-09-22T16:17:25","date_gmt":"2023-09-22T14:17:25","guid":{"rendered":"https:\/\/www.focolare.org\/percursos-de-formacao\/"},"modified":"2024-07-01T09:51:04","modified_gmt":"2024-07-01T07:51:04","slug":"percursos-de-formacao","status":"publish","type":"page","link":"https:\/\/www.focolare.org\/pt-pt\/percursos-de-formacao\/","title":{"rendered":"Percursos de forma\u00e7\u00e3o"},"content":{"rendered":"<p>[et_pb_section fb_built=&#8221;1&#8243; custom_padding_last_edited=&#8221;on|phone&#8221; _builder_version=&#8221;4.22.2&#8243; _module_preset=&#8221;default&#8221; background_enable_color=&#8221;off&#8221; background_image=&#8221;https:\/\/www.focolare.org\/wp-content\/uploads\/2023\/10\/Percorsi_Formativi02.jpg&#8221; width=&#8221;100%&#8221; max_width=&#8221;100%&#8221; min_height=&#8221;600px&#8221; min_height_tablet=&#8221;600px&#8221; min_height_phone=&#8221;600px&#8221; min_height_last_edited=&#8221;on|phone&#8221; height=&#8221;600px&#8221; height_tablet=&#8221;600px&#8221; height_phone=&#8221;600px&#8221; height_last_edited=&#8221;on|phone&#8221; max_height=&#8221;600px&#8221; custom_margin=&#8221;0px||0px||false|false&#8221; custom_margin_tablet=&#8221;0px||0px||false|false&#8221; custom_margin_phone=&#8221;||0px||false|false&#8221; custom_margin_last_edited=&#8221;on|phone&#8221; custom_padding=&#8221;0px||0px||true|false&#8221; custom_padding_tablet=&#8221;10%||10%||true|false&#8221; custom_padding_phone=&#8221;20%||20%||true|false&#8221; bottom_divider_color=&#8221;#3FA3D6&#8243; bottom_divider_repeat=&#8221;1x&#8221; bottom_divider_flip=&#8221;horizontal&#8221; locked=&#8221;off&#8221; global_colors_info=&#8221;{}&#8221;][et_pb_row _builder_version=&#8221;4.21.0&#8243; _module_preset=&#8221;default&#8221; global_colors_info=&#8221;{}&#8221;][et_pb_column type=&#8221;4_4&#8243; _builder_version=&#8221;4.21.0&#8243; _module_preset=&#8221;default&#8221; global_colors_info=&#8221;{}&#8221;][\/et_pb_column][\/et_pb_row][\/et_pb_section][et_pb_section fb_built=&#8221;1&#8243; custom_padding_last_edited=&#8221;on|phone&#8221; _builder_version=&#8221;4.21.0&#8243; _module_preset=&#8221;default&#8221; custom_margin=&#8221;||||false|false&#8221; custom_padding=&#8221;||3%||false|false&#8221; custom_padding_tablet=&#8221;||4%||false|false&#8221; custom_padding_phone=&#8221;||20%||false|false&#8221; top_divider_style=&#8221;ramp&#8221; top_divider_color=&#8221;#3FA3D6&#8243; top_divider_height=&#8221;150px&#8221; top_divider_repeat=&#8221;1x&#8221; top_divider_flip=&#8221;horizontal&#8221; bottom_divider_style=&#8221;ramp&#8221; bottom_divider_color=&#8221;#FFB300&#8243; bottom_divider_height=&#8221;150px&#8221; bottom_divider_repeat=&#8221;1x&#8221; bottom_divider_flip=&#8221;horizontal&#8221; locked=&#8221;off&#8221; global_colors_info=&#8221;{}&#8221;][et_pb_row _builder_version=&#8221;4.21.0&#8243; _module_preset=&#8221;default&#8221; custom_margin=&#8221;0px||0px||false|false&#8221; custom_margin_tablet=&#8221;0px||0px||false|false&#8221; custom_margin_phone=&#8221;-5%||||false|false&#8221; custom_margin_last_edited=&#8221;on|phone&#8221; custom_padding=&#8221;0px||0px||false|false&#8221; global_colors_info=&#8221;{}&#8221;][et_pb_column type=&#8221;4_4&#8243; _builder_version=&#8221;4.21.0&#8243; _module_preset=&#8221;default&#8221; global_colors_info=&#8221;{}&#8221;][et_pb_text _builder_version=&#8221;4.22.2&#8243; _module_preset=&#8221;default&#8221; header_font=&#8221;|600|||||||&#8221; header_text_align=&#8221;center&#8221; header_text_color=&#8221;#FFFFFF&#8221; header_font_size=&#8221;40px&#8221; custom_margin=&#8221;||3%||false|false&#8221; custom_margin_tablet=&#8221;||0px||false|false&#8221; custom_margin_phone=&#8221;||||false|false&#8221; custom_margin_last_edited=&#8221;on|phone&#8221; custom_padding=&#8221;||||false|false&#8221; global_colors_info=&#8221;{}&#8221;]<\/p>\n<h1>Percursos de forma\u00e7\u00e3o<\/h1>\n<p>[\/et_pb_text][\/et_pb_column][\/et_pb_row][\/et_pb_section][et_pb_section fb_built=&#8221;1&#8243; module_id=&#8221;incomunione&#8221; _builder_version=&#8221;4.20.2&#8243; _module_preset=&#8221;default&#8221; custom_padding=&#8221;||0px|||&#8221; global_colors_info=&#8221;{}&#8221;][et_pb_row use_custom_gutter=&#8221;on&#8221; _builder_version=&#8221;4.22.2&#8243; _module_preset=&#8221;default&#8221; max_width=&#8221;80%&#8221; custom_margin=&#8221;0px||0px||false|false&#8221; custom_padding=&#8221;0px||0px||false|false&#8221; global_colors_info=&#8221;{}&#8221;][et_pb_column type=&#8221;4_4&#8243; _builder_version=&#8221;4.20.2&#8243; _module_preset=&#8221;default&#8221; global_colors_info=&#8221;{}&#8221;][et_pb_text _builder_version=&#8221;4.22.2&#8243; _module_preset=&#8221;default&#8221; global_colors_info=&#8221;{}&#8221;]<\/p>\n<div class=\"wpb_column vc_column_container vc_col-sm-6\">\n<div class=\"vc_column-inner vc_custom_1540124150842\">\n<div class=\"wpb_wrapper\">\n<div class=\"wpb_text_column wpb_content_element p { margin-bottom: 3px; }\">\n<div class=\"wpb_wrapper\">\n<blockquote>\n<div style=\"text-align: left;\"><strong>\u201c<i>O nosso Movimento e a nossa hist\u00f3ria, de fato,<br \/>podem ser vistos como um grande e extraordin\u00e1rio evento educativo.<br \/>Todos os fatores da educa\u00e7\u00e3o est\u00e3o presentes<br \/>e \u00e9 tamb\u00e9m evidente a presen\u00e7a de uma teoria da educa\u00e7\u00e3o,<br \/>de uma pedagogia bem definida<br \/>que sustenta as nossas a\u00e7\u00f5es educacionais<\/i>\u201d<i>.<\/i><\/strong><\/div>\n<\/blockquote>\n<\/div>\n<\/div>\n<\/div>\n<\/div>\n<\/div>\n<p>[\/et_pb_text][et_pb_text _builder_version=&#8221;4.22.2&#8243; _module_preset=&#8221;default&#8221; text_font=&#8221;||on||||||&#8221; text_font_size=&#8221;12px&#8221; text_line_height=&#8221;1.2em&#8221; header_font_size=&#8221;10px&#8221; width=&#8221;60%&#8221; max_width=&#8221;60%&#8221; custom_margin=&#8221;0px||0px||false|false&#8221; custom_padding=&#8221;0px||0px||false|false&#8221; global_colors_info=&#8221;{}&#8221;]<\/p>\n<div class=\"wpb_column vc_column_container vc_col-sm-6\">\n<div class=\"vc_column-inner vc_custom_1540124150842\">\n<div class=\"wpb_wrapper\">\n<div class=\"wpb_text_column wpb_content_element p { margin-bottom: 3px; }\">\n<div class=\"wpb_wrapper\">\n<p><span style=\"color: #000000;\">C. LUBICH, <i>Confer\u00eancia para obten\u00e7\u00e3o do t\u00edtulo honoris causa em Pedagogia<\/i>, American Catholic University, Washington D.C., 10 novembro 2000),<\/span><span style=\"color: #000000;\">em <i>Dottorati honoris causa conferiti a Chiara Lubich, <\/i><i><\/i>(ao cuidado de) Centro Chiara Lubich \u2013 Istituto UniversitarioSophia<i>, <\/i>Citt\u00e0 Nuova, Roma 2016<\/span><span><\/span><\/p>\n<p><span><\/span><\/p>\n<p>&nbsp;<\/p>\n<\/div>\n<\/div>\n<\/div>\n<\/div>\n<\/div>\n<p>[\/et_pb_text][et_pb_text _builder_version=&#8221;4.22.2&#8243; _module_preset=&#8221;default&#8221; global_colors_info=&#8221;{}&#8221;]<\/p>\n<div class=\"wpb_column vc_column_container vc_col-sm-6\">\n<div class=\"vc_column-inner vc_custom_1540124150842\">\n<div class=\"wpb_wrapper\">\n<div class=\"wpb_text_column wpb_content_element p { margin-bottom: 3px; }\">\n<div class=\"wpb_wrapper\">\n<div style=\"text-align: right;\"><\/div>\n<h3 style=\"text-align: center;\"><span style=\"color: #ff9900;\"><strong>Construir uma rede entre educadores, na diversidade de fun\u00e7\u00f5es, e colaborar para os mesmos objetivos educacionais<br \/><\/strong><\/span><span style=\"color: #ff9900;\"><strong>\u00e9 um pr\u00e9-requisito essencial para acompanhar melhor as crian\u00e7as e os adolescentes no processo de crescimento humano e espiritual <br \/>e o principal motor da proposta formativa.<\/strong><\/span><\/h3>\n<\/div>\n<\/div>\n<\/div>\n<\/div>\n<\/div>\n<p>[\/et_pb_text][\/et_pb_column][\/et_pb_row][\/et_pb_section][et_pb_section fb_built=&#8221;1&#8243; module_id=&#8221;indialogo&#8221; _builder_version=&#8221;4.20.2&#8243; _module_preset=&#8221;default&#8221; background_enable_color=&#8221;off&#8221; custom_margin=&#8221;0px||0px||true|false&#8221; custom_padding=&#8221;0px||0px||false|false&#8221; collapsed=&#8221;on&#8221; global_colors_info=&#8221;{}&#8221;][et_pb_row column_structure=&#8221;3_5,2_5&#8243; use_custom_gutter=&#8221;on&#8221; _builder_version=&#8221;4.22.2&#8243; _module_preset=&#8221;default&#8221; max_width=&#8221;80%&#8221; global_colors_info=&#8221;{}&#8221;][et_pb_column type=&#8221;3_5&#8243; _builder_version=&#8221;4.20.2&#8243; _module_preset=&#8221;default&#8221; global_colors_info=&#8221;{}&#8221;][et_pb_text _builder_version=&#8221;4.23.1&#8243; _module_preset=&#8221;default&#8221; text_text_color=&#8221;#777777&#8243; header_text_color=&#8221;#FFFFFF&#8221; header_2_text_color=&#8221;#FFFFFF&#8221; global_colors_info=&#8221;{}&#8221;]<\/p>\n<div class=\"cz_gap clr \">\n<h3 class=\"vc_custom_heading\"><b>EDUxEDU<\/b><\/h3>\n<div class=\"wpb_text_column wpb_content_element \">\n<div class=\"wpb_wrapper\">\n<p class=\"paragraph\" style=\"margin: 0cm; text-align: justify; vertical-align: baseline;\"><span class=\"normaltextrun\"><b><span style=\"font-size: 13.0pt; font-family: 'Calibri',sans-serif;\">EDUxEDU<\/span> <span style=\"user-select: text; -webkit-user-drag: none; -webkit-tap-highlight-color: transparent;\"> \u2013 educar-se para educar \u2013 <\/span><\/b><span style=\"user-select: text; -webkit-user-drag: none; -webkit-tap-highlight-color: transparent;\">\u00e9 um programa internacional de forma\u00e7\u00e3o para educadores de crian\u00e7as e adolescentes, promovido pelo Movimento dos Focolares, em parceria com o Instituto Universit\u00e1rio Sophia (Incisa Val d\u2019Arno, Floren\u00e7a) e a Universidade LUMSA (Roma) e tem como veste jur\u00eddica a Associa\u00e7\u00e3o Internacional \u201cHumanidade <\/span><span style=\"user-select: text; -webkit-user-drag: none; -webkit-tap-highlight-color: transparent; background-image: var(--urlSpellingErrorV2, ); border-bottom: transparent; background-position-x: 0%; background-position-y: 100%;\">Nova<\/span><span style=\"user-select: text; -webkit-user-drag: none; -webkit-tap-highlight-color: transparent;\">\u201d (ONG).<\/span><\/span><span data-contrast=\"auto\" xml:lang=\"IT-IT\" style=\"user-select: text; -webkit-user-drag: none; -webkit-tap-highlight-color: transparent; font-variant-ligatures: none !important;\"><span style=\"user-select: text; -webkit-user-drag: none; -webkit-tap-highlight-color: transparent;\"><span class=\"normaltextrun\"><span style=\"font-size: 11.0pt; font-family: 'Calibri',sans-serif;\"> <\/span><\/span>Diversas ag\u00eancias educacionais colaboram com o programa, comprometidas diariamente com a promo\u00e7\u00e3o, a valoriza\u00e7\u00e3o e o apoio de uma cultura para crian\u00e7as e adolescentes em diferentes contextos, como a fam\u00edlia, a escola, a par\u00f3quia, o esporte, as associa\u00e7\u00f5es, as publica\u00e7\u00f5es, <span style=\"user-select: text; -webkit-user-drag: none; -webkit-tap-highlight-color: transparent; background-image: var(--urlSpellingErrorV2, ); border-bottom: transparent; background-position-x: 0%; background-position-y: 100%;\">etc<\/span>\u2026<\/span><\/span><span data-ccp-props=\"{\"201341983\":0,\"335551550\":6,\"335551620\":6,\"335559739\":120,\"335559740\":240}\" style=\"user-select: text; -webkit-user-drag: none; -webkit-tap-highlight-color: transparent;\"><span class=\"eop\"><span style=\"font-size: 11.0pt; font-family: 'Calibri',sans-serif;\"> <\/span><\/span><\/span><\/p>\n<p><a href=\"https:\/\/eduxedu.focolare.org\/\" target=\"_blank\" rel=\"noopener\"><span data-ccp-props=\"{\"201341983\":0,\"335551550\":6,\"335551620\":6,\"335559739\":120,\"335559740\":240}\" style=\"user-select: text; -webkit-user-drag: none; -webkit-tap-highlight-color: transparent;\"><span class=\"eop\"><span style=\"font-size: 13.0pt; font-family: 'Calibri',sans-serif;\"><strong>\u2192 <\/strong> Ir para a plataforma<\/span><\/span><\/span><\/a><\/p>\n<\/div>\n<\/div>\n<\/div>\n<p>[\/et_pb_text][\/et_pb_column][et_pb_column type=&#8221;2_5&#8243; _builder_version=&#8221;4.22.2&#8243; _module_preset=&#8221;default&#8221; global_colors_info=&#8221;{}&#8221;][et_pb_image src=&#8221;https:\/\/www.focolare.org\/wp-content\/uploads\/2023\/10\/EduxEdu.png&#8221; title_text=&#8221;EduxEdu&#8221; url=&#8221;https:\/\/eduxedu.focolare.org\/&#8221; url_new_window=&#8221;on&#8221; _builder_version=&#8221;4.22.2&#8243; _module_preset=&#8221;default&#8221; width=&#8221;45%&#8221; max_width=&#8221;45%&#8221; global_colors_info=&#8221;{}&#8221;][\/et_pb_image][\/et_pb_column][\/et_pb_row][et_pb_row column_structure=&#8221;3_5,2_5&#8243; use_custom_gutter=&#8221;on&#8221; _builder_version=&#8221;4.22.2&#8243; _module_preset=&#8221;default&#8221; max_width=&#8221;80%&#8221; global_colors_info=&#8221;{}&#8221;][et_pb_column type=&#8221;3_5&#8243; _builder_version=&#8221;4.20.2&#8243; _module_preset=&#8221;default&#8221; global_colors_info=&#8221;{}&#8221;][et_pb_text _builder_version=&#8221;4.23.1&#8243; _module_preset=&#8221;default&#8221; text_text_color=&#8221;#777777&#8243; header_text_color=&#8221;#FFFFFF&#8221; header_2_text_color=&#8221;#FFFFFF&#8221; global_colors_info=&#8221;{}&#8221;]<\/p>\n<div class=\"cz_gap clr \">\n<h3 class=\"vc_custom_heading\"><b>Up2Me<\/b><\/h3>\n<div class=\"wpb_text_column wpb_content_element \">\n<div class=\"wpb_wrapper\">\n<p class=\"paragraph\" style=\"margin: 0cm; text-align: justify; vertical-align: baseline;\"><span><span class=\"ui-provider ec axh axi axj axk axl axm axn axo axp axq axr axs axt axu axv axw axx axy axz aya ayb ayc ayd aye ayf ayg ayh ayi ayj ayk ayl aym ayn ayo\" dir=\"ltr\"><strong>O Projeto Up2Me<\/strong><strong> <\/strong>\u2013 literalmente: <strong>\u201cdepende de mim\u201d \u2013 <\/strong> foi criado para oferecer \u00e0s crian\u00e7as, pr\u00e9-adolescentes, adolescentes e suas fam\u00edlias um espa\u00e7o personalizado, compartilhado e qualificado para conhecer e lidar com suas emo\u00e7\u00f5es, criar rela\u00e7\u00f5es positivas na fam\u00edlia, na escola, nos grupos; enfim, oferecer ferramentas para a constru\u00e7\u00e3o de um projeto de vida. <\/span><\/span><\/p>\n<p><span data-ccp-props=\"{\"201341983\":0,\"335551550\":6,\"335551620\":6,\"335559739\":120,\"335559740\":240}\" style=\"user-select: text; -webkit-user-drag: none; -webkit-tap-highlight-color: transparent;\"><span class=\"eop\"><span style=\"font-size: 13.0pt; font-family: 'Calibri',sans-serif;\"><a href=\"https:\/\/up2me.afnonlus.org\/up2me-giovani-un-cantiere-aperto\/\" target=\"_blank\" rel=\"noopener\"><strong>\u2192 <\/strong>Ir para a plataforma<\/a> <\/span><\/span><\/span><\/div>\n<\/div>\n<\/div>\n<p>[\/et_pb_text][\/et_pb_column][et_pb_column type=&#8221;2_5&#8243; _builder_version=&#8221;4.22.2&#8243; _module_preset=&#8221;default&#8221; global_colors_info=&#8221;{}&#8221;][et_pb_image src=&#8221;https:\/\/www.focolare.org\/wp-content\/uploads\/2023\/10\/UP2Me-ok.png&#8221; title_text=&#8221;UP2Me-ok&#8221; url=&#8221;https:\/\/up2me.afnonlus.org\/up2me-giovani-un-cantiere-aperto\/&#8221; url_new_window=&#8221;on&#8221; _builder_version=&#8221;4.22.2&#8243; _module_preset=&#8221;default&#8221; width=&#8221;45%&#8221; max_width=&#8221;45%&#8221; global_colors_info=&#8221;{}&#8221;][\/et_pb_image][\/et_pb_column][\/et_pb_row][et_pb_row column_structure=&#8221;3_5,2_5&#8243; use_custom_gutter=&#8221;on&#8221; _builder_version=&#8221;4.22.2&#8243; _module_preset=&#8221;default&#8221; max_width=&#8221;80%&#8221; global_colors_info=&#8221;{}&#8221;][et_pb_column type=&#8221;3_5&#8243; _builder_version=&#8221;4.20.2&#8243; _module_preset=&#8221;default&#8221; global_colors_info=&#8221;{}&#8221;][et_pb_text _builder_version=&#8221;4.23.1&#8243; _module_preset=&#8221;default&#8221; text_text_color=&#8221;#777777&#8243; header_text_color=&#8221;#FFFFFF&#8221; header_2_text_color=&#8221;#FFFFFF&#8221; hover_enabled=&#8221;0&#8243; global_colors_info=&#8221;{}&#8221; sticky_enabled=&#8221;0&#8243;]<\/p>\n<h3 style=\"text-align: left;\"><b>FormaT<\/b><\/h3>\n<div class=\"wpb_text_column wpb_content_element \">\n<div class=\"wpb_wrapper\">\n<p style=\"text-align: justify;\"><span>O FormaT \u00e9 um <\/span><span data-contrast=\"none\">percurso global feito por formadores para formadores. Destina-se <\/span><span data-contrast=\"none\">a formadores que acompanham jovens dos 18 aos 30 anos em uma variedade de campos educacionais. No Movimento dos Focolares, serve <\/span>para a forma\u00e7\u00e3o cont\u00ednua dos respons\u00e1veis pela forma\u00e7\u00e3o e pelo acompanhamento dos jovens dos 18 aos 30 anos; para criar uma rede \u201cglocal\u201d (jun\u00e7\u00e3o das palavras global e local) de formadores que cres\u00e7am juntos; para compartilhar experi\u00eancias, habilidades e ferramentas para a forma\u00e7\u00e3o e o acompanhamento dos jovens.<br \/>Que habilidades oferece? Capacidade de generatividade e inova\u00e7\u00e3o; educa\u00e7\u00e3o para a responsabilidade, doa\u00e7\u00e3o e participa\u00e7\u00e3o; ativa uma nova forma de trabalho baseada no profissionalismo e na paix\u00e3o educacional. Apoia uma forma\u00e7\u00e3o ativa (aprender fazendo), relacional no modelo trinit\u00e1rio e integral.<\/p>\n<p><a href=\"https:\/\/format.focolare.org\/login\/index.php\" target=\"_blank\" rel=\"noopener\"><strong><\/strong><\/a><a href=\"https:\/\/format.focolare.org\/login\/index.php\" target=\"_blank\" rel=\"noopener\"><strong><span data-ccp-props=\"{\"201341983\":0,\"335551550\":6,\"335551620\":6,\"335559739\":120,\"335559740\":240}\" style=\"user-select: text; -webkit-user-drag: none; -webkit-tap-highlight-color: transparent;\"><span class=\"eop\"><span style=\"font-size: 13.0pt; font-family: 'Calibri',sans-serif;\">\u2192 <\/span><\/span><\/span><\/strong>Ir para a plataforma<\/a><\/p>\n<\/div>\n<\/div>\n<p>[\/et_pb_text][\/et_pb_column][et_pb_column type=&#8221;2_5&#8243; _builder_version=&#8221;4.22.2&#8243; _module_preset=&#8221;default&#8221; global_colors_info=&#8221;{}&#8221;][et_pb_image src=&#8221;https:\/\/www.focolare.org\/wp-content\/uploads\/2023\/10\/FormaT-ok.png&#8221; title_text=&#8221;FormaT-ok&#8221; url=&#8221;https:\/\/format.focolare.org\/login\/index.php&#8221; url_new_window=&#8221;on&#8221; _builder_version=&#8221;4.22.2&#8243; _module_preset=&#8221;default&#8221; width=&#8221;45%&#8221; max_width=&#8221;45%&#8221; global_colors_info=&#8221;{}&#8221;][\/et_pb_image][\/et_pb_column][\/et_pb_row][et_pb_row column_structure=&#8221;3_5,2_5&#8243; use_custom_gutter=&#8221;on&#8221; _builder_version=&#8221;4.22.2&#8243; _module_preset=&#8221;default&#8221; max_width=&#8221;80%&#8221; global_colors_info=&#8221;{}&#8221;][et_pb_column type=&#8221;3_5&#8243; _builder_version=&#8221;4.20.2&#8243; _module_preset=&#8221;default&#8221; global_colors_info=&#8221;{}&#8221;][et_pb_text _builder_version=&#8221;4.23.1&#8243; _module_preset=&#8221;default&#8221; text_text_color=&#8221;#777777&#8243; header_text_color=&#8221;#FFFFFF&#8221; header_2_text_color=&#8221;#FFFFFF&#8221; hover_enabled=&#8221;0&#8243; global_colors_info=&#8221;{}&#8221; sticky_enabled=&#8221;0&#8243;]<\/p>\n<div class=\"cz_gap clr \">\n<h3 class=\"vc_custom_heading\"><b>UPM<\/b><\/h3>\n<div class=\"wpb_text_column wpb_content_element \">\n<p class=\"wpb_wrapper\"><span>O objetivo da Universidade Popular Mariana (UPM) \u00e9 ensinar a <strong> sabedoria crist\u00e3<\/strong>. \u00c9 dividida em cursos anuais ou cursos plurianuais. Com um car\u00e1ter popular, procura aproximar o conhecimento da f\u00e9 e da doutrina de pessoas de todas as regi\u00f5es e culturas, gra\u00e7as \u00e0s suas secretarias locais. <\/span><span>O seu caminho de e-learning oferece cursos sobre os fundamentos da f\u00e9 e da vida crist\u00e3.<\/span><\/p>\n<p><a href=\"https:\/\/www.universitapopolaremariana.org\/\" target=\"_blank\" rel=\"noopener\"><strong><\/strong><strong><span data-ccp-props=\"{\"201341983\":0,\"335551550\":6,\"335551620\":6,\"335559739\":120,\"335559740\":240}\" style=\"user-select: text; -webkit-user-drag: none; -webkit-tap-highlight-color: transparent;\"><span class=\"eop\"><span style=\"font-size: 13.0pt; font-family: 'Calibri',sans-serif;\">\u2192<\/span><\/span><\/span><\/strong> <span data-contrast=\"auto\" lang=\"IT-IT\" style=\"user-select: text; -webkit-user-drag: none; -webkit-tap-highlight-color: transparent; font-variant-ligatures: none !important;\"><span style=\"user-select: text; -webkit-user-drag: none; -webkit-tap-highlight-color: transparent;\"><span class=\"normaltextrun\"><span style=\"font-size: 13.0pt; font-family: 'Calibri',sans-serif;\">Ir para a plataforma<\/span><\/span><\/span><\/span><\/a><\/p>\n<p>&nbsp;<\/p>\n<\/div>\n<\/div>\n<p>[\/et_pb_text][\/et_pb_column][et_pb_column type=&#8221;2_5&#8243; _builder_version=&#8221;4.22.2&#8243; _module_preset=&#8221;default&#8221; global_colors_info=&#8221;{}&#8221;][et_pb_image src=&#8221;https:\/\/www.focolare.org\/wp-content\/uploads\/2023\/10\/UPM-ok.png&#8221; title_text=&#8221;UPM-ok&#8221; url=&#8221;https:\/\/www.universitapopolaremariana.org\/es\/&#8221; url_new_window=&#8221;on&#8221; _builder_version=&#8221;4.22.2&#8243; _module_preset=&#8221;default&#8221; width=&#8221;45%&#8221; max_width=&#8221;45%&#8221; global_colors_info=&#8221;{}&#8221;][\/et_pb_image][\/et_pb_column][\/et_pb_row][et_pb_row column_structure=&#8221;3_5,2_5&#8243; use_custom_gutter=&#8221;on&#8221; _builder_version=&#8221;4.22.2&#8243; _module_preset=&#8221;default&#8221; max_width=&#8221;80%&#8221; global_colors_info=&#8221;{}&#8221;][et_pb_column type=&#8221;3_5&#8243; _builder_version=&#8221;4.20.2&#8243; _module_preset=&#8221;default&#8221; global_colors_info=&#8221;{}&#8221;][et_pb_text _builder_version=&#8221;4.23.1&#8243; _module_preset=&#8221;default&#8221; text_text_color=&#8221;#777777&#8243; header_text_color=&#8221;#FFFFFF&#8221; header_2_text_color=&#8221;#FFFFFF&#8221; header_6_text_color=&#8221;#3FA3D6&#8243; hover_enabled=&#8221;0&#8243; global_colors_info=&#8221;{}&#8221; sticky_enabled=&#8221;0&#8243;]<\/p>\n<div class=\"cz_gap clr \">\n<h3 class=\"vc_custom_heading\"><b>Forma\u00e7\u00e3o para membros consagrados<\/b><\/h3>\n<div class=\"wpb_text_column wpb_content_element \">\n<div class=\"wpb_wrapper\">\n<p style=\"text-align: justify;\"><span>No caminho da vida, \u00e9 preciso garantir a forma\u00e7\u00e3o integral e o acompanhamento.<\/span><span><\/span><br \/><span data-contrast=\"auto\">Essa plataforma destina-se a apoiar as focolarinas e os focolarinos em todas as partes do mundo e \u00e9 reservada a eles, desde o in\u00edcio do caminho de forma\u00e7\u00e3o \/ voca\u00e7\u00e3o e ao longo de toda a sua vida.<\/span><span> <\/span><\/p>\n<p><span>Contato <\/span><a href=\"mailto:formazione.p6a@gmail.com\"><span>formazione.p6a@gmail.com<\/span><\/a><\/p>\n<p><a href=\"https:\/\/www.universitapopolaremariana.org\/\" target=\"_blank\" rel=\"noopener\"><strong><\/strong><\/a><a href=\"https:\/\/formazione.focolarine-i.org\/\" target=\"_blank\" rel=\"noopener\"><strong><span data-ccp-props=\"{\"201341983\":0,\"335551550\":6,\"335551620\":6,\"335559739\":120,\"335559740\":240}\" style=\"user-select: text; -webkit-user-drag: none; -webkit-tap-highlight-color: transparent;\"><span class=\"eop\"><span style=\"font-size: 13.0pt; font-family: 'Calibri',sans-serif;\">\u2192<\/span><\/span><\/span><\/strong> Ir para a plataforma<\/a><\/p>\n<p><span data-contrast=\"auto\"><\/span><\/p>\n<\/div>\n<\/div>\n<\/div>\n<p>[\/et_pb_text][\/et_pb_column][et_pb_column type=&#8221;2_5&#8243; _builder_version=&#8221;4.22.2&#8243; _module_preset=&#8221;default&#8221; global_colors_info=&#8221;{}&#8221;][et_pb_image src=&#8221;https:\/\/www.focolare.org\/wp-content\/uploads\/2023\/10\/Focolare-ok.png&#8221; title_text=&#8221;Focolare-ok&#8221; url=&#8221;https:\/\/formazione.focolarine-i.org\/&#8221; url_new_window=&#8221;on&#8221; _builder_version=&#8221;4.22.2&#8243; _module_preset=&#8221;default&#8221; width=&#8221;45%&#8221; max_width=&#8221;45%&#8221; global_colors_info=&#8221;{}&#8221;][\/et_pb_image][\/et_pb_column][\/et_pb_row][\/et_pb_section]<\/p>\n","protected":false},"excerpt":{"rendered":"<p>Percursos de forma\u00e7\u00e3o \u201cO nosso Movimento e a nossa hist\u00f3ria, de fato,podem ser vistos como um grande e extraordin\u00e1rio evento educativo.Todos os fatores da educa\u00e7\u00e3o est\u00e3o presentese \u00e9 tamb\u00e9m evidente a presen\u00e7a de uma teoria da educa\u00e7\u00e3o,de uma pedagogia bem definidaque sustenta as nossas a\u00e7\u00f5es educacionais\u201d. C. LUBICH, Confer\u00eancia para obten\u00e7\u00e3o do t\u00edtulo honoris causa [&hellip;]<\/p>\n","protected":false},"author":1,"featured_media":0,"parent":0,"menu_order":0,"comment_status":"closed","ping_status":"closed","template":"","meta":{"give_campaign_id":0,"_seopress_robots_primary_cat":"","_seopress_titles_title":"","_seopress_titles_desc":"","_seopress_robots_index":"","_et_pb_use_builder":"on","_et_pb_old_content":"","_et_gb_content_width":"","footnotes":""},"difl_page_category":[],"class_list":["post-284968","page","type-page","status-publish","hentry"],"campaignId":"","_links":{"self":[{"href":"https:\/\/www.focolare.org\/pt-pt\/wp-json\/wp\/v2\/pages\/284968","targetHints":{"allow":["GET"]}}],"collection":[{"href":"https:\/\/www.focolare.org\/pt-pt\/wp-json\/wp\/v2\/pages"}],"about":[{"href":"https:\/\/www.focolare.org\/pt-pt\/wp-json\/wp\/v2\/types\/page"}],"author":[{"embeddable":true,"href":"https:\/\/www.focolare.org\/pt-pt\/wp-json\/wp\/v2\/users\/1"}],"replies":[{"embeddable":true,"href":"https:\/\/www.focolare.org\/pt-pt\/wp-json\/wp\/v2\/comments?post=284968"}],"version-history":[{"count":0,"href":"https:\/\/www.focolare.org\/pt-pt\/wp-json\/wp\/v2\/pages\/284968\/revisions"}],"wp:attachment":[{"href":"https:\/\/www.focolare.org\/pt-pt\/wp-json\/wp\/v2\/media?parent=284968"}],"wp:term":[{"taxonomy":"difl_page_category","embeddable":true,"href":"https:\/\/www.focolare.org\/pt-pt\/wp-json\/wp\/v2\/difl_page_category?post=284968"}],"curies":[{"name":"wp","href":"https:\/\/api.w.org\/{rel}","templated":true}]}}