{"id":285001,"date":"2023-04-13T09:02:04","date_gmt":"2023-04-13T07:02:04","guid":{"rendered":"https:\/\/www.focolare.org\/perguntas-mais-frequentes\/"},"modified":"2024-06-19T17:06:29","modified_gmt":"2024-06-19T15:06:29","slug":"perguntas-mais-frequentes","status":"publish","type":"page","link":"https:\/\/www.focolare.org\/pt-pt\/perguntas-mais-frequentes\/","title":{"rendered":"Perguntas Mais Frequentes"},"content":{"rendered":"<p>[et_pb_section fb_built=&#8221;1&#8243; custom_padding_last_edited=&#8221;on|phone&#8221; _builder_version=&#8221;4.21.0&#8243; _module_preset=&#8221;default&#8221; custom_margin=&#8221;||||false|false&#8221; custom_padding=&#8221;||3%||false|false&#8221; custom_padding_tablet=&#8221;||4%||false|false&#8221; custom_padding_phone=&#8221;||20%||false|false&#8221; top_divider_style=&#8221;ramp&#8221; top_divider_color=&#8221;#3FA3D6&#8243; top_divider_height=&#8221;150px&#8221; top_divider_repeat=&#8221;1x&#8221; top_divider_flip=&#8221;horizontal&#8221; bottom_divider_style=&#8221;ramp&#8221; bottom_divider_color=&#8221;#FFB300&#8243; bottom_divider_height=&#8221;150px&#8221; bottom_divider_repeat=&#8221;1x&#8221; bottom_divider_flip=&#8221;horizontal&#8221; locked=&#8221;off&#8221; global_colors_info=&#8221;{}&#8221;][et_pb_row _builder_version=&#8221;4.21.0&#8243; _module_preset=&#8221;default&#8221; custom_margin=&#8221;0px||0px||false|false&#8221; custom_margin_tablet=&#8221;0px||0px||false|false&#8221; custom_margin_phone=&#8221;-5%||||false|false&#8221; custom_margin_last_edited=&#8221;on|phone&#8221; custom_padding=&#8221;0px||0px||false|false&#8221; global_colors_info=&#8221;{}&#8221;][et_pb_column type=&#8221;4_4&#8243; _builder_version=&#8221;4.21.0&#8243; _module_preset=&#8221;default&#8221; global_colors_info=&#8221;{}&#8221;][et_pb_text _builder_version=&#8221;4.25.2&#8243; _module_preset=&#8221;default&#8221; header_font=&#8221;|600|||||||&#8221; header_text_align=&#8221;center&#8221; header_text_color=&#8221;#FFFFFF&#8221; header_font_size=&#8221;40px&#8221; custom_margin=&#8221;||3%||false|false&#8221; custom_margin_tablet=&#8221;||0px||false|false&#8221; custom_margin_phone=&#8221;||||false|false&#8221; custom_margin_last_edited=&#8221;on|phone&#8221; custom_padding=&#8221;||||false|false&#8221; global_colors_info=&#8221;{}&#8221;]<\/p>\n<div class=\"page_cover xtra-cover-type-title\">\n<div class=\"page_title\" data-title-parallax=\"\">\n<div class=\"row clr\">\n<h1 class=\"section_title \">Perguntas Mais Frequentes<\/h1>\n<\/div>\n<\/div>\n<\/div>\n<div id=\"page_content\" class=\"page_content\" role=\"main\">\n<div class=\"row clr\">\n<div class=\"s12 clr\">\n<div class=\"cz_is_blank clr\">\n<div class=\"cz_post_content clr\">\n<div class=\"wpb-content-wrapper\">\n<div id=\"aboutus\" class=\"vc_row wpb_row vc_row-fluid vc_custom_1540799645580\">\n<div class=\"wpb_column vc_column_container vc_col-sm-10\">\n<div class=\"vc_column-inner\">\n<div class=\"wpb_wrapper\">\n<div class=\"wpb_text_column wpb_content_element p { margin-bottom: 3px; }\">\n<div class=\"wpb_wrapper\"><\/div>\n<\/div>\n<\/div>\n<\/div>\n<\/div>\n<\/div>\n<\/div>\n<\/div>\n<\/div>\n<\/div>\n<\/div>\n<\/div>\n<p>[\/et_pb_text][\/et_pb_column][\/et_pb_row][\/et_pb_section][et_pb_section fb_built=&#8221;1&#8243; _builder_version=&#8221;4.16&#8243; background_size=&#8221;contain&#8221; background_repeat=&#8221;repeat-y&#8221; background_blend=&#8221;multiply&#8221; custom_padding=&#8221;4px||1px|||&#8221; locked=&#8221;off&#8221; collapsed=&#8221;on&#8221; global_colors_info=&#8221;{}&#8221;][\/et_pb_section][et_pb_section fb_built=&#8221;1&#8243; admin_label=&#8221;FAQ&#8221; _builder_version=&#8221;4.20.4&#8243; custom_margin=&#8221;0px||0px||true|false&#8221; custom_padding=&#8221;0px||0px||true|false&#8221; collapsed=&#8221;on&#8221; global_colors_info=&#8221;{}&#8221;][et_pb_row _builder_version=&#8221;4.21.0&#8243; hover_enabled=&#8221;0&#8243; global_colors_info=&#8221;{}&#8221; sticky_enabled=&#8221;0&#8243;][et_pb_column type=&#8221;4_4&#8243; _builder_version=&#8221;4.16&#8243; custom_padding=&#8221;|||&#8221; global_colors_info=&#8221;{}&#8221; custom_padding__hover=&#8221;|||&#8221;][et_pb_accordion open_toggle_text_color=&#8221;#3FA3D6&#8243; closed_toggle_text_color=&#8221;#FFB300&#8243; _builder_version=&#8221;4.25.2&#8243; toggle_text_color=&#8221;#3FA3D6&#8243; toggle_font=&#8221;Lato|700|||||||&#8221; toggle_font_size=&#8221;18px&#8221; toggle_line_height=&#8221;1.6em&#8221; body_line_height=&#8221;2em&#8221; hover_enabled=&#8221;0&#8243; toggle_font_size_tablet=&#8221;&#8221; toggle_font_size_phone=&#8221;16px&#8221; toggle_font_size_last_edited=&#8221;on|desktop&#8221; border_radii=&#8221;on|7px|7px|7px|7px&#8221; border_width_all=&#8221;0px&#8221; global_colors_info=&#8221;{}&#8221; sticky_enabled=&#8221;0&#8243;][et_pb_accordion_item title=&#8221;Perguntas Mais Frequentes&#8221; _builder_version=&#8221;4.25.2&#8243; hover_enabled=&#8221;0&#8243; box_shadow_style=&#8221;preset3&#8243; box_shadow_vertical=&#8221;0px&#8221; box_shadow_blur=&#8221;0px&#8221; box_shadow_spread=&#8221;0px&#8221; box_shadow_color=&#8221;rgba(0,0,0,0)&#8221; global_colors_info=&#8221;{}&#8221; box_shadow_vertical__hover=&#8221;25px&#8221; box_shadow_vertical__hover_enabled=&#8221;on&#8221; box_shadow_blur__hover=&#8221;45px&#8221; box_shadow_blur__hover_enabled=&#8221;on&#8221; box_shadow_spread__hover=&#8221;-30px&#8221; box_shadow_spread__hover_enabled=&#8221;on&#8221; box_shadow_color__hover=&#8221;rgba(0,0,0,0.15)&#8221; box_shadow_color__hover_enabled=&#8221;on&#8221; open=&#8221;on&#8221; sticky_enabled=&#8221;0&#8243;][\/et_pb_accordion_item][et_pb_accordion_item title=&#8221;Por que nos chamamos Movimento &quot;dos Focolares&quot;?&#8221; _builder_version=&#8221;4.21.0&#8243; box_shadow_style=&#8221;preset3&#8243; box_shadow_vertical=&#8221;0px&#8221; box_shadow_blur=&#8221;0px&#8221; box_shadow_spread=&#8221;0px&#8221; box_shadow_color=&#8221;rgba(0,0,0,0)&#8221; global_colors_info=&#8221;{}&#8221; box_shadow_vertical__hover=&#8221;25px&#8221; box_shadow_vertical__hover_enabled=&#8221;on&#8221; box_shadow_blur__hover=&#8221;45px&#8221; box_shadow_blur__hover_enabled=&#8221;on&#8221; box_shadow_spread__hover=&#8221;-30px&#8221; box_shadow_spread__hover_enabled=&#8221;on&#8221; box_shadow_color__hover=&#8221;rgba(0,0,0,0.15)&#8221; box_shadow_color__hover_enabled=&#8221;on&#8221; open=&#8221;on&#8221;]<\/p>\n<p> \u201cFocolare\u201d [\u201clareira\u201d, \u201clar\u201d, em italiano] \u00e9 o nome que as pessoas de Trento deram \u00e0 primeira comunidade \u00e0 qual Chiara Lubich deu vida com as suas primeiras companheiras. Desde o in\u00edcio, tal conviv\u00eancia recordava o calor de uma fam\u00edlia, e a pot\u00eancia da mensagem nova e revolucion\u00e1ria inspirada no Evangelho foi comparada ao fogo que arde e ilumina.<\/p>\n<p>Focolares s\u00e3o chamadas as comunidades nas quais vivem as pessoas que pronunciaram votos de castidade, pobreza e obedi\u00eancia no Movimento. Tamb\u00e9m fazem parte do focolare pessoas casadas que, fi\u00e9is ao pr\u00f3prio estado de vida e continuando a viver a pr\u00f3pria vida familiar, partilham com os consagrados virgens a escolha radical de p\u00f4r em pr\u00e1tica o amor evang\u00e9lico e de viver para realizar a unidade.<\/p>\n<p>[\/et_pb_accordion_item][et_pb_accordion_item title=&#8221;Quem \u00e9 Chiara Lubich para o Movimento dos Focolares?&#8221; _builder_version=&#8221;4.21.0&#8243; box_shadow_style=&#8221;preset3&#8243; box_shadow_vertical=&#8221;0px&#8221; box_shadow_blur=&#8221;0px&#8221; box_shadow_spread=&#8221;0px&#8221; box_shadow_color=&#8221;rgba(0,0,0,0)&#8221; global_colors_info=&#8221;{}&#8221; box_shadow_vertical__hover=&#8221;25px&#8221; box_shadow_vertical__hover_enabled=&#8221;on&#8221; box_shadow_blur__hover=&#8221;45px&#8221; box_shadow_blur__hover_enabled=&#8221;on&#8221; box_shadow_spread__hover=&#8221;-30px&#8221; box_shadow_spread__hover_enabled=&#8221;on&#8221; box_shadow_color__hover=&#8221;rgba(0,0,0,0.15)&#8221; box_shadow_color__hover_enabled=&#8221;on&#8221; open=&#8221;off&#8221;]<\/p>\n<p>Chiara \u00e9 a fundadora dos Focolares e foi a Presidente eleita do Movimento at\u00e9 a sua morte em 2008. \u00c9 considerada uma das grandes personalidades carism\u00e1ticas do nosso tempo, reconhecida e estimada por l\u00edderes do mundo crist\u00e3o e de outras religi\u00f5es e por pol\u00edticos de relevo de muitos pa\u00edses. Numerosos muitos reconhecimentos que lhe foram atribu\u00eddos: o Pr\u00eamio UNESCO para a Educa\u00e7\u00e3o para a Paz, diversos doutorados <em>honoris causa<\/em> ((por exemplo, em Teologia, Ecumenismo, Psicologia, Arte, Filosofia e Economia) e cidadanias honor\u00e1rias no mundo inteiro.<\/p>\n<p>[\/et_pb_accordion_item][et_pb_accordion_item title=&#8221;Qual \u00e9 o \u00f3rg\u00e3o de governo do Movimento dos Focolares?&#8221; _builder_version=&#8221;4.21.0&#8243; box_shadow_style=&#8221;preset3&#8243; box_shadow_vertical=&#8221;0px&#8221; box_shadow_blur=&#8221;0px&#8221; box_shadow_spread=&#8221;0px&#8221; box_shadow_color=&#8221;rgba(0,0,0,0)&#8221; global_colors_info=&#8221;{}&#8221; box_shadow_vertical__hover=&#8221;25px&#8221; box_shadow_vertical__hover_enabled=&#8221;on&#8221; box_shadow_blur__hover=&#8221;45px&#8221; box_shadow_blur__hover_enabled=&#8221;on&#8221; box_shadow_spread__hover=&#8221;-30px&#8221; box_shadow_spread__hover_enabled=&#8221;on&#8221; box_shadow_color__hover=&#8221;rgba(0,0,0,0.15)&#8221; box_shadow_color__hover_enabled=&#8221;on&#8221; open=&#8221;off&#8221;]<\/p>\n<p>O principal \u00f3rg\u00e3o de governo \u00e9 o Conselho Geral presidido pela Presidente (que, de acordo com os Estatutos, ser\u00e1 sempre uma mulher) e por um Copresidente; ambos permanecem neste cargo por cinco anos.<\/p>\n<p>[\/et_pb_accordion_item][et_pb_accordion_item title=&#8221;Qual \u00e9 o relacionamento do Movimento dos Focolares com a Igreja Cat\u00f3lica?&#8221; _builder_version=&#8221;4.21.0&#8243; box_shadow_style=&#8221;preset3&#8243; box_shadow_vertical=&#8221;0px&#8221; box_shadow_blur=&#8221;0px&#8221; box_shadow_spread=&#8221;0px&#8221; box_shadow_color=&#8221;rgba(0,0,0,0)&#8221; global_colors_info=&#8221;{}&#8221; box_shadow_vertical__hover=&#8221;25px&#8221; box_shadow_vertical__hover_enabled=&#8221;on&#8221; box_shadow_blur__hover=&#8221;45px&#8221; box_shadow_blur__hover_enabled=&#8221;on&#8221; box_shadow_spread__hover=&#8221;-30px&#8221; box_shadow_spread__hover_enabled=&#8221;on&#8221; box_shadow_color__hover=&#8221;rgba(0,0,0,0.15)&#8221; box_shadow_color__hover_enabled=&#8221;on&#8221; open=&#8221;off&#8221;]<\/p>\n<p>Desde 1964, o Movimento dos Focolares \u00e9 aprovado pela Igreja Cat\u00f3lica. De acordo com os atuais Estatutos Gerais (1990) tem a forma jur\u00eddica de uma Associa\u00e7\u00e3o de Fi\u00e9is de Direito Pontif\u00edcio. Onde quer que est\u00e1 presente, o Movimento procura o contato e a colabora\u00e7\u00e3o com os respons\u00e1veis e representantes das Igrejas e Comunidades eclesiais locais e est\u00e1 na primeira fila na promo\u00e7\u00e3o do di\u00e1logo ecum\u00eanico.<\/p>\n<p>[\/et_pb_accordion_item][et_pb_accordion_item title=&#8221;Como fazer parte do Movimento dos Focolares?&#8221; _builder_version=&#8221;4.21.0&#8243; box_shadow_style=&#8221;preset3&#8243; box_shadow_vertical=&#8221;0px&#8221; box_shadow_blur=&#8221;0px&#8221; box_shadow_spread=&#8221;0px&#8221; box_shadow_color=&#8221;rgba(0,0,0,0)&#8221; global_colors_info=&#8221;{}&#8221; box_shadow_vertical__hover=&#8221;25px&#8221; box_shadow_vertical__hover_enabled=&#8221;on&#8221; box_shadow_blur__hover=&#8221;45px&#8221; box_shadow_blur__hover_enabled=&#8221;on&#8221; box_shadow_spread__hover=&#8221;-30px&#8221; box_shadow_spread__hover_enabled=&#8221;on&#8221; box_shadow_color__hover=&#8221;rgba(0,0,0,0.15)&#8221; box_shadow_color__hover_enabled=&#8221;on&#8221; open=&#8221;off&#8221;]<\/p>\n<p>Para fazer parte do Movimento s\u00e3o necess\u00e1rios tr\u00eas elementos:<\/p>\n<ul>\n<li style=\"list-style-type: none;\">\n<ul>\n<li>compartilhar o sonho e o compromisso em fazer da humanidade uma grande fam\u00edlia unida pelo amor;<\/li>\n<li>procurar p\u00f4r em pr\u00e1tica este sonho nos pr\u00f3prios relacionamentos quotidianos. Para realiz\u00e1-lo os crist\u00e3os se inspiram nos ensinamentos do Evangelho de Jesus Cristo e nas Sagradas Escrituras. Os fi\u00e9is de outras religi\u00f5es, nos Livros Sagrados das diferentes cren\u00e7as. Quem n\u00e3o tem uma f\u00e9 religiosa se inspira em princ\u00edpios \u00e9ticos baseados no amor, no respeito entre pessoas e povos;<\/li>\n<li>procurar compartilhar este estilo de vida com outros, para contribuir juntos para a realiza\u00e7\u00e3o de um mundo unido e em paz.<\/li>\n<\/ul>\n<\/li>\n<\/ul>\n<p>[\/et_pb_accordion_item][et_pb_accordion_item title=&#8221;Quais s\u00e3o as atividades realizadas pelo Movimento dos Focolares?&#8221; _builder_version=&#8221;4.21.0&#8243; _module_preset=&#8221;default&#8221; global_colors_info=&#8221;{}&#8221; open=&#8221;off&#8221;]<\/p>\n<p>O Movimento dos Focolares se sente chamado a dar uma contribui\u00e7\u00e3o \u00e0 unidade da fam\u00edlia humana em todas as suas express\u00f5es. Consequentemente, as suas atividades s\u00e3o as mais variadas, segundo as necessidades que se encontram localmente, e envolvem todos os \u00e2mbitos da vida e do pensamento humanos.<\/p>\n<p>[\/et_pb_accordion_item][et_pb_accordion_item title=&#8221;Como o Movimento dos Focolares aplica as normas de prote\u00e7\u00e3o da pessoa? &#8221; _builder_version=&#8221;4.21.0&#8243; _module_preset=&#8221;default&#8221; global_colors_info=&#8221;{}&#8221; open=&#8221;off&#8221;]<\/p>\n<p>O Movimento dos Focolares d\u00e1 a mais alta prioridade ao compromisso de criar ambientes seguros dentro dele para evitar qualquer forma de abuso da pessoa no decorrer de qualquer atividade. Para esse fim, foram estabelecidos protocolos para a orienta\u00e7\u00e3o das comunidades do Movimento nos diversos pa\u00edses do mundo. Portanto, os Centros Nacionais ter\u00e3o o cuidado de adapt\u00e1-los \u00e0s suas pr\u00f3prias realidades culturais e jur\u00eddicas, incorporando os respectivos princ\u00edpios proclamados pelo Direito Internacional. Em maio de 2022, a presidente do Movimento dos Focolares declarou seu compromisso de tornar obrigat\u00f3ria a participa\u00e7\u00e3o de todos os membros do mundo, incluindo os pr\u00f3prios menores, em pelo menos um curso b\u00e1sico sobre a prote\u00e7\u00e3o de menores e pessoas vulner\u00e1veis.<\/p>\n<p>[\/et_pb_accordion_item][et_pb_accordion_item title=&#8221;Como posso receber not\u00edcias sobre a vida e as atividades do Movimento dos Focolares?&#8221; _builder_version=&#8221;4.21.0&#8243; _module_preset=&#8221;default&#8221; global_colors_info=&#8221;{}&#8221; open=&#8221;off&#8221;]<\/p>\n<p>Atrav\u00e9s de um sistema de notifica\u00e7\u00f5es o usu\u00e1rio pode escolher de que modo, por qual meio e de quais conte\u00fados deseja ser informado regularmente.<\/p>\n<p>A rivista <span><a href=\"http:\/\/www.cittanuova.it\/\">Citt\u00e0 Nuova<\/a><\/span> (mensalmente impressa e diariamente online) analisa fatos da atualidade, tend\u00eancias, espiritualidade e hist\u00f3rias de vida a partir da perspectiva dos Focolares, isto \u00e9, do di\u00e1logo e da fraternidade. Existem v\u00e1rias <span><a href=\"https:\/\/www.cittanuova.it\/mondo\/\">edi\u00e7\u00f5es lingu\u00edsticas da Revista<\/a><\/span><span>.<\/span><\/p>\n<p>[\/et_pb_accordion_item][et_pb_accordion_item title=&#8221;O que significa o logotipo do Movimento dos Focolares?&#8221; _builder_version=&#8221;4.21.0&#8243; _module_preset=&#8221;default&#8221; global_colors_info=&#8221;{}&#8221; open=&#8221;off&#8221;]<\/p>\n<p>O logotipo do Movimento se inspira-se em \u201cNossa Senhora do povo\u201d que recolhe sob o seu manto todas as voca\u00e7\u00f5es. A cor azul evoca Maria, enquanto o laranja, os membros que querem agir segundo o estilo de Maria.<\/p>\n<p>[\/et_pb_accordion_item][\/et_pb_accordion][\/et_pb_column][\/et_pb_row][\/et_pb_section]<\/p>\n","protected":false},"excerpt":{"rendered":"<p>Perguntas Mais Frequentes \u201cFocolare\u201d [\u201clareira\u201d, \u201clar\u201d, em italiano] \u00e9 o nome que as pessoas de Trento deram \u00e0 primeira comunidade \u00e0 qual Chiara Lubich deu vida com as suas primeiras companheiras. Desde o in\u00edcio, tal conviv\u00eancia recordava o calor de uma fam\u00edlia, e a pot\u00eancia da mensagem nova e revolucion\u00e1ria inspirada no Evangelho foi comparada [&hellip;]<\/p>\n","protected":false},"author":1,"featured_media":0,"parent":0,"menu_order":0,"comment_status":"closed","ping_status":"closed","template":"","meta":{"give_campaign_id":0,"_seopress_robots_primary_cat":"","_seopress_titles_title":"","_seopress_titles_desc":"","_seopress_robots_index":"","_et_pb_use_builder":"on","_et_pb_old_content":"","_et_gb_content_width":"","footnotes":""},"difl_page_category":[],"class_list":["post-285001","page","type-page","status-publish","hentry"],"campaignId":"","_links":{"self":[{"href":"https:\/\/www.focolare.org\/pt-pt\/wp-json\/wp\/v2\/pages\/285001","targetHints":{"allow":["GET"]}}],"collection":[{"href":"https:\/\/www.focolare.org\/pt-pt\/wp-json\/wp\/v2\/pages"}],"about":[{"href":"https:\/\/www.focolare.org\/pt-pt\/wp-json\/wp\/v2\/types\/page"}],"author":[{"embeddable":true,"href":"https:\/\/www.focolare.org\/pt-pt\/wp-json\/wp\/v2\/users\/1"}],"replies":[{"embeddable":true,"href":"https:\/\/www.focolare.org\/pt-pt\/wp-json\/wp\/v2\/comments?post=285001"}],"version-history":[{"count":0,"href":"https:\/\/www.focolare.org\/pt-pt\/wp-json\/wp\/v2\/pages\/285001\/revisions"}],"wp:attachment":[{"href":"https:\/\/www.focolare.org\/pt-pt\/wp-json\/wp\/v2\/media?parent=285001"}],"wp:term":[{"taxonomy":"difl_page_category","embeddable":true,"href":"https:\/\/www.focolare.org\/pt-pt\/wp-json\/wp\/v2\/difl_page_category?post=285001"}],"curies":[{"name":"wp","href":"https:\/\/api.w.org\/{rel}","templated":true}]}}