{"id":285046,"date":"2023-03-31T12:53:16","date_gmt":"2023-03-31T10:53:16","guid":{"rendered":"https:\/\/www.focolare.org\/collegamento\/"},"modified":"2026-03-23T12:58:10","modified_gmt":"2026-03-23T11:58:10","slug":"collegamento","status":"publish","type":"page","link":"https:\/\/www.focolare.org\/pt-pt\/collegamento\/","title":{"rendered":"Collegamento"},"content":{"rendered":"<p>[et_pb_section fb_built=&#8221;1&#8243; custom_padding_last_edited=&#8221;on|phone&#8221; _builder_version=&#8221;4.27.6&#8243; _module_preset=&#8221;default&#8221; background_enable_color=&#8221;off&#8221; background_image=&#8221;https:\/\/www.focolare.org\/wp-content\/uploads\/2026\/03\/Collegamento2.png&#8221; width=&#8221;100%&#8221; max_width=&#8221;100%&#8221; min_height=&#8221;600px&#8221; min_height_tablet=&#8221;600px&#8221; min_height_phone=&#8221;600px&#8221; min_height_last_edited=&#8221;on|phone&#8221; height=&#8221;600px&#8221; height_tablet=&#8221;600px&#8221; height_phone=&#8221;600px&#8221; height_last_edited=&#8221;on|phone&#8221; max_height=&#8221;600px&#8221; custom_margin=&#8221;0px||0px||false|false&#8221; custom_margin_tablet=&#8221;0px||0px||false|false&#8221; custom_margin_phone=&#8221;||0px||false|false&#8221; custom_margin_last_edited=&#8221;on|phone&#8221; custom_padding=&#8221;0px||0px||true|false&#8221; custom_padding_tablet=&#8221;10%||10%||true|false&#8221; custom_padding_phone=&#8221;20%||20%||true|false&#8221; bottom_divider_color=&#8221;#3FA3D6&#8243; bottom_divider_repeat=&#8221;1x&#8221; bottom_divider_flip=&#8221;horizontal&#8221; hover_enabled=&#8221;0&#8243; locked=&#8221;off&#8221; global_colors_info=&#8221;{}&#8221; title_text=&#8221;Collegamento2&#8243; sticky_enabled=&#8221;0&#8243;][et_pb_row _builder_version=&#8221;4.21.0&#8243; _module_preset=&#8221;default&#8221; global_colors_info=&#8221;{}&#8221;][et_pb_column type=&#8221;4_4&#8243; _builder_version=&#8221;4.21.0&#8243; _module_preset=&#8221;default&#8221; global_colors_info=&#8221;{}&#8221;][\/et_pb_column][\/et_pb_row][\/et_pb_section][et_pb_section fb_built=&#8221;1&#8243; custom_padding_last_edited=&#8221;on|phone&#8221; _builder_version=&#8221;4.21.0&#8243; _module_preset=&#8221;default&#8221; custom_margin=&#8221;||||false|false&#8221; custom_padding=&#8221;||3%||false|false&#8221; custom_padding_tablet=&#8221;||4%||false|false&#8221; custom_padding_phone=&#8221;||20%||false|false&#8221; top_divider_style=&#8221;ramp&#8221; top_divider_color=&#8221;#3FA3D6&#8243; top_divider_height=&#8221;150px&#8221; top_divider_repeat=&#8221;1x&#8221; top_divider_flip=&#8221;horizontal&#8221; bottom_divider_style=&#8221;ramp&#8221; bottom_divider_color=&#8221;#FFB300&#8243; bottom_divider_height=&#8221;150px&#8221; bottom_divider_repeat=&#8221;1x&#8221; bottom_divider_flip=&#8221;horizontal&#8221; locked=&#8221;off&#8221; global_colors_info=&#8221;{}&#8221;][et_pb_row _builder_version=&#8221;4.21.0&#8243; _module_preset=&#8221;default&#8221; custom_margin=&#8221;0px||0px||false|false&#8221; custom_margin_tablet=&#8221;0px||0px||false|false&#8221; custom_margin_phone=&#8221;-5%||||false|false&#8221; custom_margin_last_edited=&#8221;on|phone&#8221; custom_padding=&#8221;0px||0px||false|false&#8221; global_colors_info=&#8221;{}&#8221;][et_pb_column type=&#8221;4_4&#8243; _builder_version=&#8221;4.21.0&#8243; _module_preset=&#8221;default&#8221; global_colors_info=&#8221;{}&#8221;][et_pb_text _builder_version=&#8221;4.22.2&#8243; _module_preset=&#8221;default&#8221; header_font=&#8221;|600|||||||&#8221; header_text_align=&#8221;center&#8221; header_text_color=&#8221;#FFFFFF&#8221; header_font_size=&#8221;40px&#8221; custom_margin=&#8221;||3%||false|false&#8221; custom_margin_tablet=&#8221;||0px||false|false&#8221; custom_margin_phone=&#8221;||||false|false&#8221; custom_margin_last_edited=&#8221;on|phone&#8221; custom_padding=&#8221;||||false|false&#8221; global_colors_info=&#8221;{}&#8221;]<\/p>\n<h1>Collegamento<\/h1>\n<p>[\/et_pb_text][\/et_pb_column][\/et_pb_row][\/et_pb_section][et_pb_section fb_built=&#8221;1&#8243; _builder_version=&#8221;4.20.4&#8243; _module_preset=&#8221;default&#8221; custom_margin=&#8221;||0px||false|false&#8221; custom_padding=&#8221;0px||0px||false|false&#8221; global_colors_info=&#8221;{}&#8221;][et_pb_row column_structure=&#8221;3_5,2_5&#8243; _builder_version=&#8221;4.20.4&#8243; _module_preset=&#8221;default&#8221; custom_margin=&#8221;2%||0px||false|false&#8221; custom_padding=&#8221;||0px||false|false&#8221; global_colors_info=&#8221;{}&#8221;][et_pb_column type=&#8221;3_5&#8243; _builder_version=&#8221;4.20.4&#8243; _module_preset=&#8221;default&#8221; global_colors_info=&#8221;{}&#8221;][difl_cptgrid post_type=&#8221;project&#8221; posts_number=&#8221;1&#8243; post_display=&#8221;by_tax&#8221; tax_for_project=&#8221;project_category&#8221; project_terms_project_category=&#8221;3883,3882&#8243; column=&#8221;1&#8243; next_prev_icon=&#8221;set_2&#8243; pagination_background_bgcolor=&#8221;RGBA(255,255,255,0)&#8221; wrapper_margin=&#8221;||5%||false|false&#8221; _builder_version=&#8221;4.27.4&#8243; _module_preset=&#8221;default&#8221; pagination_font=&#8221;|600|||||||&#8221; pagination_text_color=&#8221;#FFB300&#8243; active_pagination_text_color=&#8221;#3FA3D6&#8243; width=&#8221;100%&#8221; max_width=&#8221;100%&#8221; locked=&#8221;off&#8221; global_colors_info=&#8221;{}&#8221; pagination_text_color__hover_enabled=&#8221;on|desktop&#8221; pagination_text_color__hover=&#8221;#3FA3D6&#8243;][difl_cptitem type=&#8221;image&#8221; _builder_version=&#8221;4.20.4&#8243; _module_preset=&#8221;default&#8221; global_colors_info=&#8221;{}&#8221;][\/difl_cptitem][difl_cptitem type=&#8221;title&#8221; _builder_version=&#8221;4.20.4&#8243; _module_preset=&#8221;default&#8221; body_font=&#8221;|700|||||||&#8221; body_text_color=&#8221;#3FA3D6&#8243; body_font_size=&#8221;18px&#8221; global_colors_info=&#8221;{}&#8221;][\/difl_cptitem][\/difl_cptgrid][\/et_pb_column][et_pb_column type=&#8221;2_5&#8243; _builder_version=&#8221;4.20.4&#8243; _module_preset=&#8221;default&#8221; global_colors_info=&#8221;{}&#8221;][et_pb_text _builder_version=&#8221;4.27.5&#8243; _module_preset=&#8221;default&#8221; header_2_font=&#8221;|600|||||||&#8221; header_2_text_color=&#8221;#3FA3D6&#8243; header_2_font_size=&#8221;20px&#8221; custom_padding=&#8221;3%|3%|3%|3%|true|true&#8221; border_radii=&#8221;on|7px|7px|7px|7px&#8221; border_width_all=&#8221;1px&#8221; border_color_all=&#8221;#FFB300&#8243; global_colors_info=&#8221;{}&#8221;]<\/p>\n<h2 is=\"qowt-word-para\" qowt-lvl=\"undefined\" qowt-entry=\"undefined\" qowt-eid=\"E94\" id=\"E94\" class=\"x-scope qowt-word-para-1\"><span is=\"qowt-word-run\" qowt-eid=\"E95\" id=\"E95\">PR\u00d3XIMOS INCONTROS:<\/span><\/h2>\n<p><strong>Domingo, 22 de mar\u00e7o de 2026<\/strong> \u2013 18h00 (UTC+1)<\/p>\n<p><span><strong>S\u00e1bado, 20 de junho de 2026 <\/strong>\u2013 18h00 (UTC + 2)<\/span><\/p>\n<p><span><strong>S\u00e1bado, 3 de outubro de 2026<\/strong> \u2013 18h (UTC + 2)<\/span><\/p>\n<p><span><strong>S\u00e1bado, 12 de dezembro de 2026<\/strong> \u2013 18h (UTC + 1)<\/span><\/p>\n<p>[\/et_pb_text][et_pb_image src=&#8221;https:\/\/www.focolare.org\/wp-content\/uploads\/2023\/04\/629343aedf8ce1568c75ff7f.png&#8221; title_text=&#8221;629343aedf8ce1568c75ff7f&#8221; url=&#8221;https:\/\/www.youtube.com\/@CollegamentoFocolare_official&#8221; url_new_window=&#8221;on&#8221; _builder_version=&#8221;4.26.1&#8243; _module_preset=&#8221;default&#8221; width=&#8221;99%&#8221; module_alignment=&#8221;center&#8221; border_radii=&#8221;on|7px|7px|7px|7px&#8221; global_colors_info=&#8221;{}&#8221;][\/et_pb_image][\/et_pb_column][\/et_pb_row][\/et_pb_section][et_pb_section fb_built=&#8221;1&#8243; _builder_version=&#8221;4.20.4&#8243; _module_preset=&#8221;default&#8221; background_color=&#8221;#EEEEEE&#8221; custom_margin=&#8221;0px||0px||false|false&#8221; custom_padding=&#8221;2%||2%||true|false&#8221; global_colors_info=&#8221;{}&#8221;][et_pb_row _builder_version=&#8221;4.20.4&#8243; _module_preset=&#8221;default&#8221; custom_margin=&#8221;0px||0px||true|false&#8221; custom_padding=&#8221;0px||0px||true|false&#8221; global_colors_info=&#8221;{}&#8221;][et_pb_column type=&#8221;4_4&#8243; _builder_version=&#8221;4.20.4&#8243; _module_preset=&#8221;default&#8221; global_colors_info=&#8221;{}&#8221;][et_pb_text _builder_version=&#8221;4.20.4&#8243; _module_preset=&#8221;default&#8221; header_2_font=&#8221;|600|||||||&#8221; header_2_text_color=&#8221;#FFB300&#8243; header_2_font_size=&#8221;20px&#8221; global_colors_info=&#8221;{}&#8221;]<\/p>\n<h2 is=\"qowt-word-para\" qowt-lvl=\"undefined\" qowt-entry=\"undefined\" qowt-eid=\"E63\" id=\"E63\" class=\"qowt-stl-NormaleWeb x-scope qowt-word-para-0\"><span is=\"qowt-word-run\" qowt-eid=\"E64\" id=\"E64\" class=\"qowt-font3-Lato qowt-stl-Enfasigrassetto\">O QUE \u00c9 O COLLEGAMENTO?<\/span><\/h2>\n<p>[\/et_pb_text][\/et_pb_column][\/et_pb_row][et_pb_row column_structure=&#8221;1_3,1_3,1_3&#8243; _builder_version=&#8221;4.20.4&#8243; _module_preset=&#8221;default&#8221; custom_margin=&#8221;0px||0px||false|false&#8221; custom_padding=&#8221;0px||0px||false|false&#8221; global_colors_info=&#8221;{}&#8221;][et_pb_column type=&#8221;1_3&#8243; _builder_version=&#8221;4.20.4&#8243; _module_preset=&#8221;default&#8221; global_colors_info=&#8221;{}&#8221;][et_pb_text _builder_version=&#8221;4.22.2&#8243; _module_preset=&#8221;default&#8221; header_2_font=&#8221;|600|||||||&#8221; header_2_text_color=&#8221;#FFB300&#8243; header_2_font_size=&#8221;20px&#8221; global_colors_info=&#8221;{}&#8221;]<\/p>\n<p is=\"qowt-word-para\" qowt-lvl=\"undefined\" qowt-entry=\"undefined\" qowt-eid=\"E65\" id=\"E65\" class=\"qowt-stl-NormaleWeb x-scope qowt-word-para-0\"><strong><span is=\"qowt-word-run\" qowt-eid=\"E66\" id=\"E66\" class=\"qowt-font3-Lato\">Quando<\/span><\/strong> <span is=\"qowt-word-run\" qowt-eid=\"E67\" id=\"E67\" class=\"qowt-font3-Lato\"><strong>|<\/strong><\/span> <span is=\"qowt-word-run\" qowt-eid=\"E67\" id=\"E67\" class=\"qowt-font3-Lato\">Nasceu em 1980. \u00c9 11 de agosto, festa de Santa Clara de Assis. Nesse dia, no dia do seu nome, Chiara Lubich est\u00e1 na Su\u00ed\u00e7a com um punhado de pessoas que lhe desejam felicidades: \u00e9 uma festa de fam\u00edlia. Cria-se uma profunda comunh\u00e3o.<\/span><\/p>\n<p is=\"qowt-word-para\" qowt-lvl=\"undefined\" qowt-entry=\"undefined\" qowt-eid=\"E68\" id=\"E68\" class=\"qowt-stl-NormaleWeb x-scope qowt-word-para-0\"><span is=\"qowt-word-run\" qowt-eid=\"E70\" id=\"E70\" class=\"qowt-font3-Lato\"><strong>Quem |<\/strong> <\/span><span is=\"qowt-word-run\" qowt-eid=\"E71\" id=\"E71\" class=\"qowt-font3-Lato\">Nos dias seguintes, da pr\u00f3pria casa de Chiara, inicia-se uma cadeia de telefonemas para alimentar a realidade percebida de ser \u201cum focolar\u201d. Ela fica a par das novas descobertas para viver com intensidade a espiritualidade da unidade e das not\u00edcias que chegam do mundo.<\/span><span is=\"qowt-word-run\" qowt-eid=\"E83\" id=\"E83\" class=\"qowt-font3-Lato\"><\/span><\/p>\n<p is=\"qowt-word-para\" qowt-lvl=\"undefined\" qowt-entry=\"undefined\" qowt-eid=\"E68\" class=\"qowt-stl-NormaleWeb x-scope qowt-word-para-0\"><span is=\"qowt-word-run\" qowt-eid=\"E71\" class=\"qowt-font3-Lato\"><span is=\"qowt-word-run\" qowt-eid=\"E74\" id=\"E74\" class=\"qowt-font3-Lato\"><strong>Como |<\/strong> <\/span><span is=\"qowt-word-run\" qowt-eid=\"E75\" id=\"E75\" class=\"qowt-font3-Lato\">aqueles dias, descobriu-se a exist\u00eancia do servi\u00e7o de \u201cconfer\u00eancia telef\u00f3nica colectiva\u201d na Su\u00ed\u00e7a, que foi imediatamente utilizado. Nas semanas seguintes, essa conex\u00e3o estendeu-se a outras na\u00e7\u00f5es, at\u00e9 chegar a todos os pa\u00edses onde existem comunidades dos Focolares.<\/span><\/span><\/p>\n<p>[\/et_pb_text][\/et_pb_column][et_pb_column type=&#8221;1_3&#8243; _builder_version=&#8221;4.20.4&#8243; _module_preset=&#8221;default&#8221; global_colors_info=&#8221;{}&#8221;][et_pb_text _builder_version=&#8221;4.27.4&#8243; _module_preset=&#8221;default&#8221; quote_font=&#8221;||on||||||&#8221; header_2_font=&#8221;|600|||||||&#8221; header_2_text_color=&#8221;#FFB300&#8243; header_2_font_size=&#8221;20px&#8221; global_colors_info=&#8221;{}&#8221;]<\/p>\n<p is=\"qowt-word-para\" qowt-lvl=\"undefined\" qowt-entry=\"undefined\" qowt-eid=\"E68\" id=\"E68\" class=\"qowt-stl-NormaleWeb x-scope qowt-word-para-0\"><span is=\"qowt-word-run\" qowt-eid=\"E78\" id=\"E78\" class=\"qowt-font3-Lato\" style=\"font-size: 16px;\"><strong>Porqu\u00ea |<\/strong><\/span><span is=\"qowt-word-run\" qowt-eid=\"E79\" id=\"E79\" class=\"qowt-font3-Lato\" style=\"font-size: 16px;\"> Com o passar do tempo e com a r\u00e1pida evolu\u00e7\u00e3o das telecomunica\u00e7\u00f5es, passamos da confer\u00eancia telef\u00f3nica ao streaming e ao sat\u00e9lite, porque, dizia Chiara:<\/span><span is=\"qowt-word-run\" qowt-eid=\"E71\" id=\"E71\" class=\"qowt-font3-Lato\"><\/span><\/p>\n<blockquote>\n<p is=\"qowt-word-para\" qowt-lvl=\"undefined\" qowt-entry=\"undefined\" qowt-eid=\"E76\" class=\"qowt-stl-NormaleWeb x-scope qowt-word-para-0\"><span is=\"qowt-word-run\" qowt-eid=\"E79\" id=\"E79\" class=\"qowt-font3-Lato\"> \u201cuma Obra, que tem como ideal a unidade, uma fam\u00edlia espalhada agora por todo o planeta, deve partilhar entre todos, com os meios mais r\u00e1pidos e adequados, alegrias, tristezas, esperan\u00e7as, projectos, experimentar o amor que vai e volta, fazer juntos o caminho, o caminho santo da vida\u201d.<\/span><\/p>\n<\/blockquote>\n<p is=\"qowt-word-para\" qowt-lvl=\"undefined\" qowt-entry=\"undefined\" qowt-eid=\"E76\" class=\"qowt-stl-NormaleWeb x-scope qowt-word-para-0\"><span is=\"qowt-word-run\" qowt-eid=\"E79\" class=\"qowt-font3-Lato\"><span is=\"qowt-word-run\" qowt-eid=\"E82\" id=\"E82\" class=\"qowt-font3-Lato\"><strong>Por um mundo unido <span is=\"qowt-word-run\" qowt-eid=\"E78\" id=\"E78\" class=\"qowt-font3-Lato\" style=\"font-size: 16px;\">|<\/span><\/strong><\/span> <span is=\"qowt-word-run\" qowt-eid=\"E83\" id=\"E83\" class=\"qowt-font3-Lato\">\u00c9 uma experi\u00eancia forte e alegre da \u201cunidade e universalidade\u201d que une centenas de milhares de pessoas, espalhadas pelos cinco continentes, orientadas para a fraternidade universal. <\/span><\/span><\/p>\n<p is=\"qowt-word-para\" qowt-lvl=\"undefined\" qowt-entry=\"undefined\" qowt-eid=\"E80\" id=\"E80\" class=\"qowt-stl-NormaleWeb x-scope qowt-word-para-0\">[\/et_pb_text][\/et_pb_column][et_pb_column type=&#8221;1_3&#8243; _builder_version=&#8221;4.20.4&#8243; _module_preset=&#8221;default&#8221; global_colors_info=&#8221;{}&#8221;][et_pb_video src=&#8221;https:\/\/youtu.be\/znE_zV3afjI&#8221; _builder_version=&#8221;4.26.1&#8243; _module_preset=&#8221;default&#8221; border_radii=&#8221;on|7px|7px|7px|7px&#8221; global_colors_info=&#8221;{}&#8221;][\/et_pb_video][et_pb_text _builder_version=&#8221;4.26.1&#8243; _module_preset=&#8221;default&#8221; global_colors_info=&#8221;{}&#8221;]<\/p>\n<p><em>V\u00eddeo com \u00e1udio em italiano &#8211; Para outras l\u00ednguas, ativar legendas<\/em><\/p>\n<p>[\/et_pb_text][et_pb_video src=&#8221;https:\/\/youtu.be\/BJ36wfLEZnI&#8221; _builder_version=&#8221;4.27.2&#8243; _module_preset=&#8221;default&#8221; border_radii=&#8221;on|7px|7px|7px|7px&#8221; global_colors_info=&#8221;{}&#8221;][\/et_pb_video][et_pb_video _builder_version=&#8221;4.26.1&#8243; _module_preset=&#8221;default&#8221; border_radii=&#8221;on|7px|7px|7px|7px&#8221; global_colors_info=&#8221;{}&#8221;][\/et_pb_video][\/et_pb_column][\/et_pb_row][\/et_pb_section][et_pb_section fb_built=&#8221;1&#8243; admin_label=&#8221;Blog&#8221; _builder_version=&#8221;4.16&#8243; background_color=&#8221;#FFFFFF&#8221; custom_padding=&#8221;29px||23px|||&#8221; border_color_bottom=&#8221;RGBA(255,255,255,0)&#8221; global_colors_info=&#8221;{}&#8221;][et_pb_row column_structure=&#8221;2_3,1_3&#8243; use_custom_gutter=&#8221;on&#8221; admin_label=&#8221;Blog&#8221; _builder_version=&#8221;4.20.4&#8243; custom_padding=&#8221;||2.7%||false|false&#8221; border_color_bottom=&#8221;#F4961B&#8221; global_colors_info=&#8221;{}&#8221;][et_pb_column type=&#8221;2_3&#8243; _builder_version=&#8221;4.20.4&#8243; custom_padding=&#8221;|||&#8221; global_colors_info=&#8221;{}&#8221; custom_padding__hover=&#8221;|||&#8221;][et_pb_text _builder_version=&#8221;4.21.0&#8243; _module_preset=&#8221;default&#8221; header_font=&#8221;|||on|||||&#8221; header_2_font=&#8221;|600||on|||||&#8221; header_2_text_color=&#8221;#FFB300&#8243; header_2_font_size=&#8221;20px&#8221; global_colors_info=&#8221;{}&#8221;]<\/p>\n<h2 is=\"qowt-word-para\" qowt-lvl=\"undefined\" qowt-entry=\"undefined\" qowt-eid=\"E63\" id=\"E63\" class=\"qowt-stl-NormaleWeb x-scope qowt-word-para-0\"> EDI\u00c7\u00d5ES ANTERIORES<\/h2>\n<p>[\/et_pb_text][difl_cptgrid post_type=&#8221;project&#8221; posts_number=&#8221;4&#8243; post_display=&#8221;by_tax&#8221; tax_for_project=&#8221;project_category&#8221; project_terms_project_category=&#8221;3883,3882&#8243; offset_number=&#8221;1&#8243; column=&#8221;2&#8243; next_prev_icon=&#8221;set_2&#8243; pagination_background_bgcolor=&#8221;RGBA(255,255,255,0)&#8221; _builder_version=&#8221;4.27.4&#8243; _module_preset=&#8221;default&#8221; pagination_font=&#8221;|600|||||||&#8221; pagination_text_color=&#8221;#FFB300&#8243; active_pagination_text_color=&#8221;#3FA3D6&#8243; global_colors_info=&#8221;{}&#8221; pagination_text_color__hover_enabled=&#8221;on|desktop&#8221; pagination_text_color__hover=&#8221;#3FA3D6&#8243;][difl_cptitem type=&#8221;image&#8221; _builder_version=&#8221;4.20.4&#8243; _module_preset=&#8221;default&#8221; global_colors_info=&#8221;{}&#8221;][\/difl_cptitem][difl_cptitem type=&#8221;title&#8221; _builder_version=&#8221;4.20.4&#8243; _module_preset=&#8221;default&#8221; body_font=&#8221;|700|||||||&#8221; body_text_color=&#8221;#3FA3D6&#8243; body_font_size=&#8221;18px&#8221; global_colors_info=&#8221;{}&#8221;][\/difl_cptitem][\/difl_cptgrid][\/et_pb_column][et_pb_column type=&#8221;1_3&#8243; _builder_version=&#8221;4.20.4&#8243; custom_padding=&#8221;|||&#8221; border_width_left=&#8221;1px&#8221; border_color_left=&#8221;#FFB300&#8243; global_colors_info=&#8221;{}&#8221; custom_padding__hover=&#8221;|||&#8221;][et_pb_sidebar _builder_version=&#8221;4.20.4&#8243; _module_preset=&#8221;default&#8221; custom_margin=&#8221;|||7%|false|false&#8221; global_colors_info=&#8221;{}&#8221;][\/et_pb_sidebar][\/et_pb_column][\/et_pb_row][\/et_pb_section]<\/p>\n","protected":false},"excerpt":{"rendered":"<p>Collegamento<div class=\"et_pb_module difl_cptgrid difl_cptgrid_0\">\n\t\t\t\t\n\t\t\t\t\n\t\t\t\t\n\t\t\t\t\n\t\t\t\t\n\t\t\t\t\n\t\t\t\t<div class=\"et_pb_module_inner\">\n\t\t\t\t\t<div class=\"df_cptgrid_container et_pb_ajax_pagination_container\" data-settings='{\"layout\":\"grid\",\"on_scroll_load\":\"off\",\"use_current_loop\":\"off\",\"post_type\":\"project\",\"posts_number\":\"1\",\"post_display\":\"by_tax\",\"orderby\":\"1\",\"offset_number\":\"0\",\"use_image_as_background\":\"off\",\"use_background_scale\":\"off\",\"equal_height\":\"off\",\"entire_item_clickable\":\"off\",\"taxonomy_values\":null,\"selected_terms\":\"3883,3882\",\"selected_taxonomy\":\"project_category\",\"df_cpt_items\":[{\"type\":\"image\",\"class\":\"difl_cptitem_0\",\"title_tag\":\"h2\",\"post_content\":\"excerpt\",\"use_post_excrpt\":\"off\",\"excerpt_length\":\"270\",\"date_format\":\"M j, Y\",\"show_author_image\":\"off\",\"author_image_size\":\"16\",\"hide_author_text\":\"off\",\"read_more_text\":\"Read More\",\"image_icon\":\"\",\"use_icon\":\"off\",\"font_icon\":\"5\",\"image_size\":\"mid\",\"placement\":\"off\",\"image_scale\":\"no-image-scale\",\"overlay\":\"off\",\"overlay_icon\":\"off\",\"overlay_icon_reveal\":\"df-fade-up\",\"overlay_font_icon\":\"%%16%%\",\"custom_text\":\"\",\"custom_field\":\"\",\"use_custom_field\":\"off\",\"before_tax\":\"\",\"separator_tax\":\", \",\"after_tax\":\"\",\"taxonomy\":\"select_tax\",\"background_enable_mask_style\":\"off\",\"background_enable_pattern_style\":\"off\",\"reading_time_before_label\":\"\",\"reading_time_after_label\":\"\"},{\"type\":\"title\",\"class\":\"difl_cptitem_1\",\"title_tag\":\"h2\",\"post_content\":\"excerpt\",\"use_post_excrpt\":\"off\",\"excerpt_length\":\"270\",\"date_format\":\"M j, Y\",\"show_author_image\":\"off\",\"author_image_size\":\"16\",\"hide_author_text\":\"off\",\"read_more_text\":\"Read More\",\"image_icon\":\"\",\"use_icon\":\"off\",\"font_icon\":\"5\",\"image_size\":\"mid\",\"placement\":\"off\",\"image_scale\":\"no-image-scale\",\"overlay\":\"off\",\"overlay_icon\":\"off\",\"overlay_icon_reveal\":\"df-fade-up\",\"overlay_font_icon\":\"%%16%%\",\"custom_text\":\"\",\"custom_field\":\"\",\"use_custom_field\":\"off\",\"before_tax\":\"\",\"separator_tax\":\", \",\"after_tax\":\"\",\"taxonomy\":\"select_tax\",\"background_enable_mask_style\":\"off\",\"background_enable_pattern_style\":\"off\",\"reading_time_before_label\":\"\",\"reading_time_after_label\":\"\"}],\"df_cpt_items_outside\":null,\"loader\":{\"status\":\"off\",\"color\":\"#284cc1\",\"size\":\"10px\",\"type\":\"classic\",\"background\":\"#ADD8E6\",\"alignment\":\"center\",\"margin\":[\"\"]}}'><div class=\"df-cpts-wrap layout-grid\">                <article id=\"post-400327\" class=\"df-cpt-item v2 post-400327 project type-project status-publish has-post-thumbnail hentry project_category-collegamentoit-pt-pt project_category-collegamentopt-pt-pt project_tag-notifiche\"\t\t                            >\n                    <div class=\"df-cpt-outer-wrap df-hover-trigger\" >\n                                                <div class=\"df-cpt-inner-wrap\">\n                            <div class=\"df-item-wrap df-cpt-image-wrap difl_cptitem_0 \">\n                    \n                    <a class=\"df-hover-effect no-image-scale\" href=\"https:\/\/www.focolare.org\/pt-pt\/video\/pt-collegamento-22-de-marco-de-2026\/\"><img loading=\"lazy\" decoding=\"async\" src=\"https:\/\/www.focolare.org\/wp-content\/uploads\/2026\/03\/DSC03668-400x250.jpg\" alt=\"PT \u2013 Collegamento \u2013 22 de mar\u00e7o de 2026\" class=\"\" width=\"400\" height=\"250\" \/><\/a>\n                <\/div><div class=\"df-item-wrap df-cpt-title-wrap difl_cptitem_1 \">\n                \n                <h2 class=\"df-cpt-title\">\n                    <a href=\"https:\/\/www.focolare.org\/pt-pt\/video\/pt-collegamento-22-de-marco-de-2026\/\">\n                        PT \u2013 Collegamento \u2013 22 de mar\u00e7o de 2026\n                    <\/a>\n                <\/h2>\n            <\/div>                        <\/div>\n                    <\/div>\n                <\/article>\n                <\/div><\/div>\n\t\t\t\t<\/div>\n\t\t\t<\/div>PR\u00d3XIMOS INCONTROS: Domingo, 22 de mar\u00e7o de 2026 \u2013 18h00 (UTC+1) S\u00e1bado, 20 de junho de 2026 \u2013 18h00 (UTC + 2) S\u00e1bado, 3 [&hellip;]<\/p>\n","protected":false},"author":1,"featured_media":0,"parent":0,"menu_order":0,"comment_status":"closed","ping_status":"closed","template":"","meta":{"give_campaign_id":0,"_seopress_robots_primary_cat":"","_seopress_titles_title":"","_seopress_titles_desc":"","_seopress_robots_index":"","_et_pb_use_builder":"on","_et_pb_old_content":"","_et_gb_content_width":"","footnotes":""},"difl_page_category":[],"class_list":["post-285046","page","type-page","status-publish","hentry"],"campaignId":"","_links":{"self":[{"href":"https:\/\/www.focolare.org\/pt-pt\/wp-json\/wp\/v2\/pages\/285046","targetHints":{"allow":["GET"]}}],"collection":[{"href":"https:\/\/www.focolare.org\/pt-pt\/wp-json\/wp\/v2\/pages"}],"about":[{"href":"https:\/\/www.focolare.org\/pt-pt\/wp-json\/wp\/v2\/types\/page"}],"author":[{"embeddable":true,"href":"https:\/\/www.focolare.org\/pt-pt\/wp-json\/wp\/v2\/users\/1"}],"replies":[{"embeddable":true,"href":"https:\/\/www.focolare.org\/pt-pt\/wp-json\/wp\/v2\/comments?post=285046"}],"version-history":[{"count":11,"href":"https:\/\/www.focolare.org\/pt-pt\/wp-json\/wp\/v2\/pages\/285046\/revisions"}],"predecessor-version":[{"id":400348,"href":"https:\/\/www.focolare.org\/pt-pt\/wp-json\/wp\/v2\/pages\/285046\/revisions\/400348"}],"wp:attachment":[{"href":"https:\/\/www.focolare.org\/pt-pt\/wp-json\/wp\/v2\/media?parent=285046"}],"wp:term":[{"taxonomy":"difl_page_category","embeddable":true,"href":"https:\/\/www.focolare.org\/pt-pt\/wp-json\/wp\/v2\/difl_page_category?post=285046"}],"curies":[{"name":"wp","href":"https:\/\/api.w.org\/{rel}","templated":true}]}}