{"id":285087,"date":"2023-03-30T12:15:09","date_gmt":"2023-03-30T10:15:09","guid":{"rendered":"https:\/\/www.focolare.org\/arquivo\/"},"modified":"2026-01-30T10:12:09","modified_gmt":"2026-01-30T09:12:09","slug":"arquivo","status":"publish","type":"page","link":"https:\/\/www.focolare.org\/pt-pt\/quem-somos\/arquivo\/","title":{"rendered":"Arquivo Geral"},"content":{"rendered":"<p>[et_pb_section fb_built=&#8221;1&#8243; custom_padding_last_edited=&#8221;on|phone&#8221; _builder_version=&#8221;4.22.2&#8243; _module_preset=&#8221;default&#8221; background_enable_color=&#8221;off&#8221; background_image=&#8221;https:\/\/www.focolare.org\/wp-content\/uploads\/2023\/09\/Archivio_Generale.jpg&#8221; width=&#8221;100%&#8221; max_width=&#8221;100%&#8221; min_height=&#8221;600px&#8221; min_height_tablet=&#8221;600px&#8221; min_height_phone=&#8221;600px&#8221; min_height_last_edited=&#8221;on|phone&#8221; height=&#8221;600px&#8221; height_tablet=&#8221;600px&#8221; height_phone=&#8221;600px&#8221; height_last_edited=&#8221;on|phone&#8221; max_height=&#8221;600px&#8221; custom_margin=&#8221;0px||0px||false|false&#8221; custom_margin_tablet=&#8221;0px||0px||false|false&#8221; custom_margin_phone=&#8221;||0px||false|false&#8221; custom_margin_last_edited=&#8221;on|phone&#8221; custom_padding=&#8221;0px||0px||true|false&#8221; custom_padding_tablet=&#8221;10%||10%||true|false&#8221; custom_padding_phone=&#8221;20%||20%||true|false&#8221; bottom_divider_color=&#8221;#3FA3D6&#8243; bottom_divider_repeat=&#8221;1x&#8221; bottom_divider_flip=&#8221;horizontal&#8221; locked=&#8221;off&#8221; global_colors_info=&#8221;{}&#8221;][et_pb_row _builder_version=&#8221;4.21.0&#8243; _module_preset=&#8221;default&#8221; global_colors_info=&#8221;{}&#8221;][et_pb_column type=&#8221;4_4&#8243; _builder_version=&#8221;4.21.0&#8243; _module_preset=&#8221;default&#8221; global_colors_info=&#8221;{}&#8221;][\/et_pb_column][\/et_pb_row][\/et_pb_section][et_pb_section fb_built=&#8221;1&#8243; custom_padding_last_edited=&#8221;on|phone&#8221; _builder_version=&#8221;4.21.0&#8243; _module_preset=&#8221;default&#8221; custom_margin=&#8221;||||false|false&#8221; custom_padding=&#8221;||3%||false|false&#8221; custom_padding_tablet=&#8221;||4%||false|false&#8221; custom_padding_phone=&#8221;||20%||false|false&#8221; top_divider_style=&#8221;ramp&#8221; top_divider_color=&#8221;#3FA3D6&#8243; top_divider_height=&#8221;150px&#8221; top_divider_repeat=&#8221;1x&#8221; top_divider_flip=&#8221;horizontal&#8221; bottom_divider_style=&#8221;ramp&#8221; bottom_divider_color=&#8221;#FFB300&#8243; bottom_divider_height=&#8221;150px&#8221; bottom_divider_repeat=&#8221;1x&#8221; bottom_divider_flip=&#8221;horizontal&#8221; locked=&#8221;off&#8221; global_colors_info=&#8221;{}&#8221;][et_pb_row _builder_version=&#8221;4.21.0&#8243; _module_preset=&#8221;default&#8221; custom_margin=&#8221;0px||0px||false|false&#8221; custom_margin_tablet=&#8221;0px||0px||false|false&#8221; custom_margin_phone=&#8221;-5%||||false|false&#8221; custom_margin_last_edited=&#8221;on|phone&#8221; custom_padding=&#8221;0px||0px||false|false&#8221; global_colors_info=&#8221;{}&#8221;][et_pb_column type=&#8221;4_4&#8243; _builder_version=&#8221;4.21.0&#8243; _module_preset=&#8221;default&#8221; global_colors_info=&#8221;{}&#8221;][et_pb_text _builder_version=&#8221;4.22.2&#8243; _module_preset=&#8221;default&#8221; header_font=&#8221;|600|||||||&#8221; header_text_align=&#8221;center&#8221; header_text_color=&#8221;#FFFFFF&#8221; header_font_size=&#8221;40px&#8221; custom_margin=&#8221;||3%||false|false&#8221; custom_margin_tablet=&#8221;||0px||false|false&#8221; custom_margin_phone=&#8221;||||false|false&#8221; custom_margin_last_edited=&#8221;on|phone&#8221; custom_padding=&#8221;||||false|false&#8221; global_colors_info=&#8221;{}&#8221;]<\/p>\n<h1>Arquivo Geral<\/h1>\n<p>[\/et_pb_text][\/et_pb_column][\/et_pb_row][\/et_pb_section][et_pb_section fb_built=&#8221;1&#8243; _builder_version=&#8221;4.20.2&#8243; _module_preset=&#8221;default&#8221; global_colors_info=&#8221;{}&#8221;][et_pb_row column_structure=&#8221;1_2,1_2&#8243; use_custom_gutter=&#8221;on&#8221; _builder_version=&#8221;4.20.2&#8243; _module_preset=&#8221;default&#8221; max_width=&#8221;80%&#8221; global_colors_info=&#8221;{}&#8221;][et_pb_column type=&#8221;1_2&#8243; _builder_version=&#8221;4.20.2&#8243; _module_preset=&#8221;default&#8221; global_colors_info=&#8221;{}&#8221;][et_pb_text _builder_version=&#8221;4.25.2&#8243; _module_preset=&#8221;default&#8221; global_colors_info=&#8221;{}&#8221;]<\/p>\n<h2 class=\"vc_custom_heading vc_custom_1592561110274\"><span>Um recurso cultural e estrat\u00e9gico<\/span><\/h2>\n<p id=\"E185\" class=\"qowt-stl-Titolo1\"><span><strong><span id=\"E186\">O Arquivo Geral do Movimento dos<\/span> <span id=\"E187\"> <\/span> <span id=\"E188\">Focolares (<\/span> <span id=\"E190\">AGMF<\/span> <span id=\"E192\">) <\/span><\/strong><\/span><span id=\"E193\">et\u00e9m, entre os numerosos fundos em que \u00e9 articulado, os<\/span><span id=\"E194\"><span> <\/span>documentos em papel e multim\u00eddia<\/span><span id=\"E195\">que dizem respeito <strong><span>\u00e0<\/span><\/strong><\/span><strong><span><span id=\"E196\">fundadora Chiara<\/span> <span id=\"E197\"> <\/span> <span id=\"E198\">Lubich (1920-2008)<\/span><\/span><\/strong><span id=\"E199\">, \u00e1 historia do<span> <\/span><span><strong>Movimento dos<\/strong><\/span><\/span><span id=\"E200\"><span> <\/span><\/span><span id=\"E201\"><span><strong>Focolares <\/strong><\/span><span>desde o nascimento at\u00e9 hoje <\/span><\/span><span id=\"E202\">e ao seu desenvolvimento<span> <\/span><\/span><span id=\"E203\">mundial.<\/span><\/p>\n<p id=\"E204\" class=\"qowt-stl-Titolo1\"><span id=\"E205\">Em 25 de junho de 2019<span> <\/span><\/span><span id=\"E206\">Superintend\u00eancia<\/span><span id=\"E207\"><span> <\/span>Bibliogr\u00e1fica e de Arquivo Lazio declarou os Arquivos<\/span><span id=\"E208\"><span> <\/span><\/span><strong><span><span id=\"E209\">\u00ab<\/span><span id=\"E210\">\u2026<\/span><span id=\"E211\">de particular <\/span><span id=\"E212\"> <\/span><span id=\"E213\">interesse hist\u00f3rico<\/span><span id=\"E214\">\u00bb<\/span><\/span><\/strong><span id=\"E215\"><span> <\/span><\/span><span id=\"E216\">reconhecendo seu valor de<\/span><span id=\"E217\"><span> <\/span><\/span><strong><span><span id=\"E218\">\u00ab<\/span><span id=\"E219\">extraordin\u00e1rio testemunho, fonte de nova inspira\u00e7\u00e3o e vida\u00bb <\/span> <\/span><\/strong><em><span><span id=\"E219\">(<\/span><\/span><span><span id=\"E219\">(Da Declara\u00e7\u00e3o official \u2013 Minist\u00e9rio para os bens e atividades culturais, Dire\u00e7\u00e3o geral Arquivos, Superintend\u00eancia Bibliogr\u00e1fica e de Arquivo Lazio \u2013 It\u00e1lia. Roma, 25 de junho de 2019) <\/span><\/span><\/em><span id=\"E220\" class=\"qowt-stl-Rimandonotaapidipagina\"><\/span><span id=\"E222\">: o arquivo<span> <\/span><\/span><span id=\"E223\">documenta o percurso de fraternidadade<\/span><span id=\"E224\"><span> <\/span><\/span><span id=\"E225\">universal<span> <\/span><\/span><span id=\"E226\">gerado pela figura carism\u00e1tica de<\/span><span id=\"E227\"><span> <\/span><\/span><span id=\"E228\">Chiara Lubich, dos cofundadores Igino Giordani e Pasquale Foresi,<span> <\/span><\/span><span id=\"E229\">dos<\/span><span id=\"E230\"><span> <\/span><\/span><span id=\"E231\">primeiros colaboradores.<\/span><\/p>\n<p class=\"qowt-stl-Titolo1\"><span id=\"E231\">Ele testemunha<\/span><span id=\"E232\">,<span> <\/span><\/span><span id=\"E233\">enquanto<\/span><span id=\"E234\"><span> <\/span>centro e ponto de apoio de uma<span> <\/span><\/span><span id=\"E235\">rede<span> <\/span><\/span><span id=\"E236\">global de arquivos,<span> <\/span><\/span><span id=\"E237\">a original corrente de espiritualidade, vida <\/span><span id=\"E238\"><span> <\/span><\/span><span id=\"E239\">e pensamento que envolveu homens e<\/span><span id=\"E240\"><span> <\/span><\/span><span id=\"E241\">mulheres de todas as latitudes<\/span><span id=\"E242\">.<\/span><span id=\"E243\"><span> <\/span>Um testemunho que o<\/span><span id=\"E245\">AGMF<\/span><span id=\"E247\"><span> <\/span>conserva e valoriza, seja na \u00f3tica da pesquisa hist\u00f3rica seja na da atualiza\u00e7\u00e3o e difus\u00e3o.<\/span><\/p>\n<p id=\"E248\" class=\"qowt-stl-Titolo1\"><strong><span><span id=\"E249\">\u00abEstes documentos \u2013 havia afirmado Chiara Lubich \u2013 ser\u00e3o, inclusive no futuro <\/span> <span id=\"E251\">a presen\u00e7a viva de um passado que condicionou o presente<\/span> <span id=\"E252\" class=\"qowt-font4-Calibri\">\u00bb<\/span> <span id=\"E255\">.<\/span><\/span><\/strong><span><span id=\"E255\"><em> (Chiara Lubich, 6 de dezembro de 1962)<\/em><\/span><\/span><strong><span><span id=\"E255\"><br \/><\/span><\/span><\/strong><\/p>\n<p>Uma p\u00e1gina dedicada ao AGMF pode ser encontrada no<span> <\/span><strong><a href=\"http:\/\/www.sa-lazio.beniculturali.it\/index.php?it\/269\/archivio-generale-del-movimento-dei-focolari-rocca-di-papa-rm\" target=\"_blank\" rel=\"noopener\">site MIBAC dos Bens Culturais<\/a> <span> <\/span><\/strong>Superintend\u00eancia Arquiv\u00edstica e Bibliogr\u00e1fica da Regi\u00e3o do Lazio, It\u00e1lia, com a qual existe uma grande colabora\u00e7\u00e3o, e<span> <\/span><span>no <strong><a href=\"https:\/\/www.beweb.chiesacattolica.it\/istituticulturali\/istituto\/3729\/Archivio+Generale+del+Movimento+dei+Focolari\" target=\"_blank\" rel=\"noopener\"> site do Patrim\u00f4nio Cultural<\/a><\/strong> da Confer\u00eancia Episcopal Italiana BeWeb<\/span>.<\/p>\n<p><span><strong>Trabalhos de arquivo<\/strong><\/span><br \/>Entre os trabalhos recentes realizados no dom\u00ednio arquiv\u00edstico, conta-se o recenseamento do Fundo Pasquale Foresi, com a<span> <\/span><strong><a href=\"https:\/\/www.focolare.org\/download\/116\/italiano\/356406\/ordine-discorsi-archivio.pdf?lang=it\" target=\"_blank\" rel=\"noopener\"> reorganiza\u00e7\u00e3o da s\u00e9rie \u201cDiscorsi\u201d<\/a><\/strong>. O projeto, conclu\u00eddo em dezembro de 2022, foi \u201crealizado com o apoio da Regi\u00e3o do L\u00e1cio para Bibliotecas, Museus e Arquivos \u2013 Plano Anual 2022, L.R. 24\/2019\u201d.<\/p>\n<p>[\/et_pb_text][\/et_pb_column][et_pb_column type=&#8221;1_2&#8243; _builder_version=&#8221;4.20.2&#8243; _module_preset=&#8221;default&#8221; global_colors_info=&#8221;{}&#8221;][et_pb_video src=&#8221;https:\/\/youtu.be\/c4QMYhVG_O4&#8243; _builder_version=&#8221;4.25.2&#8243; _module_preset=&#8221;default&#8221; global_colors_info=&#8221;{}&#8221;][\/et_pb_video][et_pb_text _builder_version=&#8221;4.20.2&#8243; _module_preset=&#8221;default&#8221; header_3_font_size=&#8221;16px&#8221; custom_padding=&#8221;0px||0px||true|false&#8221; global_colors_info=&#8221;{}&#8221;]<\/p>\n<div id=\"aboutus\" class=\"vc_row wpb_row vc_row-fluid vc_custom_1540799645580\">\n<div class=\"wpb_column vc_column_container vc_col-sm-6 vc_col-has-fill\">\n<div class=\"vc_column-inner vc_custom_1594322920150\">\n<div class=\"wpb_wrapper\">\n<div class=\"wpb_text_column wpb_content_element vc_custom_1592562781548 p { margin-bottom: 3px; }\">\n<div class=\"wpb_wrapper\">\n<h3><span><b>Est\u00e1 fazendo uma pesquisa, preparando um encontro, escrevendo um livro ou uma tese? Precisa de material audiovisual para um document\u00e1rio? Comunique-nos o que lhe pode ser \u00fatil.  <\/b><\/span><\/h3>\n<\/div>\n<\/div>\n<\/div>\n<\/div>\n<\/div>\n<\/div>\n<p>[\/et_pb_text][difl_dual_button btn_left_background_bgcolor=&#8221;#FFB300&#8243; btn_left_font_icon=&#8221;&#xe092;||divi||400&#8243; btn_left_icon_color=&#8221;#FFFFFF&#8221; btn_right_background_bgcolor=&#8221;#3FA3D6&#8243; btn_right_font_icon=&#8221;&#xe092;||divi||400&#8243; btn_right_icon_color=&#8221;#FFFFFF&#8221; left_button=&#8221;Regulamento do Arquivo Geral&#8221; left_button_url=&#8221;https:\/\/www.focolare.org\/wp-content\/uploads\/2026\/01\/CPS-AG-20251015-RegulamentoAGMF-def_pt.pdf&#8221; left_button_target=&#8221;on&#8221; right_button=&#8221;Formul\u00e1rio Solicita\u00e7\u00e3o de acesso&#8221; right_button_url=&#8221;https:\/\/www.focolare.org\/wp-content\/uploads\/2026\/01\/CPS-AG-20251015-FORMULARIO-A-PEDIDO-DE-ACESSO_pt-comp.pdf&#8221; right_button_target=&#8221;on&#8221; button_separator=&#8221;on&#8221; separator_text=&#8221;o&#8221; alignment=&#8221;center&#8221; _builder_version=&#8221;4.27.5&#8243; _module_preset=&#8221;default&#8221; left_button_text_color=&#8221;#FFFFFF&#8221; left_button_font_size=&#8221;16px&#8221; right_button_text_color=&#8221;#FFFFFF&#8221; right_button_font_size=&#8221;16px&#8221; separator_font=&#8221;|600|||||||&#8221; separator_text_color=&#8221;#FFFFFF&#8221; hover_enabled=&#8221;0&#8243; border_radii_left_button=&#8221;on|7px|7px|7px|7px&#8221; border_radii_right_button=&#8221;on|7px|7px|7px|7px&#8221; border_width_all_separator=&#8221;10px&#8221; border_color_all_separator=&#8221;#FFFFFF&#8221; global_colors_info=&#8221;{}&#8221; btn_left_background_bgcolor__hover_enabled=&#8221;on|hover&#8221; btn_right_background_bgcolor__hover_enabled=&#8221;on|hover&#8221; btn_right_background_bgcolor__hover=&#8221;#FFB300&#8243; btn_left_background_bgcolor__hover=&#8221;#3FA3D6&#8243; border_color_all_separator__hover_enabled=&#8221;on|desktop&#8221; border_color_all_separator__hover=&#8221;#FFFFFF&#8221; left_button_wrapper_margin=&#8221;|||30px|false|false&#8221; left_button_wrapper_padding=&#8221;||||false|false&#8221; left_button_margin=&#8221;||||false|false&#8221; left_button_padding=&#8221;|42px||42px|false|false&#8221; right_button_padding=&#8221;|30px||30px|false|false&#8221; locked=&#8221;off&#8221; sticky_enabled=&#8221;0&#8243; custom_padding=&#8221;||||false|false&#8221;][\/difl_dual_button][difl_dual_button btn_left_background_bgcolor=&#8221;#3FA3D6&#8243; btn_left_font_icon=&#8221;&#xe092;||divi||400&#8243; btn_left_icon_color=&#8221;#FFFFFF&#8221; btn_right_background_bgcolor=&#8221;#3FA3D6&#8243; btn_right_font_icon=&#8221;&#xe092;||divi||400&#8243; btn_right_icon_color=&#8221;#FFFFFF&#8221; left_button=&#8221;Formul\u00e1rio Solicita\u00e7\u00e3o de reprodu\u00e7\u00f5es&#8221; left_button_url=&#8221;https:\/\/www.focolare.org\/wp-content\/uploads\/2026\/01\/CPS-AG-20251015-FORMULARIO-B-SOLICITACAO-REPRODUCAO_ptcomp.pdf&#8221; left_button_target=&#8221;on&#8221; right_button=&#8221;Formul\u00e1rio Solicita\u00e7\u00e3o de publica\u00e7\u00e3o&#8221; right_button_url=&#8221;https:\/\/www.focolare.org\/wp-content\/uploads\/2026\/01\/CPS-AG-20251015-FORMULARIO-C-SOLICITACAO-PUBLICACAO_pt-comp.pdf&#8221; right_button_target=&#8221;on&#8221; button_separator=&#8221;on&#8221; separator_text=&#8221;o&#8221; left_button_wrapper_margin=&#8221;-25px|||33px|false|false&#8221; right_button_wrapper_margin=&#8221;-25px||||false|false&#8221; alignment=&#8221;center&#8221; _builder_version=&#8221;4.27.5&#8243; _module_preset=&#8221;default&#8221; left_button_text_color=&#8221;#FFFFFF&#8221; left_button_font_size=&#8221;16px&#8221; right_button_text_color=&#8221;#FFFFFF&#8221; right_button_font_size=&#8221;16px&#8221; separator_font=&#8221;|600|||||||&#8221; separator_text_color=&#8221;#FFFFFF&#8221; hover_enabled=&#8221;0&#8243; border_radii_left_button=&#8221;on|7px|7px|7px|7px&#8221; border_radii_right_button=&#8221;on|7px|7px|7px|7px&#8221; border_width_all_separator=&#8221;10px&#8221; border_color_all_separator=&#8221;#FFFFFF&#8221; global_colors_info=&#8221;{}&#8221; btn_left_background_bgcolor__hover_enabled=&#8221;on|hover&#8221; btn_right_background_bgcolor__hover_enabled=&#8221;on|hover&#8221; btn_right_background_bgcolor__hover=&#8221;#FFB300&#8243; btn_left_background_bgcolor__hover=&#8221;#3FA3D6&#8243; border_color_all_separator__hover_enabled=&#8221;on|desktop&#8221; border_color_all_separator__hover=&#8221;#FFFFFF&#8221; locked=&#8221;off&#8221; sticky_enabled=&#8221;0&#8243;][\/difl_dual_button][\/et_pb_column][\/et_pb_row][\/et_pb_section][et_pb_section fb_built=&#8221;1&#8243; _builder_version=&#8221;4.20.2&#8243; _module_preset=&#8221;default&#8221; background_color=&#8221;#FFB300&#8243; custom_margin=&#8221;0px||0px||true|false&#8221; custom_padding=&#8221;0px||0px||false|false&#8221; collapsed=&#8221;on&#8221; global_colors_info=&#8221;{}&#8221;][et_pb_row use_custom_gutter=&#8221;on&#8221; _builder_version=&#8221;4.20.2&#8243; _module_preset=&#8221;default&#8221; max_width=&#8221;80%&#8221; global_colors_info=&#8221;{}&#8221;][et_pb_column type=&#8221;4_4&#8243; _builder_version=&#8221;4.20.2&#8243; _module_preset=&#8221;default&#8221; global_colors_info=&#8221;{}&#8221;][difl_contentcarousel item_desktop=&#8221;4&#8243; loop=&#8221;on&#8221; autoplay=&#8221;on&#8221; pause_hover=&#8221;on&#8221; dots=&#8221;on&#8221; dots_color=&#8221;#FFFFFF&#8221; active_dots_color=&#8221;#3FA3D6&#8243; large_active_dot=&#8221;on&#8221; _builder_version=&#8221;4.21.0&#8243; _module_preset=&#8221;default&#8221; width=&#8221;95%&#8221; max_width=&#8221;95%&#8221; module_alignment=&#8221;center&#8221; global_colors_info=&#8221;{}&#8221;][difl_contentcarouselitem title=&#8221;40+&#8221; sub_title=&#8221;fundos de arquivo&#8221; df_title_bg_bgcolor=&#8221;RGBA(255,255,255,0)&#8221; cc_button_button_url_new_window=&#8221;1&#8243; _builder_version=&#8221;4.21.0&#8243; _module_preset=&#8221;default&#8221; cc_title_text_color=&#8221;#FFFFFF&#8221; cc_title_font_size=&#8221;40px&#8221; cc_subtitle_font=&#8221;||||||||&#8221; cc_subtitle_text_color=&#8221;#FFFFFF&#8221; cc_subtitle_font_size=&#8221;16px&#8221; global_colors_info=&#8221;{}&#8221;][\/difl_contentcarouselitem][difl_contentcarouselitem title=&#8221;6,090+&#8221; sub_title=&#8221;entre discursos e escritos&#8221; df_title_bg_bgcolor=&#8221;RGBA(255,255,255,0)&#8221; cc_button_button_url_new_window=&#8221;1&#8243; _builder_version=&#8221;4.21.0&#8243; _module_preset=&#8221;default&#8221; cc_title_text_color=&#8221;#FFFFFF&#8221; cc_title_font_size=&#8221;40px&#8221; cc_subtitle_font=&#8221;||||||||&#8221; cc_subtitle_text_color=&#8221;#FFFFFF&#8221; cc_subtitle_font_size=&#8221;16px&#8221; global_colors_info=&#8221;{}&#8221;][\/difl_contentcarouselitem][difl_contentcarouselitem title=&#8221;70+&#8221; sub_title=&#8221;Anos de mem\u00f3ria&#8221; df_title_bg_bgcolor=&#8221;RGBA(255,255,255,0)&#8221; cc_button_button_url_new_window=&#8221;1&#8243; _builder_version=&#8221;4.21.0&#8243; _module_preset=&#8221;default&#8221; cc_title_text_color=&#8221;#FFFFFF&#8221; cc_title_font_size=&#8221;40px&#8221; cc_subtitle_font=&#8221;||||||||&#8221; cc_subtitle_text_color=&#8221;#FFFFFF&#8221; cc_subtitle_font_size=&#8221;16px&#8221; global_colors_info=&#8221;{}&#8221;][\/difl_contentcarouselitem][difl_contentcarouselitem title=&#8221;354+&#8221; sub_title=&#8221;conversas telef\u00f3nicas&#8221; df_title_bg_bgcolor=&#8221;RGBA(255,255,255,0)&#8221; cc_button_button_url_new_window=&#8221;1&#8243; _builder_version=&#8221;4.21.0&#8243; _module_preset=&#8221;default&#8221; cc_title_text_color=&#8221;#FFFFFF&#8221; cc_title_font_size=&#8221;40px&#8221; cc_subtitle_font=&#8221;||||||||&#8221; cc_subtitle_text_color=&#8221;#FFFFFF&#8221; cc_subtitle_font_size=&#8221;16px&#8221; global_colors_info=&#8221;{}&#8221;][\/difl_contentcarouselitem][difl_contentcarouselitem title=&#8221;165,830+&#8221; sub_title=&#8221;Entre filmes, fitas de video, betacam e U-Matic, DVDcam e Mini DV, fotos, negativos, slides, etc&#8221; df_title_bg_bgcolor=&#8221;RGBA(255,255,255,0)&#8221; cc_button_button_url_new_window=&#8221;1&#8243; _builder_version=&#8221;4.21.0&#8243; _module_preset=&#8221;default&#8221; cc_title_text_color=&#8221;#FFFFFF&#8221; cc_title_font_size=&#8221;40px&#8221; cc_subtitle_font=&#8221;||||||||&#8221; cc_subtitle_text_color=&#8221;#FFFFFF&#8221; cc_subtitle_font_size=&#8221;16px&#8221; global_colors_info=&#8221;{}&#8221;][\/difl_contentcarouselitem][difl_contentcarouselitem title=&#8221;22,000+&#8221; sub_title=&#8221;cartas enviadas; centenas de milhares receberam&#8221; df_title_bg_bgcolor=&#8221;RGBA(255,255,255,0)&#8221; cc_button_button_url_new_window=&#8221;1&#8243; _builder_version=&#8221;4.21.0&#8243; _module_preset=&#8221;default&#8221; cc_title_text_color=&#8221;#FFFFFF&#8221; cc_title_font_size=&#8221;40px&#8221; cc_subtitle_font=&#8221;||||||||&#8221; cc_subtitle_text_color=&#8221;#FFFFFF&#8221; cc_subtitle_font_size=&#8221;16px&#8221; global_colors_info=&#8221;{}&#8221;][\/difl_contentcarouselitem][difl_contentcarouselitem title=&#8221;630+&#8221; sub_title=&#8221;medidores lineares de audio anal\u00f3gico, filme e midia de video&#8221; df_title_bg_bgcolor=&#8221;RGBA(255,255,255,0)&#8221; cc_button_button_url_new_window=&#8221;1&#8243; _builder_version=&#8221;4.21.0&#8243; _module_preset=&#8221;default&#8221; cc_title_text_color=&#8221;#FFFFFF&#8221; cc_title_font_size=&#8221;40px&#8221; cc_subtitle_font=&#8221;||||||||&#8221; cc_subtitle_text_color=&#8221;#FFFFFF&#8221; cc_subtitle_font_size=&#8221;16px&#8221; global_colors_info=&#8221;{}&#8221;][\/difl_contentcarouselitem][difl_contentcarouselitem title=&#8221;970+&#8221; sub_title=&#8221;medidores lineares de documenta\u00e7\u00e3o em papel&#8221; df_title_bg_bgcolor=&#8221;RGBA(255,255,255,0)&#8221; cc_button_button_url_new_window=&#8221;1&#8243; _builder_version=&#8221;4.21.0&#8243; _module_preset=&#8221;default&#8221; cc_title_text_color=&#8221;#FFFFFF&#8221; cc_title_font_size=&#8221;40px&#8221; cc_subtitle_font=&#8221;||||||||&#8221; cc_subtitle_text_color=&#8221;#FFFFFF&#8221; cc_subtitle_font_size=&#8221;16px&#8221; global_colors_info=&#8221;{}&#8221;][\/difl_contentcarouselitem][\/difl_contentcarousel][\/et_pb_column][\/et_pb_row][\/et_pb_section]<\/p>\n","protected":false},"excerpt":{"rendered":"<p>Arquivo GeralUm recurso cultural e estrat\u00e9gico O Arquivo Geral do Movimento dos Focolares ( AGMF ) et\u00e9m, entre os numerosos fundos em que \u00e9 articulado, os documentos em papel e multim\u00eddiaque dizem respeito \u00e0fundadora Chiara Lubich (1920-2008), \u00e1 historia do Movimento dos Focolares desde o nascimento at\u00e9 hoje e ao seu desenvolvimento mundial. Em 25 [&hellip;]<\/p>\n","protected":false},"author":1,"featured_media":0,"parent":285088,"menu_order":0,"comment_status":"closed","ping_status":"closed","template":"","meta":{"give_campaign_id":0,"_seopress_robots_primary_cat":"","_seopress_titles_title":"","_seopress_titles_desc":"","_seopress_robots_index":"","_et_pb_use_builder":"on","_et_pb_old_content":"","_et_gb_content_width":"","footnotes":""},"difl_page_category":[],"class_list":["post-285087","page","type-page","status-publish","hentry"],"campaignId":"","_links":{"self":[{"href":"https:\/\/www.focolare.org\/pt-pt\/wp-json\/wp\/v2\/pages\/285087","targetHints":{"allow":["GET"]}}],"collection":[{"href":"https:\/\/www.focolare.org\/pt-pt\/wp-json\/wp\/v2\/pages"}],"about":[{"href":"https:\/\/www.focolare.org\/pt-pt\/wp-json\/wp\/v2\/types\/page"}],"author":[{"embeddable":true,"href":"https:\/\/www.focolare.org\/pt-pt\/wp-json\/wp\/v2\/users\/1"}],"replies":[{"embeddable":true,"href":"https:\/\/www.focolare.org\/pt-pt\/wp-json\/wp\/v2\/comments?post=285087"}],"version-history":[{"count":1,"href":"https:\/\/www.focolare.org\/pt-pt\/wp-json\/wp\/v2\/pages\/285087\/revisions"}],"predecessor-version":[{"id":394987,"href":"https:\/\/www.focolare.org\/pt-pt\/wp-json\/wp\/v2\/pages\/285087\/revisions\/394987"}],"up":[{"embeddable":true,"href":"https:\/\/www.focolare.org\/pt-pt\/wp-json\/wp\/v2\/pages\/285088"}],"wp:attachment":[{"href":"https:\/\/www.focolare.org\/pt-pt\/wp-json\/wp\/v2\/media?parent=285087"}],"wp:term":[{"taxonomy":"difl_page_category","embeddable":true,"href":"https:\/\/www.focolare.org\/pt-pt\/wp-json\/wp\/v2\/difl_page_category?post=285087"}],"curies":[{"name":"wp","href":"https:\/\/api.w.org\/{rel}","templated":true}]}}