{"id":360021,"date":"2024-06-25T10:57:21","date_gmt":"2024-06-25T08:57:21","guid":{"rendered":"https:\/\/www.focolare.org\/?page_id=360021"},"modified":"2024-07-15T09:15:53","modified_gmt":"2024-07-15T07:15:53","slug":"politicas-de-cookies","status":"publish","type":"page","link":"https:\/\/www.focolare.org\/pt-pt\/politicas-de-cookies\/","title":{"rendered":"Pol\u00edticas de Cookies"},"content":{"rendered":"\n<p><strong>Pol\u00edtica de cookies ampliada<\/strong><\/p>\n\n\n\n<p><em>Informativo em mat\u00e9ria de privacidade e processamento dos dados pessoais de acordo com o Decreto Legislativo n. 196\/2003 (\u201cCodice Privacy\u201d) artigos 13, 23 e 26 e sucessivas modifica\u00e7\u00f5es; do Regulamento (EU) 2016\/679 (\u201cGDPR\u201d).<\/em><\/p>\n\n\n\n<p>Este site focolare.org utiliza os cookies para ajudar os nossos usu\u00e1rios a ter uma boa experi\u00eancia quando navegam no site, eles permitem, al\u00e9m disso, a melhoria do nosso site.<\/p>\n\n\n\n<p><strong>O que \u00e9 um cookie?<\/strong><\/p>\n\n\n\n<p>Um cookie \u00e9 um arquivo de pequenas dimens\u00f5es no qual s\u00e3o memorizadas algumas informa\u00e7\u00f5es que tem rela\u00e7\u00e3o com a navega\u00e7\u00e3o dos usu\u00e1rios; ele \u00e9 enviado pelos sites aos terminais (computador, tablet, etc.) dos usu\u00e1rios que acessam o site. Alguns cookies s\u00e3o automaticamente eliminados, no final da sess\u00e3o de navega\u00e7\u00e3o, enquanto outros ficam gravados nos terminais, normalmente hospedados no browser utilizado (por exemplo: Internet Explorer, Mozilla Firefox, Google Chrome, etc.).<\/p>\n\n\n\n<p><strong>Tipos de cookie e dura\u00e7\u00e3o<\/strong><\/p>\n\n\n\n<p>Verificamos regularmente a exist\u00eancia de cookies em nosso site e mantemos nossa lista de cookies atualizada. Classificamos os cookies em quatro categorias:<\/p>\n\n\n\n<ul class=\"wp-block-list\">\n<li><strong>Necess\u00e1rios<\/strong>: estes cookies s\u00e3o necess\u00e1rios para o funcionamento do site e n\u00e3o podem ser desativados nos nossos sistemas. Normalmente, eles s\u00e3o definidos apenas em resposta a a\u00e7\u00f5es que voc\u00ea executa e que constituem uma solicita\u00e7\u00e3o de servi\u00e7os, como a defini\u00e7\u00e3o das prefer\u00eancias de privacidade, o acesso e o preenchimento de formul\u00e1rios, utilizar um carrinho de compras ou usufruir de servi\u00e7os de faturamento eletr\u00f4nico. \u00c9 poss\u00edvel configurar seu navegador para bloquear ou avis\u00e1-lo sobre esses cookies, mas, de consequ\u00eancia, algumas partes do site n\u00e3o funcionar\u00e3o. Estes cookies n\u00e3o arquivam informa\u00e7\u00f5es pessoais.<\/li>\n\n\n\n<li><em>YSC<\/em>\u00a0tem como dura\u00e7\u00e3o: o decorrer da sess\u00e3o. Registra um ID exclusivo para manter as estat\u00edsticas dos v\u00eddeos do YouTube que o usu\u00e1rio assistiu.<\/li>\n\n\n\n<li><em>wp-wpml_current_language<\/em>\u00a0tem como dura\u00e7\u00e3o: o decorrer da sess\u00e3o. Este cookie \u00e9 utilizado para tra\u00e7ar a prefer\u00eancia lingu\u00edstica do usu\u00e1rio.<\/li>\n\n\n\n<li><em>m <\/em>a conserva\u00e7\u00e3o vence depois de 365 dias do acesso: configurar o provedor de servi\u00e7os de pagamento stripe.com para processamento de pagamentos<\/li>\n\n\n\n<li><em>stripe_mid <\/em>tem data de validade de 365 dias a partir do acesso<\/li>\n\n\n\n<li>stripe_sid tem data de validade de 1 hora a partir do acesso<\/li>\n\n\n\n<li><em>hmt_id<\/em> tem data de validade de 30 dias a partir do acesso<\/li>\n\n\n\n<li><em>illow-consenso<\/em>\u00a0tem como dura\u00e7\u00e3o o decorrer da sess\u00e3o. Este cookie \u00e9 utilizado para manter o controle de um consentimento dado na plataforma.<\/li>\n<\/ul>\n\n\n\n<p><strong>Marketing: <\/strong>Estes cookies registram as visitas dos usu\u00e1rios ao nosso site, as p\u00e1ginas que visitaram e os link que abriram. Utilizaremos estas informa\u00e7\u00f5es para tornar o nosso site, e as notifica\u00e7\u00f5es visualizadas nele, mais pertinentes aos interesses dos nossos visitantes.<\/p>\n\n\n\n<p>&#8211; <em>VISITOR_INFO1_LIVE<\/em>&nbsp;Validade: 180 dias. Descri\u00e7\u00e3o: tenta medir a largura de banda dos usu\u00e1rios em p\u00e1ginas com v\u00eddeos incorporados do YouTube.<\/p>\n\n\n\n<ul class=\"wp-block-list\">\n<li><strong>Estat\u00edsticas <\/strong>Estes cookies nos permitem contar as visitas para poder medir e melhorar os servi\u00e7os do nosso site. Ajudam-nos a saber quais s\u00e3o as p\u00e1ginas mais e menos populares e ver como os visitantes se movimentam pelo site. Todas as informa\u00e7\u00f5es recolhidas pelos cookies s\u00e3o incorporadas e, portanto, an\u00f4nimas. Se voc\u00ea n\u00e3o d\u00e1 consentimento a este cookie n\u00e3o poderemos saber quando visitou o nosso site.<\/li>\n<\/ul>\n\n\n\n<p><strong>\u2013<\/strong><em>sbjs_migrations<\/em>&nbsp;Validade: sess\u00e3o Descri\u00e7\u00e3o: mant\u00e9m o controle das migra\u00e7\u00f5es de dados entre diferentes vers\u00f5es do Sourcebuster JS. Isso garante um funcionamento regular durante as atualiza\u00e7\u00f5es da plataforma.<\/p>\n\n\n\n<p>\u2013<em>sbjs_current_add<\/em>&nbsp;Validade: sess\u00e3o Descri\u00e7\u00e3o: registra a \u00faltima vez que o c\u00f3digo JS do Sourcebuster foi acrescentado a uma p\u00e1gina web.<\/p>\n\n\n\n<p>\u2013<em>sbjs_current<\/em>&nbsp;Validade: sess\u00e3o Descri\u00e7\u00e3o: memoriza a vers\u00e3o corrente do Sourcebuster JS em execu\u00e7\u00e3o no browser. Deste modo \u00e9 poss\u00edvel manter a funcionalidade.<\/p>\n\n\n\n<p>\u2013<em>sbjs_first<\/em>&nbsp;Validade: sess\u00e3o. Descri\u00e7\u00e3o: registra a primeira vez que se visita uma p\u00e1gina web com c\u00f3digo JS do Sourcebuster.<\/p>\n\n\n\n<p>\u2013<em>sbjs_udata<\/em>&nbsp;Validade: sess\u00e3o Descri\u00e7\u00e3o: memoriza os dados incorporados relativos \u00e0 atividade de navega\u00e7\u00e3o do usu\u00e1rio nos sites com c\u00f3digo JS do Sourcebuster. Isso inclui informa\u00e7\u00f5es como as p\u00e1ginas visitadas, os eventos realizados e o tempo gasto em cada p\u00e1gina. Estes dados s\u00e3o utilizados para melhorar a segmenta\u00e7\u00e3o do p\u00fablico e personalizar a experi\u00eancia do usu\u00e1rio.<\/p>\n\n\n\n<p>\u2013<em>sbjs_session<\/em>&nbsp;Validade: uma hora Descri\u00e7\u00e3o: mant\u00e9m o controle das suas sess\u00f5es de navega\u00e7\u00e3o em sites com c\u00f3digo JS de Sourcebuster para proporcionar uma experi\u00eancia de usu\u00e1rio mais suave e personalizada.<\/p>\n\n\n\n<p>\u2013<em>tk_or<\/em>&nbsp;Validade: 440 dias Descri\u00e7\u00e3o: memoriza um ID an\u00f4nimo gerado em modo casual. \u00c9 utilizado s\u00f3 na \u00e1rea de administra\u00e7\u00e3o e \u00e9 utilizado para o monitoramento geral de an\u00e1lise.<\/p>\n\n\n\n<p>\u2013<em>tk_r3d<\/em>&nbsp;Validade: tr\u00eas dias Descri\u00e7\u00e3o: memoriza um ID an\u00f4nimo gerado em modo casual. \u00c9 utilizado s\u00f3 na \u00e1rea de administra\u00e7\u00e3o e \u00e9 utilizado para o monitoramento geral de an\u00e1lise.<\/p>\n\n\n\n<p>\u2013<em>tk_lr<\/em>&nbsp;Validade: 365 dias Descri\u00e7\u00e3o: memoriza um ID an\u00f4nimo gerado em modo casual. \u00c9 utilizado s\u00f3 na \u00e1rea de administra\u00e7\u00e3o e \u00e9 utilizado para o monitoramento geral de an\u00e1lise.<\/p>\n\n\n\n<ul class=\"wp-block-list\">\n<li><strong>Prefer\u00eancias <\/strong>Estes s\u00e3o utilizados para reconhecer os usu\u00e1rios quando retornam ao nosso site. Isso nos permite personalizar os nossos conte\u00fados e recordar as suas prefer\u00eancias (por exemplo: a escolha da l\u00edngua ou da regi\u00e3o). N\u00e3o memorizam diretamente informa\u00e7\u00f5es pessoais, mas se baseiam apenas na detec\u00e7\u00e3o de seu navegador e do seu dispositivo internet.<\/li>\n<\/ul>\n\n\n\n<p>\u2013<em>bp_ut_session<\/em>&nbsp;Validade: 365 dias<\/p>\n\n\n\n<p>\u2013<em>VISITOR_PRIVACY_METADATA<\/em>&nbsp;Validade: 180 dias Descri\u00e7\u00e3o: memoriza as prefer\u00eancias do usu\u00e1rio relativas ao Youtube.<\/p>\n\n\n\n<p>Dependendo da localiza\u00e7\u00e3o do usu\u00e1rio, ele poder\u00e1 desativar cada categoria de cookies (exceto os necess\u00e1rios) clicando em &#8220;definir permiss\u00f5es personalizadas&#8221; no banner de cookies do nosso site.<\/p>\n\n\n\n<p><strong>Pessoas autorizadas a processar dados pessoais<\/strong><\/p>\n\n\n\n<p>Os seus dados se tornar\u00e3o acess\u00edveis apenas a pessoas autorizadas ao processamento no Movimento dos Focolares (P.A.F.O.M.). Essas pessoas ser\u00e3o oportunamente instru\u00eddas com a finalidade de evitar a perda, o acesso aos dados por parte de pessoas n\u00e3o autorizadas ou de efetuar processamentos n\u00e3o autorizados dos dados.<\/p>\n\n\n\n<p>Al\u00e9m disso, os seus dados poder\u00e3o ser processados por empresas que desenvolvem atividades de natureza t\u00e9cnica e organizativa voltadas ao gerenciamento do site, em nome da P.A.F.O.M. enquanto respons\u00e1veis pelo processamento. Essas empresas assinaram um contrato que regulamenta detalhadamente o processamento confiado a elas e suas obriga\u00e7\u00f5es relativas \u00e0 prote\u00e7\u00e3o dos dados.<\/p>\n\n\n\n<p>A lista atualizada de pessoas autorizadas a processar dados est\u00e1 dispon\u00edvel entrando em contato com o respons\u00e1vel pela prote\u00e7\u00e3o de dados em <a href=\"mailto:privacy@focolare.org\">privacy@focolare.org<\/a>.<\/p>\n\n\n\n<p><strong>Direitos reconhecidos ao usu\u00e1rio<\/strong><\/p>\n\n\n\n<p>O Regulamento da UE 2016\/679 (artigos 15 a 23) concede aos interessados, em determinadas circunst\u00e2ncias, o exerc\u00edcio de direitos espec\u00edficos. Em particular, em rela\u00e7\u00e3o ao processamento de seus dados pessoais, voc\u00ea tem o direito de solicitar ao Movimento dos Focolares (P.A.F.O.M.) o acesso, a retifica\u00e7\u00e3o, o cancelamento, a portabilidade, a restri\u00e7\u00e3o e a oposi\u00e7\u00e3o ao processamento.<\/p>\n\n\n\n<p>Al\u00e9m disso, voc\u00ea pode apresentar uma reclama\u00e7\u00e3o \u00e0 Autoridade de controle, que na It\u00e1lia \u00e9 a Garante para a Prote\u00e7\u00e3o de Dados Pessoais.<\/p>\n\n\n\n<p>Voc\u00ea pode entrar em contato com o Respons\u00e1vel de Prote\u00e7\u00e3o de Dados a qualquer momento para exercer seus direitos, enviando uma solicita\u00e7\u00e3o para o seguinte endere\u00e7o de e-mail <a href=\"mailto:privacy@focolare.org\">privacy@focolare.org<\/a>.<\/p>\n\n\n\n<p><strong>Desativa\u00e7\u00e3o de cookies por meio de configura\u00e7\u00f5es personalizadas<\/strong><\/p>\n\n\n\n<p>Voc\u00ea pode conceder, modificar ou revogar seu consentimento clicando em &#8220;Definir permiss\u00f5es personalizadas&#8221; ou no \u00edcone em forma de c\u00edrculo flutuante. Suas escolhas ser\u00e3o aplicadas em todos os nossos subdom\u00ednios, garantindo uma experi\u00eancia de navega\u00e7\u00e3o transparente e atenta \u00e0 sua privacidade.<\/p>\n\n\n\n<p>Como a instala\u00e7\u00e3o de cookies e de outros sistemas de rastreamento operados por terceiros por meio dos servi\u00e7os usados neste espa\u00e7o on-line n\u00e3o pode ser tecnicamente controlada pelo Propriet\u00e1rio, qualquer refer\u00eancia espec\u00edfica a cookies e sistemas de rastreamento instalados por terceiros deve ser considerada como indicativa. Para obter informa\u00e7\u00f5es completas, consulte a pol\u00edtica de privacidade de qualquer servi\u00e7o de terceiros listado neste documento.<\/p>\n\n\n\n<p>O site tamb\u00e9m usa os chamados cookies anal\u00edticos de terceiros (por exemplo, jetpack) que, de acordo com a lei aplic\u00e1vel, n\u00e3o exigem o consentimento do usu\u00e1rio, sendo que a P.A.F.O.M. (i) adotou ferramentas adequadas para reduzir o chamado &#8220;poder de identifica\u00e7\u00e3o&#8221; desses cookies e (ii) assinou contratos espec\u00edficos com terceiros que se comprometeram a usar as informa\u00e7\u00f5es coletadas apenas para fornecer \u00e0 P.A.F.O.M. informa\u00e7\u00f5es estat\u00edsticas sobre a utiliza\u00e7\u00e3o do site.<\/p>\n\n\n\n<p>6 de julho de 2024<\/p>\n","protected":false},"excerpt":{"rendered":"<p>Pol\u00edtica de cookies ampliada Informativo em mat\u00e9ria de privacidade e processamento dos dados pessoais de acordo com o Decreto Legislativo n. 196\/2003 (\u201cCodice Privacy\u201d) artigos 13, 23 e 26 e sucessivas modifica\u00e7\u00f5es; do Regulamento (EU) 2016\/679 (\u201cGDPR\u201d). Este site focolare.org utiliza os cookies para ajudar os nossos usu\u00e1rios a ter uma boa experi\u00eancia quando navegam [&hellip;]<\/p>\n","protected":false},"author":34,"featured_media":0,"parent":0,"menu_order":0,"comment_status":"closed","ping_status":"closed","template":"","meta":{"give_campaign_id":0,"_seopress_robots_primary_cat":"","_seopress_titles_title":"","_seopress_titles_desc":"","_seopress_robots_index":"","_et_pb_use_builder":"off","_et_pb_old_content":"","_et_gb_content_width":"","footnotes":""},"difl_page_category":[],"class_list":["post-360021","page","type-page","status-publish","hentry"],"campaignId":"","_links":{"self":[{"href":"https:\/\/www.focolare.org\/pt-pt\/wp-json\/wp\/v2\/pages\/360021","targetHints":{"allow":["GET"]}}],"collection":[{"href":"https:\/\/www.focolare.org\/pt-pt\/wp-json\/wp\/v2\/pages"}],"about":[{"href":"https:\/\/www.focolare.org\/pt-pt\/wp-json\/wp\/v2\/types\/page"}],"author":[{"embeddable":true,"href":"https:\/\/www.focolare.org\/pt-pt\/wp-json\/wp\/v2\/users\/34"}],"replies":[{"embeddable":true,"href":"https:\/\/www.focolare.org\/pt-pt\/wp-json\/wp\/v2\/comments?post=360021"}],"version-history":[{"count":0,"href":"https:\/\/www.focolare.org\/pt-pt\/wp-json\/wp\/v2\/pages\/360021\/revisions"}],"wp:attachment":[{"href":"https:\/\/www.focolare.org\/pt-pt\/wp-json\/wp\/v2\/media?parent=360021"}],"wp:term":[{"taxonomy":"difl_page_category","embeddable":true,"href":"https:\/\/www.focolare.org\/pt-pt\/wp-json\/wp\/v2\/difl_page_category?post=360021"}],"curies":[{"name":"wp","href":"https:\/\/api.w.org\/{rel}","templated":true}]}}