{"id":360050,"date":"2024-06-26T11:08:07","date_gmt":"2024-06-26T09:08:07","guid":{"rendered":"https:\/\/www.focolare.org\/movimento-carismas-pela-unidade\/"},"modified":"2025-10-08T17:04:57","modified_gmt":"2025-10-08T15:04:57","slug":"movimento-carismas-pela-unidade","status":"publish","type":"page","link":"https:\/\/www.focolare.org\/pt-pt\/movimento-carismas-pela-unidade\/","title":{"rendered":"Movimento Carismas pela Unidade"},"content":{"rendered":"<p>[et_pb_section fb_built=&#8221;1&#8243; custom_padding_last_edited=&#8221;on|phone&#8221; _builder_version=&#8221;4.25.2&#8243; _module_preset=&#8221;default&#8221; background_enable_color=&#8221;off&#8221; background_image=&#8221;https:\/\/www.focolare.org\/wp-content\/uploads\/2024\/06\/Carismixunita.jpg&#8221; width=&#8221;100%&#8221; max_width=&#8221;100%&#8221; min_height=&#8221;600px&#8221; min_height_tablet=&#8221;600px&#8221; min_height_phone=&#8221;600px&#8221; min_height_last_edited=&#8221;on|phone&#8221; height=&#8221;600px&#8221; height_tablet=&#8221;600px&#8221; height_phone=&#8221;600px&#8221; height_last_edited=&#8221;on|phone&#8221; max_height=&#8221;600px&#8221; custom_margin=&#8221;0px||0px||false|false&#8221; custom_margin_tablet=&#8221;0px||0px||false|false&#8221; custom_margin_phone=&#8221;||0px||false|false&#8221; custom_margin_last_edited=&#8221;on|phone&#8221; custom_padding=&#8221;0px||0px||true|false&#8221; custom_padding_tablet=&#8221;10%||10%||true|false&#8221; custom_padding_phone=&#8221;20%||20%||true|false&#8221; bottom_divider_color=&#8221;#3FA3D6&#8243; bottom_divider_repeat=&#8221;1x&#8221; bottom_divider_flip=&#8221;horizontal&#8221; locked=&#8221;off&#8221; global_colors_info=&#8221;{}&#8221;][et_pb_row _builder_version=&#8221;4.21.0&#8243; _module_preset=&#8221;default&#8221; global_colors_info=&#8221;{}&#8221;][et_pb_column type=&#8221;4_4&#8243; _builder_version=&#8221;4.21.0&#8243; _module_preset=&#8221;default&#8221; global_colors_info=&#8221;{}&#8221;][\/et_pb_column][\/et_pb_row][\/et_pb_section][et_pb_section fb_built=&#8221;1&#8243; custom_padding_last_edited=&#8221;on|phone&#8221; _builder_version=&#8221;4.21.0&#8243; _module_preset=&#8221;default&#8221; custom_margin=&#8221;||||false|false&#8221; custom_padding=&#8221;||3%||false|false&#8221; custom_padding_tablet=&#8221;||4%||false|false&#8221; custom_padding_phone=&#8221;||20%||false|false&#8221; top_divider_style=&#8221;ramp&#8221; top_divider_color=&#8221;#3FA3D6&#8243; top_divider_height=&#8221;150px&#8221; top_divider_repeat=&#8221;1x&#8221; top_divider_flip=&#8221;horizontal&#8221; bottom_divider_style=&#8221;ramp&#8221; bottom_divider_color=&#8221;#FFB300&#8243; bottom_divider_height=&#8221;150px&#8221; bottom_divider_repeat=&#8221;1x&#8221; bottom_divider_flip=&#8221;horizontal&#8221; locked=&#8221;off&#8221; global_colors_info=&#8221;{}&#8221;][et_pb_row _builder_version=&#8221;4.21.0&#8243; _module_preset=&#8221;default&#8221; custom_margin=&#8221;0px||0px||false|false&#8221; custom_margin_tablet=&#8221;0px||0px||false|false&#8221; custom_margin_phone=&#8221;-5%||||false|false&#8221; custom_margin_last_edited=&#8221;on|phone&#8221; custom_padding=&#8221;0px||0px||false|false&#8221; global_colors_info=&#8221;{}&#8221;][et_pb_column type=&#8221;4_4&#8243; _builder_version=&#8221;4.21.0&#8243; _module_preset=&#8221;default&#8221; global_colors_info=&#8221;{}&#8221;][et_pb_text _builder_version=&#8221;4.25.2&#8243; _module_preset=&#8221;default&#8221; header_font=&#8221;|600|||||||&#8221; header_text_align=&#8221;center&#8221; header_text_color=&#8221;#FFFFFF&#8221; header_font_size=&#8221;40px&#8221; custom_margin=&#8221;||3%||false|false&#8221; custom_margin_tablet=&#8221;||0px||false|false&#8221; custom_margin_phone=&#8221;||||false|false&#8221; custom_margin_last_edited=&#8221;on|phone&#8221; custom_padding=&#8221;||||false|false&#8221; global_colors_info=&#8221;{}&#8221;]<\/p>\n<h1>Movimento Carismas pela Unidade<\/h1>\n<p>[\/et_pb_text][\/et_pb_column][\/et_pb_row][\/et_pb_section][et_pb_section fb_built=&#8221;1&#8243; _builder_version=&#8221;4.20.2&#8243; _module_preset=&#8221;default&#8221; global_colors_info=&#8221;{}&#8221;][et_pb_row column_structure=&#8221;1_2,1_2&#8243; use_custom_gutter=&#8221;on&#8221; _builder_version=&#8221;4.20.2&#8243; _module_preset=&#8221;default&#8221; max_width=&#8221;80%&#8221; global_colors_info=&#8221;{}&#8221;][et_pb_column type=&#8221;1_2&#8243; _builder_version=&#8221;4.20.2&#8243; _module_preset=&#8221;default&#8221; global_colors_info=&#8221;{}&#8221;][et_pb_text quote_border_color=&#8221;#FFB300&#8243; _builder_version=&#8221;4.27.4&#8243; _module_preset=&#8221;default&#8221; quote_text_color=&#8221;#3FA3D6&#8243; hover_enabled=&#8221;0&#8243; global_colors_info=&#8221;{}&#8221; sticky_enabled=&#8221;0&#8243;]<\/p>\n<div class=\"et_pb_module et_pb_text et_pb_text_4 et_pb_text_align_left et_pb_bg_layout_light\">\n<div class=\"et_pb_text_inner\">\n<p>Em um mundo fragmentado e dividido como o nosso, o testemunho de amor m\u00fatuo vivido por consagradas e consagrados, juntamente com leigos que compartilham os seus respectivos carismas, deseja ser uma contribui\u00e7\u00e3o para a realiza\u00e7\u00e3o da fraternidade universal, com a intui\u00e7\u00e3o espec\u00edfica que, a seu tempo, tiveram os e as fundadoras das fam\u00edlias carism\u00e1ticas (ordens e institutos religiosos).<\/p>\n<p>Os consagrados e as consagradas, justamente definidos \u201cespecialistas de comunh\u00e3o\u201d(1), sentiram-se chamados a compartilhar e a testemunhar os respectivos carismas, juntamente com muitas pessoas leigas, e com elas buscam o di\u00e1logo da vida com todos, cultivando uma sensibilidade especial ao ecumenismo, \u00e0s rela\u00e7\u00f5es inter-religiosas, e inclusive com pessoas que possuem diferentes convic\u00e7\u00f5es e com as variadas manifesta\u00e7\u00f5es da cultura contempor\u00e2nea.<\/p>\n<p>O car\u00e1ter distintivo que marca a vida consagrada no caminho do povo de Deus, a coloca, de maneira privilegiada, na linha da profecia evang\u00e9lica. O Papa Francisco dizia aos jovens: \u201cA vida consagrada pode ser est\u00e9ril, quando n\u00e3o \u00e9 prof\u00e9tica, quando n\u00e3o se permite sonhar\u201d(2). Com efeito, a profecia age nos fieis e transforma seus cora\u00e7\u00f5es dando vida a uma humanidade integrada, onde humano e divino se fundem e se exprimem como \u201cnova humanidade\u201d.<\/p>\n<p><strong><span style=\"color: #993300;\">A finalidade espec\u00edfica do MC4U<\/span> <\/strong><\/p>\n<p>O <strong>Movimento <\/strong><strong>C<\/strong><strong>arismas pela Unidade<\/strong> <strong>(<\/strong><strong>\u201cCharism for Unity\u201d = MC4U)<\/strong>, prop\u00f5e-se a promover iniciativas como jornadas de estudo, de avalia\u00e7\u00e3o e de testemunho, organizando congressos, semanas de espiritualidade, cursos de atualiza\u00e7\u00e3o, simp\u00f3sios, que se inspiram na espiritualidade da unidade, definida por S\u00e3o Jo\u00e3o Paulo II como espiritualidade de comunh\u00e3o(3), e oferece a pr\u00f3pria contribui\u00e7\u00e3o \u00e0 eclesiologia sinodal.<\/p>\n<p><strong><span style=\"color: #993300;\">Como atua o MC4U<\/span> <\/strong><\/p>\n<p>O MC4U se v\u00ea como uma realidade que prop\u00f5e \u00e0s consagradas, aos consagrados, aos leigos ligados a um carisma e as pr\u00f3prias fam\u00edlias carism\u00e1ticas, um percurso de comunh\u00e3o, um caminho de rela\u00e7\u00f5es trinit\u00e1rias, a proposta concreta de buscar a santidade juntos; \u00e9 uma nova orienta\u00e7\u00e3o que atua em duas dire\u00e7\u00f5es: rumo \u00e0 Igreja e rumo \u00e0 humanidade.<\/p>\n<p style=\"padding-left: 40px;\"><span style=\"font-size: medium;\"><strong><em>&#8211; Rumo \u00e0 Igreja <\/em><\/strong>o MC4U, atrav\u00e9s da comunh\u00e3o entre os carismas \u2013 ou seja, o relacionamento entre as fam\u00edlias religiosas \u2013 e com as outras componentes eclesiais, almeja tornar vis\u00edvel o Corpo m\u00edstico de Cristo, compreendido como o \u201cCristo revelado nos s\u00e9culos\u201d, \u201cum Evangelho vivo\u201d \u2013 para diz\u00ea-lo com express\u00f5es da pr\u00f3pria Chiara Lubich -, e evidenciar melhor o \u201cperfil mariano\u201d da Igreja \u2013 como afirma H. U. von Balthasar.<\/span><\/p>\n<p style=\"padding-left: 40px;\"><span style=\"font-size: medium;\"><strong><em>&#8211; Rumo <\/em><em>\u00e0 <\/em><em>humanidad<\/em><em>e <\/em><\/strong>il MC4U aiuta le famiglie carismatiche a mettersi al servizio delle persone con quella forza trasformante che scaturisce quando i singoli carismi operano in reciprocit\u00e0.<\/span><\/p>\n<p><strong><span style=\"color: #993300;\">Os jovens e os jovens religiosos<\/span> <\/strong><\/p>\n<p>O MC4U oferece aos jovens, tanto aos que se aproximam das actividades apost\u00f3licas pr\u00f3prias de cada carisma, como aos jovens religiosos e religiosas em forma\u00e7\u00e3o, a oportunidade de experimentar a beleza dos carismas em comunh\u00e3o.<\/p>\n<p><span style=\"color: #993300;\"><strong>Ecumenismo entre religiosos e di\u00e1logo inter-religioso<\/strong><\/span><\/p>\n<p>O di\u00e1logo ecum\u00e9nico entre pessoas consagradas de diferentes igrejas \u00e9 outro caminho que o MC4U pretende seguir. O &#8216;Col\u00f3quio Ecum\u00e9nico&#8217;, promovido pelo CIVCSVA no \u00e2mbito do Ano da Vida Consagrada (janeiro de 2015), sublinhou a necessidade de nos empenharmos nesta frente.<\/p>\n<p>O MC4U empenha-se em promover e a dar continuidade aos contatos com monges de outras tradi\u00e7\u00f5es religiosas, por meio de um di\u00e1logo constante e duradouro.<\/p>\n<p>&nbsp;<\/p>\n<p>1. Plen\u00e1ria SCRIS 1978, <em>Religiosos e Promo\u00e7\u00e3o humana<\/em>, n. 24<br \/>2. Papa Francisco \u00e0s e aos jovens consagrados, Estado do Vaticano, quinta-feira, 17 de setembro de2015<br \/>3. Novo Millennium Ineunte, 43<\/p>\n<\/div>\n<\/div>\n<p>[\/et_pb_text][et_pb_text quote_border_color=&#8221;#FFB300&#8243; _builder_version=&#8221;4.26.1&#8243; _module_preset=&#8221;default&#8221; quote_text_color=&#8221;#3FA3D6&#8243; custom_padding=&#8221;3%||||false|false&#8221; border_color_all=&#8221;#3FA3D6&#8243; border_width_top=&#8221;1px&#8221; global_colors_info=&#8221;{}&#8221;]<\/p>\n<p><strong>Contacto:<\/strong><\/p>\n<p><span style=\"font-size: 16px;\"><\/span>&#8211; <a href=\"mailto:religiosi@focolare.org\" style=\"font-size: 16px;\">religiosi@focolare.org<\/a><\/p>\n<p><span style=\"font-size: 16px;\"><\/span>&#8211; <a href=\"mailto:villa.achillia@focolare.org\" style=\"font-size: 16px;\">villa.achillia@focolare.org<\/a><\/p>\n<p>[\/et_pb_text][\/et_pb_column][et_pb_column type=&#8221;1_2&#8243; _builder_version=&#8221;4.20.2&#8243; _module_preset=&#8221;default&#8221; global_colors_info=&#8221;{}&#8221;][et_pb_video src=&#8221;https:\/\/youtu.be\/0GjRlPMh3qs&#8221; _builder_version=&#8221;4.25.2&#8243; _module_preset=&#8221;default&#8221; global_colors_info=&#8221;{}&#8221;][\/et_pb_video][et_pb_text _builder_version=&#8221;4.25.2&#8243; _module_preset=&#8221;default&#8221; custom_margin=&#8221;-20px||||false|false&#8221; custom_padding=&#8221;0px||||false|false&#8221; global_colors_info=&#8221;{}&#8221;]<\/p>\n<p style=\"text-align: center;\">V\u00eddeo em italiano. <\/p>\n<p>[\/et_pb_text][et_pb_gallery gallery_ids=&#8221;357036,357025,356991,356996,357030,357004&#8243; show_title_and_caption=&#8221;off&#8221; _builder_version=&#8221;4.25.2&#8243; _module_preset=&#8221;default&#8221; global_colors_info=&#8221;{}&#8221;][\/et_pb_gallery][\/et_pb_column][\/et_pb_row][\/et_pb_section]<\/p>\n","protected":false},"excerpt":{"rendered":"<p>Movimento Carismas pela Unidade Em um mundo fragmentado e dividido como o nosso, o testemunho de amor m\u00fatuo vivido por consagradas e consagrados, juntamente com leigos que compartilham os seus respectivos carismas, deseja ser uma contribui\u00e7\u00e3o para a realiza\u00e7\u00e3o da fraternidade universal, com a intui\u00e7\u00e3o espec\u00edfica que, a seu tempo, tiveram os e as fundadoras [&hellip;]<\/p>\n","protected":false},"author":34,"featured_media":0,"parent":0,"menu_order":0,"comment_status":"closed","ping_status":"closed","template":"","meta":{"give_campaign_id":0,"_seopress_robots_primary_cat":"","_seopress_titles_title":"","_seopress_titles_desc":"","_seopress_robots_index":"","_et_pb_use_builder":"on","_et_pb_old_content":"","_et_gb_content_width":"","footnotes":""},"difl_page_category":[],"class_list":["post-360050","page","type-page","status-publish","hentry"],"campaignId":"","_links":{"self":[{"href":"https:\/\/www.focolare.org\/pt-pt\/wp-json\/wp\/v2\/pages\/360050","targetHints":{"allow":["GET"]}}],"collection":[{"href":"https:\/\/www.focolare.org\/pt-pt\/wp-json\/wp\/v2\/pages"}],"about":[{"href":"https:\/\/www.focolare.org\/pt-pt\/wp-json\/wp\/v2\/types\/page"}],"author":[{"embeddable":true,"href":"https:\/\/www.focolare.org\/pt-pt\/wp-json\/wp\/v2\/users\/34"}],"replies":[{"embeddable":true,"href":"https:\/\/www.focolare.org\/pt-pt\/wp-json\/wp\/v2\/comments?post=360050"}],"version-history":[{"count":5,"href":"https:\/\/www.focolare.org\/pt-pt\/wp-json\/wp\/v2\/pages\/360050\/revisions"}],"predecessor-version":[{"id":388618,"href":"https:\/\/www.focolare.org\/pt-pt\/wp-json\/wp\/v2\/pages\/360050\/revisions\/388618"}],"wp:attachment":[{"href":"https:\/\/www.focolare.org\/pt-pt\/wp-json\/wp\/v2\/media?parent=360050"}],"wp:term":[{"taxonomy":"difl_page_category","embeddable":true,"href":"https:\/\/www.focolare.org\/pt-pt\/wp-json\/wp\/v2\/difl_page_category?post=360050"}],"curies":[{"name":"wp","href":"https:\/\/api.w.org\/{rel}","templated":true}]}}