{"id":360213,"date":"2024-06-26T15:36:12","date_gmt":"2024-06-26T13:36:12","guid":{"rendered":"https:\/\/www.focolare.org\/centro-evangelii-gaudium\/"},"modified":"2025-10-10T16:09:10","modified_gmt":"2025-10-10T14:09:10","slug":"centro-evangelii-gaudium","status":"publish","type":"page","link":"https:\/\/www.focolare.org\/pt-pt\/centro-evangelii-gaudium\/","title":{"rendered":"Centro Evangelii Gaudium"},"content":{"rendered":"<p>[et_pb_section fb_built=&#8221;1&#8243; custom_padding_last_edited=&#8221;on|phone&#8221; _builder_version=&#8221;4.25.2&#8243; _module_preset=&#8221;default&#8221; background_enable_color=&#8221;off&#8221; background_image=&#8221;https:\/\/www.focolare.org\/wp-content\/uploads\/2024\/06\/evangelii-gaudium-1.jpg&#8221; width=&#8221;100%&#8221; max_width=&#8221;100%&#8221; min_height=&#8221;600px&#8221; min_height_tablet=&#8221;600px&#8221; min_height_phone=&#8221;600px&#8221; min_height_last_edited=&#8221;on|phone&#8221; height=&#8221;600px&#8221; height_tablet=&#8221;600px&#8221; height_phone=&#8221;600px&#8221; height_last_edited=&#8221;on|phone&#8221; max_height=&#8221;600px&#8221; custom_margin=&#8221;0px||0px||false|false&#8221; custom_margin_tablet=&#8221;0px||0px||false|false&#8221; custom_margin_phone=&#8221;||0px||false|false&#8221; custom_margin_last_edited=&#8221;on|phone&#8221; custom_padding=&#8221;0px||0px||true|false&#8221; custom_padding_tablet=&#8221;10%||10%||true|false&#8221; custom_padding_phone=&#8221;20%||20%||true|false&#8221; bottom_divider_color=&#8221;#3FA3D6&#8243; bottom_divider_repeat=&#8221;1x&#8221; bottom_divider_flip=&#8221;horizontal&#8221; locked=&#8221;off&#8221; global_colors_info=&#8221;{}&#8221;][et_pb_row _builder_version=&#8221;4.21.0&#8243; _module_preset=&#8221;default&#8221; global_colors_info=&#8221;{}&#8221;][et_pb_column type=&#8221;4_4&#8243; _builder_version=&#8221;4.21.0&#8243; _module_preset=&#8221;default&#8221; global_colors_info=&#8221;{}&#8221;][\/et_pb_column][\/et_pb_row][\/et_pb_section][et_pb_section fb_built=&#8221;1&#8243; custom_padding_last_edited=&#8221;on|phone&#8221; _builder_version=&#8221;4.21.0&#8243; _module_preset=&#8221;default&#8221; custom_margin=&#8221;||||false|false&#8221; custom_padding=&#8221;||3%||false|false&#8221; custom_padding_tablet=&#8221;||4%||false|false&#8221; custom_padding_phone=&#8221;||20%||false|false&#8221; top_divider_style=&#8221;ramp&#8221; top_divider_color=&#8221;#3FA3D6&#8243; top_divider_height=&#8221;150px&#8221; top_divider_repeat=&#8221;1x&#8221; top_divider_flip=&#8221;horizontal&#8221; bottom_divider_style=&#8221;ramp&#8221; bottom_divider_color=&#8221;#FFB300&#8243; bottom_divider_height=&#8221;150px&#8221; bottom_divider_repeat=&#8221;1x&#8221; bottom_divider_flip=&#8221;horizontal&#8221; locked=&#8221;off&#8221; global_colors_info=&#8221;{}&#8221;][et_pb_row _builder_version=&#8221;4.21.0&#8243; _module_preset=&#8221;default&#8221; custom_margin=&#8221;0px||0px||false|false&#8221; custom_margin_tablet=&#8221;0px||0px||false|false&#8221; custom_margin_phone=&#8221;-5%||||false|false&#8221; custom_margin_last_edited=&#8221;on|phone&#8221; custom_padding=&#8221;0px||0px||false|false&#8221; global_colors_info=&#8221;{}&#8221;][et_pb_column type=&#8221;4_4&#8243; _builder_version=&#8221;4.21.0&#8243; _module_preset=&#8221;default&#8221; global_colors_info=&#8221;{}&#8221;][et_pb_text _builder_version=&#8221;4.25.2&#8243; _module_preset=&#8221;default&#8221; header_font=&#8221;|600|||||||&#8221; header_text_align=&#8221;center&#8221; header_text_color=&#8221;#FFFFFF&#8221; header_font_size=&#8221;40px&#8221; custom_margin=&#8221;||3%||false|false&#8221; custom_margin_tablet=&#8221;||0px||false|false&#8221; custom_margin_phone=&#8221;||||false|false&#8221; custom_margin_last_edited=&#8221;on|phone&#8221; custom_padding=&#8221;||||false|false&#8221; global_colors_info=&#8221;{}&#8221;]<\/p>\n<h1>Centro <em>Evangelii Gaudium<\/em><\/h1>\n<p>[\/et_pb_text][\/et_pb_column][\/et_pb_row][\/et_pb_section][et_pb_section fb_built=&#8221;1&#8243; _builder_version=&#8221;4.20.2&#8243; _module_preset=&#8221;default&#8221; global_colors_info=&#8221;{}&#8221;][et_pb_row column_structure=&#8221;1_2,1_2&#8243; use_custom_gutter=&#8221;on&#8221; _builder_version=&#8221;4.20.2&#8243; _module_preset=&#8221;default&#8221; max_width=&#8221;80%&#8221; global_colors_info=&#8221;{}&#8221;][et_pb_column type=&#8221;1_2&#8243; _builder_version=&#8221;4.20.2&#8243; _module_preset=&#8221;default&#8221; global_colors_info=&#8221;{}&#8221;][et_pb_text quote_border_color=&#8221;#FFB300&#8243; _builder_version=&#8221;4.27.4&#8243; _module_preset=&#8221;default&#8221; quote_text_color=&#8221;#3FA3D6&#8243; hover_enabled=&#8221;0&#8243; global_colors_info=&#8221;{}&#8221; sticky_enabled=&#8221;0&#8243;]<\/p>\n<div class=\"et_pb_module et_pb_text et_pb_text_4 et_pb_text_align_left et_pb_bg_layout_light\">\n<div class=\"et_pb_text_inner\">\n<p>O <strong><br \/>\n  <em>Centro Evangelii Gaudium<\/em><br \/>\n<\/strong> (CEG) \u00e9 um laborat\u00f3rio de forma\u00e7\u00e3o, estudo e pesquisa constitu\u00eddo pelo <em><br \/>\n  <a href=\"https:\/\/www.sophiauniversity.org\/it\/\" target=\"_blank\" rel=\"noopener\">Instituto Universit\u00e1rio Sophia <\/a><br \/>\n<\/em>(IUS)  de Loppiano. O nome vem da Exorta\u00e7\u00e3o apost\u00f3lica <em>Evangelii Gaudium<\/em> que o papa Francisco indicou como seu programa pastoral e, como tal, tem como objetivo contribuir com a miss\u00e3o eclesial de fazer da humanidade uma \u00fanica fam\u00edlia.<\/p>\n<p>Nascido em 2016, o <strong><br \/>\n  <a href=\"https:\/\/www.sophiauniversity.org\/it\/centro-evangelii-gaudium-2\/\" target=\"_blank\" rel=\"noopener\">CEG <\/a><br \/>\n<\/strong>promoveu no decorrer dos anos cursos de forma\u00e7\u00e3o para operadores pastorais, para formadores de semin\u00e1rios, sobre lideran\u00e7a, sobre v\u00e1rios temas ligados a abuso de autoridade e tantos outros eventos. Desde 2022 est\u00e1 envolvido, em colabora\u00e7\u00e3o com a Secretaria geral do S\u00ednodo, em promover o processo sinodal no qual toda a Igreja est\u00e1 empenhada. Est\u00e1 em andamento um Curso de forma\u00e7\u00e3o sobre a sinodalidade, multilingu\u00edstico, multicultural e interativo. O CEG, al\u00e9m disso, organiza semin\u00e1rios e laborat\u00f3rios sobre a sinodalidade e trabalha com a cria\u00e7\u00e3o de redes a n\u00edvel global para promov\u00ea-la nos v\u00e1rios \u00e2mbitos da sociedade.   <\/p>\n<\/div>\n<\/div>\n<p>[\/et_pb_text][et_pb_text quote_border_color=&#8221;#FFB300&#8243; _builder_version=&#8221;4.25.2&#8243; _module_preset=&#8221;default&#8221; quote_text_color=&#8221;#3FA3D6&#8243; custom_padding=&#8221;3%||||false|false&#8221; border_color_all=&#8221;#3FA3D6&#8243; border_width_top=&#8221;1px&#8221; global_colors_info=&#8221;{}&#8221;]<\/p>\n<p><strong>Contato<\/strong>:<br \/>\n  <a href=\"mailto:ceg@sophiauniversity.org\">ceg@sophiauniversity.org<\/a>\n<\/p>\n<p>[\/et_pb_text][\/et_pb_column][et_pb_column type=&#8221;1_2&#8243; _builder_version=&#8221;4.20.2&#8243; _module_preset=&#8221;default&#8221; global_colors_info=&#8221;{}&#8221;][et_pb_gallery gallery_ids=&#8221;357067,357062,357052,357072,357057&#8243; posts_number=&#8221;5&#8243; show_title_and_caption=&#8221;off&#8221; _builder_version=&#8221;4.25.2&#8243; _module_preset=&#8221;default&#8221; global_colors_info=&#8221;{}&#8221;][\/et_pb_gallery][\/et_pb_column][\/et_pb_row][\/et_pb_section]<\/p>\n","protected":false},"excerpt":{"rendered":"<p>Centro Evangelii Gaudium O Centro Evangelii Gaudium (CEG) \u00e9 um laborat\u00f3rio de forma\u00e7\u00e3o, estudo e pesquisa constitu\u00eddo pelo Instituto Universit\u00e1rio Sophia (IUS) de Loppiano. O nome vem da Exorta\u00e7\u00e3o apost\u00f3lica Evangelii Gaudium que o papa Francisco indicou como seu programa pastoral e, como tal, tem como objetivo contribuir com a miss\u00e3o eclesial de fazer da [&hellip;]<\/p>\n","protected":false},"author":34,"featured_media":0,"parent":0,"menu_order":0,"comment_status":"closed","ping_status":"closed","template":"","meta":{"give_campaign_id":0,"_seopress_robots_primary_cat":"","_seopress_titles_title":"","_seopress_titles_desc":"","_seopress_robots_index":"","_et_pb_use_builder":"on","_et_pb_old_content":"","_et_gb_content_width":"","footnotes":""},"difl_page_category":[],"class_list":["post-360213","page","type-page","status-publish","hentry"],"campaignId":"","_links":{"self":[{"href":"https:\/\/www.focolare.org\/pt-pt\/wp-json\/wp\/v2\/pages\/360213","targetHints":{"allow":["GET"]}}],"collection":[{"href":"https:\/\/www.focolare.org\/pt-pt\/wp-json\/wp\/v2\/pages"}],"about":[{"href":"https:\/\/www.focolare.org\/pt-pt\/wp-json\/wp\/v2\/types\/page"}],"author":[{"embeddable":true,"href":"https:\/\/www.focolare.org\/pt-pt\/wp-json\/wp\/v2\/users\/34"}],"replies":[{"embeddable":true,"href":"https:\/\/www.focolare.org\/pt-pt\/wp-json\/wp\/v2\/comments?post=360213"}],"version-history":[{"count":4,"href":"https:\/\/www.focolare.org\/pt-pt\/wp-json\/wp\/v2\/pages\/360213\/revisions"}],"predecessor-version":[{"id":388766,"href":"https:\/\/www.focolare.org\/pt-pt\/wp-json\/wp\/v2\/pages\/360213\/revisions\/388766"}],"wp:attachment":[{"href":"https:\/\/www.focolare.org\/pt-pt\/wp-json\/wp\/v2\/media?parent=360213"}],"wp:term":[{"taxonomy":"difl_page_category","embeddable":true,"href":"https:\/\/www.focolare.org\/pt-pt\/wp-json\/wp\/v2\/difl_page_category?post=360213"}],"curies":[{"name":"wp","href":"https:\/\/api.w.org\/{rel}","templated":true}]}}