{"id":360217,"date":"2024-06-25T16:43:18","date_gmt":"2024-06-25T14:43:18","guid":{"rendered":"https:\/\/www.focolare.org\/movimento-diocesano\/"},"modified":"2026-04-14T22:36:49","modified_gmt":"2026-04-14T20:36:49","slug":"movimento-diocesano","status":"publish","type":"page","link":"https:\/\/www.focolare.org\/pt-pt\/movimento-diocesano\/","title":{"rendered":"Movimento Diocesano"},"content":{"rendered":"<p>[et_pb_section fb_built=&#8221;1&#8243; custom_padding_last_edited=&#8221;on|phone&#8221; _builder_version=&#8221;4.26.0&#8243; _module_preset=&#8221;default&#8221; background_enable_color=&#8221;off&#8221; background_image=&#8221;https:\/\/www.focolare.org\/wp-content\/uploads\/2024\/07\/Movimento-Diocesano.jpg&#8221; width=&#8221;100%&#8221; max_width=&#8221;100%&#8221; min_height=&#8221;600px&#8221; min_height_tablet=&#8221;600px&#8221; min_height_phone=&#8221;600px&#8221; min_height_last_edited=&#8221;on|phone&#8221; height=&#8221;600px&#8221; height_tablet=&#8221;600px&#8221; height_phone=&#8221;600px&#8221; height_last_edited=&#8221;on|phone&#8221; max_height=&#8221;600px&#8221; custom_margin=&#8221;0px||0px||false|false&#8221; custom_margin_tablet=&#8221;0px||0px||false|false&#8221; custom_margin_phone=&#8221;||0px||false|false&#8221; custom_margin_last_edited=&#8221;on|phone&#8221; custom_padding=&#8221;0px||0px||true|false&#8221; custom_padding_tablet=&#8221;10%||10%||true|false&#8221; custom_padding_phone=&#8221;20%||20%||true|false&#8221; bottom_divider_color=&#8221;#3FA3D6&#8243; bottom_divider_repeat=&#8221;1x&#8221; bottom_divider_flip=&#8221;horizontal&#8221; locked=&#8221;off&#8221; global_colors_info=&#8221;{}&#8221;][et_pb_row _builder_version=&#8221;4.26.0&#8243; _module_preset=&#8221;default&#8221; background_enable_image=&#8221;off&#8221; global_colors_info=&#8221;{}&#8221;][et_pb_column type=&#8221;4_4&#8243; _builder_version=&#8221;4.21.0&#8243; _module_preset=&#8221;default&#8221; global_colors_info=&#8221;{}&#8221;][\/et_pb_column][\/et_pb_row][\/et_pb_section][et_pb_section fb_built=&#8221;1&#8243; custom_padding_last_edited=&#8221;on|phone&#8221; _builder_version=&#8221;4.21.0&#8243; _module_preset=&#8221;default&#8221; custom_margin=&#8221;||||false|false&#8221; custom_padding=&#8221;||3%||false|false&#8221; custom_padding_tablet=&#8221;||4%||false|false&#8221; custom_padding_phone=&#8221;||20%||false|false&#8221; top_divider_style=&#8221;ramp&#8221; top_divider_color=&#8221;#3FA3D6&#8243; top_divider_height=&#8221;150px&#8221; top_divider_repeat=&#8221;1x&#8221; top_divider_flip=&#8221;horizontal&#8221; bottom_divider_style=&#8221;ramp&#8221; bottom_divider_color=&#8221;#FFB300&#8243; bottom_divider_height=&#8221;150px&#8221; bottom_divider_repeat=&#8221;1x&#8221; bottom_divider_flip=&#8221;horizontal&#8221; locked=&#8221;off&#8221; global_colors_info=&#8221;{}&#8221;][et_pb_row _builder_version=&#8221;4.21.0&#8243; _module_preset=&#8221;default&#8221; custom_margin=&#8221;0px||0px||false|false&#8221; custom_margin_tablet=&#8221;0px||0px||false|false&#8221; custom_margin_phone=&#8221;-5%||||false|false&#8221; custom_margin_last_edited=&#8221;on|phone&#8221; custom_padding=&#8221;0px||0px||false|false&#8221; global_colors_info=&#8221;{}&#8221;][et_pb_column type=&#8221;4_4&#8243; _builder_version=&#8221;4.21.0&#8243; _module_preset=&#8221;default&#8221; global_colors_info=&#8221;{}&#8221;][et_pb_text _builder_version=&#8221;4.25.2&#8243; _module_preset=&#8221;default&#8221; header_font=&#8221;|600|||||||&#8221; header_text_align=&#8221;center&#8221; header_text_color=&#8221;#FFFFFF&#8221; header_font_size=&#8221;40px&#8221; custom_margin=&#8221;||3%||false|false&#8221; custom_margin_tablet=&#8221;||0px||false|false&#8221; custom_margin_phone=&#8221;||||false|false&#8221; custom_margin_last_edited=&#8221;on|phone&#8221; custom_padding=&#8221;||||false|false&#8221; global_colors_info=&#8221;{}&#8221;]<\/p>\n<h1>Movimento Diocesano<\/h1>\n<p>[\/et_pb_text][\/et_pb_column][\/et_pb_row][\/et_pb_section][et_pb_section fb_built=&#8221;1&#8243; _builder_version=&#8221;4.20.2&#8243; _module_preset=&#8221;default&#8221; global_colors_info=&#8221;{}&#8221;][et_pb_row column_structure=&#8221;1_2,1_2&#8243; use_custom_gutter=&#8221;on&#8221; _builder_version=&#8221;4.20.2&#8243; _module_preset=&#8221;default&#8221; max_width=&#8221;80%&#8221; global_colors_info=&#8221;{}&#8221;][et_pb_column type=&#8221;1_2&#8243; _builder_version=&#8221;4.20.2&#8243; _module_preset=&#8221;default&#8221; global_colors_info=&#8221;{}&#8221;][et_pb_text quote_border_color=&#8221;#FFB300&#8243; _builder_version=&#8221;4.25.2&#8243; _module_preset=&#8221;default&#8221; quote_text_color=&#8221;#3FA3D6&#8243; global_colors_info=&#8221;{}&#8221;]<\/p>\n<div class=\"et_pb_module et_pb_text et_pb_text_4 et_pb_text_align_left et_pb_bg_layout_light\">\n<div class=\"et_pb_text_inner\">\n<p class=\"et_pb_toggle_title\">O Movimento diocesano \u00e9 um setor do Movimento dos Focolares que opera a servi\u00e7o da Igreja local. Por meio de uma intensa vida de comunh\u00e3o, se prop\u00f5e a irradiar nas par\u00f3quias e nas dioceses, \u00e0s quais presta seus servi\u00e7os, o carisma da unidade, do qual \u00e9 portador, e, juntamente com outras realidades eclesiais, contribui com a realiza\u00e7\u00e3o de uma \u201cIgreja comum\u201d, assim como desejado por Jo\u00e3o Paulo II na Novo Millennio Ineunte. <\/p>\n<div class=\"et_pb_toggle_content clearfix\">\n<p><span>Para fazer isso, promove e alimenta uma unidade cada vez mais profunda dos fi\u00e9is ao redor do bispo, colabora nos diversos \u00e2mbitos pastorais da diocese e prop\u00f5e uma nova evangeliza\u00e7\u00e3o nas par\u00f3quias por meio da forma\u00e7\u00e3o de homens novos, segundo as diversas faixas et\u00e1rias em um estilo comunit\u00e1rio.<\/span><\/p>\n<p><span>O Movimento diocesano teve<\/span> <b>in\u00edcio em Ascoli Piceno (It\u00e1lia) <\/b> <span>em 1973, quando se formou um grupo de jovens em torno da vida do nascente focolare sacerdotal, atra\u00eddos pelo testemunho de unidade daqueles jovens sacerdotes<\/span><\/p>\n<p><span>Chiara Lubich seguiu o desenvolvimento desde o in\u00edcio e construiu uma rela\u00e7\u00e3o constante com o ent\u00e3o primeiro respons\u00e1vel, pe. Pino Petrocchini, na \u00e9poca, arcebispo de Aquila. Com o encorajamento do monsenhor Morgante, na \u00e9poca bispo de Ascoli, a realidade cresceu e recebeu uma primeira aprova\u00e7\u00e3o oficial.  <\/span><\/p>\n<p><span>Depois, a experi\u00eancia se difundiu nas dioceses de Teramo, a partir de abril de 1976, recebendo tamb\u00e9m a aprova\u00e7\u00e3o do bispo local, monsenhor Conigli.<\/span><\/p>\n<p><span>Nos anos seguintes, se difundiu em outras quatro dioceses italianas. Atualmente est\u00e1 presente em cinco dioceses italianas: Ascoli Piceno, Teramo, Fermo, Macerata e Pesaro. <\/span><\/p>\n<\/div>\n<\/div>\n<\/div>\n<p>[\/et_pb_text][et_pb_text quote_border_color=&#8221;#FFB300&#8243; _builder_version=&#8221;4.25.2&#8243; _module_preset=&#8221;default&#8221; quote_text_color=&#8221;#3FA3D6&#8243; custom_padding=&#8221;3%||||false|false&#8221; border_color_all=&#8221;#3FA3D6&#8243; border_width_top=&#8221;1px&#8221; global_colors_info=&#8221;{}&#8221;]<\/p>\n<p>&nbsp;<\/p>\n<p><strong>Contacto:<br \/><\/strong><span style=\"font-size: 16px;\">movparrdioc@focolare.org<\/span><\/p>\n<p>[\/et_pb_text][et_pb_text _builder_version=&#8221;4.27.6&#8243; _module_preset=&#8221;default&#8221; hover_enabled=&#8221;0&#8243; sticky_enabled=&#8221;0&#8243;]<\/p>\n<p><strong><em>Attivare i sottotitoli e scegliere la lingua desiderata<\/em><\/strong><\/p>\n<p>[\/et_pb_text][et_pb_video src=&#8221;https:\/\/youtu.be\/g8OTEG1ODgE&#8221; _builder_version=&#8221;4.27.6&#8243; _module_preset=&#8221;default&#8221; hover_enabled=&#8221;0&#8243; sticky_enabled=&#8221;0&#8243; custom_padding=&#8221;0px||||false|false&#8221; custom_margin=&#8221;-30px||||false|false&#8221;][\/et_pb_video][\/et_pb_column][et_pb_column type=&#8221;1_2&#8243; _builder_version=&#8221;4.20.2&#8243; _module_preset=&#8221;default&#8221; global_colors_info=&#8221;{}&#8221;][et_pb_gallery gallery_ids=&#8221;358878,358873,358868,358863&#8243; show_title_and_caption=&#8221;off&#8221; show_pagination=&#8221;off&#8221; _builder_version=&#8221;4.26.0&#8243; _module_preset=&#8221;default&#8221; global_colors_info=&#8221;{}&#8221;][\/et_pb_gallery][\/et_pb_column][\/et_pb_row][et_pb_row _builder_version=&#8221;4.27.6&#8243; _module_preset=&#8221;default&#8221; global_colors_info=&#8221;{}&#8221;][et_pb_column type=&#8221;4_4&#8243; _builder_version=&#8221;4.27.6&#8243; _module_preset=&#8221;default&#8221; global_colors_info=&#8221;{}&#8221;][difl_postgrid posts_number=&#8221;6&#8243; post_display=&#8221;by_tag&#8221; include_tags=&#8221;256&#8243; show_pagination=&#8221;on&#8221; _builder_version=&#8221;4.27.6&#8243; _module_preset=&#8221;default&#8221; global_colors_info=&#8221;{}&#8221;][difl_postitem type=&#8221;image&#8221; _builder_version=&#8221;4.27.6&#8243; _module_preset=&#8221;default&#8221; global_colors_info=&#8221;{}&#8221;][\/difl_postitem][difl_postitem type=&#8221;title&#8221; title_tag=&#8221;h4&#8243; _builder_version=&#8221;4.27.6&#8243; _module_preset=&#8221;default&#8221; global_colors_info=&#8221;{}&#8221;][\/difl_postitem][difl_postitem type=&#8221;date&#8221; _builder_version=&#8221;4.27.6&#8243; _module_preset=&#8221;default&#8221; post_font_style_font=&#8221;|600|||||||&#8221; post_font_style_text_color=&#8221;#FFB300&#8243; post_font_style_font_size=&#8221;16px&#8221; global_colors_info=&#8221;{}&#8221;][\/difl_postitem][\/difl_postgrid][\/et_pb_column][\/et_pb_row][\/et_pb_section]<\/p>\n","protected":false},"excerpt":{"rendered":"<p>Movimento Diocesano O Movimento diocesano \u00e9 um setor do Movimento dos Focolares que opera a servi\u00e7o da Igreja local. Por meio de uma intensa vida de comunh\u00e3o, se prop\u00f5e a irradiar nas par\u00f3quias e nas dioceses, \u00e0s quais presta seus servi\u00e7os, o carisma da unidade, do qual \u00e9 portador, e, juntamente com outras realidades eclesiais, [&hellip;]<\/p>\n","protected":false},"author":34,"featured_media":0,"parent":0,"menu_order":0,"comment_status":"closed","ping_status":"closed","template":"","meta":{"give_campaign_id":0,"_seopress_robots_primary_cat":"","_seopress_titles_title":"","_seopress_titles_desc":"","_seopress_robots_index":"","_et_pb_use_builder":"on","_et_pb_old_content":"","_et_gb_content_width":"","footnotes":""},"difl_page_category":[],"class_list":["post-360217","page","type-page","status-publish","hentry"],"campaignId":"","_links":{"self":[{"href":"https:\/\/www.focolare.org\/pt-pt\/wp-json\/wp\/v2\/pages\/360217","targetHints":{"allow":["GET"]}}],"collection":[{"href":"https:\/\/www.focolare.org\/pt-pt\/wp-json\/wp\/v2\/pages"}],"about":[{"href":"https:\/\/www.focolare.org\/pt-pt\/wp-json\/wp\/v2\/types\/page"}],"author":[{"embeddable":true,"href":"https:\/\/www.focolare.org\/pt-pt\/wp-json\/wp\/v2\/users\/34"}],"replies":[{"embeddable":true,"href":"https:\/\/www.focolare.org\/pt-pt\/wp-json\/wp\/v2\/comments?post=360217"}],"version-history":[{"count":7,"href":"https:\/\/www.focolare.org\/pt-pt\/wp-json\/wp\/v2\/pages\/360217\/revisions"}],"predecessor-version":[{"id":401136,"href":"https:\/\/www.focolare.org\/pt-pt\/wp-json\/wp\/v2\/pages\/360217\/revisions\/401136"}],"wp:attachment":[{"href":"https:\/\/www.focolare.org\/pt-pt\/wp-json\/wp\/v2\/media?parent=360217"}],"wp:term":[{"taxonomy":"difl_page_category","embeddable":true,"href":"https:\/\/www.focolare.org\/pt-pt\/wp-json\/wp\/v2\/difl_page_category?post=360217"}],"curies":[{"name":"wp","href":"https:\/\/api.w.org\/{rel}","templated":true}]}}