{"id":360221,"date":"2024-06-25T16:56:37","date_gmt":"2024-06-25T14:56:37","guid":{"rendered":"https:\/\/www.focolare.org\/movimento-paroquial\/"},"modified":"2024-07-16T14:58:44","modified_gmt":"2024-07-16T12:58:44","slug":"movimento-paroquial","status":"publish","type":"page","link":"https:\/\/www.focolare.org\/pt-pt\/movimento-paroquial\/","title":{"rendered":"Movimento Paroquial"},"content":{"rendered":"<p>[et_pb_section fb_built=&#8221;1&#8243; custom_padding_last_edited=&#8221;on|phone&#8221; _builder_version=&#8221;4.26.0&#8243; _module_preset=&#8221;default&#8221; background_enable_color=&#8221;off&#8221; background_image=&#8221;https:\/\/www.focolare.org\/wp-content\/uploads\/2024\/07\/Movimeto-Parrochiale.jpg&#8221; width=&#8221;100%&#8221; max_width=&#8221;100%&#8221; min_height=&#8221;600px&#8221; min_height_tablet=&#8221;600px&#8221; min_height_phone=&#8221;600px&#8221; min_height_last_edited=&#8221;on|phone&#8221; height=&#8221;600px&#8221; height_tablet=&#8221;600px&#8221; height_phone=&#8221;600px&#8221; height_last_edited=&#8221;on|phone&#8221; max_height=&#8221;600px&#8221; custom_margin=&#8221;0px||0px||false|false&#8221; custom_margin_tablet=&#8221;0px||0px||false|false&#8221; custom_margin_phone=&#8221;||0px||false|false&#8221; custom_margin_last_edited=&#8221;on|phone&#8221; custom_padding=&#8221;0px||0px||true|false&#8221; custom_padding_tablet=&#8221;10%||10%||true|false&#8221; custom_padding_phone=&#8221;20%||20%||true|false&#8221; bottom_divider_color=&#8221;#3FA3D6&#8243; bottom_divider_repeat=&#8221;1x&#8221; bottom_divider_flip=&#8221;horizontal&#8221; hover_enabled=&#8221;0&#8243; locked=&#8221;off&#8221; global_colors_info=&#8221;{}&#8221; title_text=&#8221;Movimeto Parrochiale&#8221; sticky_enabled=&#8221;0&#8243;][et_pb_row _builder_version=&#8221;4.26.0&#8243; _module_preset=&#8221;default&#8221; global_colors_info=&#8221;{}&#8221;][et_pb_column type=&#8221;4_4&#8243; _builder_version=&#8221;4.21.0&#8243; _module_preset=&#8221;default&#8221; global_colors_info=&#8221;{}&#8221;][\/et_pb_column][\/et_pb_row][\/et_pb_section][et_pb_section fb_built=&#8221;1&#8243; custom_padding_last_edited=&#8221;on|phone&#8221; _builder_version=&#8221;4.21.0&#8243; _module_preset=&#8221;default&#8221; custom_margin=&#8221;||||false|false&#8221; custom_padding=&#8221;||3%||false|false&#8221; custom_padding_tablet=&#8221;||4%||false|false&#8221; custom_padding_phone=&#8221;||20%||false|false&#8221; top_divider_style=&#8221;ramp&#8221; top_divider_color=&#8221;#3FA3D6&#8243; top_divider_height=&#8221;150px&#8221; top_divider_repeat=&#8221;1x&#8221; top_divider_flip=&#8221;horizontal&#8221; bottom_divider_style=&#8221;ramp&#8221; bottom_divider_color=&#8221;#FFB300&#8243; bottom_divider_height=&#8221;150px&#8221; bottom_divider_repeat=&#8221;1x&#8221; bottom_divider_flip=&#8221;horizontal&#8221; locked=&#8221;off&#8221; global_colors_info=&#8221;{}&#8221;][et_pb_row _builder_version=&#8221;4.21.0&#8243; _module_preset=&#8221;default&#8221; custom_margin=&#8221;0px||0px||false|false&#8221; custom_margin_tablet=&#8221;0px||0px||false|false&#8221; custom_margin_phone=&#8221;-5%||||false|false&#8221; custom_margin_last_edited=&#8221;on|phone&#8221; custom_padding=&#8221;0px||0px||false|false&#8221; global_colors_info=&#8221;{}&#8221;][et_pb_column type=&#8221;4_4&#8243; _builder_version=&#8221;4.21.0&#8243; _module_preset=&#8221;default&#8221; global_colors_info=&#8221;{}&#8221;][et_pb_text _builder_version=&#8221;4.25.2&#8243; _module_preset=&#8221;default&#8221; header_font=&#8221;|600|||||||&#8221; header_text_align=&#8221;center&#8221; header_text_color=&#8221;#FFFFFF&#8221; header_font_size=&#8221;40px&#8221; custom_margin=&#8221;||3%||false|false&#8221; custom_margin_tablet=&#8221;||0px||false|false&#8221; custom_margin_phone=&#8221;||||false|false&#8221; custom_margin_last_edited=&#8221;on|phone&#8221; custom_padding=&#8221;||||false|false&#8221; global_colors_info=&#8221;{}&#8221;]<\/p>\n<h1>Movimento Paroquial<\/h1>\n<p>[\/et_pb_text][\/et_pb_column][\/et_pb_row][\/et_pb_section][et_pb_section fb_built=&#8221;1&#8243; _builder_version=&#8221;4.20.2&#8243; _module_preset=&#8221;default&#8221; global_colors_info=&#8221;{}&#8221;][et_pb_row column_structure=&#8221;1_2,1_2&#8243; use_custom_gutter=&#8221;on&#8221; _builder_version=&#8221;4.20.2&#8243; _module_preset=&#8221;default&#8221; max_width=&#8221;80%&#8221; global_colors_info=&#8221;{}&#8221;][et_pb_column type=&#8221;1_2&#8243; _builder_version=&#8221;4.20.2&#8243; _module_preset=&#8221;default&#8221; global_colors_info=&#8221;{}&#8221;][et_pb_text quote_border_color=&#8221;#FFB300&#8243; _builder_version=&#8221;4.25.2&#8243; _module_preset=&#8221;default&#8221; quote_text_color=&#8221;#3FA3D6&#8243; global_colors_info=&#8221;{}&#8221;]<\/p>\n<div class=\"et_pb_module et_pb_text et_pb_text_4 et_pb_text_align_left et_pb_bg_layout_light\">\n<div class=\"et_pb_text_inner\">\n<p class=\"et_pb_toggle_title\">Na sociedade da mobilidade e do digital, n\u00e3o se pode negar que, em tantas partes do mundo, a centralidade da par\u00f3quia esteja menos em evid\u00eancia. Mesmo assim, nos \u00faltimos anos, cresceu uma nova consci\u00eancia do valor dela, \u201ca pr\u00f3pria Igreja que vive em meio \u00e0s casas de seus filhos e filhas\u201d. Sim, porque \u201cn\u00e3o \u00e9 principalmente uma estrutura, um territ\u00f3rio, um edif\u00edcio; \u00e9, ao inv\u00e9s, a \u2018fam\u00edlia de Deus\u2019\u201d (Jo\u00e3o Paulo II, Christifideles Laici, 26).  <\/p>\n<div class=\"et_pb_toggle_content clearfix\">\n<div class=\"cz_sml_inner\">\n<div class=\"cz_wpe_content\">\n<div class=\"wpb_text_column wpb_content_element vc_custom_1594311909068\">\n<div class=\"wpb_wrapper\">\n<p><span>\u00c9 essa a aposta para o <\/span> <b>Movimento paroquial<\/b><span>, express\u00e3o do Movimento dos Focolares na Igreja local.<\/span><\/p>\n<p><b>Estamos nos anos 60<\/b><span>. In\u00fameros sacerdotes p\u00e1rocos, tendo contato com o Movimento dos Focolares, constatam que a espiritualidade comunit\u00e1ria que o caracteriza tem uma incid\u00eancia na vida deles, nas atividades pastorais e em suas comunidades paroquiais. Muitos deles participam da audi\u00eancia do dia 13 de julho de 1966, na qual Paulo VI os encoraja a levar o esp\u00edrito da unidade a suas igrejas locais. Em resposta a esse desejo do papa, Chiara Lubich d\u00e1 in\u00edcio ao Movimento Paroquial.   <\/span><\/p>\n<p><span>Os membros do Movimento dos Focolares que est\u00e3o a servi\u00e7o das par\u00f3quias s\u00e3o convidados, assim, a anim\u00e1-la, juntamente com outras realidades presentes, integrando-se \u201ccom prazer na pastoral org\u00e2nica da Igreja particular\u201d (Papa Francisco, <\/span><a href=\"http:\/\/w2.vatican.va\/content\/francesco\/it\/apost_exhortations\/documents\/papa-francesco_esortazione-ap_20131124_evangelii-gaudium.html\"><i><span>Evangelii Gaudium<\/span><\/i><\/a><span>, 29).<\/span><\/p>\n<p><span>Ao trabalhar juntos, a contribui\u00e7\u00e3o de associa\u00e7\u00f5es e movimentos \u00e9 valorizada, segundo o carisma de cada um, a servi\u00e7o do bem de todos. Cresce a abertura ao di\u00e1logo que tende a suscitar relacionamentos de comunh\u00e3o fraterna entre todos e a sustentar iniciativas voltadas ao di\u00e1logo com membros das diversas Igrejas ou comunidades eclesiais, com fi\u00e9is de outras religi\u00f5es e com pessoas de convic\u00e7\u00f5es n\u00e3o-religiosas presentes no territ\u00f3rio. <\/span><\/p>\n<p><span>O Movimento paroquial se desenvolveu mais em in\u00fameros pa\u00edses da Europa e da Am\u00e9rica Latina, mas tamb\u00e9m est\u00e1 presente na Am\u00e9rica do Norte e em v\u00e1rios pa\u00edses da \u00c1sia e da \u00c1frica.<\/span><\/p>\n<\/div>\n<\/div>\n<\/div>\n<\/div>\n<\/div>\n<\/div>\n<\/div>\n<p>[\/et_pb_text][et_pb_text quote_border_color=&#8221;#FFB300&#8243; _builder_version=&#8221;4.25.2&#8243; _module_preset=&#8221;default&#8221; quote_text_color=&#8221;#3FA3D6&#8243; custom_padding=&#8221;3%||||false|false&#8221; border_color_all=&#8221;#3FA3D6&#8243; border_width_top=&#8221;1px&#8221; global_colors_info=&#8221;{}&#8221;]<\/p>\n<p><strong>Contato:<br \/><\/strong><span style=\"font-size: 16px;\">movparrdioc@focolare.org<\/span><\/p>\n<p>[\/et_pb_text][\/et_pb_column][et_pb_column type=&#8221;1_2&#8243; _builder_version=&#8221;4.20.2&#8243; _module_preset=&#8221;default&#8221; global_colors_info=&#8221;{}&#8221;][et_pb_gallery gallery_ids=&#8221;358908,358903&#8243; show_title_and_caption=&#8221;off&#8221; show_pagination=&#8221;off&#8221; _builder_version=&#8221;4.26.0&#8243; _module_preset=&#8221;default&#8221; global_colors_info=&#8221;{}&#8221;][\/et_pb_gallery][\/et_pb_column][\/et_pb_row][\/et_pb_section]<\/p>\n","protected":false},"excerpt":{"rendered":"<p>Movimento Paroquial Na sociedade da mobilidade e do digital, n\u00e3o se pode negar que, em tantas partes do mundo, a centralidade da par\u00f3quia esteja menos em evid\u00eancia. Mesmo assim, nos \u00faltimos anos, cresceu uma nova consci\u00eancia do valor dela, \u201ca pr\u00f3pria Igreja que vive em meio \u00e0s casas de seus filhos e filhas\u201d. Sim, porque [&hellip;]<\/p>\n","protected":false},"author":34,"featured_media":0,"parent":0,"menu_order":0,"comment_status":"closed","ping_status":"closed","template":"","meta":{"give_campaign_id":0,"_seopress_robots_primary_cat":"","_seopress_titles_title":"","_seopress_titles_desc":"","_seopress_robots_index":"","_et_pb_use_builder":"on","_et_pb_old_content":"","_et_gb_content_width":"","footnotes":""},"difl_page_category":[],"class_list":["post-360221","page","type-page","status-publish","hentry"],"campaignId":"","_links":{"self":[{"href":"https:\/\/www.focolare.org\/pt-pt\/wp-json\/wp\/v2\/pages\/360221","targetHints":{"allow":["GET"]}}],"collection":[{"href":"https:\/\/www.focolare.org\/pt-pt\/wp-json\/wp\/v2\/pages"}],"about":[{"href":"https:\/\/www.focolare.org\/pt-pt\/wp-json\/wp\/v2\/types\/page"}],"author":[{"embeddable":true,"href":"https:\/\/www.focolare.org\/pt-pt\/wp-json\/wp\/v2\/users\/34"}],"replies":[{"embeddable":true,"href":"https:\/\/www.focolare.org\/pt-pt\/wp-json\/wp\/v2\/comments?post=360221"}],"version-history":[{"count":0,"href":"https:\/\/www.focolare.org\/pt-pt\/wp-json\/wp\/v2\/pages\/360221\/revisions"}],"wp:attachment":[{"href":"https:\/\/www.focolare.org\/pt-pt\/wp-json\/wp\/v2\/media?parent=360221"}],"wp:term":[{"taxonomy":"difl_page_category","embeddable":true,"href":"https:\/\/www.focolare.org\/pt-pt\/wp-json\/wp\/v2\/difl_page_category?post=360221"}],"curies":[{"name":"wp","href":"https:\/\/api.w.org\/{rel}","templated":true}]}}