{"id":368492,"date":"2024-12-02T18:12:44","date_gmt":"2024-12-02T17:12:44","guid":{"rendered":"https:\/\/www.focolare.org\/jubileu-2025\/"},"modified":"2026-02-25T08:55:29","modified_gmt":"2026-02-25T07:55:29","slug":"centro-internacional","status":"publish","type":"page","link":"https:\/\/www.focolare.org\/pt-pt\/centro-internacional\/","title":{"rendered":"Centro Internacional"},"content":{"rendered":"<p>[et_pb_section fb_built=&#8221;1&#8243; custom_padding_last_edited=&#8221;on|phone&#8221; _builder_version=&#8221;4.27.5&#8243; _module_preset=&#8221;default&#8221; background_enable_color=&#8221;off&#8221; background_image=&#8221;https:\/\/www.focolare.org\/wp-content\/uploads\/2026\/01\/CentroInternazionale.png&#8221; width=&#8221;100%&#8221; max_width=&#8221;100%&#8221; min_height_tablet=&#8221;600px&#8221; min_height_phone=&#8221;600px&#8221; min_height_last_edited=&#8221;on|phone&#8221; height_tablet=&#8221;600px&#8221; height_phone=&#8221;600px&#8221; height_last_edited=&#8221;on|phone&#8221; custom_margin=&#8221;0px||0px||false|false&#8221; custom_margin_tablet=&#8221;0px||0px||false|false&#8221; custom_margin_phone=&#8221;||0px||false|false&#8221; custom_margin_last_edited=&#8221;on|phone&#8221; custom_padding=&#8221;15%||15%||true|false&#8221; custom_padding_tablet=&#8221;10%||10%||true|false&#8221; custom_padding_phone=&#8221;20%||20%||true|false&#8221; bottom_divider_color=&#8221;#3FA3D6&#8243; bottom_divider_repeat=&#8221;1x&#8221; bottom_divider_flip=&#8221;horizontal&#8221; locked=&#8221;off&#8221; global_colors_info=&#8221;{}&#8221;][\/et_pb_section][et_pb_section fb_built=&#8221;1&#8243; custom_padding_last_edited=&#8221;on|phone&#8221; _builder_version=&#8221;4.21.0&#8243; _module_preset=&#8221;default&#8221; custom_margin=&#8221;||||false|false&#8221; custom_padding=&#8221;||3%||false|false&#8221; custom_padding_tablet=&#8221;||4%||false|false&#8221; custom_padding_phone=&#8221;||20%||false|false&#8221; top_divider_style=&#8221;ramp&#8221; top_divider_color=&#8221;#3FA3D6&#8243; top_divider_height=&#8221;150px&#8221; top_divider_repeat=&#8221;1x&#8221; top_divider_flip=&#8221;horizontal&#8221; bottom_divider_style=&#8221;ramp&#8221; bottom_divider_color=&#8221;#FFB300&#8243; bottom_divider_height=&#8221;150px&#8221; bottom_divider_repeat=&#8221;1x&#8221; bottom_divider_flip=&#8221;horizontal&#8221; locked=&#8221;off&#8221; global_colors_info=&#8221;{}&#8221;][et_pb_row _builder_version=&#8221;4.27.3&#8243; _module_preset=&#8221;default&#8221; custom_margin=&#8221;0px||0px||false|false&#8221; custom_margin_tablet=&#8221;0px||0px||false|false&#8221; custom_margin_phone=&#8221;-5%||||false|false&#8221; custom_margin_last_edited=&#8221;on|phone&#8221; custom_padding=&#8221;0px||0px||false|false&#8221; global_colors_info=&#8221;{}&#8221;][et_pb_column type=&#8221;4_4&#8243; _builder_version=&#8221;4.21.0&#8243; _module_preset=&#8221;default&#8221; global_colors_info=&#8221;{}&#8221;][et_pb_text _builder_version=&#8221;4.27.5&#8243; _module_preset=&#8221;default&#8221; header_font=&#8221;|600|||||||&#8221; header_text_align=&#8221;center&#8221; header_text_color=&#8221;#FFFFFF&#8221; header_font_size=&#8221;40px&#8221; custom_margin=&#8221;||3%||false|false&#8221; custom_margin_tablet=&#8221;||0px||false|false&#8221; custom_margin_phone=&#8221;||||false|false&#8221; custom_margin_last_edited=&#8221;on|phone&#8221; custom_padding=&#8221;||||false|false&#8221; global_colors_info=&#8221;{}&#8221;]<\/p>\n<h1>Centro Internacional<\/h1>\n<p>[\/et_pb_text][\/et_pb_column][\/et_pb_row][\/et_pb_section][et_pb_section fb_built=&#8221;1&#8243; _builder_version=&#8221;4.27.4&#8243; _module_preset=&#8221;default&#8221; global_colors_info=&#8221;{}&#8221;][\/et_pb_section][et_pb_section fb_built=&#8221;1&#8243; _builder_version=&#8221;4.27.4&#8243; _module_preset=&#8221;default&#8221; background_color=&#8221;#EEEEEE&#8221; custom_margin=&#8221;-50px||0px||false|false&#8221; custom_padding=&#8221;2%||2%||true|false&#8221; border_width_top=&#8221;3px&#8221; border_color_top=&#8221;#FFB300&#8243; border_width_bottom=&#8221;3px&#8221; border_color_bottom=&#8221;#FFB300&#8243; locked=&#8221;off&#8221; global_colors_info=&#8221;{}&#8221;][et_pb_row column_structure=&#8221;3_5,2_5&#8243; _builder_version=&#8221;4.27.4&#8243; _module_preset=&#8221;default&#8221; global_colors_info=&#8221;{}&#8221;][et_pb_column type=&#8221;3_5&#8243; _builder_version=&#8221;4.27.4&#8243; _module_preset=&#8221;default&#8221; global_colors_info=&#8221;{}&#8221;][et_pb_text _builder_version=&#8221;4.27.5&#8243; _module_preset=&#8221;default&#8221; hover_enabled=&#8221;0&#8243; global_colors_info=&#8221;{}&#8221; sticky_enabled=&#8221;0&#8243;]<\/p>\n<h3><span style=\"color: #ff6600;\"><strong>Centro Internacional do Movimento dos Focolares<\/strong><\/span><\/h3>\n<p><span>O Centro Internacional est\u00e1 ao servi\u00e7o de todo o Movimento dos Focolares espalhado pelo mundo, em todas as suas ramifica\u00e7\u00f5es e a\u00e7\u00f5es. Aqui encontram-se todos os v\u00e1rios \u00abcentros\u00bb (escrit\u00f3rios) do Movimento, que representam e apoiam a n\u00edvel internacional todas as express\u00f5es dos Focolares. <\/span><\/p>\n<p>\u00c9 poss\u00edvel, individualmente ou em grupos organizados, visitar o Centro Internacional dos Focolares em Rocca di Papa (a 10 km de Roma), onde fica a capela na qual est\u00e3o a tumba de Chiara Lubich, fundadora do Movimento dos Focolares, juntamente \u00e0s de dois cofundadores, Igino Giordani e dom Pasquale Foresi. Tamb\u00e9m \u00e9 poss\u00edvel <strong>visitar a casa onde morou Chiara Lubich<\/strong> ou encontrar pessoas de v\u00e1rias voca\u00e7\u00f5es, de acordo com os interesses de cada grupo. <\/p>\n<p><span data-teams=\"true\">O Centro Internacional pode ser visitado todos os dias das 10h \u00e0s 17h.<\/span><br \/>De segunda a sexta-feira, a Santa Missa \u00e9 celebrada \u00e0s 12h no audit\u00f3rio. <br \/>H\u00e1 estacionamento gratuito para carros e autocarros.<\/p>\n<p>[\/et_pb_text][\/et_pb_column][et_pb_column type=&#8221;2_5&#8243; _builder_version=&#8221;4.27.4&#8243; _module_preset=&#8221;default&#8221; global_colors_info=&#8221;{}&#8221;][et_pb_image src=&#8221;https:\/\/www.focolare.org\/wp-content\/uploads\/2024\/12\/CI-e1733301845438.jpg&#8221; title_text=&#8221;CI&#8221; _builder_version=&#8221;4.27.4&#8243; _module_preset=&#8221;default&#8221; global_colors_info=&#8221;{}&#8221;][\/et_pb_image][et_pb_text _builder_version=&#8221;4.27.4&#8243; _module_preset=&#8221;default&#8221; global_colors_info=&#8221;{}&#8221;]<\/p>\n<h4><span style=\"color: #ff6600;\"><strong><\/strong><\/span><\/h4>\n<p><span style=\"color: #ff6600;\"><strong>Para agendar uma visita em grupo ou individual, <a href=\"https:\/\/www.focolare.org\/pt-pt\/formulario-de-reserva\/\">preencha o formul\u00e1rio nesta p\u00e1gina<\/a>.<\/strong><\/span><\/p>\n<p>Para mais informa\u00e7\u00f5es, envie um email para: <a href=\"mailto:accoglienza@focolare.org\">accoglienza@focolare.org<\/a><\/p>\n<p>[\/et_pb_text][\/et_pb_column][\/et_pb_row][et_pb_row _builder_version=&#8221;4.27.4&#8243; _module_preset=&#8221;default&#8221; custom_margin=&#8221;13px||||false|false&#8221; global_colors_info=&#8221;{}&#8221;][et_pb_column type=&#8221;4_4&#8243; _builder_version=&#8221;4.27.4&#8243; _module_preset=&#8221;default&#8221; global_colors_info=&#8221;{}&#8221;][et_pb_text _builder_version=&#8221;4.27.4&#8243; _module_preset=&#8221;default&#8221; min_height=&#8221;29px&#8221; custom_margin=&#8221;-39px||||false|false&#8221; global_colors_info=&#8221;{}&#8221;]<\/p>\n<h3><span style=\"color: #ff6600;\"><strong>Como chegar ao Centro Internacional: <\/strong><\/span><\/h3>\n<p>[\/et_pb_text][\/et_pb_column][\/et_pb_row][et_pb_row column_structure=&#8221;1_4,3_4&#8243; _builder_version=&#8221;4.27.4&#8243; _module_preset=&#8221;default&#8221; custom_margin=&#8221;-81px||||false|false&#8221; global_colors_info=&#8221;{}&#8221;][et_pb_column type=&#8221;1_4&#8243; _builder_version=&#8221;4.27.4&#8243; _module_preset=&#8221;default&#8221; global_colors_info=&#8221;{}&#8221;][et_pb_image src=&#8221;https:\/\/www.focolare.org\/wp-content\/uploads\/2024\/12\/Aereo.png&#8221; title_text=&#8221;Aereo&#8221; align=&#8221;right&#8221; _builder_version=&#8221;4.27.4&#8243; _module_preset=&#8221;default&#8221; width=&#8221;30%&#8221; max_width=&#8221;100%&#8221; module_alignment=&#8221;center&#8221; custom_margin=&#8221;|||0px|false|false&#8221; custom_padding=&#8221;|||0px|false|false&#8221; global_colors_info=&#8221;{}&#8221;][\/et_pb_image][\/et_pb_column][et_pb_column type=&#8221;3_4&#8243; _builder_version=&#8221;4.27.4&#8243; _module_preset=&#8221;default&#8221; global_colors_info=&#8221;{}&#8221;][et_pb_text _builder_version=&#8221;4.27.4&#8243; _module_preset=&#8221;default&#8221; global_colors_info=&#8221;{}&#8221;]<\/p>\n<p><strong>DO AEROPORTO DE FIUMICINO<\/strong><\/p>\n<p>Pegue o trem Regionale F1 ou o Leonardo Express para Roma Termini (<a href=\"http:\/\/www.adr.it\/pax-fco-treno-collegamenti\" target=\"_blank\" rel=\"noopener\">para mais informa\u00e7\u00f5es, clique aqui<\/a>) ou pegue um \u00f4nibus para a esta\u00e7\u00e3o ferrovi\u00e1ria de Roma Termini. De l\u00e1, pegue o trem para Frascati e depois o \u00f4nibus para Rocca de Papa, e des\u00e7a na Sede Internacional do Movimento dos Focolares (segundo ponto depois da rotat\u00f3ria Squarciarelli). <\/p>\n<p><strong>DO AEROPORTO DE CIAMPINO<\/strong><\/p>\n<p>Pegue um \u00f4nibus <em>Terravision <\/em>ou <em>Sitsshuttle <\/em>para a esta\u00e7\u00e3o ferrovi\u00e1ria de Ciampino e de l\u00e1 pegue o trem para Frascati. Depois, pegue o \u00f4nibus para Rocca di Papa e des\u00e7a na rua Frascati, 306, na frente da Sede Internacional do Movimento dos Focolares (segundo ponto depois da rotat\u00f3ria Squarciarelli).<\/p>\n<p>[\/et_pb_text][\/et_pb_column][\/et_pb_row][et_pb_row column_structure=&#8221;1_4,3_4&#8243; _builder_version=&#8221;4.27.4&#8243; _module_preset=&#8221;default&#8221; custom_margin=&#8221;0px||||false|false&#8221; custom_padding=&#8221;0px||||false|false&#8221; global_colors_info=&#8221;{}&#8221;][et_pb_column type=&#8221;1_4&#8243; _builder_version=&#8221;4.27.4&#8243; _module_preset=&#8221;default&#8221; global_colors_info=&#8221;{}&#8221;][et_pb_image src=&#8221;https:\/\/www.focolare.org\/wp-content\/uploads\/2024\/12\/Treno.png&#8221; title_text=&#8221;Treno&#8221; align=&#8221;right&#8221; _builder_version=&#8221;4.27.4&#8243; _module_preset=&#8221;default&#8221; width=&#8221;30%&#8221; max_width=&#8221;100%&#8221; module_alignment=&#8221;center&#8221; custom_margin=&#8221;|||0px|false|false&#8221; custom_padding=&#8221;|||0px|false|false&#8221; global_colors_info=&#8221;{}&#8221;][\/et_pb_image][\/et_pb_column][et_pb_column type=&#8221;3_4&#8243; _builder_version=&#8221;4.27.4&#8243; _module_preset=&#8221;default&#8221; global_colors_info=&#8221;{}&#8221;][et_pb_text _builder_version=&#8221;4.27.4&#8243; _module_preset=&#8221;default&#8221; global_colors_info=&#8221;{}&#8221;]<\/p>\n<p><strong>DA ESTA\u00c7\u00c3O DE TRENS ROMA TERMINI<\/strong><\/p>\n<p>Pegue a linha A do metr\u00f4 sentido Anagnina. Depois, pegue o \u00f4nibus para Rocca di Papa, e des\u00e7a na rua Frascati, 306, na frente da Sede Internacional do Movimento dos Focolares (segundo ponto depois da rotat\u00f3ria Squarciarelli). <\/p>\n<p>[\/et_pb_text][\/et_pb_column][\/et_pb_row][et_pb_row column_structure=&#8221;1_4,3_4&#8243; _builder_version=&#8221;4.27.4&#8243; _module_preset=&#8221;default&#8221; custom_margin=&#8221;0px||||false|false&#8221; custom_padding=&#8221;0px||||false|false&#8221; global_colors_info=&#8221;{}&#8221;][et_pb_column type=&#8221;1_4&#8243; _builder_version=&#8221;4.27.4&#8243; _module_preset=&#8221;default&#8221; global_colors_info=&#8221;{}&#8221;][et_pb_image src=&#8221;https:\/\/www.focolare.org\/wp-content\/uploads\/2024\/12\/Machina.png&#8221; title_text=&#8221;Machina&#8221; align=&#8221;right&#8221; _builder_version=&#8221;4.27.4&#8243; _module_preset=&#8221;default&#8221; width=&#8221;30%&#8221; max_width=&#8221;100%&#8221; module_alignment=&#8221;center&#8221; custom_margin=&#8221;|||0px|false|false&#8221; custom_padding=&#8221;|||0px|false|false&#8221; global_colors_info=&#8221;{}&#8221;][\/et_pb_image][et_pb_text _builder_version=&#8221;4.27.4&#8243; _module_preset=&#8221;default&#8221; global_colors_info=&#8221;{}&#8221;]<\/p>\n<p><em><\/em><\/p>\n<h6 style=\"text-align: center;\"><em><\/em><\/h6>\n<h6 style=\"text-align: center;\"><em><\/em><\/h6>\n<h6 style=\"text-align: center;\"><em><\/em><\/h6>\n<h6 style=\"text-align: center;\"><em><\/em><\/h6>\n<h6 style=\"text-align: center;\"><em><\/em><\/h6>\n<h6 style=\"text-align: center;\"><em><\/em><\/h6>\n<p style=\"text-align: center;\"><span style=\"color: #999999;\"><em>Icona: \u00a9 vecteezy.com<\/em><\/span><\/p>\n<p>[\/et_pb_text][\/et_pb_column][et_pb_column type=&#8221;3_4&#8243; _builder_version=&#8221;4.27.4&#8243; _module_preset=&#8221;default&#8221; global_colors_info=&#8221;{}&#8221;][et_pb_text _builder_version=&#8221;4.27.4&#8243; _module_preset=&#8221;default&#8221; global_colors_info=&#8221;{}&#8221;]<\/p>\n<p style=\"text-align: left;\"><strong>NO VE\u00cdCULO PR\u00d3PRIO<\/strong><\/p>\n<p>Aconselhamos que use o Google maps\/navegadores colocando como indica\u00e7\u00e3o: Movimento dos Focolares, Sede Internacional, rua Frascati, 306, Rocca di Papa ou enquadrar o c\u00f3digo QR com a c\u00e2mara do telem\u00f3vel.<\/p>\n<p><em>                                                                                                                                                            <img alt=\"\" alt=\"\" loading=\"lazy\" decoding=\"async\" src=\"https:\/\/www.focolare.org\/wp-content\/uploads\/2025\/01\/Focolari-GoogleMaps-300x300.png\" width=\"138\" height=\"138\" alt=\"\" class=\"wp-image-369563 alignnone size-medium\" style=\"float: left;\"><\/em><\/p>\n<p>[\/et_pb_text][\/et_pb_column][\/et_pb_row][\/et_pb_section][et_pb_section fb_built=&#8221;1&#8243; _builder_version=&#8221;4.27.4&#8243; _module_preset=&#8221;default&#8221; global_colors_info=&#8221;{}&#8221;][et_pb_row _builder_version=&#8221;4.27.4&#8243; _module_preset=&#8221;default&#8221; global_colors_info=&#8221;{}&#8221;][et_pb_column type=&#8221;4_4&#8243; _builder_version=&#8221;4.27.4&#8243; _module_preset=&#8221;default&#8221; global_colors_info=&#8221;{}&#8221;][et_pb_text _builder_version=&#8221;4.27.5&#8243; _module_preset=&#8221;default&#8221; global_colors_info=&#8221;{}&#8221;]<\/p>\n<h3><span style=\"color: #ff6600;\"><strong>Outros locais de interesse<\/strong><\/span><\/h3>\n<p>[\/et_pb_text][\/et_pb_column][\/et_pb_row][et_pb_row column_structure=&#8221;1_3,1_3,1_3&#8243; _builder_version=&#8221;4.27.4&#8243; _module_preset=&#8221;default&#8221; custom_margin=&#8221;-45px||||false|false&#8221; global_colors_info=&#8221;{}&#8221;][et_pb_column type=&#8221;1_3&#8243; _builder_version=&#8221;4.27.4&#8243; _module_preset=&#8221;default&#8221; global_colors_info=&#8221;{}&#8221;][et_pb_image src=&#8221;https:\/\/www.focolare.org\/wp-content\/uploads\/2024\/11\/Facciata-.jpg&#8221; title_text=&#8221;Facciata&#8221; _builder_version=&#8221;4.27.4&#8243; _module_preset=&#8221;default&#8221; global_colors_info=&#8221;{}&#8221;][\/et_pb_image][et_pb_text _builder_version=&#8221;4.27.5&#8243; _module_preset=&#8221;default&#8221; global_colors_info=&#8221;{}&#8221;]<\/p>\n<p><strong>O <\/strong><strong><a href=\"https:\/\/www.focolare.org\/pt-pt\/focolare-meeting-point\/\" target=\"_blank\" rel=\"noopener\">Focolare Meeting Point<\/a><\/strong> na Igreja S. Maria del Carmine, no cora\u00e7\u00e3o de Roma, a 2 km do Vaticano. \u00c9 um espa\u00e7o de encontro, di\u00e1logo e acolhimento, aberto \u00e0queles que desejam conhecer o Movimento dos Focolares e o seu comprometimento com a fraternidade universal. De segunda a sexta-feira \u00e9 celebrada a missa \u00e0s 12h45.  <\/p>\n<p><strong><em><\/em><\/strong><\/p>\n<p>Em Roma, o <strong><a href=\"mailto:incontri.romani@fastwebnet.it\" target=\"_blank\" rel=\"noopener\">Centro de Encontros Romanos<\/a><\/strong>, com os cl\u00e1ssicos itiner\u00e1rios tur\u00edsticos, prop\u00f5e locais ligados \u00e0 pessoa de Chiara Lubich e \u00e0 comunidade nascente dos Focolares na cidade eterna.<\/p>\n<p>[\/et_pb_text][\/et_pb_column][et_pb_column type=&#8221;1_3&#8243; _builder_version=&#8221;4.27.4&#8243; _module_preset=&#8221;default&#8221; global_colors_info=&#8221;{}&#8221;][et_pb_image src=&#8221;https:\/\/www.focolare.org\/wp-content\/uploads\/2024\/12\/Loppiano.jpg&#8221; title_text=&#8221;Loppiano&#8221; _builder_version=&#8221;4.27.4&#8243; _module_preset=&#8221;default&#8221; global_colors_info=&#8221;{}&#8221;][\/et_pb_image][et_pb_text _builder_version=&#8221;4.27.5&#8243; _module_preset=&#8221;default&#8221; global_colors_info=&#8221;{}&#8221;]<\/p>\n<p><strong>A Mari\u00e1polis permanente de<\/strong> <a href=\"https:\/\/www.loppiano.it\" target=\"_blank\" rel=\"noopener\"><strong>Loppiano<\/strong><\/a> (252 km de Roma), a primeira Mari\u00e1polis internacional do Movimento dos Focolares, nascida em 1964 em Figline e Incisa Val d\u2019Arno, a cerca de 30 km de Floren\u00e7a. As <strong>Mari\u00e1polis permanentes<\/strong> do Movimento <strong>s\u00e3o 23 <\/strong> e est\u00e3o espalhadas por v\u00e1rios pa\u00edses do mundo. Possuem diferentes fisionomias para se inserir nos diversos contextos culturais. S\u00e3o pequenos modelos de cidades, laborat\u00f3rios nos quais a espiritualidade da unidade e a fraternidade vivida podem transformar todos os \u00e2mbitos da vida social.  <\/p>\n<p>[\/et_pb_text][\/et_pb_column][et_pb_column type=&#8221;1_3&#8243; _builder_version=&#8221;4.27.4&#8243; _module_preset=&#8221;default&#8221; global_colors_info=&#8221;{}&#8221;][et_pb_image src=&#8221;https:\/\/www.focolare.org\/wp-content\/uploads\/2024\/12\/Trento.jpg&#8221; title_text=&#8221;Trento&#8221; _builder_version=&#8221;4.27.4&#8243; _module_preset=&#8221;default&#8221; global_colors_info=&#8221;{}&#8221;][\/et_pb_image][et_pb_text _builder_version=&#8221;4.27.4&#8243; _module_preset=&#8221;default&#8221; global_colors_info=&#8221;{}&#8221;]<\/p>\n<p><strong><a href=\"http:\/\/www.centromariapolitrento.it\" target=\"_blank\" rel=\"noopener\">Trento <\/a><\/strong>(578 km. de Roma) a cidade natal de Chiara Lubich onde teve in\u00edcio o Movimento dos Focolares.<\/p>\n<p>[\/et_pb_text][\/et_pb_column][\/et_pb_row][et_pb_row _builder_version=&#8221;4.27.4&#8243; _module_preset=&#8221;default&#8221; global_colors_info=&#8221;{}&#8221;][et_pb_column type=&#8221;4_4&#8243; _builder_version=&#8221;4.27.4&#8243; _module_preset=&#8221;default&#8221; global_colors_info=&#8221;{}&#8221;][difl_postgrid post_display=&#8221;by_tag&#8221; item_margin=&#8221;||||false|false&#8221; _builder_version=&#8221;4.27.4&#8243; _module_preset=&#8221;default&#8221; background_color=&#8221;#FFFFFF&#8221; border_radii_item_outer=&#8221;on|13px|13px|13px|13px&#8221; box_shadow_style_item_outer=&#8221;preset3&#8243; locked=&#8221;off&#8221; global_colors_info=&#8221;{}&#8221;][difl_postitem type=&#8221;image&#8221; _builder_version=&#8221;4.27.4&#8243; _module_preset=&#8221;default&#8221; global_colors_info=&#8221;{}&#8221;][\/difl_postitem][difl_postitem type=&#8221;title&#8221; element_padding=&#8221;|3%||3%|false|true&#8221; _builder_version=&#8221;4.27.4&#8243; _module_preset=&#8221;default&#8221; post_font_style_font=&#8221;|600|||||||&#8221; post_font_style_text_color=&#8221;#3FA3D6&#8243; post_font_style_font_size=&#8221;18px&#8221; global_colors_info=&#8221;{}&#8221;][\/difl_postitem][difl_postitem type=&#8221;date&#8221; element_padding=&#8221;|3%||3%|false|true&#8221; _builder_version=&#8221;4.27.4&#8243; _module_preset=&#8221;default&#8221; post_font_style_font=&#8221;|600|||||||&#8221; post_font_style_text_color=&#8221;#FFB300&#8243; global_colors_info=&#8221;{}&#8221;][\/difl_postitem][\/difl_postgrid][\/et_pb_column][\/et_pb_row][\/et_pb_section]<\/p>\n","protected":false},"excerpt":{"rendered":"<p>Centro InternacionalCentro Internacional do Movimento dos Focolares O Centro Internacional est\u00e1 ao servi\u00e7o de todo o Movimento dos Focolares espalhado pelo mundo, em todas as suas ramifica\u00e7\u00f5es e a\u00e7\u00f5es. Aqui encontram-se todos os v\u00e1rios \u00abcentros\u00bb (escrit\u00f3rios) do Movimento, que representam e apoiam a n\u00edvel internacional todas as express\u00f5es dos Focolares. \u00c9 poss\u00edvel, individualmente ou em [&hellip;]<\/p>\n","protected":false},"author":34,"featured_media":0,"parent":0,"menu_order":0,"comment_status":"closed","ping_status":"closed","template":"","meta":{"give_campaign_id":0,"_seopress_robots_primary_cat":"","_seopress_titles_title":"","_seopress_titles_desc":"Movimento dei Focolari, Loppiano, Focolare Meeting Point, Trento, Chiara Lubich","_seopress_robots_index":"","_et_pb_use_builder":"on","_et_pb_old_content":"","_et_gb_content_width":"","footnotes":""},"difl_page_category":[],"class_list":["post-368492","page","type-page","status-publish","hentry"],"campaignId":"","_links":{"self":[{"href":"https:\/\/www.focolare.org\/pt-pt\/wp-json\/wp\/v2\/pages\/368492","targetHints":{"allow":["GET"]}}],"collection":[{"href":"https:\/\/www.focolare.org\/pt-pt\/wp-json\/wp\/v2\/pages"}],"about":[{"href":"https:\/\/www.focolare.org\/pt-pt\/wp-json\/wp\/v2\/types\/page"}],"author":[{"embeddable":true,"href":"https:\/\/www.focolare.org\/pt-pt\/wp-json\/wp\/v2\/users\/34"}],"replies":[{"embeddable":true,"href":"https:\/\/www.focolare.org\/pt-pt\/wp-json\/wp\/v2\/comments?post=368492"}],"version-history":[{"count":12,"href":"https:\/\/www.focolare.org\/pt-pt\/wp-json\/wp\/v2\/pages\/368492\/revisions"}],"predecessor-version":[{"id":396313,"href":"https:\/\/www.focolare.org\/pt-pt\/wp-json\/wp\/v2\/pages\/368492\/revisions\/396313"}],"wp:attachment":[{"href":"https:\/\/www.focolare.org\/pt-pt\/wp-json\/wp\/v2\/media?parent=368492"}],"wp:term":[{"taxonomy":"difl_page_category","embeddable":true,"href":"https:\/\/www.focolare.org\/pt-pt\/wp-json\/wp\/v2\/difl_page_category?post=368492"}],"curies":[{"name":"wp","href":"https:\/\/api.w.org\/{rel}","templated":true}]}}