{"id":393713,"date":"2025-10-23T17:01:20","date_gmt":"2025-10-23T15:01:20","guid":{"rendered":"https:\/\/www.focolare.org\/em-dialogo-com-a-cultura-contemporanea\/"},"modified":"2025-12-30T20:57:16","modified_gmt":"2025-12-30T19:57:16","slug":"em-dialogo-com-a-cultura-contemporanea","status":"publish","type":"page","link":"https:\/\/www.focolare.org\/pt-pt\/em-dialogo-com-a-cultura-contemporanea\/","title":{"rendered":"Em di\u00e1logo com a cultura contempor\u00e2nea"},"content":{"rendered":"<p>[et_pb_section fb_built=&#8221;1&#8243; custom_padding_last_edited=&#8221;on|phone&#8221; _builder_version=&#8221;4.27.4&#8243; _module_preset=&#8221;default&#8221; background_enable_color=&#8221;off&#8221; background_image=&#8221;https:\/\/www.focolare.org\/wp-content\/uploads\/2025\/10\/Quinto-dialogo.png&#8221; width=&#8221;100%&#8221; max_width=&#8221;100%&#8221; min_height=&#8221;600px&#8221; min_height_tablet=&#8221;600px&#8221; min_height_phone=&#8221;600px&#8221; min_height_last_edited=&#8221;on|phone&#8221; height=&#8221;600px&#8221; height_tablet=&#8221;600px&#8221; height_phone=&#8221;600px&#8221; height_last_edited=&#8221;on|phone&#8221; max_height=&#8221;600px&#8221; custom_margin=&#8221;0px||0px||false|false&#8221; custom_margin_tablet=&#8221;0px||0px||false|false&#8221; custom_margin_phone=&#8221;||0px||false|false&#8221; custom_margin_last_edited=&#8221;on|phone&#8221; custom_padding=&#8221;0px||0px||true|false&#8221; custom_padding_tablet=&#8221;10%||10%||true|false&#8221; custom_padding_phone=&#8221;20%||20%||true|false&#8221; bottom_divider_color=&#8221;#3FA3D6&#8243; bottom_divider_repeat=&#8221;1x&#8221; bottom_divider_flip=&#8221;horizontal&#8221; locked=&#8221;off&#8221; global_colors_info=&#8221;{}&#8221;][et_pb_row _builder_version=&#8221;4.21.0&#8243; _module_preset=&#8221;default&#8221; global_colors_info=&#8221;{}&#8221;][et_pb_column type=&#8221;4_4&#8243; _builder_version=&#8221;4.21.0&#8243; _module_preset=&#8221;default&#8221; global_colors_info=&#8221;{}&#8221;][\/et_pb_column][\/et_pb_row][\/et_pb_section][et_pb_section fb_built=&#8221;1&#8243; custom_padding_last_edited=&#8221;on|phone&#8221; _builder_version=&#8221;4.21.0&#8243; _module_preset=&#8221;default&#8221; custom_margin=&#8221;||||false|false&#8221; custom_padding=&#8221;||3%||false|false&#8221; custom_padding_tablet=&#8221;||4%||false|false&#8221; custom_padding_phone=&#8221;||20%||false|false&#8221; top_divider_style=&#8221;ramp&#8221; top_divider_color=&#8221;#3FA3D6&#8243; top_divider_height=&#8221;150px&#8221; top_divider_repeat=&#8221;1x&#8221; top_divider_flip=&#8221;horizontal&#8221; bottom_divider_style=&#8221;ramp&#8221; bottom_divider_color=&#8221;#FFB300&#8243; bottom_divider_height=&#8221;150px&#8221; bottom_divider_repeat=&#8221;1x&#8221; bottom_divider_flip=&#8221;horizontal&#8221; locked=&#8221;off&#8221; global_colors_info=&#8221;{}&#8221;][et_pb_row _builder_version=&#8221;4.21.0&#8243; _module_preset=&#8221;default&#8221; custom_margin=&#8221;0px||0px||false|false&#8221; custom_margin_tablet=&#8221;0px||0px||false|false&#8221; custom_margin_phone=&#8221;-5%||||false|false&#8221; custom_margin_last_edited=&#8221;on|phone&#8221; custom_padding=&#8221;0px||0px||false|false&#8221; global_colors_info=&#8221;{}&#8221;][et_pb_column type=&#8221;4_4&#8243; _builder_version=&#8221;4.21.0&#8243; _module_preset=&#8221;default&#8221; global_colors_info=&#8221;{}&#8221;][et_pb_text _builder_version=&#8221;4.27.4&#8243; _module_preset=&#8221;default&#8221; header_font=&#8221;|600|||||||&#8221; header_text_align=&#8221;center&#8221; header_text_color=&#8221;#FFFFFF&#8221; header_font_size=&#8221;40px&#8221; custom_margin=&#8221;||3%||false|false&#8221; custom_margin_tablet=&#8221;||0px||false|false&#8221; custom_margin_phone=&#8221;||||false|false&#8221; custom_margin_last_edited=&#8221;on|phone&#8221; custom_padding=&#8221;||||false|false&#8221; global_colors_info=&#8221;{}&#8221;]<\/p>\n<h1>Em di\u00e1logo com a cultura contempor\u00e2nea<\/h1>\n<p>[\/et_pb_text][\/et_pb_column][\/et_pb_row][\/et_pb_section][et_pb_section fb_built=&#8221;1&#8243; _builder_version=&#8221;4.20.2&#8243; _module_preset=&#8221;default&#8221; global_colors_info=&#8221;{}&#8221;][et_pb_row column_structure=&#8221;1_4,1_2,1_4&#8243; use_custom_gutter=&#8221;on&#8221; _builder_version=&#8221;4.27.4&#8243; _module_preset=&#8221;default&#8221; max_width=&#8221;80%&#8221; global_colors_info=&#8221;{}&#8221;][et_pb_column type=&#8221;1_4&#8243; _builder_version=&#8221;4.20.2&#8243; _module_preset=&#8221;default&#8221; global_colors_info=&#8221;{}&#8221;][et_pb_text _builder_version=&#8221;4.27.4&#8243; _module_preset=&#8221;default&#8221; text_font_size=&#8221;20px&#8221; text_line_height=&#8221;1.4em&#8221; global_colors_info=&#8221;{}&#8221;]<\/p>\n<p><span style=\"color: #ff9900;\"><strong>\u00c9 urgente promover uma \u201ccultura da unidade\u201d, uma cultura de valores positivos, capaz de colocar no centro dos interesses culturais a pessoa, em toda a sua dignidade<\/strong><\/span> <\/p>\n<p>[\/et_pb_text][et_pb_divider _builder_version=&#8221;4.27.4&#8243; _module_preset=&#8221;default&#8221; custom_margin=&#8221;-20px||||false|false&#8221; global_colors_info=&#8221;{}&#8221;][\/et_pb_divider][et_pb_image src=&#8221;https:\/\/www.focolare.org\/wp-content\/uploads\/2025\/11\/ArteBallo.jpg&#8221; title_text=&#8221;ArteBallo&#8221; _builder_version=&#8221;4.27.4&#8243; _module_preset=&#8221;default&#8221; custom_margin=&#8221;150px||||false|false&#8221; global_colors_info=&#8221;{}&#8221;][\/et_pb_image][et_pb_text _builder_version=&#8221;4.27.4&#8243; _module_preset=&#8221;default&#8221; text_font_size=&#8221;14px&#8221; custom_margin=&#8221;-25px||10px||false|false&#8221; global_colors_info=&#8221;{}&#8221;]<\/p>\n<p><em><strong>Um di\u00e1logo com pessoas do mundo da cultura, caracterizado pela reciprocidade, que se desenvolve em diferentes disciplinas, como a arte e a pol\u00edtica&#8230;<\/strong><\/em><\/p>\n<p>[\/et_pb_text][et_pb_image src=&#8221;https:\/\/www.focolare.org\/wp-content\/uploads\/2025\/11\/Martigny-2007.jpg&#8221; title_text=&#8221;Martigny 2007&#8243; _builder_version=&#8221;4.27.4&#8243; _module_preset=&#8221;default&#8221; global_colors_info=&#8221;{}&#8221;][\/et_pb_image][\/et_pb_column][et_pb_column type=&#8221;1_2&#8243; _builder_version=&#8221;4.20.2&#8243; _module_preset=&#8221;default&#8221; global_colors_info=&#8221;{}&#8221;][et_pb_text _builder_version=&#8221;4.27.4&#8243; _module_preset=&#8221;default&#8221; custom_padding=&#8221;3px||50px||false|false&#8221; global_colors_info=&#8221;{}&#8221;]<\/p>\n<p><strong>Em di\u00e1logo com a cultura contempor\u00e2nea<\/strong><\/p>\n<p style=\"text-align: justify;\">A crise cultural que o mundo est\u00e1 atravessando ocorre no contexto de uma transi\u00e7\u00e3o hist\u00f3rica rumo a novos paradigmas. Ela se caracteriza pela fragmenta\u00e7\u00e3o, particularmente no \u00e2mbito do conhecimento, das ideias e do pensamento: diferentes universos culturais n\u00e3o apenas deixam de interagir, mas tamb\u00e9m se evitam, esbarram-se e at\u00e9 mesmo chocam-se, desencadeando rela\u00e7\u00f5es conflituosas no tecido social e internacional. Nesse contexto, \u00e9 urgente promover uma \u201ccultura da unidade\u201d, uma cultura de valores positivos, capaz de colocar no centro dos interesses culturais a pessoa, em toda a sua dignidade, com a sua capacidade de relacionamento, como sujeito capaz de dar ao mundo uma fisionomia e uma din\u00e2mica mais condizentes com as aspira\u00e7\u00f5es dos indiv\u00edduos e dos povos.  <\/p>\n<p style=\"text-align: justify;\">Nesse cen\u00e1rio, inspiradas pela Espiritualidade da Unidade e pela vida que dela brota, desenvolvem-se correntes de pensamento que oferecem propostas culturais baseadas na comunh\u00e3o, na fraternidade, no amor social, na inclus\u00e3o de todos. Essas linhas de pensamento s\u00e3o a base do di\u00e1logo com pessoas do mundo da cultura, que \u00e9 caracterizado pela reciprocidade, que acontece em diversas disciplinas, como pol\u00edtica, economia, ecologia, pedagogia, arte, comunica\u00e7\u00e3o social, psicologia, sociologia, medicina, direito, arquitetura e esporte. Esse di\u00e1logo \u00e9 promovido por grupos de estudo e de interc\u00e2mbio acad\u00eamico e profissional, estabelecidos em v\u00e1rios pa\u00edses. Esses encontros acontecem nos congressos, semin\u00e1rios, f\u00f3runs, oficinas, bem como no utilizo das m\u00eddias dispon\u00edveis atualmente. O di\u00e1logo tamb\u00e9m \u00e9 promovido por meio de publica\u00e7\u00f5es e contatos pessoais com protagonistas do mundo da cultura contempor\u00e2nea. O objetivo \u00e9 oferecer uma riqueza de ideias, contribui\u00e7\u00f5es culturais e experi\u00eancias de vida construtivas. Esse di\u00e1logo com a cultura contempor\u00e2nea est\u00e1 aberto a todos que veem a urg\u00eancia de oferecer uma resposta, na esteira da fraternidade, aos desafios atuais.     <\/p>\n<p style=\"text-align: justify;\"><strong>Arte <\/strong>(Clart\u00e8), <strong>Pedagogia <\/strong>(<a href=\"http:\/\/www.eduforunity.org\/\" target=\"_blank\" rel=\"noopener\">Edu<\/a>), <strong>Direito <\/strong>(<a href=\"http:\/\/comunionediritto.org\/it\/\" target=\"_blank\" rel=\"noopener\">CeD<\/a>), <strong>Ecologia <\/strong>(<a href=\"https:\/\/www.ecoone.org\/it\/\" target=\"_blank\" rel=\"noopener\">EcoOne<\/a>), <strong>Esporte <\/strong>(<a href=\"https:\/\/www.sportmeet.org\/it\/\" target=\"_blank\" rel=\"noopener\">Sportmeet<\/a>), <strong>Economia <\/strong>(<a href=\"https:\/\/www.edc-online.org\/it\/\" target=\"_blank\" rel=\"noopener\">Edc<\/a>), <strong>Sociologia <\/strong>(Social-One), <strong>Medicina <\/strong>(<a href=\"http:\/\/www.healthdialogueculture.org\/it\/\" target=\"_blank\" rel=\"noopener\">Sa\u00fade, Di\u00e1logos, Culturas<\/a>), <strong>Arquitetura <\/strong>(Di\u00e1logos em Arquitetura), Pol\u00edtica (<a href=\"http:\/\/www.mppu.org\/it\/\" target=\"_blank\" rel=\"noopener\">MPpU<\/a>), <strong>Psicologia <\/strong>(<a href=\"http:\/\/www.psy-com.org\/it\/\" target=\"_blank\" rel=\"noopener\">Psy-Com<\/a>), Comunica\u00e7\u00e3o (<a href=\"https:\/\/www.net-one.org\/\" target=\"_blank\" rel=\"noopener\">NetOne<\/a>) s\u00e3o os setores mais ativos no di\u00e1logo com a cultura contempor\u00e2nea dentro do Movimento dos Focolares e s\u00e3o geralmente sintetizados na express\u00e3o: <em>Inunda\u00e7\u00f5es<\/em>.          <\/p>\n<p>[\/et_pb_text][et_pb_text _builder_version=&#8221;4.27.4&#8243; _module_preset=&#8221;default&#8221; border_width_top=&#8221;3px&#8221; border_color_top=&#8221;#3FA3D6&#8243; global_colors_info=&#8221;{}&#8221;]<\/p>\n<p><strong><\/strong><\/p>\n<p><strong>Contatos:<\/strong><\/p>\n<p>Centro para o di\u00e1logo com a cultura<br \/>Via Piave, 15 &#8211; Grottaferrata \u2013 Italia.<br \/>e-mail: <a href=\"mailto:%20segreterieunite.un5d@focolare.org\" target=\"_blank\" rel=\"noopener\">segreterieunite.un5d@focolare.org<\/a><\/p>\n<p>&nbsp;<\/p>\n<p>[\/et_pb_text][\/et_pb_column][et_pb_column type=&#8221;1_4&#8243; _builder_version=&#8221;4.20.2&#8243; _module_preset=&#8221;default&#8221; global_colors_info=&#8221;{}&#8221;][et_pb_image src=&#8221;https:\/\/www.focolare.org\/wp-content\/uploads\/2025\/11\/Copia-di-DSC_0032-scaled.jpg&#8221; title_text=&#8221;Copia di DSC_0032&#8243; _builder_version=&#8221;4.27.4&#8243; _module_preset=&#8221;default&#8221; global_colors_info=&#8221;{}&#8221;][\/et_pb_image][et_pb_text _builder_version=&#8221;4.27.4&#8243; _module_preset=&#8221;default&#8221; text_font_size=&#8221;14px&#8221; custom_margin=&#8221;-25px||10px||false|false&#8221; global_colors_info=&#8221;{}&#8221;]<\/p>\n<p><strong><em>&#8230; o desporto, a economia e outras express\u00f5es, com interc\u00e2mbios acad\u00e9micos e profissionais, nascidos em diferentes pa\u00edses. <\/em><\/strong><\/p>\n<p>[\/et_pb_text][et_pb_image src=&#8221;https:\/\/www.focolare.org\/wp-content\/uploads\/2025\/11\/EdC57-scaled-e1764255659386.jpg&#8221; title_text=&#8221;?????????????????&#8221; _builder_version=&#8221;4.27.4&#8243; _module_preset=&#8221;default&#8221; global_colors_info=&#8221;{}&#8221;][\/et_pb_image][et_pb_image src=&#8221;https:\/\/www.focolare.org\/wp-content\/uploads\/2025\/12\/IMG_9933-scaled-e1764663024727.jpg&#8221; title_text=&#8221;IMG_9933&#8243; _builder_version=&#8221;4.27.4&#8243; _module_preset=&#8221;default&#8221; custom_margin=&#8221;-20px||||false|false&#8221; hover_enabled=&#8221;0&#8243; global_colors_info=&#8221;{}&#8221; sticky_enabled=&#8221;0&#8243;][\/et_pb_image][et_pb_text _builder_version=&#8221;4.27.4&#8243; _module_preset=&#8221;default&#8221; text_font_size=&#8221;10px&#8221; hover_enabled=&#8221;0&#8243; sticky_enabled=&#8221;0&#8243; custom_margin=&#8221;-43px||||false|false&#8221;]<\/p>\n<p><em>Foto: Courtesy of Younib TV \u00a9 Benjamin Simiyu<\/em><\/p>\n<p>[\/et_pb_text][\/et_pb_column][\/et_pb_row][\/et_pb_section][et_pb_section fb_built=&#8221;1&#8243; _builder_version=&#8221;4.27.4&#8243; _module_preset=&#8221;default&#8221; global_colors_info=&#8221;{}&#8221;][et_pb_row _builder_version=&#8221;4.27.4&#8243; _module_preset=&#8221;default&#8221; global_colors_info=&#8221;{}&#8221;][et_pb_column type=&#8221;4_4&#8243; _builder_version=&#8221;4.27.4&#8243; _module_preset=&#8221;default&#8221; global_colors_info=&#8221;{}&#8221;][difl_postgrid posts_number=&#8221;6&#8243; post_display=&#8221;by_tag&#8221; include_tags=&#8221;4098&#8243; show_pagination=&#8221;on&#8221; item_background_bgcolor=&#8221;#EEEEEE&#8221; next_prev_icon=&#8221;set_4&#8243; item_margin=&#8221;||||false|false&#8221; _builder_version=&#8221;4.27.4&#8243; _module_preset=&#8221;default&#8221; pagination_text_color=&#8221;#FFB300&#8243; pagination_font_size=&#8221;14px&#8221; background_color=&#8221;#FFFFFF&#8221; module_alignment=&#8221;left&#8221; border_radii_item_outer=&#8221;on|13px|13px|13px|13px&#8221; box_shadow_style_item_outer=&#8221;preset3&#8243; saved_tabs=&#8221;all&#8221; global_colors_info=&#8221;{}&#8221;][difl_postitem type=&#8221;image&#8221; _builder_version=&#8221;4.27.4&#8243; _module_preset=&#8221;default&#8221; global_colors_info=&#8221;{}&#8221;][\/difl_postitem][difl_postitem type=&#8221;title&#8221; element_padding=&#8221;|3%||3%|false|true&#8221; _builder_version=&#8221;4.27.4&#8243; _module_preset=&#8221;default&#8221; post_font_style_font=&#8221;|600|||||||&#8221; post_font_style_text_color=&#8221;#3FA3D6&#8243; post_font_style_font_size=&#8221;18px&#8221; global_colors_info=&#8221;{}&#8221;][\/difl_postitem][difl_postitem type=&#8221;date&#8221; element_padding=&#8221;|3%||3%|false|true&#8221; _builder_version=&#8221;4.27.4&#8243; _module_preset=&#8221;default&#8221; post_font_style_font=&#8221;|600|||||||&#8221; post_font_style_text_color=&#8221;#FFB300&#8243; global_colors_info=&#8221;{}&#8221;][\/difl_postitem][\/difl_postgrid][\/et_pb_column][\/et_pb_row][\/et_pb_section]<\/p>\n","protected":false},"excerpt":{"rendered":"<p>Em di\u00e1logo com a cultura contempor\u00e2nea\u00c9 urgente promover uma \u201ccultura da unidade\u201d, uma cultura de valores positivos, capaz de colocar no centro dos interesses culturais a pessoa, em toda a sua dignidade Um di\u00e1logo com pessoas do mundo da cultura, caracterizado pela reciprocidade, que se desenvolve em diferentes disciplinas, como a arte e a pol\u00edtica&#8230;Em [&hellip;]<\/p>\n","protected":false},"author":34,"featured_media":0,"parent":0,"menu_order":0,"comment_status":"closed","ping_status":"closed","template":"","meta":{"give_campaign_id":0,"_seopress_robots_primary_cat":"","_seopress_titles_title":"","_seopress_titles_desc":"","_seopress_robots_index":"","_et_pb_use_builder":"on","_et_pb_old_content":"","_et_gb_content_width":"","footnotes":""},"difl_page_category":[],"class_list":["post-393713","page","type-page","status-publish","hentry"],"campaignId":"","_links":{"self":[{"href":"https:\/\/www.focolare.org\/pt-pt\/wp-json\/wp\/v2\/pages\/393713","targetHints":{"allow":["GET"]}}],"collection":[{"href":"https:\/\/www.focolare.org\/pt-pt\/wp-json\/wp\/v2\/pages"}],"about":[{"href":"https:\/\/www.focolare.org\/pt-pt\/wp-json\/wp\/v2\/types\/page"}],"author":[{"embeddable":true,"href":"https:\/\/www.focolare.org\/pt-pt\/wp-json\/wp\/v2\/users\/34"}],"replies":[{"embeddable":true,"href":"https:\/\/www.focolare.org\/pt-pt\/wp-json\/wp\/v2\/comments?post=393713"}],"version-history":[{"count":2,"href":"https:\/\/www.focolare.org\/pt-pt\/wp-json\/wp\/v2\/pages\/393713\/revisions"}],"predecessor-version":[{"id":393715,"href":"https:\/\/www.focolare.org\/pt-pt\/wp-json\/wp\/v2\/pages\/393713\/revisions\/393715"}],"wp:attachment":[{"href":"https:\/\/www.focolare.org\/pt-pt\/wp-json\/wp\/v2\/media?parent=393713"}],"wp:term":[{"taxonomy":"difl_page_category","embeddable":true,"href":"https:\/\/www.focolare.org\/pt-pt\/wp-json\/wp\/v2\/difl_page_category?post=393713"}],"curies":[{"name":"wp","href":"https:\/\/api.w.org\/{rel}","templated":true}]}}