{"id":393750,"date":"2025-10-09T16:38:29","date_gmt":"2025-10-09T14:38:29","guid":{"rendered":"https:\/\/www.focolare.org\/igreja-comunhao\/"},"modified":"2026-04-01T16:32:19","modified_gmt":"2026-04-01T14:32:19","slug":"igreja-comunhao","status":"publish","type":"page","link":"https:\/\/www.focolare.org\/pt-pt\/igreja-comunhao\/","title":{"rendered":"Igreja-comunh\u00e3o"},"content":{"rendered":"<p>[et_pb_section fb_built=&#8221;1&#8243; custom_padding_last_edited=&#8221;on|phone&#8221; _builder_version=&#8221;4.27.4&#8243; _module_preset=&#8221;default&#8221; background_enable_color=&#8221;off&#8221; background_image=&#8221;https:\/\/www.focolare.org\/wp-content\/uploads\/2025\/10\/Chiesa-comunione2.jpg&#8221; width=&#8221;100%&#8221; max_width=&#8221;100%&#8221; min_height=&#8221;600px&#8221; min_height_tablet=&#8221;600px&#8221; min_height_phone=&#8221;600px&#8221; min_height_last_edited=&#8221;on|phone&#8221; height=&#8221;600px&#8221; height_tablet=&#8221;600px&#8221; height_phone=&#8221;600px&#8221; height_last_edited=&#8221;on|phone&#8221; max_height=&#8221;600px&#8221; custom_margin=&#8221;0px||0px||false|false&#8221; custom_margin_tablet=&#8221;0px||0px||false|false&#8221; custom_margin_phone=&#8221;||0px||false|false&#8221; custom_margin_last_edited=&#8221;on|phone&#8221; custom_padding=&#8221;0px||0px||true|false&#8221; custom_padding_tablet=&#8221;10%||10%||true|false&#8221; custom_padding_phone=&#8221;20%||20%||true|false&#8221; bottom_divider_color=&#8221;#3FA3D6&#8243; bottom_divider_repeat=&#8221;1x&#8221; bottom_divider_flip=&#8221;horizontal&#8221; locked=&#8221;off&#8221; global_colors_info=&#8221;{}&#8221;][et_pb_row _builder_version=&#8221;4.21.0&#8243; _module_preset=&#8221;default&#8221; global_colors_info=&#8221;{}&#8221;][et_pb_column type=&#8221;4_4&#8243; _builder_version=&#8221;4.21.0&#8243; _module_preset=&#8221;default&#8221; global_colors_info=&#8221;{}&#8221;][\/et_pb_column][\/et_pb_row][\/et_pb_section][et_pb_section fb_built=&#8221;1&#8243; custom_padding_last_edited=&#8221;on|phone&#8221; _builder_version=&#8221;4.21.0&#8243; _module_preset=&#8221;default&#8221; custom_margin=&#8221;||||false|false&#8221; custom_padding=&#8221;||3%||false|false&#8221; custom_padding_tablet=&#8221;||4%||false|false&#8221; custom_padding_phone=&#8221;||20%||false|false&#8221; top_divider_style=&#8221;ramp&#8221; top_divider_color=&#8221;#3FA3D6&#8243; top_divider_height=&#8221;150px&#8221; top_divider_repeat=&#8221;1x&#8221; top_divider_flip=&#8221;horizontal&#8221; bottom_divider_style=&#8221;ramp&#8221; bottom_divider_color=&#8221;#FFB300&#8243; bottom_divider_height=&#8221;150px&#8221; bottom_divider_repeat=&#8221;1x&#8221; bottom_divider_flip=&#8221;horizontal&#8221; locked=&#8221;off&#8221; global_colors_info=&#8221;{}&#8221;][et_pb_row _builder_version=&#8221;4.21.0&#8243; _module_preset=&#8221;default&#8221; custom_margin=&#8221;0px||0px||false|false&#8221; custom_margin_tablet=&#8221;0px||0px||false|false&#8221; custom_margin_phone=&#8221;-5%||||false|false&#8221; custom_margin_last_edited=&#8221;on|phone&#8221; custom_padding=&#8221;0px||0px||false|false&#8221; global_colors_info=&#8221;{}&#8221;][et_pb_column type=&#8221;4_4&#8243; _builder_version=&#8221;4.21.0&#8243; _module_preset=&#8221;default&#8221; global_colors_info=&#8221;{}&#8221;][et_pb_text _builder_version=&#8221;4.27.4&#8243; _module_preset=&#8221;default&#8221; header_font=&#8221;|600|||||||&#8221; header_text_align=&#8221;center&#8221; header_text_color=&#8221;#FFFFFF&#8221; header_font_size=&#8221;40px&#8221; custom_margin=&#8221;||3%||false|false&#8221; custom_margin_tablet=&#8221;||0px||false|false&#8221; custom_margin_phone=&#8221;||||false|false&#8221; custom_margin_last_edited=&#8221;on|phone&#8221; custom_padding=&#8221;||||false|false&#8221; global_colors_info=&#8221;{}&#8221;]<\/p>\n<h1>Igreja-comunh\u00e3o<\/h1>\n<p>[\/et_pb_text][\/et_pb_column][\/et_pb_row][\/et_pb_section][et_pb_section fb_built=&#8221;1&#8243; _builder_version=&#8221;4.20.2&#8243; _module_preset=&#8221;default&#8221; global_colors_info=&#8221;{}&#8221;][et_pb_row column_structure=&#8221;1_4,1_2,1_4&#8243; use_custom_gutter=&#8221;on&#8221; _builder_version=&#8221;4.20.2&#8243; _module_preset=&#8221;default&#8221; max_width=&#8221;80%&#8221; global_colors_info=&#8221;{}&#8221;][et_pb_column type=&#8221;1_4&#8243; _builder_version=&#8221;4.20.2&#8243; _module_preset=&#8221;default&#8221; global_colors_info=&#8221;{}&#8221;][et_pb_text _builder_version=&#8221;4.27.4&#8243; _module_preset=&#8221;default&#8221; text_font_size=&#8221;20px&#8221; text_line_height=&#8221;1.4em&#8221; global_colors_info=&#8221;{}&#8221;]<\/p>\n<p><span style=\"color: #ff9900;\"><strong>O Movimento dos Focolares promove a comunh\u00e3o entre os Movimentos Eclesiais e as Novas Comunidades, fomentando entre eles o amor rec\u00edproco, o conhecimento e a partilha de projetos.<\/strong><\/span><\/p>\n<p>[\/et_pb_text][et_pb_divider _builder_version=&#8221;4.27.4&#8243; _module_preset=&#8221;default&#8221; custom_margin=&#8221;-20px||||false|false&#8221; global_colors_info=&#8221;{}&#8221;][\/et_pb_divider][et_pb_image src=&#8221;https:\/\/www.focolare.org\/wp-content\/uploads\/2025\/10\/1271605_HD.jpg&#8221; title_text=&#8221;1271605_HD&#8221; _builder_version=&#8221;4.27.4&#8243; _module_preset=&#8221;default&#8221; custom_margin=&#8221;150px||||false|false&#8221; global_colors_info=&#8221;{}&#8221;][\/et_pb_image][et_pb_text _builder_version=&#8221;4.27.4&#8243; _module_preset=&#8221;default&#8221; text_font_size=&#8221;14px&#8221; custom_margin=&#8221;-25px||10px||false|false&#8221; global_colors_info=&#8221;{}&#8221;]<\/p>\n<p><strong><em>Chiara Lubich com uma comunidade de franciscanos. Abaixo: \u00abJuntos pela Europa\u00bb, 8 de maio de 2004. <\/em><\/strong><\/p>\n<p>[\/et_pb_text][et_pb_image src=&#8221;https:\/\/www.focolare.org\/wp-content\/uploads\/2025\/10\/Foto4-2004-OK.jpg&#8221; title_text=&#8221;Foto4-2004-OK&#8221; _builder_version=&#8221;4.27.4&#8243; _module_preset=&#8221;default&#8221; global_colors_info=&#8221;{}&#8221;][\/et_pb_image][\/et_pb_column][et_pb_column type=&#8221;1_2&#8243; _builder_version=&#8221;4.20.2&#8243; _module_preset=&#8221;default&#8221; global_colors_info=&#8221;{}&#8221;][et_pb_text _builder_version=&#8221;4.27.4&#8243; _module_preset=&#8221;default&#8221; custom_padding=&#8221;3px||50px||false|false&#8221; global_colors_info=&#8221;{}&#8221;]<\/p>\n<p><span><strong>Hist\u00f3ria<\/strong><\/span><\/p>\n<p style=\"text-align: justify;\"><span>As origens desse compromisso remontam aos anos 1950, quando Chiara Lubich se encontrou com importantes personalidades carism\u00e1ticas de sua \u00e9poca. Um ponto de inflex\u00e3o decisivo ocorreu em <\/span>30 de maio de 1998, na Pra\u00e7a de S\u00e3o Pedro, quando o papa Jo\u00e3o Paulo II reuniu, pela primeira vez, os Movimentos e as Novas Comunidades, ressaltando que eles s\u00e3o fruto de um carisma dado pelo Esp\u00edrito Santo \u00e0 Igreja. Chiara Lubich, ent\u00e3o, prometeu ao Papa empenhar-se com todas as for\u00e7as para realizar a plena comunh\u00e3o entre os Movimentos, dando in\u00edcio a um caminho que continua at\u00e9 hoje. <\/p>\n<p style=\"text-align: justify;\">Os papas Bento XVI e Francisco continuaram a encorajar as novas realidades eclesiais. Durante o Jubileu dos Movimentos, em 7 de junho de 2025, o papa Le\u00e3o XIV desejou: \u201cQue vossas associa\u00e7\u00f5es e comunidades sejam palestras de fraternidade e participa\u00e7\u00e3o, n\u00e3o apenas como locais de encontro, mas como lugares de espiritualidade. O Esp\u00edrito de Jesus muda o mundo porque muda os cora\u00e7\u00f5es\u201d. <\/p>\n<p style=\"text-align: justify;\"><strong>Outros desenvolvimentos<\/strong><\/p>\n<p style=\"text-align: justify;\">A comunh\u00e3o entre o Movimento dos Focolares e as Fam\u00edlias religiosas nascidas de antigos Carismas viveu etapas importantes, como o encontro de Chiara Lubich com a Fam\u00edlia Franciscana em Assis (It\u00e1lia), no ano 2000, e com os beneditinos em Montserrat (Espanha), em 2002.<\/p>\n<p style=\"text-align: justify;\">O di\u00e1logo entre os Movimentos Cat\u00f3licos abriu caminho para uma rela\u00e7\u00e3o de conhecimento e amor fraterno com Movimentos que surgiram em v\u00e1rias Igrejas Crist\u00e3s, levando \u00e0 cria\u00e7\u00e3o de iniciativas como &#8220;Juntos pela Europa&#8221; (<strong><a href=\"https:\/\/www.together4europe.org\/\">Insieme per l\u2019Europa<\/a><\/strong>) \u2014 um caminho de comunh\u00e3o entre mais de 300 Movimentos e Comunidades de v\u00e1rias Igrejas Crist\u00e3s que trabalham por uma Europa unida e reconciliada. Trata-se de uma colabora\u00e7\u00e3o baseada no amor rec\u00edproco em favor do bem comum, com compromisso em defesa da vida, da fam\u00edlia, da paz, dos pobres, de uma economia justa e da prote\u00e7\u00e3o ambiental.<\/p>\n<p>&nbsp;<\/p>\n<p>[\/et_pb_text][et_pb_text _builder_version=&#8221;4.27.4&#8243; _module_preset=&#8221;default&#8221; border_width_top=&#8221;3px&#8221; border_color_top=&#8221;#3FA3D6&#8243; global_colors_info=&#8221;{}&#8221;]<\/p>\n<p><strong><\/strong><\/p>\n<p><strong>Contatos:<\/strong><\/p>\n<p>Centro de Di\u00e1logo com as diversas Realidades Eclesiais. <br \/>Movimento dos Focolares<br \/><span>Via Frascati, 306<br \/><\/span><span>00040 Rocca di Papa (Roma \u2013 IT)<br \/><\/span><span>e-mail: <\/span><a href=\"mailto:primodialogo@focolare.org\"><span>primodialogo@focolare.org<\/span><\/a><\/p>\n<p>[\/et_pb_text][\/et_pb_column][et_pb_column type=&#8221;1_4&#8243; _builder_version=&#8221;4.20.2&#8243; _module_preset=&#8221;default&#8221; global_colors_info=&#8221;{}&#8221;][et_pb_image src=&#8221;https:\/\/www.focolare.org\/wp-content\/uploads\/2025\/10\/1271526_HD.jpg&#8221; title_text=&#8221;1271526_HD&#8221; _builder_version=&#8221;4.27.4&#8243; _module_preset=&#8221;default&#8221; global_colors_info=&#8221;{}&#8221;][\/et_pb_image][et_pb_text _builder_version=&#8221;4.27.4&#8243; _module_preset=&#8221;default&#8221; text_font_size=&#8221;14px&#8221; custom_margin=&#8221;-25px||10px||false|false&#8221; global_colors_info=&#8221;{}&#8221;]<\/p>\n<p><strong><em>30 de maio de 1998: o Papa Jo\u00e3o Paulo II encontra-se com os Movimentos e as novas Comunidades.<\/em><\/strong><\/p>\n<p>[\/et_pb_text][et_pb_image src=&#8221;https:\/\/www.focolare.org\/wp-content\/uploads\/2025\/10\/Foto2-2025.jpg&#8221; title_text=&#8221;Foto2-2025&#8243; _builder_version=&#8221;4.27.4&#8243; _module_preset=&#8221;default&#8221; global_colors_info=&#8221;{}&#8221;][\/et_pb_image][\/et_pb_column][\/et_pb_row][\/et_pb_section][et_pb_section fb_built=&#8221;1&#8243; _builder_version=&#8221;4.27.4&#8243; _module_preset=&#8221;default&#8221; global_colors_info=&#8221;{}&#8221;][et_pb_row _builder_version=&#8221;4.27.4&#8243; _module_preset=&#8221;default&#8221; hover_enabled=&#8221;0&#8243; global_colors_info=&#8221;{}&#8221; sticky_enabled=&#8221;0&#8243;][et_pb_column type=&#8221;4_4&#8243; _builder_version=&#8221;4.27.4&#8243; _module_preset=&#8221;default&#8221; global_colors_info=&#8221;{}&#8221;][difl_postgrid posts_number=&#8221;6&#8243; post_display=&#8221;by_tag&#8221; include_tags=&#8221;4094&#8243; show_pagination=&#8221;on&#8221; item_background_bgcolor=&#8221;#EEEEEE&#8221; next_prev_icon=&#8221;set_4&#8243; item_margin=&#8221;||||false|false&#8221; _builder_version=&#8221;4.27.6&#8243; _module_preset=&#8221;default&#8221; pagination_text_color=&#8221;#FFB300&#8243; pagination_font_size=&#8221;14px&#8221; background_color=&#8221;#FFFFFF&#8221; module_alignment=&#8221;left&#8221; hover_enabled=&#8221;0&#8243; border_radii_item_outer=&#8221;on|13px|13px|13px|13px&#8221; box_shadow_style_item_outer=&#8221;preset3&#8243; saved_tabs=&#8221;all&#8221; global_colors_info=&#8221;{}&#8221; sticky_enabled=&#8221;0&#8243;][difl_postitem type=&#8221;image&#8221; _builder_version=&#8221;4.27.4&#8243; _module_preset=&#8221;default&#8221; global_colors_info=&#8221;{}&#8221;][\/difl_postitem][difl_postitem type=&#8221;title&#8221; element_padding=&#8221;|3%||3%|false|true&#8221; _builder_version=&#8221;4.27.4&#8243; _module_preset=&#8221;default&#8221; post_font_style_font=&#8221;|600|||||||&#8221; post_font_style_text_color=&#8221;#3FA3D6&#8243; post_font_style_font_size=&#8221;18px&#8221; global_colors_info=&#8221;{}&#8221;][\/difl_postitem][difl_postitem type=&#8221;date&#8221; element_padding=&#8221;|3%||3%|false|true&#8221; _builder_version=&#8221;4.27.4&#8243; _module_preset=&#8221;default&#8221; post_font_style_font=&#8221;|600|||||||&#8221; post_font_style_text_color=&#8221;#FFB300&#8243; hover_enabled=&#8221;0&#8243; global_colors_info=&#8221;{}&#8221; sticky_enabled=&#8221;0&#8243;][\/difl_postitem][\/difl_postgrid][\/et_pb_column][\/et_pb_row][\/et_pb_section]<\/p>\n","protected":false},"excerpt":{"rendered":"<p>Igreja-comunh\u00e3oO Movimento dos Focolares promove a comunh\u00e3o entre os Movimentos Eclesiais e as Novas Comunidades, fomentando entre eles o amor rec\u00edproco, o conhecimento e a partilha de projetos.Chiara Lubich com uma comunidade de franciscanos. Abaixo: \u00abJuntos pela Europa\u00bb, 8 de maio de 2004. Hist\u00f3ria As origens desse compromisso remontam aos anos 1950, quando Chiara Lubich [&hellip;]<\/p>\n","protected":false},"author":34,"featured_media":0,"parent":0,"menu_order":0,"comment_status":"closed","ping_status":"closed","template":"","meta":{"give_campaign_id":0,"_seopress_robots_primary_cat":"","_seopress_titles_title":"","_seopress_titles_desc":"","_seopress_robots_index":"","_et_pb_use_builder":"on","_et_pb_old_content":"","_et_gb_content_width":"","footnotes":""},"difl_page_category":[],"class_list":["post-393750","page","type-page","status-publish","hentry"],"campaignId":"","_links":{"self":[{"href":"https:\/\/www.focolare.org\/pt-pt\/wp-json\/wp\/v2\/pages\/393750","targetHints":{"allow":["GET"]}}],"collection":[{"href":"https:\/\/www.focolare.org\/pt-pt\/wp-json\/wp\/v2\/pages"}],"about":[{"href":"https:\/\/www.focolare.org\/pt-pt\/wp-json\/wp\/v2\/types\/page"}],"author":[{"embeddable":true,"href":"https:\/\/www.focolare.org\/pt-pt\/wp-json\/wp\/v2\/users\/34"}],"replies":[{"embeddable":true,"href":"https:\/\/www.focolare.org\/pt-pt\/wp-json\/wp\/v2\/comments?post=393750"}],"version-history":[{"count":6,"href":"https:\/\/www.focolare.org\/pt-pt\/wp-json\/wp\/v2\/pages\/393750\/revisions"}],"predecessor-version":[{"id":400695,"href":"https:\/\/www.focolare.org\/pt-pt\/wp-json\/wp\/v2\/pages\/393750\/revisions\/400695"}],"wp:attachment":[{"href":"https:\/\/www.focolare.org\/pt-pt\/wp-json\/wp\/v2\/media?parent=393750"}],"wp:term":[{"taxonomy":"difl_page_category","embeddable":true,"href":"https:\/\/www.focolare.org\/pt-pt\/wp-json\/wp\/v2\/difl_page_category?post=393750"}],"curies":[{"name":"wp","href":"https:\/\/api.w.org\/{rel}","templated":true}]}}