{"id":393763,"date":"2025-10-17T10:18:29","date_gmt":"2025-10-17T08:18:29","guid":{"rendered":"https:\/\/www.focolare.org\/cristaos-em-comunhao\/"},"modified":"2025-12-31T16:10:42","modified_gmt":"2025-12-31T15:10:42","slug":"cristaos-em-comunhao","status":"publish","type":"page","link":"https:\/\/www.focolare.org\/pt-pt\/cristaos-em-comunhao\/","title":{"rendered":"Crist\u00e3os em comunh\u00e3o"},"content":{"rendered":"<p>[et_pb_section fb_built=&#8221;1&#8243; custom_padding_last_edited=&#8221;on|phone&#8221; _builder_version=&#8221;4.27.4&#8243; _module_preset=&#8221;default&#8221; background_enable_color=&#8221;off&#8221; background_image=&#8221;https:\/\/www.focolare.org\/wp-content\/uploads\/2025\/10\/Cristiani-in-comunione.png&#8221; width=&#8221;100%&#8221; max_width=&#8221;100%&#8221; min_height=&#8221;600px&#8221; min_height_tablet=&#8221;600px&#8221; min_height_phone=&#8221;600px&#8221; min_height_last_edited=&#8221;on|phone&#8221; height=&#8221;600px&#8221; height_tablet=&#8221;600px&#8221; height_phone=&#8221;600px&#8221; height_last_edited=&#8221;on|phone&#8221; max_height=&#8221;600px&#8221; custom_margin=&#8221;0px||0px||false|false&#8221; custom_margin_tablet=&#8221;0px||0px||false|false&#8221; custom_margin_phone=&#8221;||0px||false|false&#8221; custom_margin_last_edited=&#8221;on|phone&#8221; custom_padding=&#8221;0px||0px||true|false&#8221; custom_padding_tablet=&#8221;10%||10%||true|false&#8221; custom_padding_phone=&#8221;20%||20%||true|false&#8221; bottom_divider_color=&#8221;#3FA3D6&#8243; bottom_divider_repeat=&#8221;1x&#8221; bottom_divider_flip=&#8221;horizontal&#8221; locked=&#8221;off&#8221; global_colors_info=&#8221;{}&#8221;][et_pb_row _builder_version=&#8221;4.21.0&#8243; _module_preset=&#8221;default&#8221; global_colors_info=&#8221;{}&#8221;][et_pb_column type=&#8221;4_4&#8243; _builder_version=&#8221;4.21.0&#8243; _module_preset=&#8221;default&#8221; global_colors_info=&#8221;{}&#8221;][\/et_pb_column][\/et_pb_row][\/et_pb_section][et_pb_section fb_built=&#8221;1&#8243; custom_padding_last_edited=&#8221;on|phone&#8221; _builder_version=&#8221;4.21.0&#8243; _module_preset=&#8221;default&#8221; custom_margin=&#8221;||||false|false&#8221; custom_padding=&#8221;||3%||false|false&#8221; custom_padding_tablet=&#8221;||4%||false|false&#8221; custom_padding_phone=&#8221;||20%||false|false&#8221; top_divider_style=&#8221;ramp&#8221; top_divider_color=&#8221;#3FA3D6&#8243; top_divider_height=&#8221;150px&#8221; top_divider_repeat=&#8221;1x&#8221; top_divider_flip=&#8221;horizontal&#8221; bottom_divider_style=&#8221;ramp&#8221; bottom_divider_color=&#8221;#FFB300&#8243; bottom_divider_height=&#8221;150px&#8221; bottom_divider_repeat=&#8221;1x&#8221; bottom_divider_flip=&#8221;horizontal&#8221; locked=&#8221;off&#8221; global_colors_info=&#8221;{}&#8221;][et_pb_row _builder_version=&#8221;4.21.0&#8243; _module_preset=&#8221;default&#8221; custom_margin=&#8221;0px||0px||false|false&#8221; custom_margin_tablet=&#8221;0px||0px||false|false&#8221; custom_margin_phone=&#8221;-5%||||false|false&#8221; custom_margin_last_edited=&#8221;on|phone&#8221; custom_padding=&#8221;0px||0px||false|false&#8221; global_colors_info=&#8221;{}&#8221;][et_pb_column type=&#8221;4_4&#8243; _builder_version=&#8221;4.21.0&#8243; _module_preset=&#8221;default&#8221; global_colors_info=&#8221;{}&#8221;][et_pb_text _builder_version=&#8221;4.27.4&#8243; _module_preset=&#8221;default&#8221; header_font=&#8221;|600|||||||&#8221; header_text_align=&#8221;center&#8221; header_text_color=&#8221;#FFFFFF&#8221; header_font_size=&#8221;40px&#8221; custom_margin=&#8221;||3%||false|false&#8221; custom_margin_tablet=&#8221;||0px||false|false&#8221; custom_margin_phone=&#8221;||||false|false&#8221; custom_margin_last_edited=&#8221;on|phone&#8221; custom_padding=&#8221;||||false|false&#8221; global_colors_info=&#8221;{}&#8221;]<\/p>\n<h1>Crist\u00e3os em comunh\u00e3o<\/h1>\n<p>[\/et_pb_text][\/et_pb_column][\/et_pb_row][\/et_pb_section][et_pb_section fb_built=&#8221;1&#8243; _builder_version=&#8221;4.20.2&#8243; _module_preset=&#8221;default&#8221; global_colors_info=&#8221;{}&#8221;][et_pb_row column_structure=&#8221;1_4,1_2,1_4&#8243; use_custom_gutter=&#8221;on&#8221; _builder_version=&#8221;4.27.4&#8243; _module_preset=&#8221;default&#8221; max_width=&#8221;80%&#8221; custom_padding=&#8221;27px|||||&#8221; global_colors_info=&#8221;{}&#8221;][et_pb_column type=&#8221;1_4&#8243; _builder_version=&#8221;4.20.2&#8243; _module_preset=&#8221;default&#8221; global_colors_info=&#8221;{}&#8221;][et_pb_text _builder_version=&#8221;4.27.4&#8243; _module_preset=&#8221;default&#8221; text_text_color=&#8221;#FFB300&#8243; text_font_size=&#8221;20px&#8221; text_line_height=&#8221;1.4em&#8221; global_colors_info=&#8221;{}&#8221;]<\/p>\n<p><strong>A espiritualidade nascida do Carisma da Unidade, de Chiara Lubich, d\u00e1 uma contribui\u00e7\u00e3o espec\u00edfica \u00e0 realiza\u00e7\u00e3o da ora\u00e7\u00e3o de Jesus \u201cPara que todos sejam um\u201d (<em>Jo <\/em>17,21). A vida do Mandamento Novo (cf. <em>Jo <\/em>13,34) coloca os fundamentos para a realiza\u00e7\u00e3o da sua promessa: \u201cOnde dois ou tr\u00eas estiverem reunidos em meu nome, ali eu estou no meio deles\u201d (<em>Mt <\/em>18,20). \u00c9 essa presen\u00e7a Dele que abate preconceitos e constr\u00f3i novos espa\u00e7os de di\u00e1logo. Chiara Lubich o define como um \u201cdi\u00e1logo da vida\u201d, que deseja sustentar os outros tipos de di\u00e1logo e \u201ccriar um povo ecumenicamente preparado\u201d.   <\/strong><\/p>\n<p>[\/et_pb_text][et_pb_divider _builder_version=&#8221;4.27.4&#8243; _module_preset=&#8221;default&#8221; custom_margin=&#8221;||||false|false&#8221; custom_padding=&#8221;||100px||false|false&#8221; global_colors_info=&#8221;{}&#8221;][\/et_pb_divider][et_pb_image src=&#8221;https:\/\/www.focolare.org\/wp-content\/uploads\/2025\/10\/2014-incontro-dei-vescovi-1.jpg&#8221; title_text=&#8221;2014-incontro dei vescovi (1)&#8221; _builder_version=&#8221;4.27.4&#8243; _module_preset=&#8221;default&#8221; custom_margin=&#8221;150px||||false|false&#8221; global_colors_info=&#8221;{}&#8221;][\/et_pb_image][et_pb_text _builder_version=&#8221;4.27.4&#8243; _module_preset=&#8221;default&#8221; text_font_size=&#8221;14px&#8221; custom_margin=&#8221;-25px||10px||false|false&#8221; global_colors_info=&#8221;{}&#8221;]<\/p>\n<p><strong><em>Encontros ecum\u00e9nicos de bispos <\/em><\/strong><\/p>\n<p>[\/et_pb_text][et_pb_image src=&#8221;https:\/\/www.focolare.org\/wp-content\/uploads\/2025\/10\/2014-incontro-dei-vescovi-2.jpg&#8221; title_text=&#8221;2014-incontro dei vescovi (2)&#8221; _builder_version=&#8221;4.27.4&#8243; _module_preset=&#8221;default&#8221; global_colors_info=&#8221;{}&#8221;][\/et_pb_image][\/et_pb_column][et_pb_column type=&#8221;1_2&#8243; _builder_version=&#8221;4.20.2&#8243; _module_preset=&#8221;default&#8221; global_colors_info=&#8221;{}&#8221;][et_pb_text _builder_version=&#8221;4.27.4&#8243; _module_preset=&#8221;default&#8221; custom_padding=&#8221;3px||50px||false|false&#8221; hover_enabled=&#8221;0&#8243; global_colors_info=&#8221;{}&#8221; sticky_enabled=&#8221;0&#8243;]<\/p>\n<p><strong>Mari\u00e1polis permanentes de cunho ecum\u00eanico<\/strong><\/p>\n<p style=\"text-align: justify;\">Em 1968, nasceu em Ottmaring, na Alemanha, uma <strong><a href=\"https:\/\/oelz-ottmaring.de\/\">Mari\u00e1polis permanente de testemunho ecum\u00eanico<\/a><\/strong>, <strong> <\/strong> desejada pelo Movimento dos Focolares e pela \u201cFraternidade de vida em comum\u201d, uma fraternidade evang\u00e9lica que assumiu como pr\u00f3pria a ora\u00e7\u00e3o de Jesus pela unidade (<em>cf<\/em>. Jo 17). Seguindo o modelo dessa primeira Mari\u00e1polis permanente, surgiram outras, por exemplo, em <a href=\"https:\/\/www.focolare.org\/gb\/activities\/centre-for-unity-2\/\">Welwyn Garden City<\/a>, ao Norte de Londres, e <a href=\"https:\/\/marienkroon.nl\/\">Mari\u00ebnkroon<\/a>, perto de Den Boschna, na Holanda. <\/p>\n<p style=\"text-align: justify;\"><strong><\/strong><\/p>\n<p style=\"text-align: justify;\"><strong>Atividades de forma\u00e7\u00e3o e de comunh\u00e3o<\/strong><\/p>\n<p style=\"text-align: justify;\">Desde 1962, s\u00e3o promovidas <strong>Semanas Ecum\u00eanicas<\/strong>, encontros internacionais abertos a crist\u00e3os de v\u00e1rias Igrejas, com o objetivo de crescer no amor m\u00fatuo e testemunhar a unidade do povo de Cristo. A partir de 1981, realizam-se \u201c<strong>Escolas Ecum\u00eanicas<\/strong>\u201d e cursos breves de forma\u00e7\u00e3o ecum\u00eanica na Europa, no Oriente M\u00e9dio e nas Am\u00e9ricas, e mais recentemente tamb\u00e9m em outros continentes. <\/p>\n<p style=\"text-align: justify;\">Periodicamente, <strong>bispos de v\u00e1rias igrejas<\/strong> se re\u00fanem para aprofundar o conhecimento do Carisma da Unidade e aumentar a comunh\u00e3o em Cristo.<\/p>\n<p style=\"text-align: justify;\"><strong><\/strong><\/p>\n<p style=\"text-align: justify;\"><strong>Redes ecum\u00eanicas <\/strong><\/p>\n<p style=\"text-align: justify;\">Em 1999, teve in\u00edcio o projeto \u201c<strong><a href=\"https:\/\/www.together4europe.org\/\">Juntos pela Europa<\/a><\/strong>\u201d (Insieme per l\u2019Europa), um caminho de comunh\u00e3o entre mais de 300 movimentos e comunidades de v\u00e1rias Igrejas crist\u00e3s que trabalham por uma Europa unida e reconciliada. \u00c9 uma colabora\u00e7\u00e3o baseada no amor m\u00fatuo em prol do bem comum, no compromisso com a defesa da vida, da fam\u00edlia, da paz, dos pobres, de uma economia justa e da prote\u00e7\u00e3o ambiental.<\/p>\n<p style=\"text-align: justify;\">No ano de 2025, por ocasi\u00e3o dos 1.700 anos do Conc\u00edlio de Niceia, teve in\u00edcio uma colabora\u00e7\u00e3o com outros grupos crist\u00e3os.<\/p>\n<p style=\"text-align: justify;\">Est\u00e1 em andamento tamb\u00e9m a colabora\u00e7\u00e3o com organiza\u00e7\u00f5es em n\u00edvel internacional, nacional e regional, como o Conselho Ecum\u00eanico de Igrejas, o F\u00f3rum Crist\u00e3o Global, conselhos e grupos ecum\u00eanicos nacionais e regionais.<\/p>\n<p style=\"text-align: justify;\"><strong><\/strong><\/p>\n<p style=\"text-align: justify;\"><strong>Novos desenvolvimentos<\/strong><\/p>\n<p style=\"text-align: justify;\">Na Mari\u00e1polis permanente de Loppiano, cidadezinha do Movimento dos Focolares, situada perto de Floren\u00e7a (It\u00e1lia), em 2017 foi inaugurada a <strong><em>C\u00e1tedra Ecum\u00eanica Patriarca Athenagoras I \u2013 Chiara Lubich<\/em><\/strong>, no Instituto Universit\u00e1rio Sophia.<\/p>\n<p style=\"text-align: justify;\"><strong><\/strong><\/p>\n<p style=\"text-align: justify;\"><strong><\/strong><\/p>\n<p style=\"text-align: justify;\"><strong>Hist\u00f3ria<\/strong><\/p>\n<p style=\"text-align: justify;\">Em 1955, um arquiteto su\u00ed\u00e7o, da Igreja reformada, entrou em contato com o Movimento, mas ainda era uma experi\u00eancia pessoal. Em 1961, em Darmstadt (Alemanha), um grupo de <strong>evang\u00e9licos-luteranos<\/strong>, ao escutar Chiara Lubich, ficou tocado pela proposta de uma vida alicer\u00e7ada na Palavra de Deus. No mesmo ano foi fundado, em Roma, o <strong>Centro \u201cUno\u201d pela unidade dos crist\u00e3os<\/strong>, um lugar, um espa\u00e7o fraterno no qual crist\u00e3os de v\u00e1rias Igrejas podem sentir-se acolhidos, \u201cem casa\u201d. <a href=\"https:\/\/iginogiordani.info\/\">Igino Giordani<\/a> (cofundador do Movimento dos Focolares) foi o diretor at\u00e9 a sua morte, em 1980.  <\/p>\n<p style=\"text-align: justify;\">Em 1961, pessoas de v\u00e1rias denomina\u00e7\u00f5es crist\u00e3s, em contato com o Movimento, vieram a Roma; primeiro, os <strong>luteranos alem\u00e3es<\/strong>, logo depois, crist\u00e3os da <strong>Igreja Reformada Su\u00ed\u00e7a<\/strong> e <strong>anglicanos<\/strong> e, mais tarde, fi\u00e9is de muitas outras Igrejas, para conhecerem melhor a Espiritualidade da Unidade do Movimento. Em 1966, Chiara encontrou o Primaz da Igreja anglicana, o arcebispo de Cantu\u00e1ria Michael Ramsey e, a seguir, seus sucessores. Em 1967, aconteceu o primeiro dos 25 encontros com o Patriarca Ortodoxo de Constantinopla, Athenagoras I e, depois, com seus sucessores at\u00e9 o atual Patriarca Bartolomeu I. No mesmo ano, iniciaram-se os primeiros contatos com o Conselho Ecum\u00eanico de Igrejas e, mais recentemente, o relacionamento com o <strong>F\u00f3rum Crist\u00e3o Global (Global Christian Forum)<\/strong>, uma plataforma de di\u00e1logo entre os pentecostais e v\u00e1rias Igrejas. A espiritualidade do Movimento tamb\u00e9m foi acolhida por crist\u00e3os das Igrejas Ortodoxas Orientais: siro-ortodoxos, coptas, et\u00edopes, arm\u00eanios e ass\u00edrios.   <\/p>\n<p>[\/et_pb_text][et_pb_video src=&#8221;https:\/\/youtu.be\/EPxgSiq4ATg&#8221; _builder_version=&#8221;4.27.4&#8243; _module_preset=&#8221;default&#8221; width=&#8221;66%&#8221; max_width=&#8221;100%&#8221; custom_margin=&#8221;-50px|||100px|false|false&#8221; custom_padding=&#8221;||80px||false|false&#8221; global_colors_info=&#8221;{}&#8221;][\/et_pb_video][et_pb_text _builder_version=&#8221;4.27.4&#8243; _module_preset=&#8221;default&#8221; border_width_top=&#8221;3px&#8221; border_color_top=&#8221;#3FA3D6&#8243; global_colors_info=&#8221;{}&#8221;]<\/p>\n<p><strong><\/strong><\/p>\n<p><strong>Contatos:<\/strong><\/p>\n<p>Centro \u201cUno\u201d pela unidade dos crist\u00e3os<br \/>Via Frascati, 306 \u2013 00040-Rocca di Papa (Roma)<br \/>Tel. + 39 06794798-318<br \/>E-mail: <a href=\"mailto:centrouno@focolare.org\">centrouno@focolare.org<\/a><\/p>\n<p>&nbsp;<\/p>\n<p>[\/et_pb_text][\/et_pb_column][et_pb_column type=&#8221;1_4&#8243; _builder_version=&#8221;4.20.2&#8243; _module_preset=&#8221;default&#8221; global_colors_info=&#8221;{}&#8221;][et_pb_video src=&#8221;https:\/\/youtu.be\/IFgmseIGxL0&#8243; _builder_version=&#8221;4.27.4&#8243; _module_preset=&#8221;default&#8221; global_colors_info=&#8221;{}&#8221;][\/et_pb_video][et_pb_text _builder_version=&#8221;4.27.4&#8243; _module_preset=&#8221;default&#8221; text_font_size=&#8221;13px&#8221; custom_margin=&#8221;-30px||||false|false&#8221; custom_padding=&#8221;||100px||false|false&#8221; global_colors_info=&#8221;{}&#8221;]<\/p>\n<p style=\"text-align: center;\"><em>Ativar legendas em portugu\u00eas &#8211; Edi\u00e7\u00e3o nas l\u00ednguas originais<\/em><\/p>\n<p>[\/et_pb_text][et_pb_image src=&#8221;https:\/\/www.focolare.org\/wp-content\/uploads\/2025\/10\/Ottmaring-1.png&#8221; title_text=&#8221;Ottmaring&#8221; _builder_version=&#8221;4.27.4&#8243; _module_preset=&#8221;default&#8221; global_colors_info=&#8221;{}&#8221;][\/et_pb_image][et_pb_text _builder_version=&#8221;4.27.4&#8243; _module_preset=&#8221;default&#8221; text_font_size=&#8221;14px&#8221; custom_margin=&#8221;-25px||10px||false|false&#8221; global_colors_info=&#8221;{}&#8221;]<\/p>\n<p><strong><em>Mari\u00e1polis permanentes de cunho ecum\u00eanico de Ottmaring, Alemanha. Abaixo: Chiara Lubich encontra-se com o Primaz da Igreja Anglicana, o Arcebispo de Canterbury Donald Coggan (1977) <\/em><\/strong><\/p>\n<p>[\/et_pb_text][et_pb_image src=&#8221;https:\/\/www.focolare.org\/wp-content\/uploads\/2025\/10\/1977-Chiara-e-CogganP.png&#8221; title_text=&#8221;1977 Chiara e CogganP&#8221; _builder_version=&#8221;4.27.4&#8243; _module_preset=&#8221;default&#8221; global_colors_info=&#8221;{}&#8221;][\/et_pb_image][\/et_pb_column][\/et_pb_row][\/et_pb_section][et_pb_section fb_built=&#8221;1&#8243; _builder_version=&#8221;4.27.4&#8243; _module_preset=&#8221;default&#8221; global_colors_info=&#8221;{}&#8221;][et_pb_row _builder_version=&#8221;4.27.4&#8243; _module_preset=&#8221;default&#8221; global_colors_info=&#8221;{}&#8221;][et_pb_column type=&#8221;4_4&#8243; _builder_version=&#8221;4.27.4&#8243; _module_preset=&#8221;default&#8221; global_colors_info=&#8221;{}&#8221;][difl_postgrid posts_number=&#8221;6&#8243; post_display=&#8221;by_tag&#8221; include_tags=&#8221;4095&#8243; show_pagination=&#8221;on&#8221; item_background_bgcolor=&#8221;#EEEEEE&#8221; next_prev_icon=&#8221;set_4&#8243; item_margin=&#8221;||||false|false&#8221; _builder_version=&#8221;4.27.4&#8243; _module_preset=&#8221;default&#8221; pagination_text_color=&#8221;#FFB300&#8243; pagination_font_size=&#8221;14px&#8221; background_color=&#8221;#FFFFFF&#8221; module_alignment=&#8221;left&#8221; border_radii_item_outer=&#8221;on|13px|13px|13px|13px&#8221; box_shadow_style_item_outer=&#8221;preset3&#8243; saved_tabs=&#8221;all&#8221; global_colors_info=&#8221;{}&#8221;][difl_postitem type=&#8221;image&#8221; _builder_version=&#8221;4.27.4&#8243; _module_preset=&#8221;default&#8221; global_colors_info=&#8221;{}&#8221;][\/difl_postitem][difl_postitem type=&#8221;title&#8221; element_padding=&#8221;|3%||3%|false|true&#8221; _builder_version=&#8221;4.27.4&#8243; _module_preset=&#8221;default&#8221; post_font_style_font=&#8221;|600|||||||&#8221; post_font_style_text_color=&#8221;#3FA3D6&#8243; post_font_style_font_size=&#8221;18px&#8221; global_colors_info=&#8221;{}&#8221;][\/difl_postitem][difl_postitem type=&#8221;date&#8221; element_padding=&#8221;|3%||3%|false|true&#8221; _builder_version=&#8221;4.27.4&#8243; _module_preset=&#8221;default&#8221; post_font_style_font=&#8221;|600|||||||&#8221; post_font_style_text_color=&#8221;#FFB300&#8243; global_colors_info=&#8221;{}&#8221;][\/difl_postitem][\/difl_postgrid][\/et_pb_column][\/et_pb_row][\/et_pb_section]<\/p>\n","protected":false},"excerpt":{"rendered":"<p>Crist\u00e3os em comunh\u00e3oA espiritualidade nascida do Carisma da Unidade, de Chiara Lubich, d\u00e1 uma contribui\u00e7\u00e3o espec\u00edfica \u00e0 realiza\u00e7\u00e3o da ora\u00e7\u00e3o de Jesus \u201cPara que todos sejam um\u201d (Jo 17,21). A vida do Mandamento Novo (cf. Jo 13,34) coloca os fundamentos para a realiza\u00e7\u00e3o da sua promessa: \u201cOnde dois ou tr\u00eas estiverem reunidos em meu nome, [&hellip;]<\/p>\n","protected":false},"author":34,"featured_media":0,"parent":0,"menu_order":0,"comment_status":"closed","ping_status":"closed","template":"","meta":{"give_campaign_id":0,"_seopress_robots_primary_cat":"","_seopress_titles_title":"","_seopress_titles_desc":"","_seopress_robots_index":"","_et_pb_use_builder":"on","_et_pb_old_content":"","_et_gb_content_width":"","footnotes":""},"difl_page_category":[],"class_list":["post-393763","page","type-page","status-publish","hentry"],"campaignId":"","_links":{"self":[{"href":"https:\/\/www.focolare.org\/pt-pt\/wp-json\/wp\/v2\/pages\/393763","targetHints":{"allow":["GET"]}}],"collection":[{"href":"https:\/\/www.focolare.org\/pt-pt\/wp-json\/wp\/v2\/pages"}],"about":[{"href":"https:\/\/www.focolare.org\/pt-pt\/wp-json\/wp\/v2\/types\/page"}],"author":[{"embeddable":true,"href":"https:\/\/www.focolare.org\/pt-pt\/wp-json\/wp\/v2\/users\/34"}],"replies":[{"embeddable":true,"href":"https:\/\/www.focolare.org\/pt-pt\/wp-json\/wp\/v2\/comments?post=393763"}],"version-history":[{"count":2,"href":"https:\/\/www.focolare.org\/pt-pt\/wp-json\/wp\/v2\/pages\/393763\/revisions"}],"predecessor-version":[{"id":393765,"href":"https:\/\/www.focolare.org\/pt-pt\/wp-json\/wp\/v2\/pages\/393763\/revisions\/393765"}],"wp:attachment":[{"href":"https:\/\/www.focolare.org\/pt-pt\/wp-json\/wp\/v2\/media?parent=393763"}],"wp:term":[{"taxonomy":"difl_page_category","embeddable":true,"href":"https:\/\/www.focolare.org\/pt-pt\/wp-json\/wp\/v2\/difl_page_category?post=393763"}],"curies":[{"name":"wp","href":"https:\/\/api.w.org\/{rel}","templated":true}]}}