{"id":394127,"date":"2025-10-23T16:58:51","date_gmt":"2025-10-23T14:58:51","guid":{"rendered":"https:\/\/www.focolare.org\/em-dialogo-com-pessoas-de-conviccoes-nao-religiosas\/"},"modified":"2026-01-16T16:01:28","modified_gmt":"2026-01-16T15:01:28","slug":"em-dialogo-com-pessoas-de-conviccoes-nao-religiosas","status":"publish","type":"page","link":"https:\/\/www.focolare.org\/pt-pt\/em-dialogo-com-pessoas-de-conviccoes-nao-religiosas\/","title":{"rendered":"Em di\u00e1logo com pessoas de convic\u00e7\u00f5es n\u00e3o religiosas"},"content":{"rendered":"<p>[et_pb_section fb_built=&#8221;1&#8243; custom_padding_last_edited=&#8221;on|phone&#8221; _builder_version=&#8221;4.27.4&#8243; _module_preset=&#8221;default&#8221; background_enable_color=&#8221;off&#8221; background_image=&#8221;https:\/\/www.focolare.org\/wp-content\/uploads\/2025\/10\/Cuarto-Dialogo.png&#8221; width=&#8221;100%&#8221; max_width=&#8221;100%&#8221; min_height=&#8221;600px&#8221; min_height_tablet=&#8221;600px&#8221; min_height_phone=&#8221;600px&#8221; min_height_last_edited=&#8221;on|phone&#8221; height=&#8221;600px&#8221; height_tablet=&#8221;600px&#8221; height_phone=&#8221;600px&#8221; height_last_edited=&#8221;on|phone&#8221; max_height=&#8221;600px&#8221; custom_margin=&#8221;0px||0px||false|false&#8221; custom_margin_tablet=&#8221;0px||0px||false|false&#8221; custom_margin_phone=&#8221;||0px||false|false&#8221; custom_margin_last_edited=&#8221;on|phone&#8221; custom_padding=&#8221;0px||0px||true|false&#8221; custom_padding_tablet=&#8221;10%||10%||true|false&#8221; custom_padding_phone=&#8221;20%||20%||true|false&#8221; bottom_divider_color=&#8221;#3FA3D6&#8243; bottom_divider_repeat=&#8221;1x&#8221; bottom_divider_flip=&#8221;horizontal&#8221; locked=&#8221;off&#8221; global_colors_info=&#8221;{}&#8221;][et_pb_row _builder_version=&#8221;4.21.0&#8243; _module_preset=&#8221;default&#8221; global_colors_info=&#8221;{}&#8221;][et_pb_column type=&#8221;4_4&#8243; _builder_version=&#8221;4.21.0&#8243; _module_preset=&#8221;default&#8221; global_colors_info=&#8221;{}&#8221;][\/et_pb_column][\/et_pb_row][\/et_pb_section][et_pb_section fb_built=&#8221;1&#8243; custom_padding_last_edited=&#8221;on|phone&#8221; _builder_version=&#8221;4.21.0&#8243; _module_preset=&#8221;default&#8221; custom_margin=&#8221;||||false|false&#8221; custom_padding=&#8221;||3%||false|false&#8221; custom_padding_tablet=&#8221;||4%||false|false&#8221; custom_padding_phone=&#8221;||20%||false|false&#8221; top_divider_style=&#8221;ramp&#8221; top_divider_color=&#8221;#3FA3D6&#8243; top_divider_height=&#8221;150px&#8221; top_divider_repeat=&#8221;1x&#8221; top_divider_flip=&#8221;horizontal&#8221; bottom_divider_style=&#8221;ramp&#8221; bottom_divider_color=&#8221;#FFB300&#8243; bottom_divider_height=&#8221;150px&#8221; bottom_divider_repeat=&#8221;1x&#8221; bottom_divider_flip=&#8221;horizontal&#8221; locked=&#8221;off&#8221; global_colors_info=&#8221;{}&#8221;][et_pb_row _builder_version=&#8221;4.21.0&#8243; _module_preset=&#8221;default&#8221; custom_margin=&#8221;0px||0px||false|false&#8221; custom_margin_tablet=&#8221;0px||0px||false|false&#8221; custom_margin_phone=&#8221;-5%||||false|false&#8221; custom_margin_last_edited=&#8221;on|phone&#8221; custom_padding=&#8221;0px||0px||false|false&#8221; global_colors_info=&#8221;{}&#8221;][et_pb_column type=&#8221;4_4&#8243; _builder_version=&#8221;4.21.0&#8243; _module_preset=&#8221;default&#8221; global_colors_info=&#8221;{}&#8221;][et_pb_text _builder_version=&#8221;4.27.4&#8243; _module_preset=&#8221;default&#8221; header_font=&#8221;|600|||||||&#8221; header_text_align=&#8221;center&#8221; header_text_color=&#8221;#FFFFFF&#8221; header_font_size=&#8221;40px&#8221; custom_margin=&#8221;||3%||false|false&#8221; custom_margin_tablet=&#8221;||0px||false|false&#8221; custom_margin_phone=&#8221;||||false|false&#8221; custom_margin_last_edited=&#8221;on|phone&#8221; custom_padding=&#8221;||||false|false&#8221; global_colors_info=&#8221;{}&#8221;]<\/p>\n<h1>Em di\u00e1logo com pessoas de convic\u00e7\u00f5es n\u00e3o religiosas<\/h1>\n<p>[\/et_pb_text][\/et_pb_column][\/et_pb_row][\/et_pb_section][et_pb_section fb_built=&#8221;1&#8243; _builder_version=&#8221;4.20.2&#8243; _module_preset=&#8221;default&#8221; global_colors_info=&#8221;{}&#8221;][et_pb_row column_structure=&#8221;1_4,1_2,1_4&#8243; use_custom_gutter=&#8221;on&#8221; _builder_version=&#8221;4.20.2&#8243; _module_preset=&#8221;default&#8221; max_width=&#8221;80%&#8221; global_colors_info=&#8221;{}&#8221;][et_pb_column type=&#8221;1_4&#8243; _builder_version=&#8221;4.20.2&#8243; _module_preset=&#8221;default&#8221; global_colors_info=&#8221;{}&#8221;][et_pb_text _builder_version=&#8221;4.27.4&#8243; _module_preset=&#8221;default&#8221; text_font_size=&#8221;20px&#8221; text_line_height=&#8221;1.4em&#8221; global_colors_info=&#8221;{}&#8221;]<\/p>\n<p><span style=\"color: #ff9900;\"><strong>\u201cUnir as nossas for\u00e7as, as de quem n\u00e3o est\u00e1 particularmente interessado na f\u00e9 e as de quem cr\u00ea, porque \u00e9 por demais belo\/maravilhoso demais e necess\u00e1rio o ideal de uma humanidade livre e igualit\u00e1ria, irmanada pelo respeito e pelo amor m\u00fatuo\u201d.<\/strong><\/span><\/p>\n<p style=\"text-align: right;\"><em><span style=\"color: #ff9900;\"><strong>Chiara Lubich<\/strong><\/span><\/em><\/p>\n<p>&nbsp;<\/p>\n<p>[\/et_pb_text][et_pb_divider _builder_version=&#8221;4.27.4&#8243; _module_preset=&#8221;default&#8221; custom_margin=&#8221;-20px||||false|false&#8221; global_colors_info=&#8221;{}&#8221;][\/et_pb_divider][et_pb_image src=&#8221;https:\/\/www.focolare.org\/wp-content\/uploads\/2025\/11\/quarto-dialogo_02.jpg&#8221; title_text=&#8221;quarto dialogo_02&#8243; _builder_version=&#8221;4.27.4&#8243; _module_preset=&#8221;default&#8221; custom_margin=&#8221;150px||||false|false&#8221; global_colors_info=&#8221;{}&#8221;][\/et_pb_image][et_pb_text _builder_version=&#8221;4.27.5&#8243; _module_preset=&#8221;default&#8221; text_font_size=&#8221;14px&#8221; custom_margin=&#8221;-25px||10px||false|false&#8221; global_colors_info=&#8221;{}&#8221;]<\/p>\n<p><strong><em>Chiara Lubich em di\u00e1logo com pessoas sem convic\u00e7\u00e3o religiosa. Abaixo: em Loppiano, It\u00e1lia, em 2015 <\/em><\/strong><\/p>\n<p>[\/et_pb_text][et_pb_image src=&#8221;https:\/\/www.focolare.org\/wp-content\/uploads\/2025\/11\/Quarto-dialogo4-scaled.jpg&#8221; title_text=&#8221;Quarto-dialogo4&#8243; _builder_version=&#8221;4.27.4&#8243; _module_preset=&#8221;default&#8221; global_colors_info=&#8221;{}&#8221;][\/et_pb_image][\/et_pb_column][et_pb_column type=&#8221;1_2&#8243; _builder_version=&#8221;4.20.2&#8243; _module_preset=&#8221;default&#8221; global_colors_info=&#8221;{}&#8221;][et_pb_text _builder_version=&#8221;4.27.4&#8243; _module_preset=&#8221;default&#8221; custom_padding=&#8221;3px||50px||false|false&#8221; global_colors_info=&#8221;{}&#8221;]<\/p>\n<p><strong>Finalidade<\/strong><\/p>\n<p style=\"text-align: justify;\">A irreligiosidade e a indiferen\u00e7a religiosa est\u00e3o presentes por toda a parte no mundo. Como Movimento dos Focolares, estamos em contato com muitas pessoas que n\u00e3o t\u00eam uma convic\u00e7\u00e3o religiosa, mas vivem segundo a pr\u00f3pria consci\u00eancia, procurando permanecer fi\u00e9is aos grandes valores humanos universais. Com muitos deles, abriu-se um caminho de compreens\u00e3o e profunda estima, que nos leva a trabalharmos juntos pela fraternidade da fam\u00edlia humana. Esse di\u00e1logo se concretiza por meio de discuss\u00f5es sobre temas concretos, iniciativas culturais e sociais e gestos de solidariedade. Torna-se, assim, uma oportunidade de crescimento, tanto individual quanto coletivo, e uma oportunidade de vivenciar concretamente os frutos da fraternidade.    <\/p>\n<p style=\"text-align: justify;\">\u00c9 poss\u00edvel dialogar a partir de posi\u00e7\u00f5es diferentes se, de ambas as partes, existir a consci\u00eancia da pr\u00f3pria identidade, o respeito rec\u00edproco, o esfor\u00e7o constante de se escutar, a fim de entender e para confrontar-se com as raz\u00f5es do outro, com a consci\u00eancia que as convic\u00e7\u00f5es do outro t\u00eam total dignidade, tanto quanto as nossas.<\/p>\n<p style=\"text-align: justify;\">Esse di\u00e1logo nos d\u00e1 a possibilidade de experimentar que a Espiritualidade da Unidade inspira al\u00e9m da pr\u00f3pria filia\u00e7\u00e3o religiosa. \u00c9 justamente nessa espiritualidade, entendida em seu sentido mais amplo, que aqueles que creem e aqueles que n\u00e3o creem se reconhecem e se sentem parte da mesma realidade. <\/p>\n<p style=\"text-align: justify;\"><strong>A hist\u00f3ria <\/strong><\/p>\n<p style=\"text-align: justify;\">No final dos anos 1970, com a difus\u00e3o do Movimento, amadureceu a abertura para com pessoas sem uma f\u00e9 religiosa ou agn\u00f3sticas e indiferentes, a ponto de exprimir-se em um di\u00e1logo com uma fisionomia pr\u00f3pria. Em 1978, nasceu o \u201c<strong>Centro internacional para o di\u00e1logo com pessoas de convic\u00e7\u00f5es n\u00e3o religiosas<\/strong>\u201d, que promove in\u00fameros eventos e encontros internacionais com o objetivo de contribuir, juntos, para a constru\u00e7\u00e3o da fraternidade universal. <\/p>\n<p style=\"text-align: justify;\">Alguns desses encontros contaram com a presen\u00e7a de Chiara Lubich, que respondeu \u00e0s perguntas dos participantes.<\/p>\n<p>[\/et_pb_text][et_pb_video src=&#8221;https:\/\/youtu.be\/fXwElXc_AQ8&#8243; _builder_version=&#8221;4.27.4&#8243; _module_preset=&#8221;default&#8221; width=&#8221;65%&#8221; max_width=&#8221;100%&#8221; module_alignment=&#8221;center&#8221; custom_margin=&#8221;-50px||||false|false&#8221; global_colors_info=&#8221;{}&#8221;][\/et_pb_video][et_pb_text _builder_version=&#8221;4.27.4&#8243; _module_preset=&#8221;default&#8221; border_width_top=&#8221;3px&#8221; border_color_top=&#8221;#3FA3D6&#8243; global_colors_info=&#8221;{}&#8221;]<\/p>\n<p><strong><\/strong><\/p>\n<p><strong>Contatos:<\/strong><\/p>\n<p>Centro para o di\u00e1logo com pessoas de convic\u00e7\u00f5es n\u00e3o religiosas<br \/>Via Frascati, 306 &#8211; Rocca di Papa (Roma \u2013 Italia)<br \/>e-mail: centrodialogo@focolare.org <br \/><a href=\"https:\/\/dialogue4unity.focolare.org\/pt\/\">https:\/\/dialogue4unity.focolare.org\/<\/a><\/p>\n<p>[\/et_pb_text][\/et_pb_column][et_pb_column type=&#8221;1_4&#8243; _builder_version=&#8221;4.20.2&#8243; _module_preset=&#8221;default&#8221; global_colors_info=&#8221;{}&#8221;][et_pb_image src=&#8221;https:\/\/www.focolare.org\/wp-content\/uploads\/2025\/11\/Quarto-dialogo3-scaled.jpg&#8221; title_text=&#8221;Quarto-dialogo3&#8243; _builder_version=&#8221;4.27.4&#8243; _module_preset=&#8221;default&#8221; global_colors_info=&#8221;{}&#8221;][\/et_pb_image][et_pb_text _builder_version=&#8221;4.27.5&#8243; _module_preset=&#8221;default&#8221; text_font_size=&#8221;14px&#8221; custom_margin=&#8221;-25px||10px||false|false&#8221; hover_enabled=&#8221;0&#8243; global_colors_info=&#8221;{}&#8221; sticky_enabled=&#8221;0&#8243;]<\/p>\n<p><strong><em>Encontro com pessoas sem convic\u00e7\u00e3o religiosa em C\u00f3rdoba (Espanha) &#8211; outubro de 2014. Abaixo: Loppiano, It\u00e1lia, 1995, Claretta Dal R\u00ec e participantes do encontro num momento de intervalo. <\/em><\/strong><\/p>\n<p><strong><em><\/em><\/strong><\/p>\n<p>[\/et_pb_text][et_pb_image src=&#8221;https:\/\/www.focolare.org\/wp-content\/uploads\/2025\/11\/1-Quarto-Dialogo.jpg&#8221; title_text=&#8221;1-Quarto Dialogo&#8221; _builder_version=&#8221;4.27.4&#8243; _module_preset=&#8221;default&#8221; global_colors_info=&#8221;{}&#8221;][\/et_pb_image][\/et_pb_column][\/et_pb_row][\/et_pb_section][et_pb_section fb_built=&#8221;1&#8243; _builder_version=&#8221;4.27.4&#8243; _module_preset=&#8221;default&#8221; global_colors_info=&#8221;{}&#8221;][et_pb_row _builder_version=&#8221;4.27.4&#8243; _module_preset=&#8221;default&#8221; global_colors_info=&#8221;{}&#8221;][et_pb_column type=&#8221;4_4&#8243; _builder_version=&#8221;4.27.4&#8243; _module_preset=&#8221;default&#8221; global_colors_info=&#8221;{}&#8221;][difl_postgrid posts_number=&#8221;6&#8243; post_display=&#8221;by_tag&#8221; include_tags=&#8221;4097,827&#8243; show_pagination=&#8221;on&#8221; item_background_bgcolor=&#8221;#EEEEEE&#8221; next_prev_icon=&#8221;set_4&#8243; item_margin=&#8221;||||false|false&#8221; _builder_version=&#8221;4.27.4&#8243; _module_preset=&#8221;default&#8221; pagination_text_color=&#8221;#FFB300&#8243; pagination_font_size=&#8221;14px&#8221; background_color=&#8221;#FFFFFF&#8221; module_alignment=&#8221;left&#8221; border_radii_item_outer=&#8221;on|13px|13px|13px|13px&#8221; box_shadow_style_item_outer=&#8221;preset3&#8243; saved_tabs=&#8221;all&#8221; global_colors_info=&#8221;{}&#8221;][difl_postitem type=&#8221;image&#8221; _builder_version=&#8221;4.27.4&#8243; _module_preset=&#8221;default&#8221; global_colors_info=&#8221;{}&#8221;][\/difl_postitem][difl_postitem type=&#8221;title&#8221; element_padding=&#8221;|3%||3%|false|true&#8221; _builder_version=&#8221;4.27.4&#8243; _module_preset=&#8221;default&#8221; post_font_style_font=&#8221;|600|||||||&#8221; post_font_style_text_color=&#8221;#3FA3D6&#8243; post_font_style_font_size=&#8221;18px&#8221; global_colors_info=&#8221;{}&#8221;][\/difl_postitem][difl_postitem type=&#8221;date&#8221; element_padding=&#8221;|3%||3%|false|true&#8221; _builder_version=&#8221;4.27.4&#8243; _module_preset=&#8221;default&#8221; post_font_style_font=&#8221;|600|||||||&#8221; post_font_style_text_color=&#8221;#FFB300&#8243; global_colors_info=&#8221;{}&#8221;][\/difl_postitem][\/difl_postgrid][\/et_pb_column][\/et_pb_row][\/et_pb_section]<\/p>\n","protected":false},"excerpt":{"rendered":"<p>Em di\u00e1logo com pessoas de convic\u00e7\u00f5es n\u00e3o religiosas\u201cUnir as nossas for\u00e7as, as de quem n\u00e3o est\u00e1 particularmente interessado na f\u00e9 e as de quem cr\u00ea, porque \u00e9 por demais belo\/maravilhoso demais e necess\u00e1rio o ideal de uma humanidade livre e igualit\u00e1ria, irmanada pelo respeito e pelo amor m\u00fatuo\u201d. Chiara Lubich &nbsp;Chiara Lubich em di\u00e1logo com [&hellip;]<\/p>\n","protected":false},"author":34,"featured_media":0,"parent":0,"menu_order":0,"comment_status":"closed","ping_status":"closed","template":"","meta":{"give_campaign_id":0,"_seopress_robots_primary_cat":"","_seopress_titles_title":"","_seopress_titles_desc":"","_seopress_robots_index":"","_et_pb_use_builder":"on","_et_pb_old_content":"","_et_gb_content_width":"","footnotes":""},"difl_page_category":[],"class_list":["post-394127","page","type-page","status-publish","hentry"],"campaignId":"","_links":{"self":[{"href":"https:\/\/www.focolare.org\/pt-pt\/wp-json\/wp\/v2\/pages\/394127","targetHints":{"allow":["GET"]}}],"collection":[{"href":"https:\/\/www.focolare.org\/pt-pt\/wp-json\/wp\/v2\/pages"}],"about":[{"href":"https:\/\/www.focolare.org\/pt-pt\/wp-json\/wp\/v2\/types\/page"}],"author":[{"embeddable":true,"href":"https:\/\/www.focolare.org\/pt-pt\/wp-json\/wp\/v2\/users\/34"}],"replies":[{"embeddable":true,"href":"https:\/\/www.focolare.org\/pt-pt\/wp-json\/wp\/v2\/comments?post=394127"}],"version-history":[{"count":2,"href":"https:\/\/www.focolare.org\/pt-pt\/wp-json\/wp\/v2\/pages\/394127\/revisions"}],"predecessor-version":[{"id":394129,"href":"https:\/\/www.focolare.org\/pt-pt\/wp-json\/wp\/v2\/pages\/394127\/revisions\/394129"}],"wp:attachment":[{"href":"https:\/\/www.focolare.org\/pt-pt\/wp-json\/wp\/v2\/media?parent=394127"}],"wp:term":[{"taxonomy":"difl_page_category","embeddable":true,"href":"https:\/\/www.focolare.org\/pt-pt\/wp-json\/wp\/v2\/difl_page_category?post=394127"}],"curies":[{"name":"wp","href":"https:\/\/api.w.org\/{rel}","templated":true}]}}