{"id":394136,"date":"2025-10-23T16:56:03","date_gmt":"2025-10-23T14:56:03","guid":{"rendered":"https:\/\/www.focolare.org\/dialogo-entre-as-religioes\/"},"modified":"2026-01-19T16:16:22","modified_gmt":"2026-01-19T15:16:22","slug":"dialogo-entre-as-religioes","status":"publish","type":"page","link":"https:\/\/www.focolare.org\/pt-pt\/dialogo-entre-as-religioes\/","title":{"rendered":"Di\u00e1logo entre as religi\u00f5es"},"content":{"rendered":"<p>[et_pb_section fb_built=&#8221;1&#8243; custom_padding_last_edited=&#8221;on|phone&#8221; _builder_version=&#8221;4.27.4&#8243; _module_preset=&#8221;default&#8221; background_enable_color=&#8221;off&#8221; background_image=&#8221;https:\/\/www.focolare.org\/wp-content\/uploads\/2025\/10\/Terzo-dialogo.png&#8221; width=&#8221;100%&#8221; max_width=&#8221;100%&#8221; min_height=&#8221;600px&#8221; min_height_tablet=&#8221;600px&#8221; min_height_phone=&#8221;600px&#8221; min_height_last_edited=&#8221;on|phone&#8221; height=&#8221;600px&#8221; height_tablet=&#8221;600px&#8221; height_phone=&#8221;600px&#8221; height_last_edited=&#8221;on|phone&#8221; max_height=&#8221;600px&#8221; custom_margin=&#8221;0px||0px||false|false&#8221; custom_margin_tablet=&#8221;0px||0px||false|false&#8221; custom_margin_phone=&#8221;||0px||false|false&#8221; custom_margin_last_edited=&#8221;on|phone&#8221; custom_padding=&#8221;0px||0px||true|false&#8221; custom_padding_tablet=&#8221;10%||10%||true|false&#8221; custom_padding_phone=&#8221;20%||20%||true|false&#8221; bottom_divider_color=&#8221;#3FA3D6&#8243; bottom_divider_repeat=&#8221;1x&#8221; bottom_divider_flip=&#8221;horizontal&#8221; locked=&#8221;off&#8221; global_colors_info=&#8221;{}&#8221;][et_pb_row _builder_version=&#8221;4.21.0&#8243; _module_preset=&#8221;default&#8221; global_colors_info=&#8221;{}&#8221;][et_pb_column type=&#8221;4_4&#8243; _builder_version=&#8221;4.21.0&#8243; _module_preset=&#8221;default&#8221; global_colors_info=&#8221;{}&#8221;][\/et_pb_column][\/et_pb_row][\/et_pb_section][et_pb_section fb_built=&#8221;1&#8243; custom_padding_last_edited=&#8221;on|phone&#8221; _builder_version=&#8221;4.21.0&#8243; _module_preset=&#8221;default&#8221; custom_margin=&#8221;||||false|false&#8221; custom_padding=&#8221;||3%||false|false&#8221; custom_padding_tablet=&#8221;||4%||false|false&#8221; custom_padding_phone=&#8221;||20%||false|false&#8221; top_divider_style=&#8221;ramp&#8221; top_divider_color=&#8221;#3FA3D6&#8243; top_divider_height=&#8221;150px&#8221; top_divider_repeat=&#8221;1x&#8221; top_divider_flip=&#8221;horizontal&#8221; bottom_divider_style=&#8221;ramp&#8221; bottom_divider_color=&#8221;#FFB300&#8243; bottom_divider_height=&#8221;150px&#8221; bottom_divider_repeat=&#8221;1x&#8221; bottom_divider_flip=&#8221;horizontal&#8221; locked=&#8221;off&#8221; global_colors_info=&#8221;{}&#8221;][et_pb_row _builder_version=&#8221;4.21.0&#8243; _module_preset=&#8221;default&#8221; custom_margin=&#8221;0px||0px||false|false&#8221; custom_margin_tablet=&#8221;0px||0px||false|false&#8221; custom_margin_phone=&#8221;-5%||||false|false&#8221; custom_margin_last_edited=&#8221;on|phone&#8221; custom_padding=&#8221;0px||0px||false|false&#8221; global_colors_info=&#8221;{}&#8221;][et_pb_column type=&#8221;4_4&#8243; _builder_version=&#8221;4.21.0&#8243; _module_preset=&#8221;default&#8221; global_colors_info=&#8221;{}&#8221;][et_pb_text _builder_version=&#8221;4.27.4&#8243; _module_preset=&#8221;default&#8221; header_font=&#8221;|600|||||||&#8221; header_text_align=&#8221;center&#8221; header_text_color=&#8221;#FFFFFF&#8221; header_font_size=&#8221;40px&#8221; custom_margin=&#8221;||3%||false|false&#8221; custom_margin_tablet=&#8221;||0px||false|false&#8221; custom_margin_phone=&#8221;||||false|false&#8221; custom_margin_last_edited=&#8221;on|phone&#8221; custom_padding=&#8221;||||false|false&#8221; global_colors_info=&#8221;{}&#8221;]<\/p>\n<h1>Di\u00e1logo entre as religi\u00f5es<\/h1>\n<p>[\/et_pb_text][\/et_pb_column][\/et_pb_row][\/et_pb_section][et_pb_section fb_built=&#8221;1&#8243; _builder_version=&#8221;4.20.2&#8243; _module_preset=&#8221;default&#8221; global_colors_info=&#8221;{}&#8221;][et_pb_row column_structure=&#8221;1_4,1_2,1_4&#8243; use_custom_gutter=&#8221;on&#8221; _builder_version=&#8221;4.20.2&#8243; _module_preset=&#8221;default&#8221; max_width=&#8221;80%&#8221; global_colors_info=&#8221;{}&#8221;][et_pb_column type=&#8221;1_4&#8243; _builder_version=&#8221;4.20.2&#8243; _module_preset=&#8221;default&#8221; global_colors_info=&#8221;{}&#8221;][et_pb_text _builder_version=&#8221;4.27.4&#8243; _module_preset=&#8221;default&#8221; text_font_size=&#8221;20px&#8221; text_line_height=&#8221;1.4em&#8221; global_colors_info=&#8221;{}&#8221;]<\/p>\n<p><span style=\"color: #ff9900;\"><strong>O di\u00e1logo inter-religioso no Movimento dos Focolares tem como fundamento a espiritualidade da unidade que o move, em particular a centralidade do amor, que encontra resson\u00e2ncia nas diversas religi\u00f5es. <\/strong><\/span><\/p>\n<p>[\/et_pb_text][et_pb_divider _builder_version=&#8221;4.27.4&#8243; _module_preset=&#8221;default&#8221; custom_margin=&#8221;-20px||||false|false&#8221; global_colors_info=&#8221;{}&#8221;][\/et_pb_divider][et_pb_image src=&#8221;https:\/\/www.focolare.org\/wp-content\/uploads\/2026\/01\/5-Ulissealbum_1-e1768835024679.jpg&#8221; _builder_version=&#8221;4.27.5&#8243; _module_preset=&#8221;default&#8221; title_text=&#8221;5 Ulissealbum_1&#8243; hover_enabled=&#8221;0&#8243; sticky_enabled=&#8221;0&#8243; custom_margin=&#8221;140px||||false|false&#8221;][\/et_pb_image][et_pb_text _builder_version=&#8221;4.27.5&#8243; _module_preset=&#8221;default&#8221; text_font_size=&#8221;14px&#8221; custom_margin=&#8221;-25px||10px||false|false&#8221; hover_enabled=&#8221;0&#8243; global_colors_info=&#8221;{}&#8221; sticky_enabled=&#8221;0&#8243;]<\/p>\n<p><strong><em>Congresso com amigos mu\u00e7ulmanos na Arg\u00e9lia (1993)<\/em><\/strong><\/p>\n<p>[\/et_pb_text][et_pb_image src=&#8221;https:\/\/www.focolare.org\/wp-content\/uploads\/2025\/10\/Judios.png&#8221; title_text=&#8221;Judios&#8221; _builder_version=&#8221;4.27.5&#8243; _module_preset=&#8221;default&#8221; custom_margin=&#8221;||||false|false&#8221; hover_enabled=&#8221;0&#8243; global_colors_info=&#8221;{}&#8221; sticky_enabled=&#8221;0&#8243;][\/et_pb_image][et_pb_text _builder_version=&#8221;4.27.4&#8243; _module_preset=&#8221;default&#8221; text_font_size=&#8221;14px&#8221; custom_margin=&#8221;-25px||10px||false|false&#8221; global_colors_info=&#8221;{}&#8221;]<\/p>\n<p><strong><em>Chiara Lubich com a comunidade judaica em Buenos Aires (1998). Abaixo: com W.D.Mohammad da comunidade mu\u00e7ulmana em Washington (2000) <\/em><\/strong><\/p>\n<p>[\/et_pb_text][et_pb_image src=&#8221;https:\/\/www.focolare.org\/wp-content\/uploads\/2025\/10\/Washington-2000-Chiara-Lubich-con-W.D.Mohammad2.png&#8221; title_text=&#8221;Washington 2000-Chiara Lubich con W.D.Mohammad2&#8243; _builder_version=&#8221;4.27.4&#8243; _module_preset=&#8221;default&#8221; global_colors_info=&#8221;{}&#8221;][\/et_pb_image][\/et_pb_column][et_pb_column type=&#8221;1_2&#8243; _builder_version=&#8221;4.20.2&#8243; _module_preset=&#8221;default&#8221; global_colors_info=&#8221;{}&#8221;][et_pb_text _builder_version=&#8221;4.27.4&#8243; _module_preset=&#8221;default&#8221; custom_padding=&#8221;3px||50px||false|false&#8221; global_colors_info=&#8221;{}&#8221;]<\/p>\n<p style=\"text-align: justify;\">A primeira iniciativa nesse sentido surgiu na d\u00e9cada de 1960, durante um encontro com a tribo Bangwa, na Rep\u00fablica dos Camar\u00f5es, quando Chiara Lubich fez a experi\u00eancia que o amor de Deus abra\u00e7a indistintamente todas as pessoas e intuiu que o Movimento envolveria tamb\u00e9m pessoas de tradi\u00e7\u00f5es n\u00e3o crist\u00e3s. Naquela \u00e9poca, nasceu uma comunidade do Movimento dos Focolares na Arg\u00e9lia, onde v\u00e1rios mu\u00e7ulmanos acolheram o esp\u00edrito do Movimento e se comprometeram a difundi-lo em seus ambientes, dando vida a um testemunho singular de di\u00e1logo que gera relacionamentos de verdadeira fraternidade. <o:p><\/o:p><\/p>\n<p style=\"text-align: justify;\">A atribui\u00e7\u00e3o a Chiara Lubich do Pr\u00eamio Templeton pelo progresso da religi\u00e3o, em 1977, marcou o in\u00edcio oficial do di\u00e1logo inter-religioso no Movimento dos Focolares. Seguiram-se encontros de Chiara com l\u00edderes de v\u00e1rias religi\u00f5es, que abriram novos caminhos de amizade e colabora\u00e7\u00e3o com seus seguidores. <o:p><\/o:p><\/p>\n<p style=\"text-align: justify;\">Com o passar dos anos, por meio do <strong>Centro Internacional para o Di\u00e1logo Inter-religioso<\/strong> e gra\u00e7as ao empenho dos membros do Movimento presentes em muitos pa\u00edses, foram se estabelecendo rela\u00e7\u00f5es profundas com fi\u00e9is de diferentes religi\u00f5es e in\u00fameras institui\u00e7\u00f5es religiosas. Juntos, reconhecem as <span>diferen\u00e7as como um dom e promovem os valores humanos mais profundos<\/span>, em um caminho comum de fraternidade em prol do bem comum e da paz. <\/p>\n<p><o:p><\/o:p><\/p>\n<p style=\"text-align: justify;\">Hoje, milhares de fi\u00e9is \u2014 mu\u00e7ulmanos, judeus, budistas, hindus, seguidores de religi\u00f5es tradicionais, xinto\u00edstas, tao\u00edstas, sikhs e bah\u00e1&#8217;\u00eds \u2014 compartilham, na medida do poss\u00edvel, o esp\u00edrito do Movimento, testemunhando sua perten\u00e7a a uma \u00fanica fam\u00edlia humana no pleno respeito \u00e0 identidade de cada f\u00e9.<o:p><\/o:p><\/p>\n<p style=\"text-align: justify;\">S\u00e3o in\u00fameras as iniciativas e atividades realizadas, como as colabora\u00e7\u00f5es em esferas humanas e sociais, confer\u00eancias, simp\u00f3sios, cursos de forma\u00e7\u00e3o, espa\u00e7os de aprofundamento, partilha de experi\u00eancias espirituais e pesquisa acad\u00eamica. Tudo isso como suporte ao chamado comum \u00e0 fraternidade universal. <o:p><\/o:p><\/p>\n<p>&nbsp;<\/p>\n<p>[\/et_pb_text][et_pb_text _builder_version=&#8221;4.27.4&#8243; _module_preset=&#8221;default&#8221; border_width_top=&#8221;3px&#8221; border_color_top=&#8221;#3FA3D6&#8243; global_colors_info=&#8221;{}&#8221;]<\/p>\n<p><strong><\/strong><\/p>\n<p><strong>Contatos:<\/strong><\/p>\n<p>Centro para o Di\u00e1logo Interreligioso<br \/>Via Frascati, 306 \u2013 00040-Rocca di Papa (Roma)<br \/>Tel. + 39 06794798-348<br \/>E-mail: <a href=\"mailto:inter.rel@focolare.org\">inter.rel@focolare.org<\/a><\/p>\n<p>&nbsp;<\/p>\n<p>[\/et_pb_text][et_pb_image src=&#8221;https:\/\/www.focolare.org\/wp-content\/uploads\/2025\/10\/Castel-Gandolfo-2024-Incontro-Collaboratori-di-varie-Religioni2.png&#8221; title_text=&#8221;Castel Gandolfo 2024-Incontro Collaboratori di varie Religioni2&#8243; _builder_version=&#8221;4.27.4&#8243; _module_preset=&#8221;default&#8221; global_colors_info=&#8221;{}&#8221;][\/et_pb_image][et_pb_text _builder_version=&#8221;4.27.4&#8243; _module_preset=&#8221;default&#8221; custom_margin=&#8221;-30px||||false|false&#8221; global_colors_info=&#8221;{}&#8221;]<\/p>\n<p><strong><em>Castel Gandolfo, 2024: encontro com colaboradores do Movimento dos Focolares de v\u00e1rias religi\u00f5es.<\/em><\/strong><\/p>\n<p>[\/et_pb_text][\/et_pb_column][et_pb_column type=&#8221;1_4&#8243; _builder_version=&#8221;4.20.2&#8243; _module_preset=&#8221;default&#8221; global_colors_info=&#8221;{}&#8221;][et_pb_image src=&#8221;https:\/\/www.focolare.org\/wp-content\/uploads\/2025\/10\/Castel-Gandolfo-2004-Simposio-Buddhista-Cristiano2.png&#8221; title_text=&#8221;Castel Gandolfo 2004 &#8211; Simposio Buddhista Cristiano2&#8243; _builder_version=&#8221;4.27.4&#8243; _module_preset=&#8221;default&#8221; global_colors_info=&#8221;{}&#8221;][\/et_pb_image][et_pb_text _builder_version=&#8221;4.27.4&#8243; _module_preset=&#8221;default&#8221; text_font_size=&#8221;14px&#8221; custom_margin=&#8221;-25px||10px||false|false&#8221; global_colors_info=&#8221;{}&#8221;]<\/p>\n<p><strong><em>Simp\u00f3sio budista-crist\u00e3o realizado em Castelgandolfo em 2004. Abaixo: Chiara Lubich numa foto de grupo com os participantes de um simp\u00f3sio hindu-crist\u00e3o. <\/em><\/strong><\/p>\n<p>[\/et_pb_text][et_pb_image src=&#8221;https:\/\/www.focolare.org\/wp-content\/uploads\/2025\/11\/Simposi-indu.png&#8221; title_text=&#8221;Simposi indu&#8221; _builder_version=&#8221;4.27.4&#8243; _module_preset=&#8221;default&#8221; global_colors_info=&#8221;{}&#8221;][\/et_pb_image][et_pb_video src=&#8221;https:\/\/youtu.be\/S6gIhLr6G5k&#8221; _builder_version=&#8221;4.27.4&#8243; _module_preset=&#8221;default&#8221; global_colors_info=&#8221;{}&#8221;][\/et_pb_video][\/et_pb_column][\/et_pb_row][\/et_pb_section][et_pb_section fb_built=&#8221;1&#8243; _builder_version=&#8221;4.27.4&#8243; _module_preset=&#8221;default&#8221; global_colors_info=&#8221;{}&#8221;][et_pb_row _builder_version=&#8221;4.27.4&#8243; _module_preset=&#8221;default&#8221; global_colors_info=&#8221;{}&#8221;][et_pb_column type=&#8221;4_4&#8243; _builder_version=&#8221;4.27.4&#8243; _module_preset=&#8221;default&#8221; global_colors_info=&#8221;{}&#8221;][difl_postgrid posts_number=&#8221;6&#8243; post_display=&#8221;by_tag&#8221; include_tags=&#8221;4096&#8243; show_pagination=&#8221;on&#8221; item_background_bgcolor=&#8221;#EEEEEE&#8221; next_prev_icon=&#8221;set_4&#8243; item_margin=&#8221;||||false|false&#8221; _builder_version=&#8221;4.27.4&#8243; _module_preset=&#8221;default&#8221; pagination_text_color=&#8221;#FFB300&#8243; pagination_font_size=&#8221;14px&#8221; background_color=&#8221;#FFFFFF&#8221; module_alignment=&#8221;left&#8221; border_radii_item_outer=&#8221;on|13px|13px|13px|13px&#8221; box_shadow_style_item_outer=&#8221;preset3&#8243; saved_tabs=&#8221;all&#8221; global_colors_info=&#8221;{}&#8221;][difl_postitem type=&#8221;image&#8221; _builder_version=&#8221;4.27.4&#8243; _module_preset=&#8221;default&#8221; global_colors_info=&#8221;{}&#8221;][\/difl_postitem][difl_postitem type=&#8221;title&#8221; element_padding=&#8221;|3%||3%|false|true&#8221; _builder_version=&#8221;4.27.4&#8243; _module_preset=&#8221;default&#8221; post_font_style_font=&#8221;|600|||||||&#8221; post_font_style_text_color=&#8221;#3FA3D6&#8243; post_font_style_font_size=&#8221;18px&#8221; global_colors_info=&#8221;{}&#8221;][\/difl_postitem][difl_postitem type=&#8221;date&#8221; element_padding=&#8221;|3%||3%|false|true&#8221; _builder_version=&#8221;4.27.4&#8243; _module_preset=&#8221;default&#8221; post_font_style_font=&#8221;|600|||||||&#8221; post_font_style_text_color=&#8221;#FFB300&#8243; global_colors_info=&#8221;{}&#8221;][\/difl_postitem][\/difl_postgrid][\/et_pb_column][\/et_pb_row][\/et_pb_section]<\/p>\n","protected":false},"excerpt":{"rendered":"<p>Di\u00e1logo entre as religi\u00f5esO di\u00e1logo inter-religioso no Movimento dos Focolares tem como fundamento a espiritualidade da unidade que o move, em particular a centralidade do amor, que encontra resson\u00e2ncia nas diversas religi\u00f5es. Congresso com amigos mu\u00e7ulmanos na Arg\u00e9lia (1993)Chiara Lubich com a comunidade judaica em Buenos Aires (1998). Abaixo: com W.D.Mohammad da comunidade mu\u00e7ulmana em [&hellip;]<\/p>\n","protected":false},"author":34,"featured_media":0,"parent":0,"menu_order":0,"comment_status":"closed","ping_status":"closed","template":"","meta":{"give_campaign_id":0,"_seopress_robots_primary_cat":"","_seopress_titles_title":"","_seopress_titles_desc":"","_seopress_robots_index":"","_et_pb_use_builder":"on","_et_pb_old_content":"","_et_gb_content_width":"","footnotes":""},"difl_page_category":[],"class_list":["post-394136","page","type-page","status-publish","hentry"],"campaignId":"","_links":{"self":[{"href":"https:\/\/www.focolare.org\/pt-pt\/wp-json\/wp\/v2\/pages\/394136","targetHints":{"allow":["GET"]}}],"collection":[{"href":"https:\/\/www.focolare.org\/pt-pt\/wp-json\/wp\/v2\/pages"}],"about":[{"href":"https:\/\/www.focolare.org\/pt-pt\/wp-json\/wp\/v2\/types\/page"}],"author":[{"embeddable":true,"href":"https:\/\/www.focolare.org\/pt-pt\/wp-json\/wp\/v2\/users\/34"}],"replies":[{"embeddable":true,"href":"https:\/\/www.focolare.org\/pt-pt\/wp-json\/wp\/v2\/comments?post=394136"}],"version-history":[{"count":4,"href":"https:\/\/www.focolare.org\/pt-pt\/wp-json\/wp\/v2\/pages\/394136\/revisions"}],"predecessor-version":[{"id":394290,"href":"https:\/\/www.focolare.org\/pt-pt\/wp-json\/wp\/v2\/pages\/394136\/revisions\/394290"}],"wp:attachment":[{"href":"https:\/\/www.focolare.org\/pt-pt\/wp-json\/wp\/v2\/media?parent=394136"}],"wp:term":[{"taxonomy":"difl_page_category","embeddable":true,"href":"https:\/\/www.focolare.org\/pt-pt\/wp-json\/wp\/v2\/difl_page_category?post=394136"}],"curies":[{"name":"wp","href":"https:\/\/api.w.org\/{rel}","templated":true}]}}