{"id":394204,"date":"2026-01-17T16:25:14","date_gmt":"2026-01-17T15:25:14","guid":{"rendered":"https:\/\/www.focolare.org\/?page_id=394204"},"modified":"2026-01-23T13:03:28","modified_gmt":"2026-01-23T12:03:28","slug":"em-dialogo","status":"publish","type":"page","link":"https:\/\/www.focolare.org\/pt-pt\/em-dialogo\/","title":{"rendered":"Em Di\u00e1logo"},"content":{"rendered":"<p>[et_pb_section fb_built=&#8221;1&#8243; custom_padding_last_edited=&#8221;on|phone&#8221; _builder_version=&#8221;4.27.4&#8243; _module_preset=&#8221;default&#8221; background_enable_color=&#8221;off&#8221; background_image=&#8221;https:\/\/www.focolare.org\/wp-content\/uploads\/2023\/09\/In_Dialogo.jpg&#8221; width=&#8221;100%&#8221; max_width=&#8221;100%&#8221; min_height_tablet=&#8221;600px&#8221; min_height_phone=&#8221;600px&#8221; min_height_last_edited=&#8221;on|phone&#8221; height_tablet=&#8221;600px&#8221; height_phone=&#8221;600px&#8221; height_last_edited=&#8221;on|phone&#8221; custom_margin=&#8221;0px||0px||false|false&#8221; custom_margin_tablet=&#8221;0px||0px||false|false&#8221; custom_margin_phone=&#8221;||0px||false|false&#8221; custom_margin_last_edited=&#8221;on|phone&#8221; custom_padding=&#8221;15%||15%||true|false&#8221; custom_padding_tablet=&#8221;10%||10%||true|false&#8221; custom_padding_phone=&#8221;20%||20%||true|false&#8221; bottom_divider_color=&#8221;#3FA3D6&#8243; bottom_divider_repeat=&#8221;1x&#8221; bottom_divider_flip=&#8221;horizontal&#8221; locked=&#8221;off&#8221; global_colors_info=&#8221;{}&#8221;][\/et_pb_section][et_pb_section fb_built=&#8221;1&#8243; custom_padding_last_edited=&#8221;on|phone&#8221; _builder_version=&#8221;4.21.0&#8243; _module_preset=&#8221;default&#8221; custom_margin=&#8221;||||false|false&#8221; custom_padding=&#8221;||3%||false|false&#8221; custom_padding_tablet=&#8221;||4%||false|false&#8221; custom_padding_phone=&#8221;||20%||false|false&#8221; top_divider_style=&#8221;ramp&#8221; top_divider_color=&#8221;#3FA3D6&#8243; top_divider_height=&#8221;150px&#8221; top_divider_repeat=&#8221;1x&#8221; top_divider_flip=&#8221;horizontal&#8221; bottom_divider_style=&#8221;ramp&#8221; bottom_divider_color=&#8221;#FFB300&#8243; bottom_divider_height=&#8221;150px&#8221; bottom_divider_repeat=&#8221;1x&#8221; bottom_divider_flip=&#8221;horizontal&#8221; locked=&#8221;off&#8221; global_colors_info=&#8221;{}&#8221;][et_pb_row _builder_version=&#8221;4.21.0&#8243; _module_preset=&#8221;default&#8221; custom_margin=&#8221;0px||0px||false|false&#8221; custom_margin_tablet=&#8221;0px||0px||false|false&#8221; custom_margin_phone=&#8221;-5%||||false|false&#8221; custom_margin_last_edited=&#8221;on|phone&#8221; custom_padding=&#8221;0px||0px||false|false&#8221; global_colors_info=&#8221;{}&#8221;][et_pb_column type=&#8221;4_4&#8243; _builder_version=&#8221;4.21.0&#8243; _module_preset=&#8221;default&#8221; global_colors_info=&#8221;{}&#8221;][et_pb_text _builder_version=&#8221;4.22.2&#8243; _module_preset=&#8221;default&#8221; header_font=&#8221;|600|||||||&#8221; header_text_align=&#8221;center&#8221; header_text_color=&#8221;#FFFFFF&#8221; header_font_size=&#8221;40px&#8221; custom_margin=&#8221;||3%||false|false&#8221; custom_margin_tablet=&#8221;||0px||false|false&#8221; custom_margin_phone=&#8221;||||false|false&#8221; custom_margin_last_edited=&#8221;on|phone&#8221; custom_padding=&#8221;||||false|false&#8221; global_colors_info=&#8221;{}&#8221;]<\/p>\n<h1>Em Di\u00e1logo<\/h1>\n<p>[\/et_pb_text][\/et_pb_column][\/et_pb_row][\/et_pb_section][et_pb_section fb_built=&#8221;1&#8243; _builder_version=&#8221;4.27.5&#8243; _module_preset=&#8221;default&#8221; global_colors_info=&#8221;{}&#8221;][et_pb_row column_structure=&#8221;1_5,3_5,1_5&#8243; _builder_version=&#8221;4.27.5&#8243; _module_preset=&#8221;default&#8221; global_colors_info=&#8221;{}&#8221;][et_pb_column type=&#8221;1_5&#8243; _builder_version=&#8221;4.27.5&#8243; _module_preset=&#8221;default&#8221; global_colors_info=&#8221;{}&#8221;][\/et_pb_column][et_pb_column type=&#8221;3_5&#8243; _builder_version=&#8221;4.27.5&#8243; _module_preset=&#8221;default&#8221; global_colors_info=&#8221;{}&#8221;][et_pb_text _builder_version=&#8221;4.27.5&#8243; _module_preset=&#8221;default&#8221; text_font_size=&#8221;14px&#8221; header_font_size=&#8221;31px&#8221; global_colors_info=&#8221;{}&#8221;]<\/p>\n<h3 style=\"text-align: center;\"><\/h3>\n<p><strong><\/strong><\/p>\n<h3 style=\"text-align: center;\"><strong><em>O nosso di\u00e1logo<\/em><\/strong><\/h3>\n<h3 style=\"text-align: center;\"><strong><em>\u00e9 o di\u00e1logo da vida,<\/em><\/strong><\/h3>\n<h3 style=\"text-align: center;\"><strong><em>o di\u00e1logo de povo<\/em><\/strong><\/h3>\n<h3 style=\"text-align: center;\"><strong><em>do qual todos podem participar.<\/em><\/strong><\/h3>\n<p><strong><em><\/em><\/strong><\/p>\n<p style=\"text-align: center;\"><em>Chiara Lubich, Encontro Ecum\u00eanico de Bispos amigos do Movimento dos Focolares,<br \/>Rocca di Papa, 26 de novembro de 2003.<\/em><\/p>\n<p>[\/et_pb_text][\/et_pb_column][et_pb_column type=&#8221;1_5&#8243; _builder_version=&#8221;4.27.5&#8243; _module_preset=&#8221;default&#8221; global_colors_info=&#8221;{}&#8221;][\/et_pb_column][\/et_pb_row][\/et_pb_section][et_pb_section fb_built=&#8221;1&#8243; _builder_version=&#8221;4.27.5&#8243; _module_preset=&#8221;default&#8221; background_color=&#8221;#FFB300&#8243; global_colors_info=&#8221;{}&#8221;][et_pb_row column_structure=&#8221;1_2,1_2&#8243; use_custom_gutter=&#8221;on&#8221; _builder_version=&#8221;4.20.2&#8243; _module_preset=&#8221;default&#8221; max_width=&#8221;80%&#8221; global_colors_info=&#8221;{}&#8221;][et_pb_column type=&#8221;1_2&#8243; _builder_version=&#8221;4.20.2&#8243; _module_preset=&#8221;default&#8221; global_colors_info=&#8221;{}&#8221;][et_pb_text _builder_version=&#8221;4.27.5&#8243; _module_preset=&#8221;default&#8221; custom_margin=&#8221;270px||||false|false&#8221; global_colors_info=&#8221;{}&#8221;]<\/p>\n<div class=\"wpb_column vc_column_container vc_col-sm-6\">\n<div class=\"vc_column-inner vc_custom_1540124150842\">\n<div class=\"wpb_wrapper\">\n<p><em>Nessa mensagem em v\u00eddeo preparada para um encontro do SERMIG (Servi\u00e7o Mission\u00e1rio Juvenil), gravada por Chiara Lubich em 21 de janeiro de 2004, ela apresenta os di\u00e1logos que s\u00e3o vividos no Movimento, segundo as indica\u00e7\u00f5es do Conc\u00edlio Vaticano II. Foi a \u00faltima vez que a fundadora do Movimento dos Focolares falou sobre isso. Nesse discurso, ela se refere apenas aos quatro di\u00e1logos; o quinto, aquele que se estabelece com as diversas esferas da cultura contempor\u00e2nea, ainda estava se desenvolvendo no Movimento. As atividades associadas a esse di\u00e1logo eram chamadas de \u201cinunda\u00e7\u00f5es\u201d, mas hoje s\u00e3o consideradas como quinto di\u00e1logo.   <\/em><\/p>\n<\/div>\n<\/div>\n<\/div>\n<p>[\/et_pb_text][\/et_pb_column][et_pb_column type=&#8221;1_2&#8243; _builder_version=&#8221;4.20.2&#8243; _module_preset=&#8221;default&#8221; global_colors_info=&#8221;{}&#8221;][et_pb_video src=&#8221;https:\/\/youtu.be\/McLPpb3S5JQ&#8221; _builder_version=&#8221;4.27.5&#8243; _module_preset=&#8221;default&#8221; hover_enabled=&#8221;0&#8243; border_radii=&#8221;on|7px|7px|7px|7px&#8221; global_colors_info=&#8221;{}&#8221; sticky_enabled=&#8221;0&#8243;][\/et_pb_video][\/et_pb_column][\/et_pb_row][\/et_pb_section][et_pb_section fb_built=&#8221;1&#8243; module_id=&#8221;incomunione&#8221; _builder_version=&#8221;4.20.2&#8243; _module_preset=&#8221;default&#8221; global_colors_info=&#8221;{}&#8221;][et_pb_row column_structure=&#8221;1_4,1_2,1_4&#8243; _builder_version=&#8221;4.27.5&#8243; _module_preset=&#8221;default&#8221; global_colors_info=&#8221;{}&#8221;][et_pb_column type=&#8221;1_4&#8243; _builder_version=&#8221;4.27.5&#8243; _module_preset=&#8221;default&#8221; global_colors_info=&#8221;{}&#8221;][\/et_pb_column][et_pb_column type=&#8221;1_2&#8243; _builder_version=&#8221;4.27.5&#8243; _module_preset=&#8221;default&#8221; global_colors_info=&#8221;{}&#8221;][et_pb_text _builder_version=&#8221;4.27.5&#8243; _module_preset=&#8221;default&#8221; global_colors_info=&#8221;{}&#8221;]<\/p>\n<p>Desde o in\u00edcio, o di\u00e1logo \u00e9 uma das caracter\u00edsticas do estilo de vida que nasce do Carisma da Unidade. \u00c9 visto como o caminho privilegiado para alcan\u00e7ar o seu objetivo \u2013 a unidade \u2013 e para alcan\u00e7ar a paz entre os indiv\u00edduos e os povos. <\/p>\n<p>\u00c9 um di\u00e1logo que nasce da vida e est\u00e1 comprometido em contribuir para:<\/p>\n<ul>\n<li>Uma unidade cada vez mais profunda entre os <strong>fi\u00e9is cat\u00f3licos<\/strong>, bem como entre institui\u00e7\u00f5es eclesi\u00e1sticas, associa\u00e7\u00f5es, grupos e movimentos, nascidos de carismas novos e antigos dentro da Igreja cat\u00f3lica.<\/li>\n<\/ul>\n<p>[\/et_pb_text][et_pb_image src=&#8221;https:\/\/www.focolare.org\/wp-content\/uploads\/2026\/01\/Chiesa-comunione-PT.jpg&#8221; title_text=&#8221;Chiesa-comunione&#8211;IT&#8221; url=&#8221;https:\/\/www.focolare.org\/pt-pt\/igreja-comunhao\/&#8221; _builder_version=&#8221;4.27.5&#8243; _module_preset=&#8221;default&#8221; hover_enabled=&#8221;0&#8243; global_colors_info=&#8221;{}&#8221; sticky_enabled=&#8221;0&#8243;][\/et_pb_image][et_pb_text _builder_version=&#8221;4.27.5&#8243; _module_preset=&#8221;default&#8221; global_colors_info=&#8221;{}&#8221;]<\/p>\n<ul>\n<li>Relacionamentos de comunh\u00e3o fraterna e de testemunho comum de unidade entre crist\u00e3os pertencentes \u00e0s <strong>diversas Igrejas e Comunidades eclesiais<\/strong>.<\/li>\n<\/ul>\n<p>[\/et_pb_text][et_pb_image src=&#8221;https:\/\/www.focolare.org\/wp-content\/uploads\/2026\/01\/Cristiani-in-comunione-PT.jpg&#8221; title_text=&#8221;Cristiani in comunione&#8211;IT&#8221; url=&#8221;https:\/\/www.focolare.org\/pt-pt\/cristaos-em-comunhao\/&#8221; _builder_version=&#8221;4.27.5&#8243; _module_preset=&#8221;default&#8221; hover_enabled=&#8221;0&#8243; global_colors_info=&#8221;{}&#8221; sticky_enabled=&#8221;0&#8243;][\/et_pb_image][et_pb_text _builder_version=&#8221;4.27.5&#8243; _module_preset=&#8221;default&#8221; global_colors_info=&#8221;{}&#8221;]<\/p>\n<ul>\n<li>V\u00ednculos de fraternidade e atividades de interesse comum com pessoas de <strong>diversas religi\u00f5es<\/strong> por meio da atua\u00e7\u00e3o comum da \u201cRegra de ouro.<\/li>\n<\/ul>\n<p>[\/et_pb_text][et_pb_image src=&#8221;https:\/\/www.focolare.org\/wp-content\/uploads\/2026\/01\/In-dialogo-tra-le-religioni-PT.jpg&#8221; title_text=&#8221;In dialogo tra le religioni-IT&#8221; url=&#8221;https:\/\/www.focolare.org\/pt-pt\/dialogo-entre-as-religioes\/&#8221; _builder_version=&#8221;4.27.5&#8243; _module_preset=&#8221;default&#8221; hover_enabled=&#8221;0&#8243; global_colors_info=&#8221;{}&#8221; sticky_enabled=&#8221;0&#8243;][\/et_pb_image][et_pb_text _builder_version=&#8221;4.27.5&#8243; _module_preset=&#8221;default&#8221; locked=&#8221;off&#8221; global_colors_info=&#8221;{}&#8221;]<\/p>\n<ul>\n<li>cCom base em grandes valores universais partilhados, estabelecem-se rela\u00e7\u00f5es profundas com <strong>pessoas sem convic\u00e7\u00f5es religiosas<\/strong> e, juntos, realizam-se atividades e a\u00e7\u00f5es concretas no compromisso comum pela fraternidade da fam\u00edlia humana.<\/li>\n<\/ul>\n<p>[\/et_pb_text][et_pb_image src=&#8221;https:\/\/www.focolare.org\/wp-content\/uploads\/2026\/01\/En-dialogo-con-personas-de-convicciones-no-religiosas-PT.jpg&#8221; title_text=&#8221;En dialogo con personas de convicciones no religiosas-IT&#8221; url=&#8221;https:\/\/www.focolare.org\/pt-pt\/em-dialogo-com-pessoas-de-conviccoes-nao-religiosas\/&#8221; _builder_version=&#8221;4.27.5&#8243; _module_preset=&#8221;default&#8221; hover_enabled=&#8221;0&#8243; global_colors_info=&#8221;{}&#8221; sticky_enabled=&#8221;0&#8243;][\/et_pb_image][et_pb_text _builder_version=&#8221;4.27.5&#8243; _module_preset=&#8221;default&#8221; locked=&#8221;off&#8221; global_colors_info=&#8221;{}&#8221;]<\/p>\n<ul>\n<li>Novos aprofundamentos e estudos na colabora\u00e7\u00e3o com especialistas e diversos campos da <strong>cultura contempor\u00e2nea<\/strong>.<\/li>\n<\/ul>\n<p>[\/et_pb_text][et_pb_image src=&#8221;https:\/\/www.focolare.org\/wp-content\/uploads\/2026\/01\/In-dialogo-con-la-cultura-PT.jpg&#8221; title_text=&#8221;In dialogo con la cultura-IT&#8221; url=&#8221;https:\/\/www.focolare.org\/pt-pt\/em-dialogo-com-a-cultura-contemporanea\/&#8221; _builder_version=&#8221;4.27.5&#8243; _module_preset=&#8221;default&#8221; hover_enabled=&#8221;0&#8243; global_colors_info=&#8221;{}&#8221; sticky_enabled=&#8221;0&#8243;][\/et_pb_image][\/et_pb_column][et_pb_column type=&#8221;1_4&#8243; _builder_version=&#8221;4.27.5&#8243; _module_preset=&#8221;default&#8221; global_colors_info=&#8221;{}&#8221;][\/et_pb_column][\/et_pb_row][\/et_pb_section]<\/p>\n","protected":false},"excerpt":{"rendered":"<p>Em Di\u00e1logo O nosso di\u00e1logo \u00e9 o di\u00e1logo da vida, o di\u00e1logo de povo do qual todos podem participar. Chiara Lubich, Encontro Ecum\u00eanico de Bispos amigos do Movimento dos Focolares,Rocca di Papa, 26 de novembro de 2003. Nessa mensagem em v\u00eddeo preparada para um encontro do SERMIG (Servi\u00e7o Mission\u00e1rio Juvenil), gravada por Chiara Lubich em [&hellip;]<\/p>\n","protected":false},"author":34,"featured_media":0,"parent":0,"menu_order":0,"comment_status":"closed","ping_status":"closed","template":"","meta":{"give_campaign_id":0,"_seopress_robots_primary_cat":"","_seopress_titles_title":"","_seopress_titles_desc":"","_seopress_robots_index":"","_seopress_analysis_target_kw":"","_et_pb_use_builder":"on","_et_pb_old_content":"","_et_gb_content_width":"","footnotes":""},"difl_page_category":[],"class_list":["post-394204","page","type-page","status-publish","hentry"],"campaignId":"","_links":{"self":[{"href":"https:\/\/www.focolare.org\/pt-pt\/wp-json\/wp\/v2\/pages\/394204","targetHints":{"allow":["GET"]}}],"collection":[{"href":"https:\/\/www.focolare.org\/pt-pt\/wp-json\/wp\/v2\/pages"}],"about":[{"href":"https:\/\/www.focolare.org\/pt-pt\/wp-json\/wp\/v2\/types\/page"}],"author":[{"embeddable":true,"href":"https:\/\/www.focolare.org\/pt-pt\/wp-json\/wp\/v2\/users\/34"}],"replies":[{"embeddable":true,"href":"https:\/\/www.focolare.org\/pt-pt\/wp-json\/wp\/v2\/comments?post=394204"}],"version-history":[{"count":5,"href":"https:\/\/www.focolare.org\/pt-pt\/wp-json\/wp\/v2\/pages\/394204\/revisions"}],"predecessor-version":[{"id":394620,"href":"https:\/\/www.focolare.org\/pt-pt\/wp-json\/wp\/v2\/pages\/394204\/revisions\/394620"}],"wp:attachment":[{"href":"https:\/\/www.focolare.org\/pt-pt\/wp-json\/wp\/v2\/media?parent=394204"}],"wp:term":[{"taxonomy":"difl_page_category","embeddable":true,"href":"https:\/\/www.focolare.org\/pt-pt\/wp-json\/wp\/v2\/difl_page_category?post=394204"}],"curies":[{"name":"wp","href":"https:\/\/api.w.org\/{rel}","templated":true}]}}